{"id":3469,"date":"2024-02-29T14:44:51","date_gmt":"2024-02-29T17:44:51","guid":{"rendered":"https:\/\/atividademapa.com\/?post_type=product&#038;p=3469"},"modified":"2025-03-22T14:54:44","modified_gmt":"2025-03-22T17:54:44","slug":"mapa-teoria-do-direito-51-2024","status":"publish","type":"product","link":"https:\/\/atividademapa.com\/?product=mapa-teoria-do-direito-51-2024","title":{"rendered":"MAPA Teoria do Direito 51\/2024"},"content":{"rendered":"<h1>MAPA Teoria do Direito 51\/2024<\/h1>\n<p>A atividade proposta corresponde ao MAPA Teoria do Direito 51\/2024, Material de Avalia\u00e7\u00e3o Pr\u00e1tica da Aprendizagem.<\/p>\n<p>Um Pa\u00eds na Am\u00e9rica do Sul foi denunciado por viola\u00e7\u00e3o a direitos humanos pelo seu sistema prisional (abandonado e insalubre).<\/p>\n<p>Nelas, as entidades v\u00e3o confrontar representantes do governo deste pais com informa\u00e7\u00f5es sobre tortura, maus tratos e condi\u00e7\u00f5es intoler\u00e1veis de higiene e sa\u00fade, relacionadas ao encarceramento em massa e \u00e0 superlota\u00e7\u00e3o de unidades de priva\u00e7\u00e3o de liberdade de pessoas adultas e tamb\u00e9m de adolescentes.<\/p>\n<p>Os pedidos de audi\u00eancia na CIDH foram apresentados em janeiro de 2017, m\u00eas marcado por diversos conflitos e chacinas em pris\u00f5es em diferentes estados do pa\u00eds, que resultaram em pelo menos 126 mortes. O primeiro pedido, formulado por 10 entidades, solicitou uma audi\u00eancia p\u00fablica sobre a pol\u00edtica de encarceramento em massa neste pa\u00eds, e as condi\u00e7\u00f5es de maus tratos e situa\u00e7\u00f5es de tortura verificadas em diversos est\u00e1gios da acusa\u00e7\u00e3o criminal ou cumprimento de pena<span style=\"color: #333333;\"><a style=\"color: #333333;\" href=\"https:\/\/atividademapa.com\">.<\/a><\/span><\/p>\n<p>Al\u00e9m da superlota\u00e7\u00e3o das pris\u00f5es e dos relatos de tortura e maus tratos, o documento tamb\u00e9m denuncia o uso sistem\u00e1tico das pris\u00f5es provis\u00f3rias no pa\u00eds, que hoje comp\u00f5em mais de 40% do sistema carcer\u00e1rio, e a coniv\u00eancia do Estado com as viola\u00e7\u00f5es de direitos das pessoas presas.<\/p>\n<p>O Pa\u00eds nega as acusa\u00e7\u00f5es, mas n\u00e3o envia a tempo relat\u00f3rio \u2013 embora membro da Corte Interamericana de Direitos Humanos. A organiza\u00e7\u00e3o denunciante leva o caso ao Tribunal Penal Internacional (para responsabilizar os ex-chefes de justi\u00e7a do Pa\u00eds, presidente, ex-presidentes, ex-ministro).<\/p>\n<p>Dispon\u00edvel em: &lt;https:\/\/www.global.org.br\/blog\/brasil-e-denunciado-na-<span style=\"color: #333333;\"><a style=\"color: #333333;\" href=\"https:\/\/www.oas.org\/pt\/cidh\/\">cidh<\/a><\/span>-por-violencia-e-superlotacao-em-presidios-e-no-sistema-socioeducativo\/&gt;. Acesso em: 15 mar. 2022 (adaptado)<\/p>\n<p>Considerando as informa\u00e7\u00f5es do excerto acima, sua tarefa neste MAPA \u00e9 responder os seguintes questionamentos:<\/p>\n<ol>\n<li>A atividade toda jur\u00eddica ocorre no plano do <span style=\"color: #333333;\"><a style=\"color: #333333;\" href=\"https:\/\/eadhelp.com\/produtos\/projeto-de-extensao-iv-direito\/\">direito<\/a><\/span> interno ou externo?<\/li>\n<li>\u00c9 poss\u00edvel a den\u00fancia do Estado agressor junto ao Tribunal Penal Internacional? Sim ou N\u00e3o.<\/li>\n<li>Se a resposta for SIM: qual a primeira provid\u00eancia (sans\u00f5es ou pedido de pris\u00e3o dos chefes agressores)? Se a resposta for N\u00c3O: como viabilizar sans\u00f5es e a inclus\u00e3o do Estado agressor junto ao Tribunal.<\/li>\n<li>Havendo uma a\u00e7\u00e3o no tribunal Penal Internacional: quem constituir\u00e1 a defesa do Estado agressor (mesmo que este se negue a comparecer com representante)?<\/li>\n<li>Em caso de senten\u00e7a condenat\u00f3ria do Estado agressor, quais as penas?<\/li>\n<\/ol>\n<p><span style=\"color: #ffffff;\"><a style=\"color: #ffffff;\" href=\"https:\/\/trabalhosead.com\/projeto-integrado-sintese-o-que-e-saiba-como-fazer\/\">Projeto integrado sintese<\/a><\/span><\/p>\n<p><strong>\u00a0 <\/strong><\/p>\n","protected":false},"excerpt":{"rendered":"<p>MAPA Teoria do Direito 51\/2024 A atividade proposta corresponde ao MAPA Teoria do Direito 51\/2024, Material de Avalia\u00e7\u00e3o Pr\u00e1tica da<\/p>\n","protected":false},"featured_media":2326,"template":"","meta":{"_monsterinsights_skip_tracking":false,"_monsterinsights_sitenote_active":false,"_monsterinsights_sitenote_note":"","_monsterinsights_sitenote_category":0},"product_brand":[],"product_cat":[93,67],"product_tag":[123],"class_list":{"0":"post-3469","1":"product","2":"type-product","3":"status-publish","4":"has-post-thumbnail","6":"product_cat-criminologia","7":"product_cat-cst-investigacao-e-pericia-criminal","8":"product_tag-teoria-do-direito","10":"first","11":"instock","12":"downloadable","13":"virtual","14":"purchasable","15":"product-type-simple"},"yoast_head":"<!-- This site is optimized with the Yoast SEO plugin v27.4 - https:\/\/yoast.com\/product\/yoast-seo-wordpress\/ -->\n<title>MAPA Teoria do Direito 51\/2024<\/title>\n<meta name=\"description\" content=\"Atividade MAPA Teoria do Direito 51\/2024 &#8902; Unicesumar. Baixe agora mesmo um Mapa Pronto resolvido!\" \/>\n<meta name=\"robots\" content=\"index, follow, max-snippet:-1, max-image-preview:large, max-video-preview:-1\" \/>\n<link rel=\"canonical\" href=\"https:\/\/atividademapa.com\/?product=mapa-teoria-do-direito-51-2024\" \/>\n<meta property=\"og:locale\" content=\"pt_BR\" \/>\n<meta property=\"og:type\" content=\"article\" \/>\n<meta property=\"og:title\" content=\"MAPA Teoria do Direito 51\/2024\" \/>\n<meta property=\"og:description\" content=\"Atividade MAPA Teoria do Direito 51\/2024 &#8902; Unicesumar. Baixe agora mesmo um Mapa Pronto resolvido!\" \/>\n<meta property=\"og:url\" content=\"https:\/\/atividademapa.com\/?product=mapa-teoria-do-direito-51-2024\" \/>\n<meta property=\"og:site_name\" content=\"Atividade Mapa\" \/>\n<meta property=\"article:modified_time\" content=\"2025-03-22T17:54:44+00:00\" \/>\n<meta property=\"og:image\" content=\"https:\/\/i0.wp.com\/atividademapa.com\/wp-content\/uploads\/2023\/03\/Atividade-M.A.P.A-3.png?fit=300%2C300&ssl=1\" \/>\n\t<meta property=\"og:image:width\" content=\"300\" \/>\n\t<meta property=\"og:image:height\" content=\"300\" \/>\n\t<meta property=\"og:image:type\" content=\"image\/png\" \/>\n<meta name=\"twitter:card\" content=\"summary_large_image\" \/>\n<meta name=\"twitter:label1\" content=\"Est. tempo de leitura\" \/>\n\t<meta name=\"twitter:data1\" content=\"2 minutos\" \/>\n<script type=\"application\/ld+json\" class=\"yoast-schema-graph\">{\"@context\":\"https:\\\/\\\/schema.org\",\"@graph\":[{\"@type\":\"WebPage\",\"@id\":\"https:\\\/\\\/atividademapa.com\\\/?product=mapa-teoria-do-direito-51-2024\",\"url\":\"https:\\\/\\\/atividademapa.com\\\/?product=mapa-teoria-do-direito-51-2024\",\"name\":\"MAPA Teoria do Direito 51\\\/2024\",\"isPartOf\":{\"@id\":\"https:\\\/\\\/atividademapa.com\\\/#website\"},\"primaryImageOfPage\":{\"@id\":\"https:\\\/\\\/atividademapa.com\\\/?product=mapa-teoria-do-direito-51-2024#primaryimage\"},\"image\":{\"@id\":\"https:\\\/\\\/atividademapa.com\\\/?product=mapa-teoria-do-direito-51-2024#primaryimage\"},\"thumbnailUrl\":\"https:\\\/\\\/i0.wp.com\\\/atividademapa.com\\\/wp-content\\\/uploads\\\/2023\\\/03\\\/Atividade-M.A.P.A-3.png?fit=300%2C300&ssl=1\",\"datePublished\":\"2024-02-29T17:44:51+00:00\",\"dateModified\":\"2025-03-22T17:54:44+00:00\",\"description\":\"Atividade MAPA Teoria do Direito 51\\\/2024 &#8902; Unicesumar. Baixe agora mesmo um Mapa Pronto resolvido!\",\"breadcrumb\":{\"@id\":\"https:\\\/\\\/atividademapa.com\\\/?product=mapa-teoria-do-direito-51-2024#breadcrumb\"},\"inLanguage\":\"pt-BR\",\"potentialAction\":[{\"@type\":\"ReadAction\",\"target\":[\"https:\\\/\\\/atividademapa.com\\\/?product=mapa-teoria-do-direito-51-2024\"]}]},{\"@type\":\"ImageObject\",\"inLanguage\":\"pt-BR\",\"@id\":\"https:\\\/\\\/atividademapa.com\\\/?product=mapa-teoria-do-direito-51-2024#primaryimage\",\"url\":\"https:\\\/\\\/i0.wp.com\\\/atividademapa.com\\\/wp-content\\\/uploads\\\/2023\\\/03\\\/Atividade-M.A.P.A-3.png?fit=300%2C300&ssl=1\",\"contentUrl\":\"https:\\\/\\\/i0.wp.com\\\/atividademapa.com\\\/wp-content\\\/uploads\\\/2023\\\/03\\\/Atividade-M.A.P.A-3.png?fit=300%2C300&ssl=1\",\"width\":300,\"height\":300,\"caption\":\"Mapa Unicesumar Atividade\"},{\"@type\":\"BreadcrumbList\",\"@id\":\"https:\\\/\\\/atividademapa.com\\\/?product=mapa-teoria-do-direito-51-2024#breadcrumb\",\"itemListElement\":[{\"@type\":\"ListItem\",\"position\":1,\"name\":\"In\u00edcio\",\"item\":\"https:\\\/\\\/atividademapa.com\\\/\"},{\"@type\":\"ListItem\",\"position\":2,\"name\":\"MAPAS\",\"item\":\"https:\\\/\\\/atividademapa.com\\\/?page_id=5\"},{\"@type\":\"ListItem\",\"position\":3,\"name\":\"MAPA Teoria do Direito 51\\\/2024\"}]},{\"@type\":\"WebSite\",\"@id\":\"https:\\\/\\\/atividademapa.com\\\/#website\",\"url\":\"https:\\\/\\\/atividademapa.com\\\/\",\"name\":\"Atividade Mapa\",\"description\":\"StudeO | Unicesumar\",\"publisher\":{\"@id\":\"https:\\\/\\\/atividademapa.com\\\/#organization\"},\"potentialAction\":[{\"@type\":\"SearchAction\",\"target\":{\"@type\":\"EntryPoint\",\"urlTemplate\":\"https:\\\/\\\/atividademapa.com\\\/?s={search_term_string}\"},\"query-input\":{\"@type\":\"PropertyValueSpecification\",\"valueRequired\":true,\"valueName\":\"search_term_string\"}}],\"inLanguage\":\"pt-BR\"},{\"@type\":\"Organization\",\"@id\":\"https:\\\/\\\/atividademapa.com\\\/#organization\",\"name\":\"Atividade MAPA\",\"url\":\"https:\\\/\\\/atividademapa.com\\\/\",\"logo\":{\"@type\":\"ImageObject\",\"inLanguage\":\"pt-BR\",\"@id\":\"https:\\\/\\\/atividademapa.com\\\/#\\\/schema\\\/logo\\\/image\\\/\",\"url\":\"https:\\\/\\\/i0.wp.com\\\/atividademapa.com\\\/wp-content\\\/uploads\\\/2023\\\/02\\\/ATIVIDADE.png?fit=600%2C300&ssl=1\",\"contentUrl\":\"https:\\\/\\\/i0.wp.com\\\/atividademapa.com\\\/wp-content\\\/uploads\\\/2023\\\/02\\\/ATIVIDADE.png?fit=600%2C300&ssl=1\",\"width\":600,\"height\":300,\"caption\":\"Atividade MAPA\"},\"image\":{\"@id\":\"https:\\\/\\\/atividademapa.com\\\/#\\\/schema\\\/logo\\\/image\\\/\"}}]}<\/script>\n<!-- \/ Yoast SEO plugin. -->","yoast_head_json":{"title":"MAPA Teoria do Direito 51\/2024","description":"Atividade MAPA Teoria do Direito 51\/2024 &#8902; Unicesumar. Baixe agora mesmo um Mapa Pronto resolvido!","robots":{"index":"index","follow":"follow","max-snippet":"max-snippet:-1","max-image-preview":"max-image-preview:large","max-video-preview":"max-video-preview:-1"},"canonical":"https:\/\/atividademapa.com\/?product=mapa-teoria-do-direito-51-2024","og_locale":"pt_BR","og_type":"article","og_title":"MAPA Teoria do Direito 51\/2024","og_description":"Atividade MAPA Teoria do Direito 51\/2024 &#8902; Unicesumar. Baixe agora mesmo um Mapa Pronto resolvido!","og_url":"https:\/\/atividademapa.com\/?product=mapa-teoria-do-direito-51-2024","og_site_name":"Atividade Mapa","article_modified_time":"2025-03-22T17:54:44+00:00","og_image":[{"width":300,"height":300,"url":"https:\/\/i0.wp.com\/atividademapa.com\/wp-content\/uploads\/2023\/03\/Atividade-M.A.P.A-3.png?fit=300%2C300&ssl=1","type":"image\/png"}],"twitter_card":"summary_large_image","twitter_misc":{"Est. tempo de leitura":"2 minutos"},"schema":{"@context":"https:\/\/schema.org","@graph":[{"@type":"WebPage","@id":"https:\/\/atividademapa.com\/?product=mapa-teoria-do-direito-51-2024","url":"https:\/\/atividademapa.com\/?product=mapa-teoria-do-direito-51-2024","name":"MAPA Teoria do Direito 51\/2024","isPartOf":{"@id":"https:\/\/atividademapa.com\/#website"},"primaryImageOfPage":{"@id":"https:\/\/atividademapa.com\/?product=mapa-teoria-do-direito-51-2024#primaryimage"},"image":{"@id":"https:\/\/atividademapa.com\/?product=mapa-teoria-do-direito-51-2024#primaryimage"},"thumbnailUrl":"https:\/\/i0.wp.com\/atividademapa.com\/wp-content\/uploads\/2023\/03\/Atividade-M.A.P.A-3.png?fit=300%2C300&ssl=1","datePublished":"2024-02-29T17:44:51+00:00","dateModified":"2025-03-22T17:54:44+00:00","description":"Atividade MAPA Teoria do Direito 51\/2024 &#8902; Unicesumar. Baixe agora mesmo um Mapa Pronto resolvido!","breadcrumb":{"@id":"https:\/\/atividademapa.com\/?product=mapa-teoria-do-direito-51-2024#breadcrumb"},"inLanguage":"pt-BR","potentialAction":[{"@type":"ReadAction","target":["https:\/\/atividademapa.com\/?product=mapa-teoria-do-direito-51-2024"]}]},{"@type":"ImageObject","inLanguage":"pt-BR","@id":"https:\/\/atividademapa.com\/?product=mapa-teoria-do-direito-51-2024#primaryimage","url":"https:\/\/i0.wp.com\/atividademapa.com\/wp-content\/uploads\/2023\/03\/Atividade-M.A.P.A-3.png?fit=300%2C300&ssl=1","contentUrl":"https:\/\/i0.wp.com\/atividademapa.com\/wp-content\/uploads\/2023\/03\/Atividade-M.A.P.A-3.png?fit=300%2C300&ssl=1","width":300,"height":300,"caption":"Mapa Unicesumar Atividade"},{"@type":"BreadcrumbList","@id":"https:\/\/atividademapa.com\/?product=mapa-teoria-do-direito-51-2024#breadcrumb","itemListElement":[{"@type":"ListItem","position":1,"name":"In\u00edcio","item":"https:\/\/atividademapa.com\/"},{"@type":"ListItem","position":2,"name":"MAPAS","item":"https:\/\/atividademapa.com\/?page_id=5"},{"@type":"ListItem","position":3,"name":"MAPA Teoria do Direito 51\/2024"}]},{"@type":"WebSite","@id":"https:\/\/atividademapa.com\/#website","url":"https:\/\/atividademapa.com\/","name":"Atividade Mapa","description":"StudeO | Unicesumar","publisher":{"@id":"https:\/\/atividademapa.com\/#organization"},"potentialAction":[{"@type":"SearchAction","target":{"@type":"EntryPoint","urlTemplate":"https:\/\/atividademapa.com\/?s={search_term_string}"},"query-input":{"@type":"PropertyValueSpecification","valueRequired":true,"valueName":"search_term_string"}}],"inLanguage":"pt-BR"},{"@type":"Organization","@id":"https:\/\/atividademapa.com\/#organization","name":"Atividade MAPA","url":"https:\/\/atividademapa.com\/","logo":{"@type":"ImageObject","inLanguage":"pt-BR","@id":"https:\/\/atividademapa.com\/#\/schema\/logo\/image\/","url":"https:\/\/i0.wp.com\/atividademapa.com\/wp-content\/uploads\/2023\/02\/ATIVIDADE.png?fit=600%2C300&ssl=1","contentUrl":"https:\/\/i0.wp.com\/atividademapa.com\/wp-content\/uploads\/2023\/02\/ATIVIDADE.png?fit=600%2C300&ssl=1","width":600,"height":300,"caption":"Atividade MAPA"},"image":{"@id":"https:\/\/atividademapa.com\/#\/schema\/logo\/image\/"}}]}},"_links":{"self":[{"href":"https:\/\/atividademapa.com\/index.php?rest_route=\/wp\/v2\/product\/3469","targetHints":{"allow":["GET"]}}],"collection":[{"href":"https:\/\/atividademapa.com\/index.php?rest_route=\/wp\/v2\/product"}],"about":[{"href":"https:\/\/atividademapa.com\/index.php?rest_route=\/wp\/v2\/types\/product"}],"version-history":[{"count":3,"href":"https:\/\/atividademapa.com\/index.php?rest_route=\/wp\/v2\/product\/3469\/revisions"}],"predecessor-version":[{"id":3530,"href":"https:\/\/atividademapa.com\/index.php?rest_route=\/wp\/v2\/product\/3469\/revisions\/3530"}],"wp:featuredmedia":[{"embeddable":true,"href":"https:\/\/atividademapa.com\/index.php?rest_route=\/wp\/v2\/media\/2326"}],"wp:attachment":[{"href":"https:\/\/atividademapa.com\/index.php?rest_route=%2Fwp%2Fv2%2Fmedia&parent=3469"}],"wp:term":[{"taxonomy":"product_brand","embeddable":true,"href":"https:\/\/atividademapa.com\/index.php?rest_route=%2Fwp%2Fv2%2Fproduct_brand&post=3469"},{"taxonomy":"product_cat","embeddable":true,"href":"https:\/\/atividademapa.com\/index.php?rest_route=%2Fwp%2Fv2%2Fproduct_cat&post=3469"},{"taxonomy":"product_tag","embeddable":true,"href":"https:\/\/atividademapa.com\/index.php?rest_route=%2Fwp%2Fv2%2Fproduct_tag&post=3469"}],"curies":[{"name":"wp","href":"https:\/\/api.w.org\/{rel}","templated":true}]}}