{"id":3498,"date":"2024-03-06T08:28:25","date_gmt":"2024-03-06T11:28:25","guid":{"rendered":"https:\/\/atividademapa.com\/?post_type=product&#038;p=3498"},"modified":"2024-04-15T22:38:49","modified_gmt":"2024-04-16T01:38:49","slug":"atv1-hematologia-clinica-51-2024","status":"publish","type":"product","link":"https:\/\/atividademapa.com\/?product=atv1-hematologia-clinica-51-2024","title":{"rendered":"ATV1 &#8211; Hematologia Cl\u00ednica 51-2024"},"content":{"rendered":"<h1>Atividade de estudo 1 \u2013 HEMATOLOGIA CL\u00cdNICA<\/h1>\n<p>Durante a rotina laboratorial, no setor de hematologia, a investiga\u00e7\u00e3o dos elementos celulares nos esfrega\u00e7os sangu\u00edneos \u00e9 de extrema import\u00e2ncia para a triagem e diagn\u00f3stico do paciente. As altera\u00e7\u00f5es observadas na an\u00e1lise microsc\u00f3pica devem ser confrontadas com os resultados emitidos atrav\u00e9s da automa\u00e7\u00e3o ou an\u00e1lise manual do sangue e, posteriormente, reportadas no laudo do <span style=\"color: #333333;\"><a style=\"color: #333333;\" href=\"https:\/\/delboniauriemo.com.br\/saude\/hemograma#:~:text=Tamb%C3%A9m%20chamado%20de%20hemograma%20completo,atuam%20na%20coagula%C3%A7%C3%A3o%20do%20sangue.\">hemograma<\/a><\/span>. Assim, \u00e9 essencial o conhecimento relacionado \u00e0s caracter\u00edsticas morfol\u00f3gicas voltadas para eritr\u00f3citos, leuc\u00f3citos e plaquetas. Com rela\u00e7\u00e3o \u00e0s caracter\u00edsticas morfol\u00f3gicas das <span style=\"color: #333333;\"><a style=\"color: #333333;\" href=\"https:\/\/atividademapa.com\">c\u00e9lulas sangu\u00edneas<\/a><\/span>,\u00a0<strong>IDENTIFIQUE<\/strong>\u00a0e\u00a0<strong>DESCREVA<\/strong> os achados laboratoriais observados no esfrega\u00e7o e enumerados em cada imagem: Hematologia Cl\u00ednica 51\/2024<\/p>\n<p><img data-recalc-dims=\"1\" loading=\"lazy\" decoding=\"async\" class=\"wp-image-3499 aligncenter\" src=\"https:\/\/i0.wp.com\/atividademapa.com\/wp-content\/uploads\/2024\/03\/Hematologia-Clinica.jpg?resize=440%2C370&#038;ssl=1\" alt=\"Hematologia Clinica 51\/2024\" width=\"440\" height=\"370\" srcset=\"https:\/\/i0.wp.com\/atividademapa.com\/wp-content\/uploads\/2024\/03\/Hematologia-Clinica.jpg?resize=300%2C252&amp;ssl=1 300w, https:\/\/i0.wp.com\/atividademapa.com\/wp-content\/uploads\/2024\/03\/Hematologia-Clinica.jpg?resize=600%2C504&amp;ssl=1 600w, https:\/\/i0.wp.com\/atividademapa.com\/wp-content\/uploads\/2024\/03\/Hematologia-Clinica.jpg?resize=150%2C126&amp;ssl=1 150w, https:\/\/i0.wp.com\/atividademapa.com\/wp-content\/uploads\/2024\/03\/Hematologia-Clinica.jpg?w=612&amp;ssl=1 612w\" sizes=\"auto, (max-width: 440px) 100vw, 440px\" \/><\/p>\n<p><strong>IMAGEM 1.<\/strong><\/p>\n<p>1.<\/p>\n<p>2.<\/p>\n<p>3.<\/p>\n<p><strong>IMAGEM 2.<\/strong><\/p>\n<p>4.<\/p>\n<p>5.<\/p>\n<p>6.<\/p>\n<p>7.<\/p>\n<p>8.<\/p>\n<p>9.<\/p>\n<p>10.<\/p>\n<p><strong>IMAGEM 3.<\/strong><\/p>\n<p>11.<\/p>\n<p>12.<\/p>\n<p>13.<\/p>\n<p><strong>\u00a0<\/strong><strong>IMAGEM 4.<\/strong><\/p>\n<p>14.<\/p>\n<p>15<\/p>\n<p><strong>\u00a0<\/strong><\/p>\n<p><strong>\u00a0<\/strong><\/p>\n<p><strong>\u00a0<\/strong><\/p>\n","protected":false},"excerpt":{"rendered":"<p>Atividade de estudo 1 \u2013 HEMATOLOGIA CL\u00cdNICA Durante a rotina laboratorial, no setor de hematologia, a investiga\u00e7\u00e3o dos elementos celulares<\/p>\n","protected":false},"featured_media":2326,"template":"","meta":{"_monsterinsights_skip_tracking":false,"_monsterinsights_sitenote_active":false,"_monsterinsights_sitenote_note":"","_monsterinsights_sitenote_category":0},"product_brand":[],"product_cat":[31],"product_tag":[],"class_list":{"0":"post-3498","1":"product","2":"type-product","3":"status-publish","4":"has-post-thumbnail","6":"product_cat-farmacia","8":"first","9":"instock","10":"downloadable","11":"virtual","12":"purchasable","13":"product-type-simple"},"yoast_head":"<!-- This site is optimized with the Yoast SEO plugin v27.4 - https:\/\/yoast.com\/product\/yoast-seo-wordpress\/ -->\n<title>ATV1 - Hematologia Cl\u00ednica 51-2024<\/title>\n<meta name=\"description\" content=\"Temos! ATV1 - Hematologia Cl\u00ednica 51-2024 Unicesumar | Atividade MAPA Pronto. Baixe Agora! Atividade de Estudo 1.\" \/>\n<meta name=\"robots\" content=\"index, follow, max-snippet:-1, max-image-preview:large, max-video-preview:-1\" \/>\n<link rel=\"canonical\" href=\"https:\/\/atividademapa.com\/?product=atv1-hematologia-clinica-51-2024\" \/>\n<meta property=\"og:locale\" content=\"pt_BR\" \/>\n<meta property=\"og:type\" content=\"article\" \/>\n<meta property=\"og:title\" content=\"ATV1 - Hematologia Cl\u00ednica 51-2024\" \/>\n<meta property=\"og:description\" content=\"Temos! ATV1 - Hematologia Cl\u00ednica 51-2024 Unicesumar | Atividade MAPA Pronto. Baixe Agora! Atividade de Estudo 1.\" \/>\n<meta property=\"og:url\" content=\"https:\/\/atividademapa.com\/?product=atv1-hematologia-clinica-51-2024\" \/>\n<meta property=\"og:site_name\" content=\"Atividade Mapa\" \/>\n<meta property=\"article:modified_time\" content=\"2024-04-16T01:38:49+00:00\" \/>\n<meta property=\"og:image\" content=\"https:\/\/i0.wp.com\/atividademapa.com\/wp-content\/uploads\/2023\/03\/Atividade-M.A.P.A-3.png?fit=300%2C300&ssl=1\" \/>\n\t<meta property=\"og:image:width\" content=\"300\" \/>\n\t<meta property=\"og:image:height\" content=\"300\" \/>\n\t<meta property=\"og:image:type\" content=\"image\/png\" \/>\n<meta name=\"twitter:card\" content=\"summary_large_image\" \/>\n<meta name=\"twitter:label1\" content=\"Est. tempo de leitura\" \/>\n\t<meta name=\"twitter:data1\" content=\"1 minuto\" \/>\n<script type=\"application\/ld+json\" class=\"yoast-schema-graph\">{\"@context\":\"https:\\\/\\\/schema.org\",\"@graph\":[{\"@type\":\"WebPage\",\"@id\":\"https:\\\/\\\/atividademapa.com\\\/?product=atv1-hematologia-clinica-51-2024\",\"url\":\"https:\\\/\\\/atividademapa.com\\\/?product=atv1-hematologia-clinica-51-2024\",\"name\":\"ATV1 - Hematologia Cl\u00ednica 51-2024\",\"isPartOf\":{\"@id\":\"https:\\\/\\\/atividademapa.com\\\/#website\"},\"primaryImageOfPage\":{\"@id\":\"https:\\\/\\\/atividademapa.com\\\/?product=atv1-hematologia-clinica-51-2024#primaryimage\"},\"image\":{\"@id\":\"https:\\\/\\\/atividademapa.com\\\/?product=atv1-hematologia-clinica-51-2024#primaryimage\"},\"thumbnailUrl\":\"https:\\\/\\\/i0.wp.com\\\/atividademapa.com\\\/wp-content\\\/uploads\\\/2023\\\/03\\\/Atividade-M.A.P.A-3.png?fit=300%2C300&ssl=1\",\"datePublished\":\"2024-03-06T11:28:25+00:00\",\"dateModified\":\"2024-04-16T01:38:49+00:00\",\"description\":\"Temos! ATV1 - Hematologia Cl\u00ednica 51-2024 Unicesumar | Atividade MAPA Pronto. Baixe Agora! Atividade de Estudo 1.\",\"breadcrumb\":{\"@id\":\"https:\\\/\\\/atividademapa.com\\\/?product=atv1-hematologia-clinica-51-2024#breadcrumb\"},\"inLanguage\":\"pt-BR\",\"potentialAction\":[{\"@type\":\"ReadAction\",\"target\":[\"https:\\\/\\\/atividademapa.com\\\/?product=atv1-hematologia-clinica-51-2024\"]}]},{\"@type\":\"ImageObject\",\"inLanguage\":\"pt-BR\",\"@id\":\"https:\\\/\\\/atividademapa.com\\\/?product=atv1-hematologia-clinica-51-2024#primaryimage\",\"url\":\"https:\\\/\\\/i0.wp.com\\\/atividademapa.com\\\/wp-content\\\/uploads\\\/2023\\\/03\\\/Atividade-M.A.P.A-3.png?fit=300%2C300&ssl=1\",\"contentUrl\":\"https:\\\/\\\/i0.wp.com\\\/atividademapa.com\\\/wp-content\\\/uploads\\\/2023\\\/03\\\/Atividade-M.A.P.A-3.png?fit=300%2C300&ssl=1\",\"width\":300,\"height\":300,\"caption\":\"Mapa Unicesumar Atividade\"},{\"@type\":\"BreadcrumbList\",\"@id\":\"https:\\\/\\\/atividademapa.com\\\/?product=atv1-hematologia-clinica-51-2024#breadcrumb\",\"itemListElement\":[{\"@type\":\"ListItem\",\"position\":1,\"name\":\"In\u00edcio\",\"item\":\"https:\\\/\\\/atividademapa.com\\\/\"},{\"@type\":\"ListItem\",\"position\":2,\"name\":\"MAPAS\",\"item\":\"https:\\\/\\\/atividademapa.com\\\/?page_id=5\"},{\"@type\":\"ListItem\",\"position\":3,\"name\":\"ATV1 &#8211; Hematologia Cl\u00ednica 51-2024\"}]},{\"@type\":\"WebSite\",\"@id\":\"https:\\\/\\\/atividademapa.com\\\/#website\",\"url\":\"https:\\\/\\\/atividademapa.com\\\/\",\"name\":\"Atividade Mapa\",\"description\":\"StudeO | Unicesumar\",\"publisher\":{\"@id\":\"https:\\\/\\\/atividademapa.com\\\/#organization\"},\"potentialAction\":[{\"@type\":\"SearchAction\",\"target\":{\"@type\":\"EntryPoint\",\"urlTemplate\":\"https:\\\/\\\/atividademapa.com\\\/?s={search_term_string}\"},\"query-input\":{\"@type\":\"PropertyValueSpecification\",\"valueRequired\":true,\"valueName\":\"search_term_string\"}}],\"inLanguage\":\"pt-BR\"},{\"@type\":\"Organization\",\"@id\":\"https:\\\/\\\/atividademapa.com\\\/#organization\",\"name\":\"Atividade MAPA\",\"url\":\"https:\\\/\\\/atividademapa.com\\\/\",\"logo\":{\"@type\":\"ImageObject\",\"inLanguage\":\"pt-BR\",\"@id\":\"https:\\\/\\\/atividademapa.com\\\/#\\\/schema\\\/logo\\\/image\\\/\",\"url\":\"https:\\\/\\\/i0.wp.com\\\/atividademapa.com\\\/wp-content\\\/uploads\\\/2023\\\/02\\\/ATIVIDADE.png?fit=600%2C300&ssl=1\",\"contentUrl\":\"https:\\\/\\\/i0.wp.com\\\/atividademapa.com\\\/wp-content\\\/uploads\\\/2023\\\/02\\\/ATIVIDADE.png?fit=600%2C300&ssl=1\",\"width\":600,\"height\":300,\"caption\":\"Atividade MAPA\"},\"image\":{\"@id\":\"https:\\\/\\\/atividademapa.com\\\/#\\\/schema\\\/logo\\\/image\\\/\"}}]}<\/script>\n<!-- \/ Yoast SEO plugin. -->","yoast_head_json":{"title":"ATV1 - Hematologia Cl\u00ednica 51-2024","description":"Temos! ATV1 - Hematologia Cl\u00ednica 51-2024 Unicesumar | Atividade MAPA Pronto. Baixe Agora! Atividade de Estudo 1.","robots":{"index":"index","follow":"follow","max-snippet":"max-snippet:-1","max-image-preview":"max-image-preview:large","max-video-preview":"max-video-preview:-1"},"canonical":"https:\/\/atividademapa.com\/?product=atv1-hematologia-clinica-51-2024","og_locale":"pt_BR","og_type":"article","og_title":"ATV1 - Hematologia Cl\u00ednica 51-2024","og_description":"Temos! ATV1 - Hematologia Cl\u00ednica 51-2024 Unicesumar | Atividade MAPA Pronto. Baixe Agora! Atividade de Estudo 1.","og_url":"https:\/\/atividademapa.com\/?product=atv1-hematologia-clinica-51-2024","og_site_name":"Atividade Mapa","article_modified_time":"2024-04-16T01:38:49+00:00","og_image":[{"width":300,"height":300,"url":"https:\/\/i0.wp.com\/atividademapa.com\/wp-content\/uploads\/2023\/03\/Atividade-M.A.P.A-3.png?fit=300%2C300&ssl=1","type":"image\/png"}],"twitter_card":"summary_large_image","twitter_misc":{"Est. tempo de leitura":"1 minuto"},"schema":{"@context":"https:\/\/schema.org","@graph":[{"@type":"WebPage","@id":"https:\/\/atividademapa.com\/?product=atv1-hematologia-clinica-51-2024","url":"https:\/\/atividademapa.com\/?product=atv1-hematologia-clinica-51-2024","name":"ATV1 - Hematologia Cl\u00ednica 51-2024","isPartOf":{"@id":"https:\/\/atividademapa.com\/#website"},"primaryImageOfPage":{"@id":"https:\/\/atividademapa.com\/?product=atv1-hematologia-clinica-51-2024#primaryimage"},"image":{"@id":"https:\/\/atividademapa.com\/?product=atv1-hematologia-clinica-51-2024#primaryimage"},"thumbnailUrl":"https:\/\/i0.wp.com\/atividademapa.com\/wp-content\/uploads\/2023\/03\/Atividade-M.A.P.A-3.png?fit=300%2C300&ssl=1","datePublished":"2024-03-06T11:28:25+00:00","dateModified":"2024-04-16T01:38:49+00:00","description":"Temos! ATV1 - Hematologia Cl\u00ednica 51-2024 Unicesumar | Atividade MAPA Pronto. Baixe Agora! Atividade de Estudo 1.","breadcrumb":{"@id":"https:\/\/atividademapa.com\/?product=atv1-hematologia-clinica-51-2024#breadcrumb"},"inLanguage":"pt-BR","potentialAction":[{"@type":"ReadAction","target":["https:\/\/atividademapa.com\/?product=atv1-hematologia-clinica-51-2024"]}]},{"@type":"ImageObject","inLanguage":"pt-BR","@id":"https:\/\/atividademapa.com\/?product=atv1-hematologia-clinica-51-2024#primaryimage","url":"https:\/\/i0.wp.com\/atividademapa.com\/wp-content\/uploads\/2023\/03\/Atividade-M.A.P.A-3.png?fit=300%2C300&ssl=1","contentUrl":"https:\/\/i0.wp.com\/atividademapa.com\/wp-content\/uploads\/2023\/03\/Atividade-M.A.P.A-3.png?fit=300%2C300&ssl=1","width":300,"height":300,"caption":"Mapa Unicesumar Atividade"},{"@type":"BreadcrumbList","@id":"https:\/\/atividademapa.com\/?product=atv1-hematologia-clinica-51-2024#breadcrumb","itemListElement":[{"@type":"ListItem","position":1,"name":"In\u00edcio","item":"https:\/\/atividademapa.com\/"},{"@type":"ListItem","position":2,"name":"MAPAS","item":"https:\/\/atividademapa.com\/?page_id=5"},{"@type":"ListItem","position":3,"name":"ATV1 &#8211; Hematologia Cl\u00ednica 51-2024"}]},{"@type":"WebSite","@id":"https:\/\/atividademapa.com\/#website","url":"https:\/\/atividademapa.com\/","name":"Atividade Mapa","description":"StudeO | Unicesumar","publisher":{"@id":"https:\/\/atividademapa.com\/#organization"},"potentialAction":[{"@type":"SearchAction","target":{"@type":"EntryPoint","urlTemplate":"https:\/\/atividademapa.com\/?s={search_term_string}"},"query-input":{"@type":"PropertyValueSpecification","valueRequired":true,"valueName":"search_term_string"}}],"inLanguage":"pt-BR"},{"@type":"Organization","@id":"https:\/\/atividademapa.com\/#organization","name":"Atividade MAPA","url":"https:\/\/atividademapa.com\/","logo":{"@type":"ImageObject","inLanguage":"pt-BR","@id":"https:\/\/atividademapa.com\/#\/schema\/logo\/image\/","url":"https:\/\/i0.wp.com\/atividademapa.com\/wp-content\/uploads\/2023\/02\/ATIVIDADE.png?fit=600%2C300&ssl=1","contentUrl":"https:\/\/i0.wp.com\/atividademapa.com\/wp-content\/uploads\/2023\/02\/ATIVIDADE.png?fit=600%2C300&ssl=1","width":600,"height":300,"caption":"Atividade MAPA"},"image":{"@id":"https:\/\/atividademapa.com\/#\/schema\/logo\/image\/"}}]}},"_links":{"self":[{"href":"https:\/\/atividademapa.com\/index.php?rest_route=\/wp\/v2\/product\/3498","targetHints":{"allow":["GET"]}}],"collection":[{"href":"https:\/\/atividademapa.com\/index.php?rest_route=\/wp\/v2\/product"}],"about":[{"href":"https:\/\/atividademapa.com\/index.php?rest_route=\/wp\/v2\/types\/product"}],"version-history":[{"count":2,"href":"https:\/\/atividademapa.com\/index.php?rest_route=\/wp\/v2\/product\/3498\/revisions"}],"predecessor-version":[{"id":3502,"href":"https:\/\/atividademapa.com\/index.php?rest_route=\/wp\/v2\/product\/3498\/revisions\/3502"}],"wp:featuredmedia":[{"embeddable":true,"href":"https:\/\/atividademapa.com\/index.php?rest_route=\/wp\/v2\/media\/2326"}],"wp:attachment":[{"href":"https:\/\/atividademapa.com\/index.php?rest_route=%2Fwp%2Fv2%2Fmedia&parent=3498"}],"wp:term":[{"taxonomy":"product_brand","embeddable":true,"href":"https:\/\/atividademapa.com\/index.php?rest_route=%2Fwp%2Fv2%2Fproduct_brand&post=3498"},{"taxonomy":"product_cat","embeddable":true,"href":"https:\/\/atividademapa.com\/index.php?rest_route=%2Fwp%2Fv2%2Fproduct_cat&post=3498"},{"taxonomy":"product_tag","embeddable":true,"href":"https:\/\/atividademapa.com\/index.php?rest_route=%2Fwp%2Fv2%2Fproduct_tag&post=3498"}],"curies":[{"name":"wp","href":"https:\/\/api.w.org\/{rel}","templated":true}]}}