{"id":3521,"date":"2024-03-09T11:21:12","date_gmt":"2024-03-09T14:21:12","guid":{"rendered":"https:\/\/atividademapa.com\/?post_type=product&#038;p=3521"},"modified":"2024-03-16T15:14:10","modified_gmt":"2024-03-16T18:14:10","slug":"mapa-mentalidade-criativa-e-empreendedora-51-2024-2","status":"publish","type":"product","link":"https:\/\/atividademapa.com\/?product=mapa-mentalidade-criativa-e-empreendedora-51-2024-2","title":{"rendered":"MAPA Mentalidade Criativa e Empreendedora 51\/2024"},"content":{"rendered":"<h1>MAPA Mentalidade Criativa e Empreendedora 51\/2024<\/h1>\n<p><strong>ESTUDO DE CASO:\u00a0DONA ROSA e o SR. ALECRIM<\/strong><\/p>\n<p><strong>\u00a0<\/strong><strong>INTRODU\u00c7\u00c3O<\/strong><\/p>\n<p>Esse caso come\u00e7a com a hist\u00f3ria de Ant\u00f4nio, um jovem de 19 anos de uma fam\u00edlia do interior, e que vive de uma pequena produ\u00e7\u00e3o de flores.<br \/>\nDurante toda a inf\u00e2ncia, Ant\u00f4nio trabalhou junto com a fam\u00edlia na lida do\u00a0campo. A produ\u00e7\u00e3o da pequena propriedade rural era destinada a terceiros, que faziam o papel de intermediadores para outras empresas, de maior porte e faziam a revenda das flores. At\u00e9 aqui, um neg\u00f3cio saud\u00e1vel e rent\u00e1vel, de acordo com o pai (Joaquim), que era o respons\u00e1vel por coordenar as atividades e de cuidar da fam\u00edlia.<br \/>\nMas Ant\u00f4nio como todo jovem, queria mais! Pensava todos os dias que a propriedade era pr\u00f3spera, mas que ainda existiam outras oportunidades a serem exploradas. O pai era conservador e usava sempre a frase: \u201cem time que est\u00e1 ganhando n\u00e3o se mexe\u201d &#8230;.<br \/>\nAnt\u00f4nio estava cursando faculdade e dentro da matriz do curso havia a disciplina de &#8220;<span style=\"color: #333333;\"><a style=\"color: #333333;\" href=\"https:\/\/atividademapa.com\">Mentalidade Criativa e Empreendedora<\/a><\/span>&#8220;. Em uma das aulas, foi solicitado para que os alunos escolhessem um ramo de atividade profissional ou comercial para iniciar um neg\u00f3cio, e fizessem o uso da <span style=\"color: #333333;\"><a style=\"color: #333333;\" href=\"https:\/\/mundodosportfolios.com\/produtos\/estudo-de-caso-inovacao-social-na-industria-textil\/\">an\u00e1lise SWOT<\/a><\/span>, para verificar o potencial de mercado do segmento. Analisando AMEA\u00c7AS, OPORTUNIDADES, FOR\u00c7AS e FRAQUEZAS a professora pediu um panorama aos alunos, da viabilidade de se investir ou n\u00e3o nesse segmento a <em>priori&#8230;<\/em><\/p>\n<p>A professora de Ant\u00f4nio fez os seguintes questionamentos:<\/p>\n<p>&#8211; Se eu te oferecesse R$150.000,00 para come\u00e7ar esse neg\u00f3cio, voc\u00ea faria?<br \/>\n&#8211; Voc\u00ea teria a coragem de investir mais R$150.000,00 de capital?<br \/>\n&#8211; Qual seria o primeiro passo para ter certeza de que o neg\u00f3cio al\u00e9m de vi\u00e1vel, tamb\u00e9m seria saud\u00e1vel para valer a pena o investimento?<\/p>\n<p><strong>PRIMEIRO PASSO<\/strong><\/p>\n<p>Depois de ter respondido as 3 quest\u00f5es propostas pela professora, Ant\u00f4nio ficou muito animado! Percebeu que o neg\u00f3cio da fam\u00edlia poderia se tornar uma distribuidora de flores. Mas na sequ\u00eancia da an\u00e1lise percebeu que as flores demoravam um certo tempo para produzir, que existia sazonalidade na compra e eram perec\u00edveis&#8230; sujeitas tamb\u00e9m a a\u00e7\u00e3o do clima.<br \/>\nEnt\u00e3o Ant\u00f4nio retomou sua an\u00e1lise e percebeu muito r\u00e1pido que poderia diversificar. Surge ent\u00e3o a ideia de produzir tamb\u00e9m temperos, que eram produtos muito mais r\u00e1pidos no ciclo de produ\u00e7\u00e3o e tamb\u00e9m existia bem menos sazonalidade para o consumo.<br \/>\nMas claro, era preciso tamb\u00e9m criar uma marca para se destacar e obter visibilidade no mercado, afinal, tamb\u00e9m existiam concorrentes no mesmo segmento.<br \/>\nAnt\u00f4nio ent\u00e3o, faz o movimento contr\u00e1rio, busca a professora da disciplina de &#8220;Mentalidade Criativa e Empreendedora&#8221;, e conta suas an\u00e1lises e pede ajuda pra dar continuidade no processo.<br \/>\nEnt\u00e3o ele traz 3 questionamentos a professora:<\/p>\n<p>&#8211; Como escolher um nome para uma empresa?<br \/>\n&#8211;\u00a0Seria aconselh\u00e1vel vender em uma loja f\u00edsica ou no digital?<br \/>\n&#8211; Qual poderia ser um diferencial competitivo para se destacar no mercado?<\/p>\n<p><strong>SEGUNDO PASSO<\/strong><\/p>\n<p>A partir dos questionamentos, a professora pode orientar Ant\u00f4nio em como proceder. Eles avaliaram que a marca deveria ter um nome pr\u00e1tico e curto, que deveriam ser marcas diferentes para cada produto, visto que poderia haver clientes que n\u00e3o necessariamente comprariam os dois produtos. Outro ponto, foi entender que a pequena propriedade poderia ser um grande atrativo comercial para que os clientes conhecessem o processo de plantio e as pr\u00e1ticas de cuidado com o meio ambiente. A comunica\u00e7\u00e3o digital foi considerada um item indispens\u00e1vel para que a marca e os produtos pudessem ser divulgados a uma quantia maior de pessoas e empresas em potencial. Por fim, o diferencial competitivo que aluno e professora conseguiram identificar, era n\u00e3o s\u00f3 vender produtos, mas sim, entregar al\u00e9m de tudo uma VIDA! Cada flor e cada tempero, seriam entregues em vasos para que o comprador pudesse continuar o cultivo, com instru\u00e7\u00f5es, com cuidado, e aquilo al\u00e9m de se tornar um item de consumo para o dia a dia, tamb\u00e9m seria terap\u00eautico pela pr\u00e1tica de cuidar e fazer brotar de novo.<\/p>\n<p><strong>TERCEIRO PASSO<\/strong><\/p>\n<p>Com todas essas an\u00e1lises e a criatividade fluindo, Ant\u00f4nio tomou coragem e levou a ideia para o pai Joaquim. Mas com muito medo e receio, afinal, desde que ele se conhecia por gente a propriedade e o neg\u00f3cio da fam\u00edlia funcionavam da mesma maneira.<br \/>\nJoaquim ouviu o filho com aten\u00e7\u00e3o e sugeriu:<br \/>\n<em>&#8211; Filho, meu neg\u00f3cio funciona assim h\u00e1 anos, mas entendo a sua vontade de crescer e inovar. Faremos muito melhor! Eu continuo aqui da minha maneira, mas voc\u00ea pode e deve iniciar seu novo neg\u00f3cio. Voc\u00ea ser\u00e1 meu cliente! Irei fornecer as flores e tamb\u00e9m os temperos e voc\u00ea ir\u00e1 tra\u00e7ar todo esse projeto de comercializa\u00e7\u00e3o. Quem sabe voc\u00ea cresce tanto, que ir\u00e1 ajudar outros produtores como o seu pai a crescerem e prosperarem. Voa filho! O Mundo t\u00e1 a\u00ed pra voc\u00ea mudar!<\/em><\/p>\n<p><strong>CONCLUS\u00c3O<\/strong><\/p>\n<p>Depois dessa conversa, Ant\u00f4nio pegou o pequeno recurso financeiro que tinha, levantou mais algum capital adicional. Tra\u00e7ou um belo planejamento, com metas e a\u00e7\u00f5es\u00a0palp\u00e1veis e poss\u00edveis de realizar em curto e m\u00e9dio prazo, mas\u00a0com um foco maior no longo prazo e na sustentabilidade da empresa.<br \/>\nProcurou outros profissionais que pudessem auxiliar nesse projeto, e fez as contrata\u00e7\u00f5es de servi\u00e7os cont\u00e1beis, de marketing e de tr\u00e1fego pago.<br \/>\nAp\u00f3s algumas semanas do\u00a0plantio, veio a colheita&#8230; nasceu a DONA ROSA e o SR. ALECRIM.<br \/>\nDONA ROSA foi a marca escolhida para as flores e o SR. ALECRIM para a marca dos temperos.<br \/>\nAgora Ant\u00f4nio continua a jornada empreendedora e criativa, sempre com a mentalidade de que \u00e9 poss\u00edvel mudar uma realidade e empreender no Brasil.<br \/>\nE voc\u00ea est\u00e1 preparado(a) para se inspirar com a hist\u00f3ria de Ant\u00f4nio?<\/p>\n<p><strong><u>ATIVIDADE PROPOSTA:<\/u><\/strong><\/p>\n<p>Com base no estudo de caso, fa\u00e7a uma <span style=\"color: #333333;\"><a style=\"color: #333333;\" href=\"https:\/\/rockcontent.com\/br\/blog\/como-fazer-uma-analise-swot\/\"><strong>An\u00e1lise SWOT<\/strong><\/a><\/span> do novo empreendimento de Ant\u00f4nio, o &#8220;SR. ALECRIM&#8221;.<\/p>\n<p>Antes de tudo, pesquise, levante informa\u00e7\u00f5es para elaborar a sua resposta: Fa\u00e7a a atividade como se voc\u00ea estivesse come\u00e7ando a idealizar o mesmo tipo de neg\u00f3cio. Avalie o segmento, procure not\u00edcias e indicadores da \u00e1rea sobre consumo e comercializa\u00e7\u00e3o de temperos frescos. Pesquise sobre concorrentes e fa\u00e7a uma an\u00e1lise sobre as estrat\u00e9gias deles.<\/p>\n<p>&nbsp;<\/p>\n<p><u>Ap\u00f3s, fa\u00e7a a an\u00e1lise SWOT sobre as FOR\u00c7AS, FRAQUEZAS, AMEA\u00c7AS E OPORTUNIDADES que este novo empreendimento poder\u00e1 ter. Apresente ao menos 2 exemplos para cada item.<\/u><\/p>\n<p>&nbsp;<\/p>\n<p>&nbsp;<\/p>\n<p>&nbsp;<\/p>\n","protected":false},"excerpt":{"rendered":"<p>MAPA Mentalidade Criativa e Empreendedora 51\/2024 ESTUDO DE CASO:\u00a0DONA ROSA e o SR. ALECRIM \u00a0INTRODU\u00c7\u00c3O Esse caso come\u00e7a com a<\/p>\n","protected":false},"featured_media":2326,"template":"","meta":{"_monsterinsights_skip_tracking":false,"_monsterinsights_sitenote_active":false,"_monsterinsights_sitenote_note":"","_monsterinsights_sitenote_category":0},"product_brand":[],"product_cat":[124],"product_tag":[125],"class_list":{"0":"post-3521","1":"product","2":"type-product","3":"status-publish","4":"has-post-thumbnail","6":"product_cat-estetica-e-cosmetica","7":"product_tag-mentalidade-criativa-e-empreendedora","9":"first","10":"instock","11":"downloadable","12":"virtual","13":"purchasable","14":"product-type-simple"},"yoast_head":"<!-- This site is optimized with the Yoast SEO plugin v27.4 - https:\/\/yoast.com\/product\/yoast-seo-wordpress\/ -->\n<title>MAPA Mentalidade Criativa e Empreendedora 51\/2024<\/title>\n<meta name=\"description\" content=\"Temos o MAPA Mentalidade Criativa e Empreendedora 51\/2024 Unicesumar | Atividade MAPA Pronto. An\u00e1lise SWOT - Sr. Alecrim.\" \/>\n<meta name=\"robots\" content=\"index, follow, max-snippet:-1, max-image-preview:large, max-video-preview:-1\" \/>\n<link rel=\"canonical\" href=\"https:\/\/atividademapa.com\/?product=mapa-mentalidade-criativa-e-empreendedora-51-2024-2\" \/>\n<meta property=\"og:locale\" content=\"pt_BR\" \/>\n<meta property=\"og:type\" content=\"article\" \/>\n<meta property=\"og:title\" content=\"MAPA Mentalidade Criativa e Empreendedora 51\/2024\" \/>\n<meta property=\"og:description\" content=\"Temos o MAPA Mentalidade Criativa e Empreendedora 51\/2024 Unicesumar | Atividade MAPA Pronto. An\u00e1lise SWOT - Sr. Alecrim.\" \/>\n<meta property=\"og:url\" content=\"https:\/\/atividademapa.com\/?product=mapa-mentalidade-criativa-e-empreendedora-51-2024-2\" \/>\n<meta property=\"og:site_name\" content=\"Atividade Mapa\" \/>\n<meta property=\"article:modified_time\" content=\"2024-03-16T18:14:10+00:00\" \/>\n<meta property=\"og:image\" content=\"https:\/\/i0.wp.com\/atividademapa.com\/wp-content\/uploads\/2023\/03\/Atividade-M.A.P.A-3.png?fit=300%2C300&ssl=1\" \/>\n\t<meta property=\"og:image:width\" content=\"300\" \/>\n\t<meta property=\"og:image:height\" content=\"300\" \/>\n\t<meta property=\"og:image:type\" content=\"image\/png\" \/>\n<meta name=\"twitter:card\" content=\"summary_large_image\" \/>\n<meta name=\"twitter:label1\" content=\"Est. tempo de leitura\" \/>\n\t<meta name=\"twitter:data1\" content=\"6 minutos\" \/>\n<script type=\"application\/ld+json\" class=\"yoast-schema-graph\">{\"@context\":\"https:\\\/\\\/schema.org\",\"@graph\":[{\"@type\":\"WebPage\",\"@id\":\"https:\\\/\\\/atividademapa.com\\\/?product=mapa-mentalidade-criativa-e-empreendedora-51-2024-2\",\"url\":\"https:\\\/\\\/atividademapa.com\\\/?product=mapa-mentalidade-criativa-e-empreendedora-51-2024-2\",\"name\":\"MAPA Mentalidade Criativa e Empreendedora 51\\\/2024\",\"isPartOf\":{\"@id\":\"https:\\\/\\\/atividademapa.com\\\/#website\"},\"primaryImageOfPage\":{\"@id\":\"https:\\\/\\\/atividademapa.com\\\/?product=mapa-mentalidade-criativa-e-empreendedora-51-2024-2#primaryimage\"},\"image\":{\"@id\":\"https:\\\/\\\/atividademapa.com\\\/?product=mapa-mentalidade-criativa-e-empreendedora-51-2024-2#primaryimage\"},\"thumbnailUrl\":\"https:\\\/\\\/i0.wp.com\\\/atividademapa.com\\\/wp-content\\\/uploads\\\/2023\\\/03\\\/Atividade-M.A.P.A-3.png?fit=300%2C300&ssl=1\",\"datePublished\":\"2024-03-09T14:21:12+00:00\",\"dateModified\":\"2024-03-16T18:14:10+00:00\",\"description\":\"Temos o MAPA Mentalidade Criativa e Empreendedora 51\\\/2024 Unicesumar | Atividade MAPA Pronto. An\u00e1lise SWOT - Sr. Alecrim.\",\"breadcrumb\":{\"@id\":\"https:\\\/\\\/atividademapa.com\\\/?product=mapa-mentalidade-criativa-e-empreendedora-51-2024-2#breadcrumb\"},\"inLanguage\":\"pt-BR\",\"potentialAction\":[{\"@type\":\"ReadAction\",\"target\":[\"https:\\\/\\\/atividademapa.com\\\/?product=mapa-mentalidade-criativa-e-empreendedora-51-2024-2\"]}]},{\"@type\":\"ImageObject\",\"inLanguage\":\"pt-BR\",\"@id\":\"https:\\\/\\\/atividademapa.com\\\/?product=mapa-mentalidade-criativa-e-empreendedora-51-2024-2#primaryimage\",\"url\":\"https:\\\/\\\/i0.wp.com\\\/atividademapa.com\\\/wp-content\\\/uploads\\\/2023\\\/03\\\/Atividade-M.A.P.A-3.png?fit=300%2C300&ssl=1\",\"contentUrl\":\"https:\\\/\\\/i0.wp.com\\\/atividademapa.com\\\/wp-content\\\/uploads\\\/2023\\\/03\\\/Atividade-M.A.P.A-3.png?fit=300%2C300&ssl=1\",\"width\":300,\"height\":300,\"caption\":\"Mapa Unicesumar Atividade\"},{\"@type\":\"BreadcrumbList\",\"@id\":\"https:\\\/\\\/atividademapa.com\\\/?product=mapa-mentalidade-criativa-e-empreendedora-51-2024-2#breadcrumb\",\"itemListElement\":[{\"@type\":\"ListItem\",\"position\":1,\"name\":\"In\u00edcio\",\"item\":\"https:\\\/\\\/atividademapa.com\\\/\"},{\"@type\":\"ListItem\",\"position\":2,\"name\":\"MAPAS\",\"item\":\"https:\\\/\\\/atividademapa.com\\\/?page_id=5\"},{\"@type\":\"ListItem\",\"position\":3,\"name\":\"MAPA Mentalidade Criativa e Empreendedora 51\\\/2024\"}]},{\"@type\":\"WebSite\",\"@id\":\"https:\\\/\\\/atividademapa.com\\\/#website\",\"url\":\"https:\\\/\\\/atividademapa.com\\\/\",\"name\":\"Atividade Mapa\",\"description\":\"StudeO | Unicesumar\",\"publisher\":{\"@id\":\"https:\\\/\\\/atividademapa.com\\\/#organization\"},\"potentialAction\":[{\"@type\":\"SearchAction\",\"target\":{\"@type\":\"EntryPoint\",\"urlTemplate\":\"https:\\\/\\\/atividademapa.com\\\/?s={search_term_string}\"},\"query-input\":{\"@type\":\"PropertyValueSpecification\",\"valueRequired\":true,\"valueName\":\"search_term_string\"}}],\"inLanguage\":\"pt-BR\"},{\"@type\":\"Organization\",\"@id\":\"https:\\\/\\\/atividademapa.com\\\/#organization\",\"name\":\"Atividade MAPA\",\"url\":\"https:\\\/\\\/atividademapa.com\\\/\",\"logo\":{\"@type\":\"ImageObject\",\"inLanguage\":\"pt-BR\",\"@id\":\"https:\\\/\\\/atividademapa.com\\\/#\\\/schema\\\/logo\\\/image\\\/\",\"url\":\"https:\\\/\\\/i0.wp.com\\\/atividademapa.com\\\/wp-content\\\/uploads\\\/2023\\\/02\\\/ATIVIDADE.png?fit=600%2C300&ssl=1\",\"contentUrl\":\"https:\\\/\\\/i0.wp.com\\\/atividademapa.com\\\/wp-content\\\/uploads\\\/2023\\\/02\\\/ATIVIDADE.png?fit=600%2C300&ssl=1\",\"width\":600,\"height\":300,\"caption\":\"Atividade MAPA\"},\"image\":{\"@id\":\"https:\\\/\\\/atividademapa.com\\\/#\\\/schema\\\/logo\\\/image\\\/\"}}]}<\/script>\n<!-- \/ Yoast SEO plugin. -->","yoast_head_json":{"title":"MAPA Mentalidade Criativa e Empreendedora 51\/2024","description":"Temos o MAPA Mentalidade Criativa e Empreendedora 51\/2024 Unicesumar | Atividade MAPA Pronto. An\u00e1lise SWOT - Sr. Alecrim.","robots":{"index":"index","follow":"follow","max-snippet":"max-snippet:-1","max-image-preview":"max-image-preview:large","max-video-preview":"max-video-preview:-1"},"canonical":"https:\/\/atividademapa.com\/?product=mapa-mentalidade-criativa-e-empreendedora-51-2024-2","og_locale":"pt_BR","og_type":"article","og_title":"MAPA Mentalidade Criativa e Empreendedora 51\/2024","og_description":"Temos o MAPA Mentalidade Criativa e Empreendedora 51\/2024 Unicesumar | Atividade MAPA Pronto. An\u00e1lise SWOT - Sr. Alecrim.","og_url":"https:\/\/atividademapa.com\/?product=mapa-mentalidade-criativa-e-empreendedora-51-2024-2","og_site_name":"Atividade Mapa","article_modified_time":"2024-03-16T18:14:10+00:00","og_image":[{"width":300,"height":300,"url":"https:\/\/i0.wp.com\/atividademapa.com\/wp-content\/uploads\/2023\/03\/Atividade-M.A.P.A-3.png?fit=300%2C300&ssl=1","type":"image\/png"}],"twitter_card":"summary_large_image","twitter_misc":{"Est. tempo de leitura":"6 minutos"},"schema":{"@context":"https:\/\/schema.org","@graph":[{"@type":"WebPage","@id":"https:\/\/atividademapa.com\/?product=mapa-mentalidade-criativa-e-empreendedora-51-2024-2","url":"https:\/\/atividademapa.com\/?product=mapa-mentalidade-criativa-e-empreendedora-51-2024-2","name":"MAPA Mentalidade Criativa e Empreendedora 51\/2024","isPartOf":{"@id":"https:\/\/atividademapa.com\/#website"},"primaryImageOfPage":{"@id":"https:\/\/atividademapa.com\/?product=mapa-mentalidade-criativa-e-empreendedora-51-2024-2#primaryimage"},"image":{"@id":"https:\/\/atividademapa.com\/?product=mapa-mentalidade-criativa-e-empreendedora-51-2024-2#primaryimage"},"thumbnailUrl":"https:\/\/i0.wp.com\/atividademapa.com\/wp-content\/uploads\/2023\/03\/Atividade-M.A.P.A-3.png?fit=300%2C300&ssl=1","datePublished":"2024-03-09T14:21:12+00:00","dateModified":"2024-03-16T18:14:10+00:00","description":"Temos o MAPA Mentalidade Criativa e Empreendedora 51\/2024 Unicesumar | Atividade MAPA Pronto. An\u00e1lise SWOT - Sr. Alecrim.","breadcrumb":{"@id":"https:\/\/atividademapa.com\/?product=mapa-mentalidade-criativa-e-empreendedora-51-2024-2#breadcrumb"},"inLanguage":"pt-BR","potentialAction":[{"@type":"ReadAction","target":["https:\/\/atividademapa.com\/?product=mapa-mentalidade-criativa-e-empreendedora-51-2024-2"]}]},{"@type":"ImageObject","inLanguage":"pt-BR","@id":"https:\/\/atividademapa.com\/?product=mapa-mentalidade-criativa-e-empreendedora-51-2024-2#primaryimage","url":"https:\/\/i0.wp.com\/atividademapa.com\/wp-content\/uploads\/2023\/03\/Atividade-M.A.P.A-3.png?fit=300%2C300&ssl=1","contentUrl":"https:\/\/i0.wp.com\/atividademapa.com\/wp-content\/uploads\/2023\/03\/Atividade-M.A.P.A-3.png?fit=300%2C300&ssl=1","width":300,"height":300,"caption":"Mapa Unicesumar Atividade"},{"@type":"BreadcrumbList","@id":"https:\/\/atividademapa.com\/?product=mapa-mentalidade-criativa-e-empreendedora-51-2024-2#breadcrumb","itemListElement":[{"@type":"ListItem","position":1,"name":"In\u00edcio","item":"https:\/\/atividademapa.com\/"},{"@type":"ListItem","position":2,"name":"MAPAS","item":"https:\/\/atividademapa.com\/?page_id=5"},{"@type":"ListItem","position":3,"name":"MAPA Mentalidade Criativa e Empreendedora 51\/2024"}]},{"@type":"WebSite","@id":"https:\/\/atividademapa.com\/#website","url":"https:\/\/atividademapa.com\/","name":"Atividade Mapa","description":"StudeO | Unicesumar","publisher":{"@id":"https:\/\/atividademapa.com\/#organization"},"potentialAction":[{"@type":"SearchAction","target":{"@type":"EntryPoint","urlTemplate":"https:\/\/atividademapa.com\/?s={search_term_string}"},"query-input":{"@type":"PropertyValueSpecification","valueRequired":true,"valueName":"search_term_string"}}],"inLanguage":"pt-BR"},{"@type":"Organization","@id":"https:\/\/atividademapa.com\/#organization","name":"Atividade MAPA","url":"https:\/\/atividademapa.com\/","logo":{"@type":"ImageObject","inLanguage":"pt-BR","@id":"https:\/\/atividademapa.com\/#\/schema\/logo\/image\/","url":"https:\/\/i0.wp.com\/atividademapa.com\/wp-content\/uploads\/2023\/02\/ATIVIDADE.png?fit=600%2C300&ssl=1","contentUrl":"https:\/\/i0.wp.com\/atividademapa.com\/wp-content\/uploads\/2023\/02\/ATIVIDADE.png?fit=600%2C300&ssl=1","width":600,"height":300,"caption":"Atividade MAPA"},"image":{"@id":"https:\/\/atividademapa.com\/#\/schema\/logo\/image\/"}}]}},"_links":{"self":[{"href":"https:\/\/atividademapa.com\/index.php?rest_route=\/wp\/v2\/product\/3521","targetHints":{"allow":["GET"]}}],"collection":[{"href":"https:\/\/atividademapa.com\/index.php?rest_route=\/wp\/v2\/product"}],"about":[{"href":"https:\/\/atividademapa.com\/index.php?rest_route=\/wp\/v2\/types\/product"}],"version-history":[{"count":3,"href":"https:\/\/atividademapa.com\/index.php?rest_route=\/wp\/v2\/product\/3521\/revisions"}],"predecessor-version":[{"id":3527,"href":"https:\/\/atividademapa.com\/index.php?rest_route=\/wp\/v2\/product\/3521\/revisions\/3527"}],"wp:featuredmedia":[{"embeddable":true,"href":"https:\/\/atividademapa.com\/index.php?rest_route=\/wp\/v2\/media\/2326"}],"wp:attachment":[{"href":"https:\/\/atividademapa.com\/index.php?rest_route=%2Fwp%2Fv2%2Fmedia&parent=3521"}],"wp:term":[{"taxonomy":"product_brand","embeddable":true,"href":"https:\/\/atividademapa.com\/index.php?rest_route=%2Fwp%2Fv2%2Fproduct_brand&post=3521"},{"taxonomy":"product_cat","embeddable":true,"href":"https:\/\/atividademapa.com\/index.php?rest_route=%2Fwp%2Fv2%2Fproduct_cat&post=3521"},{"taxonomy":"product_tag","embeddable":true,"href":"https:\/\/atividademapa.com\/index.php?rest_route=%2Fwp%2Fv2%2Fproduct_tag&post=3521"}],"curies":[{"name":"wp","href":"https:\/\/api.w.org\/{rel}","templated":true}]}}