{"id":3566,"date":"2024-03-16T18:00:30","date_gmt":"2024-03-16T21:00:30","guid":{"rendered":"https:\/\/atividademapa.com\/?post_type=product&#038;p=3566"},"modified":"2024-03-24T17:38:06","modified_gmt":"2024-03-24T20:38:06","slug":"mapa-gestao-financeira-51-2024-monte-verde","status":"publish","type":"product","link":"https:\/\/atividademapa.com\/?product=mapa-gestao-financeira-51-2024-monte-verde","title":{"rendered":"MAPA Fluxo de Caixa e Administra\u00e7\u00e3o de Capital de Giro 51\/2024"},"content":{"rendered":"<h1><em>MAPA<\/em> -Fluxo DE Caixa E Administra\u00e7\u00e3o DE Capital DE GIRO &#8211; 512024<\/h1>\n<p>QUEST\u00c3O 1<\/p>\n<p>Ol\u00e1, acad\u00eamico(a) de Tecn\u00f3logo em Gest\u00e3o Financeira. A atividade proposta corresponde ao M.A.P.A., Material de Avalia\u00e7\u00e3o Pr\u00e1tica da Aprendizagem.<\/p>\n<p>O objetivo desta atividade \u00e9 que voc\u00ea tenha uma compreens\u00e3o maior sobre fluxo de caixa ao realizar uma an\u00e1lise de indicadores de forma imersiva.<\/p>\n<p>PROBLEMATIZA\u00c7\u00c3O: quais \u00e1reas da empresa influenciam as entradas e sa\u00eddas de fluxo de caixa?<\/p>\n<p>SIGNIFICA\u00c7\u00c3O: o gestor financeiro age de forma a organizar as finan\u00e7as da empresa como um todo e fazer com que as \u00e1reas pensem no fluxo de caixa com governan\u00e7a, planejamento, controle e metas. Dessa maneira, diversos problemas s\u00e3o prevenidos.<\/p>\n<p>EXPERIMENTA\u00c7\u00c3O: provavelmente voc\u00ea j\u00e1 teve contato ou pelo menos j\u00e1 ouviu falar de indicadores. O gestor financeiro deve ter um grande controle das contas atrav\u00e9s de indicadores apresentados por cada equipe respons\u00e1vel, visando antecipar poss\u00edveis problemas.<\/p>\n<p>REFLEX\u00c3O: o planejamento \u00e9 indispens\u00e1vel tamb\u00e9m quando o problema \u00e9 relativo aos custos. As empresas precisam estruturar o montante que ser\u00e1 preciso gastar e os prazos, pensando em aspectos como sazonalidade, infla\u00e7\u00e3o, varia\u00e7\u00e3o cambial e em outros fatores macroecon\u00f4micos que impactam nos custos e consequentemente sa\u00eddas de caixa.<\/p>\n<p>&nbsp;<\/p>\n<p>ATIVIDADE PROPOSTA<\/p>\n<p>Como gestor financeiro, \u00e9 de extrema import\u00e2ncia analisar os indicadores de liquidez e verificar a necessidade de capital de giro, bem como quais as melhores alternativas de capita\u00e7\u00e3o de recursos.<\/p>\n<p>Acad\u00eamico(a), voc\u00ea ir\u00e1 realizar os c\u00e1lculos de indicadores da Empresa Monte Verde e analis\u00e1-los, tendo como base as demonstra\u00e7\u00f5es de balan\u00e7o patrimonial e DRE disponibilizados.<\/p>\n<p>QUEST\u00c3O 01 &#8211; APURE OS \u00cdNDICES DA MONTE VERDE<\/p>\n<p>Liquidez Seca<\/p>\n<p>Liquidez Imediata<\/p>\n<p>Liquidez Corrente<\/p>\n<p>Liquidez Geral<\/p>\n<p>Capital de giro l\u00edquido (CGL)<\/p>\n<p>Prazo M\u00e9dio de Estocagem (PME)<\/p>\n<p>Prazo M\u00e9dio de Cobran\u00e7a (PMC)<\/p>\n<p>Prazo M\u00e9dio de Pagamento (PMP)<\/p>\n<p>Ciclo financeiro<\/p>\n<p>Ciclo operacional<\/p>\n<p>QUEST\u00c3O 02 &#8211; Realize a an\u00e1lise dos indicadores de liquidez e diga a situa\u00e7\u00e3o da empresa.<\/p>\n<p>QUEST\u00c3O 03 &#8211; Realize a an\u00e1lise dos indicadores de prazo m\u00e9dio, Ciclo financeiro e Ciclo operacional e diga a situa\u00e7\u00e3o da empresa.<\/p>\n","protected":false},"excerpt":{"rendered":"<p>MAPA -Fluxo DE Caixa E Administra\u00e7\u00e3o DE Capital DE GIRO &#8211; 512024 QUEST\u00c3O 1 Ol\u00e1, acad\u00eamico(a) de Tecn\u00f3logo em Gest\u00e3o<\/p>\n","protected":false},"featured_media":2326,"template":"","meta":{"_monsterinsights_skip_tracking":false,"_monsterinsights_sitenote_active":false,"_monsterinsights_sitenote_note":"","_monsterinsights_sitenote_category":0},"product_brand":[],"product_cat":[70],"product_tag":[],"class_list":{"0":"post-3566","1":"product","2":"type-product","3":"status-publish","4":"has-post-thumbnail","6":"product_cat-cst-em-gestao-financeira","8":"first","9":"instock","10":"downloadable","11":"virtual","12":"purchasable","13":"product-type-simple"},"yoast_head":"<!-- This site is optimized with the Yoast SEO plugin v27.4 - https:\/\/yoast.com\/product\/yoast-seo-wordpress\/ -->\n<title>MAPA Fluxo de Caixa e Administra\u00e7\u00e3o de Capital de Giro 51\/2024<\/title>\n<meta name=\"description\" content=\"MAPA Fluxo de Caixa e Administra\u00e7\u00e3o de Capital de Giro 51\/2024 Unicesumar | Atividade MAPA Pronto. Baixe Agora! Monte Verde\" \/>\n<meta name=\"robots\" content=\"index, follow, max-snippet:-1, max-image-preview:large, max-video-preview:-1\" \/>\n<link rel=\"canonical\" href=\"https:\/\/atividademapa.com\/?product=mapa-gestao-financeira-51-2024-monte-verde\" \/>\n<meta property=\"og:locale\" content=\"pt_BR\" \/>\n<meta property=\"og:type\" content=\"article\" \/>\n<meta property=\"og:title\" content=\"MAPA Fluxo de Caixa e Administra\u00e7\u00e3o de Capital de Giro 51\/2024\" \/>\n<meta property=\"og:description\" content=\"MAPA Fluxo de Caixa e Administra\u00e7\u00e3o de Capital de Giro 51\/2024 Unicesumar | Atividade MAPA Pronto. Baixe Agora! Monte Verde\" \/>\n<meta property=\"og:url\" content=\"https:\/\/atividademapa.com\/?product=mapa-gestao-financeira-51-2024-monte-verde\" \/>\n<meta property=\"og:site_name\" content=\"Atividade Mapa\" \/>\n<meta property=\"article:modified_time\" content=\"2024-03-24T20:38:06+00:00\" \/>\n<meta property=\"og:image\" content=\"https:\/\/i0.wp.com\/atividademapa.com\/wp-content\/uploads\/2023\/03\/Atividade-M.A.P.A-3.png?fit=300%2C300&ssl=1\" \/>\n\t<meta property=\"og:image:width\" content=\"300\" \/>\n\t<meta property=\"og:image:height\" content=\"300\" \/>\n\t<meta property=\"og:image:type\" content=\"image\/png\" \/>\n<meta name=\"twitter:card\" content=\"summary_large_image\" \/>\n<meta name=\"twitter:label1\" content=\"Est. tempo de leitura\" \/>\n\t<meta name=\"twitter:data1\" content=\"2 minutos\" \/>\n<script type=\"application\/ld+json\" class=\"yoast-schema-graph\">{\"@context\":\"https:\\\/\\\/schema.org\",\"@graph\":[{\"@type\":\"WebPage\",\"@id\":\"https:\\\/\\\/atividademapa.com\\\/?product=mapa-gestao-financeira-51-2024-monte-verde\",\"url\":\"https:\\\/\\\/atividademapa.com\\\/?product=mapa-gestao-financeira-51-2024-monte-verde\",\"name\":\"MAPA Fluxo de Caixa e Administra\u00e7\u00e3o de Capital de Giro 51\\\/2024\",\"isPartOf\":{\"@id\":\"https:\\\/\\\/atividademapa.com\\\/#website\"},\"primaryImageOfPage\":{\"@id\":\"https:\\\/\\\/atividademapa.com\\\/?product=mapa-gestao-financeira-51-2024-monte-verde#primaryimage\"},\"image\":{\"@id\":\"https:\\\/\\\/atividademapa.com\\\/?product=mapa-gestao-financeira-51-2024-monte-verde#primaryimage\"},\"thumbnailUrl\":\"https:\\\/\\\/i0.wp.com\\\/atividademapa.com\\\/wp-content\\\/uploads\\\/2023\\\/03\\\/Atividade-M.A.P.A-3.png?fit=300%2C300&ssl=1\",\"datePublished\":\"2024-03-16T21:00:30+00:00\",\"dateModified\":\"2024-03-24T20:38:06+00:00\",\"description\":\"MAPA Fluxo de Caixa e Administra\u00e7\u00e3o de Capital de Giro 51\\\/2024 Unicesumar | Atividade MAPA Pronto. Baixe Agora! Monte Verde\",\"breadcrumb\":{\"@id\":\"https:\\\/\\\/atividademapa.com\\\/?product=mapa-gestao-financeira-51-2024-monte-verde#breadcrumb\"},\"inLanguage\":\"pt-BR\",\"potentialAction\":[{\"@type\":\"ReadAction\",\"target\":[\"https:\\\/\\\/atividademapa.com\\\/?product=mapa-gestao-financeira-51-2024-monte-verde\"]}]},{\"@type\":\"ImageObject\",\"inLanguage\":\"pt-BR\",\"@id\":\"https:\\\/\\\/atividademapa.com\\\/?product=mapa-gestao-financeira-51-2024-monte-verde#primaryimage\",\"url\":\"https:\\\/\\\/i0.wp.com\\\/atividademapa.com\\\/wp-content\\\/uploads\\\/2023\\\/03\\\/Atividade-M.A.P.A-3.png?fit=300%2C300&ssl=1\",\"contentUrl\":\"https:\\\/\\\/i0.wp.com\\\/atividademapa.com\\\/wp-content\\\/uploads\\\/2023\\\/03\\\/Atividade-M.A.P.A-3.png?fit=300%2C300&ssl=1\",\"width\":300,\"height\":300,\"caption\":\"Mapa Unicesumar Atividade\"},{\"@type\":\"BreadcrumbList\",\"@id\":\"https:\\\/\\\/atividademapa.com\\\/?product=mapa-gestao-financeira-51-2024-monte-verde#breadcrumb\",\"itemListElement\":[{\"@type\":\"ListItem\",\"position\":1,\"name\":\"In\u00edcio\",\"item\":\"https:\\\/\\\/atividademapa.com\\\/\"},{\"@type\":\"ListItem\",\"position\":2,\"name\":\"MAPAS\",\"item\":\"https:\\\/\\\/atividademapa.com\\\/?page_id=5\"},{\"@type\":\"ListItem\",\"position\":3,\"name\":\"MAPA Fluxo de Caixa e Administra\u00e7\u00e3o de Capital de Giro 51\\\/2024\"}]},{\"@type\":\"WebSite\",\"@id\":\"https:\\\/\\\/atividademapa.com\\\/#website\",\"url\":\"https:\\\/\\\/atividademapa.com\\\/\",\"name\":\"Atividade Mapa\",\"description\":\"StudeO | Unicesumar\",\"publisher\":{\"@id\":\"https:\\\/\\\/atividademapa.com\\\/#organization\"},\"potentialAction\":[{\"@type\":\"SearchAction\",\"target\":{\"@type\":\"EntryPoint\",\"urlTemplate\":\"https:\\\/\\\/atividademapa.com\\\/?s={search_term_string}\"},\"query-input\":{\"@type\":\"PropertyValueSpecification\",\"valueRequired\":true,\"valueName\":\"search_term_string\"}}],\"inLanguage\":\"pt-BR\"},{\"@type\":\"Organization\",\"@id\":\"https:\\\/\\\/atividademapa.com\\\/#organization\",\"name\":\"Atividade MAPA\",\"url\":\"https:\\\/\\\/atividademapa.com\\\/\",\"logo\":{\"@type\":\"ImageObject\",\"inLanguage\":\"pt-BR\",\"@id\":\"https:\\\/\\\/atividademapa.com\\\/#\\\/schema\\\/logo\\\/image\\\/\",\"url\":\"https:\\\/\\\/i0.wp.com\\\/atividademapa.com\\\/wp-content\\\/uploads\\\/2023\\\/02\\\/ATIVIDADE.png?fit=600%2C300&ssl=1\",\"contentUrl\":\"https:\\\/\\\/i0.wp.com\\\/atividademapa.com\\\/wp-content\\\/uploads\\\/2023\\\/02\\\/ATIVIDADE.png?fit=600%2C300&ssl=1\",\"width\":600,\"height\":300,\"caption\":\"Atividade MAPA\"},\"image\":{\"@id\":\"https:\\\/\\\/atividademapa.com\\\/#\\\/schema\\\/logo\\\/image\\\/\"}}]}<\/script>\n<!-- \/ Yoast SEO plugin. -->","yoast_head_json":{"title":"MAPA Fluxo de Caixa e Administra\u00e7\u00e3o de Capital de Giro 51\/2024","description":"MAPA Fluxo de Caixa e Administra\u00e7\u00e3o de Capital de Giro 51\/2024 Unicesumar | Atividade MAPA Pronto. Baixe Agora! Monte Verde","robots":{"index":"index","follow":"follow","max-snippet":"max-snippet:-1","max-image-preview":"max-image-preview:large","max-video-preview":"max-video-preview:-1"},"canonical":"https:\/\/atividademapa.com\/?product=mapa-gestao-financeira-51-2024-monte-verde","og_locale":"pt_BR","og_type":"article","og_title":"MAPA Fluxo de Caixa e Administra\u00e7\u00e3o de Capital de Giro 51\/2024","og_description":"MAPA Fluxo de Caixa e Administra\u00e7\u00e3o de Capital de Giro 51\/2024 Unicesumar | Atividade MAPA Pronto. Baixe Agora! Monte Verde","og_url":"https:\/\/atividademapa.com\/?product=mapa-gestao-financeira-51-2024-monte-verde","og_site_name":"Atividade Mapa","article_modified_time":"2024-03-24T20:38:06+00:00","og_image":[{"width":300,"height":300,"url":"https:\/\/i0.wp.com\/atividademapa.com\/wp-content\/uploads\/2023\/03\/Atividade-M.A.P.A-3.png?fit=300%2C300&ssl=1","type":"image\/png"}],"twitter_card":"summary_large_image","twitter_misc":{"Est. tempo de leitura":"2 minutos"},"schema":{"@context":"https:\/\/schema.org","@graph":[{"@type":"WebPage","@id":"https:\/\/atividademapa.com\/?product=mapa-gestao-financeira-51-2024-monte-verde","url":"https:\/\/atividademapa.com\/?product=mapa-gestao-financeira-51-2024-monte-verde","name":"MAPA Fluxo de Caixa e Administra\u00e7\u00e3o de Capital de Giro 51\/2024","isPartOf":{"@id":"https:\/\/atividademapa.com\/#website"},"primaryImageOfPage":{"@id":"https:\/\/atividademapa.com\/?product=mapa-gestao-financeira-51-2024-monte-verde#primaryimage"},"image":{"@id":"https:\/\/atividademapa.com\/?product=mapa-gestao-financeira-51-2024-monte-verde#primaryimage"},"thumbnailUrl":"https:\/\/i0.wp.com\/atividademapa.com\/wp-content\/uploads\/2023\/03\/Atividade-M.A.P.A-3.png?fit=300%2C300&ssl=1","datePublished":"2024-03-16T21:00:30+00:00","dateModified":"2024-03-24T20:38:06+00:00","description":"MAPA Fluxo de Caixa e Administra\u00e7\u00e3o de Capital de Giro 51\/2024 Unicesumar | Atividade MAPA Pronto. Baixe Agora! Monte Verde","breadcrumb":{"@id":"https:\/\/atividademapa.com\/?product=mapa-gestao-financeira-51-2024-monte-verde#breadcrumb"},"inLanguage":"pt-BR","potentialAction":[{"@type":"ReadAction","target":["https:\/\/atividademapa.com\/?product=mapa-gestao-financeira-51-2024-monte-verde"]}]},{"@type":"ImageObject","inLanguage":"pt-BR","@id":"https:\/\/atividademapa.com\/?product=mapa-gestao-financeira-51-2024-monte-verde#primaryimage","url":"https:\/\/i0.wp.com\/atividademapa.com\/wp-content\/uploads\/2023\/03\/Atividade-M.A.P.A-3.png?fit=300%2C300&ssl=1","contentUrl":"https:\/\/i0.wp.com\/atividademapa.com\/wp-content\/uploads\/2023\/03\/Atividade-M.A.P.A-3.png?fit=300%2C300&ssl=1","width":300,"height":300,"caption":"Mapa Unicesumar Atividade"},{"@type":"BreadcrumbList","@id":"https:\/\/atividademapa.com\/?product=mapa-gestao-financeira-51-2024-monte-verde#breadcrumb","itemListElement":[{"@type":"ListItem","position":1,"name":"In\u00edcio","item":"https:\/\/atividademapa.com\/"},{"@type":"ListItem","position":2,"name":"MAPAS","item":"https:\/\/atividademapa.com\/?page_id=5"},{"@type":"ListItem","position":3,"name":"MAPA Fluxo de Caixa e Administra\u00e7\u00e3o de Capital de Giro 51\/2024"}]},{"@type":"WebSite","@id":"https:\/\/atividademapa.com\/#website","url":"https:\/\/atividademapa.com\/","name":"Atividade Mapa","description":"StudeO | Unicesumar","publisher":{"@id":"https:\/\/atividademapa.com\/#organization"},"potentialAction":[{"@type":"SearchAction","target":{"@type":"EntryPoint","urlTemplate":"https:\/\/atividademapa.com\/?s={search_term_string}"},"query-input":{"@type":"PropertyValueSpecification","valueRequired":true,"valueName":"search_term_string"}}],"inLanguage":"pt-BR"},{"@type":"Organization","@id":"https:\/\/atividademapa.com\/#organization","name":"Atividade MAPA","url":"https:\/\/atividademapa.com\/","logo":{"@type":"ImageObject","inLanguage":"pt-BR","@id":"https:\/\/atividademapa.com\/#\/schema\/logo\/image\/","url":"https:\/\/i0.wp.com\/atividademapa.com\/wp-content\/uploads\/2023\/02\/ATIVIDADE.png?fit=600%2C300&ssl=1","contentUrl":"https:\/\/i0.wp.com\/atividademapa.com\/wp-content\/uploads\/2023\/02\/ATIVIDADE.png?fit=600%2C300&ssl=1","width":600,"height":300,"caption":"Atividade MAPA"},"image":{"@id":"https:\/\/atividademapa.com\/#\/schema\/logo\/image\/"}}]}},"_links":{"self":[{"href":"https:\/\/atividademapa.com\/index.php?rest_route=\/wp\/v2\/product\/3566","targetHints":{"allow":["GET"]}}],"collection":[{"href":"https:\/\/atividademapa.com\/index.php?rest_route=\/wp\/v2\/product"}],"about":[{"href":"https:\/\/atividademapa.com\/index.php?rest_route=\/wp\/v2\/types\/product"}],"version-history":[{"count":5,"href":"https:\/\/atividademapa.com\/index.php?rest_route=\/wp\/v2\/product\/3566\/revisions"}],"predecessor-version":[{"id":3654,"href":"https:\/\/atividademapa.com\/index.php?rest_route=\/wp\/v2\/product\/3566\/revisions\/3654"}],"wp:featuredmedia":[{"embeddable":true,"href":"https:\/\/atividademapa.com\/index.php?rest_route=\/wp\/v2\/media\/2326"}],"wp:attachment":[{"href":"https:\/\/atividademapa.com\/index.php?rest_route=%2Fwp%2Fv2%2Fmedia&parent=3566"}],"wp:term":[{"taxonomy":"product_brand","embeddable":true,"href":"https:\/\/atividademapa.com\/index.php?rest_route=%2Fwp%2Fv2%2Fproduct_brand&post=3566"},{"taxonomy":"product_cat","embeddable":true,"href":"https:\/\/atividademapa.com\/index.php?rest_route=%2Fwp%2Fv2%2Fproduct_cat&post=3566"},{"taxonomy":"product_tag","embeddable":true,"href":"https:\/\/atividademapa.com\/index.php?rest_route=%2Fwp%2Fv2%2Fproduct_tag&post=3566"}],"curies":[{"name":"wp","href":"https:\/\/api.w.org\/{rel}","templated":true}]}}