{"id":3580,"date":"2024-03-17T15:14:13","date_gmt":"2024-03-17T18:14:13","guid":{"rendered":"https:\/\/atividademapa.com\/?post_type=product&#038;p=3580"},"modified":"2024-04-15T22:34:45","modified_gmt":"2024-04-16T01:34:45","slug":"mapa-fisica-geral-e-experimental-i-51-2024","status":"publish","type":"product","link":"https:\/\/atividademapa.com\/?product=mapa-fisica-geral-e-experimental-i-51-2024","title":{"rendered":"MAPA &#8211; F\u00edsica Geral e Experimental I &#8211; 51\/2024"},"content":{"rendered":"<p>O foguete n\u00e3o tripulado da Blue Origin, empresa de turismo espacial de Jeff Bezos, foi lan\u00e7ado com sucesso do oeste do Texas na manh\u00e3 do dia 19 de dezembro de 2023, em seu primeiro lan\u00e7amento bem-sucedido. O New Shepard, um sistema de lan\u00e7amento reutiliz\u00e1vel suborbital tripulado com decolagem vertical, foi lan\u00e7ado sem tripula\u00e7\u00e3o e com dispositivos tecnol\u00f3gicos para coleta de dados e experimentos no espa\u00e7o, al\u00e9m de 38.000 cart\u00f5es-postais do \u201cClube para o Futuro\u201d, uma organiza\u00e7\u00e3o sem fins lucrativos.<br \/>\nA miss\u00e3o bem-sucedida representa um grande avan\u00e7o nos planos da Blue Origin de enviar turistas pagantes at\u00e9 o espa\u00e7o, algo que mais de duas dezenas de pessoas j\u00e1 fizeram.<br \/>\nFontes:<\/p>\n<blockquote class=\"wp-embedded-content\" data-secret=\"0Cq4HvBU2O\"><p><a href=\"https:\/\/forbes.com.br\/forbes-tech\/2023\/12\/foguete-da-blue-origin-de-jeff-bezos-foi-lancado-com-sucesso\/\">Foguete da Blue Origin, de Jeff Bezos, foi lan\u00e7ado com sucesso<\/a><\/p><\/blockquote>\n<p><iframe loading=\"lazy\" class=\"wp-embedded-content\" sandbox=\"allow-scripts\" security=\"restricted\" style=\"position: absolute; clip: rect(1px, 1px, 1px, 1px);\" title=\"&#8220;Foguete da Blue Origin, de Jeff Bezos, foi lan\u00e7ado com sucesso&#8221; &#8212; Forbes Brasil\" src=\"https:\/\/forbes.com.br\/forbes-tech\/2023\/12\/foguete-da-blue-origin-de-jeff-bezos-foi-lancado-com-sucesso\/embed\/#?secret=Q4mwVpqyFj#?secret=0Cq4HvBU2O\" data-secret=\"0Cq4HvBU2O\" width=\"500\" height=\"282\" frameborder=\"0\" marginwidth=\"0\" marginheight=\"0\" scrolling=\"no\"><\/iframe><br \/>\nAcesso em: 6 fev. 2024.<br \/>\nhttps:\/\/oglobo.globo.com\/economia\/noticia\/2023\/12\/19\/blue-origin-de-jeff-bezos-faz-primeirolancamento-espacial-desde-acidente-em-2022.ghtml. Acesso em: 6 fev. 2024.3\/17\/24, 11:12 AM Unicesumar &#8211; Ensino a Dist\u00e2ncia<br \/>\nabout:blank 3\/4<br \/>\nComo apresentado nos extratos de not\u00edcias, um projeto bilion\u00e1rio entre a Blue Origin e a NASA est\u00e3o desenvolvendo e testando foguetes para, al\u00e9m da coleta de dados cient\u00edficos, tamb\u00e9m o turismo espacial.<br \/>\nVoc\u00ea, profissional formado, est\u00e1 buscando uma oportunidade de est\u00e1gio na Ag\u00eancia Espacial Brasileira (AEB) e, para isso, recebeu algumas perguntas a serem respondidas como forma de avalia\u00e7\u00e3o sobre os conhecimentos de f\u00edsica.<br \/>\n1) O valor de acelera\u00e7\u00e3o da gravidade terrestre \u00e9 dependente da altitude, ou seja, no n\u00edvel do mar g=9,81 m\/s , e na altitude de 1000 km g=7,33 m\/s . Partindo do repouso, sabe-se que o foguete atinge a velocidade 2500 km\/h em aproximadamente 1000 km. Considerando a acelera\u00e7\u00e3o da gravidade m\u00e9dia e a trajet\u00f3ria retil\u00ednea, calcule:<br \/>\na) Qual a acelera\u00e7\u00e3o constante com que o foguete \u00e9 lan\u00e7ado, em km\/h ?<br \/>\nb) Qual o tempo para que este foguete alcance a altura de 1000 km?<br \/>\nLembre-se: nas equa\u00e7\u00f5es do item A e B \u00e9 preciso considerar as duas acelera\u00e7\u00f5es, da gravidade e tamb\u00e9m do foguete.<br \/>\n2) Nos momentos pr\u00e9vios ao lan\u00e7amento, o New Shepard foi carregado com equipamentos de peso m\u00e9dio<br \/>\nde 180 kg por uma rampa com baixo coeficiente de atrito (0,2), conforme o esquema indicado a seguir. Qual a for\u00e7a m\u00ednima (em Newtons) que o motor deve realizar para que o carregamento seja efetivamente realizado? Lembre-se de fazer corretamente a indica\u00e7\u00e3o das for\u00e7as atuando sobre o sistema caixa-poliamotor e considere g=9,81 m\/s .<\/p>\n<p><a href=\"https:\/\/atividademapa.com\"><img data-recalc-dims=\"1\" loading=\"lazy\" decoding=\"async\" class=\"wp-image-3581 aligncenter\" src=\"https:\/\/i0.wp.com\/atividademapa.com\/wp-content\/uploads\/2024\/03\/Atividademapa-Fisica-Geral-e-Experimental-I.jpg?resize=509%2C253&#038;ssl=1\" alt=\"MAPA - F\u00edsica Geral e Experimental I - 51\/2024\" width=\"509\" height=\"253\" srcset=\"https:\/\/i0.wp.com\/atividademapa.com\/wp-content\/uploads\/2024\/03\/Atividademapa-Fisica-Geral-e-Experimental-I.jpg?resize=300%2C149&amp;ssl=1 300w, https:\/\/i0.wp.com\/atividademapa.com\/wp-content\/uploads\/2024\/03\/Atividademapa-Fisica-Geral-e-Experimental-I.jpg?resize=1024%2C510&amp;ssl=1 1024w, https:\/\/i0.wp.com\/atividademapa.com\/wp-content\/uploads\/2024\/03\/Atividademapa-Fisica-Geral-e-Experimental-I.jpg?resize=768%2C382&amp;ssl=1 768w, https:\/\/i0.wp.com\/atividademapa.com\/wp-content\/uploads\/2024\/03\/Atividademapa-Fisica-Geral-e-Experimental-I.jpg?resize=600%2C299&amp;ssl=1 600w, https:\/\/i0.wp.com\/atividademapa.com\/wp-content\/uploads\/2024\/03\/Atividademapa-Fisica-Geral-e-Experimental-I.jpg?resize=150%2C75&amp;ssl=1 150w, https:\/\/i0.wp.com\/atividademapa.com\/wp-content\/uploads\/2024\/03\/Atividademapa-Fisica-Geral-e-Experimental-I.jpg?w=1494&amp;ssl=1 1494w\" sizes=\"auto, (max-width: 509px) 100vw, 509px\" \/><\/a><\/p>\n<p style=\"text-align: center;\">Figura 1 &#8211; Plano inclinado<br \/>\nFonte: a autora.<\/p>\n<p>3) Sabendo da defini\u00e7\u00e3o das 3 <span style=\"color: #333333;\"><a style=\"color: #333333;\" href=\"https:\/\/brasilescola.uol.com.br\/fisica\/leis-newton.htm\">leis de newton<\/a><\/span>, escreva e explique com suas palavras a aplica\u00e7\u00e3o de cada<br \/>\numa delas durante o lan\u00e7amento do foguete.<br \/>\n4) Imagine que na altura de 1000 km da atmosfera terrestre h\u00e1 uma explos\u00e3o, fazendo com que a partir da<br \/>\nvelocidade zero o foguete caia em queda livre. O valor de acelera\u00e7\u00e3o da gravidade terrestre \u00e9 dependente<br \/>\nda altitude, ou seja, no n\u00edvel do mar g=9,81 m\/s , e na altitude de 1000 km g=7,33 m\/s . Considerando a<br \/>\nacelera\u00e7\u00e3o da gravidade m\u00e9dia, a trajet\u00f3ria retil\u00ednea e desprezando a resist\u00eancia do ar, calcule:<br \/>\na) Qual o tempo at\u00e9 atingir a superf\u00edcie terrestre?<br \/>\nb) Com qual velocidade o foguete atingir\u00e1 o solo?<\/p>\n","protected":false},"excerpt":{"rendered":"<p>O foguete n\u00e3o tripulado da Blue Origin, empresa de turismo espacial de Jeff Bezos, foi lan\u00e7ado com sucesso do oeste<\/p>\n","protected":false},"featured_media":2326,"template":"","meta":{"_monsterinsights_skip_tracking":false,"_monsterinsights_sitenote_active":false,"_monsterinsights_sitenote_note":"","_monsterinsights_sitenote_category":0},"product_brand":[],"product_cat":[45],"product_tag":[120],"class_list":{"0":"post-3580","1":"product","2":"type-product","3":"status-publish","4":"has-post-thumbnail","6":"product_cat-engenharias","7":"product_tag-modulo-51-2024","9":"first","10":"instock","11":"downloadable","12":"virtual","13":"purchasable","14":"product-type-simple"},"yoast_head":"<!-- This site is optimized with the Yoast SEO plugin v27.4 - https:\/\/yoast.com\/product\/yoast-seo-wordpress\/ -->\n<title>MAPA - F\u00edsica Geral e Experimental I - 51\/2024<\/title>\n<meta name=\"description\" content=\"Atividade MAPA - F\u00edsica Geral e Experimental I - 51\/2024 &#8902; Unicesumar. Baixe agora mesmo um Mapa Pronto resolvido!\" \/>\n<meta name=\"robots\" content=\"index, follow, max-snippet:-1, max-image-preview:large, max-video-preview:-1\" \/>\n<link rel=\"canonical\" href=\"https:\/\/atividademapa.com\/?product=mapa-fisica-geral-e-experimental-i-51-2024\" \/>\n<meta property=\"og:locale\" content=\"pt_BR\" \/>\n<meta property=\"og:type\" content=\"article\" \/>\n<meta property=\"og:title\" content=\"MAPA - F\u00edsica Geral e Experimental I - 51\/2024\" \/>\n<meta property=\"og:description\" content=\"Atividade MAPA - F\u00edsica Geral e Experimental I - 51\/2024 &#8902; Unicesumar. Baixe agora mesmo um Mapa Pronto resolvido!\" \/>\n<meta property=\"og:url\" content=\"https:\/\/atividademapa.com\/?product=mapa-fisica-geral-e-experimental-i-51-2024\" \/>\n<meta property=\"og:site_name\" content=\"Atividade Mapa\" \/>\n<meta property=\"article:modified_time\" content=\"2024-04-16T01:34:45+00:00\" \/>\n<meta property=\"og:image\" content=\"https:\/\/i0.wp.com\/atividademapa.com\/wp-content\/uploads\/2023\/03\/Atividade-M.A.P.A-3.png?fit=300%2C300&ssl=1\" \/>\n\t<meta property=\"og:image:width\" content=\"300\" \/>\n\t<meta property=\"og:image:height\" content=\"300\" \/>\n\t<meta property=\"og:image:type\" content=\"image\/png\" \/>\n<meta name=\"twitter:card\" content=\"summary_large_image\" \/>\n<meta name=\"twitter:label1\" content=\"Est. tempo de leitura\" \/>\n\t<meta name=\"twitter:data1\" content=\"3 minutos\" \/>\n<script type=\"application\/ld+json\" class=\"yoast-schema-graph\">{\"@context\":\"https:\\\/\\\/schema.org\",\"@graph\":[{\"@type\":\"WebPage\",\"@id\":\"https:\\\/\\\/atividademapa.com\\\/?product=mapa-fisica-geral-e-experimental-i-51-2024\",\"url\":\"https:\\\/\\\/atividademapa.com\\\/?product=mapa-fisica-geral-e-experimental-i-51-2024\",\"name\":\"MAPA - F\u00edsica Geral e Experimental I - 51\\\/2024\",\"isPartOf\":{\"@id\":\"https:\\\/\\\/atividademapa.com\\\/#website\"},\"primaryImageOfPage\":{\"@id\":\"https:\\\/\\\/atividademapa.com\\\/?product=mapa-fisica-geral-e-experimental-i-51-2024#primaryimage\"},\"image\":{\"@id\":\"https:\\\/\\\/atividademapa.com\\\/?product=mapa-fisica-geral-e-experimental-i-51-2024#primaryimage\"},\"thumbnailUrl\":\"https:\\\/\\\/i0.wp.com\\\/atividademapa.com\\\/wp-content\\\/uploads\\\/2023\\\/03\\\/Atividade-M.A.P.A-3.png?fit=300%2C300&ssl=1\",\"datePublished\":\"2024-03-17T18:14:13+00:00\",\"dateModified\":\"2024-04-16T01:34:45+00:00\",\"description\":\"Atividade MAPA - F\u00edsica Geral e Experimental I - 51\\\/2024 &#8902; Unicesumar. Baixe agora mesmo um Mapa Pronto resolvido!\",\"breadcrumb\":{\"@id\":\"https:\\\/\\\/atividademapa.com\\\/?product=mapa-fisica-geral-e-experimental-i-51-2024#breadcrumb\"},\"inLanguage\":\"pt-BR\",\"potentialAction\":[{\"@type\":\"ReadAction\",\"target\":[\"https:\\\/\\\/atividademapa.com\\\/?product=mapa-fisica-geral-e-experimental-i-51-2024\"]}]},{\"@type\":\"ImageObject\",\"inLanguage\":\"pt-BR\",\"@id\":\"https:\\\/\\\/atividademapa.com\\\/?product=mapa-fisica-geral-e-experimental-i-51-2024#primaryimage\",\"url\":\"https:\\\/\\\/i0.wp.com\\\/atividademapa.com\\\/wp-content\\\/uploads\\\/2023\\\/03\\\/Atividade-M.A.P.A-3.png?fit=300%2C300&ssl=1\",\"contentUrl\":\"https:\\\/\\\/i0.wp.com\\\/atividademapa.com\\\/wp-content\\\/uploads\\\/2023\\\/03\\\/Atividade-M.A.P.A-3.png?fit=300%2C300&ssl=1\",\"width\":300,\"height\":300,\"caption\":\"Mapa Unicesumar Atividade\"},{\"@type\":\"BreadcrumbList\",\"@id\":\"https:\\\/\\\/atividademapa.com\\\/?product=mapa-fisica-geral-e-experimental-i-51-2024#breadcrumb\",\"itemListElement\":[{\"@type\":\"ListItem\",\"position\":1,\"name\":\"In\u00edcio\",\"item\":\"https:\\\/\\\/atividademapa.com\\\/\"},{\"@type\":\"ListItem\",\"position\":2,\"name\":\"MAPAS\",\"item\":\"https:\\\/\\\/atividademapa.com\\\/?page_id=5\"},{\"@type\":\"ListItem\",\"position\":3,\"name\":\"MAPA &#8211; F\u00edsica Geral e Experimental I &#8211; 51\\\/2024\"}]},{\"@type\":\"WebSite\",\"@id\":\"https:\\\/\\\/atividademapa.com\\\/#website\",\"url\":\"https:\\\/\\\/atividademapa.com\\\/\",\"name\":\"Atividade Mapa\",\"description\":\"StudeO | Unicesumar\",\"publisher\":{\"@id\":\"https:\\\/\\\/atividademapa.com\\\/#organization\"},\"potentialAction\":[{\"@type\":\"SearchAction\",\"target\":{\"@type\":\"EntryPoint\",\"urlTemplate\":\"https:\\\/\\\/atividademapa.com\\\/?s={search_term_string}\"},\"query-input\":{\"@type\":\"PropertyValueSpecification\",\"valueRequired\":true,\"valueName\":\"search_term_string\"}}],\"inLanguage\":\"pt-BR\"},{\"@type\":\"Organization\",\"@id\":\"https:\\\/\\\/atividademapa.com\\\/#organization\",\"name\":\"Atividade MAPA\",\"url\":\"https:\\\/\\\/atividademapa.com\\\/\",\"logo\":{\"@type\":\"ImageObject\",\"inLanguage\":\"pt-BR\",\"@id\":\"https:\\\/\\\/atividademapa.com\\\/#\\\/schema\\\/logo\\\/image\\\/\",\"url\":\"https:\\\/\\\/i0.wp.com\\\/atividademapa.com\\\/wp-content\\\/uploads\\\/2023\\\/02\\\/ATIVIDADE.png?fit=600%2C300&ssl=1\",\"contentUrl\":\"https:\\\/\\\/i0.wp.com\\\/atividademapa.com\\\/wp-content\\\/uploads\\\/2023\\\/02\\\/ATIVIDADE.png?fit=600%2C300&ssl=1\",\"width\":600,\"height\":300,\"caption\":\"Atividade MAPA\"},\"image\":{\"@id\":\"https:\\\/\\\/atividademapa.com\\\/#\\\/schema\\\/logo\\\/image\\\/\"}}]}<\/script>\n<!-- \/ Yoast SEO plugin. -->","yoast_head_json":{"title":"MAPA - F\u00edsica Geral e Experimental I - 51\/2024","description":"Atividade MAPA - F\u00edsica Geral e Experimental I - 51\/2024 &#8902; Unicesumar. Baixe agora mesmo um Mapa Pronto resolvido!","robots":{"index":"index","follow":"follow","max-snippet":"max-snippet:-1","max-image-preview":"max-image-preview:large","max-video-preview":"max-video-preview:-1"},"canonical":"https:\/\/atividademapa.com\/?product=mapa-fisica-geral-e-experimental-i-51-2024","og_locale":"pt_BR","og_type":"article","og_title":"MAPA - F\u00edsica Geral e Experimental I - 51\/2024","og_description":"Atividade MAPA - F\u00edsica Geral e Experimental I - 51\/2024 &#8902; Unicesumar. Baixe agora mesmo um Mapa Pronto resolvido!","og_url":"https:\/\/atividademapa.com\/?product=mapa-fisica-geral-e-experimental-i-51-2024","og_site_name":"Atividade Mapa","article_modified_time":"2024-04-16T01:34:45+00:00","og_image":[{"width":300,"height":300,"url":"https:\/\/i0.wp.com\/atividademapa.com\/wp-content\/uploads\/2023\/03\/Atividade-M.A.P.A-3.png?fit=300%2C300&ssl=1","type":"image\/png"}],"twitter_card":"summary_large_image","twitter_misc":{"Est. tempo de leitura":"3 minutos"},"schema":{"@context":"https:\/\/schema.org","@graph":[{"@type":"WebPage","@id":"https:\/\/atividademapa.com\/?product=mapa-fisica-geral-e-experimental-i-51-2024","url":"https:\/\/atividademapa.com\/?product=mapa-fisica-geral-e-experimental-i-51-2024","name":"MAPA - F\u00edsica Geral e Experimental I - 51\/2024","isPartOf":{"@id":"https:\/\/atividademapa.com\/#website"},"primaryImageOfPage":{"@id":"https:\/\/atividademapa.com\/?product=mapa-fisica-geral-e-experimental-i-51-2024#primaryimage"},"image":{"@id":"https:\/\/atividademapa.com\/?product=mapa-fisica-geral-e-experimental-i-51-2024#primaryimage"},"thumbnailUrl":"https:\/\/i0.wp.com\/atividademapa.com\/wp-content\/uploads\/2023\/03\/Atividade-M.A.P.A-3.png?fit=300%2C300&ssl=1","datePublished":"2024-03-17T18:14:13+00:00","dateModified":"2024-04-16T01:34:45+00:00","description":"Atividade MAPA - F\u00edsica Geral e Experimental I - 51\/2024 &#8902; Unicesumar. Baixe agora mesmo um Mapa Pronto resolvido!","breadcrumb":{"@id":"https:\/\/atividademapa.com\/?product=mapa-fisica-geral-e-experimental-i-51-2024#breadcrumb"},"inLanguage":"pt-BR","potentialAction":[{"@type":"ReadAction","target":["https:\/\/atividademapa.com\/?product=mapa-fisica-geral-e-experimental-i-51-2024"]}]},{"@type":"ImageObject","inLanguage":"pt-BR","@id":"https:\/\/atividademapa.com\/?product=mapa-fisica-geral-e-experimental-i-51-2024#primaryimage","url":"https:\/\/i0.wp.com\/atividademapa.com\/wp-content\/uploads\/2023\/03\/Atividade-M.A.P.A-3.png?fit=300%2C300&ssl=1","contentUrl":"https:\/\/i0.wp.com\/atividademapa.com\/wp-content\/uploads\/2023\/03\/Atividade-M.A.P.A-3.png?fit=300%2C300&ssl=1","width":300,"height":300,"caption":"Mapa Unicesumar Atividade"},{"@type":"BreadcrumbList","@id":"https:\/\/atividademapa.com\/?product=mapa-fisica-geral-e-experimental-i-51-2024#breadcrumb","itemListElement":[{"@type":"ListItem","position":1,"name":"In\u00edcio","item":"https:\/\/atividademapa.com\/"},{"@type":"ListItem","position":2,"name":"MAPAS","item":"https:\/\/atividademapa.com\/?page_id=5"},{"@type":"ListItem","position":3,"name":"MAPA &#8211; F\u00edsica Geral e Experimental I &#8211; 51\/2024"}]},{"@type":"WebSite","@id":"https:\/\/atividademapa.com\/#website","url":"https:\/\/atividademapa.com\/","name":"Atividade Mapa","description":"StudeO | Unicesumar","publisher":{"@id":"https:\/\/atividademapa.com\/#organization"},"potentialAction":[{"@type":"SearchAction","target":{"@type":"EntryPoint","urlTemplate":"https:\/\/atividademapa.com\/?s={search_term_string}"},"query-input":{"@type":"PropertyValueSpecification","valueRequired":true,"valueName":"search_term_string"}}],"inLanguage":"pt-BR"},{"@type":"Organization","@id":"https:\/\/atividademapa.com\/#organization","name":"Atividade MAPA","url":"https:\/\/atividademapa.com\/","logo":{"@type":"ImageObject","inLanguage":"pt-BR","@id":"https:\/\/atividademapa.com\/#\/schema\/logo\/image\/","url":"https:\/\/i0.wp.com\/atividademapa.com\/wp-content\/uploads\/2023\/02\/ATIVIDADE.png?fit=600%2C300&ssl=1","contentUrl":"https:\/\/i0.wp.com\/atividademapa.com\/wp-content\/uploads\/2023\/02\/ATIVIDADE.png?fit=600%2C300&ssl=1","width":600,"height":300,"caption":"Atividade MAPA"},"image":{"@id":"https:\/\/atividademapa.com\/#\/schema\/logo\/image\/"}}]}},"_links":{"self":[{"href":"https:\/\/atividademapa.com\/index.php?rest_route=\/wp\/v2\/product\/3580","targetHints":{"allow":["GET"]}}],"collection":[{"href":"https:\/\/atividademapa.com\/index.php?rest_route=\/wp\/v2\/product"}],"about":[{"href":"https:\/\/atividademapa.com\/index.php?rest_route=\/wp\/v2\/types\/product"}],"version-history":[{"count":3,"href":"https:\/\/atividademapa.com\/index.php?rest_route=\/wp\/v2\/product\/3580\/revisions"}],"predecessor-version":[{"id":3584,"href":"https:\/\/atividademapa.com\/index.php?rest_route=\/wp\/v2\/product\/3580\/revisions\/3584"}],"wp:featuredmedia":[{"embeddable":true,"href":"https:\/\/atividademapa.com\/index.php?rest_route=\/wp\/v2\/media\/2326"}],"wp:attachment":[{"href":"https:\/\/atividademapa.com\/index.php?rest_route=%2Fwp%2Fv2%2Fmedia&parent=3580"}],"wp:term":[{"taxonomy":"product_brand","embeddable":true,"href":"https:\/\/atividademapa.com\/index.php?rest_route=%2Fwp%2Fv2%2Fproduct_brand&post=3580"},{"taxonomy":"product_cat","embeddable":true,"href":"https:\/\/atividademapa.com\/index.php?rest_route=%2Fwp%2Fv2%2Fproduct_cat&post=3580"},{"taxonomy":"product_tag","embeddable":true,"href":"https:\/\/atividademapa.com\/index.php?rest_route=%2Fwp%2Fv2%2Fproduct_tag&post=3580"}],"curies":[{"name":"wp","href":"https:\/\/api.w.org\/{rel}","templated":true}]}}