{"id":3607,"date":"2024-03-19T15:23:33","date_gmt":"2024-03-19T18:23:33","guid":{"rendered":"https:\/\/atividademapa.com\/?post_type=product&#038;p=3607"},"modified":"2024-03-28T16:08:09","modified_gmt":"2024-03-28T19:08:09","slug":"mapa-direito-ambiental-agrario-e-legislacao-tributaria-51-2024","status":"publish","type":"product","link":"https:\/\/atividademapa.com\/?product=mapa-direito-ambiental-agrario-e-legislacao-tributaria-51-2024","title":{"rendered":"MAPA Direito, Ambiental, Agr\u00e1rio e Legisla\u00e7\u00e3o Tribut\u00e1ria 51\/2024"},"content":{"rendered":"<h1>MAPA DIREITO, AMBIENTAL, AGR\u00c1RIO E LEGISLA\u00c7\u00c3O TRIBUT\u00c1RIA 51\/2024<\/h1>\n<p>Prezado estudante, bem-vindo \u00e0 nossa atividade MAPA.<\/p>\n<p>Para nosso MAPA da disciplina de Direito Civil, Ambiental, Agr\u00e1rio e Legisla\u00e7\u00e3o Tribut\u00e1ria, voc\u00eas far\u00e3o as vezes de um perito extrajudicial, para tanto, antes de adentrar ao caso, vamos refletir sobre a agricultura familiar, a rela\u00e7\u00e3o entre os membros da fam\u00edlia em agricultura familiar, propriedade rural e atividade rural, compreendendo todas essas tem\u00e1ticas como fundamentais para sua futura realidade profissional.<\/p>\n<p><strong>Vamos l\u00e1!?<\/strong><\/p>\n<p>[&#8230;] A <span style=\"color: #333333;\"><a style=\"color: #333333;\" href=\"https:\/\/www.todamateria.com.br\/agricultura-familiar\/#:~:text=A%20agricultura%20familiar%20%C3%A9%20um,consumo%20de%20parte%20da%20popula%C3%A7%C3%A3o.\">agricultura familiar<\/a><\/span> \u00e9 aquela em que a gest\u00e3o, a propriedade e a maior parte do trabalho, v\u00eam de indiv\u00edduos que mant\u00eam entre si la\u00e7os de sangue ou de casamento. Que esta defini\u00e7\u00e3o n\u00e3o seja un\u00e2nime e muitas vezes tampouco operacional. \u00c9 perfeitamente compreens\u00edvel, j\u00e1 que os diferentes setores sociais e suas representa\u00e7\u00f5es constroem categorias cient\u00edficas que servir\u00e3o a certas finalidades pr\u00e1ticas: a defini\u00e7\u00e3o de agricultura familiar, para fins de atribui\u00e7\u00e3o de cr\u00e9dito, pode n\u00e3o ser exatamente a mesma daquela estabelecida com finalidades de quantifica\u00e7\u00e3o estat\u00edstica num <span style=\"color: #333333;\"><a style=\"color: #333333;\" href=\"https:\/\/atividademapa.com\">estudo acad\u00eamico<\/a><\/span>. O importante \u00e9 que estes tr\u00eas atributos b\u00e1sicos (gest\u00e3o, propriedade e trabalho familiar) est\u00e3o presentes em todas elas. (Abramovay).<\/p>\n<p>No ano de 2006, entrou em vigor a Lei n\u00b0 11.326 que regula sobre a agricultura familiar e seu empreendimento:<\/p>\n<p>Art. 3\u00ba Para os efeitos desta Lei, considera-se agricultor familiar e empreendedor familiar rural aquele que pratica atividades no meio rural, atendendo, simultaneamente, aos seguintes requisitos:<\/p>\n<p>I &#8211; n\u00e3o detenha, a qualquer t\u00edtulo, \u00e1rea maior do que 4 (quatro) m\u00f3dulos fiscais;<\/p>\n<p>II &#8211; utilize predominantemente m\u00e3o-de-obra da pr\u00f3pria fam\u00edlia nas atividades econ\u00f4micas do seu estabelecimento ou empreendimento;<\/p>\n<p>III &#8211; tenha percentual m\u00ednimo da renda familiar originada de atividades econ\u00f4micas do seu estabelecimento ou empreendimento, na forma definida pelo Poder Executivo;<\/p>\n<p>IV &#8211; dirija seu estabelecimento ou empreendimento com sua fam\u00edlia;<\/p>\n<ul>\n<li>1\u00ba O disposto no inciso I do caput deste artigo n\u00e3o se aplica quando se tratar de condom\u00ednio rural ou outras formas coletivas de propriedade, desde que a fra\u00e7\u00e3o ideal por propriet\u00e1rio n\u00e3o ultrapasse 4 (quatro) m\u00f3dulos fiscais. (Brasil, 2006, on-line).<\/li>\n<\/ul>\n<p>J\u00e1 em 2017, o Presidente da Rep\u00fablica criou o Regulamento da Lei acima, por meio do Decreto n\u00b0 9.064:<\/p>\n<p>Art. 3\u00ba A UFPA e o empreendimento familiar rural dever\u00e3o atender aos seguintes requisitos:<\/p>\n<p>I &#8211; possuir, a qualquer t\u00edtulo, \u00e1rea de at\u00e9 quatro m\u00f3dulos fiscais;<\/p>\n<p>II &#8211; utilizar, predominantemente, m\u00e3o de obra familiar nas atividades econ\u00f4micas do estabelecimento ou do empreendimento;<\/p>\n<p>III &#8211; auferir, no m\u00ednimo, metade da renda familiar de atividades econ\u00f4micas do seu estabelecimento ou empreendimento; e<\/p>\n<p>IV &#8211; ser a gest\u00e3o do estabelecimento ou do empreendimento estritamente familiar.<\/p>\n<p>(Brasil, 2017, on-line).<\/p>\n<p>Ainda, a Constitui\u00e7\u00e3o Federal no inciso XXVI do art. 5, da Constitui\u00e7\u00e3o Federal, o Supremo Tribunal Federal no Tema 961 e Superior Tribunal de Justi\u00e7a no Informativo 616, reconhecem que no caso de agricultura familiar o pequeno im\u00f3vel n\u00e3o pode ser penhorado e ou leiloado, tampouco dado em garantia.<\/p>\n<p><strong>Com base nas informa\u00e7\u00f5es acima, segue ao caso:<\/strong><\/p>\n<p><strong>\u00a0<\/strong>\u201cMarcos e Maria, casados entre si, possuem 4 filhos (Pedro, Marta, Tiago e Rute).<\/p>\n<p>O casal s\u00e3o propriet\u00e1rios de 40 hectares de terra, localizada na cidade de Toledo &#8211; Pr. Na propriedade, o casal e seus filhos possuem uma multicultura, dividido na seguinte porcentagem: 40% de aproveitamento para \u2013 hortali\u00e7as, 05% para su\u00edno, 15% para gado de leite, 5% para pastagem, 10% h\u00e1 benfeitorias (estrebaria), cochos, galp\u00f5es etc., e 5% sede\/resid\u00eancia (casa, piscina, campo de futebol), bem como, reservou 20% para reserva legal.<\/p>\n<p>Cumpre esclarecer que na propriedade foi implantado plano de gest\u00e3o, inexistem d\u00edvidas tribut\u00e1rias ou quaisquer pend\u00eancias. O casal vive em regime de agricultura familiar, inclusive todos os seus filhos contribuem, auxiliando nas atividades desenvolvidas na propriedade. Ainda, esclarece que o casal possu\u00ed a DAP e CAF, bem como, toda fam\u00edlia subsiste exclusivamente das atividades desenvolvidas na propriedade. Por fim, esclarece que a fam\u00edlia mora no meio urbano (10 km de dist\u00e2ncia da propriedade), em uma casa pr\u00f3pria, pois a Sra. Maria precisa rotineiramente realizar consultas e procedimentos m\u00e9dicos\u201d.<\/p>\n<p>Neste contexto, para esta atividade MAPA voc\u00ea, enquanto futuro Engenheiro Agr\u00f4nomo dever\u00e1 exercitar e colocar em pr\u00e1tica sua habilidade de pesquisa e investiga\u00e7\u00e3o sobre a agricultura familiar, e ao final <strong>ELABORAR um laudo utilizando o FORMUL\u00c1RIO PADR\u00c3O MAPA, contendo no m\u00e1ximo duas p\u00e1ginas. Para tanto, o texto dever\u00e1 conter:<\/strong><\/p>\n<p><strong>\u00a0<\/strong><strong>T\u00cdTULO: LAUDO PERICIAL<\/strong><\/p>\n<p><strong>\u00a0<\/strong><strong>RELAT\u00d3RIO (Resumo do caso)<\/strong><\/p>\n<p><strong>\u00a0<\/strong><strong>FUNDAMENTA\u00c7\u00c3O: <\/strong>(Elementos encontrados no caso que se amoldam a Lei, Regulamento e conceito de agricultura familiar, principalmente quanto aos seguintes elementos:<\/p>\n<ol>\n<li>I) Tamanho do Im\u00f3vel (at\u00e9 4 m\u00f3dulos fiscais);<\/li>\n<li>II) atividade desenvolvida;<\/li>\n<\/ol>\n<p>III) Se residem ou n\u00e3o no im\u00f3vel (se morar na propriedade ou n\u00e3o descaracteriza a agricultura familiar);<\/p>\n<ol>\n<li>IV) Documentos e elementos que levam a configurar ou n\u00e3o a agricultura familiar.<\/li>\n<\/ol>\n<p><strong>\u00a0<\/strong><strong>CONCLUS\u00c3O. <\/strong>(Dizer se Mario, Maria e sua fam\u00edlia s\u00e3o agricultores familiares ou n\u00e3o. Ex. Ap\u00f3s as fundamenta\u00e7\u00f5es acima, concluo que Mario, Maria e sua fam\u00edlia &#8230;&#8230;.)<\/p>\n<p><strong>\u00a0<\/strong><\/p>\n","protected":false},"excerpt":{"rendered":"<p>MAPA DIREITO, AMBIENTAL, AGR\u00c1RIO E LEGISLA\u00c7\u00c3O TRIBUT\u00c1RIA 51\/2024 Prezado estudante, bem-vindo \u00e0 nossa atividade MAPA. Para nosso MAPA da disciplina<\/p>\n","protected":false},"featured_media":2326,"template":"","meta":{"_monsterinsights_skip_tracking":false,"_monsterinsights_sitenote_active":false,"_monsterinsights_sitenote_note":"","_monsterinsights_sitenote_category":0},"product_brand":[],"product_cat":[49],"product_tag":[128,127],"class_list":{"0":"post-3607","1":"product","2":"type-product","3":"status-publish","4":"has-post-thumbnail","6":"product_cat-agronomia","7":"product_tag-agrario-e-legislacao","8":"product_tag-direito-ambiental","10":"first","11":"instock","12":"downloadable","13":"virtual","14":"purchasable","15":"product-type-simple"},"yoast_head":"<!-- This site is optimized with the Yoast SEO plugin v27.4 - https:\/\/yoast.com\/product\/yoast-seo-wordpress\/ -->\n<title>MAPA Direito, Ambiental, Agr\u00e1rio e Legisla\u00e7\u00e3o Tribut\u00e1ria 51\/2024<\/title>\n<meta name=\"description\" content=\"Atividade MAPA Direito, Ambiental, Agr\u00e1rio e Legisla\u00e7\u00e3o Tribut\u00e1ria 51\/2024 &#8902; Unicesumar. Baixe agora mesmo um Mapa Pronto resolvido!\" \/>\n<meta name=\"robots\" content=\"index, follow, max-snippet:-1, max-image-preview:large, max-video-preview:-1\" \/>\n<link rel=\"canonical\" href=\"https:\/\/atividademapa.com\/?product=mapa-direito-ambiental-agrario-e-legislacao-tributaria-51-2024\" \/>\n<meta property=\"og:locale\" content=\"pt_BR\" \/>\n<meta property=\"og:type\" content=\"article\" \/>\n<meta property=\"og:title\" content=\"MAPA Direito, Ambiental, Agr\u00e1rio e Legisla\u00e7\u00e3o Tribut\u00e1ria 51\/2024\" \/>\n<meta property=\"og:description\" content=\"Atividade MAPA Direito, Ambiental, Agr\u00e1rio e Legisla\u00e7\u00e3o Tribut\u00e1ria 51\/2024 &#8902; Unicesumar. Baixe agora mesmo um Mapa Pronto resolvido!\" \/>\n<meta property=\"og:url\" content=\"https:\/\/atividademapa.com\/?product=mapa-direito-ambiental-agrario-e-legislacao-tributaria-51-2024\" \/>\n<meta property=\"og:site_name\" content=\"Atividade Mapa\" \/>\n<meta property=\"article:modified_time\" content=\"2024-03-28T19:08:09+00:00\" \/>\n<meta property=\"og:image\" content=\"https:\/\/i0.wp.com\/atividademapa.com\/wp-content\/uploads\/2023\/03\/Atividade-M.A.P.A-3.png?fit=300%2C300&ssl=1\" \/>\n\t<meta property=\"og:image:width\" content=\"300\" \/>\n\t<meta property=\"og:image:height\" content=\"300\" \/>\n\t<meta property=\"og:image:type\" content=\"image\/png\" \/>\n<meta name=\"twitter:card\" content=\"summary_large_image\" \/>\n<meta name=\"twitter:label1\" content=\"Est. tempo de leitura\" \/>\n\t<meta name=\"twitter:data1\" content=\"4 minutos\" \/>\n<script type=\"application\/ld+json\" class=\"yoast-schema-graph\">{\"@context\":\"https:\\\/\\\/schema.org\",\"@graph\":[{\"@type\":\"WebPage\",\"@id\":\"https:\\\/\\\/atividademapa.com\\\/?product=mapa-direito-ambiental-agrario-e-legislacao-tributaria-51-2024\",\"url\":\"https:\\\/\\\/atividademapa.com\\\/?product=mapa-direito-ambiental-agrario-e-legislacao-tributaria-51-2024\",\"name\":\"MAPA Direito, Ambiental, Agr\u00e1rio e Legisla\u00e7\u00e3o Tribut\u00e1ria 51\\\/2024\",\"isPartOf\":{\"@id\":\"https:\\\/\\\/atividademapa.com\\\/#website\"},\"primaryImageOfPage\":{\"@id\":\"https:\\\/\\\/atividademapa.com\\\/?product=mapa-direito-ambiental-agrario-e-legislacao-tributaria-51-2024#primaryimage\"},\"image\":{\"@id\":\"https:\\\/\\\/atividademapa.com\\\/?product=mapa-direito-ambiental-agrario-e-legislacao-tributaria-51-2024#primaryimage\"},\"thumbnailUrl\":\"https:\\\/\\\/i0.wp.com\\\/atividademapa.com\\\/wp-content\\\/uploads\\\/2023\\\/03\\\/Atividade-M.A.P.A-3.png?fit=300%2C300&ssl=1\",\"datePublished\":\"2024-03-19T18:23:33+00:00\",\"dateModified\":\"2024-03-28T19:08:09+00:00\",\"description\":\"Atividade MAPA Direito, Ambiental, Agr\u00e1rio e Legisla\u00e7\u00e3o Tribut\u00e1ria 51\\\/2024 &#8902; Unicesumar. Baixe agora mesmo um Mapa Pronto resolvido!\",\"breadcrumb\":{\"@id\":\"https:\\\/\\\/atividademapa.com\\\/?product=mapa-direito-ambiental-agrario-e-legislacao-tributaria-51-2024#breadcrumb\"},\"inLanguage\":\"pt-BR\",\"potentialAction\":[{\"@type\":\"ReadAction\",\"target\":[\"https:\\\/\\\/atividademapa.com\\\/?product=mapa-direito-ambiental-agrario-e-legislacao-tributaria-51-2024\"]}]},{\"@type\":\"ImageObject\",\"inLanguage\":\"pt-BR\",\"@id\":\"https:\\\/\\\/atividademapa.com\\\/?product=mapa-direito-ambiental-agrario-e-legislacao-tributaria-51-2024#primaryimage\",\"url\":\"https:\\\/\\\/i0.wp.com\\\/atividademapa.com\\\/wp-content\\\/uploads\\\/2023\\\/03\\\/Atividade-M.A.P.A-3.png?fit=300%2C300&ssl=1\",\"contentUrl\":\"https:\\\/\\\/i0.wp.com\\\/atividademapa.com\\\/wp-content\\\/uploads\\\/2023\\\/03\\\/Atividade-M.A.P.A-3.png?fit=300%2C300&ssl=1\",\"width\":300,\"height\":300,\"caption\":\"Mapa Unicesumar Atividade\"},{\"@type\":\"BreadcrumbList\",\"@id\":\"https:\\\/\\\/atividademapa.com\\\/?product=mapa-direito-ambiental-agrario-e-legislacao-tributaria-51-2024#breadcrumb\",\"itemListElement\":[{\"@type\":\"ListItem\",\"position\":1,\"name\":\"In\u00edcio\",\"item\":\"https:\\\/\\\/atividademapa.com\\\/\"},{\"@type\":\"ListItem\",\"position\":2,\"name\":\"MAPAS\",\"item\":\"https:\\\/\\\/atividademapa.com\\\/?page_id=5\"},{\"@type\":\"ListItem\",\"position\":3,\"name\":\"MAPA Direito, Ambiental, Agr\u00e1rio e Legisla\u00e7\u00e3o Tribut\u00e1ria 51\\\/2024\"}]},{\"@type\":\"WebSite\",\"@id\":\"https:\\\/\\\/atividademapa.com\\\/#website\",\"url\":\"https:\\\/\\\/atividademapa.com\\\/\",\"name\":\"Atividade Mapa\",\"description\":\"StudeO | Unicesumar\",\"publisher\":{\"@id\":\"https:\\\/\\\/atividademapa.com\\\/#organization\"},\"potentialAction\":[{\"@type\":\"SearchAction\",\"target\":{\"@type\":\"EntryPoint\",\"urlTemplate\":\"https:\\\/\\\/atividademapa.com\\\/?s={search_term_string}\"},\"query-input\":{\"@type\":\"PropertyValueSpecification\",\"valueRequired\":true,\"valueName\":\"search_term_string\"}}],\"inLanguage\":\"pt-BR\"},{\"@type\":\"Organization\",\"@id\":\"https:\\\/\\\/atividademapa.com\\\/#organization\",\"name\":\"Atividade MAPA\",\"url\":\"https:\\\/\\\/atividademapa.com\\\/\",\"logo\":{\"@type\":\"ImageObject\",\"inLanguage\":\"pt-BR\",\"@id\":\"https:\\\/\\\/atividademapa.com\\\/#\\\/schema\\\/logo\\\/image\\\/\",\"url\":\"https:\\\/\\\/i0.wp.com\\\/atividademapa.com\\\/wp-content\\\/uploads\\\/2023\\\/02\\\/ATIVIDADE.png?fit=600%2C300&ssl=1\",\"contentUrl\":\"https:\\\/\\\/i0.wp.com\\\/atividademapa.com\\\/wp-content\\\/uploads\\\/2023\\\/02\\\/ATIVIDADE.png?fit=600%2C300&ssl=1\",\"width\":600,\"height\":300,\"caption\":\"Atividade MAPA\"},\"image\":{\"@id\":\"https:\\\/\\\/atividademapa.com\\\/#\\\/schema\\\/logo\\\/image\\\/\"}}]}<\/script>\n<!-- \/ Yoast SEO plugin. -->","yoast_head_json":{"title":"MAPA Direito, Ambiental, Agr\u00e1rio e Legisla\u00e7\u00e3o Tribut\u00e1ria 51\/2024","description":"Atividade MAPA Direito, Ambiental, Agr\u00e1rio e Legisla\u00e7\u00e3o Tribut\u00e1ria 51\/2024 &#8902; Unicesumar. Baixe agora mesmo um Mapa Pronto resolvido!","robots":{"index":"index","follow":"follow","max-snippet":"max-snippet:-1","max-image-preview":"max-image-preview:large","max-video-preview":"max-video-preview:-1"},"canonical":"https:\/\/atividademapa.com\/?product=mapa-direito-ambiental-agrario-e-legislacao-tributaria-51-2024","og_locale":"pt_BR","og_type":"article","og_title":"MAPA Direito, Ambiental, Agr\u00e1rio e Legisla\u00e7\u00e3o Tribut\u00e1ria 51\/2024","og_description":"Atividade MAPA Direito, Ambiental, Agr\u00e1rio e Legisla\u00e7\u00e3o Tribut\u00e1ria 51\/2024 &#8902; Unicesumar. Baixe agora mesmo um Mapa Pronto resolvido!","og_url":"https:\/\/atividademapa.com\/?product=mapa-direito-ambiental-agrario-e-legislacao-tributaria-51-2024","og_site_name":"Atividade Mapa","article_modified_time":"2024-03-28T19:08:09+00:00","og_image":[{"width":300,"height":300,"url":"https:\/\/i0.wp.com\/atividademapa.com\/wp-content\/uploads\/2023\/03\/Atividade-M.A.P.A-3.png?fit=300%2C300&ssl=1","type":"image\/png"}],"twitter_card":"summary_large_image","twitter_misc":{"Est. tempo de leitura":"4 minutos"},"schema":{"@context":"https:\/\/schema.org","@graph":[{"@type":"WebPage","@id":"https:\/\/atividademapa.com\/?product=mapa-direito-ambiental-agrario-e-legislacao-tributaria-51-2024","url":"https:\/\/atividademapa.com\/?product=mapa-direito-ambiental-agrario-e-legislacao-tributaria-51-2024","name":"MAPA Direito, Ambiental, Agr\u00e1rio e Legisla\u00e7\u00e3o Tribut\u00e1ria 51\/2024","isPartOf":{"@id":"https:\/\/atividademapa.com\/#website"},"primaryImageOfPage":{"@id":"https:\/\/atividademapa.com\/?product=mapa-direito-ambiental-agrario-e-legislacao-tributaria-51-2024#primaryimage"},"image":{"@id":"https:\/\/atividademapa.com\/?product=mapa-direito-ambiental-agrario-e-legislacao-tributaria-51-2024#primaryimage"},"thumbnailUrl":"https:\/\/i0.wp.com\/atividademapa.com\/wp-content\/uploads\/2023\/03\/Atividade-M.A.P.A-3.png?fit=300%2C300&ssl=1","datePublished":"2024-03-19T18:23:33+00:00","dateModified":"2024-03-28T19:08:09+00:00","description":"Atividade MAPA Direito, Ambiental, Agr\u00e1rio e Legisla\u00e7\u00e3o Tribut\u00e1ria 51\/2024 &#8902; Unicesumar. Baixe agora mesmo um Mapa Pronto resolvido!","breadcrumb":{"@id":"https:\/\/atividademapa.com\/?product=mapa-direito-ambiental-agrario-e-legislacao-tributaria-51-2024#breadcrumb"},"inLanguage":"pt-BR","potentialAction":[{"@type":"ReadAction","target":["https:\/\/atividademapa.com\/?product=mapa-direito-ambiental-agrario-e-legislacao-tributaria-51-2024"]}]},{"@type":"ImageObject","inLanguage":"pt-BR","@id":"https:\/\/atividademapa.com\/?product=mapa-direito-ambiental-agrario-e-legislacao-tributaria-51-2024#primaryimage","url":"https:\/\/i0.wp.com\/atividademapa.com\/wp-content\/uploads\/2023\/03\/Atividade-M.A.P.A-3.png?fit=300%2C300&ssl=1","contentUrl":"https:\/\/i0.wp.com\/atividademapa.com\/wp-content\/uploads\/2023\/03\/Atividade-M.A.P.A-3.png?fit=300%2C300&ssl=1","width":300,"height":300,"caption":"Mapa Unicesumar Atividade"},{"@type":"BreadcrumbList","@id":"https:\/\/atividademapa.com\/?product=mapa-direito-ambiental-agrario-e-legislacao-tributaria-51-2024#breadcrumb","itemListElement":[{"@type":"ListItem","position":1,"name":"In\u00edcio","item":"https:\/\/atividademapa.com\/"},{"@type":"ListItem","position":2,"name":"MAPAS","item":"https:\/\/atividademapa.com\/?page_id=5"},{"@type":"ListItem","position":3,"name":"MAPA Direito, Ambiental, Agr\u00e1rio e Legisla\u00e7\u00e3o Tribut\u00e1ria 51\/2024"}]},{"@type":"WebSite","@id":"https:\/\/atividademapa.com\/#website","url":"https:\/\/atividademapa.com\/","name":"Atividade Mapa","description":"StudeO | Unicesumar","publisher":{"@id":"https:\/\/atividademapa.com\/#organization"},"potentialAction":[{"@type":"SearchAction","target":{"@type":"EntryPoint","urlTemplate":"https:\/\/atividademapa.com\/?s={search_term_string}"},"query-input":{"@type":"PropertyValueSpecification","valueRequired":true,"valueName":"search_term_string"}}],"inLanguage":"pt-BR"},{"@type":"Organization","@id":"https:\/\/atividademapa.com\/#organization","name":"Atividade MAPA","url":"https:\/\/atividademapa.com\/","logo":{"@type":"ImageObject","inLanguage":"pt-BR","@id":"https:\/\/atividademapa.com\/#\/schema\/logo\/image\/","url":"https:\/\/i0.wp.com\/atividademapa.com\/wp-content\/uploads\/2023\/02\/ATIVIDADE.png?fit=600%2C300&ssl=1","contentUrl":"https:\/\/i0.wp.com\/atividademapa.com\/wp-content\/uploads\/2023\/02\/ATIVIDADE.png?fit=600%2C300&ssl=1","width":600,"height":300,"caption":"Atividade MAPA"},"image":{"@id":"https:\/\/atividademapa.com\/#\/schema\/logo\/image\/"}}]}},"_links":{"self":[{"href":"https:\/\/atividademapa.com\/index.php?rest_route=\/wp\/v2\/product\/3607","targetHints":{"allow":["GET"]}}],"collection":[{"href":"https:\/\/atividademapa.com\/index.php?rest_route=\/wp\/v2\/product"}],"about":[{"href":"https:\/\/atividademapa.com\/index.php?rest_route=\/wp\/v2\/types\/product"}],"version-history":[{"count":2,"href":"https:\/\/atividademapa.com\/index.php?rest_route=\/wp\/v2\/product\/3607\/revisions"}],"predecessor-version":[{"id":3609,"href":"https:\/\/atividademapa.com\/index.php?rest_route=\/wp\/v2\/product\/3607\/revisions\/3609"}],"wp:featuredmedia":[{"embeddable":true,"href":"https:\/\/atividademapa.com\/index.php?rest_route=\/wp\/v2\/media\/2326"}],"wp:attachment":[{"href":"https:\/\/atividademapa.com\/index.php?rest_route=%2Fwp%2Fv2%2Fmedia&parent=3607"}],"wp:term":[{"taxonomy":"product_brand","embeddable":true,"href":"https:\/\/atividademapa.com\/index.php?rest_route=%2Fwp%2Fv2%2Fproduct_brand&post=3607"},{"taxonomy":"product_cat","embeddable":true,"href":"https:\/\/atividademapa.com\/index.php?rest_route=%2Fwp%2Fv2%2Fproduct_cat&post=3607"},{"taxonomy":"product_tag","embeddable":true,"href":"https:\/\/atividademapa.com\/index.php?rest_route=%2Fwp%2Fv2%2Fproduct_tag&post=3607"}],"curies":[{"name":"wp","href":"https:\/\/api.w.org\/{rel}","templated":true}]}}