{"id":3676,"date":"2024-03-27T10:39:35","date_gmt":"2024-03-27T13:39:35","guid":{"rendered":"https:\/\/atividademapa.com\/?post_type=product&#038;p=3676"},"modified":"2024-03-27T10:39:36","modified_gmt":"2024-03-27T13:39:36","slug":"atv1-ccont-contabilidade-introdutoria-51-2024","status":"publish","type":"product","link":"https:\/\/atividademapa.com\/?product=atv1-ccont-contabilidade-introdutoria-51-2024","title":{"rendered":"ATV1 &#8211; CCONT &#8211; Contabilidade Introdut\u00f3ria 51-2024"},"content":{"rendered":"<h1>ATV1 &#8211; CCONT &#8211; Contabilidade Introdut\u00f3ria 51-2024<\/h1>\n<p>Ol\u00e1, acad\u00eamico(a) de Ci\u00eancias Cont\u00e1beis!<br \/>\nEsta atividade corresponde a Atividade de Estudo 01, na qual voc\u00ea ser\u00e1 instigado a refletir sobre a organiza\u00e7\u00e3o das contas no Balan\u00e7o Patrimonial. Vamos l\u00e1?!<\/p>\n<p>Sendo uma das mais importantes demonstra\u00e7\u00f5es cont\u00e1beis, o Balan\u00e7o Patrimonial \u00e9 respons\u00e1vel por representar graficamente a situa\u00e7\u00e3o financeira e patrimonial de uma entidade.<br \/>\nNele s\u00e3o representadas todas as contas patrimoniais, ou seja: Bens, Direitos e Obriga\u00e7\u00f5es.<\/p>\n<p>Observe na figura abaixo, um modelo bastante simplista de balan\u00e7o patrimonial:<br \/>\nXYZ Ltda<br \/>\nBalan\u00e7o Patrimonial em 31\/01\/20X1<br \/>\nAtivo Passivo<br \/>\nCaixa 2.000,00 Contas \u00e0 pagar 2.200,00<br \/>\nBanco 400,00 Fornecedores 9.800,00<br \/>\nContas \u00e0 receber 3.000,00 Patrim\u00f4nio L\u00edquido<br \/>\nEstoque de Mercadorias 4.000,00 Capital 45.000,00<br \/>\nVe\u00edculos 80.000,00 Lucros Acumulados 32.400,00<br \/>\nTOTAL 89.400,00 TOTAL 89.400,00<br \/>\nFonte: A autora<\/p>\n<p>Elaborado pela professora, 2024.<\/p>\n<p>A disposi\u00e7\u00e3o das contas no balan\u00e7o patrimonial n\u00e3o \u00e9 mero acaso. Assim como na maior parte das atividades cont\u00e1beis, esse demonstrativo tamb\u00e9m possui regras para sua elabora\u00e7\u00e3o. Considerando essa informa\u00e7\u00e3o, observe as disposi\u00e7\u00f5es do Art. 178 da Lei 6.404 de 1976, \u00a7 1\u00ba e \u00a72\u00ba em conjunto com a NBC T 16.6 (01) item \u201c19\u201d, e indique com suas palavras como devem ser organizadas as contas do ativo e do passivo.<\/p>\n","protected":false},"excerpt":{"rendered":"<p>ATV1 &#8211; CCONT &#8211; Contabilidade Introdut\u00f3ria 51-2024 Ol\u00e1, acad\u00eamico(a) de Ci\u00eancias Cont\u00e1beis! Esta atividade corresponde a Atividade de Estudo 01,<\/p>\n","protected":false},"featured_media":2326,"template":"","meta":{"_monsterinsights_skip_tracking":false,"_monsterinsights_sitenote_active":false,"_monsterinsights_sitenote_note":"","_monsterinsights_sitenote_category":0},"product_brand":[],"product_cat":[46],"product_tag":[],"class_list":{"0":"post-3676","1":"product","2":"type-product","3":"status-publish","4":"has-post-thumbnail","6":"product_cat-ciencias-contabeis","8":"first","9":"instock","10":"downloadable","11":"virtual","12":"purchasable","13":"product-type-simple"},"yoast_head":"<!-- This site is optimized with the Yoast SEO plugin v27.4 - https:\/\/yoast.com\/product\/yoast-seo-wordpress\/ -->\n<title>ATV1 - CCONT - Contabilidade Introdut\u00f3ria 51-2024<\/title>\n<meta name=\"description\" content=\"Atividade ATV1 - CCONT - Contabilidade Introdut\u00f3ria 51-2024 &#8902; Unicesumar. Baixe agora mesmo um Mapa Pronto resolvido!\" \/>\n<meta name=\"robots\" content=\"index, follow, max-snippet:-1, max-image-preview:large, max-video-preview:-1\" \/>\n<link rel=\"canonical\" href=\"https:\/\/atividademapa.com\/?product=atv1-ccont-contabilidade-introdutoria-51-2024\" \/>\n<meta property=\"og:locale\" content=\"pt_BR\" \/>\n<meta property=\"og:type\" content=\"article\" \/>\n<meta property=\"og:title\" content=\"ATV1 - CCONT - Contabilidade Introdut\u00f3ria 51-2024\" \/>\n<meta property=\"og:description\" content=\"Atividade ATV1 - CCONT - Contabilidade Introdut\u00f3ria 51-2024 &#8902; Unicesumar. Baixe agora mesmo um Mapa Pronto resolvido!\" \/>\n<meta property=\"og:url\" content=\"https:\/\/atividademapa.com\/?product=atv1-ccont-contabilidade-introdutoria-51-2024\" \/>\n<meta property=\"og:site_name\" content=\"Atividade Mapa\" \/>\n<meta property=\"article:modified_time\" content=\"2024-03-27T13:39:36+00:00\" \/>\n<meta property=\"og:image\" content=\"https:\/\/i0.wp.com\/atividademapa.com\/wp-content\/uploads\/2023\/03\/Atividade-M.A.P.A-3.png?fit=300%2C300&ssl=1\" \/>\n\t<meta property=\"og:image:width\" content=\"300\" \/>\n\t<meta property=\"og:image:height\" content=\"300\" \/>\n\t<meta property=\"og:image:type\" content=\"image\/png\" \/>\n<meta name=\"twitter:card\" content=\"summary_large_image\" \/>\n<meta name=\"twitter:label1\" content=\"Est. tempo de leitura\" \/>\n\t<meta name=\"twitter:data1\" content=\"1 minuto\" \/>\n<script type=\"application\/ld+json\" class=\"yoast-schema-graph\">{\"@context\":\"https:\\\/\\\/schema.org\",\"@graph\":[{\"@type\":\"WebPage\",\"@id\":\"https:\\\/\\\/atividademapa.com\\\/?product=atv1-ccont-contabilidade-introdutoria-51-2024\",\"url\":\"https:\\\/\\\/atividademapa.com\\\/?product=atv1-ccont-contabilidade-introdutoria-51-2024\",\"name\":\"ATV1 - CCONT - Contabilidade Introdut\u00f3ria 51-2024\",\"isPartOf\":{\"@id\":\"https:\\\/\\\/atividademapa.com\\\/#website\"},\"primaryImageOfPage\":{\"@id\":\"https:\\\/\\\/atividademapa.com\\\/?product=atv1-ccont-contabilidade-introdutoria-51-2024#primaryimage\"},\"image\":{\"@id\":\"https:\\\/\\\/atividademapa.com\\\/?product=atv1-ccont-contabilidade-introdutoria-51-2024#primaryimage\"},\"thumbnailUrl\":\"https:\\\/\\\/i0.wp.com\\\/atividademapa.com\\\/wp-content\\\/uploads\\\/2023\\\/03\\\/Atividade-M.A.P.A-3.png?fit=300%2C300&ssl=1\",\"datePublished\":\"2024-03-27T13:39:35+00:00\",\"dateModified\":\"2024-03-27T13:39:36+00:00\",\"description\":\"Atividade ATV1 - CCONT - Contabilidade Introdut\u00f3ria 51-2024 &#8902; Unicesumar. Baixe agora mesmo um Mapa Pronto resolvido!\",\"breadcrumb\":{\"@id\":\"https:\\\/\\\/atividademapa.com\\\/?product=atv1-ccont-contabilidade-introdutoria-51-2024#breadcrumb\"},\"inLanguage\":\"pt-BR\",\"potentialAction\":[{\"@type\":\"ReadAction\",\"target\":[\"https:\\\/\\\/atividademapa.com\\\/?product=atv1-ccont-contabilidade-introdutoria-51-2024\"]}]},{\"@type\":\"ImageObject\",\"inLanguage\":\"pt-BR\",\"@id\":\"https:\\\/\\\/atividademapa.com\\\/?product=atv1-ccont-contabilidade-introdutoria-51-2024#primaryimage\",\"url\":\"https:\\\/\\\/i0.wp.com\\\/atividademapa.com\\\/wp-content\\\/uploads\\\/2023\\\/03\\\/Atividade-M.A.P.A-3.png?fit=300%2C300&ssl=1\",\"contentUrl\":\"https:\\\/\\\/i0.wp.com\\\/atividademapa.com\\\/wp-content\\\/uploads\\\/2023\\\/03\\\/Atividade-M.A.P.A-3.png?fit=300%2C300&ssl=1\",\"width\":300,\"height\":300,\"caption\":\"Mapa Unicesumar Atividade\"},{\"@type\":\"BreadcrumbList\",\"@id\":\"https:\\\/\\\/atividademapa.com\\\/?product=atv1-ccont-contabilidade-introdutoria-51-2024#breadcrumb\",\"itemListElement\":[{\"@type\":\"ListItem\",\"position\":1,\"name\":\"In\u00edcio\",\"item\":\"https:\\\/\\\/atividademapa.com\\\/\"},{\"@type\":\"ListItem\",\"position\":2,\"name\":\"MAPAS\",\"item\":\"https:\\\/\\\/atividademapa.com\\\/?page_id=5\"},{\"@type\":\"ListItem\",\"position\":3,\"name\":\"ATV1 &#8211; CCONT &#8211; Contabilidade Introdut\u00f3ria 51-2024\"}]},{\"@type\":\"WebSite\",\"@id\":\"https:\\\/\\\/atividademapa.com\\\/#website\",\"url\":\"https:\\\/\\\/atividademapa.com\\\/\",\"name\":\"Atividade Mapa\",\"description\":\"StudeO | Unicesumar\",\"publisher\":{\"@id\":\"https:\\\/\\\/atividademapa.com\\\/#organization\"},\"potentialAction\":[{\"@type\":\"SearchAction\",\"target\":{\"@type\":\"EntryPoint\",\"urlTemplate\":\"https:\\\/\\\/atividademapa.com\\\/?s={search_term_string}\"},\"query-input\":{\"@type\":\"PropertyValueSpecification\",\"valueRequired\":true,\"valueName\":\"search_term_string\"}}],\"inLanguage\":\"pt-BR\"},{\"@type\":\"Organization\",\"@id\":\"https:\\\/\\\/atividademapa.com\\\/#organization\",\"name\":\"Atividade MAPA\",\"url\":\"https:\\\/\\\/atividademapa.com\\\/\",\"logo\":{\"@type\":\"ImageObject\",\"inLanguage\":\"pt-BR\",\"@id\":\"https:\\\/\\\/atividademapa.com\\\/#\\\/schema\\\/logo\\\/image\\\/\",\"url\":\"https:\\\/\\\/i0.wp.com\\\/atividademapa.com\\\/wp-content\\\/uploads\\\/2023\\\/02\\\/ATIVIDADE.png?fit=600%2C300&ssl=1\",\"contentUrl\":\"https:\\\/\\\/i0.wp.com\\\/atividademapa.com\\\/wp-content\\\/uploads\\\/2023\\\/02\\\/ATIVIDADE.png?fit=600%2C300&ssl=1\",\"width\":600,\"height\":300,\"caption\":\"Atividade MAPA\"},\"image\":{\"@id\":\"https:\\\/\\\/atividademapa.com\\\/#\\\/schema\\\/logo\\\/image\\\/\"}}]}<\/script>\n<!-- \/ Yoast SEO plugin. -->","yoast_head_json":{"title":"ATV1 - CCONT - Contabilidade Introdut\u00f3ria 51-2024","description":"Atividade ATV1 - CCONT - Contabilidade Introdut\u00f3ria 51-2024 &#8902; Unicesumar. Baixe agora mesmo um Mapa Pronto resolvido!","robots":{"index":"index","follow":"follow","max-snippet":"max-snippet:-1","max-image-preview":"max-image-preview:large","max-video-preview":"max-video-preview:-1"},"canonical":"https:\/\/atividademapa.com\/?product=atv1-ccont-contabilidade-introdutoria-51-2024","og_locale":"pt_BR","og_type":"article","og_title":"ATV1 - CCONT - Contabilidade Introdut\u00f3ria 51-2024","og_description":"Atividade ATV1 - CCONT - Contabilidade Introdut\u00f3ria 51-2024 &#8902; Unicesumar. Baixe agora mesmo um Mapa Pronto resolvido!","og_url":"https:\/\/atividademapa.com\/?product=atv1-ccont-contabilidade-introdutoria-51-2024","og_site_name":"Atividade Mapa","article_modified_time":"2024-03-27T13:39:36+00:00","og_image":[{"width":300,"height":300,"url":"https:\/\/i0.wp.com\/atividademapa.com\/wp-content\/uploads\/2023\/03\/Atividade-M.A.P.A-3.png?fit=300%2C300&ssl=1","type":"image\/png"}],"twitter_card":"summary_large_image","twitter_misc":{"Est. tempo de leitura":"1 minuto"},"schema":{"@context":"https:\/\/schema.org","@graph":[{"@type":"WebPage","@id":"https:\/\/atividademapa.com\/?product=atv1-ccont-contabilidade-introdutoria-51-2024","url":"https:\/\/atividademapa.com\/?product=atv1-ccont-contabilidade-introdutoria-51-2024","name":"ATV1 - CCONT - Contabilidade Introdut\u00f3ria 51-2024","isPartOf":{"@id":"https:\/\/atividademapa.com\/#website"},"primaryImageOfPage":{"@id":"https:\/\/atividademapa.com\/?product=atv1-ccont-contabilidade-introdutoria-51-2024#primaryimage"},"image":{"@id":"https:\/\/atividademapa.com\/?product=atv1-ccont-contabilidade-introdutoria-51-2024#primaryimage"},"thumbnailUrl":"https:\/\/i0.wp.com\/atividademapa.com\/wp-content\/uploads\/2023\/03\/Atividade-M.A.P.A-3.png?fit=300%2C300&ssl=1","datePublished":"2024-03-27T13:39:35+00:00","dateModified":"2024-03-27T13:39:36+00:00","description":"Atividade ATV1 - CCONT - Contabilidade Introdut\u00f3ria 51-2024 &#8902; Unicesumar. Baixe agora mesmo um Mapa Pronto resolvido!","breadcrumb":{"@id":"https:\/\/atividademapa.com\/?product=atv1-ccont-contabilidade-introdutoria-51-2024#breadcrumb"},"inLanguage":"pt-BR","potentialAction":[{"@type":"ReadAction","target":["https:\/\/atividademapa.com\/?product=atv1-ccont-contabilidade-introdutoria-51-2024"]}]},{"@type":"ImageObject","inLanguage":"pt-BR","@id":"https:\/\/atividademapa.com\/?product=atv1-ccont-contabilidade-introdutoria-51-2024#primaryimage","url":"https:\/\/i0.wp.com\/atividademapa.com\/wp-content\/uploads\/2023\/03\/Atividade-M.A.P.A-3.png?fit=300%2C300&ssl=1","contentUrl":"https:\/\/i0.wp.com\/atividademapa.com\/wp-content\/uploads\/2023\/03\/Atividade-M.A.P.A-3.png?fit=300%2C300&ssl=1","width":300,"height":300,"caption":"Mapa Unicesumar Atividade"},{"@type":"BreadcrumbList","@id":"https:\/\/atividademapa.com\/?product=atv1-ccont-contabilidade-introdutoria-51-2024#breadcrumb","itemListElement":[{"@type":"ListItem","position":1,"name":"In\u00edcio","item":"https:\/\/atividademapa.com\/"},{"@type":"ListItem","position":2,"name":"MAPAS","item":"https:\/\/atividademapa.com\/?page_id=5"},{"@type":"ListItem","position":3,"name":"ATV1 &#8211; CCONT &#8211; Contabilidade Introdut\u00f3ria 51-2024"}]},{"@type":"WebSite","@id":"https:\/\/atividademapa.com\/#website","url":"https:\/\/atividademapa.com\/","name":"Atividade Mapa","description":"StudeO | Unicesumar","publisher":{"@id":"https:\/\/atividademapa.com\/#organization"},"potentialAction":[{"@type":"SearchAction","target":{"@type":"EntryPoint","urlTemplate":"https:\/\/atividademapa.com\/?s={search_term_string}"},"query-input":{"@type":"PropertyValueSpecification","valueRequired":true,"valueName":"search_term_string"}}],"inLanguage":"pt-BR"},{"@type":"Organization","@id":"https:\/\/atividademapa.com\/#organization","name":"Atividade MAPA","url":"https:\/\/atividademapa.com\/","logo":{"@type":"ImageObject","inLanguage":"pt-BR","@id":"https:\/\/atividademapa.com\/#\/schema\/logo\/image\/","url":"https:\/\/i0.wp.com\/atividademapa.com\/wp-content\/uploads\/2023\/02\/ATIVIDADE.png?fit=600%2C300&ssl=1","contentUrl":"https:\/\/i0.wp.com\/atividademapa.com\/wp-content\/uploads\/2023\/02\/ATIVIDADE.png?fit=600%2C300&ssl=1","width":600,"height":300,"caption":"Atividade MAPA"},"image":{"@id":"https:\/\/atividademapa.com\/#\/schema\/logo\/image\/"}}]}},"_links":{"self":[{"href":"https:\/\/atividademapa.com\/index.php?rest_route=\/wp\/v2\/product\/3676","targetHints":{"allow":["GET"]}}],"collection":[{"href":"https:\/\/atividademapa.com\/index.php?rest_route=\/wp\/v2\/product"}],"about":[{"href":"https:\/\/atividademapa.com\/index.php?rest_route=\/wp\/v2\/types\/product"}],"version-history":[{"count":1,"href":"https:\/\/atividademapa.com\/index.php?rest_route=\/wp\/v2\/product\/3676\/revisions"}],"predecessor-version":[{"id":3678,"href":"https:\/\/atividademapa.com\/index.php?rest_route=\/wp\/v2\/product\/3676\/revisions\/3678"}],"wp:featuredmedia":[{"embeddable":true,"href":"https:\/\/atividademapa.com\/index.php?rest_route=\/wp\/v2\/media\/2326"}],"wp:attachment":[{"href":"https:\/\/atividademapa.com\/index.php?rest_route=%2Fwp%2Fv2%2Fmedia&parent=3676"}],"wp:term":[{"taxonomy":"product_brand","embeddable":true,"href":"https:\/\/atividademapa.com\/index.php?rest_route=%2Fwp%2Fv2%2Fproduct_brand&post=3676"},{"taxonomy":"product_cat","embeddable":true,"href":"https:\/\/atividademapa.com\/index.php?rest_route=%2Fwp%2Fv2%2Fproduct_cat&post=3676"},{"taxonomy":"product_tag","embeddable":true,"href":"https:\/\/atividademapa.com\/index.php?rest_route=%2Fwp%2Fv2%2Fproduct_tag&post=3676"}],"curies":[{"name":"wp","href":"https:\/\/api.w.org\/{rel}","templated":true}]}}