{"id":3681,"date":"2024-03-28T09:15:14","date_gmt":"2024-03-28T12:15:14","guid":{"rendered":"https:\/\/atividademapa.com\/?post_type=product&#038;p=3681"},"modified":"2024-03-28T09:15:16","modified_gmt":"2024-03-28T12:15:16","slug":"mapa-analise-ergonomica-do-trabalho-51-2024","status":"publish","type":"product","link":"https:\/\/atividademapa.com\/?product=mapa-analise-ergonomica-do-trabalho-51-2024","title":{"rendered":"MAPA An\u00e1lise Ergon\u00f4mica do Trabalho 51\/2024"},"content":{"rendered":"<p>MAPA An\u00e1lise Ergon\u00f4mica do Trabalho<\/p>\n<p>Ol\u00e1, estudante!<\/p>\n<p>Bem-vindo(a) \u00e0 atividade M.A.P.A da disciplina de An\u00e1lise Ergon\u00f4mica do Trabalho. O objetivo desta atividade \u00e9 fazer a aplica\u00e7\u00e3o de alguns conceitos estudados ao longo da disciplina a uma situa\u00e7\u00e3o pr\u00e1tica. Voc\u00ea ir\u00e1 aplicar os conhecimentos sobre o organismo humano e sobre os aspectos de qualidade de vida no trabalho (QVT) em um posto de trabalho de solda de uma ind\u00fastria.<\/p>\n<p>A atividade est\u00e1 dividida em 3 etapas:<\/p>\n<p>Etapa 1: Diagn\u00f3stico de problemas ergon\u00f4micos relacionados \u00e0 biomec\u00e2nica<br \/>\nAqui, voc\u00ea ir\u00e1 realizar um diagn\u00f3stico dos problemas ergon\u00f4micos do posto de trabalho de solda, a partir dos dados coletados no local. Nesta etapa, os problemas abordados devem estar relacionados com a biomec\u00e2nica.<\/p>\n<p>Etapa 2: Diagn\u00f3stico de problemas ergon\u00f4micos relacionados ao estresse no trabalho<br \/>\nNesta etapa, voc\u00ea ir\u00e1 realizar um diagn\u00f3stico dos problemas ergon\u00f4micos do posto de trabalho que est\u00e3o relacionados ao estresse ocupacional. Ser\u00e3o considerados os aspectos n\u00e3o atendidos de qualidade de vida no trabalho.<\/p>\n<p>Etapa 3: Proposta de interven\u00e7\u00e3o ergon\u00f4mica<br \/>\nAp\u00f3s realizar os diagn\u00f3sticos, voc\u00ea dever\u00e1 propor medidas de interven\u00e7\u00e3o para melhorar a ergonomia no posto de trabalho, combatendo os fatores de risco relacionados \u00e0 biomec\u00e2nica e estresse ocupacional.<\/p>\n<p>PREPRADOS? VAMOS L\u00c1!<\/p>\n<p>Ergonomia na atividade de solda<br \/>\nNa confec\u00e7\u00e3o de pe\u00e7as em metal, um processo muito importante \u00e9 o de solda met\u00e1lica, que consiste na uni\u00e3o de materiais por meio de aquecimento e fus\u00e3o de metais. Temos diferentes exemplos de produtos usados em nosso dia a dia que s\u00e3o constru\u00eddos pelo processo de solda: mesas tubulares, chassis de ve\u00edculos, janelas, equipamentos eletrodom\u00e9sticos, tanques de armazenamento, dentre outros.<\/p>\n<p>O soldador, profissional que executa as soldas, est\u00e1 sujeito a diferentes riscos ocupacionais, dentre eles, aqueles ligados \u00e0 ergonomia. Logo abaixo, temos a descri\u00e7\u00e3o da organiza\u00e7\u00e3o do trabalho e das atividades realizadas no posto de trabalho de solda que ser\u00e1 o objeto de estudo da nossa atividade:<\/p>\n<p>&#8211; O trabalhador chega no seu local de trabalho e carrega manualmente pe\u00e7as pesando entre 10 kg a 20 kg, colocando-as sobre uma bancada de trabalho. A bancada possui 55 cm de altura.<\/p>\n<p>&#8211; Na realiza\u00e7\u00e3o do trabalho de solda de pe\u00e7as, o trabalhador mant\u00e9m uma posi\u00e7\u00e3o de trabalho que lhe permita visualizar o ponto de solda, conforme ilustrado pela seguinte imagem:<\/p>\n<p>Fonte: Dispon\u00edvel em: https:\/\/www.pexels.com\/pt-br\/foto\/construcao-trabalho-emprego-tarefa-8411432\/<\/p>\n<p>&#8211; O soldador atua na mesma bancada de trabalho durante 8 horas de trabalho. As pe\u00e7as soldadas s\u00e3o padronizadas. Outros modelos de pe\u00e7a produzidas na ind\u00fastria s\u00e3o soldadas em outro local de trabalho. Cada soldador \u00e9 especializado em um modelo de pe\u00e7as.<\/p>\n<p>&#8211; Ap\u00f3s a finaliza\u00e7\u00e3o de um lote de pe\u00e7as soldadas, um auxiliar de servi\u00e7os gerais transporta o lote de pe\u00e7as a um setor de inspe\u00e7\u00e3o de qualidade. Caso o inspetor de qualidade identifique um defeito, ele retorna as pe\u00e7as para o posto de trabalho da solda.<\/p>\n<p>&#8211; Diariamente, o soldador tem uma meta diferente de pe\u00e7as a serem soldadas. A meta \u00e9 ajustada conforme a programa\u00e7\u00e3o da produ\u00e7\u00e3o. Frequentemente, a meta \u00e9 alterada ao longo do dia, para atender a mudan\u00e7as de previs\u00e3o da demanda.<\/p>\n<p>&#8211; Por press\u00e3o externa dos clientes, o n\u00edvel de qualidade da solda vem aumentando nos \u00faltimos meses. Com isso, em alguns postos de trabalho de solda, o trabalho humano est\u00e1 sendo substitu\u00eddo pela solda realizada por rob\u00f4s.<\/p>\n<p>&#8211; O local de trabalho possui ru\u00eddo na faixa de 85 db(A) a 90 dB(A).<br \/>\nETAPA 1<br \/>\nCom base no descritivo das atividades e organiza\u00e7\u00e3o do trabalho no posto de solda realize um diagn\u00f3stico dos riscos relacionados \u00e0 biomec\u00e2nica, respondendo \u00e0s seguintes quest\u00f5es:<\/p>\n<p>1.a. Quais efeitos negativos o transporte de pe\u00e7as, no in\u00edcio da jornada do trabalhador, pode causar no corpo do trabalhador? Por que estes efeitos acontecem?<br \/>\nRESPOSTA:<\/p>\n<p>1.b. Observando a figura que ilustra o posto de trabalho, existe postura est\u00e1tica? Como ela acontece e quais s\u00e3o seus efeitos no corpo do trabalhador?<br \/>\nRESPOSTA:<\/p>\n<p>1.c. A atividade proporciona algum tipo de esfor\u00e7o repetitivo? Justifique sua resposta.<br \/>\nRESPOSTA:<\/p>\n<p>ETAPA 2<br \/>\nRealize o diagn\u00f3stico dos riscos relacionados ao estresse no trabalho, respondendo \u00e0s seguintes quest\u00f5es:<\/p>\n<p>2.a. Quais fatores da organiza\u00e7\u00e3o do trabalho contribuem para o aumento do estresse no trabalho?<br \/>\nRESPOSTA:<\/p>\n<p>2.b. Como as condi\u00e7\u00f5es do ambiente de trabalho podem contribuir para o aumento do estresse no trabalho?<br \/>\nRESPOSTA:<\/p>\n<p>ETAPA 3<br \/>\nCom base nos problemas identificados nas etapas 1 e 2, proponha medidas de melhoria para a redu\u00e7\u00e3o dos riscos relacionados aos aspectos de biomec\u00e2nica e estresse no trabalho, respondendo os itens a seguir.<\/p>\n<p>3.a. O que pode ser feito para reduzir os riscos relacionados a movimenta\u00e7\u00e3o das pe\u00e7as no in\u00edcio da jornada de trabalho?<br \/>\nRESPOSTA:<\/p>\n<p>3.b. Quais s\u00e3o as recomenda\u00e7\u00f5es de ajuste na postura de trabalho que devem ser feitas para evitar les\u00f5es no sistema musculoesquel\u00e9tico do trabalhador?<br \/>\nRESPOSTA:<\/p>\n<p>3.c. Proponha mudan\u00e7as na forma de organiza\u00e7\u00e3o do trabalho para reduzir o estresse e melhorar a qualidade de vida no trabalho.<br \/>\nRESPOSTA:<\/p>\n","protected":false},"excerpt":{"rendered":"<p>MAPA An\u00e1lise Ergon\u00f4mica do Trabalho Ol\u00e1, estudante! Bem-vindo(a) \u00e0 atividade M.A.P.A da disciplina de An\u00e1lise Ergon\u00f4mica do Trabalho. O objetivo<\/p>\n","protected":false},"featured_media":2326,"template":"","meta":{"_monsterinsights_skip_tracking":false,"_monsterinsights_sitenote_active":false,"_monsterinsights_sitenote_note":"","_monsterinsights_sitenote_category":0},"product_brand":[],"product_cat":[29],"product_tag":[],"class_list":{"0":"post-3681","1":"product","2":"type-product","3":"status-publish","4":"has-post-thumbnail","6":"product_cat-gestao-de-qualidade","8":"first","9":"instock","10":"downloadable","11":"virtual","12":"purchasable","13":"product-type-simple"},"yoast_head":"<!-- This site is optimized with the Yoast SEO plugin v27.4 - https:\/\/yoast.com\/product\/yoast-seo-wordpress\/ -->\n<title>MAPA An\u00e1lise Ergon\u00f4mica do Trabalho 51\/2024<\/title>\n<meta name=\"description\" content=\"Atividade MAPA An\u00e1lise Ergon\u00f4mica do Trabalho 51\/2024 &#8902; Unicesumar. Baixe agora mesmo um Mapa Pronto resolvido!\" \/>\n<meta name=\"robots\" content=\"index, follow, max-snippet:-1, max-image-preview:large, max-video-preview:-1\" \/>\n<link rel=\"canonical\" href=\"https:\/\/atividademapa.com\/?product=mapa-analise-ergonomica-do-trabalho-51-2024\" \/>\n<meta property=\"og:locale\" content=\"pt_BR\" \/>\n<meta property=\"og:type\" content=\"article\" \/>\n<meta property=\"og:title\" content=\"MAPA An\u00e1lise Ergon\u00f4mica do Trabalho 51\/2024\" \/>\n<meta property=\"og:description\" content=\"Atividade MAPA An\u00e1lise Ergon\u00f4mica do Trabalho 51\/2024 &#8902; Unicesumar. Baixe agora mesmo um Mapa Pronto resolvido!\" \/>\n<meta property=\"og:url\" content=\"https:\/\/atividademapa.com\/?product=mapa-analise-ergonomica-do-trabalho-51-2024\" \/>\n<meta property=\"og:site_name\" content=\"Atividade Mapa\" \/>\n<meta property=\"article:modified_time\" content=\"2024-03-28T12:15:16+00:00\" \/>\n<meta property=\"og:image\" content=\"https:\/\/i0.wp.com\/atividademapa.com\/wp-content\/uploads\/2023\/03\/Atividade-M.A.P.A-3.png?fit=300%2C300&ssl=1\" \/>\n\t<meta property=\"og:image:width\" content=\"300\" \/>\n\t<meta property=\"og:image:height\" content=\"300\" \/>\n\t<meta property=\"og:image:type\" content=\"image\/png\" \/>\n<meta name=\"twitter:card\" content=\"summary_large_image\" \/>\n<meta name=\"twitter:label1\" content=\"Est. tempo de leitura\" \/>\n\t<meta name=\"twitter:data1\" content=\"4 minutos\" \/>\n<script type=\"application\/ld+json\" class=\"yoast-schema-graph\">{\"@context\":\"https:\\\/\\\/schema.org\",\"@graph\":[{\"@type\":\"WebPage\",\"@id\":\"https:\\\/\\\/atividademapa.com\\\/?product=mapa-analise-ergonomica-do-trabalho-51-2024\",\"url\":\"https:\\\/\\\/atividademapa.com\\\/?product=mapa-analise-ergonomica-do-trabalho-51-2024\",\"name\":\"MAPA An\u00e1lise Ergon\u00f4mica do Trabalho 51\\\/2024\",\"isPartOf\":{\"@id\":\"https:\\\/\\\/atividademapa.com\\\/#website\"},\"primaryImageOfPage\":{\"@id\":\"https:\\\/\\\/atividademapa.com\\\/?product=mapa-analise-ergonomica-do-trabalho-51-2024#primaryimage\"},\"image\":{\"@id\":\"https:\\\/\\\/atividademapa.com\\\/?product=mapa-analise-ergonomica-do-trabalho-51-2024#primaryimage\"},\"thumbnailUrl\":\"https:\\\/\\\/i0.wp.com\\\/atividademapa.com\\\/wp-content\\\/uploads\\\/2023\\\/03\\\/Atividade-M.A.P.A-3.png?fit=300%2C300&ssl=1\",\"datePublished\":\"2024-03-28T12:15:14+00:00\",\"dateModified\":\"2024-03-28T12:15:16+00:00\",\"description\":\"Atividade MAPA An\u00e1lise Ergon\u00f4mica do Trabalho 51\\\/2024 &#8902; Unicesumar. Baixe agora mesmo um Mapa Pronto resolvido!\",\"breadcrumb\":{\"@id\":\"https:\\\/\\\/atividademapa.com\\\/?product=mapa-analise-ergonomica-do-trabalho-51-2024#breadcrumb\"},\"inLanguage\":\"pt-BR\",\"potentialAction\":[{\"@type\":\"ReadAction\",\"target\":[\"https:\\\/\\\/atividademapa.com\\\/?product=mapa-analise-ergonomica-do-trabalho-51-2024\"]}]},{\"@type\":\"ImageObject\",\"inLanguage\":\"pt-BR\",\"@id\":\"https:\\\/\\\/atividademapa.com\\\/?product=mapa-analise-ergonomica-do-trabalho-51-2024#primaryimage\",\"url\":\"https:\\\/\\\/i0.wp.com\\\/atividademapa.com\\\/wp-content\\\/uploads\\\/2023\\\/03\\\/Atividade-M.A.P.A-3.png?fit=300%2C300&ssl=1\",\"contentUrl\":\"https:\\\/\\\/i0.wp.com\\\/atividademapa.com\\\/wp-content\\\/uploads\\\/2023\\\/03\\\/Atividade-M.A.P.A-3.png?fit=300%2C300&ssl=1\",\"width\":300,\"height\":300,\"caption\":\"Mapa Unicesumar Atividade\"},{\"@type\":\"BreadcrumbList\",\"@id\":\"https:\\\/\\\/atividademapa.com\\\/?product=mapa-analise-ergonomica-do-trabalho-51-2024#breadcrumb\",\"itemListElement\":[{\"@type\":\"ListItem\",\"position\":1,\"name\":\"In\u00edcio\",\"item\":\"https:\\\/\\\/atividademapa.com\\\/\"},{\"@type\":\"ListItem\",\"position\":2,\"name\":\"MAPAS\",\"item\":\"https:\\\/\\\/atividademapa.com\\\/?page_id=5\"},{\"@type\":\"ListItem\",\"position\":3,\"name\":\"MAPA An\u00e1lise Ergon\u00f4mica do Trabalho 51\\\/2024\"}]},{\"@type\":\"WebSite\",\"@id\":\"https:\\\/\\\/atividademapa.com\\\/#website\",\"url\":\"https:\\\/\\\/atividademapa.com\\\/\",\"name\":\"Atividade Mapa\",\"description\":\"StudeO | Unicesumar\",\"publisher\":{\"@id\":\"https:\\\/\\\/atividademapa.com\\\/#organization\"},\"potentialAction\":[{\"@type\":\"SearchAction\",\"target\":{\"@type\":\"EntryPoint\",\"urlTemplate\":\"https:\\\/\\\/atividademapa.com\\\/?s={search_term_string}\"},\"query-input\":{\"@type\":\"PropertyValueSpecification\",\"valueRequired\":true,\"valueName\":\"search_term_string\"}}],\"inLanguage\":\"pt-BR\"},{\"@type\":\"Organization\",\"@id\":\"https:\\\/\\\/atividademapa.com\\\/#organization\",\"name\":\"Atividade MAPA\",\"url\":\"https:\\\/\\\/atividademapa.com\\\/\",\"logo\":{\"@type\":\"ImageObject\",\"inLanguage\":\"pt-BR\",\"@id\":\"https:\\\/\\\/atividademapa.com\\\/#\\\/schema\\\/logo\\\/image\\\/\",\"url\":\"https:\\\/\\\/i0.wp.com\\\/atividademapa.com\\\/wp-content\\\/uploads\\\/2023\\\/02\\\/ATIVIDADE.png?fit=600%2C300&ssl=1\",\"contentUrl\":\"https:\\\/\\\/i0.wp.com\\\/atividademapa.com\\\/wp-content\\\/uploads\\\/2023\\\/02\\\/ATIVIDADE.png?fit=600%2C300&ssl=1\",\"width\":600,\"height\":300,\"caption\":\"Atividade MAPA\"},\"image\":{\"@id\":\"https:\\\/\\\/atividademapa.com\\\/#\\\/schema\\\/logo\\\/image\\\/\"}}]}<\/script>\n<!-- \/ Yoast SEO plugin. -->","yoast_head_json":{"title":"MAPA An\u00e1lise Ergon\u00f4mica do Trabalho 51\/2024","description":"Atividade MAPA An\u00e1lise Ergon\u00f4mica do Trabalho 51\/2024 &#8902; Unicesumar. Baixe agora mesmo um Mapa Pronto resolvido!","robots":{"index":"index","follow":"follow","max-snippet":"max-snippet:-1","max-image-preview":"max-image-preview:large","max-video-preview":"max-video-preview:-1"},"canonical":"https:\/\/atividademapa.com\/?product=mapa-analise-ergonomica-do-trabalho-51-2024","og_locale":"pt_BR","og_type":"article","og_title":"MAPA An\u00e1lise Ergon\u00f4mica do Trabalho 51\/2024","og_description":"Atividade MAPA An\u00e1lise Ergon\u00f4mica do Trabalho 51\/2024 &#8902; Unicesumar. Baixe agora mesmo um Mapa Pronto resolvido!","og_url":"https:\/\/atividademapa.com\/?product=mapa-analise-ergonomica-do-trabalho-51-2024","og_site_name":"Atividade Mapa","article_modified_time":"2024-03-28T12:15:16+00:00","og_image":[{"width":300,"height":300,"url":"https:\/\/i0.wp.com\/atividademapa.com\/wp-content\/uploads\/2023\/03\/Atividade-M.A.P.A-3.png?fit=300%2C300&ssl=1","type":"image\/png"}],"twitter_card":"summary_large_image","twitter_misc":{"Est. tempo de leitura":"4 minutos"},"schema":{"@context":"https:\/\/schema.org","@graph":[{"@type":"WebPage","@id":"https:\/\/atividademapa.com\/?product=mapa-analise-ergonomica-do-trabalho-51-2024","url":"https:\/\/atividademapa.com\/?product=mapa-analise-ergonomica-do-trabalho-51-2024","name":"MAPA An\u00e1lise Ergon\u00f4mica do Trabalho 51\/2024","isPartOf":{"@id":"https:\/\/atividademapa.com\/#website"},"primaryImageOfPage":{"@id":"https:\/\/atividademapa.com\/?product=mapa-analise-ergonomica-do-trabalho-51-2024#primaryimage"},"image":{"@id":"https:\/\/atividademapa.com\/?product=mapa-analise-ergonomica-do-trabalho-51-2024#primaryimage"},"thumbnailUrl":"https:\/\/i0.wp.com\/atividademapa.com\/wp-content\/uploads\/2023\/03\/Atividade-M.A.P.A-3.png?fit=300%2C300&ssl=1","datePublished":"2024-03-28T12:15:14+00:00","dateModified":"2024-03-28T12:15:16+00:00","description":"Atividade MAPA An\u00e1lise Ergon\u00f4mica do Trabalho 51\/2024 &#8902; Unicesumar. Baixe agora mesmo um Mapa Pronto resolvido!","breadcrumb":{"@id":"https:\/\/atividademapa.com\/?product=mapa-analise-ergonomica-do-trabalho-51-2024#breadcrumb"},"inLanguage":"pt-BR","potentialAction":[{"@type":"ReadAction","target":["https:\/\/atividademapa.com\/?product=mapa-analise-ergonomica-do-trabalho-51-2024"]}]},{"@type":"ImageObject","inLanguage":"pt-BR","@id":"https:\/\/atividademapa.com\/?product=mapa-analise-ergonomica-do-trabalho-51-2024#primaryimage","url":"https:\/\/i0.wp.com\/atividademapa.com\/wp-content\/uploads\/2023\/03\/Atividade-M.A.P.A-3.png?fit=300%2C300&ssl=1","contentUrl":"https:\/\/i0.wp.com\/atividademapa.com\/wp-content\/uploads\/2023\/03\/Atividade-M.A.P.A-3.png?fit=300%2C300&ssl=1","width":300,"height":300,"caption":"Mapa Unicesumar Atividade"},{"@type":"BreadcrumbList","@id":"https:\/\/atividademapa.com\/?product=mapa-analise-ergonomica-do-trabalho-51-2024#breadcrumb","itemListElement":[{"@type":"ListItem","position":1,"name":"In\u00edcio","item":"https:\/\/atividademapa.com\/"},{"@type":"ListItem","position":2,"name":"MAPAS","item":"https:\/\/atividademapa.com\/?page_id=5"},{"@type":"ListItem","position":3,"name":"MAPA An\u00e1lise Ergon\u00f4mica do Trabalho 51\/2024"}]},{"@type":"WebSite","@id":"https:\/\/atividademapa.com\/#website","url":"https:\/\/atividademapa.com\/","name":"Atividade Mapa","description":"StudeO | Unicesumar","publisher":{"@id":"https:\/\/atividademapa.com\/#organization"},"potentialAction":[{"@type":"SearchAction","target":{"@type":"EntryPoint","urlTemplate":"https:\/\/atividademapa.com\/?s={search_term_string}"},"query-input":{"@type":"PropertyValueSpecification","valueRequired":true,"valueName":"search_term_string"}}],"inLanguage":"pt-BR"},{"@type":"Organization","@id":"https:\/\/atividademapa.com\/#organization","name":"Atividade MAPA","url":"https:\/\/atividademapa.com\/","logo":{"@type":"ImageObject","inLanguage":"pt-BR","@id":"https:\/\/atividademapa.com\/#\/schema\/logo\/image\/","url":"https:\/\/i0.wp.com\/atividademapa.com\/wp-content\/uploads\/2023\/02\/ATIVIDADE.png?fit=600%2C300&ssl=1","contentUrl":"https:\/\/i0.wp.com\/atividademapa.com\/wp-content\/uploads\/2023\/02\/ATIVIDADE.png?fit=600%2C300&ssl=1","width":600,"height":300,"caption":"Atividade MAPA"},"image":{"@id":"https:\/\/atividademapa.com\/#\/schema\/logo\/image\/"}}]}},"_links":{"self":[{"href":"https:\/\/atividademapa.com\/index.php?rest_route=\/wp\/v2\/product\/3681","targetHints":{"allow":["GET"]}}],"collection":[{"href":"https:\/\/atividademapa.com\/index.php?rest_route=\/wp\/v2\/product"}],"about":[{"href":"https:\/\/atividademapa.com\/index.php?rest_route=\/wp\/v2\/types\/product"}],"version-history":[{"count":1,"href":"https:\/\/atividademapa.com\/index.php?rest_route=\/wp\/v2\/product\/3681\/revisions"}],"predecessor-version":[{"id":3683,"href":"https:\/\/atividademapa.com\/index.php?rest_route=\/wp\/v2\/product\/3681\/revisions\/3683"}],"wp:featuredmedia":[{"embeddable":true,"href":"https:\/\/atividademapa.com\/index.php?rest_route=\/wp\/v2\/media\/2326"}],"wp:attachment":[{"href":"https:\/\/atividademapa.com\/index.php?rest_route=%2Fwp%2Fv2%2Fmedia&parent=3681"}],"wp:term":[{"taxonomy":"product_brand","embeddable":true,"href":"https:\/\/atividademapa.com\/index.php?rest_route=%2Fwp%2Fv2%2Fproduct_brand&post=3681"},{"taxonomy":"product_cat","embeddable":true,"href":"https:\/\/atividademapa.com\/index.php?rest_route=%2Fwp%2Fv2%2Fproduct_cat&post=3681"},{"taxonomy":"product_tag","embeddable":true,"href":"https:\/\/atividademapa.com\/index.php?rest_route=%2Fwp%2Fv2%2Fproduct_tag&post=3681"}],"curies":[{"name":"wp","href":"https:\/\/api.w.org\/{rel}","templated":true}]}}