{"id":3686,"date":"2024-03-28T16:20:50","date_gmt":"2024-03-28T19:20:50","guid":{"rendered":"https:\/\/atividademapa.com\/?post_type=product&#038;p=3686"},"modified":"2024-03-28T16:20:52","modified_gmt":"2024-03-28T19:20:52","slug":"mapa-estatistica-e-probabilidade-51-2024","status":"publish","type":"product","link":"https:\/\/atividademapa.com\/?product=mapa-estatistica-e-probabilidade-51-2024","title":{"rendered":"MAPA &#8211; Estat\u00edstica e Probabilidade &#8211; 51\/2024"},"content":{"rendered":"<h1>MAPA &#8211; Estat\u00edstica e Probabilidade &#8211; 51\/2024<\/h1>\n<p>Voc\u00ea \u00e9 um engenheiro que trabalha em uma consultoria financeira e foi encarregado de analisar o rendimento mensal de uma amostra de 100 clientes de um banco. O objetivo \u00e9 entender a distribui\u00e7\u00e3o dos rendimentos desses clientes para ajudar o banco a segmentar melhor seus servi\u00e7os financeiros.<\/p>\n<p>Ap\u00f3s coletar os dados de rendimento de cada cliente, voc\u00ea criou uma tabela de distribui\u00e7\u00e3o de frequ\u00eancias para resumir e visualizar os dados:<\/p>\n<p>&nbsp;<\/p>\n<p><strong>Tabela 1<\/strong> &#8211; Tabela de Distribui\u00e7\u00e3o de Frequ\u00eancias: rendimento mensal<\/p>\n<table width=\"349\">\n<tbody>\n<tr>\n<td width=\"226\"><strong>Intervalo de Renda (R$)<\/strong><\/td>\n<td width=\"123\"><strong>Frequ\u00eancia<\/strong><\/td>\n<\/tr>\n<tr>\n<td width=\"226\">0 -| 2000<\/td>\n<td width=\"123\">15<\/td>\n<\/tr>\n<tr>\n<td width=\"226\">2000 -| 4000<\/td>\n<td width=\"123\">30<\/td>\n<\/tr>\n<tr>\n<td width=\"226\">4000 -| 6000<\/td>\n<td width=\"123\">25<\/td>\n<\/tr>\n<tr>\n<td width=\"226\">6000 -| 8000<\/td>\n<td width=\"123\">20<\/td>\n<\/tr>\n<tr>\n<td width=\"226\">8000 -| 10000<\/td>\n<td width=\"123\">10<\/td>\n<\/tr>\n<\/tbody>\n<\/table>\n<p>Fonte: a autora (dados fict\u00edcios).<\/p>\n<p>A partir dos dados, voc\u00ea precisa realizar os c\u00e1lculos necess\u00e1rios e responder \u00e0s perguntas que seguem:<\/p>\n<p>Complete a tabela de distribui\u00e7\u00e3o de frequ\u00eancias, conforme modelo abaixo:<\/p>\n<p>&nbsp;<\/p>\n<p>&nbsp;<\/p>\n<table width=\"566\">\n<tbody>\n<tr>\n<td width=\"123\"><strong>Intervalo de Renda (R$)<\/strong><\/td>\n<td width=\"113\"><strong>Frequ\u00eancia<\/strong><\/td>\n<td width=\"104\"><strong>Frequ\u00eancia relativa<\/strong><\/td>\n<td width=\"113\"><strong>Frequ\u00eancia relativa percentual<\/strong><\/td>\n<td width=\"113\"><strong>Frequ\u00eancia absoluta acumulada<\/strong><\/td>\n<\/tr>\n<tr>\n<td width=\"123\">0 -| 2000<\/td>\n<td width=\"113\">15<\/td>\n<td width=\"104\">&nbsp;<\/td>\n<td width=\"113\">&nbsp;<\/td>\n<td width=\"113\">&nbsp;<\/td>\n<\/tr>\n<tr>\n<td width=\"123\">2000 -| 4000<\/td>\n<td width=\"113\">30<\/td>\n<td width=\"104\">&nbsp;<\/td>\n<td width=\"113\">&nbsp;<\/td>\n<td width=\"113\">&nbsp;<\/td>\n<\/tr>\n<tr>\n<td width=\"123\">4000 -| 6000<\/td>\n<td width=\"113\">25<\/td>\n<td width=\"104\">&nbsp;<\/td>\n<td width=\"113\">&nbsp;<\/td>\n<td width=\"113\">&nbsp;<\/td>\n<\/tr>\n<tr>\n<td width=\"123\">6000 -| 8000<\/td>\n<td width=\"113\">20<\/td>\n<td width=\"104\">&nbsp;<\/td>\n<td width=\"113\">&nbsp;<\/td>\n<td width=\"113\">&nbsp;<\/td>\n<\/tr>\n<tr>\n<td width=\"123\">8000 -| 10000<\/td>\n<td width=\"113\">10<\/td>\n<td width=\"104\">&nbsp;<\/td>\n<td width=\"113\">&nbsp;<\/td>\n<td width=\"113\">&nbsp;<\/td>\n<\/tr>\n<\/tbody>\n<\/table>\n<p>&nbsp;<\/p>\n<ol>\n<li>Qual \u00e9 a renda m\u00e9dia dos clientes da amostra?<\/li>\n<li>Qual \u00e9 a renda mediana dos clientes da amostra?<\/li>\n<li>Qual \u00e9 a renda dos clientes mais popular da amostra?<\/li>\n<li>Como estas informa\u00e7\u00f5es podem ser \u00fateis para o banco na segmenta\u00e7\u00e3o de seus servi\u00e7os financeiros?<\/li>\n<\/ol>\n<p>&nbsp;<\/p>\n","protected":false},"excerpt":{"rendered":"<p>MAPA &#8211; Estat\u00edstica e Probabilidade &#8211; 51\/2024 Voc\u00ea \u00e9 um engenheiro que trabalha em uma consultoria financeira e foi encarregado<\/p>\n","protected":false},"featured_media":2326,"template":"","meta":{"_monsterinsights_skip_tracking":false,"_monsterinsights_sitenote_active":false,"_monsterinsights_sitenote_note":"","_monsterinsights_sitenote_category":0},"product_brand":[],"product_cat":[86,45],"product_tag":[],"class_list":{"0":"post-3686","1":"product","2":"type-product","3":"status-publish","4":"has-post-thumbnail","6":"product_cat-engenharia-mecanica","7":"product_cat-engenharias","9":"first","10":"instock","11":"downloadable","12":"virtual","13":"purchasable","14":"product-type-simple"},"yoast_head":"<!-- This site is optimized with the Yoast SEO plugin v27.4 - https:\/\/yoast.com\/product\/yoast-seo-wordpress\/ -->\n<title>MAPA - Estat\u00edstica e Probabilidade - 51\/2024<\/title>\n<meta name=\"description\" content=\"Atividade MAPA - Estat\u00edstica e Probabilidade - 51\/2024 &#8902; Unicesumar. Baixe agora mesmo um Mapa Pronto resolvido!\" \/>\n<meta name=\"robots\" content=\"index, follow, max-snippet:-1, max-image-preview:large, max-video-preview:-1\" \/>\n<link rel=\"canonical\" href=\"https:\/\/atividademapa.com\/?product=mapa-estatistica-e-probabilidade-51-2024\" \/>\n<meta property=\"og:locale\" content=\"pt_BR\" \/>\n<meta property=\"og:type\" content=\"article\" \/>\n<meta property=\"og:title\" content=\"MAPA - Estat\u00edstica e Probabilidade - 51\/2024\" \/>\n<meta property=\"og:description\" content=\"Atividade MAPA - Estat\u00edstica e Probabilidade - 51\/2024 &#8902; Unicesumar. Baixe agora mesmo um Mapa Pronto resolvido!\" \/>\n<meta property=\"og:url\" content=\"https:\/\/atividademapa.com\/?product=mapa-estatistica-e-probabilidade-51-2024\" \/>\n<meta property=\"og:site_name\" content=\"Atividade Mapa\" \/>\n<meta property=\"article:modified_time\" content=\"2024-03-28T19:20:52+00:00\" \/>\n<meta property=\"og:image\" content=\"https:\/\/i0.wp.com\/atividademapa.com\/wp-content\/uploads\/2023\/03\/Atividade-M.A.P.A-3.png?fit=300%2C300&ssl=1\" \/>\n\t<meta property=\"og:image:width\" content=\"300\" \/>\n\t<meta property=\"og:image:height\" content=\"300\" \/>\n\t<meta property=\"og:image:type\" content=\"image\/png\" \/>\n<meta name=\"twitter:card\" content=\"summary_large_image\" \/>\n<meta name=\"twitter:label1\" content=\"Est. tempo de leitura\" \/>\n\t<meta name=\"twitter:data1\" content=\"1 minuto\" \/>\n<script type=\"application\/ld+json\" class=\"yoast-schema-graph\">{\"@context\":\"https:\\\/\\\/schema.org\",\"@graph\":[{\"@type\":\"WebPage\",\"@id\":\"https:\\\/\\\/atividademapa.com\\\/?product=mapa-estatistica-e-probabilidade-51-2024\",\"url\":\"https:\\\/\\\/atividademapa.com\\\/?product=mapa-estatistica-e-probabilidade-51-2024\",\"name\":\"MAPA - Estat\u00edstica e Probabilidade - 51\\\/2024\",\"isPartOf\":{\"@id\":\"https:\\\/\\\/atividademapa.com\\\/#website\"},\"primaryImageOfPage\":{\"@id\":\"https:\\\/\\\/atividademapa.com\\\/?product=mapa-estatistica-e-probabilidade-51-2024#primaryimage\"},\"image\":{\"@id\":\"https:\\\/\\\/atividademapa.com\\\/?product=mapa-estatistica-e-probabilidade-51-2024#primaryimage\"},\"thumbnailUrl\":\"https:\\\/\\\/i0.wp.com\\\/atividademapa.com\\\/wp-content\\\/uploads\\\/2023\\\/03\\\/Atividade-M.A.P.A-3.png?fit=300%2C300&ssl=1\",\"datePublished\":\"2024-03-28T19:20:50+00:00\",\"dateModified\":\"2024-03-28T19:20:52+00:00\",\"description\":\"Atividade MAPA - Estat\u00edstica e Probabilidade - 51\\\/2024 &#8902; Unicesumar. Baixe agora mesmo um Mapa Pronto resolvido!\",\"breadcrumb\":{\"@id\":\"https:\\\/\\\/atividademapa.com\\\/?product=mapa-estatistica-e-probabilidade-51-2024#breadcrumb\"},\"inLanguage\":\"pt-BR\",\"potentialAction\":[{\"@type\":\"ReadAction\",\"target\":[\"https:\\\/\\\/atividademapa.com\\\/?product=mapa-estatistica-e-probabilidade-51-2024\"]}]},{\"@type\":\"ImageObject\",\"inLanguage\":\"pt-BR\",\"@id\":\"https:\\\/\\\/atividademapa.com\\\/?product=mapa-estatistica-e-probabilidade-51-2024#primaryimage\",\"url\":\"https:\\\/\\\/i0.wp.com\\\/atividademapa.com\\\/wp-content\\\/uploads\\\/2023\\\/03\\\/Atividade-M.A.P.A-3.png?fit=300%2C300&ssl=1\",\"contentUrl\":\"https:\\\/\\\/i0.wp.com\\\/atividademapa.com\\\/wp-content\\\/uploads\\\/2023\\\/03\\\/Atividade-M.A.P.A-3.png?fit=300%2C300&ssl=1\",\"width\":300,\"height\":300,\"caption\":\"Mapa Unicesumar Atividade\"},{\"@type\":\"BreadcrumbList\",\"@id\":\"https:\\\/\\\/atividademapa.com\\\/?product=mapa-estatistica-e-probabilidade-51-2024#breadcrumb\",\"itemListElement\":[{\"@type\":\"ListItem\",\"position\":1,\"name\":\"In\u00edcio\",\"item\":\"https:\\\/\\\/atividademapa.com\\\/\"},{\"@type\":\"ListItem\",\"position\":2,\"name\":\"MAPAS\",\"item\":\"https:\\\/\\\/atividademapa.com\\\/?page_id=5\"},{\"@type\":\"ListItem\",\"position\":3,\"name\":\"MAPA &#8211; Estat\u00edstica e Probabilidade &#8211; 51\\\/2024\"}]},{\"@type\":\"WebSite\",\"@id\":\"https:\\\/\\\/atividademapa.com\\\/#website\",\"url\":\"https:\\\/\\\/atividademapa.com\\\/\",\"name\":\"Atividade Mapa\",\"description\":\"StudeO | Unicesumar\",\"publisher\":{\"@id\":\"https:\\\/\\\/atividademapa.com\\\/#organization\"},\"potentialAction\":[{\"@type\":\"SearchAction\",\"target\":{\"@type\":\"EntryPoint\",\"urlTemplate\":\"https:\\\/\\\/atividademapa.com\\\/?s={search_term_string}\"},\"query-input\":{\"@type\":\"PropertyValueSpecification\",\"valueRequired\":true,\"valueName\":\"search_term_string\"}}],\"inLanguage\":\"pt-BR\"},{\"@type\":\"Organization\",\"@id\":\"https:\\\/\\\/atividademapa.com\\\/#organization\",\"name\":\"Atividade MAPA\",\"url\":\"https:\\\/\\\/atividademapa.com\\\/\",\"logo\":{\"@type\":\"ImageObject\",\"inLanguage\":\"pt-BR\",\"@id\":\"https:\\\/\\\/atividademapa.com\\\/#\\\/schema\\\/logo\\\/image\\\/\",\"url\":\"https:\\\/\\\/i0.wp.com\\\/atividademapa.com\\\/wp-content\\\/uploads\\\/2023\\\/02\\\/ATIVIDADE.png?fit=600%2C300&ssl=1\",\"contentUrl\":\"https:\\\/\\\/i0.wp.com\\\/atividademapa.com\\\/wp-content\\\/uploads\\\/2023\\\/02\\\/ATIVIDADE.png?fit=600%2C300&ssl=1\",\"width\":600,\"height\":300,\"caption\":\"Atividade MAPA\"},\"image\":{\"@id\":\"https:\\\/\\\/atividademapa.com\\\/#\\\/schema\\\/logo\\\/image\\\/\"}}]}<\/script>\n<!-- \/ Yoast SEO plugin. -->","yoast_head_json":{"title":"MAPA - Estat\u00edstica e Probabilidade - 51\/2024","description":"Atividade MAPA - Estat\u00edstica e Probabilidade - 51\/2024 &#8902; Unicesumar. Baixe agora mesmo um Mapa Pronto resolvido!","robots":{"index":"index","follow":"follow","max-snippet":"max-snippet:-1","max-image-preview":"max-image-preview:large","max-video-preview":"max-video-preview:-1"},"canonical":"https:\/\/atividademapa.com\/?product=mapa-estatistica-e-probabilidade-51-2024","og_locale":"pt_BR","og_type":"article","og_title":"MAPA - Estat\u00edstica e Probabilidade - 51\/2024","og_description":"Atividade MAPA - Estat\u00edstica e Probabilidade - 51\/2024 &#8902; Unicesumar. Baixe agora mesmo um Mapa Pronto resolvido!","og_url":"https:\/\/atividademapa.com\/?product=mapa-estatistica-e-probabilidade-51-2024","og_site_name":"Atividade Mapa","article_modified_time":"2024-03-28T19:20:52+00:00","og_image":[{"width":300,"height":300,"url":"https:\/\/i0.wp.com\/atividademapa.com\/wp-content\/uploads\/2023\/03\/Atividade-M.A.P.A-3.png?fit=300%2C300&ssl=1","type":"image\/png"}],"twitter_card":"summary_large_image","twitter_misc":{"Est. tempo de leitura":"1 minuto"},"schema":{"@context":"https:\/\/schema.org","@graph":[{"@type":"WebPage","@id":"https:\/\/atividademapa.com\/?product=mapa-estatistica-e-probabilidade-51-2024","url":"https:\/\/atividademapa.com\/?product=mapa-estatistica-e-probabilidade-51-2024","name":"MAPA - Estat\u00edstica e Probabilidade - 51\/2024","isPartOf":{"@id":"https:\/\/atividademapa.com\/#website"},"primaryImageOfPage":{"@id":"https:\/\/atividademapa.com\/?product=mapa-estatistica-e-probabilidade-51-2024#primaryimage"},"image":{"@id":"https:\/\/atividademapa.com\/?product=mapa-estatistica-e-probabilidade-51-2024#primaryimage"},"thumbnailUrl":"https:\/\/i0.wp.com\/atividademapa.com\/wp-content\/uploads\/2023\/03\/Atividade-M.A.P.A-3.png?fit=300%2C300&ssl=1","datePublished":"2024-03-28T19:20:50+00:00","dateModified":"2024-03-28T19:20:52+00:00","description":"Atividade MAPA - Estat\u00edstica e Probabilidade - 51\/2024 &#8902; Unicesumar. Baixe agora mesmo um Mapa Pronto resolvido!","breadcrumb":{"@id":"https:\/\/atividademapa.com\/?product=mapa-estatistica-e-probabilidade-51-2024#breadcrumb"},"inLanguage":"pt-BR","potentialAction":[{"@type":"ReadAction","target":["https:\/\/atividademapa.com\/?product=mapa-estatistica-e-probabilidade-51-2024"]}]},{"@type":"ImageObject","inLanguage":"pt-BR","@id":"https:\/\/atividademapa.com\/?product=mapa-estatistica-e-probabilidade-51-2024#primaryimage","url":"https:\/\/i0.wp.com\/atividademapa.com\/wp-content\/uploads\/2023\/03\/Atividade-M.A.P.A-3.png?fit=300%2C300&ssl=1","contentUrl":"https:\/\/i0.wp.com\/atividademapa.com\/wp-content\/uploads\/2023\/03\/Atividade-M.A.P.A-3.png?fit=300%2C300&ssl=1","width":300,"height":300,"caption":"Mapa Unicesumar Atividade"},{"@type":"BreadcrumbList","@id":"https:\/\/atividademapa.com\/?product=mapa-estatistica-e-probabilidade-51-2024#breadcrumb","itemListElement":[{"@type":"ListItem","position":1,"name":"In\u00edcio","item":"https:\/\/atividademapa.com\/"},{"@type":"ListItem","position":2,"name":"MAPAS","item":"https:\/\/atividademapa.com\/?page_id=5"},{"@type":"ListItem","position":3,"name":"MAPA &#8211; Estat\u00edstica e Probabilidade &#8211; 51\/2024"}]},{"@type":"WebSite","@id":"https:\/\/atividademapa.com\/#website","url":"https:\/\/atividademapa.com\/","name":"Atividade Mapa","description":"StudeO | Unicesumar","publisher":{"@id":"https:\/\/atividademapa.com\/#organization"},"potentialAction":[{"@type":"SearchAction","target":{"@type":"EntryPoint","urlTemplate":"https:\/\/atividademapa.com\/?s={search_term_string}"},"query-input":{"@type":"PropertyValueSpecification","valueRequired":true,"valueName":"search_term_string"}}],"inLanguage":"pt-BR"},{"@type":"Organization","@id":"https:\/\/atividademapa.com\/#organization","name":"Atividade MAPA","url":"https:\/\/atividademapa.com\/","logo":{"@type":"ImageObject","inLanguage":"pt-BR","@id":"https:\/\/atividademapa.com\/#\/schema\/logo\/image\/","url":"https:\/\/i0.wp.com\/atividademapa.com\/wp-content\/uploads\/2023\/02\/ATIVIDADE.png?fit=600%2C300&ssl=1","contentUrl":"https:\/\/i0.wp.com\/atividademapa.com\/wp-content\/uploads\/2023\/02\/ATIVIDADE.png?fit=600%2C300&ssl=1","width":600,"height":300,"caption":"Atividade MAPA"},"image":{"@id":"https:\/\/atividademapa.com\/#\/schema\/logo\/image\/"}}]}},"_links":{"self":[{"href":"https:\/\/atividademapa.com\/index.php?rest_route=\/wp\/v2\/product\/3686","targetHints":{"allow":["GET"]}}],"collection":[{"href":"https:\/\/atividademapa.com\/index.php?rest_route=\/wp\/v2\/product"}],"about":[{"href":"https:\/\/atividademapa.com\/index.php?rest_route=\/wp\/v2\/types\/product"}],"version-history":[{"count":1,"href":"https:\/\/atividademapa.com\/index.php?rest_route=\/wp\/v2\/product\/3686\/revisions"}],"predecessor-version":[{"id":3688,"href":"https:\/\/atividademapa.com\/index.php?rest_route=\/wp\/v2\/product\/3686\/revisions\/3688"}],"wp:featuredmedia":[{"embeddable":true,"href":"https:\/\/atividademapa.com\/index.php?rest_route=\/wp\/v2\/media\/2326"}],"wp:attachment":[{"href":"https:\/\/atividademapa.com\/index.php?rest_route=%2Fwp%2Fv2%2Fmedia&parent=3686"}],"wp:term":[{"taxonomy":"product_brand","embeddable":true,"href":"https:\/\/atividademapa.com\/index.php?rest_route=%2Fwp%2Fv2%2Fproduct_brand&post=3686"},{"taxonomy":"product_cat","embeddable":true,"href":"https:\/\/atividademapa.com\/index.php?rest_route=%2Fwp%2Fv2%2Fproduct_cat&post=3686"},{"taxonomy":"product_tag","embeddable":true,"href":"https:\/\/atividademapa.com\/index.php?rest_route=%2Fwp%2Fv2%2Fproduct_tag&post=3686"}],"curies":[{"name":"wp","href":"https:\/\/api.w.org\/{rel}","templated":true}]}}