{"id":3693,"date":"2024-03-30T21:48:19","date_gmt":"2024-03-31T00:48:19","guid":{"rendered":"https:\/\/atividademapa.com\/?post_type=product&#038;p=3693"},"modified":"2024-04-22T16:39:05","modified_gmt":"2024-04-22T19:39:05","slug":"mapa-cenarios-economicos-51-2024","status":"publish","type":"product","link":"https:\/\/atividademapa.com\/?product=mapa-cenarios-economicos-51-2024","title":{"rendered":"MAPA &#8211; Cen\u00e1rios Econ\u00f4micos &#8211; 51\/2024"},"content":{"rendered":"<h1>MAPA &#8211; Cen\u00e1rios Econ\u00f4micos &#8211; 51\/2024<\/h1>\n<p>Ol\u00e1, queridos(as) acad\u00eamicos(as). A atividade proposta corresponde ao M.A.P.A., Material de Avalia\u00e7\u00e3o Pr\u00e1tica da Aprendizagem.<\/p>\n<p>O objetivo desta atividade \u00e9 fazer com que voc\u00ea se sinta imersivo em uma an\u00e1lise acerca da infla\u00e7\u00e3o no Brasil antes do Plano Real.<\/p>\n<p>PROBLEMATIZA\u00c7\u00c3O: Quais eram os objetivos do presidente Itamar Franco com a implanta\u00e7\u00e3o\/execu\u00e7\u00e3o do Plano Real?<\/p>\n<p>H\u00e1 exatos 30 anos, o Brasil come\u00e7ou a executar o Plano Real, um conjunto de medidas que finalmente criou uma moeda forte e p\u00f4s fim a um hist\u00f3rico de hiperinfla\u00e7\u00e3o persistente.<br \/>\nO Plano Real foi deslanchado no fim de fevereiro de 1994, quando o presidente Itamar Franco enviou para vota\u00e7\u00e3o no Congresso Nacional a medida provis\u00f3ria (MP) que criou a Unidade Real de Valor (URV), uma esp\u00e9cie de moeda fict\u00edcia que antecedeu o real.<\/p>\n<p>SIGNIFICA\u00c7\u00c3O:<\/p>\n<p>A conclus\u00e3o do plano se deu na virada de junho para julho, quando Itamar mandou para os senadores e deputados a MP que implantou o real \u2014 a moeda brasileira mais duradoura desde 1942.<br \/>\nA situa\u00e7\u00e3o era t\u00e3o grave que, nos oito anos anteriores ao Plano Real, o pa\u00eds teve quatro moedas diferentes e chegou a registrar, segundo o \u00cdndice de Pre\u00e7os ao Consumidor Amplo (IPCA), um aumento anual de pre\u00e7os de quase 2.500%. Como compara\u00e7\u00e3o, a infla\u00e7\u00e3o de 2023 foi de 4,6%.<\/p>\n<p>EXPERIMENTA\u00c7\u00c3O:<\/p>\n<p>Documentos da \u00e9poca guardados hoje no Arquivo do Senado, em Bras\u00edlia, mostram que muitos senadores manifestaram otimismo e esperan\u00e7a quanto \u00e0s chances de sucesso do Plano Real enquanto alguns, descrentes, prognosticaram que a infla\u00e7\u00e3o, ap\u00f3s cair no primeiro momento, logo voltaria com for\u00e7a total.<\/p>\n<p>Como voc\u00ea ou membros da sua fam\u00edlia, tais como av\u00f3s, pais, tios, primos, irm\u00e3os, entre outros, enfrentaram esse per\u00edodo?<\/p>\n<p>REFLEX\u00c3O: Vamos refletir?<\/p>\n<p>Nos tempos da hiperinfla\u00e7\u00e3o, os funcion\u00e1rios do com\u00e9rcio usavam a todo momento as m\u00e1quinas de etiquetar pre\u00e7os, substituindo os valores antigos por novos mais altos. Foi na \u00e9poca do Plano Real que come\u00e7ou a se espalhar pelo Brasil a tecnologia da leitura de c\u00f3digo de barras.<\/p>\n<p>Voc\u00ea j\u00e1 parou para pensar o que \u00e9 viver num pa\u00eds onde os pre\u00e7os se alteravam a todo o momento?<\/p>\n<p>CONCEITUALIZA\u00c7\u00c3O:<\/p>\n<p>Infla\u00e7\u00e3o \u00e9 o aumento cont\u00ednuo dos pre\u00e7os de bens e servi\u00e7os na economia. Medido por \u00edndices como o \u00cdndice Nacional de Pre\u00e7os ao Consumidor Amplo (IPCA), que reflete a perda do poder de compra da moeda.<\/p>\n<p>Para uma melhor compreens\u00e3o do conceito, analise as palavras do Senador Nabor J\u00fanior (PMDB-AC) acerca da mat\u00e9ria no per\u00edodo em quest\u00e3o:<\/p>\n<p>Em fevereiro de 1994, \u00e0s v\u00e9speras de o governo mandar para o Congresso a primeira das duas MPs do Plano Real, o senador Nabor J\u00fanior (PMDB-AC) p\u00f4s a hiperinfla\u00e7\u00e3o brasileira em termos concretos e pr\u00e1ticos:<\/p>\n<p>O p\u00e3ozinho franc\u00eas de 50 gramas, que \u00e9 a alimenta\u00e7\u00e3o b\u00e1sica da popula\u00e7\u00e3o brasileira, na semana passada custava CR$ 38 [cruzeiros reais] e hoje est\u00e1 sendo comprado a R$ 58. N\u00e3o podemos admitir que isso ocorra num tempo democr\u00e1tico e fundado nos direitos sociais.<\/p>\n<p>A\u00c7\u00c3O:<\/p>\n<p>De acordo com o economista Pedro Paulo Zahluth Bastos, professor da Unicamp e coordenador do Centro de Estudos de Conjuntura e Pol\u00edtica Econ\u00f4mica criou-se o discurso de que a alta infla\u00e7\u00e3o surgiu porque o Brasil era irrespons\u00e1vel nos gastos p\u00fablicos. Isso colou, mas n\u00e3o \u00e9 verdade. A alta infla\u00e7\u00e3o surgiu por causa da pol\u00edtica econ\u00f4mica orientada para gerar grandes super\u00e1vits comerciais de modo a pagar o servi\u00e7o da d\u00edvida e proteger os bancos americanos. Foi isso que interrompeu o nosso ciclo de crescimento econ\u00f4mico.<\/p>\n<p>AVALIA\u00c7\u00c3O:<\/p>\n<p>Para tentar derrotar a hiperinfla\u00e7\u00e3o, os dois primeiros presidentes do per\u00edodo democr\u00e1tico tentaram de tudo.<\/p>\n<p>Os planos econ\u00f4micos do presidente Jos\u00e9 Sarney inclu\u00edram o congelamento de pre\u00e7os, com a convoca\u00e7\u00e3o aos cidad\u00e3os para que denunciassem \u00e0s autoridades os comerciantes que remarcassem os pre\u00e7os ou escondessem as mercadorias. Eles ficaram conhecidos como \u201cfiscais do Sarney\u201d.<\/p>\n<p>Os planos de Fernando Collor de Mello, por sua vez, inclu\u00edram o confisco tempor\u00e1rio do dinheiro que a popula\u00e7\u00e3o tinha depositado nos bancos.<\/p>\n<p>As experi\u00eancias foram traum\u00e1ticas. No caso dos congelamentos, os pre\u00e7os de fato baixaram inicialmente, mas logo em seguida dispararam de novo, num violento efeito rebote.<br \/>\nNo caso do confisco banc\u00e1rio, os brasileiros se sentiram tra\u00eddos, pois Collor havia dito que seria o candidato Luiz In\u00e1cio Lula da Silva quem faria isso se vencesse a elei\u00e7\u00e3o presidencial de 1989.<\/p>\n<p>O Plano Real que o ministro Fernando Henrique Cardoso prometia n\u00e3o teria nada disso.<\/p>\n<p>WESTIN, Ricardo. Antes do Plano Real, infla\u00e7\u00e3o no Brasil chegou a 2.500% ao ano. Bras\u00edlia: Senado Federal, 2024. Dispon\u00edvel em &lt;https:\/\/www12.senado.leg.br\/noticias\/especiais\/arquivo-s\/antes-do-plano-real-inflacao-no-brasil-chegou-a-2-500-ao-ano&gt; Acesso em: 05 fev. 2024.<\/p>\n<p>Isto posto, considere que voc\u00ea \u00e9 um estudante dedicado de Cen\u00e1rios Econ\u00f4micos, que foi convidado para analisar a mat\u00e9ria em apre\u00e7o. Para tal, voc\u00ea realizar\u00e1 pesquisas, em fontes confi\u00e1veis, na rede mundial de computadores.<\/p>\n<p>Ap\u00f3s realizar suas pesquisas seu desafio \u00e9 apresentar respostas claras e objetivas para as seguintes quest\u00f5es:<\/p>\n<p>(a) Porque o Governo e a popula\u00e7\u00e3o devem se preocupar com a Infla\u00e7\u00e3o?<\/p>\n<p>(b) Como o agente econ\u00f4mico pode se proteger da Infla\u00e7\u00e3o?<\/p>\n<p>c) De que maneira a alta infla\u00e7\u00e3o impacta o emprego, a renda e a economia?<\/p>\n","protected":false},"excerpt":{"rendered":"<p>MAPA &#8211; Cen\u00e1rios Econ\u00f4micos &#8211; 51\/2024 Ol\u00e1, queridos(as) acad\u00eamicos(as). A atividade proposta corresponde ao M.A.P.A., Material de Avalia\u00e7\u00e3o Pr\u00e1tica da<\/p>\n","protected":false},"featured_media":2326,"template":"","meta":{"_monsterinsights_skip_tracking":false,"_monsterinsights_sitenote_active":false,"_monsterinsights_sitenote_note":"","_monsterinsights_sitenote_category":0},"product_brand":[],"product_cat":[22,46,27],"product_tag":[],"class_list":{"0":"post-3693","1":"product","2":"type-product","3":"status-publish","4":"has-post-thumbnail","6":"product_cat-administracao","7":"product_cat-ciencias-contabeis","8":"product_cat-ciencias-economicas","10":"first","11":"instock","12":"downloadable","13":"virtual","14":"purchasable","15":"product-type-simple"},"yoast_head":"<!-- This site is optimized with the Yoast SEO plugin v27.4 - https:\/\/yoast.com\/product\/yoast-seo-wordpress\/ -->\n<title>MAPA - Cen\u00e1rios Econ\u00f4micos - 51\/2024<\/title>\n<meta name=\"description\" content=\"Atividade MAPA - Cen\u00e1rios Econ\u00f4micos - 51\/2024 &#8902; Unicesumar. Baixe agora mesmo um Mapa Pronto resolvido!\" \/>\n<meta name=\"robots\" content=\"index, follow, max-snippet:-1, max-image-preview:large, max-video-preview:-1\" \/>\n<link rel=\"canonical\" href=\"https:\/\/atividademapa.com\/?product=mapa-cenarios-economicos-51-2024\" \/>\n<meta property=\"og:locale\" content=\"pt_BR\" \/>\n<meta property=\"og:type\" content=\"article\" \/>\n<meta property=\"og:title\" content=\"MAPA - Cen\u00e1rios Econ\u00f4micos - 51\/2024\" \/>\n<meta property=\"og:description\" content=\"Atividade MAPA - Cen\u00e1rios Econ\u00f4micos - 51\/2024 &#8902; Unicesumar. Baixe agora mesmo um Mapa Pronto resolvido!\" \/>\n<meta property=\"og:url\" content=\"https:\/\/atividademapa.com\/?product=mapa-cenarios-economicos-51-2024\" \/>\n<meta property=\"og:site_name\" content=\"Atividade Mapa\" \/>\n<meta property=\"article:modified_time\" content=\"2024-04-22T19:39:05+00:00\" \/>\n<meta property=\"og:image\" content=\"https:\/\/i0.wp.com\/atividademapa.com\/wp-content\/uploads\/2023\/03\/Atividade-M.A.P.A-3.png?fit=300%2C300&ssl=1\" \/>\n\t<meta property=\"og:image:width\" content=\"300\" \/>\n\t<meta property=\"og:image:height\" content=\"300\" \/>\n\t<meta property=\"og:image:type\" content=\"image\/png\" \/>\n<meta name=\"twitter:card\" content=\"summary_large_image\" \/>\n<meta name=\"twitter:label1\" content=\"Est. tempo de leitura\" \/>\n\t<meta name=\"twitter:data1\" content=\"5 minutos\" \/>\n<script type=\"application\/ld+json\" class=\"yoast-schema-graph\">{\"@context\":\"https:\\\/\\\/schema.org\",\"@graph\":[{\"@type\":\"WebPage\",\"@id\":\"https:\\\/\\\/atividademapa.com\\\/?product=mapa-cenarios-economicos-51-2024\",\"url\":\"https:\\\/\\\/atividademapa.com\\\/?product=mapa-cenarios-economicos-51-2024\",\"name\":\"MAPA - Cen\u00e1rios Econ\u00f4micos - 51\\\/2024\",\"isPartOf\":{\"@id\":\"https:\\\/\\\/atividademapa.com\\\/#website\"},\"primaryImageOfPage\":{\"@id\":\"https:\\\/\\\/atividademapa.com\\\/?product=mapa-cenarios-economicos-51-2024#primaryimage\"},\"image\":{\"@id\":\"https:\\\/\\\/atividademapa.com\\\/?product=mapa-cenarios-economicos-51-2024#primaryimage\"},\"thumbnailUrl\":\"https:\\\/\\\/i0.wp.com\\\/atividademapa.com\\\/wp-content\\\/uploads\\\/2023\\\/03\\\/Atividade-M.A.P.A-3.png?fit=300%2C300&ssl=1\",\"datePublished\":\"2024-03-31T00:48:19+00:00\",\"dateModified\":\"2024-04-22T19:39:05+00:00\",\"description\":\"Atividade MAPA - Cen\u00e1rios Econ\u00f4micos - 51\\\/2024 &#8902; Unicesumar. Baixe agora mesmo um Mapa Pronto resolvido!\",\"breadcrumb\":{\"@id\":\"https:\\\/\\\/atividademapa.com\\\/?product=mapa-cenarios-economicos-51-2024#breadcrumb\"},\"inLanguage\":\"pt-BR\",\"potentialAction\":[{\"@type\":\"ReadAction\",\"target\":[\"https:\\\/\\\/atividademapa.com\\\/?product=mapa-cenarios-economicos-51-2024\"]}]},{\"@type\":\"ImageObject\",\"inLanguage\":\"pt-BR\",\"@id\":\"https:\\\/\\\/atividademapa.com\\\/?product=mapa-cenarios-economicos-51-2024#primaryimage\",\"url\":\"https:\\\/\\\/i0.wp.com\\\/atividademapa.com\\\/wp-content\\\/uploads\\\/2023\\\/03\\\/Atividade-M.A.P.A-3.png?fit=300%2C300&ssl=1\",\"contentUrl\":\"https:\\\/\\\/i0.wp.com\\\/atividademapa.com\\\/wp-content\\\/uploads\\\/2023\\\/03\\\/Atividade-M.A.P.A-3.png?fit=300%2C300&ssl=1\",\"width\":300,\"height\":300,\"caption\":\"Mapa Unicesumar Atividade\"},{\"@type\":\"BreadcrumbList\",\"@id\":\"https:\\\/\\\/atividademapa.com\\\/?product=mapa-cenarios-economicos-51-2024#breadcrumb\",\"itemListElement\":[{\"@type\":\"ListItem\",\"position\":1,\"name\":\"In\u00edcio\",\"item\":\"https:\\\/\\\/atividademapa.com\\\/\"},{\"@type\":\"ListItem\",\"position\":2,\"name\":\"MAPAS\",\"item\":\"https:\\\/\\\/atividademapa.com\\\/?page_id=5\"},{\"@type\":\"ListItem\",\"position\":3,\"name\":\"MAPA &#8211; Cen\u00e1rios Econ\u00f4micos &#8211; 51\\\/2024\"}]},{\"@type\":\"WebSite\",\"@id\":\"https:\\\/\\\/atividademapa.com\\\/#website\",\"url\":\"https:\\\/\\\/atividademapa.com\\\/\",\"name\":\"Atividade Mapa\",\"description\":\"StudeO | Unicesumar\",\"publisher\":{\"@id\":\"https:\\\/\\\/atividademapa.com\\\/#organization\"},\"potentialAction\":[{\"@type\":\"SearchAction\",\"target\":{\"@type\":\"EntryPoint\",\"urlTemplate\":\"https:\\\/\\\/atividademapa.com\\\/?s={search_term_string}\"},\"query-input\":{\"@type\":\"PropertyValueSpecification\",\"valueRequired\":true,\"valueName\":\"search_term_string\"}}],\"inLanguage\":\"pt-BR\"},{\"@type\":\"Organization\",\"@id\":\"https:\\\/\\\/atividademapa.com\\\/#organization\",\"name\":\"Atividade MAPA\",\"url\":\"https:\\\/\\\/atividademapa.com\\\/\",\"logo\":{\"@type\":\"ImageObject\",\"inLanguage\":\"pt-BR\",\"@id\":\"https:\\\/\\\/atividademapa.com\\\/#\\\/schema\\\/logo\\\/image\\\/\",\"url\":\"https:\\\/\\\/i0.wp.com\\\/atividademapa.com\\\/wp-content\\\/uploads\\\/2023\\\/02\\\/ATIVIDADE.png?fit=600%2C300&ssl=1\",\"contentUrl\":\"https:\\\/\\\/i0.wp.com\\\/atividademapa.com\\\/wp-content\\\/uploads\\\/2023\\\/02\\\/ATIVIDADE.png?fit=600%2C300&ssl=1\",\"width\":600,\"height\":300,\"caption\":\"Atividade MAPA\"},\"image\":{\"@id\":\"https:\\\/\\\/atividademapa.com\\\/#\\\/schema\\\/logo\\\/image\\\/\"}}]}<\/script>\n<!-- \/ Yoast SEO plugin. -->","yoast_head_json":{"title":"MAPA - Cen\u00e1rios Econ\u00f4micos - 51\/2024","description":"Atividade MAPA - Cen\u00e1rios Econ\u00f4micos - 51\/2024 &#8902; Unicesumar. Baixe agora mesmo um Mapa Pronto resolvido!","robots":{"index":"index","follow":"follow","max-snippet":"max-snippet:-1","max-image-preview":"max-image-preview:large","max-video-preview":"max-video-preview:-1"},"canonical":"https:\/\/atividademapa.com\/?product=mapa-cenarios-economicos-51-2024","og_locale":"pt_BR","og_type":"article","og_title":"MAPA - Cen\u00e1rios Econ\u00f4micos - 51\/2024","og_description":"Atividade MAPA - Cen\u00e1rios Econ\u00f4micos - 51\/2024 &#8902; Unicesumar. Baixe agora mesmo um Mapa Pronto resolvido!","og_url":"https:\/\/atividademapa.com\/?product=mapa-cenarios-economicos-51-2024","og_site_name":"Atividade Mapa","article_modified_time":"2024-04-22T19:39:05+00:00","og_image":[{"width":300,"height":300,"url":"https:\/\/i0.wp.com\/atividademapa.com\/wp-content\/uploads\/2023\/03\/Atividade-M.A.P.A-3.png?fit=300%2C300&ssl=1","type":"image\/png"}],"twitter_card":"summary_large_image","twitter_misc":{"Est. tempo de leitura":"5 minutos"},"schema":{"@context":"https:\/\/schema.org","@graph":[{"@type":"WebPage","@id":"https:\/\/atividademapa.com\/?product=mapa-cenarios-economicos-51-2024","url":"https:\/\/atividademapa.com\/?product=mapa-cenarios-economicos-51-2024","name":"MAPA - Cen\u00e1rios Econ\u00f4micos - 51\/2024","isPartOf":{"@id":"https:\/\/atividademapa.com\/#website"},"primaryImageOfPage":{"@id":"https:\/\/atividademapa.com\/?product=mapa-cenarios-economicos-51-2024#primaryimage"},"image":{"@id":"https:\/\/atividademapa.com\/?product=mapa-cenarios-economicos-51-2024#primaryimage"},"thumbnailUrl":"https:\/\/i0.wp.com\/atividademapa.com\/wp-content\/uploads\/2023\/03\/Atividade-M.A.P.A-3.png?fit=300%2C300&ssl=1","datePublished":"2024-03-31T00:48:19+00:00","dateModified":"2024-04-22T19:39:05+00:00","description":"Atividade MAPA - Cen\u00e1rios Econ\u00f4micos - 51\/2024 &#8902; Unicesumar. Baixe agora mesmo um Mapa Pronto resolvido!","breadcrumb":{"@id":"https:\/\/atividademapa.com\/?product=mapa-cenarios-economicos-51-2024#breadcrumb"},"inLanguage":"pt-BR","potentialAction":[{"@type":"ReadAction","target":["https:\/\/atividademapa.com\/?product=mapa-cenarios-economicos-51-2024"]}]},{"@type":"ImageObject","inLanguage":"pt-BR","@id":"https:\/\/atividademapa.com\/?product=mapa-cenarios-economicos-51-2024#primaryimage","url":"https:\/\/i0.wp.com\/atividademapa.com\/wp-content\/uploads\/2023\/03\/Atividade-M.A.P.A-3.png?fit=300%2C300&ssl=1","contentUrl":"https:\/\/i0.wp.com\/atividademapa.com\/wp-content\/uploads\/2023\/03\/Atividade-M.A.P.A-3.png?fit=300%2C300&ssl=1","width":300,"height":300,"caption":"Mapa Unicesumar Atividade"},{"@type":"BreadcrumbList","@id":"https:\/\/atividademapa.com\/?product=mapa-cenarios-economicos-51-2024#breadcrumb","itemListElement":[{"@type":"ListItem","position":1,"name":"In\u00edcio","item":"https:\/\/atividademapa.com\/"},{"@type":"ListItem","position":2,"name":"MAPAS","item":"https:\/\/atividademapa.com\/?page_id=5"},{"@type":"ListItem","position":3,"name":"MAPA &#8211; Cen\u00e1rios Econ\u00f4micos &#8211; 51\/2024"}]},{"@type":"WebSite","@id":"https:\/\/atividademapa.com\/#website","url":"https:\/\/atividademapa.com\/","name":"Atividade Mapa","description":"StudeO | Unicesumar","publisher":{"@id":"https:\/\/atividademapa.com\/#organization"},"potentialAction":[{"@type":"SearchAction","target":{"@type":"EntryPoint","urlTemplate":"https:\/\/atividademapa.com\/?s={search_term_string}"},"query-input":{"@type":"PropertyValueSpecification","valueRequired":true,"valueName":"search_term_string"}}],"inLanguage":"pt-BR"},{"@type":"Organization","@id":"https:\/\/atividademapa.com\/#organization","name":"Atividade MAPA","url":"https:\/\/atividademapa.com\/","logo":{"@type":"ImageObject","inLanguage":"pt-BR","@id":"https:\/\/atividademapa.com\/#\/schema\/logo\/image\/","url":"https:\/\/i0.wp.com\/atividademapa.com\/wp-content\/uploads\/2023\/02\/ATIVIDADE.png?fit=600%2C300&ssl=1","contentUrl":"https:\/\/i0.wp.com\/atividademapa.com\/wp-content\/uploads\/2023\/02\/ATIVIDADE.png?fit=600%2C300&ssl=1","width":600,"height":300,"caption":"Atividade MAPA"},"image":{"@id":"https:\/\/atividademapa.com\/#\/schema\/logo\/image\/"}}]}},"_links":{"self":[{"href":"https:\/\/atividademapa.com\/index.php?rest_route=\/wp\/v2\/product\/3693","targetHints":{"allow":["GET"]}}],"collection":[{"href":"https:\/\/atividademapa.com\/index.php?rest_route=\/wp\/v2\/product"}],"about":[{"href":"https:\/\/atividademapa.com\/index.php?rest_route=\/wp\/v2\/types\/product"}],"version-history":[{"count":2,"href":"https:\/\/atividademapa.com\/index.php?rest_route=\/wp\/v2\/product\/3693\/revisions"}],"predecessor-version":[{"id":3854,"href":"https:\/\/atividademapa.com\/index.php?rest_route=\/wp\/v2\/product\/3693\/revisions\/3854"}],"wp:featuredmedia":[{"embeddable":true,"href":"https:\/\/atividademapa.com\/index.php?rest_route=\/wp\/v2\/media\/2326"}],"wp:attachment":[{"href":"https:\/\/atividademapa.com\/index.php?rest_route=%2Fwp%2Fv2%2Fmedia&parent=3693"}],"wp:term":[{"taxonomy":"product_brand","embeddable":true,"href":"https:\/\/atividademapa.com\/index.php?rest_route=%2Fwp%2Fv2%2Fproduct_brand&post=3693"},{"taxonomy":"product_cat","embeddable":true,"href":"https:\/\/atividademapa.com\/index.php?rest_route=%2Fwp%2Fv2%2Fproduct_cat&post=3693"},{"taxonomy":"product_tag","embeddable":true,"href":"https:\/\/atividademapa.com\/index.php?rest_route=%2Fwp%2Fv2%2Fproduct_tag&post=3693"}],"curies":[{"name":"wp","href":"https:\/\/api.w.org\/{rel}","templated":true}]}}