{"id":3723,"date":"2024-04-10T00:26:30","date_gmt":"2024-04-10T03:26:30","guid":{"rendered":"https:\/\/atividademapa.com\/?post_type=product&#038;p=3723"},"modified":"2024-04-10T00:26:31","modified_gmt":"2024-04-10T03:26:31","slug":"mapa-adm-estatistica-51-2024","status":"publish","type":"product","link":"https:\/\/atividademapa.com\/?product=mapa-adm-estatistica-51-2024","title":{"rendered":"MAPA &#8211; ADM &#8211; ESTAT\u00cdSTICA &#8211; 51\/2024"},"content":{"rendered":"<h2>MAPA &#8211; ADM &#8211; ESTAT\u00cdSTICA &#8211; 51\/2024<\/h2>\n<p>PROBLEMATIZA\u00c7\u00c3O<br \/>\nO mercado est\u00e1 cada vez mais competitivo, por isso, \u00e9 importante voc\u00ea se adequar \u00e0s principais tend\u00eancias e oportunidades, al\u00e9m de compreender bem o mercado no qual est\u00e1 inserido e obter melhores resultados.<br \/>\nAfinal, toda informa\u00e7\u00e3o que envolve a concorr\u00eancia e os consumidores, s\u00e3o de suma import\u00e2ncia para os gestores tomarem decis\u00f5es mais assertivas e garantirem o sucesso da empresa.<br \/>\nPara se destacar dos concorrentes, \u00e9 ideal realizar a pesquisa de mercado antes mesmo de investir.<\/p>\n<p>SIGNIFICA\u00c7\u00c3O<br \/>\nUma defini\u00e7\u00e3o de pesquisa de mercado, segundo a Associa\u00e7\u00e3o Nacional de Empresas de Pesquisa de Mercado (ANEP):<br \/>\n\u201cA coleta sistem\u00e1tica e o registro, classifica\u00e7\u00e3o, an\u00e1lise e apresenta\u00e7\u00e3o objetiva de dados sobre h\u00e1bitos, comportamentos, atitudes, valores, necessidades, opini\u00f5es e motiva\u00e7\u00f5es de indiv\u00edduos e organiza\u00e7\u00f5es dentro do contexto de suas atividades econ\u00f4micas, sociais, pol\u00edticas e cotidianas\u201d.<\/p>\n<p>EXPERIMENTA\u00c7\u00c3O<br \/>\nN\u00e3o h\u00e1 como negar que o avan\u00e7o da tecnologia influenciou em novas oportunidades para as empresas, independente do segmento de atua\u00e7\u00e3o.<br \/>\nNeste contexto, a pesquisa de mercado \u00e9 de suma import\u00e2ncia, tendo em vista que permite identificar as oportunidades e problemas no mercado em que est\u00e1 inserida.<br \/>\nAo coletar informa\u00e7\u00f5es junto ao consumidor, concorrente ou fornecedor, \u00e9 poss\u00edvel entender o que a organiza\u00e7\u00e3o precisa para chegar aos resultados almejados, e quais s\u00e3o as estrat\u00e9gias a serem guiadas, ou seja, uma pesquisa bem elaborada pode ser crucial para o desempenho de qualquer neg\u00f3cio.<\/p>\n<p>REFLEX\u00c3O<br \/>\nN\u00e3o s\u00f3 isso, mas tamb\u00e9m contribui significativamente em analisar o relacionamento com os clientes, percep\u00e7\u00f5es dos servi\u00e7os ou produto, al\u00e9m da concorr\u00eancia. Afinal, uma pesquisa de mercado serve para orientar um gestor na tomada de decis\u00f5es ou solucionar problemas.<\/p>\n<p>Fonte: adaptado de: https:\/\/www.questionpro.com\/blog\/pt-br\/principais-beneficios-da-pesquisa-de-mercado\/. Acesso em: 30 jan. 2024.<\/p>\n<p>A\u00c7\u00c3O\/AVALIA\u00c7\u00c3O:<br \/>\nDentre os principais benef\u00edcios de uma pesquisa de mercado est\u00e3o a identifica\u00e7\u00e3o de problemas ou necessidades de materiais de consumo. Um desses materiais de consumo \u00e9 o combust\u00edvel e sua volatilidade. Estima-se que o consumo de gasolina no Brasil, em 2024, crescer\u00e1 em 0,3% e de etanol, 8%, prev\u00ea StoneX.<\/p>\n<p>Fonte: adaptado de: https:\/\/www.udop.com.br\/noticia\/2023\/11\/09\/consumo-de-gasolina-no-brasil-em-2024-crescera-0-3-o-de-etanol-8-preve-stonex.html. Acesso em: 30 jan. 2024.<\/p>\n<p>Mediante o exposto, com base nos conhecimentos adquiridos na disciplina de Estat\u00edstica, nossa atividade MAPA, ser\u00e1 sobre o consumo de combust\u00edvel.<\/p>\n<p>Etapa 2: Agora \u00e9 com voc\u00ea!<\/p>\n<p>A partir da leitura do texto de apoio e considerando os estudos sobre pesquisa de mercado, fa\u00e7a o que se pede a seguir.<\/p>\n<p>1) Sua miss\u00e3o \u00e9 realizar uma pesquisa de mercado. Para isto, fa\u00e7a uma pesquisa, possivelmente entre colegas e familiares sobre o consumo de combust\u00edvel. Dessa forma, voc\u00ea dever\u00e1 realizar a coleta de dados por meio de entrevista com, no m\u00ednimo, 15 pessoas. Essa pesquisa pode ser realizada mediante a constru\u00e7\u00e3o de um formul\u00e1rio online (google forms, por exemplo \u2013 no v\u00eddeo explicativo do MAPA, haver\u00e1 um passo a passo para a cria\u00e7\u00e3o do formul\u00e1rio) ou, a pesquisa pode ocorrer presencialmente, coletando as informa\u00e7\u00f5es individualmente.<\/p>\n<p>Voc\u00ea, querido(a) aluno(a), poder\u00e1 elaborar as quest\u00f5es do formul\u00e1rio para a entrevista, por\u00e9m, algumas informa\u00e7\u00f5es s\u00e3o essenciais e PRECISAM constar em sua pesquisa:<\/p>\n<p>1.1 Qual sua cidade\/estado?<br \/>\n1.2 Possui ve\u00edculo motorizado? Qual? (carro, moto, caminh\u00e3o etc.)<br \/>\n1.3 Quantos ve\u00edculos possui em sua resid\u00eancia?<br \/>\n1.4 Qual tipo de combust\u00edvel utiliza normalmente? (gasolina, gasolina aditivada, etanol, diesel)<br \/>\n1.5 Qual o consumo normal de combust\u00edvel do seu ve\u00edculo?<br \/>\n1.6 Qual o valor pago pelo litro do combust\u00edvel no \u00faltimo abastecimento?<br \/>\n1.7 Notou alguma varia\u00e7\u00e3o do pre\u00e7o do combust\u00edvel?<\/p>\n<p>Aten\u00e7\u00e3o!<br \/>\nAl\u00e9m dessas perguntas, voc\u00ea pode elaborar outras que possam lhe auxiliar em uma poss\u00edvel an\u00e1lise para tomada de decis\u00e3o.<br \/>\nImportante lembrar que, pesquisas muito longas possuem uma menor chance de respostas confi\u00e1veis!<br \/>\nUtilize o template disponibilizado no Material da Disciplina, e apresente uma tabela com as respostas obtidas na pesquisa realizada por voc\u00ea.<\/p>\n<p>2) Apresente um relat\u00f3rio com uma an\u00e1lise estat\u00edstica e descritiva da pesquisa que voc\u00ea realizou. Dentro dessa an\u00e1lise, cujo objetivo \u00e9 entender o consumo e o mercado de combust\u00edveis ao seu redor, \u00e9 fundamental que voc\u00ea apresente e descreva:<\/p>\n<p>2.1 C\u00e1lculo da m\u00e9dia de ve\u00edculos por resid\u00eancia.<br \/>\n2.2 Por meio de um gr\u00e1fico de setores, por exemplo, o combust\u00edvel mais utilizado.<br \/>\n2.3 C\u00e1lculo da m\u00e9dia de consumo de combust\u00edvel (aqui \u00e9 importante separar e agrupar ve\u00edculos que utilizam o mesmo tipo de combust\u00edvel).<br \/>\n2.4 C\u00e1lculo da m\u00e9dia do valor pago pelo litro do combust\u00edvel (aqui \u00e9 importante separar e agrupar ve\u00edculos que utilizam o mesmo tipo de combust\u00edvel).<br \/>\nImportante! Para cada item exposto, voc\u00ea deve apresentar o c\u00e1lculo, o resultado e a an\u00e1lise descritiva.<\/p>\n<p>3) Com base nos dados coletados sobre o consumo de combust\u00edvel fa\u00e7a uma an\u00e1lise geral dessas informa\u00e7\u00f5es, enfatizando a m\u00e9dia de consumo por pessoa e, para esta situa\u00e7\u00e3o em espec\u00edfico, explique como \u00e9 poss\u00edvel reduzir esse consumo de forma sustent\u00e1vel.<\/p>\n","protected":false},"excerpt":{"rendered":"<p>MAPA &#8211; ADM &#8211; ESTAT\u00cdSTICA &#8211; 51\/2024 PROBLEMATIZA\u00c7\u00c3O O mercado est\u00e1 cada vez mais competitivo, por isso, \u00e9 importante voc\u00ea<\/p>\n","protected":false},"featured_media":2326,"template":"","meta":{"_monsterinsights_skip_tracking":false,"_monsterinsights_sitenote_active":false,"_monsterinsights_sitenote_note":"","_monsterinsights_sitenote_category":0},"product_brand":[],"product_cat":[22],"product_tag":[],"class_list":{"0":"post-3723","1":"product","2":"type-product","3":"status-publish","4":"has-post-thumbnail","6":"product_cat-administracao","8":"first","9":"instock","10":"downloadable","11":"virtual","12":"purchasable","13":"product-type-simple"},"yoast_head":"<!-- This site is optimized with the Yoast SEO plugin v27.4 - https:\/\/yoast.com\/product\/yoast-seo-wordpress\/ -->\n<title>MAPA - ADM - ESTAT\u00cdSTICA - 51\/2024<\/title>\n<meta name=\"description\" content=\"Atividade MAPA - ADM - ESTAT\u00cdSTICA - 51\/2024 &#8902; Unicesumar. Baixe agora mesmo um Mapa Pronto resolvido!\" \/>\n<meta name=\"robots\" content=\"index, follow, max-snippet:-1, max-image-preview:large, max-video-preview:-1\" \/>\n<link rel=\"canonical\" href=\"https:\/\/atividademapa.com\/?product=mapa-adm-estatistica-51-2024\" \/>\n<meta property=\"og:locale\" content=\"pt_BR\" \/>\n<meta property=\"og:type\" content=\"article\" \/>\n<meta property=\"og:title\" content=\"MAPA - ADM - ESTAT\u00cdSTICA - 51\/2024\" \/>\n<meta property=\"og:description\" content=\"Atividade MAPA - ADM - ESTAT\u00cdSTICA - 51\/2024 &#8902; Unicesumar. Baixe agora mesmo um Mapa Pronto resolvido!\" \/>\n<meta property=\"og:url\" content=\"https:\/\/atividademapa.com\/?product=mapa-adm-estatistica-51-2024\" \/>\n<meta property=\"og:site_name\" content=\"Atividade Mapa\" \/>\n<meta property=\"article:modified_time\" content=\"2024-04-10T03:26:31+00:00\" \/>\n<meta property=\"og:image\" content=\"https:\/\/i0.wp.com\/atividademapa.com\/wp-content\/uploads\/2023\/03\/Atividade-M.A.P.A-3.png?fit=300%2C300&ssl=1\" \/>\n\t<meta property=\"og:image:width\" content=\"300\" \/>\n\t<meta property=\"og:image:height\" content=\"300\" \/>\n\t<meta property=\"og:image:type\" content=\"image\/png\" \/>\n<meta name=\"twitter:card\" content=\"summary_large_image\" \/>\n<meta name=\"twitter:label1\" content=\"Est. tempo de leitura\" \/>\n\t<meta name=\"twitter:data1\" content=\"4 minutos\" \/>\n<script type=\"application\/ld+json\" class=\"yoast-schema-graph\">{\"@context\":\"https:\\\/\\\/schema.org\",\"@graph\":[{\"@type\":\"WebPage\",\"@id\":\"https:\\\/\\\/atividademapa.com\\\/?product=mapa-adm-estatistica-51-2024\",\"url\":\"https:\\\/\\\/atividademapa.com\\\/?product=mapa-adm-estatistica-51-2024\",\"name\":\"MAPA - ADM - ESTAT\u00cdSTICA - 51\\\/2024\",\"isPartOf\":{\"@id\":\"https:\\\/\\\/atividademapa.com\\\/#website\"},\"primaryImageOfPage\":{\"@id\":\"https:\\\/\\\/atividademapa.com\\\/?product=mapa-adm-estatistica-51-2024#primaryimage\"},\"image\":{\"@id\":\"https:\\\/\\\/atividademapa.com\\\/?product=mapa-adm-estatistica-51-2024#primaryimage\"},\"thumbnailUrl\":\"https:\\\/\\\/i0.wp.com\\\/atividademapa.com\\\/wp-content\\\/uploads\\\/2023\\\/03\\\/Atividade-M.A.P.A-3.png?fit=300%2C300&ssl=1\",\"datePublished\":\"2024-04-10T03:26:30+00:00\",\"dateModified\":\"2024-04-10T03:26:31+00:00\",\"description\":\"Atividade MAPA - ADM - ESTAT\u00cdSTICA - 51\\\/2024 &#8902; Unicesumar. Baixe agora mesmo um Mapa Pronto resolvido!\",\"breadcrumb\":{\"@id\":\"https:\\\/\\\/atividademapa.com\\\/?product=mapa-adm-estatistica-51-2024#breadcrumb\"},\"inLanguage\":\"pt-BR\",\"potentialAction\":[{\"@type\":\"ReadAction\",\"target\":[\"https:\\\/\\\/atividademapa.com\\\/?product=mapa-adm-estatistica-51-2024\"]}]},{\"@type\":\"ImageObject\",\"inLanguage\":\"pt-BR\",\"@id\":\"https:\\\/\\\/atividademapa.com\\\/?product=mapa-adm-estatistica-51-2024#primaryimage\",\"url\":\"https:\\\/\\\/i0.wp.com\\\/atividademapa.com\\\/wp-content\\\/uploads\\\/2023\\\/03\\\/Atividade-M.A.P.A-3.png?fit=300%2C300&ssl=1\",\"contentUrl\":\"https:\\\/\\\/i0.wp.com\\\/atividademapa.com\\\/wp-content\\\/uploads\\\/2023\\\/03\\\/Atividade-M.A.P.A-3.png?fit=300%2C300&ssl=1\",\"width\":300,\"height\":300,\"caption\":\"Mapa Unicesumar Atividade\"},{\"@type\":\"BreadcrumbList\",\"@id\":\"https:\\\/\\\/atividademapa.com\\\/?product=mapa-adm-estatistica-51-2024#breadcrumb\",\"itemListElement\":[{\"@type\":\"ListItem\",\"position\":1,\"name\":\"In\u00edcio\",\"item\":\"https:\\\/\\\/atividademapa.com\\\/\"},{\"@type\":\"ListItem\",\"position\":2,\"name\":\"MAPAS\",\"item\":\"https:\\\/\\\/atividademapa.com\\\/?page_id=5\"},{\"@type\":\"ListItem\",\"position\":3,\"name\":\"MAPA &#8211; ADM &#8211; ESTAT\u00cdSTICA &#8211; 51\\\/2024\"}]},{\"@type\":\"WebSite\",\"@id\":\"https:\\\/\\\/atividademapa.com\\\/#website\",\"url\":\"https:\\\/\\\/atividademapa.com\\\/\",\"name\":\"Atividade Mapa\",\"description\":\"StudeO | Unicesumar\",\"publisher\":{\"@id\":\"https:\\\/\\\/atividademapa.com\\\/#organization\"},\"potentialAction\":[{\"@type\":\"SearchAction\",\"target\":{\"@type\":\"EntryPoint\",\"urlTemplate\":\"https:\\\/\\\/atividademapa.com\\\/?s={search_term_string}\"},\"query-input\":{\"@type\":\"PropertyValueSpecification\",\"valueRequired\":true,\"valueName\":\"search_term_string\"}}],\"inLanguage\":\"pt-BR\"},{\"@type\":\"Organization\",\"@id\":\"https:\\\/\\\/atividademapa.com\\\/#organization\",\"name\":\"Atividade MAPA\",\"url\":\"https:\\\/\\\/atividademapa.com\\\/\",\"logo\":{\"@type\":\"ImageObject\",\"inLanguage\":\"pt-BR\",\"@id\":\"https:\\\/\\\/atividademapa.com\\\/#\\\/schema\\\/logo\\\/image\\\/\",\"url\":\"https:\\\/\\\/i0.wp.com\\\/atividademapa.com\\\/wp-content\\\/uploads\\\/2023\\\/02\\\/ATIVIDADE.png?fit=600%2C300&ssl=1\",\"contentUrl\":\"https:\\\/\\\/i0.wp.com\\\/atividademapa.com\\\/wp-content\\\/uploads\\\/2023\\\/02\\\/ATIVIDADE.png?fit=600%2C300&ssl=1\",\"width\":600,\"height\":300,\"caption\":\"Atividade MAPA\"},\"image\":{\"@id\":\"https:\\\/\\\/atividademapa.com\\\/#\\\/schema\\\/logo\\\/image\\\/\"}}]}<\/script>\n<!-- \/ Yoast SEO plugin. -->","yoast_head_json":{"title":"MAPA - ADM - ESTAT\u00cdSTICA - 51\/2024","description":"Atividade MAPA - ADM - ESTAT\u00cdSTICA - 51\/2024 &#8902; Unicesumar. Baixe agora mesmo um Mapa Pronto resolvido!","robots":{"index":"index","follow":"follow","max-snippet":"max-snippet:-1","max-image-preview":"max-image-preview:large","max-video-preview":"max-video-preview:-1"},"canonical":"https:\/\/atividademapa.com\/?product=mapa-adm-estatistica-51-2024","og_locale":"pt_BR","og_type":"article","og_title":"MAPA - ADM - ESTAT\u00cdSTICA - 51\/2024","og_description":"Atividade MAPA - ADM - ESTAT\u00cdSTICA - 51\/2024 &#8902; Unicesumar. Baixe agora mesmo um Mapa Pronto resolvido!","og_url":"https:\/\/atividademapa.com\/?product=mapa-adm-estatistica-51-2024","og_site_name":"Atividade Mapa","article_modified_time":"2024-04-10T03:26:31+00:00","og_image":[{"width":300,"height":300,"url":"https:\/\/i0.wp.com\/atividademapa.com\/wp-content\/uploads\/2023\/03\/Atividade-M.A.P.A-3.png?fit=300%2C300&ssl=1","type":"image\/png"}],"twitter_card":"summary_large_image","twitter_misc":{"Est. tempo de leitura":"4 minutos"},"schema":{"@context":"https:\/\/schema.org","@graph":[{"@type":"WebPage","@id":"https:\/\/atividademapa.com\/?product=mapa-adm-estatistica-51-2024","url":"https:\/\/atividademapa.com\/?product=mapa-adm-estatistica-51-2024","name":"MAPA - ADM - ESTAT\u00cdSTICA - 51\/2024","isPartOf":{"@id":"https:\/\/atividademapa.com\/#website"},"primaryImageOfPage":{"@id":"https:\/\/atividademapa.com\/?product=mapa-adm-estatistica-51-2024#primaryimage"},"image":{"@id":"https:\/\/atividademapa.com\/?product=mapa-adm-estatistica-51-2024#primaryimage"},"thumbnailUrl":"https:\/\/i0.wp.com\/atividademapa.com\/wp-content\/uploads\/2023\/03\/Atividade-M.A.P.A-3.png?fit=300%2C300&ssl=1","datePublished":"2024-04-10T03:26:30+00:00","dateModified":"2024-04-10T03:26:31+00:00","description":"Atividade MAPA - ADM - ESTAT\u00cdSTICA - 51\/2024 &#8902; Unicesumar. Baixe agora mesmo um Mapa Pronto resolvido!","breadcrumb":{"@id":"https:\/\/atividademapa.com\/?product=mapa-adm-estatistica-51-2024#breadcrumb"},"inLanguage":"pt-BR","potentialAction":[{"@type":"ReadAction","target":["https:\/\/atividademapa.com\/?product=mapa-adm-estatistica-51-2024"]}]},{"@type":"ImageObject","inLanguage":"pt-BR","@id":"https:\/\/atividademapa.com\/?product=mapa-adm-estatistica-51-2024#primaryimage","url":"https:\/\/i0.wp.com\/atividademapa.com\/wp-content\/uploads\/2023\/03\/Atividade-M.A.P.A-3.png?fit=300%2C300&ssl=1","contentUrl":"https:\/\/i0.wp.com\/atividademapa.com\/wp-content\/uploads\/2023\/03\/Atividade-M.A.P.A-3.png?fit=300%2C300&ssl=1","width":300,"height":300,"caption":"Mapa Unicesumar Atividade"},{"@type":"BreadcrumbList","@id":"https:\/\/atividademapa.com\/?product=mapa-adm-estatistica-51-2024#breadcrumb","itemListElement":[{"@type":"ListItem","position":1,"name":"In\u00edcio","item":"https:\/\/atividademapa.com\/"},{"@type":"ListItem","position":2,"name":"MAPAS","item":"https:\/\/atividademapa.com\/?page_id=5"},{"@type":"ListItem","position":3,"name":"MAPA &#8211; ADM &#8211; ESTAT\u00cdSTICA &#8211; 51\/2024"}]},{"@type":"WebSite","@id":"https:\/\/atividademapa.com\/#website","url":"https:\/\/atividademapa.com\/","name":"Atividade Mapa","description":"StudeO | Unicesumar","publisher":{"@id":"https:\/\/atividademapa.com\/#organization"},"potentialAction":[{"@type":"SearchAction","target":{"@type":"EntryPoint","urlTemplate":"https:\/\/atividademapa.com\/?s={search_term_string}"},"query-input":{"@type":"PropertyValueSpecification","valueRequired":true,"valueName":"search_term_string"}}],"inLanguage":"pt-BR"},{"@type":"Organization","@id":"https:\/\/atividademapa.com\/#organization","name":"Atividade MAPA","url":"https:\/\/atividademapa.com\/","logo":{"@type":"ImageObject","inLanguage":"pt-BR","@id":"https:\/\/atividademapa.com\/#\/schema\/logo\/image\/","url":"https:\/\/i0.wp.com\/atividademapa.com\/wp-content\/uploads\/2023\/02\/ATIVIDADE.png?fit=600%2C300&ssl=1","contentUrl":"https:\/\/i0.wp.com\/atividademapa.com\/wp-content\/uploads\/2023\/02\/ATIVIDADE.png?fit=600%2C300&ssl=1","width":600,"height":300,"caption":"Atividade MAPA"},"image":{"@id":"https:\/\/atividademapa.com\/#\/schema\/logo\/image\/"}}]}},"_links":{"self":[{"href":"https:\/\/atividademapa.com\/index.php?rest_route=\/wp\/v2\/product\/3723","targetHints":{"allow":["GET"]}}],"collection":[{"href":"https:\/\/atividademapa.com\/index.php?rest_route=\/wp\/v2\/product"}],"about":[{"href":"https:\/\/atividademapa.com\/index.php?rest_route=\/wp\/v2\/types\/product"}],"version-history":[{"count":1,"href":"https:\/\/atividademapa.com\/index.php?rest_route=\/wp\/v2\/product\/3723\/revisions"}],"predecessor-version":[{"id":3725,"href":"https:\/\/atividademapa.com\/index.php?rest_route=\/wp\/v2\/product\/3723\/revisions\/3725"}],"wp:featuredmedia":[{"embeddable":true,"href":"https:\/\/atividademapa.com\/index.php?rest_route=\/wp\/v2\/media\/2326"}],"wp:attachment":[{"href":"https:\/\/atividademapa.com\/index.php?rest_route=%2Fwp%2Fv2%2Fmedia&parent=3723"}],"wp:term":[{"taxonomy":"product_brand","embeddable":true,"href":"https:\/\/atividademapa.com\/index.php?rest_route=%2Fwp%2Fv2%2Fproduct_brand&post=3723"},{"taxonomy":"product_cat","embeddable":true,"href":"https:\/\/atividademapa.com\/index.php?rest_route=%2Fwp%2Fv2%2Fproduct_cat&post=3723"},{"taxonomy":"product_tag","embeddable":true,"href":"https:\/\/atividademapa.com\/index.php?rest_route=%2Fwp%2Fv2%2Fproduct_tag&post=3723"}],"curies":[{"name":"wp","href":"https:\/\/api.w.org\/{rel}","templated":true}]}}