{"id":3726,"date":"2024-04-10T00:37:14","date_gmt":"2024-04-10T03:37:14","guid":{"rendered":"https:\/\/atividademapa.com\/?post_type=product&#038;p=3726"},"modified":"2024-04-10T00:37:15","modified_gmt":"2024-04-10T03:37:15","slug":"mapa-gamb-estatistica-51-2024","status":"publish","type":"product","link":"https:\/\/atividademapa.com\/?product=mapa-gamb-estatistica-51-2024","title":{"rendered":"MAPA \u2013 GAMB \u2013 ESTAT\u00cdSTICA \u2013 51\/2024"},"content":{"rendered":"<h1 class=\"product-title product_title entry-title\">MAPA \u2013 GAMB \u2013 ESTAT\u00cdSTICA \u2013 51\/2024<\/h1>\n<p>Ol\u00e1, estudante! Seja bem-vindo \u00e0 atividade MAPA da disciplina de Estat\u00edstica!<\/p>\n<p>A atividade tem como tema a \u201cMedidas deve-se tomar para reduzir consumo energ\u00e9tico \u201d. Inicialmente apresentaremos uma contextualiza\u00e7\u00e3o sobre a tem\u00e1tica da atividade, posteriormente o desenvolvimento da atividade e, por fim, instru\u00e7\u00f5es gerais sobre a entrega da atividade.<\/p>\n<p>Bom trabalho!<\/p>\n<p>Contextualiza\u00e7\u00e3o<\/p>\n<p>A temperatura m\u00e9dia do planeta Terra aumentou em torno de 0,5\u00b0C nos \u00faltimos 100 anos, e cientistas estimam que deva aumentar em 4\u00b0C at\u00e9 o final desse s\u00e9culo. Quais poder\u00e3o ser as consequ\u00eancias disso?<\/p>\n<p>O aumento da temperatura m\u00e9dia do planeta tende a alterar as condi\u00e7\u00f5es clim\u00e1ticas (circula\u00e7\u00e3o atmosf\u00e9rica, chuvas e secas), provocando mudan\u00e7as nas diferentes regi\u00f5es do globo.<\/p>\n<p>Por que a temperatura m\u00e9dia da Terra est\u00e1 aumentando?<\/p>\n<p>Para grande parte dos cientistas, a temperatura m\u00e9dia do planeta est\u00e1 aumentando porque as atividades humanas est\u00e3o emitindo para a atmosfera grande quantidade de gases de efeito estufa (GEE).<\/p>\n<p>Os GEE s\u00e3o importantes para o equil\u00edbrio clim\u00e1tico do planeta, pois s\u00e3o compostos gasosos que aprisionam calor na atmosfera, o que \u00e9 fundamental para a vida por aqui. Se n\u00e3o existissem esses gases na atmosfera, a temperatura do planeta seria t\u00e3o baixa que impediria a exist\u00eancia de boa parte dos seres vivos que conhecemos atualmente.<\/p>\n<p>De acordo com os cientistas, o problema \u00e9 que estamos emitindo gases de efeito estufa (GEE) em um ritmo muito acelerado, causando grande desequil\u00edbrio e assim promovendo um aquecimento acentuado em um per\u00edodo curto de tempo. Esse fen\u00f4meno teve in\u00edcio na Revolu\u00e7\u00e3o Industrial, quando a humanidade passou a utilizar mais intensamente os combust\u00edveis f\u00f3sseis para movimentar suas m\u00e1quinas e, desde ent\u00e3o, as emiss\u00f5es de GEE t\u00eam aumentado cada vez mais, elevando a temperatura m\u00e9dia do planeta.<\/p>\n<p>Os combust\u00edveis f\u00f3sseis s\u00e3o o carv\u00e3o mineral, os derivados de petr\u00f3leo (como a gasolina e o \u00f3leo diesel) e o g\u00e1s natural. Os principais GEE emitidos na queima desses combust\u00edveis s\u00e3o o di\u00f3xido de carbono (CO2), o metano (CH4), o \u00f3xido nitroso (N2O) e o vapor de \u00e1gua (H2O). O CO2, tamb\u00e9m chamado de g\u00e1s carb\u00f4nico, \u00e9 o GEE mais relevante, por estar em maior volume nessas emiss\u00f5es.<\/p>\n<p>O que energia tem a ver com aquecimento global?<\/p>\n<p>Muitas das atividades humanas atuais utilizam energia e a maior parte dessa energia prov\u00e9m da queima de combust\u00edveis f\u00f3sseis. No mundo, a principal fonte de gera\u00e7\u00e3o de energia el\u00e9trica \u00e9 o carv\u00e3o. No transporte, a energia para movimentar os ve\u00edculos vem, principalmente, da queima de gasolina e \u00f3leo diesel. Na ind\u00fastria, utiliza-se muito o g\u00e1s natural e outros derivados de petr\u00f3leo como o \u00f3leo combust\u00edvel. Toda essa queima de combust\u00edveis f\u00f3sseis emite grande quantidade de GEE para a atmosfera. No Brasil, as emiss\u00f5es de GEE est\u00e3o mais relacionadas \u00e0 mudan\u00e7a no uso da terra (desmatamento e queimadas). A agropecu\u00e1ria aparece em segundo lugar e, em seguida, a energia.<\/p>\n<p>O que precisamos fazer para combater as mudan\u00e7as clim\u00e1ticas?<\/p>\n<p>Al\u00e9m de combater o desmatamento e as queimadas, a solu\u00e7\u00e3o passa pela ado\u00e7\u00e3o de tecnologias que possam minimizar as emiss\u00f5es de GEE para a atmosfera, inclusive pela substitui\u00e7\u00e3o dos combust\u00edveis f\u00f3sseis por outras fontes energ\u00e9ticas. O grande desafio \u00e9 o fato de nossa sociedade ser muito dependente de energia. Usamos em tudo: na nossa casa, nas escolas, nos escrit\u00f3rios, nos carros, nos \u00f4nibus, avi\u00f5es, empresas e ind\u00fastrias.<\/p>\n<p>Diante disso, representantes eleitos pela sociedade, empresas e universidades est\u00e3o buscando formas alternativas de energia que n\u00e3o contribuam para as emiss\u00f5es de GEE. N\u00f3s tamb\u00e9m podemos fazer a nossa parte, repensando nossos h\u00e1bitos culturais e de consumo.<\/p>\n<p>O consumidor acostumou-se a usar a energia sem ao menos pensar em como ela \u00e9 gerada, seus impactos ambientais e, muito menos, levando em conta que ela precisa ser usada de forma consciente e eficiente.<\/p>\n<p>Baseado nos seus h\u00e1bitos di\u00e1rios de consumo (alimenta\u00e7\u00e3o, transporte e consumo de energia em casa), voc\u00ea pode calcular suas emiss\u00f5es de GEE em sites na internet (pegada de carbono).<\/p>\n<p>No Brasil, a maior parte da energia el\u00e9trica que consumimos \u00e9 gerada em usinas hidrel\u00e9tricas, que s\u00e3o uma fonte de energia renov\u00e1vel e com baixas emiss\u00f5es de GEE. Isso faz com que nossa matriz el\u00e9trica emita pouco GEE comparada com a de outros pa\u00edses.<\/p>\n<p>Contudo, como as hidrel\u00e9tricas dependem de chuva para que os rios tenham \u00e1gua suficiente para movimentar as turbinas, em per\u00edodos de pouca chuva, \u00e9 necess\u00e1rio acionar termel\u00e9tricas movidas a combust\u00edveis f\u00f3sseis para n\u00e3o faltar energia. O acionamento de termel\u00e9tricas encarece nossas contas de luz e aumenta nossas emiss\u00f5es de gases de estufa.<\/p>\n<p>Fonte: https:\/\/www.epe.gov.br\/pt\/abcdenergia\/clima-e-energia. Acesso em: 10 fev. 2024.<\/p>\n<p>Desenvolvimento<\/p>\n<p>Como futuro gestor ambiental, voc\u00ea precisar\u00e1 propor formas para pensar no consumo energ\u00e9tico. Diante disso, nossa atividade da disciplina de Estat\u00edstica consiste no monitoramento do consumo de energia de uma resid\u00eancia, durante o per\u00edodo de seis meses.<\/p>\n<p>M\u00eas\/ano Consumo (em Kwh)<br \/>\nMaio\/2023 130,2<br \/>\nJunho\/2023 145,2<br \/>\nJulho\/2023 135,2<br \/>\nAgosto\/2023 137,2<br \/>\nSetembro\/2023 140,1<br \/>\nOutubro\/2023 130,1<br \/>\nQuadro 1- Consumo energ\u00e9tico<\/p>\n<p>Fonte: a autora.<\/p>\n<p>Agora, voc\u00ea vai fazer os seguintes c\u00e1lculos que aprendeu na disciplina de Estat\u00edstica e responder \u00e0s seguintes quest\u00f5es:<\/p>\n<p>a) Qual foi a M\u00e9dia do consumo (usar apenas coluna consumo).<br \/>\nb) Qual foi a Mediana do consumo (usar apenas coluna consumo).<br \/>\nc) Qual foi a Moda do consumo (usar apenas coluna consumo).<br \/>\nd) Construa um gr\u00e1fico de linhas com as colunas M\u00eas\/ano (eixo x) e Consumo (em Kwh) (eixo y).<br \/>\ne) Como futuro gestor ambiental, explique quais medidas devem ser tomadas para reduzir o consumo energ\u00e9tico. CITE E DESCREVA PELO MENOS 3 EXEMPLOS.<\/p>\n","protected":false},"excerpt":{"rendered":"<p>MAPA \u2013 GAMB \u2013 ESTAT\u00cdSTICA \u2013 51\/2024 Ol\u00e1, estudante! Seja bem-vindo \u00e0 atividade MAPA da disciplina de Estat\u00edstica! A atividade<\/p>\n","protected":false},"featured_media":2326,"template":"","meta":{"_monsterinsights_skip_tracking":false,"_monsterinsights_sitenote_active":false,"_monsterinsights_sitenote_note":"","_monsterinsights_sitenote_category":0},"product_brand":[],"product_cat":[57],"product_tag":[],"class_list":{"0":"post-3726","1":"product","2":"type-product","3":"status-publish","4":"has-post-thumbnail","6":"product_cat-gestao-ambiental","8":"first","9":"instock","10":"downloadable","11":"virtual","12":"purchasable","13":"product-type-simple"},"yoast_head":"<!-- This site is optimized with the Yoast SEO plugin v27.4 - https:\/\/yoast.com\/product\/yoast-seo-wordpress\/ -->\n<title>MAPA \u2013 GAMB \u2013 ESTAT\u00cdSTICA \u2013 51\/2024<\/title>\n<meta name=\"description\" content=\"Atividade MAPA \u2013 GAMB \u2013 ESTAT\u00cdSTICA \u2013 51\/2024 &#8902; Unicesumar. Baixe agora mesmo um Mapa Pronto resolvido!\" \/>\n<meta name=\"robots\" content=\"index, follow, max-snippet:-1, max-image-preview:large, max-video-preview:-1\" \/>\n<link rel=\"canonical\" href=\"https:\/\/atividademapa.com\/?product=mapa-gamb-estatistica-51-2024\" \/>\n<meta property=\"og:locale\" content=\"pt_BR\" \/>\n<meta property=\"og:type\" content=\"article\" \/>\n<meta property=\"og:title\" content=\"MAPA \u2013 GAMB \u2013 ESTAT\u00cdSTICA \u2013 51\/2024\" \/>\n<meta property=\"og:description\" content=\"Atividade MAPA \u2013 GAMB \u2013 ESTAT\u00cdSTICA \u2013 51\/2024 &#8902; Unicesumar. Baixe agora mesmo um Mapa Pronto resolvido!\" \/>\n<meta property=\"og:url\" content=\"https:\/\/atividademapa.com\/?product=mapa-gamb-estatistica-51-2024\" \/>\n<meta property=\"og:site_name\" content=\"Atividade Mapa\" \/>\n<meta property=\"article:modified_time\" content=\"2024-04-10T03:37:15+00:00\" \/>\n<meta property=\"og:image\" content=\"https:\/\/i0.wp.com\/atividademapa.com\/wp-content\/uploads\/2023\/03\/Atividade-M.A.P.A-3.png?fit=300%2C300&ssl=1\" \/>\n\t<meta property=\"og:image:width\" content=\"300\" \/>\n\t<meta property=\"og:image:height\" content=\"300\" \/>\n\t<meta property=\"og:image:type\" content=\"image\/png\" \/>\n<meta name=\"twitter:card\" content=\"summary_large_image\" \/>\n<meta name=\"twitter:label1\" content=\"Est. tempo de leitura\" \/>\n\t<meta name=\"twitter:data1\" content=\"5 minutos\" \/>\n<script type=\"application\/ld+json\" class=\"yoast-schema-graph\">{\"@context\":\"https:\\\/\\\/schema.org\",\"@graph\":[{\"@type\":\"WebPage\",\"@id\":\"https:\\\/\\\/atividademapa.com\\\/?product=mapa-gamb-estatistica-51-2024\",\"url\":\"https:\\\/\\\/atividademapa.com\\\/?product=mapa-gamb-estatistica-51-2024\",\"name\":\"MAPA \u2013 GAMB \u2013 ESTAT\u00cdSTICA \u2013 51\\\/2024\",\"isPartOf\":{\"@id\":\"https:\\\/\\\/atividademapa.com\\\/#website\"},\"primaryImageOfPage\":{\"@id\":\"https:\\\/\\\/atividademapa.com\\\/?product=mapa-gamb-estatistica-51-2024#primaryimage\"},\"image\":{\"@id\":\"https:\\\/\\\/atividademapa.com\\\/?product=mapa-gamb-estatistica-51-2024#primaryimage\"},\"thumbnailUrl\":\"https:\\\/\\\/i0.wp.com\\\/atividademapa.com\\\/wp-content\\\/uploads\\\/2023\\\/03\\\/Atividade-M.A.P.A-3.png?fit=300%2C300&ssl=1\",\"datePublished\":\"2024-04-10T03:37:14+00:00\",\"dateModified\":\"2024-04-10T03:37:15+00:00\",\"description\":\"Atividade MAPA \u2013 GAMB \u2013 ESTAT\u00cdSTICA \u2013 51\\\/2024 &#8902; Unicesumar. Baixe agora mesmo um Mapa Pronto resolvido!\",\"breadcrumb\":{\"@id\":\"https:\\\/\\\/atividademapa.com\\\/?product=mapa-gamb-estatistica-51-2024#breadcrumb\"},\"inLanguage\":\"pt-BR\",\"potentialAction\":[{\"@type\":\"ReadAction\",\"target\":[\"https:\\\/\\\/atividademapa.com\\\/?product=mapa-gamb-estatistica-51-2024\"]}]},{\"@type\":\"ImageObject\",\"inLanguage\":\"pt-BR\",\"@id\":\"https:\\\/\\\/atividademapa.com\\\/?product=mapa-gamb-estatistica-51-2024#primaryimage\",\"url\":\"https:\\\/\\\/i0.wp.com\\\/atividademapa.com\\\/wp-content\\\/uploads\\\/2023\\\/03\\\/Atividade-M.A.P.A-3.png?fit=300%2C300&ssl=1\",\"contentUrl\":\"https:\\\/\\\/i0.wp.com\\\/atividademapa.com\\\/wp-content\\\/uploads\\\/2023\\\/03\\\/Atividade-M.A.P.A-3.png?fit=300%2C300&ssl=1\",\"width\":300,\"height\":300,\"caption\":\"Mapa Unicesumar Atividade\"},{\"@type\":\"BreadcrumbList\",\"@id\":\"https:\\\/\\\/atividademapa.com\\\/?product=mapa-gamb-estatistica-51-2024#breadcrumb\",\"itemListElement\":[{\"@type\":\"ListItem\",\"position\":1,\"name\":\"In\u00edcio\",\"item\":\"https:\\\/\\\/atividademapa.com\\\/\"},{\"@type\":\"ListItem\",\"position\":2,\"name\":\"MAPAS\",\"item\":\"https:\\\/\\\/atividademapa.com\\\/?page_id=5\"},{\"@type\":\"ListItem\",\"position\":3,\"name\":\"MAPA \u2013 GAMB \u2013 ESTAT\u00cdSTICA \u2013 51\\\/2024\"}]},{\"@type\":\"WebSite\",\"@id\":\"https:\\\/\\\/atividademapa.com\\\/#website\",\"url\":\"https:\\\/\\\/atividademapa.com\\\/\",\"name\":\"Atividade Mapa\",\"description\":\"StudeO | Unicesumar\",\"publisher\":{\"@id\":\"https:\\\/\\\/atividademapa.com\\\/#organization\"},\"potentialAction\":[{\"@type\":\"SearchAction\",\"target\":{\"@type\":\"EntryPoint\",\"urlTemplate\":\"https:\\\/\\\/atividademapa.com\\\/?s={search_term_string}\"},\"query-input\":{\"@type\":\"PropertyValueSpecification\",\"valueRequired\":true,\"valueName\":\"search_term_string\"}}],\"inLanguage\":\"pt-BR\"},{\"@type\":\"Organization\",\"@id\":\"https:\\\/\\\/atividademapa.com\\\/#organization\",\"name\":\"Atividade MAPA\",\"url\":\"https:\\\/\\\/atividademapa.com\\\/\",\"logo\":{\"@type\":\"ImageObject\",\"inLanguage\":\"pt-BR\",\"@id\":\"https:\\\/\\\/atividademapa.com\\\/#\\\/schema\\\/logo\\\/image\\\/\",\"url\":\"https:\\\/\\\/i0.wp.com\\\/atividademapa.com\\\/wp-content\\\/uploads\\\/2023\\\/02\\\/ATIVIDADE.png?fit=600%2C300&ssl=1\",\"contentUrl\":\"https:\\\/\\\/i0.wp.com\\\/atividademapa.com\\\/wp-content\\\/uploads\\\/2023\\\/02\\\/ATIVIDADE.png?fit=600%2C300&ssl=1\",\"width\":600,\"height\":300,\"caption\":\"Atividade MAPA\"},\"image\":{\"@id\":\"https:\\\/\\\/atividademapa.com\\\/#\\\/schema\\\/logo\\\/image\\\/\"}}]}<\/script>\n<!-- \/ Yoast SEO plugin. -->","yoast_head_json":{"title":"MAPA \u2013 GAMB \u2013 ESTAT\u00cdSTICA \u2013 51\/2024","description":"Atividade MAPA \u2013 GAMB \u2013 ESTAT\u00cdSTICA \u2013 51\/2024 &#8902; Unicesumar. Baixe agora mesmo um Mapa Pronto resolvido!","robots":{"index":"index","follow":"follow","max-snippet":"max-snippet:-1","max-image-preview":"max-image-preview:large","max-video-preview":"max-video-preview:-1"},"canonical":"https:\/\/atividademapa.com\/?product=mapa-gamb-estatistica-51-2024","og_locale":"pt_BR","og_type":"article","og_title":"MAPA \u2013 GAMB \u2013 ESTAT\u00cdSTICA \u2013 51\/2024","og_description":"Atividade MAPA \u2013 GAMB \u2013 ESTAT\u00cdSTICA \u2013 51\/2024 &#8902; Unicesumar. Baixe agora mesmo um Mapa Pronto resolvido!","og_url":"https:\/\/atividademapa.com\/?product=mapa-gamb-estatistica-51-2024","og_site_name":"Atividade Mapa","article_modified_time":"2024-04-10T03:37:15+00:00","og_image":[{"width":300,"height":300,"url":"https:\/\/i0.wp.com\/atividademapa.com\/wp-content\/uploads\/2023\/03\/Atividade-M.A.P.A-3.png?fit=300%2C300&ssl=1","type":"image\/png"}],"twitter_card":"summary_large_image","twitter_misc":{"Est. tempo de leitura":"5 minutos"},"schema":{"@context":"https:\/\/schema.org","@graph":[{"@type":"WebPage","@id":"https:\/\/atividademapa.com\/?product=mapa-gamb-estatistica-51-2024","url":"https:\/\/atividademapa.com\/?product=mapa-gamb-estatistica-51-2024","name":"MAPA \u2013 GAMB \u2013 ESTAT\u00cdSTICA \u2013 51\/2024","isPartOf":{"@id":"https:\/\/atividademapa.com\/#website"},"primaryImageOfPage":{"@id":"https:\/\/atividademapa.com\/?product=mapa-gamb-estatistica-51-2024#primaryimage"},"image":{"@id":"https:\/\/atividademapa.com\/?product=mapa-gamb-estatistica-51-2024#primaryimage"},"thumbnailUrl":"https:\/\/i0.wp.com\/atividademapa.com\/wp-content\/uploads\/2023\/03\/Atividade-M.A.P.A-3.png?fit=300%2C300&ssl=1","datePublished":"2024-04-10T03:37:14+00:00","dateModified":"2024-04-10T03:37:15+00:00","description":"Atividade MAPA \u2013 GAMB \u2013 ESTAT\u00cdSTICA \u2013 51\/2024 &#8902; Unicesumar. Baixe agora mesmo um Mapa Pronto resolvido!","breadcrumb":{"@id":"https:\/\/atividademapa.com\/?product=mapa-gamb-estatistica-51-2024#breadcrumb"},"inLanguage":"pt-BR","potentialAction":[{"@type":"ReadAction","target":["https:\/\/atividademapa.com\/?product=mapa-gamb-estatistica-51-2024"]}]},{"@type":"ImageObject","inLanguage":"pt-BR","@id":"https:\/\/atividademapa.com\/?product=mapa-gamb-estatistica-51-2024#primaryimage","url":"https:\/\/i0.wp.com\/atividademapa.com\/wp-content\/uploads\/2023\/03\/Atividade-M.A.P.A-3.png?fit=300%2C300&ssl=1","contentUrl":"https:\/\/i0.wp.com\/atividademapa.com\/wp-content\/uploads\/2023\/03\/Atividade-M.A.P.A-3.png?fit=300%2C300&ssl=1","width":300,"height":300,"caption":"Mapa Unicesumar Atividade"},{"@type":"BreadcrumbList","@id":"https:\/\/atividademapa.com\/?product=mapa-gamb-estatistica-51-2024#breadcrumb","itemListElement":[{"@type":"ListItem","position":1,"name":"In\u00edcio","item":"https:\/\/atividademapa.com\/"},{"@type":"ListItem","position":2,"name":"MAPAS","item":"https:\/\/atividademapa.com\/?page_id=5"},{"@type":"ListItem","position":3,"name":"MAPA \u2013 GAMB \u2013 ESTAT\u00cdSTICA \u2013 51\/2024"}]},{"@type":"WebSite","@id":"https:\/\/atividademapa.com\/#website","url":"https:\/\/atividademapa.com\/","name":"Atividade Mapa","description":"StudeO | Unicesumar","publisher":{"@id":"https:\/\/atividademapa.com\/#organization"},"potentialAction":[{"@type":"SearchAction","target":{"@type":"EntryPoint","urlTemplate":"https:\/\/atividademapa.com\/?s={search_term_string}"},"query-input":{"@type":"PropertyValueSpecification","valueRequired":true,"valueName":"search_term_string"}}],"inLanguage":"pt-BR"},{"@type":"Organization","@id":"https:\/\/atividademapa.com\/#organization","name":"Atividade MAPA","url":"https:\/\/atividademapa.com\/","logo":{"@type":"ImageObject","inLanguage":"pt-BR","@id":"https:\/\/atividademapa.com\/#\/schema\/logo\/image\/","url":"https:\/\/i0.wp.com\/atividademapa.com\/wp-content\/uploads\/2023\/02\/ATIVIDADE.png?fit=600%2C300&ssl=1","contentUrl":"https:\/\/i0.wp.com\/atividademapa.com\/wp-content\/uploads\/2023\/02\/ATIVIDADE.png?fit=600%2C300&ssl=1","width":600,"height":300,"caption":"Atividade MAPA"},"image":{"@id":"https:\/\/atividademapa.com\/#\/schema\/logo\/image\/"}}]}},"_links":{"self":[{"href":"https:\/\/atividademapa.com\/index.php?rest_route=\/wp\/v2\/product\/3726","targetHints":{"allow":["GET"]}}],"collection":[{"href":"https:\/\/atividademapa.com\/index.php?rest_route=\/wp\/v2\/product"}],"about":[{"href":"https:\/\/atividademapa.com\/index.php?rest_route=\/wp\/v2\/types\/product"}],"version-history":[{"count":1,"href":"https:\/\/atividademapa.com\/index.php?rest_route=\/wp\/v2\/product\/3726\/revisions"}],"predecessor-version":[{"id":3728,"href":"https:\/\/atividademapa.com\/index.php?rest_route=\/wp\/v2\/product\/3726\/revisions\/3728"}],"wp:featuredmedia":[{"embeddable":true,"href":"https:\/\/atividademapa.com\/index.php?rest_route=\/wp\/v2\/media\/2326"}],"wp:attachment":[{"href":"https:\/\/atividademapa.com\/index.php?rest_route=%2Fwp%2Fv2%2Fmedia&parent=3726"}],"wp:term":[{"taxonomy":"product_brand","embeddable":true,"href":"https:\/\/atividademapa.com\/index.php?rest_route=%2Fwp%2Fv2%2Fproduct_brand&post=3726"},{"taxonomy":"product_cat","embeddable":true,"href":"https:\/\/atividademapa.com\/index.php?rest_route=%2Fwp%2Fv2%2Fproduct_cat&post=3726"},{"taxonomy":"product_tag","embeddable":true,"href":"https:\/\/atividademapa.com\/index.php?rest_route=%2Fwp%2Fv2%2Fproduct_tag&post=3726"}],"curies":[{"name":"wp","href":"https:\/\/api.w.org\/{rel}","templated":true}]}}