{"id":3741,"date":"2024-04-13T13:26:43","date_gmt":"2024-04-13T16:26:43","guid":{"rendered":"https:\/\/atividademapa.com\/?post_type=product&#038;p=3741"},"modified":"2024-04-13T13:33:48","modified_gmt":"2024-04-13T16:33:48","slug":"mapa-topicos-especiais-51-2024","status":"publish","type":"product","link":"https:\/\/atividademapa.com\/?product=mapa-topicos-especiais-51-2024","title":{"rendered":"MAPA &#8211; T\u00f3picos Especiais &#8211; 51\/2024"},"content":{"rendered":"<h1>MAPA &#8211; T\u00f3picos Especiais &#8211; 51\/2024<\/h1>\n<p>QUEST\u00c3O 1<\/p>\n<p>Ol\u00e1, estudante! Chegou o momento de explorar de forma PR\u00c1TICA os conte\u00fados aprendidos na nossa disciplina. Para realizar a atividade Mapa, voc\u00ea precisa cumprir algumas etapas, a saber:<\/p>\n<p>(1) PRIMEIRA ETAPA: contextualiza\u00e7\u00e3o de nossos estudos:<\/p>\n<p>\u00c9 um fato hist\u00f3rico que o agroneg\u00f3cio brasileiro tem sido um dos segmentos que\u00a0 impactam na economia nacional. Devido \u00e0 pandemia da covid-19, as organiza\u00e7\u00f5es no setor do agroneg\u00f3cio t\u00eam procurado por solu\u00e7\u00f5es, e a tecnologia tem sido uma facilitadora para amplificar os ganhos produtivos destas companhias. Note que agregar valor \u00e0s cadeias produtivas \u00e9 um diferencial competitivo que n\u00e3o pode ser descartado por essas organiza\u00e7\u00f5es. Dentre as possibilidades, a automa\u00e7\u00e3o \u00e9 capaz de elevar o n\u00edvel de efici\u00eancia operacional das empresas do agroneg\u00f3cio, favorecendo a otimiza\u00e7\u00e3o de processos essenciais para os diversos setores do agroneg\u00f3cio, tais como: agricultura, pecu\u00e1ria, avicultura, piscicultura, apicultura, entre outros.<\/p>\n<p>Em 2021, a eleva\u00e7\u00e3o de custos de produ\u00e7\u00e3o nas atividades de agroneg\u00f3cio tem sido uma preocupa\u00e7\u00e3o da Confedera\u00e7\u00e3o. O setor agropecu\u00e1rio serviu como uma fonte de conten\u00e7\u00e3o aos preju\u00edzos provocados pela covid-19, mostrando-se um dos principais pilares produtivos do pa\u00eds. Atualmente, os efeitos da crise de suprimento de alimentos podem piorar dada a atual divis\u00e3o geopol\u00edtica mundial provocada pela guerra entre a R\u00fassia e a Ucr\u00e2nia. Neste contexto, o Brasil tem uma grande oportunidade pois cada vez mais aumenta a procura global por produtores de insumos. O Brasil tem, portanto, grande potencial para ocupar este espa\u00e7o no mercado.<\/p>\n<p>Nesse contexto, as organiza\u00e7\u00f5es de agroneg\u00f3cios devem buscar por ferramentas que acompanhem a necessidade de maior produtividade. Logo, o investimento em tecnologia \u00e9 importante e a transforma\u00e7\u00e3o digital tem sido um fen\u00f4meno que se funde \u00e0 procura por inova\u00e7\u00e3o empresarial. Olhando para a automatiza\u00e7\u00e3o de processos, os gestores e as suas equipes de profissionais podem ter mais tempo e espa\u00e7o para realizar fun\u00e7\u00f5es com teor estrat\u00e9gico, deixando que as tarefas repetitivas sejam automatizadas.<\/p>\n<p>Fonte:<\/p>\n<blockquote class=\"wp-embedded-content\" data-secret=\"ml5QFdnq52\"><p><a href=\"https:\/\/tiinside.com.br\/07\/06\/2021\/o-agronegocio-e-a-urgencia-do-investimento-em-tecnologia\/\">O agroneg\u00f3cio e a urg\u00eancia do investimento em tecnologia<\/a><\/p><\/blockquote>\n<p><iframe loading=\"lazy\" class=\"wp-embedded-content\" sandbox=\"allow-scripts\" security=\"restricted\" style=\"position: absolute; clip: rect(1px, 1px, 1px, 1px);\" title=\"&#8220;O agroneg\u00f3cio e a urg\u00eancia do investimento em tecnologia&#8221; &#8212; TI INSIDE Online\" src=\"https:\/\/tiinside.com.br\/07\/06\/2021\/o-agronegocio-e-a-urgencia-do-investimento-em-tecnologia\/embed\/#?secret=V0Dso567qW#?secret=ml5QFdnq52\" data-secret=\"ml5QFdnq52\" width=\"500\" height=\"282\" frameborder=\"0\" marginwidth=\"0\" marginheight=\"0\" scrolling=\"no\"><\/iframe><\/p>\n<blockquote class=\"wp-embedded-content\" data-secret=\"TPuqrhd0pq\"><p><a href=\"https:\/\/www.poder360.com.br\/agronegocio\/agronegocio-brasileiro-tem-superavit-de-us-437-bi-em-2022\/\">Agroneg\u00f3cio brasileiro tem superavit de US$ 43,7 bi em 2022<\/a><\/p><\/blockquote>\n<p><iframe loading=\"lazy\" class=\"wp-embedded-content\" sandbox=\"allow-scripts\" security=\"restricted\" style=\"position: absolute; clip: rect(1px, 1px, 1px, 1px);\" title=\"&#8220;Agroneg\u00f3cio brasileiro tem superavit de US$ 43,7 bi em 2022&#8221; &#8212; Poder360\" src=\"https:\/\/www.poder360.com.br\/agronegocio\/agronegocio-brasileiro-tem-superavit-de-us-437-bi-em-2022\/embed\/#?secret=QIVZFsg9bV#?secret=TPuqrhd0pq\" data-secret=\"TPuqrhd0pq\" width=\"500\" height=\"282\" frameborder=\"0\" marginwidth=\"0\" marginheight=\"0\" scrolling=\"no\"><\/iframe><\/p>\n<p>https:\/\/www.economist.com\/weeklyedition\/2022-05-21<\/p>\n<p>&nbsp;<\/p>\n<p>(2) SEGUNDA ETAPA: realiza\u00e7\u00e3o da pesquisa:<\/p>\n<p>&nbsp;<\/p>\n<p>Esta atividade visa que voc\u00ea aplique os conhecimentos adquiridos nesta disciplina, principalmente os que est\u00e3o relacionados \u00e0 Reutiliza\u00e7\u00e3o de software e Tend\u00eancias emergentes.<\/p>\n<p>&nbsp;<\/p>\n<p>O objetivo \u00e9 que voc\u00ea procure detectar solu\u00e7\u00f5es atuais que possam apoiar as organiza\u00e7\u00f5es do agroneg\u00f3cio na automatiza\u00e7\u00e3o de seus processos. Para tal, voc\u00ea deve realizar tr\u00eas passos:<\/p>\n<p>Passo 1) Escolher um setor do agroneg\u00f3cio \u2013 agricultura, pecu\u00e1ria, avicultura, suinocultura, piscicultura, apicultura,\u00a0 entre outros \u2013 e identificar uma atividade neste setor que voc\u00ea pode automatizar.<\/p>\n<p>Passo 2) Ap\u00f3s, fazer uma pesquisa no Google Acad\u00eamico (https:\/\/scholar.google.com.br\/?hl=pt, \u00e1rea de tecnologia e agroneg\u00f3cio) e identificar solu\u00e7\u00f5es que possam lhe ajudar na especifica\u00e7\u00e3o da sua solu\u00e7\u00e3o.<\/p>\n<p>Por exemplo, uma atividade muito importante na avicultura \u00e9 o controle de temperatura dos galp\u00f5es em que os frangos ficam. Esta atividade pode ser automatizada com apoio de tecnologia IoT: a temperatura \u00e9 coletada por sensores e o sistema de refrigera\u00e7\u00e3o \u00e9 ligado\/desligado conforme padr\u00f5es pr\u00e9-estabelecidos.<\/p>\n<p>O seu MAPA deve seguir o formato do quadro a seguir. Salienta-se que \u00e9 preciso, no m\u00ednimo 2 e no m\u00e1ximo 5 Apps ou recursos tecnol\u00f3gicos que contribuam para a constru\u00e7\u00e3o da sua solu\u00e7\u00e3o.<\/p>\n<p>&#8211; Setor do Agroneg\u00f3cio: \u200bresposta.<\/p>\n<p>\u200b- Problema detectado: resposta.<\/p>\n<p>&#8211; Nome App ou Recurso Tecnol\u00f3gico: breve descri\u00e7\u00e3o da solu\u00e7\u00e3o, salientando os requisitos funcionais e n\u00e3o-funcionais.<\/p>\n<p>\u200b- Fonte da Informa\u00e7\u00e3o: link dispon\u00edvel do APP ou projeto para baixar.<\/p>\n<p>Passo 3) Na sequ\u00eancia do seu MAPA, voc\u00ea deve apresentar a sua solu\u00e7\u00e3o de forma que possa, preferencialmente, ser reutilizada por diferentes organiza\u00e7\u00f5es do setor escolhido. Salienta-se que esta proposta deve conter as principais necessidades e os requisitos funcionais e n\u00e3o-funcionais que ser\u00e3o necess\u00e1rios para satisfazer as necessidades detectadas, conforme o quadro a seguir:<\/p>\n<p>&nbsp;<\/p>\n<p>1- Solu\u00e7\u00e3o: breve texto apresentando a solu\u00e7\u00e3o (m\u00e1ximo 5 linhas).<\/p>\n<p>2 &#8211; Requisitos funcionais:<\/p>\n<p>2.1 &#8211; NomeRequisito: breve texto apresentado o requisito\u00a0 (m\u00e1ximo 2 linhas).<\/p>\n<p>2.2 &#8211; NomeRequisito: breve texto apresentado o requisito\u00a0 (m\u00e1ximo 2 linhas).<\/p>\n<p>2.3 &#8211; NomeRequisito: breve texto apresentado o requisito\u00a0 (m\u00e1ximo 2 linhas).<\/p>\n<p>2.4. &#8230;..<\/p>\n<p>\u200b3 &#8211; Requisitos n\u00e3o-funcionais:<\/p>\n<p>3.1 &#8211; NomeRequisito: breve texto apresentado o requisito\u00a0 (m\u00e1ximo 2 linhas).<\/p>\n<p>3.2 &#8211; NomeRequisito: breve texto apresentado o requisito\u00a0 (m\u00e1ximo 2 linhas).<\/p>\n<p>3.3 &#8211; NomeRequisito: breve texto apresentado o requisito\u00a0 (m\u00e1ximo 2 linhas<\/p>\n<p>&nbsp;<\/p>\n","protected":false},"excerpt":{"rendered":"<p>MAPA &#8211; T\u00f3picos Especiais &#8211; 51\/2024 QUEST\u00c3O 1 Ol\u00e1, estudante! Chegou o momento de explorar de forma PR\u00c1TICA os conte\u00fados<\/p>\n","protected":false},"featured_media":2326,"template":"","meta":{"_monsterinsights_skip_tracking":false,"_monsterinsights_sitenote_active":false,"_monsterinsights_sitenote_note":"","_monsterinsights_sitenote_category":0},"product_brand":[],"product_cat":[15],"product_tag":[],"class_list":{"0":"post-3741","1":"product","2":"type-product","3":"status-publish","4":"has-post-thumbnail","6":"product_cat-uncategorized","8":"first","9":"instock","10":"downloadable","11":"virtual","12":"purchasable","13":"product-type-simple"},"yoast_head":"<!-- This site is optimized with the Yoast SEO plugin v27.4 - https:\/\/yoast.com\/product\/yoast-seo-wordpress\/ -->\n<title>MAPA - T\u00f3picos Especiais - 51\/2024<\/title>\n<meta name=\"description\" content=\"Atividade MAPA - T\u00f3picos Especiais - 51\/2024 &#8902; Unicesumar. Baixe agora mesmo um Mapa Pronto resolvido!\" \/>\n<meta name=\"robots\" content=\"index, follow, max-snippet:-1, max-image-preview:large, max-video-preview:-1\" \/>\n<link rel=\"canonical\" href=\"https:\/\/atividademapa.com\/?product=mapa-topicos-especiais-51-2024\" \/>\n<meta property=\"og:locale\" content=\"pt_BR\" \/>\n<meta property=\"og:type\" content=\"article\" \/>\n<meta property=\"og:title\" content=\"MAPA - T\u00f3picos Especiais - 51\/2024\" \/>\n<meta property=\"og:description\" content=\"Atividade MAPA - T\u00f3picos Especiais - 51\/2024 &#8902; Unicesumar. Baixe agora mesmo um Mapa Pronto resolvido!\" \/>\n<meta property=\"og:url\" content=\"https:\/\/atividademapa.com\/?product=mapa-topicos-especiais-51-2024\" \/>\n<meta property=\"og:site_name\" content=\"Atividade Mapa\" \/>\n<meta property=\"article:modified_time\" content=\"2024-04-13T16:33:48+00:00\" \/>\n<meta property=\"og:image\" content=\"https:\/\/i0.wp.com\/atividademapa.com\/wp-content\/uploads\/2023\/03\/Atividade-M.A.P.A-3.png?fit=300%2C300&ssl=1\" \/>\n\t<meta property=\"og:image:width\" content=\"300\" \/>\n\t<meta property=\"og:image:height\" content=\"300\" \/>\n\t<meta property=\"og:image:type\" content=\"image\/png\" \/>\n<meta name=\"twitter:card\" content=\"summary_large_image\" \/>\n<meta name=\"twitter:label1\" content=\"Est. tempo de leitura\" \/>\n\t<meta name=\"twitter:data1\" content=\"4 minutos\" \/>\n<script type=\"application\/ld+json\" class=\"yoast-schema-graph\">{\"@context\":\"https:\\\/\\\/schema.org\",\"@graph\":[{\"@type\":\"WebPage\",\"@id\":\"https:\\\/\\\/atividademapa.com\\\/?product=mapa-topicos-especiais-51-2024\",\"url\":\"https:\\\/\\\/atividademapa.com\\\/?product=mapa-topicos-especiais-51-2024\",\"name\":\"MAPA - T\u00f3picos Especiais - 51\\\/2024\",\"isPartOf\":{\"@id\":\"https:\\\/\\\/atividademapa.com\\\/#website\"},\"primaryImageOfPage\":{\"@id\":\"https:\\\/\\\/atividademapa.com\\\/?product=mapa-topicos-especiais-51-2024#primaryimage\"},\"image\":{\"@id\":\"https:\\\/\\\/atividademapa.com\\\/?product=mapa-topicos-especiais-51-2024#primaryimage\"},\"thumbnailUrl\":\"https:\\\/\\\/i0.wp.com\\\/atividademapa.com\\\/wp-content\\\/uploads\\\/2023\\\/03\\\/Atividade-M.A.P.A-3.png?fit=300%2C300&ssl=1\",\"datePublished\":\"2024-04-13T16:26:43+00:00\",\"dateModified\":\"2024-04-13T16:33:48+00:00\",\"description\":\"Atividade MAPA - T\u00f3picos Especiais - 51\\\/2024 &#8902; Unicesumar. Baixe agora mesmo um Mapa Pronto resolvido!\",\"breadcrumb\":{\"@id\":\"https:\\\/\\\/atividademapa.com\\\/?product=mapa-topicos-especiais-51-2024#breadcrumb\"},\"inLanguage\":\"pt-BR\",\"potentialAction\":[{\"@type\":\"ReadAction\",\"target\":[\"https:\\\/\\\/atividademapa.com\\\/?product=mapa-topicos-especiais-51-2024\"]}]},{\"@type\":\"ImageObject\",\"inLanguage\":\"pt-BR\",\"@id\":\"https:\\\/\\\/atividademapa.com\\\/?product=mapa-topicos-especiais-51-2024#primaryimage\",\"url\":\"https:\\\/\\\/i0.wp.com\\\/atividademapa.com\\\/wp-content\\\/uploads\\\/2023\\\/03\\\/Atividade-M.A.P.A-3.png?fit=300%2C300&ssl=1\",\"contentUrl\":\"https:\\\/\\\/i0.wp.com\\\/atividademapa.com\\\/wp-content\\\/uploads\\\/2023\\\/03\\\/Atividade-M.A.P.A-3.png?fit=300%2C300&ssl=1\",\"width\":300,\"height\":300,\"caption\":\"Mapa Unicesumar Atividade\"},{\"@type\":\"BreadcrumbList\",\"@id\":\"https:\\\/\\\/atividademapa.com\\\/?product=mapa-topicos-especiais-51-2024#breadcrumb\",\"itemListElement\":[{\"@type\":\"ListItem\",\"position\":1,\"name\":\"In\u00edcio\",\"item\":\"https:\\\/\\\/atividademapa.com\\\/\"},{\"@type\":\"ListItem\",\"position\":2,\"name\":\"MAPAS\",\"item\":\"https:\\\/\\\/atividademapa.com\\\/?page_id=5\"},{\"@type\":\"ListItem\",\"position\":3,\"name\":\"MAPA &#8211; T\u00f3picos Especiais &#8211; 51\\\/2024\"}]},{\"@type\":\"WebSite\",\"@id\":\"https:\\\/\\\/atividademapa.com\\\/#website\",\"url\":\"https:\\\/\\\/atividademapa.com\\\/\",\"name\":\"Atividade Mapa\",\"description\":\"StudeO | Unicesumar\",\"publisher\":{\"@id\":\"https:\\\/\\\/atividademapa.com\\\/#organization\"},\"potentialAction\":[{\"@type\":\"SearchAction\",\"target\":{\"@type\":\"EntryPoint\",\"urlTemplate\":\"https:\\\/\\\/atividademapa.com\\\/?s={search_term_string}\"},\"query-input\":{\"@type\":\"PropertyValueSpecification\",\"valueRequired\":true,\"valueName\":\"search_term_string\"}}],\"inLanguage\":\"pt-BR\"},{\"@type\":\"Organization\",\"@id\":\"https:\\\/\\\/atividademapa.com\\\/#organization\",\"name\":\"Atividade MAPA\",\"url\":\"https:\\\/\\\/atividademapa.com\\\/\",\"logo\":{\"@type\":\"ImageObject\",\"inLanguage\":\"pt-BR\",\"@id\":\"https:\\\/\\\/atividademapa.com\\\/#\\\/schema\\\/logo\\\/image\\\/\",\"url\":\"https:\\\/\\\/i0.wp.com\\\/atividademapa.com\\\/wp-content\\\/uploads\\\/2023\\\/02\\\/ATIVIDADE.png?fit=600%2C300&ssl=1\",\"contentUrl\":\"https:\\\/\\\/i0.wp.com\\\/atividademapa.com\\\/wp-content\\\/uploads\\\/2023\\\/02\\\/ATIVIDADE.png?fit=600%2C300&ssl=1\",\"width\":600,\"height\":300,\"caption\":\"Atividade MAPA\"},\"image\":{\"@id\":\"https:\\\/\\\/atividademapa.com\\\/#\\\/schema\\\/logo\\\/image\\\/\"}}]}<\/script>\n<!-- \/ Yoast SEO plugin. -->","yoast_head_json":{"title":"MAPA - T\u00f3picos Especiais - 51\/2024","description":"Atividade MAPA - T\u00f3picos Especiais - 51\/2024 &#8902; Unicesumar. Baixe agora mesmo um Mapa Pronto resolvido!","robots":{"index":"index","follow":"follow","max-snippet":"max-snippet:-1","max-image-preview":"max-image-preview:large","max-video-preview":"max-video-preview:-1"},"canonical":"https:\/\/atividademapa.com\/?product=mapa-topicos-especiais-51-2024","og_locale":"pt_BR","og_type":"article","og_title":"MAPA - T\u00f3picos Especiais - 51\/2024","og_description":"Atividade MAPA - T\u00f3picos Especiais - 51\/2024 &#8902; Unicesumar. Baixe agora mesmo um Mapa Pronto resolvido!","og_url":"https:\/\/atividademapa.com\/?product=mapa-topicos-especiais-51-2024","og_site_name":"Atividade Mapa","article_modified_time":"2024-04-13T16:33:48+00:00","og_image":[{"width":300,"height":300,"url":"https:\/\/i0.wp.com\/atividademapa.com\/wp-content\/uploads\/2023\/03\/Atividade-M.A.P.A-3.png?fit=300%2C300&ssl=1","type":"image\/png"}],"twitter_card":"summary_large_image","twitter_misc":{"Est. tempo de leitura":"4 minutos"},"schema":{"@context":"https:\/\/schema.org","@graph":[{"@type":"WebPage","@id":"https:\/\/atividademapa.com\/?product=mapa-topicos-especiais-51-2024","url":"https:\/\/atividademapa.com\/?product=mapa-topicos-especiais-51-2024","name":"MAPA - T\u00f3picos Especiais - 51\/2024","isPartOf":{"@id":"https:\/\/atividademapa.com\/#website"},"primaryImageOfPage":{"@id":"https:\/\/atividademapa.com\/?product=mapa-topicos-especiais-51-2024#primaryimage"},"image":{"@id":"https:\/\/atividademapa.com\/?product=mapa-topicos-especiais-51-2024#primaryimage"},"thumbnailUrl":"https:\/\/i0.wp.com\/atividademapa.com\/wp-content\/uploads\/2023\/03\/Atividade-M.A.P.A-3.png?fit=300%2C300&ssl=1","datePublished":"2024-04-13T16:26:43+00:00","dateModified":"2024-04-13T16:33:48+00:00","description":"Atividade MAPA - T\u00f3picos Especiais - 51\/2024 &#8902; Unicesumar. Baixe agora mesmo um Mapa Pronto resolvido!","breadcrumb":{"@id":"https:\/\/atividademapa.com\/?product=mapa-topicos-especiais-51-2024#breadcrumb"},"inLanguage":"pt-BR","potentialAction":[{"@type":"ReadAction","target":["https:\/\/atividademapa.com\/?product=mapa-topicos-especiais-51-2024"]}]},{"@type":"ImageObject","inLanguage":"pt-BR","@id":"https:\/\/atividademapa.com\/?product=mapa-topicos-especiais-51-2024#primaryimage","url":"https:\/\/i0.wp.com\/atividademapa.com\/wp-content\/uploads\/2023\/03\/Atividade-M.A.P.A-3.png?fit=300%2C300&ssl=1","contentUrl":"https:\/\/i0.wp.com\/atividademapa.com\/wp-content\/uploads\/2023\/03\/Atividade-M.A.P.A-3.png?fit=300%2C300&ssl=1","width":300,"height":300,"caption":"Mapa Unicesumar Atividade"},{"@type":"BreadcrumbList","@id":"https:\/\/atividademapa.com\/?product=mapa-topicos-especiais-51-2024#breadcrumb","itemListElement":[{"@type":"ListItem","position":1,"name":"In\u00edcio","item":"https:\/\/atividademapa.com\/"},{"@type":"ListItem","position":2,"name":"MAPAS","item":"https:\/\/atividademapa.com\/?page_id=5"},{"@type":"ListItem","position":3,"name":"MAPA &#8211; T\u00f3picos Especiais &#8211; 51\/2024"}]},{"@type":"WebSite","@id":"https:\/\/atividademapa.com\/#website","url":"https:\/\/atividademapa.com\/","name":"Atividade Mapa","description":"StudeO | Unicesumar","publisher":{"@id":"https:\/\/atividademapa.com\/#organization"},"potentialAction":[{"@type":"SearchAction","target":{"@type":"EntryPoint","urlTemplate":"https:\/\/atividademapa.com\/?s={search_term_string}"},"query-input":{"@type":"PropertyValueSpecification","valueRequired":true,"valueName":"search_term_string"}}],"inLanguage":"pt-BR"},{"@type":"Organization","@id":"https:\/\/atividademapa.com\/#organization","name":"Atividade MAPA","url":"https:\/\/atividademapa.com\/","logo":{"@type":"ImageObject","inLanguage":"pt-BR","@id":"https:\/\/atividademapa.com\/#\/schema\/logo\/image\/","url":"https:\/\/i0.wp.com\/atividademapa.com\/wp-content\/uploads\/2023\/02\/ATIVIDADE.png?fit=600%2C300&ssl=1","contentUrl":"https:\/\/i0.wp.com\/atividademapa.com\/wp-content\/uploads\/2023\/02\/ATIVIDADE.png?fit=600%2C300&ssl=1","width":600,"height":300,"caption":"Atividade MAPA"},"image":{"@id":"https:\/\/atividademapa.com\/#\/schema\/logo\/image\/"}}]}},"_links":{"self":[{"href":"https:\/\/atividademapa.com\/index.php?rest_route=\/wp\/v2\/product\/3741","targetHints":{"allow":["GET"]}}],"collection":[{"href":"https:\/\/atividademapa.com\/index.php?rest_route=\/wp\/v2\/product"}],"about":[{"href":"https:\/\/atividademapa.com\/index.php?rest_route=\/wp\/v2\/types\/product"}],"version-history":[{"count":2,"href":"https:\/\/atividademapa.com\/index.php?rest_route=\/wp\/v2\/product\/3741\/revisions"}],"predecessor-version":[{"id":3744,"href":"https:\/\/atividademapa.com\/index.php?rest_route=\/wp\/v2\/product\/3741\/revisions\/3744"}],"wp:featuredmedia":[{"embeddable":true,"href":"https:\/\/atividademapa.com\/index.php?rest_route=\/wp\/v2\/media\/2326"}],"wp:attachment":[{"href":"https:\/\/atividademapa.com\/index.php?rest_route=%2Fwp%2Fv2%2Fmedia&parent=3741"}],"wp:term":[{"taxonomy":"product_brand","embeddable":true,"href":"https:\/\/atividademapa.com\/index.php?rest_route=%2Fwp%2Fv2%2Fproduct_brand&post=3741"},{"taxonomy":"product_cat","embeddable":true,"href":"https:\/\/atividademapa.com\/index.php?rest_route=%2Fwp%2Fv2%2Fproduct_cat&post=3741"},{"taxonomy":"product_tag","embeddable":true,"href":"https:\/\/atividademapa.com\/index.php?rest_route=%2Fwp%2Fv2%2Fproduct_tag&post=3741"}],"curies":[{"name":"wp","href":"https:\/\/api.w.org\/{rel}","templated":true}]}}