{"id":3850,"date":"2024-04-22T11:34:16","date_gmt":"2024-04-22T14:34:16","guid":{"rendered":"https:\/\/atividademapa.com\/?post_type=product&#038;p=3850"},"modified":"2024-04-22T15:38:19","modified_gmt":"2024-04-22T18:38:19","slug":"mapa-atletismo-51-2024","status":"publish","type":"product","link":"https:\/\/atividademapa.com\/?product=mapa-atletismo-51-2024","title":{"rendered":"MAPA &#8211; Atletismo &#8211; 51\/2024"},"content":{"rendered":"<p>MAPA &#8211; Atletismo &#8211; 51\/2024<\/p>\n<p>A corrida de revezamento tem ra\u00edzes na Gr\u00e9cia Antiga, nas Panateneias realizadas em homenagem \u00e0 deusa Atena, e inclu\u00eda, no programa de atletismo, uma prova de revezamento chamada de \u201ccorrida das tochas\u201d. A prova de revezamento \u00e9 a \u00fanica prova dentro do Atletismo que permite o car\u00e1ter coletivo, por esse motivo ela j\u00e1 tem uma grande procura pelos admiradores do esporte, por\u00e9m essa prova tem particularidades pr\u00f3prias, afinal o fator coletivo \u00e9 o que ir\u00e1 determinar o resultado dessa prova, sendo essencial que os quatro atletas da equipe tenham um entrosamento capaz de faz\u00ea-los diminuir ao m\u00e1ximo o tempo nas trocas de bast\u00e3o.<\/p>\n<p>OLIVEIRA, Humberto Garcia de; BARALDI, \u00c9len Carla da Costa. <strong>Esportes Individuais: Atletismo<\/strong>. Maring\u00e1 &#8211; PR.: Unicesumar, 2022.<\/p>\n<p>Diante disso, podemos entender que v\u00e1rias modalidades que comp\u00f5em o atletismo possuem a sua especificidade para cada prova, assim como, o aprendizado sobre a complexidade de movimentos t\u00e9cnicos para cada modalidade, para que assim, o atleta ou aluno realize a pr\u00e1tica de uma maneira satisfat\u00f3ria.<\/p>\n<ol>\n<li>Descreva como consiste a prova de CORRIDA DE REVEZAMENTO, cite e explique como e quais s\u00e3o as divis\u00f5es nessa modalidade:<\/li>\n<\/ol>\n<p>&nbsp;<\/p>\n<table>\n<tbody>\n<tr>\n<td width=\"564\">Insira aqui sua resposta<\/td>\n<\/tr>\n<\/tbody>\n<\/table>\n<p><strong>\u00a0<\/strong>Cite e descreva os tipos de passagem de bast\u00e3o e as dist\u00e2ncias oficiais estabelecidas da modalidade:<\/p>\n<table>\n<tbody>\n<tr>\n<td width=\"576\">Insira aqui a resposta:<\/td>\n<\/tr>\n<\/tbody>\n<\/table>\n<p>\u200bAluno, agora \u00e9 a hora de usar a criatividade:<\/p>\n<p>Considerando que voc\u00ea foi contratado para trabalhar em um centro esportivo de sua cidade como professor\/treinador para atuar na inicia\u00e7\u00e3o esportiva de crian\u00e7as entre 08 a 12 anos na modalidade de ATLETISMO. Ao iniciar o seu planejamento de trabalho, foi verificado pelo seu supervisor, que h\u00e1 poucos materiais para serem utilizados no projeto esportivo. Diante disso, foi orientado que voc\u00ea dever\u00e1 <strong><u>confeccionar<\/u><\/strong> o BAST\u00c3O para ser utilizado no ensino da CORRIDA DE REVEZAMENTO com MATERIAIS ALTERNATIVOS. Portanto, nessa atividade voc\u00ea dever\u00e1 tirar DUAS FOTOS dos materiais que ser\u00e3o utilizados na constru\u00e7\u00e3o do equipamento, antes de serem confeccionados e preparados e DUAS FOTOS ap\u00f3s ser finalizado a sua confec\u00e7\u00e3o.<\/p>\n<p>*Lembrando que: A constru\u00e7\u00e3o do MATERIAL dever\u00e1 ser feita por <u>voc\u00ea aluno<\/u>;<\/p>\n<p>Voc\u00ea pode utilizar materiais que se encontram na sua casa, como: potes, papel\u00e3o, cabo de vassoura, jornais, caixa de leite, e etc.<\/p>\n","protected":false},"excerpt":{"rendered":"<p>Mapa Atletismo 51\/2024<\/p>\n<p><strong><span style=\"color: #ff0000;\">INCLUI AS FOTOS DOS BAST\u00d5ES DE REVEZAMENTO<\/span><\/strong><\/p>\n","protected":false},"featured_media":2326,"template":"","meta":{"_monsterinsights_skip_tracking":false,"_monsterinsights_sitenote_active":false,"_monsterinsights_sitenote_note":"","_monsterinsights_sitenote_category":0},"product_brand":[],"product_cat":[42],"product_tag":[],"class_list":{"0":"post-3850","1":"product","2":"type-product","3":"status-publish","4":"has-post-thumbnail","6":"product_cat-educacao-fisica","8":"first","9":"instock","10":"downloadable","11":"virtual","12":"purchasable","13":"product-type-simple"},"yoast_head":"<!-- This site is optimized with the Yoast SEO plugin v27.4 - https:\/\/yoast.com\/product\/yoast-seo-wordpress\/ -->\n<title>MAPA - Atletismo - 51\/2024<\/title>\n<meta name=\"description\" content=\"Mapa Atletismo 51\/2024 - Educa\u00e7\u00e3o F\u00edsica - Esportes Individuais, como as fotos dos bast\u00f5es de revezamento confeccionados. Download Imediato!\" \/>\n<meta name=\"robots\" content=\"index, follow, max-snippet:-1, max-image-preview:large, max-video-preview:-1\" \/>\n<link rel=\"canonical\" href=\"https:\/\/atividademapa.com\/?product=mapa-atletismo-51-2024\" \/>\n<meta property=\"og:locale\" content=\"pt_BR\" \/>\n<meta property=\"og:type\" content=\"article\" \/>\n<meta property=\"og:title\" content=\"MAPA - Atletismo - 51\/2024\" \/>\n<meta property=\"og:description\" content=\"Mapa Atletismo 51\/2024 - Educa\u00e7\u00e3o F\u00edsica - Esportes Individuais, como as fotos dos bast\u00f5es de revezamento confeccionados. Download Imediato!\" \/>\n<meta property=\"og:url\" content=\"https:\/\/atividademapa.com\/?product=mapa-atletismo-51-2024\" \/>\n<meta property=\"og:site_name\" content=\"Atividade Mapa\" \/>\n<meta property=\"article:modified_time\" content=\"2024-04-22T18:38:19+00:00\" \/>\n<meta property=\"og:image\" content=\"https:\/\/i0.wp.com\/atividademapa.com\/wp-content\/uploads\/2023\/03\/Atividade-M.A.P.A-3.png?fit=300%2C300&ssl=1\" \/>\n\t<meta property=\"og:image:width\" content=\"300\" \/>\n\t<meta property=\"og:image:height\" content=\"300\" \/>\n\t<meta property=\"og:image:type\" content=\"image\/png\" \/>\n<meta name=\"twitter:card\" content=\"summary_large_image\" \/>\n<meta name=\"twitter:label1\" content=\"Est. tempo de leitura\" \/>\n\t<meta name=\"twitter:data1\" content=\"2 minutos\" \/>\n<script type=\"application\/ld+json\" class=\"yoast-schema-graph\">{\"@context\":\"https:\\\/\\\/schema.org\",\"@graph\":[{\"@type\":\"WebPage\",\"@id\":\"https:\\\/\\\/atividademapa.com\\\/?product=mapa-atletismo-51-2024\",\"url\":\"https:\\\/\\\/atividademapa.com\\\/?product=mapa-atletismo-51-2024\",\"name\":\"MAPA - Atletismo - 51\\\/2024\",\"isPartOf\":{\"@id\":\"https:\\\/\\\/atividademapa.com\\\/#website\"},\"primaryImageOfPage\":{\"@id\":\"https:\\\/\\\/atividademapa.com\\\/?product=mapa-atletismo-51-2024#primaryimage\"},\"image\":{\"@id\":\"https:\\\/\\\/atividademapa.com\\\/?product=mapa-atletismo-51-2024#primaryimage\"},\"thumbnailUrl\":\"https:\\\/\\\/i0.wp.com\\\/atividademapa.com\\\/wp-content\\\/uploads\\\/2023\\\/03\\\/Atividade-M.A.P.A-3.png?fit=300%2C300&ssl=1\",\"datePublished\":\"2024-04-22T14:34:16+00:00\",\"dateModified\":\"2024-04-22T18:38:19+00:00\",\"description\":\"Mapa Atletismo 51\\\/2024 - Educa\u00e7\u00e3o F\u00edsica - Esportes Individuais, como as fotos dos bast\u00f5es de revezamento confeccionados. Download Imediato!\",\"breadcrumb\":{\"@id\":\"https:\\\/\\\/atividademapa.com\\\/?product=mapa-atletismo-51-2024#breadcrumb\"},\"inLanguage\":\"pt-BR\",\"potentialAction\":[{\"@type\":\"ReadAction\",\"target\":[\"https:\\\/\\\/atividademapa.com\\\/?product=mapa-atletismo-51-2024\"]}]},{\"@type\":\"ImageObject\",\"inLanguage\":\"pt-BR\",\"@id\":\"https:\\\/\\\/atividademapa.com\\\/?product=mapa-atletismo-51-2024#primaryimage\",\"url\":\"https:\\\/\\\/i0.wp.com\\\/atividademapa.com\\\/wp-content\\\/uploads\\\/2023\\\/03\\\/Atividade-M.A.P.A-3.png?fit=300%2C300&ssl=1\",\"contentUrl\":\"https:\\\/\\\/i0.wp.com\\\/atividademapa.com\\\/wp-content\\\/uploads\\\/2023\\\/03\\\/Atividade-M.A.P.A-3.png?fit=300%2C300&ssl=1\",\"width\":300,\"height\":300,\"caption\":\"Mapa Unicesumar Atividade\"},{\"@type\":\"BreadcrumbList\",\"@id\":\"https:\\\/\\\/atividademapa.com\\\/?product=mapa-atletismo-51-2024#breadcrumb\",\"itemListElement\":[{\"@type\":\"ListItem\",\"position\":1,\"name\":\"In\u00edcio\",\"item\":\"https:\\\/\\\/atividademapa.com\\\/\"},{\"@type\":\"ListItem\",\"position\":2,\"name\":\"MAPAS\",\"item\":\"https:\\\/\\\/atividademapa.com\\\/?page_id=5\"},{\"@type\":\"ListItem\",\"position\":3,\"name\":\"MAPA &#8211; Atletismo &#8211; 51\\\/2024\"}]},{\"@type\":\"WebSite\",\"@id\":\"https:\\\/\\\/atividademapa.com\\\/#website\",\"url\":\"https:\\\/\\\/atividademapa.com\\\/\",\"name\":\"Atividade Mapa\",\"description\":\"StudeO | Unicesumar\",\"publisher\":{\"@id\":\"https:\\\/\\\/atividademapa.com\\\/#organization\"},\"potentialAction\":[{\"@type\":\"SearchAction\",\"target\":{\"@type\":\"EntryPoint\",\"urlTemplate\":\"https:\\\/\\\/atividademapa.com\\\/?s={search_term_string}\"},\"query-input\":{\"@type\":\"PropertyValueSpecification\",\"valueRequired\":true,\"valueName\":\"search_term_string\"}}],\"inLanguage\":\"pt-BR\"},{\"@type\":\"Organization\",\"@id\":\"https:\\\/\\\/atividademapa.com\\\/#organization\",\"name\":\"Atividade MAPA\",\"url\":\"https:\\\/\\\/atividademapa.com\\\/\",\"logo\":{\"@type\":\"ImageObject\",\"inLanguage\":\"pt-BR\",\"@id\":\"https:\\\/\\\/atividademapa.com\\\/#\\\/schema\\\/logo\\\/image\\\/\",\"url\":\"https:\\\/\\\/i0.wp.com\\\/atividademapa.com\\\/wp-content\\\/uploads\\\/2023\\\/02\\\/ATIVIDADE.png?fit=600%2C300&ssl=1\",\"contentUrl\":\"https:\\\/\\\/i0.wp.com\\\/atividademapa.com\\\/wp-content\\\/uploads\\\/2023\\\/02\\\/ATIVIDADE.png?fit=600%2C300&ssl=1\",\"width\":600,\"height\":300,\"caption\":\"Atividade MAPA\"},\"image\":{\"@id\":\"https:\\\/\\\/atividademapa.com\\\/#\\\/schema\\\/logo\\\/image\\\/\"}}]}<\/script>\n<!-- \/ Yoast SEO plugin. -->","yoast_head_json":{"title":"MAPA - Atletismo - 51\/2024","description":"Mapa Atletismo 51\/2024 - Educa\u00e7\u00e3o F\u00edsica - Esportes Individuais, como as fotos dos bast\u00f5es de revezamento confeccionados. Download Imediato!","robots":{"index":"index","follow":"follow","max-snippet":"max-snippet:-1","max-image-preview":"max-image-preview:large","max-video-preview":"max-video-preview:-1"},"canonical":"https:\/\/atividademapa.com\/?product=mapa-atletismo-51-2024","og_locale":"pt_BR","og_type":"article","og_title":"MAPA - Atletismo - 51\/2024","og_description":"Mapa Atletismo 51\/2024 - Educa\u00e7\u00e3o F\u00edsica - Esportes Individuais, como as fotos dos bast\u00f5es de revezamento confeccionados. Download Imediato!","og_url":"https:\/\/atividademapa.com\/?product=mapa-atletismo-51-2024","og_site_name":"Atividade Mapa","article_modified_time":"2024-04-22T18:38:19+00:00","og_image":[{"width":300,"height":300,"url":"https:\/\/i0.wp.com\/atividademapa.com\/wp-content\/uploads\/2023\/03\/Atividade-M.A.P.A-3.png?fit=300%2C300&ssl=1","type":"image\/png"}],"twitter_card":"summary_large_image","twitter_misc":{"Est. tempo de leitura":"2 minutos"},"schema":{"@context":"https:\/\/schema.org","@graph":[{"@type":"WebPage","@id":"https:\/\/atividademapa.com\/?product=mapa-atletismo-51-2024","url":"https:\/\/atividademapa.com\/?product=mapa-atletismo-51-2024","name":"MAPA - Atletismo - 51\/2024","isPartOf":{"@id":"https:\/\/atividademapa.com\/#website"},"primaryImageOfPage":{"@id":"https:\/\/atividademapa.com\/?product=mapa-atletismo-51-2024#primaryimage"},"image":{"@id":"https:\/\/atividademapa.com\/?product=mapa-atletismo-51-2024#primaryimage"},"thumbnailUrl":"https:\/\/i0.wp.com\/atividademapa.com\/wp-content\/uploads\/2023\/03\/Atividade-M.A.P.A-3.png?fit=300%2C300&ssl=1","datePublished":"2024-04-22T14:34:16+00:00","dateModified":"2024-04-22T18:38:19+00:00","description":"Mapa Atletismo 51\/2024 - Educa\u00e7\u00e3o F\u00edsica - Esportes Individuais, como as fotos dos bast\u00f5es de revezamento confeccionados. Download Imediato!","breadcrumb":{"@id":"https:\/\/atividademapa.com\/?product=mapa-atletismo-51-2024#breadcrumb"},"inLanguage":"pt-BR","potentialAction":[{"@type":"ReadAction","target":["https:\/\/atividademapa.com\/?product=mapa-atletismo-51-2024"]}]},{"@type":"ImageObject","inLanguage":"pt-BR","@id":"https:\/\/atividademapa.com\/?product=mapa-atletismo-51-2024#primaryimage","url":"https:\/\/i0.wp.com\/atividademapa.com\/wp-content\/uploads\/2023\/03\/Atividade-M.A.P.A-3.png?fit=300%2C300&ssl=1","contentUrl":"https:\/\/i0.wp.com\/atividademapa.com\/wp-content\/uploads\/2023\/03\/Atividade-M.A.P.A-3.png?fit=300%2C300&ssl=1","width":300,"height":300,"caption":"Mapa Unicesumar Atividade"},{"@type":"BreadcrumbList","@id":"https:\/\/atividademapa.com\/?product=mapa-atletismo-51-2024#breadcrumb","itemListElement":[{"@type":"ListItem","position":1,"name":"In\u00edcio","item":"https:\/\/atividademapa.com\/"},{"@type":"ListItem","position":2,"name":"MAPAS","item":"https:\/\/atividademapa.com\/?page_id=5"},{"@type":"ListItem","position":3,"name":"MAPA &#8211; Atletismo &#8211; 51\/2024"}]},{"@type":"WebSite","@id":"https:\/\/atividademapa.com\/#website","url":"https:\/\/atividademapa.com\/","name":"Atividade Mapa","description":"StudeO | Unicesumar","publisher":{"@id":"https:\/\/atividademapa.com\/#organization"},"potentialAction":[{"@type":"SearchAction","target":{"@type":"EntryPoint","urlTemplate":"https:\/\/atividademapa.com\/?s={search_term_string}"},"query-input":{"@type":"PropertyValueSpecification","valueRequired":true,"valueName":"search_term_string"}}],"inLanguage":"pt-BR"},{"@type":"Organization","@id":"https:\/\/atividademapa.com\/#organization","name":"Atividade MAPA","url":"https:\/\/atividademapa.com\/","logo":{"@type":"ImageObject","inLanguage":"pt-BR","@id":"https:\/\/atividademapa.com\/#\/schema\/logo\/image\/","url":"https:\/\/i0.wp.com\/atividademapa.com\/wp-content\/uploads\/2023\/02\/ATIVIDADE.png?fit=600%2C300&ssl=1","contentUrl":"https:\/\/i0.wp.com\/atividademapa.com\/wp-content\/uploads\/2023\/02\/ATIVIDADE.png?fit=600%2C300&ssl=1","width":600,"height":300,"caption":"Atividade MAPA"},"image":{"@id":"https:\/\/atividademapa.com\/#\/schema\/logo\/image\/"}}]}},"_links":{"self":[{"href":"https:\/\/atividademapa.com\/index.php?rest_route=\/wp\/v2\/product\/3850","targetHints":{"allow":["GET"]}}],"collection":[{"href":"https:\/\/atividademapa.com\/index.php?rest_route=\/wp\/v2\/product"}],"about":[{"href":"https:\/\/atividademapa.com\/index.php?rest_route=\/wp\/v2\/types\/product"}],"version-history":[{"count":1,"href":"https:\/\/atividademapa.com\/index.php?rest_route=\/wp\/v2\/product\/3850\/revisions"}],"predecessor-version":[{"id":3851,"href":"https:\/\/atividademapa.com\/index.php?rest_route=\/wp\/v2\/product\/3850\/revisions\/3851"}],"wp:featuredmedia":[{"embeddable":true,"href":"https:\/\/atividademapa.com\/index.php?rest_route=\/wp\/v2\/media\/2326"}],"wp:attachment":[{"href":"https:\/\/atividademapa.com\/index.php?rest_route=%2Fwp%2Fv2%2Fmedia&parent=3850"}],"wp:term":[{"taxonomy":"product_brand","embeddable":true,"href":"https:\/\/atividademapa.com\/index.php?rest_route=%2Fwp%2Fv2%2Fproduct_brand&post=3850"},{"taxonomy":"product_cat","embeddable":true,"href":"https:\/\/atividademapa.com\/index.php?rest_route=%2Fwp%2Fv2%2Fproduct_cat&post=3850"},{"taxonomy":"product_tag","embeddable":true,"href":"https:\/\/atividademapa.com\/index.php?rest_route=%2Fwp%2Fv2%2Fproduct_tag&post=3850"}],"curies":[{"name":"wp","href":"https:\/\/api.w.org\/{rel}","templated":true}]}}