{"id":3857,"date":"2024-04-22T23:31:37","date_gmt":"2024-04-23T02:31:37","guid":{"rendered":"https:\/\/atividademapa.com\/?post_type=product&#038;p=3857"},"modified":"2024-04-22T23:31:38","modified_gmt":"2024-04-23T02:31:38","slug":"mapa-music-principios-da-teoria-musical-51-2024","status":"publish","type":"product","link":"https:\/\/atividademapa.com\/?product=mapa-music-principios-da-teoria-musical-51-2024","title":{"rendered":"MAPA &#8211; Music &#8211; Princ\u00edpios da Teoria Musical &#8211; 51\/2024"},"content":{"rendered":"<p>MAPA &#8211; Music &#8211; Princ\u00edpios da Teoria Musical &#8211; 51\/2024<\/p>\n<p><img data-recalc-dims=\"1\" loading=\"lazy\" decoding=\"async\" class=\"alignnone  wp-image-3858\" src=\"https:\/\/i0.wp.com\/atividademapa.com\/wp-content\/uploads\/2024\/04\/Mapa-Teoria-Musical.jpg?resize=381%2C183&#038;ssl=1\" alt=\"\" width=\"381\" height=\"183\" srcset=\"https:\/\/i0.wp.com\/atividademapa.com\/wp-content\/uploads\/2024\/04\/Mapa-Teoria-Musical.jpg?resize=300%2C144&amp;ssl=1 300w, https:\/\/i0.wp.com\/atividademapa.com\/wp-content\/uploads\/2024\/04\/Mapa-Teoria-Musical.jpg?resize=768%2C369&amp;ssl=1 768w, https:\/\/i0.wp.com\/atividademapa.com\/wp-content\/uploads\/2024\/04\/Mapa-Teoria-Musical.jpg?resize=600%2C288&amp;ssl=1 600w, https:\/\/i0.wp.com\/atividademapa.com\/wp-content\/uploads\/2024\/04\/Mapa-Teoria-Musical.jpg?resize=150%2C72&amp;ssl=1 150w, https:\/\/i0.wp.com\/atividademapa.com\/wp-content\/uploads\/2024\/04\/Mapa-Teoria-Musical.jpg?w=825&amp;ssl=1 825w\" sizes=\"auto, (max-width: 381px) 100vw, 381px\" \/><\/p>\n<p>O que fazer?<\/p>\n<p>A- Descreva o conceito de clave de &#8220;sol e clave f\u00e1&#8221;, descrevendo como elas se relacionam com a altura das notas da pauta, suas fun\u00e7\u00f5es e posi\u00e7\u00e3o na partitura. A partir delas, nomeie todas as notas da partitura apresentada.<br \/>\nB- Descreva o conceito de &#8220;armadura de clave&#8221; e o papel do &#8220;ciclo das quintas&#8221; para a constru\u00e7\u00e3o de uma m\u00fasica. Identifique na partitura, qual \u00e9 a armadura de clave presente, que define o tom da composi\u00e7\u00e3o.<br \/>\nC- Descreva sobre o conceito de &#8220;f\u00f3rmula de compasso&#8221;, sua fun\u00e7\u00e3o, quais as f\u00f3rmulas existentes e mais utilizadas em can\u00e7\u00f5es. Apresente a f\u00f3rmula utilizada na partitura.<br \/>\nD- Descreva sobre o conceito de &#8220;intervalo&#8221;. Ap\u00f3s, indique todos os intervalos presentes na partitura apresentada. Observe as notas da esquerda para a direita, uma com rela\u00e7\u00e3o a outra sucessivamente.<br \/>\nE- Descreva sobre o conceito de &#8220;linhas suplementares&#8221; (inferior e superior). Identifique na partitura, o compasso que apresenta esse recurso, identificando a nota que est\u00e1 presente nele.<br \/>\nF- Descreva sobre o nome de cada s\u00edmbolo da nota\u00e7\u00e3o musical. Identifique na partitura, as figuras de nota\u00e7\u00e3o existentes (mesmo que elas se repitam, indique apenas uma vez).<\/p>\n<p>Como fazer?<\/p>\n<p>&#8211; Ap\u00f3s finalizado, salve o arquivo do formul\u00e1rio em pdf.<br \/>\n&#8211; certifique-se de enviar o arquivo correto da atividade.<br \/>\n&#8211; N\u00e3o ser\u00e3o aceitas atividades fora do prazo, conforme calend\u00e1rio acad\u00eamico.<\/p>\n<p>\u00d3tima atividade.<\/p>\n<p>RESPOSTA:<\/p>\n<p>INSIRA AQUI AS RESPOSTAS COM BASE NA AN\u00c1LISE E OBSERVA\u00c7\u00c3O DA PARTITURA NO ENUNCIADO DA QUEST\u00c3O MAPA NO STUDEO.<\/p>\n<p>A- Descreva o conceito de clave de &#8220;sol e clave f\u00e1&#8221;, descrevendo como elas se relacionam com a altura das notas da pauta, suas fun\u00e7\u00f5es e posi\u00e7\u00e3o na partitura. A partir delas, nomeie todas as notas da partitura apresentada.<\/p>\n<p>B- Descreva o conceito de &#8220;armadura de clave&#8221; e o papel do &#8220;ciclo das quintas&#8221; para a constru\u00e7\u00e3o de uma m\u00fasica. Identifique na partitura, qual \u00e9 a armadura de clave presente, que define o tom da composi\u00e7\u00e3o.<\/p>\n<p>C- Descreva sobre o conceito de &#8220;f\u00f3rmula de compasso&#8221;, sua fun\u00e7\u00e3o, quais as f\u00f3rmulas existentes e mais utilizadas em can\u00e7\u00f5es. Apresente a f\u00f3rmula utilizada na partitura.<\/p>\n<p>D- Descreva sobre o conceito de &#8220;intervalo&#8221;. Ap\u00f3s, indique todos os intervalos presentes na partitura apresentada. Observe as notas da esquerda para a direita, uma com rela\u00e7\u00e3o a outra sucessivamente.<\/p>\n<p>E- Descreva sobre o conceito de &#8220;linhas suplementares&#8221; (inferior e superior). Identifique na partitura, o compasso que apresenta esse recurso, identificando a nota que est\u00e1 presente nele.<\/p>\n<p>F- Descreva sobre o nome de cada s\u00edmbolo da nota\u00e7\u00e3o musical. Identifique na partitura, as figuras de nota\u00e7\u00e3o existentes (mesmo que elas se repitam, indique apenas uma vez).<\/p>\n<p>&nbsp;<\/p>\n","protected":false},"excerpt":{"rendered":"<p>MAPA &#8211; Music &#8211; Princ\u00edpios da Teoria Musical &#8211; 51\/2024 O que fazer? A- Descreva o conceito de clave de<\/p>\n","protected":false},"featured_media":2326,"template":"","meta":{"_monsterinsights_skip_tracking":false,"_monsterinsights_sitenote_active":false,"_monsterinsights_sitenote_note":"","_monsterinsights_sitenote_category":0},"product_brand":[],"product_cat":[15],"product_tag":[],"class_list":{"0":"post-3857","1":"product","2":"type-product","3":"status-publish","4":"has-post-thumbnail","6":"product_cat-uncategorized","8":"first","9":"instock","10":"downloadable","11":"virtual","12":"purchasable","13":"product-type-simple"},"yoast_head":"<!-- This site is optimized with the Yoast SEO plugin v27.4 - https:\/\/yoast.com\/product\/yoast-seo-wordpress\/ -->\n<title>MAPA - Music - Princ\u00edpios da Teoria Musical - 51\/2024<\/title>\n<meta name=\"description\" content=\"Atividade MAPA - Music - Princ\u00edpios da Teoria Musical - 51\/2024 &#8902; Unicesumar. Baixe agora mesmo um Mapa Pronto resolvido!\" \/>\n<meta name=\"robots\" content=\"index, follow, max-snippet:-1, max-image-preview:large, max-video-preview:-1\" \/>\n<link rel=\"canonical\" href=\"https:\/\/atividademapa.com\/?product=mapa-music-principios-da-teoria-musical-51-2024\" \/>\n<meta property=\"og:locale\" content=\"pt_BR\" \/>\n<meta property=\"og:type\" content=\"article\" \/>\n<meta property=\"og:title\" content=\"MAPA - Music - Princ\u00edpios da Teoria Musical - 51\/2024\" \/>\n<meta property=\"og:description\" content=\"Atividade MAPA - Music - Princ\u00edpios da Teoria Musical - 51\/2024 &#8902; Unicesumar. Baixe agora mesmo um Mapa Pronto resolvido!\" \/>\n<meta property=\"og:url\" content=\"https:\/\/atividademapa.com\/?product=mapa-music-principios-da-teoria-musical-51-2024\" \/>\n<meta property=\"og:site_name\" content=\"Atividade Mapa\" \/>\n<meta property=\"article:modified_time\" content=\"2024-04-23T02:31:38+00:00\" \/>\n<meta property=\"og:image\" content=\"https:\/\/i0.wp.com\/atividademapa.com\/wp-content\/uploads\/2023\/03\/Atividade-M.A.P.A-3.png?fit=300%2C300&ssl=1\" \/>\n\t<meta property=\"og:image:width\" content=\"300\" \/>\n\t<meta property=\"og:image:height\" content=\"300\" \/>\n\t<meta property=\"og:image:type\" content=\"image\/png\" \/>\n<meta name=\"twitter:card\" content=\"summary_large_image\" \/>\n<meta name=\"twitter:label1\" content=\"Est. tempo de leitura\" \/>\n\t<meta name=\"twitter:data1\" content=\"2 minutos\" \/>\n<script type=\"application\/ld+json\" class=\"yoast-schema-graph\">{\"@context\":\"https:\\\/\\\/schema.org\",\"@graph\":[{\"@type\":\"WebPage\",\"@id\":\"https:\\\/\\\/atividademapa.com\\\/?product=mapa-music-principios-da-teoria-musical-51-2024\",\"url\":\"https:\\\/\\\/atividademapa.com\\\/?product=mapa-music-principios-da-teoria-musical-51-2024\",\"name\":\"MAPA - Music - Princ\u00edpios da Teoria Musical - 51\\\/2024\",\"isPartOf\":{\"@id\":\"https:\\\/\\\/atividademapa.com\\\/#website\"},\"primaryImageOfPage\":{\"@id\":\"https:\\\/\\\/atividademapa.com\\\/?product=mapa-music-principios-da-teoria-musical-51-2024#primaryimage\"},\"image\":{\"@id\":\"https:\\\/\\\/atividademapa.com\\\/?product=mapa-music-principios-da-teoria-musical-51-2024#primaryimage\"},\"thumbnailUrl\":\"https:\\\/\\\/i0.wp.com\\\/atividademapa.com\\\/wp-content\\\/uploads\\\/2023\\\/03\\\/Atividade-M.A.P.A-3.png?fit=300%2C300&ssl=1\",\"datePublished\":\"2024-04-23T02:31:37+00:00\",\"dateModified\":\"2024-04-23T02:31:38+00:00\",\"description\":\"Atividade MAPA - Music - Princ\u00edpios da Teoria Musical - 51\\\/2024 &#8902; Unicesumar. Baixe agora mesmo um Mapa Pronto resolvido!\",\"breadcrumb\":{\"@id\":\"https:\\\/\\\/atividademapa.com\\\/?product=mapa-music-principios-da-teoria-musical-51-2024#breadcrumb\"},\"inLanguage\":\"pt-BR\",\"potentialAction\":[{\"@type\":\"ReadAction\",\"target\":[\"https:\\\/\\\/atividademapa.com\\\/?product=mapa-music-principios-da-teoria-musical-51-2024\"]}]},{\"@type\":\"ImageObject\",\"inLanguage\":\"pt-BR\",\"@id\":\"https:\\\/\\\/atividademapa.com\\\/?product=mapa-music-principios-da-teoria-musical-51-2024#primaryimage\",\"url\":\"https:\\\/\\\/i0.wp.com\\\/atividademapa.com\\\/wp-content\\\/uploads\\\/2023\\\/03\\\/Atividade-M.A.P.A-3.png?fit=300%2C300&ssl=1\",\"contentUrl\":\"https:\\\/\\\/i0.wp.com\\\/atividademapa.com\\\/wp-content\\\/uploads\\\/2023\\\/03\\\/Atividade-M.A.P.A-3.png?fit=300%2C300&ssl=1\",\"width\":300,\"height\":300,\"caption\":\"Mapa Unicesumar Atividade\"},{\"@type\":\"BreadcrumbList\",\"@id\":\"https:\\\/\\\/atividademapa.com\\\/?product=mapa-music-principios-da-teoria-musical-51-2024#breadcrumb\",\"itemListElement\":[{\"@type\":\"ListItem\",\"position\":1,\"name\":\"In\u00edcio\",\"item\":\"https:\\\/\\\/atividademapa.com\\\/\"},{\"@type\":\"ListItem\",\"position\":2,\"name\":\"MAPAS\",\"item\":\"https:\\\/\\\/atividademapa.com\\\/?page_id=5\"},{\"@type\":\"ListItem\",\"position\":3,\"name\":\"MAPA &#8211; Music &#8211; Princ\u00edpios da Teoria Musical &#8211; 51\\\/2024\"}]},{\"@type\":\"WebSite\",\"@id\":\"https:\\\/\\\/atividademapa.com\\\/#website\",\"url\":\"https:\\\/\\\/atividademapa.com\\\/\",\"name\":\"Atividade Mapa\",\"description\":\"StudeO | Unicesumar\",\"publisher\":{\"@id\":\"https:\\\/\\\/atividademapa.com\\\/#organization\"},\"potentialAction\":[{\"@type\":\"SearchAction\",\"target\":{\"@type\":\"EntryPoint\",\"urlTemplate\":\"https:\\\/\\\/atividademapa.com\\\/?s={search_term_string}\"},\"query-input\":{\"@type\":\"PropertyValueSpecification\",\"valueRequired\":true,\"valueName\":\"search_term_string\"}}],\"inLanguage\":\"pt-BR\"},{\"@type\":\"Organization\",\"@id\":\"https:\\\/\\\/atividademapa.com\\\/#organization\",\"name\":\"Atividade MAPA\",\"url\":\"https:\\\/\\\/atividademapa.com\\\/\",\"logo\":{\"@type\":\"ImageObject\",\"inLanguage\":\"pt-BR\",\"@id\":\"https:\\\/\\\/atividademapa.com\\\/#\\\/schema\\\/logo\\\/image\\\/\",\"url\":\"https:\\\/\\\/i0.wp.com\\\/atividademapa.com\\\/wp-content\\\/uploads\\\/2023\\\/02\\\/ATIVIDADE.png?fit=600%2C300&ssl=1\",\"contentUrl\":\"https:\\\/\\\/i0.wp.com\\\/atividademapa.com\\\/wp-content\\\/uploads\\\/2023\\\/02\\\/ATIVIDADE.png?fit=600%2C300&ssl=1\",\"width\":600,\"height\":300,\"caption\":\"Atividade MAPA\"},\"image\":{\"@id\":\"https:\\\/\\\/atividademapa.com\\\/#\\\/schema\\\/logo\\\/image\\\/\"}}]}<\/script>\n<!-- \/ Yoast SEO plugin. -->","yoast_head_json":{"title":"MAPA - Music - Princ\u00edpios da Teoria Musical - 51\/2024","description":"Atividade MAPA - Music - Princ\u00edpios da Teoria Musical - 51\/2024 &#8902; Unicesumar. Baixe agora mesmo um Mapa Pronto resolvido!","robots":{"index":"index","follow":"follow","max-snippet":"max-snippet:-1","max-image-preview":"max-image-preview:large","max-video-preview":"max-video-preview:-1"},"canonical":"https:\/\/atividademapa.com\/?product=mapa-music-principios-da-teoria-musical-51-2024","og_locale":"pt_BR","og_type":"article","og_title":"MAPA - Music - Princ\u00edpios da Teoria Musical - 51\/2024","og_description":"Atividade MAPA - Music - Princ\u00edpios da Teoria Musical - 51\/2024 &#8902; Unicesumar. Baixe agora mesmo um Mapa Pronto resolvido!","og_url":"https:\/\/atividademapa.com\/?product=mapa-music-principios-da-teoria-musical-51-2024","og_site_name":"Atividade Mapa","article_modified_time":"2024-04-23T02:31:38+00:00","og_image":[{"width":300,"height":300,"url":"https:\/\/i0.wp.com\/atividademapa.com\/wp-content\/uploads\/2023\/03\/Atividade-M.A.P.A-3.png?fit=300%2C300&ssl=1","type":"image\/png"}],"twitter_card":"summary_large_image","twitter_misc":{"Est. tempo de leitura":"2 minutos"},"schema":{"@context":"https:\/\/schema.org","@graph":[{"@type":"WebPage","@id":"https:\/\/atividademapa.com\/?product=mapa-music-principios-da-teoria-musical-51-2024","url":"https:\/\/atividademapa.com\/?product=mapa-music-principios-da-teoria-musical-51-2024","name":"MAPA - Music - Princ\u00edpios da Teoria Musical - 51\/2024","isPartOf":{"@id":"https:\/\/atividademapa.com\/#website"},"primaryImageOfPage":{"@id":"https:\/\/atividademapa.com\/?product=mapa-music-principios-da-teoria-musical-51-2024#primaryimage"},"image":{"@id":"https:\/\/atividademapa.com\/?product=mapa-music-principios-da-teoria-musical-51-2024#primaryimage"},"thumbnailUrl":"https:\/\/i0.wp.com\/atividademapa.com\/wp-content\/uploads\/2023\/03\/Atividade-M.A.P.A-3.png?fit=300%2C300&ssl=1","datePublished":"2024-04-23T02:31:37+00:00","dateModified":"2024-04-23T02:31:38+00:00","description":"Atividade MAPA - Music - Princ\u00edpios da Teoria Musical - 51\/2024 &#8902; Unicesumar. Baixe agora mesmo um Mapa Pronto resolvido!","breadcrumb":{"@id":"https:\/\/atividademapa.com\/?product=mapa-music-principios-da-teoria-musical-51-2024#breadcrumb"},"inLanguage":"pt-BR","potentialAction":[{"@type":"ReadAction","target":["https:\/\/atividademapa.com\/?product=mapa-music-principios-da-teoria-musical-51-2024"]}]},{"@type":"ImageObject","inLanguage":"pt-BR","@id":"https:\/\/atividademapa.com\/?product=mapa-music-principios-da-teoria-musical-51-2024#primaryimage","url":"https:\/\/i0.wp.com\/atividademapa.com\/wp-content\/uploads\/2023\/03\/Atividade-M.A.P.A-3.png?fit=300%2C300&ssl=1","contentUrl":"https:\/\/i0.wp.com\/atividademapa.com\/wp-content\/uploads\/2023\/03\/Atividade-M.A.P.A-3.png?fit=300%2C300&ssl=1","width":300,"height":300,"caption":"Mapa Unicesumar Atividade"},{"@type":"BreadcrumbList","@id":"https:\/\/atividademapa.com\/?product=mapa-music-principios-da-teoria-musical-51-2024#breadcrumb","itemListElement":[{"@type":"ListItem","position":1,"name":"In\u00edcio","item":"https:\/\/atividademapa.com\/"},{"@type":"ListItem","position":2,"name":"MAPAS","item":"https:\/\/atividademapa.com\/?page_id=5"},{"@type":"ListItem","position":3,"name":"MAPA &#8211; Music &#8211; Princ\u00edpios da Teoria Musical &#8211; 51\/2024"}]},{"@type":"WebSite","@id":"https:\/\/atividademapa.com\/#website","url":"https:\/\/atividademapa.com\/","name":"Atividade Mapa","description":"StudeO | Unicesumar","publisher":{"@id":"https:\/\/atividademapa.com\/#organization"},"potentialAction":[{"@type":"SearchAction","target":{"@type":"EntryPoint","urlTemplate":"https:\/\/atividademapa.com\/?s={search_term_string}"},"query-input":{"@type":"PropertyValueSpecification","valueRequired":true,"valueName":"search_term_string"}}],"inLanguage":"pt-BR"},{"@type":"Organization","@id":"https:\/\/atividademapa.com\/#organization","name":"Atividade MAPA","url":"https:\/\/atividademapa.com\/","logo":{"@type":"ImageObject","inLanguage":"pt-BR","@id":"https:\/\/atividademapa.com\/#\/schema\/logo\/image\/","url":"https:\/\/i0.wp.com\/atividademapa.com\/wp-content\/uploads\/2023\/02\/ATIVIDADE.png?fit=600%2C300&ssl=1","contentUrl":"https:\/\/i0.wp.com\/atividademapa.com\/wp-content\/uploads\/2023\/02\/ATIVIDADE.png?fit=600%2C300&ssl=1","width":600,"height":300,"caption":"Atividade MAPA"},"image":{"@id":"https:\/\/atividademapa.com\/#\/schema\/logo\/image\/"}}]}},"_links":{"self":[{"href":"https:\/\/atividademapa.com\/index.php?rest_route=\/wp\/v2\/product\/3857","targetHints":{"allow":["GET"]}}],"collection":[{"href":"https:\/\/atividademapa.com\/index.php?rest_route=\/wp\/v2\/product"}],"about":[{"href":"https:\/\/atividademapa.com\/index.php?rest_route=\/wp\/v2\/types\/product"}],"version-history":[{"count":1,"href":"https:\/\/atividademapa.com\/index.php?rest_route=\/wp\/v2\/product\/3857\/revisions"}],"predecessor-version":[{"id":3860,"href":"https:\/\/atividademapa.com\/index.php?rest_route=\/wp\/v2\/product\/3857\/revisions\/3860"}],"wp:featuredmedia":[{"embeddable":true,"href":"https:\/\/atividademapa.com\/index.php?rest_route=\/wp\/v2\/media\/2326"}],"wp:attachment":[{"href":"https:\/\/atividademapa.com\/index.php?rest_route=%2Fwp%2Fv2%2Fmedia&parent=3857"}],"wp:term":[{"taxonomy":"product_brand","embeddable":true,"href":"https:\/\/atividademapa.com\/index.php?rest_route=%2Fwp%2Fv2%2Fproduct_brand&post=3857"},{"taxonomy":"product_cat","embeddable":true,"href":"https:\/\/atividademapa.com\/index.php?rest_route=%2Fwp%2Fv2%2Fproduct_cat&post=3857"},{"taxonomy":"product_tag","embeddable":true,"href":"https:\/\/atividademapa.com\/index.php?rest_route=%2Fwp%2Fv2%2Fproduct_tag&post=3857"}],"curies":[{"name":"wp","href":"https:\/\/api.w.org\/{rel}","templated":true}]}}