{"id":3884,"date":"2024-04-26T10:51:05","date_gmt":"2024-04-26T13:51:05","guid":{"rendered":"https:\/\/atividademapa.com\/?post_type=product&#038;p=3884"},"modified":"2024-04-26T10:51:07","modified_gmt":"2024-04-26T13:51:07","slug":"mapa-logistica-empresarial-51-2024","status":"publish","type":"product","link":"https:\/\/atividademapa.com\/?product=mapa-logistica-empresarial-51-2024","title":{"rendered":"MAPA &#8211; Log\u00edstica Empresarial &#8211; 51\/2024"},"content":{"rendered":"<p>MAPA &#8211; Log\u00edstica Empresarial &#8211; 51\/2024<\/p>\n<p>\u201cManter um site na internet sem se preocupar com a estrutura de log\u00edstica significa n\u00e3o esperar retorno algum e, talvez, ter preju\u00edzos enormes. O processo de atendimento dos pedidos e entrega dos produtos (a log\u00edstica de distribui\u00e7\u00e3o) \u00e9 um dos principais problemas do com\u00e9rcio eletr\u00f4nico\u201d.<br \/>\nFonte: https:\/\/sebrae.com.br\/sites\/PortalSebrae\/artigos\/logistica-e-um-dos-pontos-chave-no-comercio-eletronico,b30e438af1c92410VgnVCM100000b272010aRCRD. Acesso em: 16 fev. 2024.<\/p>\n<p>A log\u00edstica \u00e9 o processo-chave para qualquer neg\u00f3cio, ainda mais o neg\u00f3cio eletr\u00f4nico que requer agilidade e efici\u00eancia em suas etapas. Atuar na \u00e1rea da log\u00edstica e opera\u00e7\u00e3o das empresas requer flexibilidade e agilidade nas tomadas de decis\u00e3o; entender, compreender e implantar processos robustos fazem com que o processo de atendimento dos pedidos e entrega seja conclu\u00eddo com \u00eaxito.<br \/>\nAssim surge a nossa disciplina de log\u00edstica empresarial, para trazer at\u00e9 voc\u00ea ainda mais significado, que permitir\u00e1 a voc\u00ea conhecer e ter contato com os principais recursos log\u00edsticos, para que se atinja o objetivo final da log\u00edstica em uma cadeia de suprimentos: fazer com que o produto certo esteja no local certo e no tempo certo. Ao aplicar os conceitos da log\u00edstica empresarial, enquanto futuro profissional na \u00e1rea da log\u00edstica, voc\u00ea dever\u00e1 otimizar as opera\u00e7\u00f5es da empresa que estar\u00e1 atuando e buscando uma log\u00edstica integrada.<br \/>\nBom, e que tal experimentar um caso pr\u00e1tico de uma grande organiza\u00e7\u00e3o que possui processos log\u00edsticos robustos atingindo efici\u00eancia e efic\u00e1cia em sua opera\u00e7\u00e3o?<br \/>\nAssim, convido voc\u00ea a assistir ao v\u00eddeo:<br \/>\nhttps:\/\/www.youtube.com\/watch?v=TypFdlhcvO0.<br \/>\nVamos experimentar esse caso e aprender!!!<\/p>\n<p>Ap\u00f3s ter essa experimenta\u00e7\u00e3o, gostaria que voc\u00ea refletisse sobre suas experi\u00eancias com compras atrav\u00e9s da internet no fator da log\u00edstica: foram positivas? Foram negativas? Reflita sobre isso! Ser\u00e1 que foi entregue no prazo? O produto veio em boas condi\u00e7\u00f5es?<br \/>\nEm nosso pr\u00f3prio livro did\u00e1tico de log\u00edstica empresarial estudamos e aprendemos sobre conceitos que direcionam a busca de uma log\u00edstica integrada compreendendo o fluxo dos processos log\u00edsticos.<br \/>\n\u201cUm bom profissional \u00e9 aquele que \u00e9 bem informado e est\u00e1 preparado e capacitado para tomar decis\u00f5es, e isso requer, sem d\u00favidas, conhecimentos e compet\u00eancias de log\u00edstica empresarial. Compreender todo o fluxo e a armazenagem de mercadorias, servi\u00e7os e informa\u00e7\u00f5es, desde o ponto de origem at\u00e9 o ponto de consumo, \u00e9 essencial em qualquer neg\u00f3cio que voc\u00ea estiver atuando. Esse fluxo \u00e9 decisivo para fazer com que a opera\u00e7\u00e3o tenha maior ou menor efici\u00eancia, junto ao conhecimento de log\u00edstica empresarial, e aplicar, de maneira integrada, outros conhecimentos, planejamento estrat\u00e9gico, entre outras\u201d (Pai\u00e3o, 2023, p. 35).<br \/>\nFonte: PAI\u00c3O, L S. Log\u00edstica empresarial. Indaial: Arqu\u00e9, 2023.<br \/>\nChegou o momento mais esperado em sua atividade Mapa, aquele em que voc\u00ea colocar\u00e1 a m\u00e3o na massa!<br \/>\nNesta atividade Mapa, voc\u00ea ser\u00e1 convidado a ter uma experi\u00eancia de uma situa\u00e7\u00e3o profissional, para desenvolver suas habilidades sobre log\u00edstica empresarial.<br \/>\nAssim, atrav\u00e9s do caso real da experimenta\u00e7\u00e3o apresentada, voc\u00ea ter\u00e1 que assumir um papel de um futuro profissional de log\u00edstica e realizar uma an\u00e1lise log\u00edstica do processo de entrega da empresa do v\u00eddeo e seus principais recursos log\u00edsticos.<\/p>\n<p>Para atingir o seu objetivo nesta atividade, voc\u00ea ter\u00e1 algumas a\u00e7\u00f5es. Vamos para cada uma delas!<br \/>\nA\u00e7\u00e3o 1 &#8211; Apresentar o que \u00e9 log\u00edstica e detalhar opini\u00e3o. Nesta primeira a\u00e7\u00e3o voc\u00ea ter\u00e1 que apresentar o que \u00e9 log\u00edstica e, logo, na sequ\u00eancia, detalhar com suas palavras a import\u00e2ncia da log\u00edstica para um neg\u00f3cio eletr\u00f4nico (e-commerce).<br \/>\nA\u00e7\u00e3o 2 &#8211; Identificar e explicar as etapas do processo de entrega da empresa do v\u00eddeo. Nesta segunda a\u00e7\u00e3o, ap\u00f3s assistir com aten\u00e7\u00e3o ao v\u00eddeo da experimenta\u00e7\u00e3o, voc\u00ea identificar\u00e1 e explicar\u00e1 como ocorrem as etapas do fluxo do processo de entrega no centro de distribui\u00e7\u00e3o. No v\u00eddeo, basicamente s\u00e3o informadas tr\u00eas etapas no centro de distribui\u00e7\u00e3o. Identifique e explique cada uma delas.<br \/>\nA\u00e7\u00e3o 3 &#8211; Apresentar os benef\u00edcios que a tecnologia da informa\u00e7\u00e3o proporciona para a log\u00edstica. Nesta terceira a\u00e7\u00e3o voc\u00ea ter\u00e1 que apresentar quais s\u00e3o os benef\u00edcios que a tecnologia da informa\u00e7\u00e3o proporciona para a log\u00edstica.<br \/>\nA\u00e7\u00e3o 4 &#8211; Identificar e explicar as tecnologias ou equipamentos que s\u00e3o utilizados na opera\u00e7\u00e3o da empresa do v\u00eddeo. Nesta quarta a\u00e7\u00e3o, ap\u00f3s assistir com aten\u00e7\u00e3o ao v\u00eddeo da experimenta\u00e7\u00e3o, voc\u00ea identificar\u00e1 tecnologias ou equipamentos que s\u00e3o utilizados na opera\u00e7\u00e3o da empresa do v\u00eddeo. No m\u00ednimo identifique quatro tecnologias ou equipamentos que s\u00e3o utilizados na opera\u00e7\u00e3o da empresa do v\u00eddeo e, logo, na sequ\u00eancia, para cada uma delas, explique com as suas palavras a vantagem ou benef\u00edcio que ela proporciona na \u00e1rea da log\u00edstica no geral.<\/p>\n","protected":false},"excerpt":{"rendered":"<p>MAPA &#8211; Log\u00edstica Empresarial &#8211; 51\/2024 \u201cManter um site na internet sem se preocupar com a estrutura de log\u00edstica significa<\/p>\n","protected":false},"featured_media":2326,"template":"","meta":{"_monsterinsights_skip_tracking":false,"_monsterinsights_sitenote_active":false,"_monsterinsights_sitenote_note":"","_monsterinsights_sitenote_category":0},"product_brand":[],"product_cat":[32],"product_tag":[],"class_list":{"0":"post-3884","1":"product","2":"type-product","3":"status-publish","4":"has-post-thumbnail","6":"product_cat-logistica","8":"first","9":"instock","10":"downloadable","11":"virtual","12":"purchasable","13":"product-type-simple"},"yoast_head":"<!-- This site is optimized with the Yoast SEO plugin v27.4 - https:\/\/yoast.com\/product\/yoast-seo-wordpress\/ -->\n<title>MAPA - Log\u00edstica Empresarial - 51\/2024<\/title>\n<meta name=\"description\" content=\"Atividade MAPA - Log\u00edstica Empresarial - 51\/2024 &#8902; Unicesumar. Baixe agora mesmo um Mapa Pronto resolvido!\" \/>\n<meta name=\"robots\" content=\"index, follow, max-snippet:-1, max-image-preview:large, max-video-preview:-1\" \/>\n<link rel=\"canonical\" href=\"https:\/\/atividademapa.com\/?product=mapa-logistica-empresarial-51-2024\" \/>\n<meta property=\"og:locale\" content=\"pt_BR\" \/>\n<meta property=\"og:type\" content=\"article\" \/>\n<meta property=\"og:title\" content=\"MAPA - Log\u00edstica Empresarial - 51\/2024\" \/>\n<meta property=\"og:description\" content=\"Atividade MAPA - Log\u00edstica Empresarial - 51\/2024 &#8902; Unicesumar. Baixe agora mesmo um Mapa Pronto resolvido!\" \/>\n<meta property=\"og:url\" content=\"https:\/\/atividademapa.com\/?product=mapa-logistica-empresarial-51-2024\" \/>\n<meta property=\"og:site_name\" content=\"Atividade Mapa\" \/>\n<meta property=\"article:modified_time\" content=\"2024-04-26T13:51:07+00:00\" \/>\n<meta property=\"og:image\" content=\"https:\/\/i0.wp.com\/atividademapa.com\/wp-content\/uploads\/2023\/03\/Atividade-M.A.P.A-3.png?fit=300%2C300&ssl=1\" \/>\n\t<meta property=\"og:image:width\" content=\"300\" \/>\n\t<meta property=\"og:image:height\" content=\"300\" \/>\n\t<meta property=\"og:image:type\" content=\"image\/png\" \/>\n<meta name=\"twitter:card\" content=\"summary_large_image\" \/>\n<meta name=\"twitter:label1\" content=\"Est. tempo de leitura\" \/>\n\t<meta name=\"twitter:data1\" content=\"4 minutos\" \/>\n<script type=\"application\/ld+json\" class=\"yoast-schema-graph\">{\"@context\":\"https:\\\/\\\/schema.org\",\"@graph\":[{\"@type\":\"WebPage\",\"@id\":\"https:\\\/\\\/atividademapa.com\\\/?product=mapa-logistica-empresarial-51-2024\",\"url\":\"https:\\\/\\\/atividademapa.com\\\/?product=mapa-logistica-empresarial-51-2024\",\"name\":\"MAPA - Log\u00edstica Empresarial - 51\\\/2024\",\"isPartOf\":{\"@id\":\"https:\\\/\\\/atividademapa.com\\\/#website\"},\"primaryImageOfPage\":{\"@id\":\"https:\\\/\\\/atividademapa.com\\\/?product=mapa-logistica-empresarial-51-2024#primaryimage\"},\"image\":{\"@id\":\"https:\\\/\\\/atividademapa.com\\\/?product=mapa-logistica-empresarial-51-2024#primaryimage\"},\"thumbnailUrl\":\"https:\\\/\\\/i0.wp.com\\\/atividademapa.com\\\/wp-content\\\/uploads\\\/2023\\\/03\\\/Atividade-M.A.P.A-3.png?fit=300%2C300&ssl=1\",\"datePublished\":\"2024-04-26T13:51:05+00:00\",\"dateModified\":\"2024-04-26T13:51:07+00:00\",\"description\":\"Atividade MAPA - Log\u00edstica Empresarial - 51\\\/2024 &#8902; Unicesumar. Baixe agora mesmo um Mapa Pronto resolvido!\",\"breadcrumb\":{\"@id\":\"https:\\\/\\\/atividademapa.com\\\/?product=mapa-logistica-empresarial-51-2024#breadcrumb\"},\"inLanguage\":\"pt-BR\",\"potentialAction\":[{\"@type\":\"ReadAction\",\"target\":[\"https:\\\/\\\/atividademapa.com\\\/?product=mapa-logistica-empresarial-51-2024\"]}]},{\"@type\":\"ImageObject\",\"inLanguage\":\"pt-BR\",\"@id\":\"https:\\\/\\\/atividademapa.com\\\/?product=mapa-logistica-empresarial-51-2024#primaryimage\",\"url\":\"https:\\\/\\\/i0.wp.com\\\/atividademapa.com\\\/wp-content\\\/uploads\\\/2023\\\/03\\\/Atividade-M.A.P.A-3.png?fit=300%2C300&ssl=1\",\"contentUrl\":\"https:\\\/\\\/i0.wp.com\\\/atividademapa.com\\\/wp-content\\\/uploads\\\/2023\\\/03\\\/Atividade-M.A.P.A-3.png?fit=300%2C300&ssl=1\",\"width\":300,\"height\":300,\"caption\":\"Mapa Unicesumar Atividade\"},{\"@type\":\"BreadcrumbList\",\"@id\":\"https:\\\/\\\/atividademapa.com\\\/?product=mapa-logistica-empresarial-51-2024#breadcrumb\",\"itemListElement\":[{\"@type\":\"ListItem\",\"position\":1,\"name\":\"In\u00edcio\",\"item\":\"https:\\\/\\\/atividademapa.com\\\/\"},{\"@type\":\"ListItem\",\"position\":2,\"name\":\"MAPAS\",\"item\":\"https:\\\/\\\/atividademapa.com\\\/?page_id=5\"},{\"@type\":\"ListItem\",\"position\":3,\"name\":\"MAPA &#8211; Log\u00edstica Empresarial &#8211; 51\\\/2024\"}]},{\"@type\":\"WebSite\",\"@id\":\"https:\\\/\\\/atividademapa.com\\\/#website\",\"url\":\"https:\\\/\\\/atividademapa.com\\\/\",\"name\":\"Atividade Mapa\",\"description\":\"StudeO | Unicesumar\",\"publisher\":{\"@id\":\"https:\\\/\\\/atividademapa.com\\\/#organization\"},\"potentialAction\":[{\"@type\":\"SearchAction\",\"target\":{\"@type\":\"EntryPoint\",\"urlTemplate\":\"https:\\\/\\\/atividademapa.com\\\/?s={search_term_string}\"},\"query-input\":{\"@type\":\"PropertyValueSpecification\",\"valueRequired\":true,\"valueName\":\"search_term_string\"}}],\"inLanguage\":\"pt-BR\"},{\"@type\":\"Organization\",\"@id\":\"https:\\\/\\\/atividademapa.com\\\/#organization\",\"name\":\"Atividade MAPA\",\"url\":\"https:\\\/\\\/atividademapa.com\\\/\",\"logo\":{\"@type\":\"ImageObject\",\"inLanguage\":\"pt-BR\",\"@id\":\"https:\\\/\\\/atividademapa.com\\\/#\\\/schema\\\/logo\\\/image\\\/\",\"url\":\"https:\\\/\\\/i0.wp.com\\\/atividademapa.com\\\/wp-content\\\/uploads\\\/2023\\\/02\\\/ATIVIDADE.png?fit=600%2C300&ssl=1\",\"contentUrl\":\"https:\\\/\\\/i0.wp.com\\\/atividademapa.com\\\/wp-content\\\/uploads\\\/2023\\\/02\\\/ATIVIDADE.png?fit=600%2C300&ssl=1\",\"width\":600,\"height\":300,\"caption\":\"Atividade MAPA\"},\"image\":{\"@id\":\"https:\\\/\\\/atividademapa.com\\\/#\\\/schema\\\/logo\\\/image\\\/\"}}]}<\/script>\n<!-- \/ Yoast SEO plugin. -->","yoast_head_json":{"title":"MAPA - Log\u00edstica Empresarial - 51\/2024","description":"Atividade MAPA - Log\u00edstica Empresarial - 51\/2024 &#8902; Unicesumar. Baixe agora mesmo um Mapa Pronto resolvido!","robots":{"index":"index","follow":"follow","max-snippet":"max-snippet:-1","max-image-preview":"max-image-preview:large","max-video-preview":"max-video-preview:-1"},"canonical":"https:\/\/atividademapa.com\/?product=mapa-logistica-empresarial-51-2024","og_locale":"pt_BR","og_type":"article","og_title":"MAPA - Log\u00edstica Empresarial - 51\/2024","og_description":"Atividade MAPA - Log\u00edstica Empresarial - 51\/2024 &#8902; Unicesumar. Baixe agora mesmo um Mapa Pronto resolvido!","og_url":"https:\/\/atividademapa.com\/?product=mapa-logistica-empresarial-51-2024","og_site_name":"Atividade Mapa","article_modified_time":"2024-04-26T13:51:07+00:00","og_image":[{"width":300,"height":300,"url":"https:\/\/i0.wp.com\/atividademapa.com\/wp-content\/uploads\/2023\/03\/Atividade-M.A.P.A-3.png?fit=300%2C300&ssl=1","type":"image\/png"}],"twitter_card":"summary_large_image","twitter_misc":{"Est. tempo de leitura":"4 minutos"},"schema":{"@context":"https:\/\/schema.org","@graph":[{"@type":"WebPage","@id":"https:\/\/atividademapa.com\/?product=mapa-logistica-empresarial-51-2024","url":"https:\/\/atividademapa.com\/?product=mapa-logistica-empresarial-51-2024","name":"MAPA - Log\u00edstica Empresarial - 51\/2024","isPartOf":{"@id":"https:\/\/atividademapa.com\/#website"},"primaryImageOfPage":{"@id":"https:\/\/atividademapa.com\/?product=mapa-logistica-empresarial-51-2024#primaryimage"},"image":{"@id":"https:\/\/atividademapa.com\/?product=mapa-logistica-empresarial-51-2024#primaryimage"},"thumbnailUrl":"https:\/\/i0.wp.com\/atividademapa.com\/wp-content\/uploads\/2023\/03\/Atividade-M.A.P.A-3.png?fit=300%2C300&ssl=1","datePublished":"2024-04-26T13:51:05+00:00","dateModified":"2024-04-26T13:51:07+00:00","description":"Atividade MAPA - Log\u00edstica Empresarial - 51\/2024 &#8902; Unicesumar. Baixe agora mesmo um Mapa Pronto resolvido!","breadcrumb":{"@id":"https:\/\/atividademapa.com\/?product=mapa-logistica-empresarial-51-2024#breadcrumb"},"inLanguage":"pt-BR","potentialAction":[{"@type":"ReadAction","target":["https:\/\/atividademapa.com\/?product=mapa-logistica-empresarial-51-2024"]}]},{"@type":"ImageObject","inLanguage":"pt-BR","@id":"https:\/\/atividademapa.com\/?product=mapa-logistica-empresarial-51-2024#primaryimage","url":"https:\/\/i0.wp.com\/atividademapa.com\/wp-content\/uploads\/2023\/03\/Atividade-M.A.P.A-3.png?fit=300%2C300&ssl=1","contentUrl":"https:\/\/i0.wp.com\/atividademapa.com\/wp-content\/uploads\/2023\/03\/Atividade-M.A.P.A-3.png?fit=300%2C300&ssl=1","width":300,"height":300,"caption":"Mapa Unicesumar Atividade"},{"@type":"BreadcrumbList","@id":"https:\/\/atividademapa.com\/?product=mapa-logistica-empresarial-51-2024#breadcrumb","itemListElement":[{"@type":"ListItem","position":1,"name":"In\u00edcio","item":"https:\/\/atividademapa.com\/"},{"@type":"ListItem","position":2,"name":"MAPAS","item":"https:\/\/atividademapa.com\/?page_id=5"},{"@type":"ListItem","position":3,"name":"MAPA &#8211; Log\u00edstica Empresarial &#8211; 51\/2024"}]},{"@type":"WebSite","@id":"https:\/\/atividademapa.com\/#website","url":"https:\/\/atividademapa.com\/","name":"Atividade Mapa","description":"StudeO | Unicesumar","publisher":{"@id":"https:\/\/atividademapa.com\/#organization"},"potentialAction":[{"@type":"SearchAction","target":{"@type":"EntryPoint","urlTemplate":"https:\/\/atividademapa.com\/?s={search_term_string}"},"query-input":{"@type":"PropertyValueSpecification","valueRequired":true,"valueName":"search_term_string"}}],"inLanguage":"pt-BR"},{"@type":"Organization","@id":"https:\/\/atividademapa.com\/#organization","name":"Atividade MAPA","url":"https:\/\/atividademapa.com\/","logo":{"@type":"ImageObject","inLanguage":"pt-BR","@id":"https:\/\/atividademapa.com\/#\/schema\/logo\/image\/","url":"https:\/\/i0.wp.com\/atividademapa.com\/wp-content\/uploads\/2023\/02\/ATIVIDADE.png?fit=600%2C300&ssl=1","contentUrl":"https:\/\/i0.wp.com\/atividademapa.com\/wp-content\/uploads\/2023\/02\/ATIVIDADE.png?fit=600%2C300&ssl=1","width":600,"height":300,"caption":"Atividade MAPA"},"image":{"@id":"https:\/\/atividademapa.com\/#\/schema\/logo\/image\/"}}]}},"_links":{"self":[{"href":"https:\/\/atividademapa.com\/index.php?rest_route=\/wp\/v2\/product\/3884","targetHints":{"allow":["GET"]}}],"collection":[{"href":"https:\/\/atividademapa.com\/index.php?rest_route=\/wp\/v2\/product"}],"about":[{"href":"https:\/\/atividademapa.com\/index.php?rest_route=\/wp\/v2\/types\/product"}],"version-history":[{"count":1,"href":"https:\/\/atividademapa.com\/index.php?rest_route=\/wp\/v2\/product\/3884\/revisions"}],"predecessor-version":[{"id":3885,"href":"https:\/\/atividademapa.com\/index.php?rest_route=\/wp\/v2\/product\/3884\/revisions\/3885"}],"wp:featuredmedia":[{"embeddable":true,"href":"https:\/\/atividademapa.com\/index.php?rest_route=\/wp\/v2\/media\/2326"}],"wp:attachment":[{"href":"https:\/\/atividademapa.com\/index.php?rest_route=%2Fwp%2Fv2%2Fmedia&parent=3884"}],"wp:term":[{"taxonomy":"product_brand","embeddable":true,"href":"https:\/\/atividademapa.com\/index.php?rest_route=%2Fwp%2Fv2%2Fproduct_brand&post=3884"},{"taxonomy":"product_cat","embeddable":true,"href":"https:\/\/atividademapa.com\/index.php?rest_route=%2Fwp%2Fv2%2Fproduct_cat&post=3884"},{"taxonomy":"product_tag","embeddable":true,"href":"https:\/\/atividademapa.com\/index.php?rest_route=%2Fwp%2Fv2%2Fproduct_tag&post=3884"}],"curies":[{"name":"wp","href":"https:\/\/api.w.org\/{rel}","templated":true}]}}