{"id":3954,"date":"2024-05-07T20:54:31","date_gmt":"2024-05-07T23:54:31","guid":{"rendered":"https:\/\/atividademapa.com\/?post_type=product&#038;p=3954"},"modified":"2024-05-07T20:54:33","modified_gmt":"2024-05-07T23:54:33","slug":"atividade-1-fundamentos-da-genetica-humana-52-2024","status":"publish","type":"product","link":"https:\/\/atividademapa.com\/?product=atividade-1-fundamentos-da-genetica-humana-52-2024","title":{"rendered":"Atividade 1 &#8211; Fundamentos da Gen\u00e9tica Humana 52-2024"},"content":{"rendered":"<p>Durante uma pesquisa, desenvolvida por sua equipe de estudos de express\u00e3o g\u00eanica, foi encontrado uma sequ\u00eancia de DNA (gene) que codifica 8 amino\u00e1cidos, que faz parte da estrutura quatern\u00e1ria de uma prote\u00edna. No entanto, essa prote\u00edna est\u00e1 se apresentando mutante, com apenas 7 primeiros amino\u00e1cidos da prote\u00edna.<br class=\"ng-scope\" \/>A sequ\u00eancia molde de DNA, que expressa a prote\u00edna normal est\u00e1 descrita abaixo:<br class=\"ng-scope\" \/>\u00a0<br class=\"ng-scope\" \/>3\u2019 CCC TAC CAG CGT ACG GCG CCA GCA CTC ATC CCC 5\u2019<br class=\"ng-scope\" \/>\u00a0<br class=\"ng-scope\" \/><strong class=\"ng-scope\">Atividade:<\/strong><br class=\"ng-scope\" \/><strong class=\"ng-scope\">a)\u00a0<\/strong>Conhecendo a fita molde do gene do DNA (apresentado anteriormente), realize a transcri\u00e7\u00e3o e tradu\u00e7\u00e3o e apresente a sequ\u00eancia normal de amino\u00e1cidos encontrados nessa prote\u00edna. Para realizar a tradu\u00e7\u00e3o, utilize a tabela de c\u00f3digo gen\u00e9tico dispon\u00edvel abaixo.<br class=\"ng-scope\" \/>\u00a0<br class=\"ng-scope\" \/><strong class=\"ng-scope\">b)<\/strong>\u00a0Sabendo que uma muta\u00e7\u00e3o est\u00e1 ocorrendo no gene que codifica essa prote\u00edna, e que a prote\u00edna mutante apresenta apenas os 7 primeiros amino\u00e1cidos da prote\u00edna normal, e ainda, que o ribossomo finaliza a tradu\u00e7\u00e3o ao encontrar o stop c\u00f3don (c\u00f3don de finaliza\u00e7\u00e3o), apresente em qual c\u00f3don do RNAm est\u00e1 ocorrendo muta\u00e7\u00e3o? Qual amino\u00e1cido est\u00e1 faltando nessa prote\u00edna?<br class=\"ng-scope\" \/>\u00a0<br class=\"ng-scope\" \/><strong class=\"ng-scope\">c)\u00a0<\/strong>Sabendo do local da muta\u00e7\u00e3o e a sequ\u00eancia de amino\u00e1cidos da prote\u00edna mutante, explique o motivo do ribossomo continuar a iniciar a tradu\u00e7\u00e3o do RNAm.<br class=\"ng-scope\" \/>\u00a0<br class=\"ng-scope\" \/><strong class=\"ng-scope\">Obs.:\u00a0<\/strong>lembre-se que a s\u00edntese de prote\u00edna inicia no primeiro c\u00f3don de inicia\u00e7\u00e3o e finaliza no primeiro c\u00f3don de finaliza\u00e7\u00e3o.<br class=\"ng-scope\" \/>Para realizar a tradu\u00e7\u00e3o do RNAm, utilize a tabela de c\u00f3digo gen\u00e9tico abaixo.<\/p>\n<p>&nbsp;<\/p>\n<p><img data-recalc-dims=\"1\" decoding=\"async\" src=\"https:\/\/i0.wp.com\/sistemasead.unicesumar.edu.br\/flex\/amfphp\/services\/Portal\/ImagemQuestionario2\/QUE_205282_582743_1.png?ssl=1\" \/><\/p>\n","protected":false},"excerpt":{"rendered":"<p>Durante uma pesquisa, desenvolvida por sua equipe de estudos de express\u00e3o g\u00eanica, foi encontrado uma sequ\u00eancia de DNA (gene) que<\/p>\n","protected":false},"featured_media":2326,"template":"","meta":{"_monsterinsights_skip_tracking":false,"_monsterinsights_sitenote_active":false,"_monsterinsights_sitenote_note":"","_monsterinsights_sitenote_category":0},"product_brand":[],"product_cat":[35],"product_tag":[],"class_list":{"0":"post-3954","1":"product","2":"type-product","3":"status-publish","4":"has-post-thumbnail","6":"product_cat-enfermagem","8":"first","9":"instock","10":"downloadable","11":"virtual","12":"purchasable","13":"product-type-simple"},"yoast_head":"<!-- This site is optimized with the Yoast SEO plugin v27.4 - https:\/\/yoast.com\/product\/yoast-seo-wordpress\/ -->\n<title>Atividade 1 - Fundamentos da Gen\u00e9tica Humana 52-2024<\/title>\n<meta name=\"description\" content=\"Atividade Atividade 1 - Fundamentos da Gen\u00e9tica Humana 52-2024 &#8902; Unicesumar. Baixe agora mesmo um Mapa Pronto resolvido!\" \/>\n<meta name=\"robots\" content=\"index, follow, max-snippet:-1, max-image-preview:large, max-video-preview:-1\" \/>\n<link rel=\"canonical\" href=\"https:\/\/atividademapa.com\/?product=atividade-1-fundamentos-da-genetica-humana-52-2024\" \/>\n<meta property=\"og:locale\" content=\"pt_BR\" \/>\n<meta property=\"og:type\" content=\"article\" \/>\n<meta property=\"og:title\" content=\"Atividade 1 - Fundamentos da Gen\u00e9tica Humana 52-2024\" \/>\n<meta property=\"og:description\" content=\"Atividade Atividade 1 - Fundamentos da Gen\u00e9tica Humana 52-2024 &#8902; Unicesumar. Baixe agora mesmo um Mapa Pronto resolvido!\" \/>\n<meta property=\"og:url\" content=\"https:\/\/atividademapa.com\/?product=atividade-1-fundamentos-da-genetica-humana-52-2024\" \/>\n<meta property=\"og:site_name\" content=\"Atividade Mapa\" \/>\n<meta property=\"article:modified_time\" content=\"2024-05-07T23:54:33+00:00\" \/>\n<meta property=\"og:image\" content=\"https:\/\/i0.wp.com\/atividademapa.com\/wp-content\/uploads\/2023\/03\/Atividade-M.A.P.A-3.png?fit=300%2C300&ssl=1\" \/>\n\t<meta property=\"og:image:width\" content=\"300\" \/>\n\t<meta property=\"og:image:height\" content=\"300\" \/>\n\t<meta property=\"og:image:type\" content=\"image\/png\" \/>\n<meta name=\"twitter:card\" content=\"summary_large_image\" \/>\n<meta name=\"twitter:label1\" content=\"Est. tempo de leitura\" \/>\n\t<meta name=\"twitter:data1\" content=\"1 minuto\" \/>\n<script type=\"application\/ld+json\" class=\"yoast-schema-graph\">{\"@context\":\"https:\\\/\\\/schema.org\",\"@graph\":[{\"@type\":\"WebPage\",\"@id\":\"https:\\\/\\\/atividademapa.com\\\/?product=atividade-1-fundamentos-da-genetica-humana-52-2024\",\"url\":\"https:\\\/\\\/atividademapa.com\\\/?product=atividade-1-fundamentos-da-genetica-humana-52-2024\",\"name\":\"Atividade 1 - Fundamentos da Gen\u00e9tica Humana 52-2024\",\"isPartOf\":{\"@id\":\"https:\\\/\\\/atividademapa.com\\\/#website\"},\"primaryImageOfPage\":{\"@id\":\"https:\\\/\\\/atividademapa.com\\\/?product=atividade-1-fundamentos-da-genetica-humana-52-2024#primaryimage\"},\"image\":{\"@id\":\"https:\\\/\\\/atividademapa.com\\\/?product=atividade-1-fundamentos-da-genetica-humana-52-2024#primaryimage\"},\"thumbnailUrl\":\"https:\\\/\\\/i0.wp.com\\\/atividademapa.com\\\/wp-content\\\/uploads\\\/2023\\\/03\\\/Atividade-M.A.P.A-3.png?fit=300%2C300&ssl=1\",\"datePublished\":\"2024-05-07T23:54:31+00:00\",\"dateModified\":\"2024-05-07T23:54:33+00:00\",\"description\":\"Atividade Atividade 1 - Fundamentos da Gen\u00e9tica Humana 52-2024 &#8902; Unicesumar. Baixe agora mesmo um Mapa Pronto resolvido!\",\"breadcrumb\":{\"@id\":\"https:\\\/\\\/atividademapa.com\\\/?product=atividade-1-fundamentos-da-genetica-humana-52-2024#breadcrumb\"},\"inLanguage\":\"pt-BR\",\"potentialAction\":[{\"@type\":\"ReadAction\",\"target\":[\"https:\\\/\\\/atividademapa.com\\\/?product=atividade-1-fundamentos-da-genetica-humana-52-2024\"]}]},{\"@type\":\"ImageObject\",\"inLanguage\":\"pt-BR\",\"@id\":\"https:\\\/\\\/atividademapa.com\\\/?product=atividade-1-fundamentos-da-genetica-humana-52-2024#primaryimage\",\"url\":\"https:\\\/\\\/i0.wp.com\\\/atividademapa.com\\\/wp-content\\\/uploads\\\/2023\\\/03\\\/Atividade-M.A.P.A-3.png?fit=300%2C300&ssl=1\",\"contentUrl\":\"https:\\\/\\\/i0.wp.com\\\/atividademapa.com\\\/wp-content\\\/uploads\\\/2023\\\/03\\\/Atividade-M.A.P.A-3.png?fit=300%2C300&ssl=1\",\"width\":300,\"height\":300,\"caption\":\"Mapa Unicesumar Atividade\"},{\"@type\":\"BreadcrumbList\",\"@id\":\"https:\\\/\\\/atividademapa.com\\\/?product=atividade-1-fundamentos-da-genetica-humana-52-2024#breadcrumb\",\"itemListElement\":[{\"@type\":\"ListItem\",\"position\":1,\"name\":\"In\u00edcio\",\"item\":\"https:\\\/\\\/atividademapa.com\\\/\"},{\"@type\":\"ListItem\",\"position\":2,\"name\":\"MAPAS\",\"item\":\"https:\\\/\\\/atividademapa.com\\\/?page_id=5\"},{\"@type\":\"ListItem\",\"position\":3,\"name\":\"Atividade 1 &#8211; Fundamentos da Gen\u00e9tica Humana 52-2024\"}]},{\"@type\":\"WebSite\",\"@id\":\"https:\\\/\\\/atividademapa.com\\\/#website\",\"url\":\"https:\\\/\\\/atividademapa.com\\\/\",\"name\":\"Atividade Mapa\",\"description\":\"StudeO | Unicesumar\",\"publisher\":{\"@id\":\"https:\\\/\\\/atividademapa.com\\\/#organization\"},\"potentialAction\":[{\"@type\":\"SearchAction\",\"target\":{\"@type\":\"EntryPoint\",\"urlTemplate\":\"https:\\\/\\\/atividademapa.com\\\/?s={search_term_string}\"},\"query-input\":{\"@type\":\"PropertyValueSpecification\",\"valueRequired\":true,\"valueName\":\"search_term_string\"}}],\"inLanguage\":\"pt-BR\"},{\"@type\":\"Organization\",\"@id\":\"https:\\\/\\\/atividademapa.com\\\/#organization\",\"name\":\"Atividade MAPA\",\"url\":\"https:\\\/\\\/atividademapa.com\\\/\",\"logo\":{\"@type\":\"ImageObject\",\"inLanguage\":\"pt-BR\",\"@id\":\"https:\\\/\\\/atividademapa.com\\\/#\\\/schema\\\/logo\\\/image\\\/\",\"url\":\"https:\\\/\\\/i0.wp.com\\\/atividademapa.com\\\/wp-content\\\/uploads\\\/2023\\\/02\\\/ATIVIDADE.png?fit=600%2C300&ssl=1\",\"contentUrl\":\"https:\\\/\\\/i0.wp.com\\\/atividademapa.com\\\/wp-content\\\/uploads\\\/2023\\\/02\\\/ATIVIDADE.png?fit=600%2C300&ssl=1\",\"width\":600,\"height\":300,\"caption\":\"Atividade MAPA\"},\"image\":{\"@id\":\"https:\\\/\\\/atividademapa.com\\\/#\\\/schema\\\/logo\\\/image\\\/\"}}]}<\/script>\n<!-- \/ Yoast SEO plugin. -->","yoast_head_json":{"title":"Atividade 1 - Fundamentos da Gen\u00e9tica Humana 52-2024","description":"Atividade Atividade 1 - Fundamentos da Gen\u00e9tica Humana 52-2024 &#8902; Unicesumar. Baixe agora mesmo um Mapa Pronto resolvido!","robots":{"index":"index","follow":"follow","max-snippet":"max-snippet:-1","max-image-preview":"max-image-preview:large","max-video-preview":"max-video-preview:-1"},"canonical":"https:\/\/atividademapa.com\/?product=atividade-1-fundamentos-da-genetica-humana-52-2024","og_locale":"pt_BR","og_type":"article","og_title":"Atividade 1 - Fundamentos da Gen\u00e9tica Humana 52-2024","og_description":"Atividade Atividade 1 - Fundamentos da Gen\u00e9tica Humana 52-2024 &#8902; Unicesumar. Baixe agora mesmo um Mapa Pronto resolvido!","og_url":"https:\/\/atividademapa.com\/?product=atividade-1-fundamentos-da-genetica-humana-52-2024","og_site_name":"Atividade Mapa","article_modified_time":"2024-05-07T23:54:33+00:00","og_image":[{"width":300,"height":300,"url":"https:\/\/i0.wp.com\/atividademapa.com\/wp-content\/uploads\/2023\/03\/Atividade-M.A.P.A-3.png?fit=300%2C300&ssl=1","type":"image\/png"}],"twitter_card":"summary_large_image","twitter_misc":{"Est. tempo de leitura":"1 minuto"},"schema":{"@context":"https:\/\/schema.org","@graph":[{"@type":"WebPage","@id":"https:\/\/atividademapa.com\/?product=atividade-1-fundamentos-da-genetica-humana-52-2024","url":"https:\/\/atividademapa.com\/?product=atividade-1-fundamentos-da-genetica-humana-52-2024","name":"Atividade 1 - Fundamentos da Gen\u00e9tica Humana 52-2024","isPartOf":{"@id":"https:\/\/atividademapa.com\/#website"},"primaryImageOfPage":{"@id":"https:\/\/atividademapa.com\/?product=atividade-1-fundamentos-da-genetica-humana-52-2024#primaryimage"},"image":{"@id":"https:\/\/atividademapa.com\/?product=atividade-1-fundamentos-da-genetica-humana-52-2024#primaryimage"},"thumbnailUrl":"https:\/\/i0.wp.com\/atividademapa.com\/wp-content\/uploads\/2023\/03\/Atividade-M.A.P.A-3.png?fit=300%2C300&ssl=1","datePublished":"2024-05-07T23:54:31+00:00","dateModified":"2024-05-07T23:54:33+00:00","description":"Atividade Atividade 1 - Fundamentos da Gen\u00e9tica Humana 52-2024 &#8902; Unicesumar. Baixe agora mesmo um Mapa Pronto resolvido!","breadcrumb":{"@id":"https:\/\/atividademapa.com\/?product=atividade-1-fundamentos-da-genetica-humana-52-2024#breadcrumb"},"inLanguage":"pt-BR","potentialAction":[{"@type":"ReadAction","target":["https:\/\/atividademapa.com\/?product=atividade-1-fundamentos-da-genetica-humana-52-2024"]}]},{"@type":"ImageObject","inLanguage":"pt-BR","@id":"https:\/\/atividademapa.com\/?product=atividade-1-fundamentos-da-genetica-humana-52-2024#primaryimage","url":"https:\/\/i0.wp.com\/atividademapa.com\/wp-content\/uploads\/2023\/03\/Atividade-M.A.P.A-3.png?fit=300%2C300&ssl=1","contentUrl":"https:\/\/i0.wp.com\/atividademapa.com\/wp-content\/uploads\/2023\/03\/Atividade-M.A.P.A-3.png?fit=300%2C300&ssl=1","width":300,"height":300,"caption":"Mapa Unicesumar Atividade"},{"@type":"BreadcrumbList","@id":"https:\/\/atividademapa.com\/?product=atividade-1-fundamentos-da-genetica-humana-52-2024#breadcrumb","itemListElement":[{"@type":"ListItem","position":1,"name":"In\u00edcio","item":"https:\/\/atividademapa.com\/"},{"@type":"ListItem","position":2,"name":"MAPAS","item":"https:\/\/atividademapa.com\/?page_id=5"},{"@type":"ListItem","position":3,"name":"Atividade 1 &#8211; Fundamentos da Gen\u00e9tica Humana 52-2024"}]},{"@type":"WebSite","@id":"https:\/\/atividademapa.com\/#website","url":"https:\/\/atividademapa.com\/","name":"Atividade Mapa","description":"StudeO | Unicesumar","publisher":{"@id":"https:\/\/atividademapa.com\/#organization"},"potentialAction":[{"@type":"SearchAction","target":{"@type":"EntryPoint","urlTemplate":"https:\/\/atividademapa.com\/?s={search_term_string}"},"query-input":{"@type":"PropertyValueSpecification","valueRequired":true,"valueName":"search_term_string"}}],"inLanguage":"pt-BR"},{"@type":"Organization","@id":"https:\/\/atividademapa.com\/#organization","name":"Atividade MAPA","url":"https:\/\/atividademapa.com\/","logo":{"@type":"ImageObject","inLanguage":"pt-BR","@id":"https:\/\/atividademapa.com\/#\/schema\/logo\/image\/","url":"https:\/\/i0.wp.com\/atividademapa.com\/wp-content\/uploads\/2023\/02\/ATIVIDADE.png?fit=600%2C300&ssl=1","contentUrl":"https:\/\/i0.wp.com\/atividademapa.com\/wp-content\/uploads\/2023\/02\/ATIVIDADE.png?fit=600%2C300&ssl=1","width":600,"height":300,"caption":"Atividade MAPA"},"image":{"@id":"https:\/\/atividademapa.com\/#\/schema\/logo\/image\/"}}]}},"_links":{"self":[{"href":"https:\/\/atividademapa.com\/index.php?rest_route=\/wp\/v2\/product\/3954","targetHints":{"allow":["GET"]}}],"collection":[{"href":"https:\/\/atividademapa.com\/index.php?rest_route=\/wp\/v2\/product"}],"about":[{"href":"https:\/\/atividademapa.com\/index.php?rest_route=\/wp\/v2\/types\/product"}],"version-history":[{"count":1,"href":"https:\/\/atividademapa.com\/index.php?rest_route=\/wp\/v2\/product\/3954\/revisions"}],"predecessor-version":[{"id":3956,"href":"https:\/\/atividademapa.com\/index.php?rest_route=\/wp\/v2\/product\/3954\/revisions\/3956"}],"wp:featuredmedia":[{"embeddable":true,"href":"https:\/\/atividademapa.com\/index.php?rest_route=\/wp\/v2\/media\/2326"}],"wp:attachment":[{"href":"https:\/\/atividademapa.com\/index.php?rest_route=%2Fwp%2Fv2%2Fmedia&parent=3954"}],"wp:term":[{"taxonomy":"product_brand","embeddable":true,"href":"https:\/\/atividademapa.com\/index.php?rest_route=%2Fwp%2Fv2%2Fproduct_brand&post=3954"},{"taxonomy":"product_cat","embeddable":true,"href":"https:\/\/atividademapa.com\/index.php?rest_route=%2Fwp%2Fv2%2Fproduct_cat&post=3954"},{"taxonomy":"product_tag","embeddable":true,"href":"https:\/\/atividademapa.com\/index.php?rest_route=%2Fwp%2Fv2%2Fproduct_tag&post=3954"}],"curies":[{"name":"wp","href":"https:\/\/api.w.org\/{rel}","templated":true}]}}