{"id":3957,"date":"2024-05-07T21:53:54","date_gmt":"2024-05-08T00:53:54","guid":{"rendered":"https:\/\/atividademapa.com\/?post_type=product&#038;p=3957"},"modified":"2024-06-30T11:20:27","modified_gmt":"2024-06-30T14:20:27","slug":"mapa-fundamentos-da-genetica-humana-52-2024","status":"publish","type":"product","link":"https:\/\/atividademapa.com\/?product=mapa-fundamentos-da-genetica-humana-52-2024","title":{"rendered":"Mapa &#8211; Fundamentos da Gen\u00e9tica Humana &#8211; 52\/2024"},"content":{"rendered":"<p>Mapa &#8211; Fundamentos da Gen\u00e9tica Humana &#8211; 52\/2024<\/p>\n<p>Dias ap\u00f3s a chegada de seu rec\u00e9m-nascido, Joana e M\u00e1rio marcaram uma consulta m\u00e9dica com o pediatra para atender ao beb\u00ea.<br class=\"ng-scope\" \/>Durante a consulta (anamnese) o m\u00e9dico verifica que existem caracter\u00edsticas fenot\u00edpicas na crian\u00e7a diferentes das consideradas normais. Dentre as caracter\u00edsticas f\u00edsicas, o m\u00e9dico verificou esterno curto, p\u00e9s com plantas arqueadas e boca pequena. Al\u00e9m disso, uma m\u00e1 forma\u00e7\u00e3o cong\u00eanita dificultou a identifica\u00e7\u00e3o do sexo da crian\u00e7a durante o pr\u00e9-natal e logo ap\u00f3s o parto.<br class=\"ng-scope\" \/>Sem ter certeza de um diagn\u00f3stico, o m\u00e9dico solicitou que o casal realizasse a cariotipagem da crian\u00e7a, a qual iria identificar uma poss\u00edvel s\u00edndrome e o sexo da crian\u00e7a.<br class=\"ng-scope\" \/>O resultado da cariotipagem do beb\u00ea est\u00e1 apresentado abaixo (Figura 1).<br class=\"ng-scope\" \/><img data-recalc-dims=\"1\" decoding=\"async\" class=\"ng-scope\" src=\"https:\/\/i0.wp.com\/sistemasead.unicesumar.edu.br\/flex\/amfphp\/services\/Portal\/ImagemQuestionario2\/QUE_204877_582736_1.png?ssl=1\" alt=\"\" \/><br class=\"ng-scope\" \/><strong class=\"ng-scope\">Figura 1.<\/strong>\u00a0Resultado da cariotipagem do rec\u00e9m-nascido de Joana e M\u00e1rio.<br class=\"ng-scope\" \/>Fonte: www.shutterstock.com<br class=\"ng-scope\" \/>\u00a0<br class=\"ng-scope\" \/>Al\u00e9m da cariotipagem, o m\u00e9dico solicitou a an\u00e1lise de chances de a crian\u00e7a possuir alguma doen\u00e7a gen\u00e9tica, pois, durante a anamnese da crian\u00e7a, o casal relatou que h\u00e1 casos de hipercolesterolemia familiar (uma doen\u00e7a autoss\u00f4mica dominante que acarreta ao aumento do colesterol plasm\u00e1tico LDL), podendo ser representado pelos gen\u00f3tipos HH ou Hh) e albinismo (com car\u00e1ter recessivo \u2013 gen\u00f3tipo aa) em ambas as fam\u00edlias.<br class=\"ng-scope\" \/>\u00a0<br class=\"ng-scope\" \/>Durante a conversa com Joana e M\u00e1rio, o m\u00e9dico levantou o hist\u00f3rico familiar da crian\u00e7a:<br class=\"ng-scope\" \/>&#8211;\u00a0<strong class=\"ng-scope\">Hipercolesterolemia familiar<\/strong>: Joana possui hipercolesterolemia familiar, assim como sua m\u00e3e, no entanto, seu pai n\u00e3o apresenta. M\u00e1rio n\u00e3o apresenta a hipercolesterolemia familiar, assim como o restante de seus familiares.<br class=\"ng-scope\" \/>&#8211;\u00a0<strong class=\"ng-scope\">Albinismo<\/strong>: Joana n\u00e3o apresenta albinismo, no entanto sua m\u00e3e \u00e9 albina. M\u00e1rio, assim como Joana, n\u00e3o \u00e9 albino, no entanto, possui pai com albinismo.<br class=\"ng-scope\" \/>\u00a0<br class=\"ng-scope\" \/><strong class=\"ng-scope\">Diante de todos estes fatos, voc\u00ea j\u00e1 parou para pensar como o cari\u00f3tipo influencia as caracter\u00edsticas genot\u00edpicas e fenot\u00edpicas de um indiv\u00edduo?\u00a0\u00a0<\/strong><br class=\"ng-scope\" \/>\u00a0<br class=\"ng-scope\" \/><strong class=\"ng-scope\">ENT\u00c3O, O QUE DEVO FAZER NESTA ATIVIDADE?<\/strong><br class=\"ng-scope\" \/>Imagine que voc\u00ea \u00e9 o profissional de sa\u00fade que analisou o cari\u00f3tipo desse indiv\u00edduo. Voc\u00ea dever\u00e1 utilizar o aprendizado da disciplina para analisar o resultado da cariotipagem, para identificar se a crian\u00e7a possui s\u00edndrome e qual \u00e9 o seu sexo, al\u00e9m disso, dever\u00e1 elaborar quadro de Punnet com os prov\u00e1veis gen\u00f3tipos e fen\u00f3tipos baseados no hist\u00f3rico familiar da crian\u00e7a, para descobrir a chance de a crian\u00e7a apresentar hipercolesterolemia familiar, assim como albinismo.<br class=\"ng-scope\" \/><strong class=\"ng-scope\">Para isso, iremos orient\u00e1-lo a desenvolver esta atividade, seguindo alguns passos para atingirmos nosso objetivo. Siga-os e voc\u00ea ter\u00e1 a oportunidade de fazer um trajeto imersivo, e se sentir um profissional de sa\u00fade capaz de impactar positivamente na comunidade.<\/strong><br class=\"ng-scope\" \/>\u00a0<br class=\"ng-scope\" \/><strong class=\"ng-scope\">DESENVOLVENDO O TRABALHO<\/strong><br class=\"ng-scope\" \/><strong class=\"ng-scope\">Levando em considera\u00e7\u00e3o as informa\u00e7\u00f5es levantadas pelo m\u00e9dico para an\u00e1lise de heran\u00e7a gen\u00e9tica e pelo exame de cariotipagem, desenvolva as atividades abaixo.<br \/>\n<\/strong><br class=\"ng-scope\" \/>1- Analise o cari\u00f3tipo e identifique se a crian\u00e7a apresenta alguma s\u00edndrome cromoss\u00f4mica e qual o sexo biol\u00f3gico do rec\u00e9m-nascido. Ap\u00f3s essa identifica\u00e7\u00e3o, justifique como chegou a essa conclus\u00e3o.<br class=\"ng-scope\" \/>\u00a0<br class=\"ng-scope\" \/>\u00a0<strong class=\"ng-scope\">2)<\/strong>\u00a0Ap\u00f3s analisar a anamnese realizada pelo m\u00e9dico, voc\u00ea recebeu os dados para desenvolver os c\u00e1lculos e o resultado (laudo) das probabilidades. Levando em considera\u00e7\u00e3o o hist\u00f3rico familiar e a anamnese da crian\u00e7a responda as quest\u00f5es abaixo:<br class=\"ng-scope\" \/><strong class=\"ng-scope\">a \u2013\u00a0<\/strong><strong class=\"ng-scope\">Considerando que Joana possui hipercolesterolemia familiar e M\u00e1rio n\u00e3o apresenta essa condi\u00e7\u00e3o, elabore um quadro de Punnett, para representar o cruzamento entre Joana e M\u00e1rio, e indique a chance de a crian\u00e7a apresentar hipercolesterolemia familiar e justifique sua resposta de acordo com os dados alcan\u00e7ados.<\/strong><br class=\"ng-scope\" \/>\u00a0<br class=\"ng-scope\" \/>\u00a0<strong class=\"ng-scope\">b \u2013\u00a0<\/strong><strong class=\"ng-scope\">Baseado nas informa\u00e7\u00f5es sobre albinismo na fam\u00edlia da crian\u00e7a, elabore um quadro de Punnett, para representar o cruzamento entre Joana e M\u00e1rio, e indique a chance de a crian\u00e7a apresentar albinismo e justifique sua resposta de acordo com os dados alcan\u00e7ados.<\/strong><br class=\"ng-scope\" \/>\u00a0<br class=\"ng-scope\" \/><strong class=\"ng-scope\">3. \u00a0<\/strong><strong class=\"ng-scope\">QUAL<\/strong>\u00a0a probabilidade de a crian\u00e7a apresentar a hipercolesterolemia familiar\u00a0<strong class=\"ng-scope\">E<\/strong>\u00a0albinismo?<br class=\"ng-scope\" \/><strong class=\"ng-scope\">Obs.:\u00a0<\/strong>Para responder \u00e0 quest\u00e3o\u00a0<strong class=\"ng-scope\">3<\/strong>, utilize a regra de probabilidades (<u class=\"ng-scope\">regra do e<\/u>) dispon\u00edvel no link abaixo (Caso n\u00e3o consiga clicar, copie o link e cole no seu navegador):<strong class=\"ng-scope\">\u00a0https:\/\/pt.khanacademy.org\/science\/ap-biology\/heredity\/mendelian-genetics-ap\/a\/probabilities-in-genetics. Al\u00e9m do link para estudo, esse tema ser\u00e1 trabalhado durante as aulas ao vivo.<\/strong><br class=\"ng-scope\" \/>\u00a0<br class=\"ng-scope\" \/>\u00a0<br class=\"ng-scope\" \/><strong class=\"ng-scope\">BOM TRABALHO!!!<\/strong><\/p>\n","protected":false},"excerpt":{"rendered":"<p>Mapa &#8211; Fundamentos da Gen\u00e9tica Humana &#8211; 52\/2024 Dias ap\u00f3s a chegada de seu rec\u00e9m-nascido, Joana e M\u00e1rio marcaram uma<\/p>\n","protected":false},"featured_media":2326,"template":"","meta":{"_monsterinsights_skip_tracking":false,"_monsterinsights_sitenote_active":false,"_monsterinsights_sitenote_note":"","_monsterinsights_sitenote_category":0},"product_brand":[],"product_cat":[35],"product_tag":[],"class_list":{"0":"post-3957","1":"product","2":"type-product","3":"status-publish","4":"has-post-thumbnail","6":"product_cat-enfermagem","8":"first","9":"instock","10":"downloadable","11":"virtual","12":"purchasable","13":"product-type-simple"},"yoast_head":"<!-- This site is optimized with the Yoast SEO plugin v27.4 - https:\/\/yoast.com\/product\/yoast-seo-wordpress\/ -->\n<title>Mapa - Fundamentos da Gen\u00e9tica Humana - 52\/2024<\/title>\n<meta name=\"description\" content=\"Atividade Mapa - Fundamentos da Gen\u00e9tica Humana - 52\/2024 &#8902; Unicesumar. Baixe agora mesmo um Mapa Pronto resolvido!\" \/>\n<meta name=\"robots\" content=\"index, follow, max-snippet:-1, max-image-preview:large, max-video-preview:-1\" \/>\n<link rel=\"canonical\" href=\"https:\/\/atividademapa.com\/?product=mapa-fundamentos-da-genetica-humana-52-2024\" \/>\n<meta property=\"og:locale\" content=\"pt_BR\" \/>\n<meta property=\"og:type\" content=\"article\" \/>\n<meta property=\"og:title\" content=\"Mapa - Fundamentos da Gen\u00e9tica Humana - 52\/2024\" \/>\n<meta property=\"og:description\" content=\"Atividade Mapa - Fundamentos da Gen\u00e9tica Humana - 52\/2024 &#8902; Unicesumar. Baixe agora mesmo um Mapa Pronto resolvido!\" \/>\n<meta property=\"og:url\" content=\"https:\/\/atividademapa.com\/?product=mapa-fundamentos-da-genetica-humana-52-2024\" \/>\n<meta property=\"og:site_name\" content=\"Atividade Mapa\" \/>\n<meta property=\"article:modified_time\" content=\"2024-06-30T14:20:27+00:00\" \/>\n<meta property=\"og:image\" content=\"https:\/\/i0.wp.com\/atividademapa.com\/wp-content\/uploads\/2023\/03\/Atividade-M.A.P.A-3.png?fit=300%2C300&ssl=1\" \/>\n\t<meta property=\"og:image:width\" content=\"300\" \/>\n\t<meta property=\"og:image:height\" content=\"300\" \/>\n\t<meta property=\"og:image:type\" content=\"image\/png\" \/>\n<meta name=\"twitter:card\" content=\"summary_large_image\" \/>\n<meta name=\"twitter:label1\" content=\"Est. tempo de leitura\" \/>\n\t<meta name=\"twitter:data1\" content=\"4 minutos\" \/>\n<script type=\"application\/ld+json\" class=\"yoast-schema-graph\">{\"@context\":\"https:\\\/\\\/schema.org\",\"@graph\":[{\"@type\":\"WebPage\",\"@id\":\"https:\\\/\\\/atividademapa.com\\\/?product=mapa-fundamentos-da-genetica-humana-52-2024\",\"url\":\"https:\\\/\\\/atividademapa.com\\\/?product=mapa-fundamentos-da-genetica-humana-52-2024\",\"name\":\"Mapa - Fundamentos da Gen\u00e9tica Humana - 52\\\/2024\",\"isPartOf\":{\"@id\":\"https:\\\/\\\/atividademapa.com\\\/#website\"},\"primaryImageOfPage\":{\"@id\":\"https:\\\/\\\/atividademapa.com\\\/?product=mapa-fundamentos-da-genetica-humana-52-2024#primaryimage\"},\"image\":{\"@id\":\"https:\\\/\\\/atividademapa.com\\\/?product=mapa-fundamentos-da-genetica-humana-52-2024#primaryimage\"},\"thumbnailUrl\":\"https:\\\/\\\/i0.wp.com\\\/atividademapa.com\\\/wp-content\\\/uploads\\\/2023\\\/03\\\/Atividade-M.A.P.A-3.png?fit=300%2C300&ssl=1\",\"datePublished\":\"2024-05-08T00:53:54+00:00\",\"dateModified\":\"2024-06-30T14:20:27+00:00\",\"description\":\"Atividade Mapa - Fundamentos da Gen\u00e9tica Humana - 52\\\/2024 &#8902; Unicesumar. Baixe agora mesmo um Mapa Pronto resolvido!\",\"breadcrumb\":{\"@id\":\"https:\\\/\\\/atividademapa.com\\\/?product=mapa-fundamentos-da-genetica-humana-52-2024#breadcrumb\"},\"inLanguage\":\"pt-BR\",\"potentialAction\":[{\"@type\":\"ReadAction\",\"target\":[\"https:\\\/\\\/atividademapa.com\\\/?product=mapa-fundamentos-da-genetica-humana-52-2024\"]}]},{\"@type\":\"ImageObject\",\"inLanguage\":\"pt-BR\",\"@id\":\"https:\\\/\\\/atividademapa.com\\\/?product=mapa-fundamentos-da-genetica-humana-52-2024#primaryimage\",\"url\":\"https:\\\/\\\/i0.wp.com\\\/atividademapa.com\\\/wp-content\\\/uploads\\\/2023\\\/03\\\/Atividade-M.A.P.A-3.png?fit=300%2C300&ssl=1\",\"contentUrl\":\"https:\\\/\\\/i0.wp.com\\\/atividademapa.com\\\/wp-content\\\/uploads\\\/2023\\\/03\\\/Atividade-M.A.P.A-3.png?fit=300%2C300&ssl=1\",\"width\":300,\"height\":300,\"caption\":\"Mapa Unicesumar Atividade\"},{\"@type\":\"BreadcrumbList\",\"@id\":\"https:\\\/\\\/atividademapa.com\\\/?product=mapa-fundamentos-da-genetica-humana-52-2024#breadcrumb\",\"itemListElement\":[{\"@type\":\"ListItem\",\"position\":1,\"name\":\"In\u00edcio\",\"item\":\"https:\\\/\\\/atividademapa.com\\\/\"},{\"@type\":\"ListItem\",\"position\":2,\"name\":\"MAPAS\",\"item\":\"https:\\\/\\\/atividademapa.com\\\/?page_id=5\"},{\"@type\":\"ListItem\",\"position\":3,\"name\":\"Mapa &#8211; Fundamentos da Gen\u00e9tica Humana &#8211; 52\\\/2024\"}]},{\"@type\":\"WebSite\",\"@id\":\"https:\\\/\\\/atividademapa.com\\\/#website\",\"url\":\"https:\\\/\\\/atividademapa.com\\\/\",\"name\":\"Atividade Mapa\",\"description\":\"StudeO | Unicesumar\",\"publisher\":{\"@id\":\"https:\\\/\\\/atividademapa.com\\\/#organization\"},\"potentialAction\":[{\"@type\":\"SearchAction\",\"target\":{\"@type\":\"EntryPoint\",\"urlTemplate\":\"https:\\\/\\\/atividademapa.com\\\/?s={search_term_string}\"},\"query-input\":{\"@type\":\"PropertyValueSpecification\",\"valueRequired\":true,\"valueName\":\"search_term_string\"}}],\"inLanguage\":\"pt-BR\"},{\"@type\":\"Organization\",\"@id\":\"https:\\\/\\\/atividademapa.com\\\/#organization\",\"name\":\"Atividade MAPA\",\"url\":\"https:\\\/\\\/atividademapa.com\\\/\",\"logo\":{\"@type\":\"ImageObject\",\"inLanguage\":\"pt-BR\",\"@id\":\"https:\\\/\\\/atividademapa.com\\\/#\\\/schema\\\/logo\\\/image\\\/\",\"url\":\"https:\\\/\\\/i0.wp.com\\\/atividademapa.com\\\/wp-content\\\/uploads\\\/2023\\\/02\\\/ATIVIDADE.png?fit=600%2C300&ssl=1\",\"contentUrl\":\"https:\\\/\\\/i0.wp.com\\\/atividademapa.com\\\/wp-content\\\/uploads\\\/2023\\\/02\\\/ATIVIDADE.png?fit=600%2C300&ssl=1\",\"width\":600,\"height\":300,\"caption\":\"Atividade MAPA\"},\"image\":{\"@id\":\"https:\\\/\\\/atividademapa.com\\\/#\\\/schema\\\/logo\\\/image\\\/\"}}]}<\/script>\n<!-- \/ Yoast SEO plugin. -->","yoast_head_json":{"title":"Mapa - Fundamentos da Gen\u00e9tica Humana - 52\/2024","description":"Atividade Mapa - Fundamentos da Gen\u00e9tica Humana - 52\/2024 &#8902; Unicesumar. Baixe agora mesmo um Mapa Pronto resolvido!","robots":{"index":"index","follow":"follow","max-snippet":"max-snippet:-1","max-image-preview":"max-image-preview:large","max-video-preview":"max-video-preview:-1"},"canonical":"https:\/\/atividademapa.com\/?product=mapa-fundamentos-da-genetica-humana-52-2024","og_locale":"pt_BR","og_type":"article","og_title":"Mapa - Fundamentos da Gen\u00e9tica Humana - 52\/2024","og_description":"Atividade Mapa - Fundamentos da Gen\u00e9tica Humana - 52\/2024 &#8902; Unicesumar. Baixe agora mesmo um Mapa Pronto resolvido!","og_url":"https:\/\/atividademapa.com\/?product=mapa-fundamentos-da-genetica-humana-52-2024","og_site_name":"Atividade Mapa","article_modified_time":"2024-06-30T14:20:27+00:00","og_image":[{"width":300,"height":300,"url":"https:\/\/i0.wp.com\/atividademapa.com\/wp-content\/uploads\/2023\/03\/Atividade-M.A.P.A-3.png?fit=300%2C300&ssl=1","type":"image\/png"}],"twitter_card":"summary_large_image","twitter_misc":{"Est. tempo de leitura":"4 minutos"},"schema":{"@context":"https:\/\/schema.org","@graph":[{"@type":"WebPage","@id":"https:\/\/atividademapa.com\/?product=mapa-fundamentos-da-genetica-humana-52-2024","url":"https:\/\/atividademapa.com\/?product=mapa-fundamentos-da-genetica-humana-52-2024","name":"Mapa - Fundamentos da Gen\u00e9tica Humana - 52\/2024","isPartOf":{"@id":"https:\/\/atividademapa.com\/#website"},"primaryImageOfPage":{"@id":"https:\/\/atividademapa.com\/?product=mapa-fundamentos-da-genetica-humana-52-2024#primaryimage"},"image":{"@id":"https:\/\/atividademapa.com\/?product=mapa-fundamentos-da-genetica-humana-52-2024#primaryimage"},"thumbnailUrl":"https:\/\/i0.wp.com\/atividademapa.com\/wp-content\/uploads\/2023\/03\/Atividade-M.A.P.A-3.png?fit=300%2C300&ssl=1","datePublished":"2024-05-08T00:53:54+00:00","dateModified":"2024-06-30T14:20:27+00:00","description":"Atividade Mapa - Fundamentos da Gen\u00e9tica Humana - 52\/2024 &#8902; Unicesumar. Baixe agora mesmo um Mapa Pronto resolvido!","breadcrumb":{"@id":"https:\/\/atividademapa.com\/?product=mapa-fundamentos-da-genetica-humana-52-2024#breadcrumb"},"inLanguage":"pt-BR","potentialAction":[{"@type":"ReadAction","target":["https:\/\/atividademapa.com\/?product=mapa-fundamentos-da-genetica-humana-52-2024"]}]},{"@type":"ImageObject","inLanguage":"pt-BR","@id":"https:\/\/atividademapa.com\/?product=mapa-fundamentos-da-genetica-humana-52-2024#primaryimage","url":"https:\/\/i0.wp.com\/atividademapa.com\/wp-content\/uploads\/2023\/03\/Atividade-M.A.P.A-3.png?fit=300%2C300&ssl=1","contentUrl":"https:\/\/i0.wp.com\/atividademapa.com\/wp-content\/uploads\/2023\/03\/Atividade-M.A.P.A-3.png?fit=300%2C300&ssl=1","width":300,"height":300,"caption":"Mapa Unicesumar Atividade"},{"@type":"BreadcrumbList","@id":"https:\/\/atividademapa.com\/?product=mapa-fundamentos-da-genetica-humana-52-2024#breadcrumb","itemListElement":[{"@type":"ListItem","position":1,"name":"In\u00edcio","item":"https:\/\/atividademapa.com\/"},{"@type":"ListItem","position":2,"name":"MAPAS","item":"https:\/\/atividademapa.com\/?page_id=5"},{"@type":"ListItem","position":3,"name":"Mapa &#8211; Fundamentos da Gen\u00e9tica Humana &#8211; 52\/2024"}]},{"@type":"WebSite","@id":"https:\/\/atividademapa.com\/#website","url":"https:\/\/atividademapa.com\/","name":"Atividade Mapa","description":"StudeO | Unicesumar","publisher":{"@id":"https:\/\/atividademapa.com\/#organization"},"potentialAction":[{"@type":"SearchAction","target":{"@type":"EntryPoint","urlTemplate":"https:\/\/atividademapa.com\/?s={search_term_string}"},"query-input":{"@type":"PropertyValueSpecification","valueRequired":true,"valueName":"search_term_string"}}],"inLanguage":"pt-BR"},{"@type":"Organization","@id":"https:\/\/atividademapa.com\/#organization","name":"Atividade MAPA","url":"https:\/\/atividademapa.com\/","logo":{"@type":"ImageObject","inLanguage":"pt-BR","@id":"https:\/\/atividademapa.com\/#\/schema\/logo\/image\/","url":"https:\/\/i0.wp.com\/atividademapa.com\/wp-content\/uploads\/2023\/02\/ATIVIDADE.png?fit=600%2C300&ssl=1","contentUrl":"https:\/\/i0.wp.com\/atividademapa.com\/wp-content\/uploads\/2023\/02\/ATIVIDADE.png?fit=600%2C300&ssl=1","width":600,"height":300,"caption":"Atividade MAPA"},"image":{"@id":"https:\/\/atividademapa.com\/#\/schema\/logo\/image\/"}}]}},"_links":{"self":[{"href":"https:\/\/atividademapa.com\/index.php?rest_route=\/wp\/v2\/product\/3957","targetHints":{"allow":["GET"]}}],"collection":[{"href":"https:\/\/atividademapa.com\/index.php?rest_route=\/wp\/v2\/product"}],"about":[{"href":"https:\/\/atividademapa.com\/index.php?rest_route=\/wp\/v2\/types\/product"}],"version-history":[{"count":1,"href":"https:\/\/atividademapa.com\/index.php?rest_route=\/wp\/v2\/product\/3957\/revisions"}],"predecessor-version":[{"id":3958,"href":"https:\/\/atividademapa.com\/index.php?rest_route=\/wp\/v2\/product\/3957\/revisions\/3958"}],"wp:featuredmedia":[{"embeddable":true,"href":"https:\/\/atividademapa.com\/index.php?rest_route=\/wp\/v2\/media\/2326"}],"wp:attachment":[{"href":"https:\/\/atividademapa.com\/index.php?rest_route=%2Fwp%2Fv2%2Fmedia&parent=3957"}],"wp:term":[{"taxonomy":"product_brand","embeddable":true,"href":"https:\/\/atividademapa.com\/index.php?rest_route=%2Fwp%2Fv2%2Fproduct_brand&post=3957"},{"taxonomy":"product_cat","embeddable":true,"href":"https:\/\/atividademapa.com\/index.php?rest_route=%2Fwp%2Fv2%2Fproduct_cat&post=3957"},{"taxonomy":"product_tag","embeddable":true,"href":"https:\/\/atividademapa.com\/index.php?rest_route=%2Fwp%2Fv2%2Fproduct_tag&post=3957"}],"curies":[{"name":"wp","href":"https:\/\/api.w.org\/{rel}","templated":true}]}}