{"id":3959,"date":"2024-05-07T22:56:07","date_gmt":"2024-05-08T01:56:07","guid":{"rendered":"https:\/\/atividademapa.com\/?post_type=product&#038;p=3959"},"modified":"2024-05-07T22:56:08","modified_gmt":"2024-05-08T01:56:08","slug":"mapa-gh-politicas-publicas-da-saude-52-2024","status":"publish","type":"product","link":"https:\/\/atividademapa.com\/?product=mapa-gh-politicas-publicas-da-saude-52-2024","title":{"rendered":"MAPA &#8211; GH &#8211; POL\u00cdTICAS P\u00daBLICAS DA SA\u00daDE &#8211; 52-2024"},"content":{"rendered":"<p>MAPA &#8211; GH &#8211; POL\u00cdTICAS P\u00daBLICAS DA SA\u00daDE &#8211; 52_2024<\/p>\n<div class=\"ng-scope\"><strong>Ol\u00e1, estudante! A atividade proposta corresponde ao Material de Avalia\u00e7\u00e3o Pr\u00e1tica de Aprendizagem (MAPA).<\/strong><\/p>\n<p>O objetivo\u200b desta atividade \u00e9 fazer com que voc\u00ea se sinta imerso nos conte\u00fados estudados\u00a0no que se refere \u00e0 compreens\u00e3o das Pol\u00edticas P\u00fablicas em Sa\u00fade.<\/p>\n<p>Esperamos que voc\u00ea explore seu potencial de gestor nesta atividade. Para isso, atente-se \u00e0s etapas a serem realizadas a seguir:<\/p>\n<p>Primeira etapa:\u00a0<strong>LER<\/strong>\u00a0atentamente o texto de apoio.<br \/>\nSegunda etapa:\u00a0<strong>CONSIDERAR<\/strong>\u00a0a situa\u00e7\u00e3o-problema da atividade.<br \/>\nTerceira etapa:\u00a0<strong>REALIZAR e ENVIAR<\/strong>\u00a0a atividade solicitada.<\/p>\n<p><u><strong>PRIMEIRA ETAPA: AQUECIMENTO \u2014 Leitura do texto de apoio<\/strong><\/u><\/p>\n<p>&#8220;\u200bO Comit\u00ea Interministerial para a Elimina\u00e7\u00e3o da Tuberculose e de Outras Doen\u00e7as Determinadas Socialmente &#8211; CIEDDS foi institu\u00eddo em abril de 2023 pelo Decreto n\u00ba 11.494. \u00c9 composto pelo Minist\u00e9rio da Sa\u00fade; Minist\u00e9rio da Ci\u00eancia, Tecnologia e Inova\u00e7\u00e3o; Minist\u00e9rio do Desenvolvimento e Assist\u00eancia Social, Fam\u00edlia e Combate \u00e0 Fome; Minist\u00e9rio dos Direitos Humanos e da Cidadania; Minist\u00e9rio da Educa\u00e7\u00e3o; Minist\u00e9rio da Igualdade Racial; Minist\u00e9rio da Integra\u00e7\u00e3o e do Desenvolvimento Regional; Minist\u00e9rio da Justi\u00e7a e Seguran\u00e7a P\u00fablica e Minist\u00e9rio dos Povos Ind\u00edgenas, com a finalidade de promover a\u00e7\u00f5es que contribuam para a elimina\u00e7\u00e3o da tuberculose e de outras doen\u00e7as determinadas socialmente enquanto problemas de sa\u00fade p\u00fablica no pa\u00eds at\u00e9 2030.<br \/>\nDoen\u00e7as de Determina\u00e7\u00e3o Social: A condi\u00e7\u00e3o de sa\u00fade de cada pessoa \u00e9 diretamente influenciada pelos fatores ambientais, sociais e econ\u00f4micos em que ela se insere. Assim, em um pa\u00eds como o Brasil, marcado pela diversa e extensa dimens\u00e3o territorial e por profundas desigualdades sociais, \u00e9 comum que algumas doen\u00e7as afetem mais ou somente pessoas em \u00e1reas de maior vulnerabilidade social. S\u00e3o as chamadas de doen\u00e7as de determina\u00e7\u00e3o social. Eliminar tais doen\u00e7as exige pol\u00edticas p\u00fablicas estruturais e a\u00e7\u00f5es amplas, que envolvam n\u00e3o apenas o tratamento da condi\u00e7\u00e3o, mas o acesso \u00e0 sa\u00fade, medidas de saneamento, inclus\u00e3o social, educa\u00e7\u00e3o, moradia, entre outros. Tal medida tem que ser tratada, portanto, como uma pol\u00edtica de Estado&#8221;.<\/p>\n<p>Fonte: https:\/\/www.gov.br\/saude\/pt-br\/acesso-a-informacao\/acoes-e-programas\/ciedds. Acesso em 23 abr. 2024.<\/p><\/div>\n<div class=\"ng-scope\">\n<u><strong>SEGUNDA ETAPA: AN\u00c1LISE \u2014 Situa\u00e7\u00e3o-problema\u200b<\/strong><\/u><br \/>\nO trecho anterior foi retirado do site do Minist\u00e9rio da Sa\u00fade\u00a0e discorre sobre um comit\u00ea criado para tratar do tema \u201cDoen\u00e7as de Determina\u00e7\u00e3o Social\u201d. Como profissional de Gest\u00e3o da Sa\u00fade P\u00fablica, voc\u00ea desempenhar\u00e1 um papel crucial na coordena\u00e7\u00e3o, no planejamento, na implementa\u00e7\u00e3o e na avalia\u00e7\u00e3o de pol\u00edticas, programas e servi\u00e7os de sa\u00fade destinados a promover o bem-estar da popula\u00e7\u00e3o.<\/p>\n<p>Imagine-se enquanto um profissional que \u00e9 parte de um grupo de trabalho que est\u00e1 desenvolvendo uma pol\u00edtica p\u00fablica de sa\u00fade que necessita da participa\u00e7\u00e3o dos demais setores de pol\u00edticas p\u00fablicas do \u00f3rg\u00e3o em que voc\u00ea trabalha, assim como o CIEDDS. Neste projeto, voc\u00ea foi designado\u00a0a apresentar para os demais setores os motivos pelos quais a participa\u00e7\u00e3o deles nessa parceria \u00e9 importante.<\/p>\n<p><u><strong>TERCEIRA ETAPA: A\u00c7\u00c3O \u2014 Realiza\u00e7\u00e3o da atividade<\/strong><\/u><br \/>\nPara isso, desenvolva um texto que compor\u00e1 a sua apresenta\u00e7\u00e3o em uma reuni\u00e3o de trabalho com os poss\u00edveis parceiros, respondendo, pelo menos, as seguintes quest\u00f5es:<br \/>\n<strong>a) Discorra sobre a import\u00e2ncia da an\u00e1lise dos determinantes sociais da sa\u00fade para a formula\u00e7\u00e3o e implementa\u00e7\u00e3o de pol\u00edticas eficazes.<\/p>\n<p>b) Explique como a compreens\u00e3o dos fatores sociais, econ\u00f4micos, culturais e pol\u00edticos que influenciam a sa\u00fade pode contribuir para a promo\u00e7\u00e3o da equidade e da justi\u00e7a social no sistema de sa\u00fade.<\/p>\n<p>c) Apresente argumentos de como a abordagem dos determinantes sociais da sa\u00fade pode orientar a elabora\u00e7\u00e3o de pol\u00edticas p\u00fablicas voltadas para a redu\u00e7\u00e3o das desigualdades em sa\u00fade e para o fortalecimento do sistema de sa\u00fade como um todo.<\/strong><\/div>\n<div class=\"ng-scope\">\n<\/div>\n","protected":false},"excerpt":{"rendered":"<p>MAPA &#8211; GH &#8211; POL\u00cdTICAS P\u00daBLICAS DA SA\u00daDE &#8211; 52_2024 Ol\u00e1, estudante! A atividade proposta corresponde ao Material de Avalia\u00e7\u00e3o<\/p>\n","protected":false},"featured_media":2326,"template":"","meta":{"_monsterinsights_skip_tracking":false,"_monsterinsights_sitenote_active":false,"_monsterinsights_sitenote_note":"","_monsterinsights_sitenote_category":0},"product_brand":[],"product_cat":[44],"product_tag":[],"class_list":{"0":"post-3959","1":"product","2":"type-product","3":"status-publish","4":"has-post-thumbnail","6":"product_cat-gestao-hospitalar","8":"first","9":"instock","10":"downloadable","11":"virtual","12":"purchasable","13":"product-type-simple"},"yoast_head":"<!-- This site is optimized with the Yoast SEO plugin v27.4 - https:\/\/yoast.com\/product\/yoast-seo-wordpress\/ -->\n<title>MAPA - GH - POL\u00cdTICAS P\u00daBLICAS DA SA\u00daDE - 52-2024<\/title>\n<meta name=\"description\" content=\"Atividade MAPA - GH - POL\u00cdTICAS P\u00daBLICAS DA SA\u00daDE - 52-2024 &#8902; Unicesumar. Baixe agora mesmo um Mapa Pronto resolvido!\" \/>\n<meta name=\"robots\" content=\"index, follow, max-snippet:-1, max-image-preview:large, max-video-preview:-1\" \/>\n<link rel=\"canonical\" href=\"https:\/\/atividademapa.com\/?product=mapa-gh-politicas-publicas-da-saude-52-2024\" \/>\n<meta property=\"og:locale\" content=\"pt_BR\" \/>\n<meta property=\"og:type\" content=\"article\" \/>\n<meta property=\"og:title\" content=\"MAPA - GH - POL\u00cdTICAS P\u00daBLICAS DA SA\u00daDE - 52-2024\" \/>\n<meta property=\"og:description\" content=\"Atividade MAPA - GH - POL\u00cdTICAS P\u00daBLICAS DA SA\u00daDE - 52-2024 &#8902; Unicesumar. Baixe agora mesmo um Mapa Pronto resolvido!\" \/>\n<meta property=\"og:url\" content=\"https:\/\/atividademapa.com\/?product=mapa-gh-politicas-publicas-da-saude-52-2024\" \/>\n<meta property=\"og:site_name\" content=\"Atividade Mapa\" \/>\n<meta property=\"article:modified_time\" content=\"2024-05-08T01:56:08+00:00\" \/>\n<meta property=\"og:image\" content=\"https:\/\/i0.wp.com\/atividademapa.com\/wp-content\/uploads\/2023\/03\/Atividade-M.A.P.A-3.png?fit=300%2C300&ssl=1\" \/>\n\t<meta property=\"og:image:width\" content=\"300\" \/>\n\t<meta property=\"og:image:height\" content=\"300\" \/>\n\t<meta property=\"og:image:type\" content=\"image\/png\" \/>\n<meta name=\"twitter:card\" content=\"summary_large_image\" \/>\n<meta name=\"twitter:label1\" content=\"Est. tempo de leitura\" \/>\n\t<meta name=\"twitter:data1\" content=\"3 minutos\" \/>\n<script type=\"application\/ld+json\" class=\"yoast-schema-graph\">{\"@context\":\"https:\\\/\\\/schema.org\",\"@graph\":[{\"@type\":\"WebPage\",\"@id\":\"https:\\\/\\\/atividademapa.com\\\/?product=mapa-gh-politicas-publicas-da-saude-52-2024\",\"url\":\"https:\\\/\\\/atividademapa.com\\\/?product=mapa-gh-politicas-publicas-da-saude-52-2024\",\"name\":\"MAPA - GH - POL\u00cdTICAS P\u00daBLICAS DA SA\u00daDE - 52-2024\",\"isPartOf\":{\"@id\":\"https:\\\/\\\/atividademapa.com\\\/#website\"},\"primaryImageOfPage\":{\"@id\":\"https:\\\/\\\/atividademapa.com\\\/?product=mapa-gh-politicas-publicas-da-saude-52-2024#primaryimage\"},\"image\":{\"@id\":\"https:\\\/\\\/atividademapa.com\\\/?product=mapa-gh-politicas-publicas-da-saude-52-2024#primaryimage\"},\"thumbnailUrl\":\"https:\\\/\\\/i0.wp.com\\\/atividademapa.com\\\/wp-content\\\/uploads\\\/2023\\\/03\\\/Atividade-M.A.P.A-3.png?fit=300%2C300&ssl=1\",\"datePublished\":\"2024-05-08T01:56:07+00:00\",\"dateModified\":\"2024-05-08T01:56:08+00:00\",\"description\":\"Atividade MAPA - GH - POL\u00cdTICAS P\u00daBLICAS DA SA\u00daDE - 52-2024 &#8902; Unicesumar. Baixe agora mesmo um Mapa Pronto resolvido!\",\"breadcrumb\":{\"@id\":\"https:\\\/\\\/atividademapa.com\\\/?product=mapa-gh-politicas-publicas-da-saude-52-2024#breadcrumb\"},\"inLanguage\":\"pt-BR\",\"potentialAction\":[{\"@type\":\"ReadAction\",\"target\":[\"https:\\\/\\\/atividademapa.com\\\/?product=mapa-gh-politicas-publicas-da-saude-52-2024\"]}]},{\"@type\":\"ImageObject\",\"inLanguage\":\"pt-BR\",\"@id\":\"https:\\\/\\\/atividademapa.com\\\/?product=mapa-gh-politicas-publicas-da-saude-52-2024#primaryimage\",\"url\":\"https:\\\/\\\/i0.wp.com\\\/atividademapa.com\\\/wp-content\\\/uploads\\\/2023\\\/03\\\/Atividade-M.A.P.A-3.png?fit=300%2C300&ssl=1\",\"contentUrl\":\"https:\\\/\\\/i0.wp.com\\\/atividademapa.com\\\/wp-content\\\/uploads\\\/2023\\\/03\\\/Atividade-M.A.P.A-3.png?fit=300%2C300&ssl=1\",\"width\":300,\"height\":300,\"caption\":\"Mapa Unicesumar Atividade\"},{\"@type\":\"BreadcrumbList\",\"@id\":\"https:\\\/\\\/atividademapa.com\\\/?product=mapa-gh-politicas-publicas-da-saude-52-2024#breadcrumb\",\"itemListElement\":[{\"@type\":\"ListItem\",\"position\":1,\"name\":\"In\u00edcio\",\"item\":\"https:\\\/\\\/atividademapa.com\\\/\"},{\"@type\":\"ListItem\",\"position\":2,\"name\":\"MAPAS\",\"item\":\"https:\\\/\\\/atividademapa.com\\\/?page_id=5\"},{\"@type\":\"ListItem\",\"position\":3,\"name\":\"MAPA &#8211; GH &#8211; POL\u00cdTICAS P\u00daBLICAS DA SA\u00daDE &#8211; 52-2024\"}]},{\"@type\":\"WebSite\",\"@id\":\"https:\\\/\\\/atividademapa.com\\\/#website\",\"url\":\"https:\\\/\\\/atividademapa.com\\\/\",\"name\":\"Atividade Mapa\",\"description\":\"StudeO | Unicesumar\",\"publisher\":{\"@id\":\"https:\\\/\\\/atividademapa.com\\\/#organization\"},\"potentialAction\":[{\"@type\":\"SearchAction\",\"target\":{\"@type\":\"EntryPoint\",\"urlTemplate\":\"https:\\\/\\\/atividademapa.com\\\/?s={search_term_string}\"},\"query-input\":{\"@type\":\"PropertyValueSpecification\",\"valueRequired\":true,\"valueName\":\"search_term_string\"}}],\"inLanguage\":\"pt-BR\"},{\"@type\":\"Organization\",\"@id\":\"https:\\\/\\\/atividademapa.com\\\/#organization\",\"name\":\"Atividade MAPA\",\"url\":\"https:\\\/\\\/atividademapa.com\\\/\",\"logo\":{\"@type\":\"ImageObject\",\"inLanguage\":\"pt-BR\",\"@id\":\"https:\\\/\\\/atividademapa.com\\\/#\\\/schema\\\/logo\\\/image\\\/\",\"url\":\"https:\\\/\\\/i0.wp.com\\\/atividademapa.com\\\/wp-content\\\/uploads\\\/2023\\\/02\\\/ATIVIDADE.png?fit=600%2C300&ssl=1\",\"contentUrl\":\"https:\\\/\\\/i0.wp.com\\\/atividademapa.com\\\/wp-content\\\/uploads\\\/2023\\\/02\\\/ATIVIDADE.png?fit=600%2C300&ssl=1\",\"width\":600,\"height\":300,\"caption\":\"Atividade MAPA\"},\"image\":{\"@id\":\"https:\\\/\\\/atividademapa.com\\\/#\\\/schema\\\/logo\\\/image\\\/\"}}]}<\/script>\n<!-- \/ Yoast SEO plugin. -->","yoast_head_json":{"title":"MAPA - GH - POL\u00cdTICAS P\u00daBLICAS DA SA\u00daDE - 52-2024","description":"Atividade MAPA - GH - POL\u00cdTICAS P\u00daBLICAS DA SA\u00daDE - 52-2024 &#8902; Unicesumar. Baixe agora mesmo um Mapa Pronto resolvido!","robots":{"index":"index","follow":"follow","max-snippet":"max-snippet:-1","max-image-preview":"max-image-preview:large","max-video-preview":"max-video-preview:-1"},"canonical":"https:\/\/atividademapa.com\/?product=mapa-gh-politicas-publicas-da-saude-52-2024","og_locale":"pt_BR","og_type":"article","og_title":"MAPA - GH - POL\u00cdTICAS P\u00daBLICAS DA SA\u00daDE - 52-2024","og_description":"Atividade MAPA - GH - POL\u00cdTICAS P\u00daBLICAS DA SA\u00daDE - 52-2024 &#8902; Unicesumar. Baixe agora mesmo um Mapa Pronto resolvido!","og_url":"https:\/\/atividademapa.com\/?product=mapa-gh-politicas-publicas-da-saude-52-2024","og_site_name":"Atividade Mapa","article_modified_time":"2024-05-08T01:56:08+00:00","og_image":[{"width":300,"height":300,"url":"https:\/\/i0.wp.com\/atividademapa.com\/wp-content\/uploads\/2023\/03\/Atividade-M.A.P.A-3.png?fit=300%2C300&ssl=1","type":"image\/png"}],"twitter_card":"summary_large_image","twitter_misc":{"Est. tempo de leitura":"3 minutos"},"schema":{"@context":"https:\/\/schema.org","@graph":[{"@type":"WebPage","@id":"https:\/\/atividademapa.com\/?product=mapa-gh-politicas-publicas-da-saude-52-2024","url":"https:\/\/atividademapa.com\/?product=mapa-gh-politicas-publicas-da-saude-52-2024","name":"MAPA - GH - POL\u00cdTICAS P\u00daBLICAS DA SA\u00daDE - 52-2024","isPartOf":{"@id":"https:\/\/atividademapa.com\/#website"},"primaryImageOfPage":{"@id":"https:\/\/atividademapa.com\/?product=mapa-gh-politicas-publicas-da-saude-52-2024#primaryimage"},"image":{"@id":"https:\/\/atividademapa.com\/?product=mapa-gh-politicas-publicas-da-saude-52-2024#primaryimage"},"thumbnailUrl":"https:\/\/i0.wp.com\/atividademapa.com\/wp-content\/uploads\/2023\/03\/Atividade-M.A.P.A-3.png?fit=300%2C300&ssl=1","datePublished":"2024-05-08T01:56:07+00:00","dateModified":"2024-05-08T01:56:08+00:00","description":"Atividade MAPA - GH - POL\u00cdTICAS P\u00daBLICAS DA SA\u00daDE - 52-2024 &#8902; Unicesumar. Baixe agora mesmo um Mapa Pronto resolvido!","breadcrumb":{"@id":"https:\/\/atividademapa.com\/?product=mapa-gh-politicas-publicas-da-saude-52-2024#breadcrumb"},"inLanguage":"pt-BR","potentialAction":[{"@type":"ReadAction","target":["https:\/\/atividademapa.com\/?product=mapa-gh-politicas-publicas-da-saude-52-2024"]}]},{"@type":"ImageObject","inLanguage":"pt-BR","@id":"https:\/\/atividademapa.com\/?product=mapa-gh-politicas-publicas-da-saude-52-2024#primaryimage","url":"https:\/\/i0.wp.com\/atividademapa.com\/wp-content\/uploads\/2023\/03\/Atividade-M.A.P.A-3.png?fit=300%2C300&ssl=1","contentUrl":"https:\/\/i0.wp.com\/atividademapa.com\/wp-content\/uploads\/2023\/03\/Atividade-M.A.P.A-3.png?fit=300%2C300&ssl=1","width":300,"height":300,"caption":"Mapa Unicesumar Atividade"},{"@type":"BreadcrumbList","@id":"https:\/\/atividademapa.com\/?product=mapa-gh-politicas-publicas-da-saude-52-2024#breadcrumb","itemListElement":[{"@type":"ListItem","position":1,"name":"In\u00edcio","item":"https:\/\/atividademapa.com\/"},{"@type":"ListItem","position":2,"name":"MAPAS","item":"https:\/\/atividademapa.com\/?page_id=5"},{"@type":"ListItem","position":3,"name":"MAPA &#8211; GH &#8211; POL\u00cdTICAS P\u00daBLICAS DA SA\u00daDE &#8211; 52-2024"}]},{"@type":"WebSite","@id":"https:\/\/atividademapa.com\/#website","url":"https:\/\/atividademapa.com\/","name":"Atividade Mapa","description":"StudeO | Unicesumar","publisher":{"@id":"https:\/\/atividademapa.com\/#organization"},"potentialAction":[{"@type":"SearchAction","target":{"@type":"EntryPoint","urlTemplate":"https:\/\/atividademapa.com\/?s={search_term_string}"},"query-input":{"@type":"PropertyValueSpecification","valueRequired":true,"valueName":"search_term_string"}}],"inLanguage":"pt-BR"},{"@type":"Organization","@id":"https:\/\/atividademapa.com\/#organization","name":"Atividade MAPA","url":"https:\/\/atividademapa.com\/","logo":{"@type":"ImageObject","inLanguage":"pt-BR","@id":"https:\/\/atividademapa.com\/#\/schema\/logo\/image\/","url":"https:\/\/i0.wp.com\/atividademapa.com\/wp-content\/uploads\/2023\/02\/ATIVIDADE.png?fit=600%2C300&ssl=1","contentUrl":"https:\/\/i0.wp.com\/atividademapa.com\/wp-content\/uploads\/2023\/02\/ATIVIDADE.png?fit=600%2C300&ssl=1","width":600,"height":300,"caption":"Atividade MAPA"},"image":{"@id":"https:\/\/atividademapa.com\/#\/schema\/logo\/image\/"}}]}},"_links":{"self":[{"href":"https:\/\/atividademapa.com\/index.php?rest_route=\/wp\/v2\/product\/3959","targetHints":{"allow":["GET"]}}],"collection":[{"href":"https:\/\/atividademapa.com\/index.php?rest_route=\/wp\/v2\/product"}],"about":[{"href":"https:\/\/atividademapa.com\/index.php?rest_route=\/wp\/v2\/types\/product"}],"version-history":[{"count":1,"href":"https:\/\/atividademapa.com\/index.php?rest_route=\/wp\/v2\/product\/3959\/revisions"}],"predecessor-version":[{"id":3961,"href":"https:\/\/atividademapa.com\/index.php?rest_route=\/wp\/v2\/product\/3959\/revisions\/3961"}],"wp:featuredmedia":[{"embeddable":true,"href":"https:\/\/atividademapa.com\/index.php?rest_route=\/wp\/v2\/media\/2326"}],"wp:attachment":[{"href":"https:\/\/atividademapa.com\/index.php?rest_route=%2Fwp%2Fv2%2Fmedia&parent=3959"}],"wp:term":[{"taxonomy":"product_brand","embeddable":true,"href":"https:\/\/atividademapa.com\/index.php?rest_route=%2Fwp%2Fv2%2Fproduct_brand&post=3959"},{"taxonomy":"product_cat","embeddable":true,"href":"https:\/\/atividademapa.com\/index.php?rest_route=%2Fwp%2Fv2%2Fproduct_cat&post=3959"},{"taxonomy":"product_tag","embeddable":true,"href":"https:\/\/atividademapa.com\/index.php?rest_route=%2Fwp%2Fv2%2Fproduct_tag&post=3959"}],"curies":[{"name":"wp","href":"https:\/\/api.w.org\/{rel}","templated":true}]}}