{"id":3962,"date":"2024-05-09T09:38:04","date_gmt":"2024-05-09T12:38:04","guid":{"rendered":"https:\/\/atividademapa.com\/?post_type=product&#038;p=3962"},"modified":"2024-05-21T11:09:38","modified_gmt":"2024-05-21T14:09:38","slug":"mapa-fisica-geral-e-experimental-ii-52-2024","status":"publish","type":"product","link":"https:\/\/atividademapa.com\/?product=mapa-fisica-geral-e-experimental-ii-52-2024","title":{"rendered":"MAPA &#8211; F\u00cdSICA GERAL E EXPERIMENTAL II &#8211; 52-2024"},"content":{"rendered":"<p>MAPA &#8211; F\u00cdSICA GERAL E EXPERIMENTAL II &#8211; 52_2024<\/p>\n<p><strong class=\"ng-scope\">PROBLEM\u00c1TICA:<\/strong><br class=\"ng-scope\" \/><br class=\"ng-scope\" \/>\u200bConsidere que voc\u00ea foi contratado por uma ind\u00fastria farmac\u00eautica que produz diversas subst\u00e2ncias l\u00edquidas. Sua primeira atribui\u00e7\u00e3o na empresa \u00e9 determinar o calor espec\u00edfico de um l\u00edquido X.<br class=\"ng-scope\" \/><br class=\"ng-scope\" \/>Aquecer essa subst\u00e2ncia e medir sua varia\u00e7\u00e3o de temperatura seria uma forma de medir esse calor espec\u00edfico, mas qual seria a quantidade de calor absorvida? \u00c9 muito dif\u00edcil dizer.<br class=\"ng-scope\" \/><br class=\"ng-scope\" \/>Para contornar esse problema, voc\u00ea poderia usar o princ\u00edpio de que corpos isolados trocam calor at\u00e9 entrarem em equil\u00edbrio t\u00e9rmico. Neste caso, supondo que n\u00e3o h\u00e1 mudan\u00e7a de fase envolvida, temos<br class=\"ng-scope\" \/><img data-recalc-dims=\"1\" decoding=\"async\" class=\"ng-scope\" src=\"https:\/\/i0.wp.com\/sistemasead.unicesumar.edu.br\/flex\/amfphp\/services\/Portal\/ImagemQuestionario2\/QUE_204858_579041_1.png?ssl=1\" alt=\"\" \/><br class=\"ng-scope\" \/>Com isso, s\u00f3 fazemos men\u00e7\u00e3o as massas, calores espec\u00edficos e temperaturas finais e iniciais dos corpos envolvidos. Contudo, isso tr\u00e1s outro problema. Precisar\u00edamos saber o calor espec\u00edfico ou capacidade t\u00e9rmica C = m*c da outra subst\u00e2ncia com quem X est\u00e1 trocando calor.<br class=\"ng-scope\" \/><br class=\"ng-scope\" \/>Para contornar este problema, os cientistas escolheram uma subst\u00e2ncia para definir seu calor espec\u00edfico, a \u00e1gua, cujo valor \u00e9 definido como c<sub class=\"ng-scope\">a<\/sub>\u00a0= 1 cal\/g\u00baC. Dessa forma, poder\u00edamos usar a \u00e1gua como referencia para medir o calor espec\u00edfico do l\u00edquido X.<br class=\"ng-scope\" \/><br class=\"ng-scope\" \/>Antes disso, precisamos contornar um problema pr\u00e1tico: Quando colocamos um l\u00edquido dentro de um recipiente ele troca calor com este recipiente. Ent\u00e3o, ao juntarmos o l\u00edquido X e \u00e1gua temos que levar em considera\u00e7\u00e3o o recipiente em que eles est\u00e3o. Isso coloca mais uma vari\u00e1vel no nosso problema: A capacidade t\u00e9rmica do recipiente.<br class=\"ng-scope\" \/><br class=\"ng-scope\" \/>Faremos, ent\u00e3o, o seguinte: Usaremos a \u00e1gua como refer\u00eancia para determinar a capacidade t\u00e9rmica do recipiente. Depois, usaremos o recipiente e o l\u00edquido X para determinar o calor espec\u00edfico c<sub class=\"ng-scope\">X<\/sub>\u00a0de X.\u00a0<br class=\"ng-scope\" \/><br class=\"ng-scope\" \/><strong class=\"ng-scope\">Parte 1:<\/strong><br class=\"ng-scope\" \/><br class=\"ng-scope\" \/>a) Seja um calor\u00edmetro (recipiente do enunciado) de capacidade t\u00e9rmica desconhecida C a uma temperatura inicial de T<sub class=\"ng-scope\">c<\/sub>. Suponha que aque\u00e7amos uma massa m<sub class=\"ng-scope\">a<\/sub>\u00a0de \u00e1gua at\u00e9 a temperatura T<sub class=\"ng-scope\">a<\/sub>. Depositamos a \u00e1gua no calor\u00edmetro e medimos a temperatura final do sistema T<sub class=\"ng-scope\">f1<\/sub>\u00a0ap\u00f3s o equil\u00edbrio t\u00e9rmico ser atingido. Mostre que a capacidade t\u00e9rmica do calor\u00edmetro \u00e9 determinada por<br class=\"ng-scope\" \/><br class=\"ng-scope\" \/><img data-recalc-dims=\"1\" decoding=\"async\" class=\"ng-scope\" src=\"https:\/\/i0.wp.com\/sistemasead.unicesumar.edu.br\/flex\/amfphp\/services\/Portal\/ImagemQuestionario2\/QUE_204858_579041_2.png\" alt=\"\" \/><br class=\"ng-scope\" \/>b) Faremos agora o mesmo procedimento, mas trocando a \u00e1gua pelo l\u00edquido X. Mostre que o calor espec\u00edfico $c_X$ do l\u00edquido X \u00e9 determinado por:<br class=\"ng-scope\" \/><img data-recalc-dims=\"1\" decoding=\"async\" class=\"ng-scope\" src=\"https:\/\/i0.wp.com\/sistemasead.unicesumar.edu.br\/flex\/amfphp\/services\/Portal\/ImagemQuestionario2\/QUE_204858_579041_3.png\" alt=\"\" \/><br class=\"ng-scope\" \/><br class=\"ng-scope\" \/><strong class=\"ng-scope\">Parte 2:<\/strong><br class=\"ng-scope\" \/><br class=\"ng-scope\" \/>Ap\u00f3s entender bem a parte te\u00f3rica sobre como determinar o calor espec\u00edfico de um l\u00edquido, voc\u00ea deve colocar esse conhecimento em pr\u00e1tica. Realize o experimento virtual nos simuladores da ALGETEC chamado de Calorimetria (https:\/\/unicesumar.grupoa.education\/marketplace\/ua\/5fc79b67f30b4e00189c91ce). Indique em uma tabela os valores medidos das temperaturas e das massas em cada etapa do experimento separadamente e anexe os resultados na atividade.<br class=\"ng-scope\" \/><br class=\"ng-scope\" \/><strong class=\"ng-scope\">Parte 3:<\/strong><br class=\"ng-scope\" \/><br class=\"ng-scope\" \/>Agora \u00e9 hora de combinar os resultados obtidos experimentalmente junto aos c\u00e1lculos te\u00f3ricos. Use os dados obtidos na parte 2 para determinar a capacidade t\u00e9rmica do calor\u00edmetro e o calor espec\u00edfico da subst\u00e2ncia que voc\u00ea usou no experimento. Com os resultados em m\u00e3os, discuta quais s\u00e3o as principais fontes de erros experimental que podem interferir no resultado final.<\/p>\n","protected":false},"excerpt":{"rendered":"<p>MAPA &#8211; F\u00cdSICA GERAL E EXPERIMENTAL II &#8211; 52_2024 PROBLEM\u00c1TICA:\u200bConsidere que voc\u00ea foi contratado por uma ind\u00fastria farmac\u00eautica que produz<\/p>\n","protected":false},"featured_media":2326,"template":"","meta":{"_monsterinsights_skip_tracking":false,"_monsterinsights_sitenote_active":false,"_monsterinsights_sitenote_note":"","_monsterinsights_sitenote_category":0},"product_brand":[],"product_cat":[86,45],"product_tag":[],"class_list":{"0":"post-3962","1":"product","2":"type-product","3":"status-publish","4":"has-post-thumbnail","6":"product_cat-engenharia-mecanica","7":"product_cat-engenharias","9":"first","10":"instock","11":"downloadable","12":"virtual","13":"purchasable","14":"product-type-simple"},"yoast_head":"<!-- This site is optimized with the Yoast SEO plugin v27.4 - https:\/\/yoast.com\/product\/yoast-seo-wordpress\/ -->\n<title>MAPA - F\u00cdSICA GERAL E EXPERIMENTAL II - 52-2024<\/title>\n<meta name=\"description\" content=\"Atividade MAPA - F\u00cdSICA GERAL E EXPERIMENTAL II - 52-2024 &#8902; Unicesumar. Baixe agora mesmo um Mapa Pronto resolvido!\" \/>\n<meta name=\"robots\" content=\"index, follow, max-snippet:-1, max-image-preview:large, max-video-preview:-1\" \/>\n<link rel=\"canonical\" href=\"https:\/\/atividademapa.com\/?product=mapa-fisica-geral-e-experimental-ii-52-2024\" \/>\n<meta property=\"og:locale\" content=\"pt_BR\" \/>\n<meta property=\"og:type\" content=\"article\" \/>\n<meta property=\"og:title\" content=\"MAPA - F\u00cdSICA GERAL E EXPERIMENTAL II - 52-2024\" \/>\n<meta property=\"og:description\" content=\"Atividade MAPA - F\u00cdSICA GERAL E EXPERIMENTAL II - 52-2024 &#8902; Unicesumar. Baixe agora mesmo um Mapa Pronto resolvido!\" \/>\n<meta property=\"og:url\" content=\"https:\/\/atividademapa.com\/?product=mapa-fisica-geral-e-experimental-ii-52-2024\" \/>\n<meta property=\"og:site_name\" content=\"Atividade Mapa\" \/>\n<meta property=\"article:modified_time\" content=\"2024-05-21T14:09:38+00:00\" \/>\n<meta property=\"og:image\" content=\"https:\/\/i0.wp.com\/atividademapa.com\/wp-content\/uploads\/2023\/03\/Atividade-M.A.P.A-3.png?fit=300%2C300&ssl=1\" \/>\n\t<meta property=\"og:image:width\" content=\"300\" \/>\n\t<meta property=\"og:image:height\" content=\"300\" \/>\n\t<meta property=\"og:image:type\" content=\"image\/png\" \/>\n<meta name=\"twitter:card\" content=\"summary_large_image\" \/>\n<meta name=\"twitter:label1\" content=\"Est. tempo de leitura\" \/>\n\t<meta name=\"twitter:data1\" content=\"3 minutos\" \/>\n<script type=\"application\/ld+json\" class=\"yoast-schema-graph\">{\"@context\":\"https:\\\/\\\/schema.org\",\"@graph\":[{\"@type\":\"WebPage\",\"@id\":\"https:\\\/\\\/atividademapa.com\\\/?product=mapa-fisica-geral-e-experimental-ii-52-2024\",\"url\":\"https:\\\/\\\/atividademapa.com\\\/?product=mapa-fisica-geral-e-experimental-ii-52-2024\",\"name\":\"MAPA - F\u00cdSICA GERAL E EXPERIMENTAL II - 52-2024\",\"isPartOf\":{\"@id\":\"https:\\\/\\\/atividademapa.com\\\/#website\"},\"primaryImageOfPage\":{\"@id\":\"https:\\\/\\\/atividademapa.com\\\/?product=mapa-fisica-geral-e-experimental-ii-52-2024#primaryimage\"},\"image\":{\"@id\":\"https:\\\/\\\/atividademapa.com\\\/?product=mapa-fisica-geral-e-experimental-ii-52-2024#primaryimage\"},\"thumbnailUrl\":\"https:\\\/\\\/i0.wp.com\\\/atividademapa.com\\\/wp-content\\\/uploads\\\/2023\\\/03\\\/Atividade-M.A.P.A-3.png?fit=300%2C300&ssl=1\",\"datePublished\":\"2024-05-09T12:38:04+00:00\",\"dateModified\":\"2024-05-21T14:09:38+00:00\",\"description\":\"Atividade MAPA - F\u00cdSICA GERAL E EXPERIMENTAL II - 52-2024 &#8902; Unicesumar. Baixe agora mesmo um Mapa Pronto resolvido!\",\"breadcrumb\":{\"@id\":\"https:\\\/\\\/atividademapa.com\\\/?product=mapa-fisica-geral-e-experimental-ii-52-2024#breadcrumb\"},\"inLanguage\":\"pt-BR\",\"potentialAction\":[{\"@type\":\"ReadAction\",\"target\":[\"https:\\\/\\\/atividademapa.com\\\/?product=mapa-fisica-geral-e-experimental-ii-52-2024\"]}]},{\"@type\":\"ImageObject\",\"inLanguage\":\"pt-BR\",\"@id\":\"https:\\\/\\\/atividademapa.com\\\/?product=mapa-fisica-geral-e-experimental-ii-52-2024#primaryimage\",\"url\":\"https:\\\/\\\/i0.wp.com\\\/atividademapa.com\\\/wp-content\\\/uploads\\\/2023\\\/03\\\/Atividade-M.A.P.A-3.png?fit=300%2C300&ssl=1\",\"contentUrl\":\"https:\\\/\\\/i0.wp.com\\\/atividademapa.com\\\/wp-content\\\/uploads\\\/2023\\\/03\\\/Atividade-M.A.P.A-3.png?fit=300%2C300&ssl=1\",\"width\":300,\"height\":300,\"caption\":\"Mapa Unicesumar Atividade\"},{\"@type\":\"BreadcrumbList\",\"@id\":\"https:\\\/\\\/atividademapa.com\\\/?product=mapa-fisica-geral-e-experimental-ii-52-2024#breadcrumb\",\"itemListElement\":[{\"@type\":\"ListItem\",\"position\":1,\"name\":\"In\u00edcio\",\"item\":\"https:\\\/\\\/atividademapa.com\\\/\"},{\"@type\":\"ListItem\",\"position\":2,\"name\":\"MAPAS\",\"item\":\"https:\\\/\\\/atividademapa.com\\\/?page_id=5\"},{\"@type\":\"ListItem\",\"position\":3,\"name\":\"MAPA &#8211; F\u00cdSICA GERAL E EXPERIMENTAL II &#8211; 52-2024\"}]},{\"@type\":\"WebSite\",\"@id\":\"https:\\\/\\\/atividademapa.com\\\/#website\",\"url\":\"https:\\\/\\\/atividademapa.com\\\/\",\"name\":\"Atividade Mapa\",\"description\":\"StudeO | Unicesumar\",\"publisher\":{\"@id\":\"https:\\\/\\\/atividademapa.com\\\/#organization\"},\"potentialAction\":[{\"@type\":\"SearchAction\",\"target\":{\"@type\":\"EntryPoint\",\"urlTemplate\":\"https:\\\/\\\/atividademapa.com\\\/?s={search_term_string}\"},\"query-input\":{\"@type\":\"PropertyValueSpecification\",\"valueRequired\":true,\"valueName\":\"search_term_string\"}}],\"inLanguage\":\"pt-BR\"},{\"@type\":\"Organization\",\"@id\":\"https:\\\/\\\/atividademapa.com\\\/#organization\",\"name\":\"Atividade MAPA\",\"url\":\"https:\\\/\\\/atividademapa.com\\\/\",\"logo\":{\"@type\":\"ImageObject\",\"inLanguage\":\"pt-BR\",\"@id\":\"https:\\\/\\\/atividademapa.com\\\/#\\\/schema\\\/logo\\\/image\\\/\",\"url\":\"https:\\\/\\\/i0.wp.com\\\/atividademapa.com\\\/wp-content\\\/uploads\\\/2023\\\/02\\\/ATIVIDADE.png?fit=600%2C300&ssl=1\",\"contentUrl\":\"https:\\\/\\\/i0.wp.com\\\/atividademapa.com\\\/wp-content\\\/uploads\\\/2023\\\/02\\\/ATIVIDADE.png?fit=600%2C300&ssl=1\",\"width\":600,\"height\":300,\"caption\":\"Atividade MAPA\"},\"image\":{\"@id\":\"https:\\\/\\\/atividademapa.com\\\/#\\\/schema\\\/logo\\\/image\\\/\"}}]}<\/script>\n<!-- \/ Yoast SEO plugin. -->","yoast_head_json":{"title":"MAPA - F\u00cdSICA GERAL E EXPERIMENTAL II - 52-2024","description":"Atividade MAPA - F\u00cdSICA GERAL E EXPERIMENTAL II - 52-2024 &#8902; Unicesumar. Baixe agora mesmo um Mapa Pronto resolvido!","robots":{"index":"index","follow":"follow","max-snippet":"max-snippet:-1","max-image-preview":"max-image-preview:large","max-video-preview":"max-video-preview:-1"},"canonical":"https:\/\/atividademapa.com\/?product=mapa-fisica-geral-e-experimental-ii-52-2024","og_locale":"pt_BR","og_type":"article","og_title":"MAPA - F\u00cdSICA GERAL E EXPERIMENTAL II - 52-2024","og_description":"Atividade MAPA - F\u00cdSICA GERAL E EXPERIMENTAL II - 52-2024 &#8902; Unicesumar. Baixe agora mesmo um Mapa Pronto resolvido!","og_url":"https:\/\/atividademapa.com\/?product=mapa-fisica-geral-e-experimental-ii-52-2024","og_site_name":"Atividade Mapa","article_modified_time":"2024-05-21T14:09:38+00:00","og_image":[{"width":300,"height":300,"url":"https:\/\/i0.wp.com\/atividademapa.com\/wp-content\/uploads\/2023\/03\/Atividade-M.A.P.A-3.png?fit=300%2C300&ssl=1","type":"image\/png"}],"twitter_card":"summary_large_image","twitter_misc":{"Est. tempo de leitura":"3 minutos"},"schema":{"@context":"https:\/\/schema.org","@graph":[{"@type":"WebPage","@id":"https:\/\/atividademapa.com\/?product=mapa-fisica-geral-e-experimental-ii-52-2024","url":"https:\/\/atividademapa.com\/?product=mapa-fisica-geral-e-experimental-ii-52-2024","name":"MAPA - F\u00cdSICA GERAL E EXPERIMENTAL II - 52-2024","isPartOf":{"@id":"https:\/\/atividademapa.com\/#website"},"primaryImageOfPage":{"@id":"https:\/\/atividademapa.com\/?product=mapa-fisica-geral-e-experimental-ii-52-2024#primaryimage"},"image":{"@id":"https:\/\/atividademapa.com\/?product=mapa-fisica-geral-e-experimental-ii-52-2024#primaryimage"},"thumbnailUrl":"https:\/\/i0.wp.com\/atividademapa.com\/wp-content\/uploads\/2023\/03\/Atividade-M.A.P.A-3.png?fit=300%2C300&ssl=1","datePublished":"2024-05-09T12:38:04+00:00","dateModified":"2024-05-21T14:09:38+00:00","description":"Atividade MAPA - F\u00cdSICA GERAL E EXPERIMENTAL II - 52-2024 &#8902; Unicesumar. Baixe agora mesmo um Mapa Pronto resolvido!","breadcrumb":{"@id":"https:\/\/atividademapa.com\/?product=mapa-fisica-geral-e-experimental-ii-52-2024#breadcrumb"},"inLanguage":"pt-BR","potentialAction":[{"@type":"ReadAction","target":["https:\/\/atividademapa.com\/?product=mapa-fisica-geral-e-experimental-ii-52-2024"]}]},{"@type":"ImageObject","inLanguage":"pt-BR","@id":"https:\/\/atividademapa.com\/?product=mapa-fisica-geral-e-experimental-ii-52-2024#primaryimage","url":"https:\/\/i0.wp.com\/atividademapa.com\/wp-content\/uploads\/2023\/03\/Atividade-M.A.P.A-3.png?fit=300%2C300&ssl=1","contentUrl":"https:\/\/i0.wp.com\/atividademapa.com\/wp-content\/uploads\/2023\/03\/Atividade-M.A.P.A-3.png?fit=300%2C300&ssl=1","width":300,"height":300,"caption":"Mapa Unicesumar Atividade"},{"@type":"BreadcrumbList","@id":"https:\/\/atividademapa.com\/?product=mapa-fisica-geral-e-experimental-ii-52-2024#breadcrumb","itemListElement":[{"@type":"ListItem","position":1,"name":"In\u00edcio","item":"https:\/\/atividademapa.com\/"},{"@type":"ListItem","position":2,"name":"MAPAS","item":"https:\/\/atividademapa.com\/?page_id=5"},{"@type":"ListItem","position":3,"name":"MAPA &#8211; F\u00cdSICA GERAL E EXPERIMENTAL II &#8211; 52-2024"}]},{"@type":"WebSite","@id":"https:\/\/atividademapa.com\/#website","url":"https:\/\/atividademapa.com\/","name":"Atividade Mapa","description":"StudeO | Unicesumar","publisher":{"@id":"https:\/\/atividademapa.com\/#organization"},"potentialAction":[{"@type":"SearchAction","target":{"@type":"EntryPoint","urlTemplate":"https:\/\/atividademapa.com\/?s={search_term_string}"},"query-input":{"@type":"PropertyValueSpecification","valueRequired":true,"valueName":"search_term_string"}}],"inLanguage":"pt-BR"},{"@type":"Organization","@id":"https:\/\/atividademapa.com\/#organization","name":"Atividade MAPA","url":"https:\/\/atividademapa.com\/","logo":{"@type":"ImageObject","inLanguage":"pt-BR","@id":"https:\/\/atividademapa.com\/#\/schema\/logo\/image\/","url":"https:\/\/i0.wp.com\/atividademapa.com\/wp-content\/uploads\/2023\/02\/ATIVIDADE.png?fit=600%2C300&ssl=1","contentUrl":"https:\/\/i0.wp.com\/atividademapa.com\/wp-content\/uploads\/2023\/02\/ATIVIDADE.png?fit=600%2C300&ssl=1","width":600,"height":300,"caption":"Atividade MAPA"},"image":{"@id":"https:\/\/atividademapa.com\/#\/schema\/logo\/image\/"}}]}},"_links":{"self":[{"href":"https:\/\/atividademapa.com\/index.php?rest_route=\/wp\/v2\/product\/3962","targetHints":{"allow":["GET"]}}],"collection":[{"href":"https:\/\/atividademapa.com\/index.php?rest_route=\/wp\/v2\/product"}],"about":[{"href":"https:\/\/atividademapa.com\/index.php?rest_route=\/wp\/v2\/types\/product"}],"version-history":[{"count":2,"href":"https:\/\/atividademapa.com\/index.php?rest_route=\/wp\/v2\/product\/3962\/revisions"}],"predecessor-version":[{"id":3964,"href":"https:\/\/atividademapa.com\/index.php?rest_route=\/wp\/v2\/product\/3962\/revisions\/3964"}],"wp:featuredmedia":[{"embeddable":true,"href":"https:\/\/atividademapa.com\/index.php?rest_route=\/wp\/v2\/media\/2326"}],"wp:attachment":[{"href":"https:\/\/atividademapa.com\/index.php?rest_route=%2Fwp%2Fv2%2Fmedia&parent=3962"}],"wp:term":[{"taxonomy":"product_brand","embeddable":true,"href":"https:\/\/atividademapa.com\/index.php?rest_route=%2Fwp%2Fv2%2Fproduct_brand&post=3962"},{"taxonomy":"product_cat","embeddable":true,"href":"https:\/\/atividademapa.com\/index.php?rest_route=%2Fwp%2Fv2%2Fproduct_cat&post=3962"},{"taxonomy":"product_tag","embeddable":true,"href":"https:\/\/atividademapa.com\/index.php?rest_route=%2Fwp%2Fv2%2Fproduct_tag&post=3962"}],"curies":[{"name":"wp","href":"https:\/\/api.w.org\/{rel}","templated":true}]}}