{"id":3965,"date":"2024-05-09T09:42:39","date_gmt":"2024-05-09T12:42:39","guid":{"rendered":"https:\/\/atividademapa.com\/?post_type=product&#038;p=3965"},"modified":"2024-05-21T11:11:17","modified_gmt":"2024-05-21T14:11:17","slug":"mapa-mecanica-e-resistencia-dos-materiais-52-2024","status":"publish","type":"product","link":"https:\/\/atividademapa.com\/?product=mapa-mecanica-e-resistencia-dos-materiais-52-2024","title":{"rendered":"MAPA &#8211; Mec\u00e2nica e Resist\u00eancia dos Materiais &#8211; 52\/2024"},"content":{"rendered":"<p>MAPA &#8211; Mec\u00e2nica e Resist\u00eancia dos Materiais &#8211; 52\/2024<\/p>\n<div class=\"ng-scope\"><strong>CONTEXTUALIZA\u00c7\u00c3O<\/strong><\/div>\n<p><br class=\"ng-scope\" \/>Voc\u00ea foi contratado por uma empresa de projetos que realiza c\u00e1lculos estruturais para diversas aplica\u00e7\u00f5es. Uma das atividades propostas no seu novo cargo \u00e9 a de validar o projeto de uma estrutura met\u00e1lica utilizada em eventos, e para isso voc\u00ea precisa inicialmente avaliar as propriedades mec\u00e2nicas de alguns tipos de materiais para selecionar o mais adequado para tal aplica\u00e7\u00e3o.<br class=\"ng-scope\" \/>Para realizar essa avalia\u00e7\u00e3o voc\u00ea poder\u00e1 executar alguns testes nos materiais, sendo um deles o ensaio de tra\u00e7\u00e3o.<br class=\"ng-scope\" \/>\u00a0<br class=\"ng-scope\" \/><strong class=\"ng-scope\">ETAPA 1<\/strong><br class=\"ng-scope\" \/>\u00a0<br class=\"ng-scope\" \/>Em um primeiro momento, voc\u00ea analisou o resultado de um teste realizado por um dos fornecedores. No teste em quest\u00e3o foi utilizado um a\u00e7o, em que o corpo de prova (CP) possu\u00eda di\u00e2metro de 12,6 mm e comprimento \u00fatil de 51 mm, e que foi submetido a um ensaio de tra\u00e7\u00e3o at\u00e9 a ruptura. Os dados de carga e alongamento obtidos durante o ensaio est\u00e3o na Tabela 1.<br class=\"ng-scope\" \/><br class=\"ng-scope\" \/><img data-recalc-dims=\"1\" decoding=\"async\" class=\"ng-scope\" src=\"https:\/\/i0.wp.com\/sistemasead.unicesumar.edu.br\/flex\/amfphp\/services\/Portal\/ImagemQuestionario2\/QUE_204909_582260_1.png?ssl=1\" alt=\"\" \/><br class=\"ng-scope\" \/>1) A partir dos resultados disponibilizados na Tabela 1, CONSTRUA o gr\u00e1fico de tens\u00e3o-deforma\u00e7\u00e3o para identificar cada um dos itens abaixo. EXPLIQUE como chegou a esta conclus\u00e3o em cada um dos itens.<br class=\"ng-scope\" \/>\u00a0<br class=\"ng-scope\" \/>a) a tens\u00e3o de escoamento;<br class=\"ng-scope\" \/>b) tens\u00e3o \u00faltima;<br class=\"ng-scope\" \/>c) a tens\u00e3o de ruptura.<br class=\"ng-scope\" \/>\u00a0<br class=\"ng-scope\" \/>2) DETERMINE o m\u00f3dulo de elasticidade deste material em quest\u00e3o.<br class=\"ng-scope\" \/>\u00a0<br class=\"ng-scope\" \/>\u00a0<strong class=\"ng-scope\">ETAPA 2<\/strong><br class=\"ng-scope\" \/>\u00a0<br class=\"ng-scope\" \/>Ap\u00f3s avaliar os resultados, voc\u00ea decidiu realizar testes com novos materiais de outros tr\u00eas fornecedores para realizar um comparativo dos resultados. Cada fornecedor disponibilizou um material diferente, sendo eles: a\u00e7o carbono A36, liga de tit\u00e2nio 6AI-4V e liga de alum\u00ednio 6061. Neste caso, voc\u00ea dever\u00e1 realizar o ensaio de cada um dos materiais e avaliar algumas de suas propriedades. Liste os resultados nas tabelas abaixo:<br class=\"ng-scope\" \/><br class=\"ng-scope\" \/><img data-recalc-dims=\"1\" decoding=\"async\" class=\"ng-scope\" src=\"https:\/\/i0.wp.com\/sistemasead.unicesumar.edu.br\/flex\/amfphp\/services\/Portal\/ImagemQuestionario2\/QUE_204909_582260_2.png\" alt=\"\" \/><br class=\"ng-scope\" \/><br class=\"ng-scope\" \/><strong class=\"ng-scope\">ETAPA 3<\/strong><br class=\"ng-scope\" \/>\u00a0<br class=\"ng-scope\" \/>Com base nos resultados obtidos determine a curva tens\u00e3o-deforma\u00e7\u00e3o para os tr\u00eas materiais e discuta sobre as propriedades avaliadas e o comportamento de cada um dos materiais ensaiados.<\/p>\n","protected":false},"excerpt":{"rendered":"<p>MAPA &#8211; Mec\u00e2nica e Resist\u00eancia dos Materiais &#8211; 52\/2024 CONTEXTUALIZA\u00c7\u00c3O Voc\u00ea foi contratado por uma empresa de projetos que realiza<\/p>\n","protected":false},"featured_media":2326,"template":"","meta":{"_monsterinsights_skip_tracking":false,"_monsterinsights_sitenote_active":false,"_monsterinsights_sitenote_note":"","_monsterinsights_sitenote_category":0},"product_brand":[],"product_cat":[86,45],"product_tag":[],"class_list":{"0":"post-3965","1":"product","2":"type-product","3":"status-publish","4":"has-post-thumbnail","6":"product_cat-engenharia-mecanica","7":"product_cat-engenharias","9":"first","10":"instock","11":"downloadable","12":"virtual","13":"purchasable","14":"product-type-simple"},"yoast_head":"<!-- This site is optimized with the Yoast SEO plugin v27.4 - https:\/\/yoast.com\/product\/yoast-seo-wordpress\/ -->\n<title>MAPA - Mec\u00e2nica e Resist\u00eancia dos Materiais - 52\/2024<\/title>\n<meta name=\"description\" content=\"Atividade MAPA - Mec\u00e2nica e Resist\u00eancia dos Materiais - 52\/2024 &#8902; Unicesumar. Baixe agora mesmo um Mapa Pronto resolvido!\" \/>\n<meta name=\"robots\" content=\"index, follow, max-snippet:-1, max-image-preview:large, max-video-preview:-1\" \/>\n<link rel=\"canonical\" href=\"https:\/\/atividademapa.com\/?product=mapa-mecanica-e-resistencia-dos-materiais-52-2024\" \/>\n<meta property=\"og:locale\" content=\"pt_BR\" \/>\n<meta property=\"og:type\" content=\"article\" \/>\n<meta property=\"og:title\" content=\"MAPA - Mec\u00e2nica e Resist\u00eancia dos Materiais - 52\/2024\" \/>\n<meta property=\"og:description\" content=\"Atividade MAPA - Mec\u00e2nica e Resist\u00eancia dos Materiais - 52\/2024 &#8902; Unicesumar. Baixe agora mesmo um Mapa Pronto resolvido!\" \/>\n<meta property=\"og:url\" content=\"https:\/\/atividademapa.com\/?product=mapa-mecanica-e-resistencia-dos-materiais-52-2024\" \/>\n<meta property=\"og:site_name\" content=\"Atividade Mapa\" \/>\n<meta property=\"article:modified_time\" content=\"2024-05-21T14:11:17+00:00\" \/>\n<meta property=\"og:image\" content=\"https:\/\/i0.wp.com\/atividademapa.com\/wp-content\/uploads\/2023\/03\/Atividade-M.A.P.A-3.png?fit=300%2C300&ssl=1\" \/>\n\t<meta property=\"og:image:width\" content=\"300\" \/>\n\t<meta property=\"og:image:height\" content=\"300\" \/>\n\t<meta property=\"og:image:type\" content=\"image\/png\" \/>\n<meta name=\"twitter:card\" content=\"summary_large_image\" \/>\n<meta name=\"twitter:label1\" content=\"Est. tempo de leitura\" \/>\n\t<meta name=\"twitter:data1\" content=\"2 minutos\" \/>\n<script type=\"application\/ld+json\" class=\"yoast-schema-graph\">{\"@context\":\"https:\\\/\\\/schema.org\",\"@graph\":[{\"@type\":\"WebPage\",\"@id\":\"https:\\\/\\\/atividademapa.com\\\/?product=mapa-mecanica-e-resistencia-dos-materiais-52-2024\",\"url\":\"https:\\\/\\\/atividademapa.com\\\/?product=mapa-mecanica-e-resistencia-dos-materiais-52-2024\",\"name\":\"MAPA - Mec\u00e2nica e Resist\u00eancia dos Materiais - 52\\\/2024\",\"isPartOf\":{\"@id\":\"https:\\\/\\\/atividademapa.com\\\/#website\"},\"primaryImageOfPage\":{\"@id\":\"https:\\\/\\\/atividademapa.com\\\/?product=mapa-mecanica-e-resistencia-dos-materiais-52-2024#primaryimage\"},\"image\":{\"@id\":\"https:\\\/\\\/atividademapa.com\\\/?product=mapa-mecanica-e-resistencia-dos-materiais-52-2024#primaryimage\"},\"thumbnailUrl\":\"https:\\\/\\\/i0.wp.com\\\/atividademapa.com\\\/wp-content\\\/uploads\\\/2023\\\/03\\\/Atividade-M.A.P.A-3.png?fit=300%2C300&ssl=1\",\"datePublished\":\"2024-05-09T12:42:39+00:00\",\"dateModified\":\"2024-05-21T14:11:17+00:00\",\"description\":\"Atividade MAPA - Mec\u00e2nica e Resist\u00eancia dos Materiais - 52\\\/2024 &#8902; Unicesumar. Baixe agora mesmo um Mapa Pronto resolvido!\",\"breadcrumb\":{\"@id\":\"https:\\\/\\\/atividademapa.com\\\/?product=mapa-mecanica-e-resistencia-dos-materiais-52-2024#breadcrumb\"},\"inLanguage\":\"pt-BR\",\"potentialAction\":[{\"@type\":\"ReadAction\",\"target\":[\"https:\\\/\\\/atividademapa.com\\\/?product=mapa-mecanica-e-resistencia-dos-materiais-52-2024\"]}]},{\"@type\":\"ImageObject\",\"inLanguage\":\"pt-BR\",\"@id\":\"https:\\\/\\\/atividademapa.com\\\/?product=mapa-mecanica-e-resistencia-dos-materiais-52-2024#primaryimage\",\"url\":\"https:\\\/\\\/i0.wp.com\\\/atividademapa.com\\\/wp-content\\\/uploads\\\/2023\\\/03\\\/Atividade-M.A.P.A-3.png?fit=300%2C300&ssl=1\",\"contentUrl\":\"https:\\\/\\\/i0.wp.com\\\/atividademapa.com\\\/wp-content\\\/uploads\\\/2023\\\/03\\\/Atividade-M.A.P.A-3.png?fit=300%2C300&ssl=1\",\"width\":300,\"height\":300,\"caption\":\"Mapa Unicesumar Atividade\"},{\"@type\":\"BreadcrumbList\",\"@id\":\"https:\\\/\\\/atividademapa.com\\\/?product=mapa-mecanica-e-resistencia-dos-materiais-52-2024#breadcrumb\",\"itemListElement\":[{\"@type\":\"ListItem\",\"position\":1,\"name\":\"In\u00edcio\",\"item\":\"https:\\\/\\\/atividademapa.com\\\/\"},{\"@type\":\"ListItem\",\"position\":2,\"name\":\"MAPAS\",\"item\":\"https:\\\/\\\/atividademapa.com\\\/?page_id=5\"},{\"@type\":\"ListItem\",\"position\":3,\"name\":\"MAPA &#8211; Mec\u00e2nica e Resist\u00eancia dos Materiais &#8211; 52\\\/2024\"}]},{\"@type\":\"WebSite\",\"@id\":\"https:\\\/\\\/atividademapa.com\\\/#website\",\"url\":\"https:\\\/\\\/atividademapa.com\\\/\",\"name\":\"Atividade Mapa\",\"description\":\"StudeO | Unicesumar\",\"publisher\":{\"@id\":\"https:\\\/\\\/atividademapa.com\\\/#organization\"},\"potentialAction\":[{\"@type\":\"SearchAction\",\"target\":{\"@type\":\"EntryPoint\",\"urlTemplate\":\"https:\\\/\\\/atividademapa.com\\\/?s={search_term_string}\"},\"query-input\":{\"@type\":\"PropertyValueSpecification\",\"valueRequired\":true,\"valueName\":\"search_term_string\"}}],\"inLanguage\":\"pt-BR\"},{\"@type\":\"Organization\",\"@id\":\"https:\\\/\\\/atividademapa.com\\\/#organization\",\"name\":\"Atividade MAPA\",\"url\":\"https:\\\/\\\/atividademapa.com\\\/\",\"logo\":{\"@type\":\"ImageObject\",\"inLanguage\":\"pt-BR\",\"@id\":\"https:\\\/\\\/atividademapa.com\\\/#\\\/schema\\\/logo\\\/image\\\/\",\"url\":\"https:\\\/\\\/i0.wp.com\\\/atividademapa.com\\\/wp-content\\\/uploads\\\/2023\\\/02\\\/ATIVIDADE.png?fit=600%2C300&ssl=1\",\"contentUrl\":\"https:\\\/\\\/i0.wp.com\\\/atividademapa.com\\\/wp-content\\\/uploads\\\/2023\\\/02\\\/ATIVIDADE.png?fit=600%2C300&ssl=1\",\"width\":600,\"height\":300,\"caption\":\"Atividade MAPA\"},\"image\":{\"@id\":\"https:\\\/\\\/atividademapa.com\\\/#\\\/schema\\\/logo\\\/image\\\/\"}}]}<\/script>\n<!-- \/ Yoast SEO plugin. -->","yoast_head_json":{"title":"MAPA - Mec\u00e2nica e Resist\u00eancia dos Materiais - 52\/2024","description":"Atividade MAPA - Mec\u00e2nica e Resist\u00eancia dos Materiais - 52\/2024 &#8902; Unicesumar. Baixe agora mesmo um Mapa Pronto resolvido!","robots":{"index":"index","follow":"follow","max-snippet":"max-snippet:-1","max-image-preview":"max-image-preview:large","max-video-preview":"max-video-preview:-1"},"canonical":"https:\/\/atividademapa.com\/?product=mapa-mecanica-e-resistencia-dos-materiais-52-2024","og_locale":"pt_BR","og_type":"article","og_title":"MAPA - Mec\u00e2nica e Resist\u00eancia dos Materiais - 52\/2024","og_description":"Atividade MAPA - Mec\u00e2nica e Resist\u00eancia dos Materiais - 52\/2024 &#8902; Unicesumar. Baixe agora mesmo um Mapa Pronto resolvido!","og_url":"https:\/\/atividademapa.com\/?product=mapa-mecanica-e-resistencia-dos-materiais-52-2024","og_site_name":"Atividade Mapa","article_modified_time":"2024-05-21T14:11:17+00:00","og_image":[{"width":300,"height":300,"url":"https:\/\/i0.wp.com\/atividademapa.com\/wp-content\/uploads\/2023\/03\/Atividade-M.A.P.A-3.png?fit=300%2C300&ssl=1","type":"image\/png"}],"twitter_card":"summary_large_image","twitter_misc":{"Est. tempo de leitura":"2 minutos"},"schema":{"@context":"https:\/\/schema.org","@graph":[{"@type":"WebPage","@id":"https:\/\/atividademapa.com\/?product=mapa-mecanica-e-resistencia-dos-materiais-52-2024","url":"https:\/\/atividademapa.com\/?product=mapa-mecanica-e-resistencia-dos-materiais-52-2024","name":"MAPA - Mec\u00e2nica e Resist\u00eancia dos Materiais - 52\/2024","isPartOf":{"@id":"https:\/\/atividademapa.com\/#website"},"primaryImageOfPage":{"@id":"https:\/\/atividademapa.com\/?product=mapa-mecanica-e-resistencia-dos-materiais-52-2024#primaryimage"},"image":{"@id":"https:\/\/atividademapa.com\/?product=mapa-mecanica-e-resistencia-dos-materiais-52-2024#primaryimage"},"thumbnailUrl":"https:\/\/i0.wp.com\/atividademapa.com\/wp-content\/uploads\/2023\/03\/Atividade-M.A.P.A-3.png?fit=300%2C300&ssl=1","datePublished":"2024-05-09T12:42:39+00:00","dateModified":"2024-05-21T14:11:17+00:00","description":"Atividade MAPA - Mec\u00e2nica e Resist\u00eancia dos Materiais - 52\/2024 &#8902; Unicesumar. Baixe agora mesmo um Mapa Pronto resolvido!","breadcrumb":{"@id":"https:\/\/atividademapa.com\/?product=mapa-mecanica-e-resistencia-dos-materiais-52-2024#breadcrumb"},"inLanguage":"pt-BR","potentialAction":[{"@type":"ReadAction","target":["https:\/\/atividademapa.com\/?product=mapa-mecanica-e-resistencia-dos-materiais-52-2024"]}]},{"@type":"ImageObject","inLanguage":"pt-BR","@id":"https:\/\/atividademapa.com\/?product=mapa-mecanica-e-resistencia-dos-materiais-52-2024#primaryimage","url":"https:\/\/i0.wp.com\/atividademapa.com\/wp-content\/uploads\/2023\/03\/Atividade-M.A.P.A-3.png?fit=300%2C300&ssl=1","contentUrl":"https:\/\/i0.wp.com\/atividademapa.com\/wp-content\/uploads\/2023\/03\/Atividade-M.A.P.A-3.png?fit=300%2C300&ssl=1","width":300,"height":300,"caption":"Mapa Unicesumar Atividade"},{"@type":"BreadcrumbList","@id":"https:\/\/atividademapa.com\/?product=mapa-mecanica-e-resistencia-dos-materiais-52-2024#breadcrumb","itemListElement":[{"@type":"ListItem","position":1,"name":"In\u00edcio","item":"https:\/\/atividademapa.com\/"},{"@type":"ListItem","position":2,"name":"MAPAS","item":"https:\/\/atividademapa.com\/?page_id=5"},{"@type":"ListItem","position":3,"name":"MAPA &#8211; Mec\u00e2nica e Resist\u00eancia dos Materiais &#8211; 52\/2024"}]},{"@type":"WebSite","@id":"https:\/\/atividademapa.com\/#website","url":"https:\/\/atividademapa.com\/","name":"Atividade Mapa","description":"StudeO | Unicesumar","publisher":{"@id":"https:\/\/atividademapa.com\/#organization"},"potentialAction":[{"@type":"SearchAction","target":{"@type":"EntryPoint","urlTemplate":"https:\/\/atividademapa.com\/?s={search_term_string}"},"query-input":{"@type":"PropertyValueSpecification","valueRequired":true,"valueName":"search_term_string"}}],"inLanguage":"pt-BR"},{"@type":"Organization","@id":"https:\/\/atividademapa.com\/#organization","name":"Atividade MAPA","url":"https:\/\/atividademapa.com\/","logo":{"@type":"ImageObject","inLanguage":"pt-BR","@id":"https:\/\/atividademapa.com\/#\/schema\/logo\/image\/","url":"https:\/\/i0.wp.com\/atividademapa.com\/wp-content\/uploads\/2023\/02\/ATIVIDADE.png?fit=600%2C300&ssl=1","contentUrl":"https:\/\/i0.wp.com\/atividademapa.com\/wp-content\/uploads\/2023\/02\/ATIVIDADE.png?fit=600%2C300&ssl=1","width":600,"height":300,"caption":"Atividade MAPA"},"image":{"@id":"https:\/\/atividademapa.com\/#\/schema\/logo\/image\/"}}]}},"_links":{"self":[{"href":"https:\/\/atividademapa.com\/index.php?rest_route=\/wp\/v2\/product\/3965","targetHints":{"allow":["GET"]}}],"collection":[{"href":"https:\/\/atividademapa.com\/index.php?rest_route=\/wp\/v2\/product"}],"about":[{"href":"https:\/\/atividademapa.com\/index.php?rest_route=\/wp\/v2\/types\/product"}],"version-history":[{"count":2,"href":"https:\/\/atividademapa.com\/index.php?rest_route=\/wp\/v2\/product\/3965\/revisions"}],"predecessor-version":[{"id":4049,"href":"https:\/\/atividademapa.com\/index.php?rest_route=\/wp\/v2\/product\/3965\/revisions\/4049"}],"wp:featuredmedia":[{"embeddable":true,"href":"https:\/\/atividademapa.com\/index.php?rest_route=\/wp\/v2\/media\/2326"}],"wp:attachment":[{"href":"https:\/\/atividademapa.com\/index.php?rest_route=%2Fwp%2Fv2%2Fmedia&parent=3965"}],"wp:term":[{"taxonomy":"product_brand","embeddable":true,"href":"https:\/\/atividademapa.com\/index.php?rest_route=%2Fwp%2Fv2%2Fproduct_brand&post=3965"},{"taxonomy":"product_cat","embeddable":true,"href":"https:\/\/atividademapa.com\/index.php?rest_route=%2Fwp%2Fv2%2Fproduct_cat&post=3965"},{"taxonomy":"product_tag","embeddable":true,"href":"https:\/\/atividademapa.com\/index.php?rest_route=%2Fwp%2Fv2%2Fproduct_tag&post=3965"}],"curies":[{"name":"wp","href":"https:\/\/api.w.org\/{rel}","templated":true}]}}