{"id":3973,"date":"2024-05-09T14:31:22","date_gmt":"2024-05-09T17:31:22","guid":{"rendered":"https:\/\/atividademapa.com\/?post_type=product&#038;p=3973"},"modified":"2024-05-16T23:12:09","modified_gmt":"2024-05-17T02:12:09","slug":"mapa-quimica-geral-e-organica-52-2024","status":"publish","type":"product","link":"https:\/\/atividademapa.com\/?product=mapa-quimica-geral-e-organica-52-2024","title":{"rendered":"MAPA &#8211; Qu\u00edmica Geral e Org\u00e2nica &#8211; 52\/2024"},"content":{"rendered":"<p>MAPA &#8211; Qu\u00edmica Geral e Org\u00e2nica &#8211; 52\/2024<\/p>\n<p><strong>Introdu\u00e7\u00e3o<\/strong><\/p>\n<p>O estudo da velocidade das rea\u00e7\u00f5es, ou cin\u00e9tica qu\u00edmica, \u00e9 muito importante nas aplica\u00e7\u00f5es da qu\u00edmica. Imagine-se o respons\u00e1vel pela produ\u00e7\u00e3o de uma ind\u00fastria cujo produto \u00e9 resultado de uma rea\u00e7\u00e3o. Se voc\u00ea escolher uma rea\u00e7\u00e3o muito lenta a produtividade da ind\u00fastria ser\u00e1 t\u00e3o baixa, que ela pode se tornar invi\u00e1vel.<br \/>\nPara podermos entender os fatores que influenciam uma rea\u00e7\u00e3o, precisamos entender algumas coisas sobre as rea\u00e7\u00f5es: existem subst\u00e2ncias que chamamos de reagentes, que reagem entre si, formando novas subst\u00e2ncias, que chamamos de produtos (Rendelucci, 2024).<br \/>\nFonte: https:\/\/educacao.uol.com.br\/disciplinas\/quimica\/cinetica-quimica-1-fatores-que-interferem-na-velocidade-das-reacoes.htm. Acesso em: 03 abr. 2024.<\/p>\n<p>Nesta atividade, estudaremos como a taxa de ocorr\u00eancia das rea\u00e7\u00f5es podem ser aceleradas ou at\u00e9 inibidas.<\/p>\n<p><strong>DESENVOLVENDO O TRABALHO<\/strong><\/p>\n<p><u>Material para a atividade:<\/u><br \/>\n<strong>\u2192\u00a0<\/strong>2 copos de pl\u00e1sticos transparentes (podem usar de vidro tamb\u00e9m, fica a seu crit\u00e9rio);<br \/>\n<strong>\u2192\u00a0<\/strong>1 corante aliment\u00edcio l\u00edquido (qualquer cor);<br \/>\n<strong>\u2192\u00a0<\/strong>200 mL de \u00e1gua quente;<br \/>\n<strong>\u2192\u00a0<\/strong>200 mL de \u00e1gua gelada.<\/p>\n<p><u>Procedimento experimental:<\/u><br \/>\na) Aque\u00e7a a \u00e1gua at\u00e9 levantar fervura e adicione at\u00e9 metade do primeiro copo.<br \/>\nb) No segundo copo, adicione a mesma quantidade, mas utilizando a \u00e1gua gelada.<br \/>\nc) Adicione 3 gotas do corante aliment\u00edcio no copo com a \u00e1gua quente.<br \/>\nd) Logo em seguida, adicione 3 gotas do corante aliment\u00edcio no copo com a \u00e1gua gelada.<br \/>\ne) Tire uma foto dos dois copos.<br \/>\nf) Observe a diferen\u00e7a entre os copos.<\/p>\n<p><strong>1-<\/strong>\u00a0Considerando o experimento realizado:<br \/>\na) EXPLIQUE o que aconteceu \u00e0 n\u00edvel molecular com o corante no primeiro copo (\u00e1gua quente).<br \/>\nb)\u00a0EXPLIQUE o que aconteceu \u00e0 n\u00edvel molecular com o corante no segundo copo (\u00e1gua gelada).<br \/>\nc) INSIRA a foto do experimento realizado no espa\u00e7o apropriado, no modelo padr\u00e3o da atividade MAPA.<br \/>\n\u200b<br \/>\n<strong>2-\u00a0<\/strong>Imagine que voc\u00ea colocou um comprimido efervescente inteiro em um copo de \u00e1gua. Depois pegou outro comprimido efervescente, igual ao primeiro, amassou at\u00e9 virar um p\u00f3 e colocou em outro copo de \u00e1gua. Considerando a rea\u00e7\u00e3o qu\u00edmica envolvida, responda:<br \/>\na) QUAL reagir\u00e1 mais rapidamente, o comprimido inteiro ou o comprimido macerado?<br \/>\nb) QUAL fator afeta a velocidade desta rea\u00e7\u00e3o?<br \/>\nc) EXPLIQUE qual o princ\u00edpio molecular envolvido.<\/p>\n<p><strong>3-\u00a0<\/strong>Insira as refer\u00eancias bibliogr\u00e1ficas no espa\u00e7o indicado, no formato ABNT.<\/p>\n","protected":false},"excerpt":{"rendered":"<p>MAPA &#8211; Qu\u00edmica Geral e Org\u00e2nica &#8211; 52\/2024 Introdu\u00e7\u00e3o O estudo da velocidade das rea\u00e7\u00f5es, ou cin\u00e9tica qu\u00edmica, \u00e9 muito<\/p>\n","protected":false},"featured_media":2326,"template":"","meta":{"_monsterinsights_skip_tracking":false,"_monsterinsights_sitenote_active":false,"_monsterinsights_sitenote_note":"","_monsterinsights_sitenote_category":0},"product_brand":[],"product_cat":[58],"product_tag":[],"class_list":{"0":"post-3973","1":"product","2":"type-product","3":"status-publish","4":"has-post-thumbnail","6":"product_cat-biomedicina","8":"first","9":"instock","10":"downloadable","11":"virtual","12":"purchasable","13":"product-type-simple"},"yoast_head":"<!-- This site is optimized with the Yoast SEO plugin v27.4 - https:\/\/yoast.com\/product\/yoast-seo-wordpress\/ -->\n<title>MAPA - Qu\u00edmica Geral e Org\u00e2nica - 52\/2024<\/title>\n<meta name=\"description\" content=\"Atividade MAPA - Qu\u00edmica Geral e Org\u00e2nica - 52\/2024 &#8902; Unicesumar. Baixe agora mesmo um Mapa Pronto resolvido!\" \/>\n<meta name=\"robots\" content=\"index, follow, max-snippet:-1, max-image-preview:large, max-video-preview:-1\" \/>\n<link rel=\"canonical\" href=\"https:\/\/atividademapa.com\/?product=mapa-quimica-geral-e-organica-52-2024\" \/>\n<meta property=\"og:locale\" content=\"pt_BR\" \/>\n<meta property=\"og:type\" content=\"article\" \/>\n<meta property=\"og:title\" content=\"MAPA - Qu\u00edmica Geral e Org\u00e2nica - 52\/2024\" \/>\n<meta property=\"og:description\" content=\"Atividade MAPA - Qu\u00edmica Geral e Org\u00e2nica - 52\/2024 &#8902; Unicesumar. Baixe agora mesmo um Mapa Pronto resolvido!\" \/>\n<meta property=\"og:url\" content=\"https:\/\/atividademapa.com\/?product=mapa-quimica-geral-e-organica-52-2024\" \/>\n<meta property=\"og:site_name\" content=\"Atividade Mapa\" \/>\n<meta property=\"article:modified_time\" content=\"2024-05-17T02:12:09+00:00\" \/>\n<meta property=\"og:image\" content=\"https:\/\/i0.wp.com\/atividademapa.com\/wp-content\/uploads\/2023\/03\/Atividade-M.A.P.A-3.png?fit=300%2C300&ssl=1\" \/>\n\t<meta property=\"og:image:width\" content=\"300\" \/>\n\t<meta property=\"og:image:height\" content=\"300\" \/>\n\t<meta property=\"og:image:type\" content=\"image\/png\" \/>\n<meta name=\"twitter:card\" content=\"summary_large_image\" \/>\n<meta name=\"twitter:label1\" content=\"Est. tempo de leitura\" \/>\n\t<meta name=\"twitter:data1\" content=\"2 minutos\" \/>\n<script type=\"application\/ld+json\" class=\"yoast-schema-graph\">{\"@context\":\"https:\\\/\\\/schema.org\",\"@graph\":[{\"@type\":\"WebPage\",\"@id\":\"https:\\\/\\\/atividademapa.com\\\/?product=mapa-quimica-geral-e-organica-52-2024\",\"url\":\"https:\\\/\\\/atividademapa.com\\\/?product=mapa-quimica-geral-e-organica-52-2024\",\"name\":\"MAPA - Qu\u00edmica Geral e Org\u00e2nica - 52\\\/2024\",\"isPartOf\":{\"@id\":\"https:\\\/\\\/atividademapa.com\\\/#website\"},\"primaryImageOfPage\":{\"@id\":\"https:\\\/\\\/atividademapa.com\\\/?product=mapa-quimica-geral-e-organica-52-2024#primaryimage\"},\"image\":{\"@id\":\"https:\\\/\\\/atividademapa.com\\\/?product=mapa-quimica-geral-e-organica-52-2024#primaryimage\"},\"thumbnailUrl\":\"https:\\\/\\\/i0.wp.com\\\/atividademapa.com\\\/wp-content\\\/uploads\\\/2023\\\/03\\\/Atividade-M.A.P.A-3.png?fit=300%2C300&ssl=1\",\"datePublished\":\"2024-05-09T17:31:22+00:00\",\"dateModified\":\"2024-05-17T02:12:09+00:00\",\"description\":\"Atividade MAPA - Qu\u00edmica Geral e Org\u00e2nica - 52\\\/2024 &#8902; Unicesumar. Baixe agora mesmo um Mapa Pronto resolvido!\",\"breadcrumb\":{\"@id\":\"https:\\\/\\\/atividademapa.com\\\/?product=mapa-quimica-geral-e-organica-52-2024#breadcrumb\"},\"inLanguage\":\"pt-BR\",\"potentialAction\":[{\"@type\":\"ReadAction\",\"target\":[\"https:\\\/\\\/atividademapa.com\\\/?product=mapa-quimica-geral-e-organica-52-2024\"]}]},{\"@type\":\"ImageObject\",\"inLanguage\":\"pt-BR\",\"@id\":\"https:\\\/\\\/atividademapa.com\\\/?product=mapa-quimica-geral-e-organica-52-2024#primaryimage\",\"url\":\"https:\\\/\\\/i0.wp.com\\\/atividademapa.com\\\/wp-content\\\/uploads\\\/2023\\\/03\\\/Atividade-M.A.P.A-3.png?fit=300%2C300&ssl=1\",\"contentUrl\":\"https:\\\/\\\/i0.wp.com\\\/atividademapa.com\\\/wp-content\\\/uploads\\\/2023\\\/03\\\/Atividade-M.A.P.A-3.png?fit=300%2C300&ssl=1\",\"width\":300,\"height\":300,\"caption\":\"Mapa Unicesumar Atividade\"},{\"@type\":\"BreadcrumbList\",\"@id\":\"https:\\\/\\\/atividademapa.com\\\/?product=mapa-quimica-geral-e-organica-52-2024#breadcrumb\",\"itemListElement\":[{\"@type\":\"ListItem\",\"position\":1,\"name\":\"In\u00edcio\",\"item\":\"https:\\\/\\\/atividademapa.com\\\/\"},{\"@type\":\"ListItem\",\"position\":2,\"name\":\"MAPAS\",\"item\":\"https:\\\/\\\/atividademapa.com\\\/?page_id=5\"},{\"@type\":\"ListItem\",\"position\":3,\"name\":\"MAPA &#8211; Qu\u00edmica Geral e Org\u00e2nica &#8211; 52\\\/2024\"}]},{\"@type\":\"WebSite\",\"@id\":\"https:\\\/\\\/atividademapa.com\\\/#website\",\"url\":\"https:\\\/\\\/atividademapa.com\\\/\",\"name\":\"Atividade Mapa\",\"description\":\"StudeO | Unicesumar\",\"publisher\":{\"@id\":\"https:\\\/\\\/atividademapa.com\\\/#organization\"},\"potentialAction\":[{\"@type\":\"SearchAction\",\"target\":{\"@type\":\"EntryPoint\",\"urlTemplate\":\"https:\\\/\\\/atividademapa.com\\\/?s={search_term_string}\"},\"query-input\":{\"@type\":\"PropertyValueSpecification\",\"valueRequired\":true,\"valueName\":\"search_term_string\"}}],\"inLanguage\":\"pt-BR\"},{\"@type\":\"Organization\",\"@id\":\"https:\\\/\\\/atividademapa.com\\\/#organization\",\"name\":\"Atividade MAPA\",\"url\":\"https:\\\/\\\/atividademapa.com\\\/\",\"logo\":{\"@type\":\"ImageObject\",\"inLanguage\":\"pt-BR\",\"@id\":\"https:\\\/\\\/atividademapa.com\\\/#\\\/schema\\\/logo\\\/image\\\/\",\"url\":\"https:\\\/\\\/i0.wp.com\\\/atividademapa.com\\\/wp-content\\\/uploads\\\/2023\\\/02\\\/ATIVIDADE.png?fit=600%2C300&ssl=1\",\"contentUrl\":\"https:\\\/\\\/i0.wp.com\\\/atividademapa.com\\\/wp-content\\\/uploads\\\/2023\\\/02\\\/ATIVIDADE.png?fit=600%2C300&ssl=1\",\"width\":600,\"height\":300,\"caption\":\"Atividade MAPA\"},\"image\":{\"@id\":\"https:\\\/\\\/atividademapa.com\\\/#\\\/schema\\\/logo\\\/image\\\/\"}}]}<\/script>\n<!-- \/ Yoast SEO plugin. -->","yoast_head_json":{"title":"MAPA - Qu\u00edmica Geral e Org\u00e2nica - 52\/2024","description":"Atividade MAPA - Qu\u00edmica Geral e Org\u00e2nica - 52\/2024 &#8902; Unicesumar. Baixe agora mesmo um Mapa Pronto resolvido!","robots":{"index":"index","follow":"follow","max-snippet":"max-snippet:-1","max-image-preview":"max-image-preview:large","max-video-preview":"max-video-preview:-1"},"canonical":"https:\/\/atividademapa.com\/?product=mapa-quimica-geral-e-organica-52-2024","og_locale":"pt_BR","og_type":"article","og_title":"MAPA - Qu\u00edmica Geral e Org\u00e2nica - 52\/2024","og_description":"Atividade MAPA - Qu\u00edmica Geral e Org\u00e2nica - 52\/2024 &#8902; Unicesumar. Baixe agora mesmo um Mapa Pronto resolvido!","og_url":"https:\/\/atividademapa.com\/?product=mapa-quimica-geral-e-organica-52-2024","og_site_name":"Atividade Mapa","article_modified_time":"2024-05-17T02:12:09+00:00","og_image":[{"width":300,"height":300,"url":"https:\/\/i0.wp.com\/atividademapa.com\/wp-content\/uploads\/2023\/03\/Atividade-M.A.P.A-3.png?fit=300%2C300&ssl=1","type":"image\/png"}],"twitter_card":"summary_large_image","twitter_misc":{"Est. tempo de leitura":"2 minutos"},"schema":{"@context":"https:\/\/schema.org","@graph":[{"@type":"WebPage","@id":"https:\/\/atividademapa.com\/?product=mapa-quimica-geral-e-organica-52-2024","url":"https:\/\/atividademapa.com\/?product=mapa-quimica-geral-e-organica-52-2024","name":"MAPA - Qu\u00edmica Geral e Org\u00e2nica - 52\/2024","isPartOf":{"@id":"https:\/\/atividademapa.com\/#website"},"primaryImageOfPage":{"@id":"https:\/\/atividademapa.com\/?product=mapa-quimica-geral-e-organica-52-2024#primaryimage"},"image":{"@id":"https:\/\/atividademapa.com\/?product=mapa-quimica-geral-e-organica-52-2024#primaryimage"},"thumbnailUrl":"https:\/\/i0.wp.com\/atividademapa.com\/wp-content\/uploads\/2023\/03\/Atividade-M.A.P.A-3.png?fit=300%2C300&ssl=1","datePublished":"2024-05-09T17:31:22+00:00","dateModified":"2024-05-17T02:12:09+00:00","description":"Atividade MAPA - Qu\u00edmica Geral e Org\u00e2nica - 52\/2024 &#8902; Unicesumar. Baixe agora mesmo um Mapa Pronto resolvido!","breadcrumb":{"@id":"https:\/\/atividademapa.com\/?product=mapa-quimica-geral-e-organica-52-2024#breadcrumb"},"inLanguage":"pt-BR","potentialAction":[{"@type":"ReadAction","target":["https:\/\/atividademapa.com\/?product=mapa-quimica-geral-e-organica-52-2024"]}]},{"@type":"ImageObject","inLanguage":"pt-BR","@id":"https:\/\/atividademapa.com\/?product=mapa-quimica-geral-e-organica-52-2024#primaryimage","url":"https:\/\/i0.wp.com\/atividademapa.com\/wp-content\/uploads\/2023\/03\/Atividade-M.A.P.A-3.png?fit=300%2C300&ssl=1","contentUrl":"https:\/\/i0.wp.com\/atividademapa.com\/wp-content\/uploads\/2023\/03\/Atividade-M.A.P.A-3.png?fit=300%2C300&ssl=1","width":300,"height":300,"caption":"Mapa Unicesumar Atividade"},{"@type":"BreadcrumbList","@id":"https:\/\/atividademapa.com\/?product=mapa-quimica-geral-e-organica-52-2024#breadcrumb","itemListElement":[{"@type":"ListItem","position":1,"name":"In\u00edcio","item":"https:\/\/atividademapa.com\/"},{"@type":"ListItem","position":2,"name":"MAPAS","item":"https:\/\/atividademapa.com\/?page_id=5"},{"@type":"ListItem","position":3,"name":"MAPA &#8211; Qu\u00edmica Geral e Org\u00e2nica &#8211; 52\/2024"}]},{"@type":"WebSite","@id":"https:\/\/atividademapa.com\/#website","url":"https:\/\/atividademapa.com\/","name":"Atividade Mapa","description":"StudeO | Unicesumar","publisher":{"@id":"https:\/\/atividademapa.com\/#organization"},"potentialAction":[{"@type":"SearchAction","target":{"@type":"EntryPoint","urlTemplate":"https:\/\/atividademapa.com\/?s={search_term_string}"},"query-input":{"@type":"PropertyValueSpecification","valueRequired":true,"valueName":"search_term_string"}}],"inLanguage":"pt-BR"},{"@type":"Organization","@id":"https:\/\/atividademapa.com\/#organization","name":"Atividade MAPA","url":"https:\/\/atividademapa.com\/","logo":{"@type":"ImageObject","inLanguage":"pt-BR","@id":"https:\/\/atividademapa.com\/#\/schema\/logo\/image\/","url":"https:\/\/i0.wp.com\/atividademapa.com\/wp-content\/uploads\/2023\/02\/ATIVIDADE.png?fit=600%2C300&ssl=1","contentUrl":"https:\/\/i0.wp.com\/atividademapa.com\/wp-content\/uploads\/2023\/02\/ATIVIDADE.png?fit=600%2C300&ssl=1","width":600,"height":300,"caption":"Atividade MAPA"},"image":{"@id":"https:\/\/atividademapa.com\/#\/schema\/logo\/image\/"}}]}},"_links":{"self":[{"href":"https:\/\/atividademapa.com\/index.php?rest_route=\/wp\/v2\/product\/3973","targetHints":{"allow":["GET"]}}],"collection":[{"href":"https:\/\/atividademapa.com\/index.php?rest_route=\/wp\/v2\/product"}],"about":[{"href":"https:\/\/atividademapa.com\/index.php?rest_route=\/wp\/v2\/types\/product"}],"version-history":[{"count":1,"href":"https:\/\/atividademapa.com\/index.php?rest_route=\/wp\/v2\/product\/3973\/revisions"}],"predecessor-version":[{"id":3974,"href":"https:\/\/atividademapa.com\/index.php?rest_route=\/wp\/v2\/product\/3973\/revisions\/3974"}],"wp:featuredmedia":[{"embeddable":true,"href":"https:\/\/atividademapa.com\/index.php?rest_route=\/wp\/v2\/media\/2326"}],"wp:attachment":[{"href":"https:\/\/atividademapa.com\/index.php?rest_route=%2Fwp%2Fv2%2Fmedia&parent=3973"}],"wp:term":[{"taxonomy":"product_brand","embeddable":true,"href":"https:\/\/atividademapa.com\/index.php?rest_route=%2Fwp%2Fv2%2Fproduct_brand&post=3973"},{"taxonomy":"product_cat","embeddable":true,"href":"https:\/\/atividademapa.com\/index.php?rest_route=%2Fwp%2Fv2%2Fproduct_cat&post=3973"},{"taxonomy":"product_tag","embeddable":true,"href":"https:\/\/atividademapa.com\/index.php?rest_route=%2Fwp%2Fv2%2Fproduct_tag&post=3973"}],"curies":[{"name":"wp","href":"https:\/\/api.w.org\/{rel}","templated":true}]}}