{"id":3975,"date":"2024-05-09T14:40:12","date_gmt":"2024-05-09T17:40:12","guid":{"rendered":"https:\/\/atividademapa.com\/?post_type=product&#038;p=3975"},"modified":"2024-05-09T14:40:14","modified_gmt":"2024-05-09T17:40:14","slug":"mapa-logistica-reversa-52-2024","status":"publish","type":"product","link":"https:\/\/atividademapa.com\/?product=mapa-logistica-reversa-52-2024","title":{"rendered":"MAPA &#8211; Log\u00edstica Reversa &#8211; 52\/2024"},"content":{"rendered":"<p>Log\u00edstica Reversa avan\u00e7a, mas \u00e9 preciso ampliar a\u00e7\u00f5es de reaproveitamento de res\u00edduos.<\/p>\n<p>Ao se pensar no planeta como casa, o \u201cjogar fora\u201d n\u00e3o existe. Todo res\u00edduo produzido pela humanidade vai parar em algum lugar, seja nos aterros, seja nos lix\u00f5es. Segundo a Associa\u00e7\u00e3o Brasileira de Empresas de Limpeza P\u00fablica e Res\u00edduos Especiais (Abrelpe), cada pessoa produz, em m\u00e9dia, 343 quilos de lixo, por ano no pa\u00eds: cerca de 80 milh\u00f5es de toneladas. Muito desse material tem capacidade de ser reaproveitado e o ciclo de vida de um produto pode se estender al\u00e9m do seu uso.<\/p>\n<p>Dispon\u00edvel em: &lt;https:\/\/g1.globo.com\/pr\/parana\/especial-publicitario\/fiep\/sistema-fiep\/noticia\/2023\/07\/25\/logistica-reversa-avanca-mas-e-preciso-ampliar-acoes-de-reaproveitamento-de-residuos.ghtml&gt;. Acesso em: 22 mar. 2024.<\/p>\n<p>A Log\u00edstica Reversa \u00e9 uma \u00e1rea crucial da gest\u00e3o de res\u00edduos, envolvendo o movimento de produtos e materiais do consumidor de volta para o ponto de origem, seja para reciclagem, remanufatura ou descarte adequado. Para a nossa atividade de aprendizagem pr\u00e1tica, o Mapa, vamos desenvolver um estudo de caso, exploraremos os desafios enfrentados no Brasil em rela\u00e7\u00e3o \u00e0 gest\u00e3o de res\u00edduos s\u00f3lidos urbanos (RSU) e como a log\u00edstica reversa pode ser uma solu\u00e7\u00e3o para mitigar esses problemas.<\/p>\n<p>Com base no contexto apresentado e nos estudos sobre a disciplina, desenvolva o mapa conforme as orienta\u00e7\u00f5es a seguir:<\/p>\n<ol>\n<li>a) Realize uma pesquisa na sua cidade e fa\u00e7a um breve resumo sobre as condi\u00e7\u00f5es econ\u00f4micas da cidade e de que forma isso impacta na produ\u00e7\u00e3o de lixo. Realize um levantamento se existe a destina\u00e7\u00e3o adequada de res\u00edduos no munic\u00edpio que voc\u00ea reside, informe se s\u00e3o utilizados lix\u00f5es e\/ou aterros sanit\u00e1rios controlados como forma de disposi\u00e7\u00e3o de res\u00edduos ou se existem outras formas do lixo ser descartado ap\u00f3s o consumo urbano.<\/li>\n<li>b) Ap\u00f3s realizar a pesquisa sobre log\u00edstica reversa em sua cidade, identifique se existem cooperativas de reciclagem e outras empresas relacionadas ao mercado financeiro. Explique como essas cooperativas, se presentes, participam do trabalho de log\u00edstica reversa em seu munic\u00edpio. Caso n\u00e3o haja cooperativas de reciclagem, busque alternativas ou iniciativas que possam contribuir para pr\u00e1ticas de sustentabilidade, reciclagem ou gest\u00e3o de res\u00edduos, mesmo que n\u00e3o sejam modelos tradicionais de cooperativas de reciclagem.<\/li>\n<li>c) Desenvolva uma pesquisa na sua cidade ou na internet e fa\u00e7a um levantamento de empresas que j\u00e1 realizam a\u00e7\u00f5es voltadas para a log\u00edstica reversa dos res\u00edduos p\u00f3s-consumo urbanos. Escolha uma dessas empresas, especifique que tipo de produto ou servi\u00e7o ela vende, assim como a cidade a qual est\u00e1 localizada. Descreva como essa organiza\u00e7\u00e3o consegue promover um ecossistema capaz de reaproveitar o que \u00e9 descartado por outros. Informe se a empresa promove programas de coleta seletiva, incentivo \u00e0 separa\u00e7\u00e3o adequada de res\u00edduos e a\u00e7\u00f5es voltadas \u00e0 educa\u00e7\u00e3o sobre a log\u00edstica reversa. Voc\u00ea pode inserir imagens que julgue importantes para descrever sua resposta.<\/li>\n<li>d) Descreva de que forma a empresa deve construir programas de conscientiza\u00e7\u00e3o ambiental no local\/munic\u00edpio onde ela est\u00e1 inserida, programas estes que ser\u00e3o formas de fortalecer a log\u00edstica reversa com a coleta, transporte e processamento adequados dos materiais descartados.<\/li>\n<\/ol>\n","protected":false},"excerpt":{"rendered":"<p>Log\u00edstica Reversa avan\u00e7a, mas \u00e9 preciso ampliar a\u00e7\u00f5es de reaproveitamento de res\u00edduos. Ao se pensar no planeta como casa, o<\/p>\n","protected":false},"featured_media":2326,"template":"","meta":{"_monsterinsights_skip_tracking":false,"_monsterinsights_sitenote_active":false,"_monsterinsights_sitenote_note":"","_monsterinsights_sitenote_category":0},"product_brand":[],"product_cat":[32],"product_tag":[],"class_list":{"0":"post-3975","1":"product","2":"type-product","3":"status-publish","4":"has-post-thumbnail","6":"product_cat-logistica","8":"first","9":"instock","10":"downloadable","11":"virtual","12":"purchasable","13":"product-type-simple"},"yoast_head":"<!-- This site is optimized with the Yoast SEO plugin v27.4 - https:\/\/yoast.com\/product\/yoast-seo-wordpress\/ -->\n<title>MAPA - Log\u00edstica Reversa - 52\/2024<\/title>\n<meta name=\"description\" content=\"Atividade MAPA - Log\u00edstica Reversa - 52\/2024 &#8902; Unicesumar. Baixe agora mesmo um Mapa Pronto resolvido!\" \/>\n<meta name=\"robots\" content=\"index, follow, max-snippet:-1, max-image-preview:large, max-video-preview:-1\" \/>\n<link rel=\"canonical\" href=\"https:\/\/atividademapa.com\/?product=mapa-logistica-reversa-52-2024\" \/>\n<meta property=\"og:locale\" content=\"pt_BR\" \/>\n<meta property=\"og:type\" content=\"article\" \/>\n<meta property=\"og:title\" content=\"MAPA - Log\u00edstica Reversa - 52\/2024\" \/>\n<meta property=\"og:description\" content=\"Atividade MAPA - Log\u00edstica Reversa - 52\/2024 &#8902; Unicesumar. Baixe agora mesmo um Mapa Pronto resolvido!\" \/>\n<meta property=\"og:url\" content=\"https:\/\/atividademapa.com\/?product=mapa-logistica-reversa-52-2024\" \/>\n<meta property=\"og:site_name\" content=\"Atividade Mapa\" \/>\n<meta property=\"article:modified_time\" content=\"2024-05-09T17:40:14+00:00\" \/>\n<meta property=\"og:image\" content=\"https:\/\/i0.wp.com\/atividademapa.com\/wp-content\/uploads\/2023\/03\/Atividade-M.A.P.A-3.png?fit=300%2C300&ssl=1\" \/>\n\t<meta property=\"og:image:width\" content=\"300\" \/>\n\t<meta property=\"og:image:height\" content=\"300\" \/>\n\t<meta property=\"og:image:type\" content=\"image\/png\" \/>\n<meta name=\"twitter:card\" content=\"summary_large_image\" \/>\n<meta name=\"twitter:label1\" content=\"Est. tempo de leitura\" \/>\n\t<meta name=\"twitter:data1\" content=\"3 minutos\" \/>\n<script type=\"application\/ld+json\" class=\"yoast-schema-graph\">{\"@context\":\"https:\\\/\\\/schema.org\",\"@graph\":[{\"@type\":\"WebPage\",\"@id\":\"https:\\\/\\\/atividademapa.com\\\/?product=mapa-logistica-reversa-52-2024\",\"url\":\"https:\\\/\\\/atividademapa.com\\\/?product=mapa-logistica-reversa-52-2024\",\"name\":\"MAPA - Log\u00edstica Reversa - 52\\\/2024\",\"isPartOf\":{\"@id\":\"https:\\\/\\\/atividademapa.com\\\/#website\"},\"primaryImageOfPage\":{\"@id\":\"https:\\\/\\\/atividademapa.com\\\/?product=mapa-logistica-reversa-52-2024#primaryimage\"},\"image\":{\"@id\":\"https:\\\/\\\/atividademapa.com\\\/?product=mapa-logistica-reversa-52-2024#primaryimage\"},\"thumbnailUrl\":\"https:\\\/\\\/i0.wp.com\\\/atividademapa.com\\\/wp-content\\\/uploads\\\/2023\\\/03\\\/Atividade-M.A.P.A-3.png?fit=300%2C300&ssl=1\",\"datePublished\":\"2024-05-09T17:40:12+00:00\",\"dateModified\":\"2024-05-09T17:40:14+00:00\",\"description\":\"Atividade MAPA - Log\u00edstica Reversa - 52\\\/2024 &#8902; Unicesumar. Baixe agora mesmo um Mapa Pronto resolvido!\",\"breadcrumb\":{\"@id\":\"https:\\\/\\\/atividademapa.com\\\/?product=mapa-logistica-reversa-52-2024#breadcrumb\"},\"inLanguage\":\"pt-BR\",\"potentialAction\":[{\"@type\":\"ReadAction\",\"target\":[\"https:\\\/\\\/atividademapa.com\\\/?product=mapa-logistica-reversa-52-2024\"]}]},{\"@type\":\"ImageObject\",\"inLanguage\":\"pt-BR\",\"@id\":\"https:\\\/\\\/atividademapa.com\\\/?product=mapa-logistica-reversa-52-2024#primaryimage\",\"url\":\"https:\\\/\\\/i0.wp.com\\\/atividademapa.com\\\/wp-content\\\/uploads\\\/2023\\\/03\\\/Atividade-M.A.P.A-3.png?fit=300%2C300&ssl=1\",\"contentUrl\":\"https:\\\/\\\/i0.wp.com\\\/atividademapa.com\\\/wp-content\\\/uploads\\\/2023\\\/03\\\/Atividade-M.A.P.A-3.png?fit=300%2C300&ssl=1\",\"width\":300,\"height\":300,\"caption\":\"Mapa Unicesumar Atividade\"},{\"@type\":\"BreadcrumbList\",\"@id\":\"https:\\\/\\\/atividademapa.com\\\/?product=mapa-logistica-reversa-52-2024#breadcrumb\",\"itemListElement\":[{\"@type\":\"ListItem\",\"position\":1,\"name\":\"In\u00edcio\",\"item\":\"https:\\\/\\\/atividademapa.com\\\/\"},{\"@type\":\"ListItem\",\"position\":2,\"name\":\"MAPAS\",\"item\":\"https:\\\/\\\/atividademapa.com\\\/?page_id=5\"},{\"@type\":\"ListItem\",\"position\":3,\"name\":\"MAPA &#8211; Log\u00edstica Reversa &#8211; 52\\\/2024\"}]},{\"@type\":\"WebSite\",\"@id\":\"https:\\\/\\\/atividademapa.com\\\/#website\",\"url\":\"https:\\\/\\\/atividademapa.com\\\/\",\"name\":\"Atividade Mapa\",\"description\":\"StudeO | Unicesumar\",\"publisher\":{\"@id\":\"https:\\\/\\\/atividademapa.com\\\/#organization\"},\"potentialAction\":[{\"@type\":\"SearchAction\",\"target\":{\"@type\":\"EntryPoint\",\"urlTemplate\":\"https:\\\/\\\/atividademapa.com\\\/?s={search_term_string}\"},\"query-input\":{\"@type\":\"PropertyValueSpecification\",\"valueRequired\":true,\"valueName\":\"search_term_string\"}}],\"inLanguage\":\"pt-BR\"},{\"@type\":\"Organization\",\"@id\":\"https:\\\/\\\/atividademapa.com\\\/#organization\",\"name\":\"Atividade MAPA\",\"url\":\"https:\\\/\\\/atividademapa.com\\\/\",\"logo\":{\"@type\":\"ImageObject\",\"inLanguage\":\"pt-BR\",\"@id\":\"https:\\\/\\\/atividademapa.com\\\/#\\\/schema\\\/logo\\\/image\\\/\",\"url\":\"https:\\\/\\\/i0.wp.com\\\/atividademapa.com\\\/wp-content\\\/uploads\\\/2023\\\/02\\\/ATIVIDADE.png?fit=600%2C300&ssl=1\",\"contentUrl\":\"https:\\\/\\\/i0.wp.com\\\/atividademapa.com\\\/wp-content\\\/uploads\\\/2023\\\/02\\\/ATIVIDADE.png?fit=600%2C300&ssl=1\",\"width\":600,\"height\":300,\"caption\":\"Atividade MAPA\"},\"image\":{\"@id\":\"https:\\\/\\\/atividademapa.com\\\/#\\\/schema\\\/logo\\\/image\\\/\"}}]}<\/script>\n<!-- \/ Yoast SEO plugin. -->","yoast_head_json":{"title":"MAPA - Log\u00edstica Reversa - 52\/2024","description":"Atividade MAPA - Log\u00edstica Reversa - 52\/2024 &#8902; Unicesumar. Baixe agora mesmo um Mapa Pronto resolvido!","robots":{"index":"index","follow":"follow","max-snippet":"max-snippet:-1","max-image-preview":"max-image-preview:large","max-video-preview":"max-video-preview:-1"},"canonical":"https:\/\/atividademapa.com\/?product=mapa-logistica-reversa-52-2024","og_locale":"pt_BR","og_type":"article","og_title":"MAPA - Log\u00edstica Reversa - 52\/2024","og_description":"Atividade MAPA - Log\u00edstica Reversa - 52\/2024 &#8902; Unicesumar. Baixe agora mesmo um Mapa Pronto resolvido!","og_url":"https:\/\/atividademapa.com\/?product=mapa-logistica-reversa-52-2024","og_site_name":"Atividade Mapa","article_modified_time":"2024-05-09T17:40:14+00:00","og_image":[{"width":300,"height":300,"url":"https:\/\/i0.wp.com\/atividademapa.com\/wp-content\/uploads\/2023\/03\/Atividade-M.A.P.A-3.png?fit=300%2C300&ssl=1","type":"image\/png"}],"twitter_card":"summary_large_image","twitter_misc":{"Est. tempo de leitura":"3 minutos"},"schema":{"@context":"https:\/\/schema.org","@graph":[{"@type":"WebPage","@id":"https:\/\/atividademapa.com\/?product=mapa-logistica-reversa-52-2024","url":"https:\/\/atividademapa.com\/?product=mapa-logistica-reversa-52-2024","name":"MAPA - Log\u00edstica Reversa - 52\/2024","isPartOf":{"@id":"https:\/\/atividademapa.com\/#website"},"primaryImageOfPage":{"@id":"https:\/\/atividademapa.com\/?product=mapa-logistica-reversa-52-2024#primaryimage"},"image":{"@id":"https:\/\/atividademapa.com\/?product=mapa-logistica-reversa-52-2024#primaryimage"},"thumbnailUrl":"https:\/\/i0.wp.com\/atividademapa.com\/wp-content\/uploads\/2023\/03\/Atividade-M.A.P.A-3.png?fit=300%2C300&ssl=1","datePublished":"2024-05-09T17:40:12+00:00","dateModified":"2024-05-09T17:40:14+00:00","description":"Atividade MAPA - Log\u00edstica Reversa - 52\/2024 &#8902; Unicesumar. Baixe agora mesmo um Mapa Pronto resolvido!","breadcrumb":{"@id":"https:\/\/atividademapa.com\/?product=mapa-logistica-reversa-52-2024#breadcrumb"},"inLanguage":"pt-BR","potentialAction":[{"@type":"ReadAction","target":["https:\/\/atividademapa.com\/?product=mapa-logistica-reversa-52-2024"]}]},{"@type":"ImageObject","inLanguage":"pt-BR","@id":"https:\/\/atividademapa.com\/?product=mapa-logistica-reversa-52-2024#primaryimage","url":"https:\/\/i0.wp.com\/atividademapa.com\/wp-content\/uploads\/2023\/03\/Atividade-M.A.P.A-3.png?fit=300%2C300&ssl=1","contentUrl":"https:\/\/i0.wp.com\/atividademapa.com\/wp-content\/uploads\/2023\/03\/Atividade-M.A.P.A-3.png?fit=300%2C300&ssl=1","width":300,"height":300,"caption":"Mapa Unicesumar Atividade"},{"@type":"BreadcrumbList","@id":"https:\/\/atividademapa.com\/?product=mapa-logistica-reversa-52-2024#breadcrumb","itemListElement":[{"@type":"ListItem","position":1,"name":"In\u00edcio","item":"https:\/\/atividademapa.com\/"},{"@type":"ListItem","position":2,"name":"MAPAS","item":"https:\/\/atividademapa.com\/?page_id=5"},{"@type":"ListItem","position":3,"name":"MAPA &#8211; Log\u00edstica Reversa &#8211; 52\/2024"}]},{"@type":"WebSite","@id":"https:\/\/atividademapa.com\/#website","url":"https:\/\/atividademapa.com\/","name":"Atividade Mapa","description":"StudeO | Unicesumar","publisher":{"@id":"https:\/\/atividademapa.com\/#organization"},"potentialAction":[{"@type":"SearchAction","target":{"@type":"EntryPoint","urlTemplate":"https:\/\/atividademapa.com\/?s={search_term_string}"},"query-input":{"@type":"PropertyValueSpecification","valueRequired":true,"valueName":"search_term_string"}}],"inLanguage":"pt-BR"},{"@type":"Organization","@id":"https:\/\/atividademapa.com\/#organization","name":"Atividade MAPA","url":"https:\/\/atividademapa.com\/","logo":{"@type":"ImageObject","inLanguage":"pt-BR","@id":"https:\/\/atividademapa.com\/#\/schema\/logo\/image\/","url":"https:\/\/i0.wp.com\/atividademapa.com\/wp-content\/uploads\/2023\/02\/ATIVIDADE.png?fit=600%2C300&ssl=1","contentUrl":"https:\/\/i0.wp.com\/atividademapa.com\/wp-content\/uploads\/2023\/02\/ATIVIDADE.png?fit=600%2C300&ssl=1","width":600,"height":300,"caption":"Atividade MAPA"},"image":{"@id":"https:\/\/atividademapa.com\/#\/schema\/logo\/image\/"}}]}},"_links":{"self":[{"href":"https:\/\/atividademapa.com\/index.php?rest_route=\/wp\/v2\/product\/3975","targetHints":{"allow":["GET"]}}],"collection":[{"href":"https:\/\/atividademapa.com\/index.php?rest_route=\/wp\/v2\/product"}],"about":[{"href":"https:\/\/atividademapa.com\/index.php?rest_route=\/wp\/v2\/types\/product"}],"version-history":[{"count":1,"href":"https:\/\/atividademapa.com\/index.php?rest_route=\/wp\/v2\/product\/3975\/revisions"}],"predecessor-version":[{"id":3977,"href":"https:\/\/atividademapa.com\/index.php?rest_route=\/wp\/v2\/product\/3975\/revisions\/3977"}],"wp:featuredmedia":[{"embeddable":true,"href":"https:\/\/atividademapa.com\/index.php?rest_route=\/wp\/v2\/media\/2326"}],"wp:attachment":[{"href":"https:\/\/atividademapa.com\/index.php?rest_route=%2Fwp%2Fv2%2Fmedia&parent=3975"}],"wp:term":[{"taxonomy":"product_brand","embeddable":true,"href":"https:\/\/atividademapa.com\/index.php?rest_route=%2Fwp%2Fv2%2Fproduct_brand&post=3975"},{"taxonomy":"product_cat","embeddable":true,"href":"https:\/\/atividademapa.com\/index.php?rest_route=%2Fwp%2Fv2%2Fproduct_cat&post=3975"},{"taxonomy":"product_tag","embeddable":true,"href":"https:\/\/atividademapa.com\/index.php?rest_route=%2Fwp%2Fv2%2Fproduct_tag&post=3975"}],"curies":[{"name":"wp","href":"https:\/\/api.w.org\/{rel}","templated":true}]}}