{"id":3995,"date":"2024-05-11T16:03:35","date_gmt":"2024-05-11T19:03:35","guid":{"rendered":"https:\/\/atividademapa.com\/?post_type=product&#038;p=3995"},"modified":"2024-05-11T17:06:02","modified_gmt":"2024-05-11T20:06:02","slug":"mapa-bioestatistica-e-epidemiologia-52_2024","status":"publish","type":"product","link":"https:\/\/atividademapa.com\/?product=mapa-bioestatistica-e-epidemiologia-52_2024","title":{"rendered":"MAPA &#8211; BIOESTAT\u00cdSTICA E EPIDEMIOLOGIA &#8211; 52_2024"},"content":{"rendered":"<p>MAPA &#8211; BIOESTAT\u00cdSTICA E EPIDEMIOLOGIA &#8211; 52_2024<\/p>\n<p>A epidemiologia \u00e9 um tema muito interessante e importante para a sa\u00fade p\u00fablica. No entanto, possui muitos conceitos e informa\u00e7\u00f5es complexas, devido a isso, \u00e9 essencial que o profissional de sa\u00fade consiga interpretar essas informa\u00e7\u00f5es e repassar para a popula\u00e7\u00e3o por meio de educa\u00e7\u00e3o em sa\u00fade.<br class=\"ng-scope\" \/>Nesse sentido, imagine que voc\u00ea atua no Sistema \u00danico de Sa\u00fade (SUS) e recebeu o \u00faltimo diagrama de controle do relat\u00f3rio epidemiol\u00f3gico do seu estado pela secretaria de sa\u00fade. Como parte de sua fun\u00e7\u00e3o, voc\u00ea deve interpreta-lo para compreender a situa\u00e7\u00e3o atual da incid\u00eancia de Dengue na popula\u00e7\u00e3o e comunicar efetivamente os riscos e medidas de preven\u00e7\u00e3o \u00e0 comunidade local onde trabalha.<br class=\"ng-scope\" \/>\u00a0<br class=\"ng-scope\" \/>Diagrama de Controle de Casos Prov\u00e1veis de Dengue 2023\/2024:<br class=\"ng-scope\" \/>\u00a0<img data-recalc-dims=\"1\" decoding=\"async\" class=\"ng-scope\" src=\"https:\/\/i0.wp.com\/sistemasead.unicesumar.edu.br\/flex\/amfphp\/services\/Portal\/ImagemQuestionario2\/QUE_205426_583528_1.jpg?ssl=1\" alt=\"\" \/><\/p>\n<div class=\"ng-scope\">Fonte: Livro: Bioestat\u00edstica e Epidemiologia.Izabel Galhardo Demarchi, Renata Cristina Souza Chatalov. Maring\u00e1 &#8211; PR.: Unicesumar, 2021 (unidade 8).<br \/>\nSites: https:\/\/g1.globo.com\/jornal-nacional\/noticia\/2024\/03\/22\/incidencia-de-casos-de-dengue-no-brasil-e-mais-que-o-triplo-do-indice-que-especialistas-consideram-alto.ghtml<br \/>\nhttps:\/\/www.gov.br\/saude\/pt-br\/assuntos\/saude-de-a-a-z\/d\/dengue<br \/>\nhttps:\/\/www.gov.br\/saude\/pt-br\/campanhas-da-saude\/2024\/brasil-unido-contra-a-dengue<\/div>\n<p><strong class=\"ng-scope\">Atividade:<\/strong><br class=\"ng-scope\" \/><strong class=\"ng-scope\">Teremos duas etapas a serem cumpridas:<\/strong><br class=\"ng-scope\" \/><strong class=\"ng-scope\">1. Elabore\u00a0<\/strong>um texto descritivo:<br class=\"ng-scope\" \/><strong class=\"ng-scope\">&#8211; Descreva a sua interpreta\u00e7\u00e3o<\/strong>\u00a0do diagrama de controle sobre a incid\u00eancia de casos prov\u00e1veis de dengue.<br class=\"ng-scope\" \/><strong class=\"ng-scope\">&#8211; Descreva\u00a0<\/strong>medidas e h\u00e1bitos que podem ser adotados pela popula\u00e7\u00e3o para controlar o vetor Aedes aegypti e prevenir novos casos de dengue.<br class=\"ng-scope\" \/>&#8211; O texto \u00e9 livre no que diz respeito ao quantitativo de linhas.<br class=\"ng-scope\" \/>&#8211; Insira depois do texto as refer\u00eancias utilizadas (deixei algumas no material de apoio).<br class=\"ng-scope\" \/><strong class=\"ng-scope\">2. Elabore<\/strong>\u00a0um &#8220;Mapa Mental<em class=\"ng-scope\">&#8220;<\/em>, para ser postado no Instagram:<br class=\"ng-scope\" \/>Passo 1: Acesse o link da campanha contra a dengue: https:\/\/www.gov.br\/saude\/pt-br\/campanhas-da-saude\/2024\/brasil-unido-contra-a-dengue\/acesse-as-pecas<br class=\"ng-scope\" \/>Passo 2: Escolha um material informativo dispon\u00edvel no site, como por exemplo: banner, folder ou o cartaz (especifique qual foi o escolhido).<br class=\"ng-scope\" \/>Passo 3: Estude as informa\u00e7\u00f5es do material escolhido para criar o &#8220;mapa mental<em class=\"ng-scope\">&#8220;<\/em>.<br class=\"ng-scope\" \/>&#8211; Utilize a ferramenta gratuita\u00a0<strong class=\"ng-scope\">canva ou aplicativo correspondente<\/strong>;<br class=\"ng-scope\" \/>&#8211; Utilize uma comunica\u00e7\u00e3o direta e clara;<br class=\"ng-scope\" \/>&#8211; Utilize letra leg\u00edvel e insira imagens;<br class=\"ng-scope\" \/>Seu &#8220;mapa mental<em class=\"ng-scope\">&#8220;<\/em>\u00a0deve conter um dos seguintes temas:<br class=\"ng-scope\" \/>&#8211; Sobre os\u00a0<strong class=\"ng-scope\">sinais e sintomas\u00a0<\/strong>da dengue;<br class=\"ng-scope\" \/>&#8211; Sobre\u00a0<strong class=\"ng-scope\">h\u00e1bitos que podem ser adotados pela popula\u00e7\u00e3o<\/strong>\u00a0a fim de controlar o Aedes aegypti e prevenir novos casos de dengue.<\/p>\n","protected":false},"excerpt":{"rendered":"<p><strong><span style=\"color: #ff0000;\">Acompanha um\u00a0 MAPA Mental sobre a Dengue<\/span><\/strong><\/p>\n","protected":false},"featured_media":2326,"template":"","meta":{"_monsterinsights_skip_tracking":false,"_monsterinsights_sitenote_active":false,"_monsterinsights_sitenote_note":"","_monsterinsights_sitenote_category":0},"product_brand":[],"product_cat":[58,31],"product_tag":[],"class_list":{"0":"post-3995","1":"product","2":"type-product","3":"status-publish","4":"has-post-thumbnail","6":"product_cat-biomedicina","7":"product_cat-farmacia","9":"first","10":"instock","11":"downloadable","12":"virtual","13":"purchasable","14":"product-type-simple"},"yoast_head":"<!-- This site is optimized with the Yoast SEO plugin v27.4 - https:\/\/yoast.com\/product\/yoast-seo-wordpress\/ -->\n<title>MAPA - BIOESTAT\u00cdSTICA E EPIDEMIOLOGIA - 52_2024<\/title>\n<meta name=\"description\" content=\"Atividade MAPA - BIOESTAT\u00cdSTICA E EPIDEMIOLOGIA - 52_2024 &#8902; Unicesumar. Baixe agora mesmo um Mapa Pronto resolvido!\" \/>\n<meta name=\"robots\" content=\"index, follow, max-snippet:-1, max-image-preview:large, max-video-preview:-1\" \/>\n<link rel=\"canonical\" href=\"https:\/\/atividademapa.com\/?product=mapa-bioestatistica-e-epidemiologia-52_2024\" \/>\n<meta property=\"og:locale\" content=\"pt_BR\" \/>\n<meta property=\"og:type\" content=\"article\" \/>\n<meta property=\"og:title\" content=\"MAPA - BIOESTAT\u00cdSTICA E EPIDEMIOLOGIA - 52_2024\" \/>\n<meta property=\"og:description\" content=\"Atividade MAPA - BIOESTAT\u00cdSTICA E EPIDEMIOLOGIA - 52_2024 &#8902; Unicesumar. Baixe agora mesmo um Mapa Pronto resolvido!\" \/>\n<meta property=\"og:url\" content=\"https:\/\/atividademapa.com\/?product=mapa-bioestatistica-e-epidemiologia-52_2024\" \/>\n<meta property=\"og:site_name\" content=\"Atividade Mapa\" \/>\n<meta property=\"article:modified_time\" content=\"2024-05-11T20:06:02+00:00\" \/>\n<meta property=\"og:image\" content=\"https:\/\/i0.wp.com\/atividademapa.com\/wp-content\/uploads\/2023\/03\/Atividade-M.A.P.A-3.png?fit=300%2C300&ssl=1\" \/>\n\t<meta property=\"og:image:width\" content=\"300\" \/>\n\t<meta property=\"og:image:height\" content=\"300\" \/>\n\t<meta property=\"og:image:type\" content=\"image\/png\" \/>\n<meta name=\"twitter:card\" content=\"summary_large_image\" \/>\n<meta name=\"twitter:label1\" content=\"Est. tempo de leitura\" \/>\n\t<meta name=\"twitter:data1\" content=\"2 minutos\" \/>\n<script type=\"application\/ld+json\" class=\"yoast-schema-graph\">{\"@context\":\"https:\\\/\\\/schema.org\",\"@graph\":[{\"@type\":\"WebPage\",\"@id\":\"https:\\\/\\\/atividademapa.com\\\/?product=mapa-bioestatistica-e-epidemiologia-52_2024\",\"url\":\"https:\\\/\\\/atividademapa.com\\\/?product=mapa-bioestatistica-e-epidemiologia-52_2024\",\"name\":\"MAPA - BIOESTAT\u00cdSTICA E EPIDEMIOLOGIA - 52_2024\",\"isPartOf\":{\"@id\":\"https:\\\/\\\/atividademapa.com\\\/#website\"},\"primaryImageOfPage\":{\"@id\":\"https:\\\/\\\/atividademapa.com\\\/?product=mapa-bioestatistica-e-epidemiologia-52_2024#primaryimage\"},\"image\":{\"@id\":\"https:\\\/\\\/atividademapa.com\\\/?product=mapa-bioestatistica-e-epidemiologia-52_2024#primaryimage\"},\"thumbnailUrl\":\"https:\\\/\\\/i0.wp.com\\\/atividademapa.com\\\/wp-content\\\/uploads\\\/2023\\\/03\\\/Atividade-M.A.P.A-3.png?fit=300%2C300&ssl=1\",\"datePublished\":\"2024-05-11T19:03:35+00:00\",\"dateModified\":\"2024-05-11T20:06:02+00:00\",\"description\":\"Atividade MAPA - BIOESTAT\u00cdSTICA E EPIDEMIOLOGIA - 52_2024 &#8902; Unicesumar. Baixe agora mesmo um Mapa Pronto resolvido!\",\"breadcrumb\":{\"@id\":\"https:\\\/\\\/atividademapa.com\\\/?product=mapa-bioestatistica-e-epidemiologia-52_2024#breadcrumb\"},\"inLanguage\":\"pt-BR\",\"potentialAction\":[{\"@type\":\"ReadAction\",\"target\":[\"https:\\\/\\\/atividademapa.com\\\/?product=mapa-bioestatistica-e-epidemiologia-52_2024\"]}]},{\"@type\":\"ImageObject\",\"inLanguage\":\"pt-BR\",\"@id\":\"https:\\\/\\\/atividademapa.com\\\/?product=mapa-bioestatistica-e-epidemiologia-52_2024#primaryimage\",\"url\":\"https:\\\/\\\/i0.wp.com\\\/atividademapa.com\\\/wp-content\\\/uploads\\\/2023\\\/03\\\/Atividade-M.A.P.A-3.png?fit=300%2C300&ssl=1\",\"contentUrl\":\"https:\\\/\\\/i0.wp.com\\\/atividademapa.com\\\/wp-content\\\/uploads\\\/2023\\\/03\\\/Atividade-M.A.P.A-3.png?fit=300%2C300&ssl=1\",\"width\":300,\"height\":300,\"caption\":\"Mapa Unicesumar Atividade\"},{\"@type\":\"BreadcrumbList\",\"@id\":\"https:\\\/\\\/atividademapa.com\\\/?product=mapa-bioestatistica-e-epidemiologia-52_2024#breadcrumb\",\"itemListElement\":[{\"@type\":\"ListItem\",\"position\":1,\"name\":\"In\u00edcio\",\"item\":\"https:\\\/\\\/atividademapa.com\\\/\"},{\"@type\":\"ListItem\",\"position\":2,\"name\":\"MAPAS\",\"item\":\"https:\\\/\\\/atividademapa.com\\\/?page_id=5\"},{\"@type\":\"ListItem\",\"position\":3,\"name\":\"MAPA &#8211; BIOESTAT\u00cdSTICA E EPIDEMIOLOGIA &#8211; 52_2024\"}]},{\"@type\":\"WebSite\",\"@id\":\"https:\\\/\\\/atividademapa.com\\\/#website\",\"url\":\"https:\\\/\\\/atividademapa.com\\\/\",\"name\":\"Atividade Mapa\",\"description\":\"StudeO | Unicesumar\",\"publisher\":{\"@id\":\"https:\\\/\\\/atividademapa.com\\\/#organization\"},\"potentialAction\":[{\"@type\":\"SearchAction\",\"target\":{\"@type\":\"EntryPoint\",\"urlTemplate\":\"https:\\\/\\\/atividademapa.com\\\/?s={search_term_string}\"},\"query-input\":{\"@type\":\"PropertyValueSpecification\",\"valueRequired\":true,\"valueName\":\"search_term_string\"}}],\"inLanguage\":\"pt-BR\"},{\"@type\":\"Organization\",\"@id\":\"https:\\\/\\\/atividademapa.com\\\/#organization\",\"name\":\"Atividade MAPA\",\"url\":\"https:\\\/\\\/atividademapa.com\\\/\",\"logo\":{\"@type\":\"ImageObject\",\"inLanguage\":\"pt-BR\",\"@id\":\"https:\\\/\\\/atividademapa.com\\\/#\\\/schema\\\/logo\\\/image\\\/\",\"url\":\"https:\\\/\\\/i0.wp.com\\\/atividademapa.com\\\/wp-content\\\/uploads\\\/2023\\\/02\\\/ATIVIDADE.png?fit=600%2C300&ssl=1\",\"contentUrl\":\"https:\\\/\\\/i0.wp.com\\\/atividademapa.com\\\/wp-content\\\/uploads\\\/2023\\\/02\\\/ATIVIDADE.png?fit=600%2C300&ssl=1\",\"width\":600,\"height\":300,\"caption\":\"Atividade MAPA\"},\"image\":{\"@id\":\"https:\\\/\\\/atividademapa.com\\\/#\\\/schema\\\/logo\\\/image\\\/\"}}]}<\/script>\n<!-- \/ Yoast SEO plugin. -->","yoast_head_json":{"title":"MAPA - BIOESTAT\u00cdSTICA E EPIDEMIOLOGIA - 52_2024","description":"Atividade MAPA - BIOESTAT\u00cdSTICA E EPIDEMIOLOGIA - 52_2024 &#8902; Unicesumar. Baixe agora mesmo um Mapa Pronto resolvido!","robots":{"index":"index","follow":"follow","max-snippet":"max-snippet:-1","max-image-preview":"max-image-preview:large","max-video-preview":"max-video-preview:-1"},"canonical":"https:\/\/atividademapa.com\/?product=mapa-bioestatistica-e-epidemiologia-52_2024","og_locale":"pt_BR","og_type":"article","og_title":"MAPA - BIOESTAT\u00cdSTICA E EPIDEMIOLOGIA - 52_2024","og_description":"Atividade MAPA - BIOESTAT\u00cdSTICA E EPIDEMIOLOGIA - 52_2024 &#8902; Unicesumar. Baixe agora mesmo um Mapa Pronto resolvido!","og_url":"https:\/\/atividademapa.com\/?product=mapa-bioestatistica-e-epidemiologia-52_2024","og_site_name":"Atividade Mapa","article_modified_time":"2024-05-11T20:06:02+00:00","og_image":[{"width":300,"height":300,"url":"https:\/\/i0.wp.com\/atividademapa.com\/wp-content\/uploads\/2023\/03\/Atividade-M.A.P.A-3.png?fit=300%2C300&ssl=1","type":"image\/png"}],"twitter_card":"summary_large_image","twitter_misc":{"Est. tempo de leitura":"2 minutos"},"schema":{"@context":"https:\/\/schema.org","@graph":[{"@type":"WebPage","@id":"https:\/\/atividademapa.com\/?product=mapa-bioestatistica-e-epidemiologia-52_2024","url":"https:\/\/atividademapa.com\/?product=mapa-bioestatistica-e-epidemiologia-52_2024","name":"MAPA - BIOESTAT\u00cdSTICA E EPIDEMIOLOGIA - 52_2024","isPartOf":{"@id":"https:\/\/atividademapa.com\/#website"},"primaryImageOfPage":{"@id":"https:\/\/atividademapa.com\/?product=mapa-bioestatistica-e-epidemiologia-52_2024#primaryimage"},"image":{"@id":"https:\/\/atividademapa.com\/?product=mapa-bioestatistica-e-epidemiologia-52_2024#primaryimage"},"thumbnailUrl":"https:\/\/i0.wp.com\/atividademapa.com\/wp-content\/uploads\/2023\/03\/Atividade-M.A.P.A-3.png?fit=300%2C300&ssl=1","datePublished":"2024-05-11T19:03:35+00:00","dateModified":"2024-05-11T20:06:02+00:00","description":"Atividade MAPA - BIOESTAT\u00cdSTICA E EPIDEMIOLOGIA - 52_2024 &#8902; Unicesumar. Baixe agora mesmo um Mapa Pronto resolvido!","breadcrumb":{"@id":"https:\/\/atividademapa.com\/?product=mapa-bioestatistica-e-epidemiologia-52_2024#breadcrumb"},"inLanguage":"pt-BR","potentialAction":[{"@type":"ReadAction","target":["https:\/\/atividademapa.com\/?product=mapa-bioestatistica-e-epidemiologia-52_2024"]}]},{"@type":"ImageObject","inLanguage":"pt-BR","@id":"https:\/\/atividademapa.com\/?product=mapa-bioestatistica-e-epidemiologia-52_2024#primaryimage","url":"https:\/\/i0.wp.com\/atividademapa.com\/wp-content\/uploads\/2023\/03\/Atividade-M.A.P.A-3.png?fit=300%2C300&ssl=1","contentUrl":"https:\/\/i0.wp.com\/atividademapa.com\/wp-content\/uploads\/2023\/03\/Atividade-M.A.P.A-3.png?fit=300%2C300&ssl=1","width":300,"height":300,"caption":"Mapa Unicesumar Atividade"},{"@type":"BreadcrumbList","@id":"https:\/\/atividademapa.com\/?product=mapa-bioestatistica-e-epidemiologia-52_2024#breadcrumb","itemListElement":[{"@type":"ListItem","position":1,"name":"In\u00edcio","item":"https:\/\/atividademapa.com\/"},{"@type":"ListItem","position":2,"name":"MAPAS","item":"https:\/\/atividademapa.com\/?page_id=5"},{"@type":"ListItem","position":3,"name":"MAPA &#8211; BIOESTAT\u00cdSTICA E EPIDEMIOLOGIA &#8211; 52_2024"}]},{"@type":"WebSite","@id":"https:\/\/atividademapa.com\/#website","url":"https:\/\/atividademapa.com\/","name":"Atividade Mapa","description":"StudeO | Unicesumar","publisher":{"@id":"https:\/\/atividademapa.com\/#organization"},"potentialAction":[{"@type":"SearchAction","target":{"@type":"EntryPoint","urlTemplate":"https:\/\/atividademapa.com\/?s={search_term_string}"},"query-input":{"@type":"PropertyValueSpecification","valueRequired":true,"valueName":"search_term_string"}}],"inLanguage":"pt-BR"},{"@type":"Organization","@id":"https:\/\/atividademapa.com\/#organization","name":"Atividade MAPA","url":"https:\/\/atividademapa.com\/","logo":{"@type":"ImageObject","inLanguage":"pt-BR","@id":"https:\/\/atividademapa.com\/#\/schema\/logo\/image\/","url":"https:\/\/i0.wp.com\/atividademapa.com\/wp-content\/uploads\/2023\/02\/ATIVIDADE.png?fit=600%2C300&ssl=1","contentUrl":"https:\/\/i0.wp.com\/atividademapa.com\/wp-content\/uploads\/2023\/02\/ATIVIDADE.png?fit=600%2C300&ssl=1","width":600,"height":300,"caption":"Atividade MAPA"},"image":{"@id":"https:\/\/atividademapa.com\/#\/schema\/logo\/image\/"}}]}},"_links":{"self":[{"href":"https:\/\/atividademapa.com\/index.php?rest_route=\/wp\/v2\/product\/3995","targetHints":{"allow":["GET"]}}],"collection":[{"href":"https:\/\/atividademapa.com\/index.php?rest_route=\/wp\/v2\/product"}],"about":[{"href":"https:\/\/atividademapa.com\/index.php?rest_route=\/wp\/v2\/types\/product"}],"version-history":[{"count":3,"href":"https:\/\/atividademapa.com\/index.php?rest_route=\/wp\/v2\/product\/3995\/revisions"}],"predecessor-version":[{"id":3999,"href":"https:\/\/atividademapa.com\/index.php?rest_route=\/wp\/v2\/product\/3995\/revisions\/3999"}],"wp:featuredmedia":[{"embeddable":true,"href":"https:\/\/atividademapa.com\/index.php?rest_route=\/wp\/v2\/media\/2326"}],"wp:attachment":[{"href":"https:\/\/atividademapa.com\/index.php?rest_route=%2Fwp%2Fv2%2Fmedia&parent=3995"}],"wp:term":[{"taxonomy":"product_brand","embeddable":true,"href":"https:\/\/atividademapa.com\/index.php?rest_route=%2Fwp%2Fv2%2Fproduct_brand&post=3995"},{"taxonomy":"product_cat","embeddable":true,"href":"https:\/\/atividademapa.com\/index.php?rest_route=%2Fwp%2Fv2%2Fproduct_cat&post=3995"},{"taxonomy":"product_tag","embeddable":true,"href":"https:\/\/atividademapa.com\/index.php?rest_route=%2Fwp%2Fv2%2Fproduct_tag&post=3995"}],"curies":[{"name":"wp","href":"https:\/\/api.w.org\/{rel}","templated":true}]}}