{"id":4003,"date":"2024-05-13T15:26:26","date_gmt":"2024-05-13T18:26:26","guid":{"rendered":"https:\/\/atividademapa.com\/?post_type=product&#038;p=4003"},"modified":"2024-05-13T15:26:28","modified_gmt":"2024-05-13T18:26:28","slug":"mapa-tecnico-em-secretaria-escolar-modulo-92","status":"publish","type":"product","link":"https:\/\/atividademapa.com\/?product=mapa-tecnico-em-secretaria-escolar-modulo-92","title":{"rendered":"MAPA &#8211; T\u00e9cnico em Secretaria Escolar &#8211; M\u00f3dulo 92"},"content":{"rendered":"<p><strong>Proposta da atividade:<\/strong><\/p>\n<p><strong>\u00a0<\/strong>Leia a situa\u00e7\u00e3o hipot\u00e9tica abaixo:<\/p>\n<p>Uma escola particular em fase de crescimento na cidade de Curitiba, estado do Paran\u00e1, possui 500 alunos matriculados e necessita de um(a) secret\u00e1rio(a) escolar para ajudar na gest\u00e3o, com isso foi aberto o processo seletivo para a contrata\u00e7\u00e3o de um(a) novo(a) colaborador(a) para o cargo.<\/p>\n<p>Um problema muito recorrente apresentado foi em rela\u00e7\u00e3o aos documentos dos alunos, visto que todos ficam empilhados no dep\u00f3sito, e sempre que o secretario precisava consultar alguma informa\u00e7\u00e3o, gastava um bom tempo para localizar a pasta do aluno. Outro ponto importante \u00e9 que a gest\u00e3o da escola gostaria de algumas informa\u00e7\u00f5es estat\u00edsticas sobre os alunos.<\/p>\n<p>Sendo assim, voc\u00ea como t\u00e9cnico(a) em Secretaria Escolar selecionado para a vaga de secret\u00e1rio(a) escolar, precisa dar solu\u00e7\u00f5es para os problemas vividos pela escola. Voc\u00ea deve utilizar o formul\u00e1rio padr\u00e3o e se guiar pelos seguintes t\u00f3picos:<\/p>\n<ol>\n<li><strong>Import\u00e2ncia das Tecnologias da Informa\u00e7\u00e3o: <\/strong>Elabore um texto (m\u00ednimo 15 e m\u00e1ximo 20 linhas) abordando sobre a relev\u00e2ncia do uso das tecnologias da informa\u00e7\u00e3o aplicada ao contexto escolar e como sua utiliza\u00e7\u00e3o pode melhorar alguns processos:<\/li>\n<\/ol>\n<p><strong>\u00a0 \u00a0 \u00a0 2.\u00a0 <\/strong><strong>Elabora\u00e7\u00e3o de Gr\u00e1fico: <\/strong>Ao analisar os documentos escolares, voc\u00ea chegou \u00e0 conclus\u00e3o de que os 500 alunos matriculados estavam distribu\u00eddos da seguinte forma:<\/p>\n<p>Meninas: 100 alunas possuem 11 anos, 80 alunas possuem 12 anos, 60 alunas possuem 13 anos e 60 alunas possuem 14 anos.<\/p>\n<p>Meninos: 70 alunos possuem 11 anos, 50 com 12 anos, 50 com 13 anos e 30 com 14 anos.<\/p>\n<p>Elabore dois gr\u00e1ficos de barras (um para os meninos e outro para as meninas) onde o eixo Y representa a quantidade de alunos e o eixo X representa a idade deles:<strong>\u00a0<\/strong><\/p>\n<p><strong>\u00a0 \u00a0 \u00a0 \u00a0 \u00a03. M\u00e9dia, Moda e Mediana: Explique e calcule a M\u00e9dia, Moda e Mediana da idade dos estudantes, independentemente de serem meninos ou meninas<\/strong><strong>:<\/strong><\/p>\n<p><strong>\u00a0<\/strong><\/p>\n","protected":false},"excerpt":{"rendered":"<p>Proposta da atividade: \u00a0Leia a situa\u00e7\u00e3o hipot\u00e9tica abaixo: Uma escola particular em fase de crescimento na cidade de Curitiba, estado<\/p>\n","protected":false},"featured_media":2326,"template":"","meta":{"_monsterinsights_skip_tracking":false,"_monsterinsights_sitenote_active":false,"_monsterinsights_sitenote_note":"","_monsterinsights_sitenote_category":0},"product_brand":[],"product_cat":[132,131],"product_tag":[],"class_list":{"0":"post-4003","1":"product","2":"type-product","3":"status-publish","4":"has-post-thumbnail","6":"product_cat-modulo-92","7":"product_cat-secretaria-escolar","9":"first","10":"instock","11":"downloadable","12":"virtual","13":"purchasable","14":"product-type-simple"},"yoast_head":"<!-- This site is optimized with the Yoast SEO plugin v27.4 - https:\/\/yoast.com\/product\/yoast-seo-wordpress\/ -->\n<title>MAPA - T\u00e9cnico em Secretaria Escolar - M\u00f3dulo 92<\/title>\n<meta name=\"description\" content=\"Atividade MAPA - T\u00e9cnico em Secretaria Escolar - M\u00f3dulo 92 &#8902; Unicesumar. Baixe agora mesmo um Mapa Pronto resolvido!\" \/>\n<meta name=\"robots\" content=\"index, follow, max-snippet:-1, max-image-preview:large, max-video-preview:-1\" \/>\n<link rel=\"canonical\" href=\"https:\/\/atividademapa.com\/?product=mapa-tecnico-em-secretaria-escolar-modulo-92\" \/>\n<meta property=\"og:locale\" content=\"pt_BR\" \/>\n<meta property=\"og:type\" content=\"article\" \/>\n<meta property=\"og:title\" content=\"MAPA - T\u00e9cnico em Secretaria Escolar - M\u00f3dulo 92\" \/>\n<meta property=\"og:description\" content=\"Atividade MAPA - T\u00e9cnico em Secretaria Escolar - M\u00f3dulo 92 &#8902; Unicesumar. Baixe agora mesmo um Mapa Pronto resolvido!\" \/>\n<meta property=\"og:url\" content=\"https:\/\/atividademapa.com\/?product=mapa-tecnico-em-secretaria-escolar-modulo-92\" \/>\n<meta property=\"og:site_name\" content=\"Atividade Mapa\" \/>\n<meta property=\"article:modified_time\" content=\"2024-05-13T18:26:28+00:00\" \/>\n<meta property=\"og:image\" content=\"https:\/\/i0.wp.com\/atividademapa.com\/wp-content\/uploads\/2023\/03\/Atividade-M.A.P.A-3.png?fit=300%2C300&ssl=1\" \/>\n\t<meta property=\"og:image:width\" content=\"300\" \/>\n\t<meta property=\"og:image:height\" content=\"300\" \/>\n\t<meta property=\"og:image:type\" content=\"image\/png\" \/>\n<meta name=\"twitter:card\" content=\"summary_large_image\" \/>\n<meta name=\"twitter:label1\" content=\"Est. tempo de leitura\" \/>\n\t<meta name=\"twitter:data1\" content=\"2 minutos\" \/>\n<script type=\"application\/ld+json\" class=\"yoast-schema-graph\">{\"@context\":\"https:\\\/\\\/schema.org\",\"@graph\":[{\"@type\":\"WebPage\",\"@id\":\"https:\\\/\\\/atividademapa.com\\\/?product=mapa-tecnico-em-secretaria-escolar-modulo-92\",\"url\":\"https:\\\/\\\/atividademapa.com\\\/?product=mapa-tecnico-em-secretaria-escolar-modulo-92\",\"name\":\"MAPA - T\u00e9cnico em Secretaria Escolar - M\u00f3dulo 92\",\"isPartOf\":{\"@id\":\"https:\\\/\\\/atividademapa.com\\\/#website\"},\"primaryImageOfPage\":{\"@id\":\"https:\\\/\\\/atividademapa.com\\\/?product=mapa-tecnico-em-secretaria-escolar-modulo-92#primaryimage\"},\"image\":{\"@id\":\"https:\\\/\\\/atividademapa.com\\\/?product=mapa-tecnico-em-secretaria-escolar-modulo-92#primaryimage\"},\"thumbnailUrl\":\"https:\\\/\\\/i0.wp.com\\\/atividademapa.com\\\/wp-content\\\/uploads\\\/2023\\\/03\\\/Atividade-M.A.P.A-3.png?fit=300%2C300&ssl=1\",\"datePublished\":\"2024-05-13T18:26:26+00:00\",\"dateModified\":\"2024-05-13T18:26:28+00:00\",\"description\":\"Atividade MAPA - T\u00e9cnico em Secretaria Escolar - M\u00f3dulo 92 &#8902; Unicesumar. Baixe agora mesmo um Mapa Pronto resolvido!\",\"breadcrumb\":{\"@id\":\"https:\\\/\\\/atividademapa.com\\\/?product=mapa-tecnico-em-secretaria-escolar-modulo-92#breadcrumb\"},\"inLanguage\":\"pt-BR\",\"potentialAction\":[{\"@type\":\"ReadAction\",\"target\":[\"https:\\\/\\\/atividademapa.com\\\/?product=mapa-tecnico-em-secretaria-escolar-modulo-92\"]}]},{\"@type\":\"ImageObject\",\"inLanguage\":\"pt-BR\",\"@id\":\"https:\\\/\\\/atividademapa.com\\\/?product=mapa-tecnico-em-secretaria-escolar-modulo-92#primaryimage\",\"url\":\"https:\\\/\\\/i0.wp.com\\\/atividademapa.com\\\/wp-content\\\/uploads\\\/2023\\\/03\\\/Atividade-M.A.P.A-3.png?fit=300%2C300&ssl=1\",\"contentUrl\":\"https:\\\/\\\/i0.wp.com\\\/atividademapa.com\\\/wp-content\\\/uploads\\\/2023\\\/03\\\/Atividade-M.A.P.A-3.png?fit=300%2C300&ssl=1\",\"width\":300,\"height\":300,\"caption\":\"Mapa Unicesumar Atividade\"},{\"@type\":\"BreadcrumbList\",\"@id\":\"https:\\\/\\\/atividademapa.com\\\/?product=mapa-tecnico-em-secretaria-escolar-modulo-92#breadcrumb\",\"itemListElement\":[{\"@type\":\"ListItem\",\"position\":1,\"name\":\"In\u00edcio\",\"item\":\"https:\\\/\\\/atividademapa.com\\\/\"},{\"@type\":\"ListItem\",\"position\":2,\"name\":\"MAPAS\",\"item\":\"https:\\\/\\\/atividademapa.com\\\/?page_id=5\"},{\"@type\":\"ListItem\",\"position\":3,\"name\":\"MAPA &#8211; T\u00e9cnico em Secretaria Escolar &#8211; M\u00f3dulo 92\"}]},{\"@type\":\"WebSite\",\"@id\":\"https:\\\/\\\/atividademapa.com\\\/#website\",\"url\":\"https:\\\/\\\/atividademapa.com\\\/\",\"name\":\"Atividade Mapa\",\"description\":\"StudeO | Unicesumar\",\"publisher\":{\"@id\":\"https:\\\/\\\/atividademapa.com\\\/#organization\"},\"potentialAction\":[{\"@type\":\"SearchAction\",\"target\":{\"@type\":\"EntryPoint\",\"urlTemplate\":\"https:\\\/\\\/atividademapa.com\\\/?s={search_term_string}\"},\"query-input\":{\"@type\":\"PropertyValueSpecification\",\"valueRequired\":true,\"valueName\":\"search_term_string\"}}],\"inLanguage\":\"pt-BR\"},{\"@type\":\"Organization\",\"@id\":\"https:\\\/\\\/atividademapa.com\\\/#organization\",\"name\":\"Atividade MAPA\",\"url\":\"https:\\\/\\\/atividademapa.com\\\/\",\"logo\":{\"@type\":\"ImageObject\",\"inLanguage\":\"pt-BR\",\"@id\":\"https:\\\/\\\/atividademapa.com\\\/#\\\/schema\\\/logo\\\/image\\\/\",\"url\":\"https:\\\/\\\/i0.wp.com\\\/atividademapa.com\\\/wp-content\\\/uploads\\\/2023\\\/02\\\/ATIVIDADE.png?fit=600%2C300&ssl=1\",\"contentUrl\":\"https:\\\/\\\/i0.wp.com\\\/atividademapa.com\\\/wp-content\\\/uploads\\\/2023\\\/02\\\/ATIVIDADE.png?fit=600%2C300&ssl=1\",\"width\":600,\"height\":300,\"caption\":\"Atividade MAPA\"},\"image\":{\"@id\":\"https:\\\/\\\/atividademapa.com\\\/#\\\/schema\\\/logo\\\/image\\\/\"}}]}<\/script>\n<!-- \/ Yoast SEO plugin. -->","yoast_head_json":{"title":"MAPA - T\u00e9cnico em Secretaria Escolar - M\u00f3dulo 92","description":"Atividade MAPA - T\u00e9cnico em Secretaria Escolar - M\u00f3dulo 92 &#8902; Unicesumar. Baixe agora mesmo um Mapa Pronto resolvido!","robots":{"index":"index","follow":"follow","max-snippet":"max-snippet:-1","max-image-preview":"max-image-preview:large","max-video-preview":"max-video-preview:-1"},"canonical":"https:\/\/atividademapa.com\/?product=mapa-tecnico-em-secretaria-escolar-modulo-92","og_locale":"pt_BR","og_type":"article","og_title":"MAPA - T\u00e9cnico em Secretaria Escolar - M\u00f3dulo 92","og_description":"Atividade MAPA - T\u00e9cnico em Secretaria Escolar - M\u00f3dulo 92 &#8902; Unicesumar. Baixe agora mesmo um Mapa Pronto resolvido!","og_url":"https:\/\/atividademapa.com\/?product=mapa-tecnico-em-secretaria-escolar-modulo-92","og_site_name":"Atividade Mapa","article_modified_time":"2024-05-13T18:26:28+00:00","og_image":[{"width":300,"height":300,"url":"https:\/\/i0.wp.com\/atividademapa.com\/wp-content\/uploads\/2023\/03\/Atividade-M.A.P.A-3.png?fit=300%2C300&ssl=1","type":"image\/png"}],"twitter_card":"summary_large_image","twitter_misc":{"Est. tempo de leitura":"2 minutos"},"schema":{"@context":"https:\/\/schema.org","@graph":[{"@type":"WebPage","@id":"https:\/\/atividademapa.com\/?product=mapa-tecnico-em-secretaria-escolar-modulo-92","url":"https:\/\/atividademapa.com\/?product=mapa-tecnico-em-secretaria-escolar-modulo-92","name":"MAPA - T\u00e9cnico em Secretaria Escolar - M\u00f3dulo 92","isPartOf":{"@id":"https:\/\/atividademapa.com\/#website"},"primaryImageOfPage":{"@id":"https:\/\/atividademapa.com\/?product=mapa-tecnico-em-secretaria-escolar-modulo-92#primaryimage"},"image":{"@id":"https:\/\/atividademapa.com\/?product=mapa-tecnico-em-secretaria-escolar-modulo-92#primaryimage"},"thumbnailUrl":"https:\/\/i0.wp.com\/atividademapa.com\/wp-content\/uploads\/2023\/03\/Atividade-M.A.P.A-3.png?fit=300%2C300&ssl=1","datePublished":"2024-05-13T18:26:26+00:00","dateModified":"2024-05-13T18:26:28+00:00","description":"Atividade MAPA - T\u00e9cnico em Secretaria Escolar - M\u00f3dulo 92 &#8902; Unicesumar. Baixe agora mesmo um Mapa Pronto resolvido!","breadcrumb":{"@id":"https:\/\/atividademapa.com\/?product=mapa-tecnico-em-secretaria-escolar-modulo-92#breadcrumb"},"inLanguage":"pt-BR","potentialAction":[{"@type":"ReadAction","target":["https:\/\/atividademapa.com\/?product=mapa-tecnico-em-secretaria-escolar-modulo-92"]}]},{"@type":"ImageObject","inLanguage":"pt-BR","@id":"https:\/\/atividademapa.com\/?product=mapa-tecnico-em-secretaria-escolar-modulo-92#primaryimage","url":"https:\/\/i0.wp.com\/atividademapa.com\/wp-content\/uploads\/2023\/03\/Atividade-M.A.P.A-3.png?fit=300%2C300&ssl=1","contentUrl":"https:\/\/i0.wp.com\/atividademapa.com\/wp-content\/uploads\/2023\/03\/Atividade-M.A.P.A-3.png?fit=300%2C300&ssl=1","width":300,"height":300,"caption":"Mapa Unicesumar Atividade"},{"@type":"BreadcrumbList","@id":"https:\/\/atividademapa.com\/?product=mapa-tecnico-em-secretaria-escolar-modulo-92#breadcrumb","itemListElement":[{"@type":"ListItem","position":1,"name":"In\u00edcio","item":"https:\/\/atividademapa.com\/"},{"@type":"ListItem","position":2,"name":"MAPAS","item":"https:\/\/atividademapa.com\/?page_id=5"},{"@type":"ListItem","position":3,"name":"MAPA &#8211; T\u00e9cnico em Secretaria Escolar &#8211; M\u00f3dulo 92"}]},{"@type":"WebSite","@id":"https:\/\/atividademapa.com\/#website","url":"https:\/\/atividademapa.com\/","name":"Atividade Mapa","description":"StudeO | Unicesumar","publisher":{"@id":"https:\/\/atividademapa.com\/#organization"},"potentialAction":[{"@type":"SearchAction","target":{"@type":"EntryPoint","urlTemplate":"https:\/\/atividademapa.com\/?s={search_term_string}"},"query-input":{"@type":"PropertyValueSpecification","valueRequired":true,"valueName":"search_term_string"}}],"inLanguage":"pt-BR"},{"@type":"Organization","@id":"https:\/\/atividademapa.com\/#organization","name":"Atividade MAPA","url":"https:\/\/atividademapa.com\/","logo":{"@type":"ImageObject","inLanguage":"pt-BR","@id":"https:\/\/atividademapa.com\/#\/schema\/logo\/image\/","url":"https:\/\/i0.wp.com\/atividademapa.com\/wp-content\/uploads\/2023\/02\/ATIVIDADE.png?fit=600%2C300&ssl=1","contentUrl":"https:\/\/i0.wp.com\/atividademapa.com\/wp-content\/uploads\/2023\/02\/ATIVIDADE.png?fit=600%2C300&ssl=1","width":600,"height":300,"caption":"Atividade MAPA"},"image":{"@id":"https:\/\/atividademapa.com\/#\/schema\/logo\/image\/"}}]}},"_links":{"self":[{"href":"https:\/\/atividademapa.com\/index.php?rest_route=\/wp\/v2\/product\/4003","targetHints":{"allow":["GET"]}}],"collection":[{"href":"https:\/\/atividademapa.com\/index.php?rest_route=\/wp\/v2\/product"}],"about":[{"href":"https:\/\/atividademapa.com\/index.php?rest_route=\/wp\/v2\/types\/product"}],"version-history":[{"count":1,"href":"https:\/\/atividademapa.com\/index.php?rest_route=\/wp\/v2\/product\/4003\/revisions"}],"predecessor-version":[{"id":4005,"href":"https:\/\/atividademapa.com\/index.php?rest_route=\/wp\/v2\/product\/4003\/revisions\/4005"}],"wp:featuredmedia":[{"embeddable":true,"href":"https:\/\/atividademapa.com\/index.php?rest_route=\/wp\/v2\/media\/2326"}],"wp:attachment":[{"href":"https:\/\/atividademapa.com\/index.php?rest_route=%2Fwp%2Fv2%2Fmedia&parent=4003"}],"wp:term":[{"taxonomy":"product_brand","embeddable":true,"href":"https:\/\/atividademapa.com\/index.php?rest_route=%2Fwp%2Fv2%2Fproduct_brand&post=4003"},{"taxonomy":"product_cat","embeddable":true,"href":"https:\/\/atividademapa.com\/index.php?rest_route=%2Fwp%2Fv2%2Fproduct_cat&post=4003"},{"taxonomy":"product_tag","embeddable":true,"href":"https:\/\/atividademapa.com\/index.php?rest_route=%2Fwp%2Fv2%2Fproduct_tag&post=4003"}],"curies":[{"name":"wp","href":"https:\/\/api.w.org\/{rel}","templated":true}]}}