{"id":4006,"date":"2024-05-13T20:34:09","date_gmt":"2024-05-13T23:34:09","guid":{"rendered":"https:\/\/atividademapa.com\/?post_type=product&#038;p=4006"},"modified":"2024-05-14T17:26:34","modified_gmt":"2024-05-14T20:26:34","slug":"mapa-contabilidade-de-custos-52-2024","status":"publish","type":"product","link":"https:\/\/atividademapa.com\/?product=mapa-contabilidade-de-custos-52-2024","title":{"rendered":"MAPA &#8211; Contabilidade de Custos &#8211; 52\/2024"},"content":{"rendered":"<p>MAPA &#8211; Contabilidade de Custos &#8211; 52\/2024<\/p>\n<p>PRIMEIRA ETAPA: AQUECIMENTO: leitura do texto de apoio<\/p>\n<p>Voc\u00ea, juntamente com seu colega Marcos, ambos contadores profissionais, decidiram empreender no setor de acess\u00f3rios de couro ap\u00f3s conclu\u00edrem suas forma\u00e7\u00f5es. A empresa, denominada Luxe Leather Creations, teve suas opera\u00e7\u00f5es iniciadas em 1\u00ba de janeiro de 2024. Como profissionais qualificados, optaram por assumir a responsabilidade pela contabilidade gerencial e fiscal da empresa, registrando todas as transa\u00e7\u00f5es financeiras e gerando os demonstrativos necess\u00e1rios para embasar as decis\u00f5es estrat\u00e9gicas.<\/p>\n<p>Durante suas aulas introdut\u00f3rias, voc\u00ea j\u00e1 teve contato com o principal objetivo da contabilidade, que \u00e9 fornecer informa\u00e7\u00f5es relevantes e que sejam \u00fateis para a tomada de decis\u00e3o. Na disciplina atual, observamos como a contabilidade de custos se conecta diretamente \u00e0 necessidade de prover informa\u00e7\u00f5es de natureza econ\u00f4mica, financeira e patrimonial para que os gestores possam analisar e tomar decis\u00f5es. As informa\u00e7\u00f5es produzidas pela contabilidade de custos podem fazer a diferen\u00e7a entre o sucesso e o fracasso dos empreendimentos.<\/p>\n<p>Durante a disciplina de Contabilidade Empresarial, voc\u00ea adquiriu uma compreens\u00e3o b\u00e1sica sobre o Balan\u00e7o Patrimonial e a Demonstra\u00e7\u00e3o de Resultado, fornecendo-lhe um conhecimento pr\u00e9vio importante para calcular os resultados a partir dos custos. Ao combinar os conceitos da contabilidade de custos, incluindo a classifica\u00e7\u00e3o e o m\u00e9todo de custeio, com seu conhecimento sobre demonstra\u00e7\u00f5es financeiras, voc\u00ea possui todas as habilidades necess\u00e1rias para gerar informa\u00e7\u00f5es cruciais para o seu neg\u00f3cio.<\/p>\n<p>A seguir, apresentaremos as informa\u00e7\u00f5es poss\u00edveis e os questionamentos que devem ser atendidos para a realiza\u00e7\u00e3o desta atividade.<\/p>\n<p>SEGUNDA ETAPA: CONSIDERAR a situa\u00e7\u00e3o-problema e REALIZAR a atividade.<\/p>\n<p>MOVIMENTA\u00c7\u00d5ES DO M\u00caS DE JANEIRO DE 2024<\/p>\n<p>Na produ\u00e7\u00e3o dos acess\u00f3rios \u00e9 utilizada somente uma mat\u00e9ria prima: couro. A empresa informa que o saldo do estoque de mat\u00e9ria-prima no in\u00edcio do m\u00eas de janeiro de 2024 era zero (n\u00e3o havia saldo inicial). A empresa optou pelo enquadramento de tributa\u00e7\u00e3o do Lucro Real. O sistema de custeio adotado pela empresa \u00e9 Custeio por Absor\u00e7\u00e3o.<\/p>\n<p>Segue as informa\u00e7\u00f5es de janeiro de 2024:<\/p>\n<p>&#8211; Volume de produ\u00e7\u00e3o = 50 unidades de acess\u00f3rios;<br \/>\n&#8211; Consumo de couro (mat\u00e9ria-prima) = 2,4 metros por unidade de acess\u00f3rios;<br \/>\n&#8211; Venda = 40 unidades de acess\u00f3rios.<\/p>\n<p>02\/01\/2024 &#8211; Compra a prazo de 150 metros de couro, pelo valor de R$ 150,00 o metro, j\u00e1 incluso o imposto recuper\u00e1vel de 12% de ICMS. Seguro e Frete para pagamento a prazo da carga de R$ 800,00. N\u00e3o considerar outros impostos nesta transa\u00e7\u00e3o financeira.<\/p>\n<p>02\/01\/2024 &#8211; Requisi\u00e7\u00e3o e baixa de estoque de 80% do couro para produ\u00e7\u00e3o de 50 unidades de acess\u00f3rios. Sabe-se que o consumo de couro \u00e9 de 2,4 metros por unidade de acess\u00f3rios.<\/p>\n<p>02\/01\/2024 &#8211; Compra a prazo de materiais indiretos no valor de R$ 5.000,00, com ICMS incluso de 12%. N\u00e3o considerar outros impostos nesta transa\u00e7\u00e3o financeira.<\/p>\n<p>31\/01\/2024 \u2013 Venda \u00e0 vista de 40 unidades de acess\u00f3rios produzidos em janeiro, o pre\u00e7o de venda deve ser calculado considerando um Mark-up Multiplicador de 2,2 e ICMS de 12% (j\u00e1 incluso no pre\u00e7o de venda). N\u00e3o considerar outros impostos nesta transa\u00e7\u00e3o financeira.<\/p>\n<p>31\/01\/2024 &#8211; Provisionamento das despesas do m\u00eas de janeiro de 2024:<\/p>\n<p>Despesas Gerais e Administrativas \u2013 R$ 2.000,00;<\/p>\n<p>Considerando as informa\u00e7\u00f5es acima, PEDE-SE:<\/p>\n<p>Quest\u00e3o 01 \u2013 Elaborar a ficha de controle de estoque da mat\u00e9ria-prima couro, utilizando o crit\u00e9rio do custo m\u00e9dio (m\u00e9dia ponderada m\u00f3vel).<\/p>\n<p>Quest\u00e3o 02 \u2013 Apurar o custo indireto com os materiais indiretos consumidos no per\u00edodo.<\/p>\n<p>Quest\u00e3o 03 \u2013 Apura\u00e7\u00e3o do custo de produ\u00e7\u00e3o e transfer\u00eancia para estoque de produtos acabados, considerando que a MOD total de produ\u00e7\u00e3o do per\u00edodo foi de R$ 9.457,67:<\/p>\n<p>a. Custo total de produ\u00e7\u00e3o do per\u00edodo =<\/p>\n<p>b. Custo unit\u00e1rio dos acess\u00f3rios de couro produzidos em janeiro de 2024 =<\/p>\n<p>Quest\u00e3o 04 \u2013 Elaborar a ficha de controle de estoque do produto: Acess\u00f3rios de Couro.<\/p>\n<p>Quest\u00e3o 05 &#8211; Preencher a Demonstra\u00e7\u00e3o do Resultado do Exerc\u00edcio em 31\/01\/2024 (para fins did\u00e1ticos n\u00e3o incluir imposto de renda nem contribui\u00e7\u00e3o social sobre o lucro do per\u00edodo).<\/p>\n<p>Quest\u00e3o 06 \u2013 Considere que a empresa tenha como Custo e Despesa Vari\u00e1vel total o valor encontrado do Custo Unit\u00e1rio do produto Acess\u00f3rios de Couro (Quest\u00e3o 04 \u2013 letra b) e que o Custo Fixo total do m\u00eas de janeiro foi de R$ 18.000,00. Apresente:<\/p>\n<p>a. Margem de Contribui\u00e7\u00e3o Unit\u00e1ria =<\/p>\n<p>b. Ponto de Equil\u00edbrio Cont\u00e1bil (em unidades) de janeiro de 2024 =<\/p>\n","protected":false},"excerpt":{"rendered":"<p>MAPA &#8211; Contabilidade de Custos &#8211; 52\/2024 PRIMEIRA ETAPA: AQUECIMENTO: leitura do texto de apoio Voc\u00ea, juntamente com seu colega<\/p>\n","protected":false},"featured_media":2326,"template":"","meta":{"_monsterinsights_skip_tracking":false,"_monsterinsights_sitenote_active":false,"_monsterinsights_sitenote_note":"","_monsterinsights_sitenote_category":0},"product_brand":[],"product_cat":[46],"product_tag":[],"class_list":{"0":"post-4006","1":"product","2":"type-product","3":"status-publish","4":"has-post-thumbnail","6":"product_cat-ciencias-contabeis","8":"first","9":"instock","10":"downloadable","11":"virtual","12":"purchasable","13":"product-type-simple"},"yoast_head":"<!-- This site is optimized with the Yoast SEO plugin v27.4 - https:\/\/yoast.com\/product\/yoast-seo-wordpress\/ -->\n<title>MAPA - Contabilidade de Custos - 52\/2024<\/title>\n<meta name=\"description\" content=\"Atividade MAPA - Contabilidade de Custos - 52\/2024 &#8902; Unicesumar. Baixe agora mesmo um Mapa Pronto resolvido!\" \/>\n<meta name=\"robots\" content=\"index, follow, max-snippet:-1, max-image-preview:large, max-video-preview:-1\" \/>\n<link rel=\"canonical\" href=\"https:\/\/atividademapa.com\/?product=mapa-contabilidade-de-custos-52-2024\" \/>\n<meta property=\"og:locale\" content=\"pt_BR\" \/>\n<meta property=\"og:type\" content=\"article\" \/>\n<meta property=\"og:title\" content=\"MAPA - Contabilidade de Custos - 52\/2024\" \/>\n<meta property=\"og:description\" content=\"Atividade MAPA - Contabilidade de Custos - 52\/2024 &#8902; Unicesumar. Baixe agora mesmo um Mapa Pronto resolvido!\" \/>\n<meta property=\"og:url\" content=\"https:\/\/atividademapa.com\/?product=mapa-contabilidade-de-custos-52-2024\" \/>\n<meta property=\"og:site_name\" content=\"Atividade Mapa\" \/>\n<meta property=\"article:modified_time\" content=\"2024-05-14T20:26:34+00:00\" \/>\n<meta property=\"og:image\" content=\"https:\/\/i0.wp.com\/atividademapa.com\/wp-content\/uploads\/2023\/03\/Atividade-M.A.P.A-3.png?fit=300%2C300&ssl=1\" \/>\n\t<meta property=\"og:image:width\" content=\"300\" \/>\n\t<meta property=\"og:image:height\" content=\"300\" \/>\n\t<meta property=\"og:image:type\" content=\"image\/png\" \/>\n<meta name=\"twitter:card\" content=\"summary_large_image\" \/>\n<meta name=\"twitter:label1\" content=\"Est. tempo de leitura\" \/>\n\t<meta name=\"twitter:data1\" content=\"4 minutos\" \/>\n<script type=\"application\/ld+json\" class=\"yoast-schema-graph\">{\"@context\":\"https:\\\/\\\/schema.org\",\"@graph\":[{\"@type\":\"WebPage\",\"@id\":\"https:\\\/\\\/atividademapa.com\\\/?product=mapa-contabilidade-de-custos-52-2024\",\"url\":\"https:\\\/\\\/atividademapa.com\\\/?product=mapa-contabilidade-de-custos-52-2024\",\"name\":\"MAPA - Contabilidade de Custos - 52\\\/2024\",\"isPartOf\":{\"@id\":\"https:\\\/\\\/atividademapa.com\\\/#website\"},\"primaryImageOfPage\":{\"@id\":\"https:\\\/\\\/atividademapa.com\\\/?product=mapa-contabilidade-de-custos-52-2024#primaryimage\"},\"image\":{\"@id\":\"https:\\\/\\\/atividademapa.com\\\/?product=mapa-contabilidade-de-custos-52-2024#primaryimage\"},\"thumbnailUrl\":\"https:\\\/\\\/i0.wp.com\\\/atividademapa.com\\\/wp-content\\\/uploads\\\/2023\\\/03\\\/Atividade-M.A.P.A-3.png?fit=300%2C300&ssl=1\",\"datePublished\":\"2024-05-13T23:34:09+00:00\",\"dateModified\":\"2024-05-14T20:26:34+00:00\",\"description\":\"Atividade MAPA - Contabilidade de Custos - 52\\\/2024 &#8902; Unicesumar. Baixe agora mesmo um Mapa Pronto resolvido!\",\"breadcrumb\":{\"@id\":\"https:\\\/\\\/atividademapa.com\\\/?product=mapa-contabilidade-de-custos-52-2024#breadcrumb\"},\"inLanguage\":\"pt-BR\",\"potentialAction\":[{\"@type\":\"ReadAction\",\"target\":[\"https:\\\/\\\/atividademapa.com\\\/?product=mapa-contabilidade-de-custos-52-2024\"]}]},{\"@type\":\"ImageObject\",\"inLanguage\":\"pt-BR\",\"@id\":\"https:\\\/\\\/atividademapa.com\\\/?product=mapa-contabilidade-de-custos-52-2024#primaryimage\",\"url\":\"https:\\\/\\\/i0.wp.com\\\/atividademapa.com\\\/wp-content\\\/uploads\\\/2023\\\/03\\\/Atividade-M.A.P.A-3.png?fit=300%2C300&ssl=1\",\"contentUrl\":\"https:\\\/\\\/i0.wp.com\\\/atividademapa.com\\\/wp-content\\\/uploads\\\/2023\\\/03\\\/Atividade-M.A.P.A-3.png?fit=300%2C300&ssl=1\",\"width\":300,\"height\":300,\"caption\":\"Mapa Unicesumar Atividade\"},{\"@type\":\"BreadcrumbList\",\"@id\":\"https:\\\/\\\/atividademapa.com\\\/?product=mapa-contabilidade-de-custos-52-2024#breadcrumb\",\"itemListElement\":[{\"@type\":\"ListItem\",\"position\":1,\"name\":\"In\u00edcio\",\"item\":\"https:\\\/\\\/atividademapa.com\\\/\"},{\"@type\":\"ListItem\",\"position\":2,\"name\":\"MAPAS\",\"item\":\"https:\\\/\\\/atividademapa.com\\\/?page_id=5\"},{\"@type\":\"ListItem\",\"position\":3,\"name\":\"MAPA &#8211; Contabilidade de Custos &#8211; 52\\\/2024\"}]},{\"@type\":\"WebSite\",\"@id\":\"https:\\\/\\\/atividademapa.com\\\/#website\",\"url\":\"https:\\\/\\\/atividademapa.com\\\/\",\"name\":\"Atividade Mapa\",\"description\":\"StudeO | Unicesumar\",\"publisher\":{\"@id\":\"https:\\\/\\\/atividademapa.com\\\/#organization\"},\"potentialAction\":[{\"@type\":\"SearchAction\",\"target\":{\"@type\":\"EntryPoint\",\"urlTemplate\":\"https:\\\/\\\/atividademapa.com\\\/?s={search_term_string}\"},\"query-input\":{\"@type\":\"PropertyValueSpecification\",\"valueRequired\":true,\"valueName\":\"search_term_string\"}}],\"inLanguage\":\"pt-BR\"},{\"@type\":\"Organization\",\"@id\":\"https:\\\/\\\/atividademapa.com\\\/#organization\",\"name\":\"Atividade MAPA\",\"url\":\"https:\\\/\\\/atividademapa.com\\\/\",\"logo\":{\"@type\":\"ImageObject\",\"inLanguage\":\"pt-BR\",\"@id\":\"https:\\\/\\\/atividademapa.com\\\/#\\\/schema\\\/logo\\\/image\\\/\",\"url\":\"https:\\\/\\\/i0.wp.com\\\/atividademapa.com\\\/wp-content\\\/uploads\\\/2023\\\/02\\\/ATIVIDADE.png?fit=600%2C300&ssl=1\",\"contentUrl\":\"https:\\\/\\\/i0.wp.com\\\/atividademapa.com\\\/wp-content\\\/uploads\\\/2023\\\/02\\\/ATIVIDADE.png?fit=600%2C300&ssl=1\",\"width\":600,\"height\":300,\"caption\":\"Atividade MAPA\"},\"image\":{\"@id\":\"https:\\\/\\\/atividademapa.com\\\/#\\\/schema\\\/logo\\\/image\\\/\"}}]}<\/script>\n<!-- \/ Yoast SEO plugin. -->","yoast_head_json":{"title":"MAPA - Contabilidade de Custos - 52\/2024","description":"Atividade MAPA - Contabilidade de Custos - 52\/2024 &#8902; Unicesumar. Baixe agora mesmo um Mapa Pronto resolvido!","robots":{"index":"index","follow":"follow","max-snippet":"max-snippet:-1","max-image-preview":"max-image-preview:large","max-video-preview":"max-video-preview:-1"},"canonical":"https:\/\/atividademapa.com\/?product=mapa-contabilidade-de-custos-52-2024","og_locale":"pt_BR","og_type":"article","og_title":"MAPA - Contabilidade de Custos - 52\/2024","og_description":"Atividade MAPA - Contabilidade de Custos - 52\/2024 &#8902; Unicesumar. Baixe agora mesmo um Mapa Pronto resolvido!","og_url":"https:\/\/atividademapa.com\/?product=mapa-contabilidade-de-custos-52-2024","og_site_name":"Atividade Mapa","article_modified_time":"2024-05-14T20:26:34+00:00","og_image":[{"width":300,"height":300,"url":"https:\/\/i0.wp.com\/atividademapa.com\/wp-content\/uploads\/2023\/03\/Atividade-M.A.P.A-3.png?fit=300%2C300&ssl=1","type":"image\/png"}],"twitter_card":"summary_large_image","twitter_misc":{"Est. tempo de leitura":"4 minutos"},"schema":{"@context":"https:\/\/schema.org","@graph":[{"@type":"WebPage","@id":"https:\/\/atividademapa.com\/?product=mapa-contabilidade-de-custos-52-2024","url":"https:\/\/atividademapa.com\/?product=mapa-contabilidade-de-custos-52-2024","name":"MAPA - Contabilidade de Custos - 52\/2024","isPartOf":{"@id":"https:\/\/atividademapa.com\/#website"},"primaryImageOfPage":{"@id":"https:\/\/atividademapa.com\/?product=mapa-contabilidade-de-custos-52-2024#primaryimage"},"image":{"@id":"https:\/\/atividademapa.com\/?product=mapa-contabilidade-de-custos-52-2024#primaryimage"},"thumbnailUrl":"https:\/\/i0.wp.com\/atividademapa.com\/wp-content\/uploads\/2023\/03\/Atividade-M.A.P.A-3.png?fit=300%2C300&ssl=1","datePublished":"2024-05-13T23:34:09+00:00","dateModified":"2024-05-14T20:26:34+00:00","description":"Atividade MAPA - Contabilidade de Custos - 52\/2024 &#8902; Unicesumar. Baixe agora mesmo um Mapa Pronto resolvido!","breadcrumb":{"@id":"https:\/\/atividademapa.com\/?product=mapa-contabilidade-de-custos-52-2024#breadcrumb"},"inLanguage":"pt-BR","potentialAction":[{"@type":"ReadAction","target":["https:\/\/atividademapa.com\/?product=mapa-contabilidade-de-custos-52-2024"]}]},{"@type":"ImageObject","inLanguage":"pt-BR","@id":"https:\/\/atividademapa.com\/?product=mapa-contabilidade-de-custos-52-2024#primaryimage","url":"https:\/\/i0.wp.com\/atividademapa.com\/wp-content\/uploads\/2023\/03\/Atividade-M.A.P.A-3.png?fit=300%2C300&ssl=1","contentUrl":"https:\/\/i0.wp.com\/atividademapa.com\/wp-content\/uploads\/2023\/03\/Atividade-M.A.P.A-3.png?fit=300%2C300&ssl=1","width":300,"height":300,"caption":"Mapa Unicesumar Atividade"},{"@type":"BreadcrumbList","@id":"https:\/\/atividademapa.com\/?product=mapa-contabilidade-de-custos-52-2024#breadcrumb","itemListElement":[{"@type":"ListItem","position":1,"name":"In\u00edcio","item":"https:\/\/atividademapa.com\/"},{"@type":"ListItem","position":2,"name":"MAPAS","item":"https:\/\/atividademapa.com\/?page_id=5"},{"@type":"ListItem","position":3,"name":"MAPA &#8211; Contabilidade de Custos &#8211; 52\/2024"}]},{"@type":"WebSite","@id":"https:\/\/atividademapa.com\/#website","url":"https:\/\/atividademapa.com\/","name":"Atividade Mapa","description":"StudeO | Unicesumar","publisher":{"@id":"https:\/\/atividademapa.com\/#organization"},"potentialAction":[{"@type":"SearchAction","target":{"@type":"EntryPoint","urlTemplate":"https:\/\/atividademapa.com\/?s={search_term_string}"},"query-input":{"@type":"PropertyValueSpecification","valueRequired":true,"valueName":"search_term_string"}}],"inLanguage":"pt-BR"},{"@type":"Organization","@id":"https:\/\/atividademapa.com\/#organization","name":"Atividade MAPA","url":"https:\/\/atividademapa.com\/","logo":{"@type":"ImageObject","inLanguage":"pt-BR","@id":"https:\/\/atividademapa.com\/#\/schema\/logo\/image\/","url":"https:\/\/i0.wp.com\/atividademapa.com\/wp-content\/uploads\/2023\/02\/ATIVIDADE.png?fit=600%2C300&ssl=1","contentUrl":"https:\/\/i0.wp.com\/atividademapa.com\/wp-content\/uploads\/2023\/02\/ATIVIDADE.png?fit=600%2C300&ssl=1","width":600,"height":300,"caption":"Atividade MAPA"},"image":{"@id":"https:\/\/atividademapa.com\/#\/schema\/logo\/image\/"}}]}},"_links":{"self":[{"href":"https:\/\/atividademapa.com\/index.php?rest_route=\/wp\/v2\/product\/4006","targetHints":{"allow":["GET"]}}],"collection":[{"href":"https:\/\/atividademapa.com\/index.php?rest_route=\/wp\/v2\/product"}],"about":[{"href":"https:\/\/atividademapa.com\/index.php?rest_route=\/wp\/v2\/types\/product"}],"version-history":[{"count":1,"href":"https:\/\/atividademapa.com\/index.php?rest_route=\/wp\/v2\/product\/4006\/revisions"}],"predecessor-version":[{"id":4007,"href":"https:\/\/atividademapa.com\/index.php?rest_route=\/wp\/v2\/product\/4006\/revisions\/4007"}],"wp:featuredmedia":[{"embeddable":true,"href":"https:\/\/atividademapa.com\/index.php?rest_route=\/wp\/v2\/media\/2326"}],"wp:attachment":[{"href":"https:\/\/atividademapa.com\/index.php?rest_route=%2Fwp%2Fv2%2Fmedia&parent=4006"}],"wp:term":[{"taxonomy":"product_brand","embeddable":true,"href":"https:\/\/atividademapa.com\/index.php?rest_route=%2Fwp%2Fv2%2Fproduct_brand&post=4006"},{"taxonomy":"product_cat","embeddable":true,"href":"https:\/\/atividademapa.com\/index.php?rest_route=%2Fwp%2Fv2%2Fproduct_cat&post=4006"},{"taxonomy":"product_tag","embeddable":true,"href":"https:\/\/atividademapa.com\/index.php?rest_route=%2Fwp%2Fv2%2Fproduct_tag&post=4006"}],"curies":[{"name":"wp","href":"https:\/\/api.w.org\/{rel}","templated":true}]}}