{"id":4011,"date":"2024-05-14T22:12:05","date_gmt":"2024-05-15T01:12:05","guid":{"rendered":"https:\/\/atividademapa.com\/?post_type=product&#038;p=4011"},"modified":"2024-05-14T23:32:11","modified_gmt":"2024-05-15T02:32:11","slug":"atividade-1-contabilidade-de-custos-52-2024","status":"publish","type":"product","link":"https:\/\/atividademapa.com\/?product=atividade-1-contabilidade-de-custos-52-2024","title":{"rendered":"Atividade 1 &#8211; Contabilidade de Custos &#8211; 52\/2024"},"content":{"rendered":"<p>Atividade 1 &#8211; Contabilidade de Custos &#8211; 52\/2024<\/p>\n<p>Voc\u00ea e seu colega de profiss\u00e3o Marcos, ambos profissionais da \u00e1rea de contabilidade, ap\u00f3s se formarem decidiram empreender no ramo de colch\u00f5es ortop\u00e9dicos. Optaram por iniciar as opera\u00e7\u00f5es da empresa em 1\u00ba de janeiro de 2024, e por serem profissionais habilitados, optaram por realizar toda a Contabilidade Gerencial e Fiscal da empresa, registrando as transa\u00e7\u00f5es financeiras e gerando os demonstrativos relevantes para as tomadas de decis\u00f5es. Neste contexto surgiu ent\u00e3o a empresa Gama Colch\u00f5es, ind\u00fastria especializada na fabrica\u00e7\u00e3o de um \u00fanico modelo de colch\u00e3o ortop\u00e9dico.<\/p>\n<p>A empresa optou pelo enquadramento de tributa\u00e7\u00e3o do Lucro Real. O sistema de custeio adotado pela empresa \u00e9 Custeio por Absor\u00e7\u00e3o.<\/p>\n<p>Segue as informa\u00e7\u00f5es de janeiro de 2024:<\/p>\n<p>Volume de produ\u00e7\u00e3o = 50 unidades de colch\u00e3o<\/p>\n<p>Tempo de produ\u00e7\u00e3o = 8hs cada unidade de colch\u00e3o<\/p>\n<p>31\/01\/2024 \u2013 Ocorreu o fechamento da Folha de pagamento de janeiro de 1 empregado da produ\u00e7\u00e3o, para ser pago em fevereiro. Segue algumas informa\u00e7\u00f5es:<\/p>\n<p>&#8211; No ano de 2024 h\u00e1 8 feriados n\u00e3o coincidente com domingos e 48 DSR.<\/p>\n<p>&#8211; A jornada de trabalho do empregado \u00e9 de 44 horas semanais, de segunda a s\u00e1bado.<\/p>\n<p>&#8211; Sabe-se que o funcion\u00e1rio teve f\u00e9rias de 30 dias.<\/p>\n<p>&#8211; Remunera\u00e7\u00e3o contratada de R$ 14,00 por hora.<\/p>\n<p>&#8211; INSS patronal: 20%<\/p>\n<p>&#8211; Al\u00edquota de terceiros: 5,8%<\/p>\n<p>&#8211; Risco de acidente de trabalho: 1%<\/p>\n<p>&#8211; FGTS: 8%<\/p>\n<p>Considerando as informa\u00e7\u00f5es acima, PEDE-SE:<\/p>\n<p>1) Apure o custo da m\u00e3o de obra direta da produ\u00e7\u00e3o do per\u00edodo respondendo os seguintes questionamentos:<\/p>\n<ol>\n<li>Qual o tempo (em horas) dispon\u00edvel do empregado, por ano =<\/li>\n<li>Qual a remunera\u00e7\u00e3o anual gasta com o empregado =<\/li>\n<li>Qual o custo por hora de produ\u00e7\u00e3o =<\/li>\n<li>Qual o custo por cada unidade de colch\u00e3o produzida =<\/li>\n<li>Qual o custo de produ\u00e7\u00e3o total de m\u00e3o de obra de produ\u00e7\u00e3o do per\u00edodo =<\/li>\n<\/ol>\n","protected":false},"excerpt":{"rendered":"<p>Atividade 1 &#8211; Contabilidade de Custos &#8211; 52\/2024 Voc\u00ea e seu colega de profiss\u00e3o Marcos, ambos profissionais da \u00e1rea de<\/p>\n","protected":false},"featured_media":2326,"template":"","meta":{"_monsterinsights_skip_tracking":false,"_monsterinsights_sitenote_active":false,"_monsterinsights_sitenote_note":"","_monsterinsights_sitenote_category":0},"product_brand":[],"product_cat":[46],"product_tag":[],"class_list":{"0":"post-4011","1":"product","2":"type-product","3":"status-publish","4":"has-post-thumbnail","6":"product_cat-ciencias-contabeis","8":"first","9":"instock","10":"downloadable","11":"virtual","12":"purchasable","13":"product-type-simple"},"yoast_head":"<!-- This site is optimized with the Yoast SEO plugin v27.4 - https:\/\/yoast.com\/product\/yoast-seo-wordpress\/ -->\n<title>Atividade 1 - Contabilidade de Custos - 52\/2024<\/title>\n<meta name=\"description\" content=\"Atividade Atividade 1 - Contabilidade de Custos - 52\/2024 &#8902; Unicesumar. Baixe agora mesmo um Mapa Pronto resolvido!\" \/>\n<meta name=\"robots\" content=\"index, follow, max-snippet:-1, max-image-preview:large, max-video-preview:-1\" \/>\n<link rel=\"canonical\" href=\"https:\/\/atividademapa.com\/?product=atividade-1-contabilidade-de-custos-52-2024\" \/>\n<meta property=\"og:locale\" content=\"pt_BR\" \/>\n<meta property=\"og:type\" content=\"article\" \/>\n<meta property=\"og:title\" content=\"Atividade 1 - Contabilidade de Custos - 52\/2024\" \/>\n<meta property=\"og:description\" content=\"Atividade Atividade 1 - Contabilidade de Custos - 52\/2024 &#8902; Unicesumar. Baixe agora mesmo um Mapa Pronto resolvido!\" \/>\n<meta property=\"og:url\" content=\"https:\/\/atividademapa.com\/?product=atividade-1-contabilidade-de-custos-52-2024\" \/>\n<meta property=\"og:site_name\" content=\"Atividade Mapa\" \/>\n<meta property=\"article:modified_time\" content=\"2024-05-15T02:32:11+00:00\" \/>\n<meta property=\"og:image\" content=\"https:\/\/i0.wp.com\/atividademapa.com\/wp-content\/uploads\/2023\/03\/Atividade-M.A.P.A-3.png?fit=300%2C300&ssl=1\" \/>\n\t<meta property=\"og:image:width\" content=\"300\" \/>\n\t<meta property=\"og:image:height\" content=\"300\" \/>\n\t<meta property=\"og:image:type\" content=\"image\/png\" \/>\n<meta name=\"twitter:card\" content=\"summary_large_image\" \/>\n<meta name=\"twitter:label1\" content=\"Est. tempo de leitura\" \/>\n\t<meta name=\"twitter:data1\" content=\"2 minutos\" \/>\n<script type=\"application\/ld+json\" class=\"yoast-schema-graph\">{\"@context\":\"https:\\\/\\\/schema.org\",\"@graph\":[{\"@type\":\"WebPage\",\"@id\":\"https:\\\/\\\/atividademapa.com\\\/?product=atividade-1-contabilidade-de-custos-52-2024\",\"url\":\"https:\\\/\\\/atividademapa.com\\\/?product=atividade-1-contabilidade-de-custos-52-2024\",\"name\":\"Atividade 1 - Contabilidade de Custos - 52\\\/2024\",\"isPartOf\":{\"@id\":\"https:\\\/\\\/atividademapa.com\\\/#website\"},\"primaryImageOfPage\":{\"@id\":\"https:\\\/\\\/atividademapa.com\\\/?product=atividade-1-contabilidade-de-custos-52-2024#primaryimage\"},\"image\":{\"@id\":\"https:\\\/\\\/atividademapa.com\\\/?product=atividade-1-contabilidade-de-custos-52-2024#primaryimage\"},\"thumbnailUrl\":\"https:\\\/\\\/i0.wp.com\\\/atividademapa.com\\\/wp-content\\\/uploads\\\/2023\\\/03\\\/Atividade-M.A.P.A-3.png?fit=300%2C300&ssl=1\",\"datePublished\":\"2024-05-15T01:12:05+00:00\",\"dateModified\":\"2024-05-15T02:32:11+00:00\",\"description\":\"Atividade Atividade 1 - Contabilidade de Custos - 52\\\/2024 &#8902; Unicesumar. Baixe agora mesmo um Mapa Pronto resolvido!\",\"breadcrumb\":{\"@id\":\"https:\\\/\\\/atividademapa.com\\\/?product=atividade-1-contabilidade-de-custos-52-2024#breadcrumb\"},\"inLanguage\":\"pt-BR\",\"potentialAction\":[{\"@type\":\"ReadAction\",\"target\":[\"https:\\\/\\\/atividademapa.com\\\/?product=atividade-1-contabilidade-de-custos-52-2024\"]}]},{\"@type\":\"ImageObject\",\"inLanguage\":\"pt-BR\",\"@id\":\"https:\\\/\\\/atividademapa.com\\\/?product=atividade-1-contabilidade-de-custos-52-2024#primaryimage\",\"url\":\"https:\\\/\\\/i0.wp.com\\\/atividademapa.com\\\/wp-content\\\/uploads\\\/2023\\\/03\\\/Atividade-M.A.P.A-3.png?fit=300%2C300&ssl=1\",\"contentUrl\":\"https:\\\/\\\/i0.wp.com\\\/atividademapa.com\\\/wp-content\\\/uploads\\\/2023\\\/03\\\/Atividade-M.A.P.A-3.png?fit=300%2C300&ssl=1\",\"width\":300,\"height\":300,\"caption\":\"Mapa Unicesumar Atividade\"},{\"@type\":\"BreadcrumbList\",\"@id\":\"https:\\\/\\\/atividademapa.com\\\/?product=atividade-1-contabilidade-de-custos-52-2024#breadcrumb\",\"itemListElement\":[{\"@type\":\"ListItem\",\"position\":1,\"name\":\"In\u00edcio\",\"item\":\"https:\\\/\\\/atividademapa.com\\\/\"},{\"@type\":\"ListItem\",\"position\":2,\"name\":\"MAPAS\",\"item\":\"https:\\\/\\\/atividademapa.com\\\/?page_id=5\"},{\"@type\":\"ListItem\",\"position\":3,\"name\":\"Atividade 1 &#8211; Contabilidade de Custos &#8211; 52\\\/2024\"}]},{\"@type\":\"WebSite\",\"@id\":\"https:\\\/\\\/atividademapa.com\\\/#website\",\"url\":\"https:\\\/\\\/atividademapa.com\\\/\",\"name\":\"Atividade Mapa\",\"description\":\"StudeO | Unicesumar\",\"publisher\":{\"@id\":\"https:\\\/\\\/atividademapa.com\\\/#organization\"},\"potentialAction\":[{\"@type\":\"SearchAction\",\"target\":{\"@type\":\"EntryPoint\",\"urlTemplate\":\"https:\\\/\\\/atividademapa.com\\\/?s={search_term_string}\"},\"query-input\":{\"@type\":\"PropertyValueSpecification\",\"valueRequired\":true,\"valueName\":\"search_term_string\"}}],\"inLanguage\":\"pt-BR\"},{\"@type\":\"Organization\",\"@id\":\"https:\\\/\\\/atividademapa.com\\\/#organization\",\"name\":\"Atividade MAPA\",\"url\":\"https:\\\/\\\/atividademapa.com\\\/\",\"logo\":{\"@type\":\"ImageObject\",\"inLanguage\":\"pt-BR\",\"@id\":\"https:\\\/\\\/atividademapa.com\\\/#\\\/schema\\\/logo\\\/image\\\/\",\"url\":\"https:\\\/\\\/i0.wp.com\\\/atividademapa.com\\\/wp-content\\\/uploads\\\/2023\\\/02\\\/ATIVIDADE.png?fit=600%2C300&ssl=1\",\"contentUrl\":\"https:\\\/\\\/i0.wp.com\\\/atividademapa.com\\\/wp-content\\\/uploads\\\/2023\\\/02\\\/ATIVIDADE.png?fit=600%2C300&ssl=1\",\"width\":600,\"height\":300,\"caption\":\"Atividade MAPA\"},\"image\":{\"@id\":\"https:\\\/\\\/atividademapa.com\\\/#\\\/schema\\\/logo\\\/image\\\/\"}}]}<\/script>\n<!-- \/ Yoast SEO plugin. -->","yoast_head_json":{"title":"Atividade 1 - Contabilidade de Custos - 52\/2024","description":"Atividade Atividade 1 - Contabilidade de Custos - 52\/2024 &#8902; Unicesumar. Baixe agora mesmo um Mapa Pronto resolvido!","robots":{"index":"index","follow":"follow","max-snippet":"max-snippet:-1","max-image-preview":"max-image-preview:large","max-video-preview":"max-video-preview:-1"},"canonical":"https:\/\/atividademapa.com\/?product=atividade-1-contabilidade-de-custos-52-2024","og_locale":"pt_BR","og_type":"article","og_title":"Atividade 1 - Contabilidade de Custos - 52\/2024","og_description":"Atividade Atividade 1 - Contabilidade de Custos - 52\/2024 &#8902; Unicesumar. Baixe agora mesmo um Mapa Pronto resolvido!","og_url":"https:\/\/atividademapa.com\/?product=atividade-1-contabilidade-de-custos-52-2024","og_site_name":"Atividade Mapa","article_modified_time":"2024-05-15T02:32:11+00:00","og_image":[{"width":300,"height":300,"url":"https:\/\/i0.wp.com\/atividademapa.com\/wp-content\/uploads\/2023\/03\/Atividade-M.A.P.A-3.png?fit=300%2C300&ssl=1","type":"image\/png"}],"twitter_card":"summary_large_image","twitter_misc":{"Est. tempo de leitura":"2 minutos"},"schema":{"@context":"https:\/\/schema.org","@graph":[{"@type":"WebPage","@id":"https:\/\/atividademapa.com\/?product=atividade-1-contabilidade-de-custos-52-2024","url":"https:\/\/atividademapa.com\/?product=atividade-1-contabilidade-de-custos-52-2024","name":"Atividade 1 - Contabilidade de Custos - 52\/2024","isPartOf":{"@id":"https:\/\/atividademapa.com\/#website"},"primaryImageOfPage":{"@id":"https:\/\/atividademapa.com\/?product=atividade-1-contabilidade-de-custos-52-2024#primaryimage"},"image":{"@id":"https:\/\/atividademapa.com\/?product=atividade-1-contabilidade-de-custos-52-2024#primaryimage"},"thumbnailUrl":"https:\/\/i0.wp.com\/atividademapa.com\/wp-content\/uploads\/2023\/03\/Atividade-M.A.P.A-3.png?fit=300%2C300&ssl=1","datePublished":"2024-05-15T01:12:05+00:00","dateModified":"2024-05-15T02:32:11+00:00","description":"Atividade Atividade 1 - Contabilidade de Custos - 52\/2024 &#8902; Unicesumar. Baixe agora mesmo um Mapa Pronto resolvido!","breadcrumb":{"@id":"https:\/\/atividademapa.com\/?product=atividade-1-contabilidade-de-custos-52-2024#breadcrumb"},"inLanguage":"pt-BR","potentialAction":[{"@type":"ReadAction","target":["https:\/\/atividademapa.com\/?product=atividade-1-contabilidade-de-custos-52-2024"]}]},{"@type":"ImageObject","inLanguage":"pt-BR","@id":"https:\/\/atividademapa.com\/?product=atividade-1-contabilidade-de-custos-52-2024#primaryimage","url":"https:\/\/i0.wp.com\/atividademapa.com\/wp-content\/uploads\/2023\/03\/Atividade-M.A.P.A-3.png?fit=300%2C300&ssl=1","contentUrl":"https:\/\/i0.wp.com\/atividademapa.com\/wp-content\/uploads\/2023\/03\/Atividade-M.A.P.A-3.png?fit=300%2C300&ssl=1","width":300,"height":300,"caption":"Mapa Unicesumar Atividade"},{"@type":"BreadcrumbList","@id":"https:\/\/atividademapa.com\/?product=atividade-1-contabilidade-de-custos-52-2024#breadcrumb","itemListElement":[{"@type":"ListItem","position":1,"name":"In\u00edcio","item":"https:\/\/atividademapa.com\/"},{"@type":"ListItem","position":2,"name":"MAPAS","item":"https:\/\/atividademapa.com\/?page_id=5"},{"@type":"ListItem","position":3,"name":"Atividade 1 &#8211; Contabilidade de Custos &#8211; 52\/2024"}]},{"@type":"WebSite","@id":"https:\/\/atividademapa.com\/#website","url":"https:\/\/atividademapa.com\/","name":"Atividade Mapa","description":"StudeO | Unicesumar","publisher":{"@id":"https:\/\/atividademapa.com\/#organization"},"potentialAction":[{"@type":"SearchAction","target":{"@type":"EntryPoint","urlTemplate":"https:\/\/atividademapa.com\/?s={search_term_string}"},"query-input":{"@type":"PropertyValueSpecification","valueRequired":true,"valueName":"search_term_string"}}],"inLanguage":"pt-BR"},{"@type":"Organization","@id":"https:\/\/atividademapa.com\/#organization","name":"Atividade MAPA","url":"https:\/\/atividademapa.com\/","logo":{"@type":"ImageObject","inLanguage":"pt-BR","@id":"https:\/\/atividademapa.com\/#\/schema\/logo\/image\/","url":"https:\/\/i0.wp.com\/atividademapa.com\/wp-content\/uploads\/2023\/02\/ATIVIDADE.png?fit=600%2C300&ssl=1","contentUrl":"https:\/\/i0.wp.com\/atividademapa.com\/wp-content\/uploads\/2023\/02\/ATIVIDADE.png?fit=600%2C300&ssl=1","width":600,"height":300,"caption":"Atividade MAPA"},"image":{"@id":"https:\/\/atividademapa.com\/#\/schema\/logo\/image\/"}}]}},"_links":{"self":[{"href":"https:\/\/atividademapa.com\/index.php?rest_route=\/wp\/v2\/product\/4011","targetHints":{"allow":["GET"]}}],"collection":[{"href":"https:\/\/atividademapa.com\/index.php?rest_route=\/wp\/v2\/product"}],"about":[{"href":"https:\/\/atividademapa.com\/index.php?rest_route=\/wp\/v2\/types\/product"}],"version-history":[{"count":2,"href":"https:\/\/atividademapa.com\/index.php?rest_route=\/wp\/v2\/product\/4011\/revisions"}],"predecessor-version":[{"id":4014,"href":"https:\/\/atividademapa.com\/index.php?rest_route=\/wp\/v2\/product\/4011\/revisions\/4014"}],"wp:featuredmedia":[{"embeddable":true,"href":"https:\/\/atividademapa.com\/index.php?rest_route=\/wp\/v2\/media\/2326"}],"wp:attachment":[{"href":"https:\/\/atividademapa.com\/index.php?rest_route=%2Fwp%2Fv2%2Fmedia&parent=4011"}],"wp:term":[{"taxonomy":"product_brand","embeddable":true,"href":"https:\/\/atividademapa.com\/index.php?rest_route=%2Fwp%2Fv2%2Fproduct_brand&post=4011"},{"taxonomy":"product_cat","embeddable":true,"href":"https:\/\/atividademapa.com\/index.php?rest_route=%2Fwp%2Fv2%2Fproduct_cat&post=4011"},{"taxonomy":"product_tag","embeddable":true,"href":"https:\/\/atividademapa.com\/index.php?rest_route=%2Fwp%2Fv2%2Fproduct_tag&post=4011"}],"curies":[{"name":"wp","href":"https:\/\/api.w.org\/{rel}","templated":true}]}}