{"id":4015,"date":"2024-05-15T10:40:51","date_gmt":"2024-05-15T13:40:51","guid":{"rendered":"https:\/\/atividademapa.com\/?post_type=product&#038;p=4015"},"modified":"2024-05-15T10:41:51","modified_gmt":"2024-05-15T13:41:51","slug":"mapa-tecnico-em-seguranca-do-trabalho-modulo-92","status":"publish","type":"product","link":"https:\/\/atividademapa.com\/?product=mapa-tecnico-em-seguranca-do-trabalho-modulo-92","title":{"rendered":"MAPA &#8211; T\u00e9cnico em Seguran\u00e7a do Trabalho &#8211;  M\u00f3dulo 92"},"content":{"rendered":"<p>MAPA &#8211; T\u00e9cnico em Seguran\u00e7a do Trabalho &#8211;\u00a0 92<\/p>\n<p>M.A.P.A. Integrado das disciplinas Comunica\u00e7\u00e3o Organizacional e Prote\u00e7\u00e3o Ambiental.<\/p>\n<p>Leia o trecho a seguir:<\/p>\n<p>Para um T\u00e9cnico(a) em Seguran\u00e7a do Trabalho, as disciplinas de Comunica\u00e7\u00e3o Organizacional e Prote\u00e7\u00e3o Ambiental s\u00e3o cruciais para o desenvolvimento de habilidades essenciais e para a efici\u00eancia no desempenho de suas fun\u00e7\u00f5es.<br \/>\nA Comunica\u00e7\u00e3o Organizacional \u00e9 fundamental, uma vez que facilita a transmiss\u00e3o eficaz de informa\u00e7\u00f5es sobre pol\u00edticas de seguran\u00e7a, procedimentos e normas internas, garantindo que todos os funcion\u00e1rios estejam cientes e compreendam as medidas de seguran\u00e7a.<br \/>\nAl\u00e9m disso, vale ressaltar que a Prote\u00e7\u00e3o Ambiental \u00e9 igualmente importante para o t\u00e9cnico em seguran\u00e7a do trabalho, pois muitas vezes os riscos ambientais est\u00e3o diretamente ligados \u00e0 seguran\u00e7a dos trabalhadores. O t\u00e9cnico em seguran\u00e7a do trabalho tem o papel de identificar e mitigar os impactos ambientais que possam afetar a sa\u00fade e a seguran\u00e7a dos funcion\u00e1rios, al\u00e9m de contribuir para a preserva\u00e7\u00e3o dos recursos naturais e do ecossistema local.<\/p>\n<p>Tendo em vista o que foi apresentado e os conte\u00fados aprendidos durante o m\u00f3dulo, chegou a hora de realizar sua atividade M.A.P.A.! Vamos l\u00e1?<\/p>\n<p>Leia a situa\u00e7\u00e3o hipot\u00e9tica abaixo:<\/p>\n<p>Uma construtora rec\u00e9m-criada em Beberibe-CE, a Luminar Constru\u00e7\u00f5es, recebeu seu primeiro projeto habitacional, um edif\u00edcio residencial de 14 andares, o qual ser\u00e1 constru\u00eddo onde hoje existe uma floresta.<br \/>\nNesta construtora existem diversos grupos de colaboradores, entre os profissionais est\u00e3o os pedreiros, auxiliar de pedreiro, carpinteiros, engenheiros, t\u00e9cnicos, operadores de m\u00e1quinas pesadas e escavadores. Contudo, a construtora ainda n\u00e3o elaborou um relat\u00f3rio contendo, de forma especificada, as consequ\u00eancias da explora\u00e7\u00e3o ao meio ambiente e \u00e0 vida das pessoas, o plano de comunica\u00e7\u00e3o a ser realizado, visando a integraliza\u00e7\u00e3o entre os colaboradores, al\u00e9m da Avalia\u00e7\u00e3o de Impacto Ambiental (AIA) deste empreendimento. Sendo assim, voc\u00ea como t\u00e9cnico(a) em Seguran\u00e7a do Trabalho foi selecionado(a) para criar um relat\u00f3rio que aborde estes temas.<\/p>\n<p>Portanto, para realizar sua atividade M.A.P.A., voc\u00ea dever\u00e1 buscar em livros, artigos acad\u00eamicos, v\u00eddeos e outras fontes, a fim de prestar esclarecimentos aos colaboradores da Luminar Constru\u00e7\u00f5es sobre Comunica\u00e7\u00e3o organizacional e Prote\u00e7\u00e3o ambiental. Voc\u00ea dever\u00e1 se guiar pelos seguintes t\u00f3picos:<\/p>\n<p>1. Plano de comunica\u00e7\u00e3o: Um plano de comunica\u00e7\u00e3o eficaz envolve uma sequ\u00eancia organizada de etapas que abrangem v\u00e1rias \u00e1reas da empresa. Desta forma, elabore um texto (m\u00ednimo de 10 e m\u00e1ximo de 15 linhas) explicando quais s\u00e3o as etapas para o desenvolvimento de um plano de comunica\u00e7\u00e3o.<br \/>\n2. Benef\u00edcios da comunica\u00e7\u00e3o: Elabore um texto (m\u00e1ximo de 10 linhas) sobre os Benef\u00edcios da comunica\u00e7\u00e3o interna e a cultura da empresa.<br \/>\n3. Consequ\u00eancias ao meio ambiente e as pessoas: Como T\u00e9cnico(a) em Seguran\u00e7a voc\u00ea deve compreender que os desafios ambientais que enfrentamos atualmente resultam de d\u00e9cadas de explora\u00e7\u00e3o desenfreada e sem planejamento adequado. Sendo assim, produza um texto para a Luminar Constru\u00e7\u00f5es (m\u00ednimo de 10 e m\u00e1ximo de 15 linhas) apresentando as consequ\u00eancias da explora\u00e7\u00e3o ao meio ambiente e \u00e0 vida das pessoas.<br \/>\n4. Avalia\u00e7\u00e3o do impacto ambiental da constru\u00e7\u00e3o: Redija um texto (m\u00e1ximo de 10 linhas) sobre a import\u00e2ncia de se realizar uma Avalia\u00e7\u00e3o de Impacto Ambiental (AIA) frente ao projeto habitacional da Luminar Constru\u00e7\u00f5es.<\/p>\n","protected":false},"excerpt":{"rendered":"<p>MAPA &#8211; T\u00e9cnico em Seguran\u00e7a do Trabalho &#8211;\u00a0 92 M.A.P.A. Integrado das disciplinas Comunica\u00e7\u00e3o Organizacional e Prote\u00e7\u00e3o Ambiental. Leia o<\/p>\n","protected":false},"featured_media":2326,"template":"","meta":{"_monsterinsights_skip_tracking":false,"_monsterinsights_sitenote_active":false,"_monsterinsights_sitenote_note":"","_monsterinsights_sitenote_category":0},"product_brand":[],"product_cat":[132,113],"product_tag":[],"class_list":{"0":"post-4015","1":"product","2":"type-product","3":"status-publish","4":"has-post-thumbnail","6":"product_cat-modulo-92","7":"product_cat-seguranca-do-trabalho","9":"first","10":"instock","11":"downloadable","12":"virtual","13":"purchasable","14":"product-type-simple"},"yoast_head":"<!-- This site is optimized with the Yoast SEO plugin v27.4 - https:\/\/yoast.com\/product\/yoast-seo-wordpress\/ -->\n<title>MAPA - T\u00e9cnico em Seguran\u00e7a do Trabalho - M\u00f3dulo 92<\/title>\n<meta name=\"description\" content=\"Atividade MAPA - T\u00e9cnico em Seguran\u00e7a do Trabalho - M\u00f3dulo 92 &#8902; Unicesumar. Baixe agora mesmo um Mapa Pronto resolvido!\" \/>\n<meta name=\"robots\" content=\"index, follow, max-snippet:-1, max-image-preview:large, max-video-preview:-1\" \/>\n<link rel=\"canonical\" href=\"https:\/\/atividademapa.com\/?product=mapa-tecnico-em-seguranca-do-trabalho-modulo-92\" \/>\n<meta property=\"og:locale\" content=\"pt_BR\" \/>\n<meta property=\"og:type\" content=\"article\" \/>\n<meta property=\"og:title\" content=\"MAPA - T\u00e9cnico em Seguran\u00e7a do Trabalho - M\u00f3dulo 92\" \/>\n<meta property=\"og:description\" content=\"Atividade MAPA - T\u00e9cnico em Seguran\u00e7a do Trabalho - M\u00f3dulo 92 &#8902; Unicesumar. Baixe agora mesmo um Mapa Pronto resolvido!\" \/>\n<meta property=\"og:url\" content=\"https:\/\/atividademapa.com\/?product=mapa-tecnico-em-seguranca-do-trabalho-modulo-92\" \/>\n<meta property=\"og:site_name\" content=\"Atividade Mapa\" \/>\n<meta property=\"article:modified_time\" content=\"2024-05-15T13:41:51+00:00\" \/>\n<meta property=\"og:image\" content=\"https:\/\/i0.wp.com\/atividademapa.com\/wp-content\/uploads\/2023\/03\/Atividade-M.A.P.A-3.png?fit=300%2C300&ssl=1\" \/>\n\t<meta property=\"og:image:width\" content=\"300\" \/>\n\t<meta property=\"og:image:height\" content=\"300\" \/>\n\t<meta property=\"og:image:type\" content=\"image\/png\" \/>\n<meta name=\"twitter:card\" content=\"summary_large_image\" \/>\n<meta name=\"twitter:label1\" content=\"Est. tempo de leitura\" \/>\n\t<meta name=\"twitter:data1\" content=\"3 minutos\" \/>\n<script type=\"application\/ld+json\" class=\"yoast-schema-graph\">{\"@context\":\"https:\\\/\\\/schema.org\",\"@graph\":[{\"@type\":\"WebPage\",\"@id\":\"https:\\\/\\\/atividademapa.com\\\/?product=mapa-tecnico-em-seguranca-do-trabalho-modulo-92\",\"url\":\"https:\\\/\\\/atividademapa.com\\\/?product=mapa-tecnico-em-seguranca-do-trabalho-modulo-92\",\"name\":\"MAPA - T\u00e9cnico em Seguran\u00e7a do Trabalho - M\u00f3dulo 92\",\"isPartOf\":{\"@id\":\"https:\\\/\\\/atividademapa.com\\\/#website\"},\"primaryImageOfPage\":{\"@id\":\"https:\\\/\\\/atividademapa.com\\\/?product=mapa-tecnico-em-seguranca-do-trabalho-modulo-92#primaryimage\"},\"image\":{\"@id\":\"https:\\\/\\\/atividademapa.com\\\/?product=mapa-tecnico-em-seguranca-do-trabalho-modulo-92#primaryimage\"},\"thumbnailUrl\":\"https:\\\/\\\/i0.wp.com\\\/atividademapa.com\\\/wp-content\\\/uploads\\\/2023\\\/03\\\/Atividade-M.A.P.A-3.png?fit=300%2C300&ssl=1\",\"datePublished\":\"2024-05-15T13:40:51+00:00\",\"dateModified\":\"2024-05-15T13:41:51+00:00\",\"description\":\"Atividade MAPA - T\u00e9cnico em Seguran\u00e7a do Trabalho - M\u00f3dulo 92 &#8902; Unicesumar. Baixe agora mesmo um Mapa Pronto resolvido!\",\"breadcrumb\":{\"@id\":\"https:\\\/\\\/atividademapa.com\\\/?product=mapa-tecnico-em-seguranca-do-trabalho-modulo-92#breadcrumb\"},\"inLanguage\":\"pt-BR\",\"potentialAction\":[{\"@type\":\"ReadAction\",\"target\":[\"https:\\\/\\\/atividademapa.com\\\/?product=mapa-tecnico-em-seguranca-do-trabalho-modulo-92\"]}]},{\"@type\":\"ImageObject\",\"inLanguage\":\"pt-BR\",\"@id\":\"https:\\\/\\\/atividademapa.com\\\/?product=mapa-tecnico-em-seguranca-do-trabalho-modulo-92#primaryimage\",\"url\":\"https:\\\/\\\/i0.wp.com\\\/atividademapa.com\\\/wp-content\\\/uploads\\\/2023\\\/03\\\/Atividade-M.A.P.A-3.png?fit=300%2C300&ssl=1\",\"contentUrl\":\"https:\\\/\\\/i0.wp.com\\\/atividademapa.com\\\/wp-content\\\/uploads\\\/2023\\\/03\\\/Atividade-M.A.P.A-3.png?fit=300%2C300&ssl=1\",\"width\":300,\"height\":300,\"caption\":\"Mapa Unicesumar Atividade\"},{\"@type\":\"BreadcrumbList\",\"@id\":\"https:\\\/\\\/atividademapa.com\\\/?product=mapa-tecnico-em-seguranca-do-trabalho-modulo-92#breadcrumb\",\"itemListElement\":[{\"@type\":\"ListItem\",\"position\":1,\"name\":\"In\u00edcio\",\"item\":\"https:\\\/\\\/atividademapa.com\\\/\"},{\"@type\":\"ListItem\",\"position\":2,\"name\":\"MAPAS\",\"item\":\"https:\\\/\\\/atividademapa.com\\\/?page_id=5\"},{\"@type\":\"ListItem\",\"position\":3,\"name\":\"MAPA &#8211; T\u00e9cnico em Seguran\u00e7a do Trabalho &#8211; M\u00f3dulo 92\"}]},{\"@type\":\"WebSite\",\"@id\":\"https:\\\/\\\/atividademapa.com\\\/#website\",\"url\":\"https:\\\/\\\/atividademapa.com\\\/\",\"name\":\"Atividade Mapa\",\"description\":\"StudeO | Unicesumar\",\"publisher\":{\"@id\":\"https:\\\/\\\/atividademapa.com\\\/#organization\"},\"potentialAction\":[{\"@type\":\"SearchAction\",\"target\":{\"@type\":\"EntryPoint\",\"urlTemplate\":\"https:\\\/\\\/atividademapa.com\\\/?s={search_term_string}\"},\"query-input\":{\"@type\":\"PropertyValueSpecification\",\"valueRequired\":true,\"valueName\":\"search_term_string\"}}],\"inLanguage\":\"pt-BR\"},{\"@type\":\"Organization\",\"@id\":\"https:\\\/\\\/atividademapa.com\\\/#organization\",\"name\":\"Atividade MAPA\",\"url\":\"https:\\\/\\\/atividademapa.com\\\/\",\"logo\":{\"@type\":\"ImageObject\",\"inLanguage\":\"pt-BR\",\"@id\":\"https:\\\/\\\/atividademapa.com\\\/#\\\/schema\\\/logo\\\/image\\\/\",\"url\":\"https:\\\/\\\/i0.wp.com\\\/atividademapa.com\\\/wp-content\\\/uploads\\\/2023\\\/02\\\/ATIVIDADE.png?fit=600%2C300&ssl=1\",\"contentUrl\":\"https:\\\/\\\/i0.wp.com\\\/atividademapa.com\\\/wp-content\\\/uploads\\\/2023\\\/02\\\/ATIVIDADE.png?fit=600%2C300&ssl=1\",\"width\":600,\"height\":300,\"caption\":\"Atividade MAPA\"},\"image\":{\"@id\":\"https:\\\/\\\/atividademapa.com\\\/#\\\/schema\\\/logo\\\/image\\\/\"}}]}<\/script>\n<!-- \/ Yoast SEO plugin. -->","yoast_head_json":{"title":"MAPA - T\u00e9cnico em Seguran\u00e7a do Trabalho - M\u00f3dulo 92","description":"Atividade MAPA - T\u00e9cnico em Seguran\u00e7a do Trabalho - M\u00f3dulo 92 &#8902; Unicesumar. Baixe agora mesmo um Mapa Pronto resolvido!","robots":{"index":"index","follow":"follow","max-snippet":"max-snippet:-1","max-image-preview":"max-image-preview:large","max-video-preview":"max-video-preview:-1"},"canonical":"https:\/\/atividademapa.com\/?product=mapa-tecnico-em-seguranca-do-trabalho-modulo-92","og_locale":"pt_BR","og_type":"article","og_title":"MAPA - T\u00e9cnico em Seguran\u00e7a do Trabalho - M\u00f3dulo 92","og_description":"Atividade MAPA - T\u00e9cnico em Seguran\u00e7a do Trabalho - M\u00f3dulo 92 &#8902; Unicesumar. Baixe agora mesmo um Mapa Pronto resolvido!","og_url":"https:\/\/atividademapa.com\/?product=mapa-tecnico-em-seguranca-do-trabalho-modulo-92","og_site_name":"Atividade Mapa","article_modified_time":"2024-05-15T13:41:51+00:00","og_image":[{"width":300,"height":300,"url":"https:\/\/i0.wp.com\/atividademapa.com\/wp-content\/uploads\/2023\/03\/Atividade-M.A.P.A-3.png?fit=300%2C300&ssl=1","type":"image\/png"}],"twitter_card":"summary_large_image","twitter_misc":{"Est. tempo de leitura":"3 minutos"},"schema":{"@context":"https:\/\/schema.org","@graph":[{"@type":"WebPage","@id":"https:\/\/atividademapa.com\/?product=mapa-tecnico-em-seguranca-do-trabalho-modulo-92","url":"https:\/\/atividademapa.com\/?product=mapa-tecnico-em-seguranca-do-trabalho-modulo-92","name":"MAPA - T\u00e9cnico em Seguran\u00e7a do Trabalho - M\u00f3dulo 92","isPartOf":{"@id":"https:\/\/atividademapa.com\/#website"},"primaryImageOfPage":{"@id":"https:\/\/atividademapa.com\/?product=mapa-tecnico-em-seguranca-do-trabalho-modulo-92#primaryimage"},"image":{"@id":"https:\/\/atividademapa.com\/?product=mapa-tecnico-em-seguranca-do-trabalho-modulo-92#primaryimage"},"thumbnailUrl":"https:\/\/i0.wp.com\/atividademapa.com\/wp-content\/uploads\/2023\/03\/Atividade-M.A.P.A-3.png?fit=300%2C300&ssl=1","datePublished":"2024-05-15T13:40:51+00:00","dateModified":"2024-05-15T13:41:51+00:00","description":"Atividade MAPA - T\u00e9cnico em Seguran\u00e7a do Trabalho - M\u00f3dulo 92 &#8902; Unicesumar. Baixe agora mesmo um Mapa Pronto resolvido!","breadcrumb":{"@id":"https:\/\/atividademapa.com\/?product=mapa-tecnico-em-seguranca-do-trabalho-modulo-92#breadcrumb"},"inLanguage":"pt-BR","potentialAction":[{"@type":"ReadAction","target":["https:\/\/atividademapa.com\/?product=mapa-tecnico-em-seguranca-do-trabalho-modulo-92"]}]},{"@type":"ImageObject","inLanguage":"pt-BR","@id":"https:\/\/atividademapa.com\/?product=mapa-tecnico-em-seguranca-do-trabalho-modulo-92#primaryimage","url":"https:\/\/i0.wp.com\/atividademapa.com\/wp-content\/uploads\/2023\/03\/Atividade-M.A.P.A-3.png?fit=300%2C300&ssl=1","contentUrl":"https:\/\/i0.wp.com\/atividademapa.com\/wp-content\/uploads\/2023\/03\/Atividade-M.A.P.A-3.png?fit=300%2C300&ssl=1","width":300,"height":300,"caption":"Mapa Unicesumar Atividade"},{"@type":"BreadcrumbList","@id":"https:\/\/atividademapa.com\/?product=mapa-tecnico-em-seguranca-do-trabalho-modulo-92#breadcrumb","itemListElement":[{"@type":"ListItem","position":1,"name":"In\u00edcio","item":"https:\/\/atividademapa.com\/"},{"@type":"ListItem","position":2,"name":"MAPAS","item":"https:\/\/atividademapa.com\/?page_id=5"},{"@type":"ListItem","position":3,"name":"MAPA &#8211; T\u00e9cnico em Seguran\u00e7a do Trabalho &#8211; M\u00f3dulo 92"}]},{"@type":"WebSite","@id":"https:\/\/atividademapa.com\/#website","url":"https:\/\/atividademapa.com\/","name":"Atividade Mapa","description":"StudeO | Unicesumar","publisher":{"@id":"https:\/\/atividademapa.com\/#organization"},"potentialAction":[{"@type":"SearchAction","target":{"@type":"EntryPoint","urlTemplate":"https:\/\/atividademapa.com\/?s={search_term_string}"},"query-input":{"@type":"PropertyValueSpecification","valueRequired":true,"valueName":"search_term_string"}}],"inLanguage":"pt-BR"},{"@type":"Organization","@id":"https:\/\/atividademapa.com\/#organization","name":"Atividade MAPA","url":"https:\/\/atividademapa.com\/","logo":{"@type":"ImageObject","inLanguage":"pt-BR","@id":"https:\/\/atividademapa.com\/#\/schema\/logo\/image\/","url":"https:\/\/i0.wp.com\/atividademapa.com\/wp-content\/uploads\/2023\/02\/ATIVIDADE.png?fit=600%2C300&ssl=1","contentUrl":"https:\/\/i0.wp.com\/atividademapa.com\/wp-content\/uploads\/2023\/02\/ATIVIDADE.png?fit=600%2C300&ssl=1","width":600,"height":300,"caption":"Atividade MAPA"},"image":{"@id":"https:\/\/atividademapa.com\/#\/schema\/logo\/image\/"}}]}},"_links":{"self":[{"href":"https:\/\/atividademapa.com\/index.php?rest_route=\/wp\/v2\/product\/4015","targetHints":{"allow":["GET"]}}],"collection":[{"href":"https:\/\/atividademapa.com\/index.php?rest_route=\/wp\/v2\/product"}],"about":[{"href":"https:\/\/atividademapa.com\/index.php?rest_route=\/wp\/v2\/types\/product"}],"version-history":[{"count":2,"href":"https:\/\/atividademapa.com\/index.php?rest_route=\/wp\/v2\/product\/4015\/revisions"}],"predecessor-version":[{"id":4019,"href":"https:\/\/atividademapa.com\/index.php?rest_route=\/wp\/v2\/product\/4015\/revisions\/4019"}],"wp:featuredmedia":[{"embeddable":true,"href":"https:\/\/atividademapa.com\/index.php?rest_route=\/wp\/v2\/media\/2326"}],"wp:attachment":[{"href":"https:\/\/atividademapa.com\/index.php?rest_route=%2Fwp%2Fv2%2Fmedia&parent=4015"}],"wp:term":[{"taxonomy":"product_brand","embeddable":true,"href":"https:\/\/atividademapa.com\/index.php?rest_route=%2Fwp%2Fv2%2Fproduct_brand&post=4015"},{"taxonomy":"product_cat","embeddable":true,"href":"https:\/\/atividademapa.com\/index.php?rest_route=%2Fwp%2Fv2%2Fproduct_cat&post=4015"},{"taxonomy":"product_tag","embeddable":true,"href":"https:\/\/atividademapa.com\/index.php?rest_route=%2Fwp%2Fv2%2Fproduct_tag&post=4015"}],"curies":[{"name":"wp","href":"https:\/\/api.w.org\/{rel}","templated":true}]}}