{"id":4036,"date":"2024-05-17T00:27:41","date_gmt":"2024-05-17T03:27:41","guid":{"rendered":"https:\/\/atividademapa.com\/?post_type=product&#038;p=4036"},"modified":"2024-05-17T00:27:43","modified_gmt":"2024-05-17T03:27:43","slug":"mapa-psicomotricidade-e-terapia-de-integracao-sensorial-52-2024","status":"publish","type":"product","link":"https:\/\/atividademapa.com\/?product=mapa-psicomotricidade-e-terapia-de-integracao-sensorial-52-2024","title":{"rendered":"MAPA &#8211; Psicomotricidade e Terapia de Integra\u00e7\u00e3o Sensorial &#8211; 52\/2024"},"content":{"rendered":"<p>MAPA &#8211; TOC &#8211; PSICOMOTRICIDADE E TERAPIA DE INTEGRA\u00c7\u00c3O SENSORIAL &#8211; 52_2024<\/p>\n<p class=\"ng-scope\">Ol\u00e1, acad\u00eamico(a) do curso de Terapia Ocupacional!<\/p>\n<p class=\"ng-scope\">\n<p class=\"ng-scope\">A atividade proposta corresponde ao M.A.P.A., Material de avalia\u00e7\u00e3o Pr\u00e1tica da Aprendizagem.<\/p>\n<p>O objetivo desta atividade \u00e9 fazer com que voc\u00ea se sinta imersivo em uma an\u00e1lise da\u00a0Psicomotricidade e Terapia de Integra\u00e7\u00e3o Sensorial para Alunos com Transtorno de Modula\u00e7\u00e3o Sensorial.\u200b<\/p>\n<p><strong>PROBLEMATIZA\u00c7\u00c3O:\u00a0<\/strong>Como a Psicomotricidade e a Terapia de Integra\u00e7\u00e3o Sensorial podem ser adaptadas e aplicadas de forma eficaz para auxiliar no desenvolvimento de alunos com Transtorno de Modula\u00e7\u00e3o Sensorial?\u200b<\/p>\n<p><strong>SIGNIFICA\u00c7\u00c3O<\/strong>:<br \/>\n\u200bCompreender a import\u00e2ncia da Psicomotricidade e da Terapia de Integra\u00e7\u00e3o Sensorial para alunos com Transtorno de Modula\u00e7\u00e3o Sensorial \u00e9 fundamental. Essas abordagens podem ajudar a melhorar a regula\u00e7\u00e3o sensorial, a modula\u00e7\u00e3o dos est\u00edmulos sensoriais e a qualidade de vida desses individuos.<\/p>\n<p><strong><u>EXPERIMENTA\u00c7\u00c3O<\/u><\/strong>:<br \/>\n\u200bTrabalhar com Transtorno de Modula\u00e7\u00e3o Sensorial requer sensibilidade e especializa\u00e7\u00e3o. A Terapia de Integra\u00e7\u00e3o Sensorial \u00e9 uma abordagem eficaz, baseada na regula\u00e7\u00e3o das sensa\u00e7\u00f5es. Al\u00e9m disso, a modifica\u00e7\u00e3o do ambiente e o uso de t\u00e9cnicas de relaxamento s\u00e3o importantes. Profissionais devem compreender as necessidades e desafios dos pacientes, demonstrando empatia e paci\u00eancia.<\/p>\n<p><strong><u>REFLEX\u00c3O<\/u><\/strong>:<\/p>\n<p>A Psicomotricidade e a Terapia de Integra\u00e7\u00e3o Sensorial podem ser adaptadas e aplicadas de forma eficaz para alunos com Transtorno de Modula\u00e7\u00e3o Sensorial, mesmo \u00e0 dist\u00e2ncia. Essas abordagens continuam sendo valiosas ferramentas para promover a regula\u00e7\u00e3o e a modula\u00e7\u00e3o sensorial, contribuindo para a qualidade de vida.<br \/>\n\u200b<\/p>\n<p><strong><u>CONCEITUALIZA\u00c7\u00c3O<\/u><\/strong>:<br \/>\nTranstorno de Modula\u00e7\u00e3o Sensorial envolve a compreens\u00e3o de como o c\u00e9rebro processa e responde a est\u00edmulos sensoriais. Nesse transtorno, ocorrem dificuldades na regula\u00e7\u00e3o das sensa\u00e7\u00f5es, resultando em respostas sensoriais desproporcionais ou inadequadas. Isso pode afetar v\u00e1rias \u00e1reas da vida, como a capacidade de concentra\u00e7\u00e3o, intera\u00e7\u00e3o social e desempenho acad\u00eamico. A Terapia de Integra\u00e7\u00e3o Sensorial \u00e9 uma abordagem terap\u00eautica eficaz, que busca ajudar os indiv\u00edduos a regular e integrar suas sensa\u00e7\u00f5es de forma mais adequada, promovendo uma melhor adapta\u00e7\u00e3o ao ambiente e melhoria na qualidade de vida.\u200b<\/p>\n<p><strong>A\u00c7\u00c3O:<\/strong>\u00a0Chegou o momento mais esperado em sua atividade Mapa, aquele em que voc\u00ea ir\u00e1 colocar a m\u00e3o na massa e partir para a A\u00e7\u00e3o.<\/p>\n<p>Sobre\u00a0TRANSTORNO DE MODULA\u00c7\u00c3O SENSORIAL:<\/p>\n<p>A apresenta\u00e7\u00e3o cl\u00ednica do Transtorno de Modula\u00e7\u00e3o Sensorial \u00e9 notavelmente diversificada, podendo impactar um ou mais dos sete sistemas sensoriais. Os sintomas variam em intensidade, desde formas leves at\u00e9 graves, e englobam hipersensibilidade sensorial, hipossensibilidade sensorial, busca sensorial, ou mesmo uma combina\u00e7\u00e3o desses tr\u00eas subtipos.<\/p>\n<p>01) Explique com suas palavras: Hiper-responsividade.<br \/>\n02) Explique com suas palavras:\u00a0Hiporresponsividade.<br \/>\n03) Explique com suas palavras:\u00a0Busca Sensorial.<br \/>\n04)\u00a0Considerando que o Transtorno de Modula\u00e7\u00e3o Sensorial pode apresentar uma gama de intensidades, desde leve at\u00e9 severa, como os profissionais de sa\u00fade podem adaptar suas abordagens terap\u00eauticas para atender \u00e0s necessidades espec\u00edficas de cada paciente?<\/p>\n","protected":false},"excerpt":{"rendered":"<p>MAPA &#8211; TOC &#8211; PSICOMOTRICIDADE E TERAPIA DE INTEGRA\u00c7\u00c3O SENSORIAL &#8211; 52_2024 Ol\u00e1, acad\u00eamico(a) do curso de Terapia Ocupacional! A<\/p>\n","protected":false},"featured_media":2326,"template":"","meta":{"_monsterinsights_skip_tracking":false,"_monsterinsights_sitenote_active":false,"_monsterinsights_sitenote_note":"","_monsterinsights_sitenote_category":0},"product_brand":[],"product_cat":[109],"product_tag":[],"class_list":{"0":"post-4036","1":"product","2":"type-product","3":"status-publish","4":"has-post-thumbnail","6":"product_cat-terapia-ocupacional","8":"first","9":"instock","10":"downloadable","11":"virtual","12":"purchasable","13":"product-type-simple"},"yoast_head":"<!-- This site is optimized with the Yoast SEO plugin v27.4 - https:\/\/yoast.com\/product\/yoast-seo-wordpress\/ -->\n<title>MAPA - Psicomotricidade e Terapia de Integra\u00e7\u00e3o Sensorial - 52\/2024<\/title>\n<meta name=\"description\" content=\"Atividade MAPA - Psicomotricidade e Terapia de Integra\u00e7\u00e3o Sensorial - 52\/2024 &#8902; Unicesumar. Baixe agora mesmo um Mapa Pronto resolvido!\" \/>\n<meta name=\"robots\" content=\"index, follow, max-snippet:-1, max-image-preview:large, max-video-preview:-1\" \/>\n<link rel=\"canonical\" href=\"https:\/\/atividademapa.com\/?product=mapa-psicomotricidade-e-terapia-de-integracao-sensorial-52-2024\" \/>\n<meta property=\"og:locale\" content=\"pt_BR\" \/>\n<meta property=\"og:type\" content=\"article\" \/>\n<meta property=\"og:title\" content=\"MAPA - Psicomotricidade e Terapia de Integra\u00e7\u00e3o Sensorial - 52\/2024\" \/>\n<meta property=\"og:description\" content=\"Atividade MAPA - Psicomotricidade e Terapia de Integra\u00e7\u00e3o Sensorial - 52\/2024 &#8902; Unicesumar. Baixe agora mesmo um Mapa Pronto resolvido!\" \/>\n<meta property=\"og:url\" content=\"https:\/\/atividademapa.com\/?product=mapa-psicomotricidade-e-terapia-de-integracao-sensorial-52-2024\" \/>\n<meta property=\"og:site_name\" content=\"Atividade Mapa\" \/>\n<meta property=\"article:modified_time\" content=\"2024-05-17T03:27:43+00:00\" \/>\n<meta property=\"og:image\" content=\"https:\/\/i0.wp.com\/atividademapa.com\/wp-content\/uploads\/2023\/03\/Atividade-M.A.P.A-3.png?fit=300%2C300&ssl=1\" \/>\n\t<meta property=\"og:image:width\" content=\"300\" \/>\n\t<meta property=\"og:image:height\" content=\"300\" \/>\n\t<meta property=\"og:image:type\" content=\"image\/png\" \/>\n<meta name=\"twitter:card\" content=\"summary_large_image\" \/>\n<meta name=\"twitter:label1\" content=\"Est. tempo de leitura\" \/>\n\t<meta name=\"twitter:data1\" content=\"3 minutos\" \/>\n<script type=\"application\/ld+json\" class=\"yoast-schema-graph\">{\"@context\":\"https:\\\/\\\/schema.org\",\"@graph\":[{\"@type\":\"WebPage\",\"@id\":\"https:\\\/\\\/atividademapa.com\\\/?product=mapa-psicomotricidade-e-terapia-de-integracao-sensorial-52-2024\",\"url\":\"https:\\\/\\\/atividademapa.com\\\/?product=mapa-psicomotricidade-e-terapia-de-integracao-sensorial-52-2024\",\"name\":\"MAPA - Psicomotricidade e Terapia de Integra\u00e7\u00e3o Sensorial - 52\\\/2024\",\"isPartOf\":{\"@id\":\"https:\\\/\\\/atividademapa.com\\\/#website\"},\"primaryImageOfPage\":{\"@id\":\"https:\\\/\\\/atividademapa.com\\\/?product=mapa-psicomotricidade-e-terapia-de-integracao-sensorial-52-2024#primaryimage\"},\"image\":{\"@id\":\"https:\\\/\\\/atividademapa.com\\\/?product=mapa-psicomotricidade-e-terapia-de-integracao-sensorial-52-2024#primaryimage\"},\"thumbnailUrl\":\"https:\\\/\\\/i0.wp.com\\\/atividademapa.com\\\/wp-content\\\/uploads\\\/2023\\\/03\\\/Atividade-M.A.P.A-3.png?fit=300%2C300&ssl=1\",\"datePublished\":\"2024-05-17T03:27:41+00:00\",\"dateModified\":\"2024-05-17T03:27:43+00:00\",\"description\":\"Atividade MAPA - Psicomotricidade e Terapia de Integra\u00e7\u00e3o Sensorial - 52\\\/2024 &#8902; Unicesumar. Baixe agora mesmo um Mapa Pronto resolvido!\",\"breadcrumb\":{\"@id\":\"https:\\\/\\\/atividademapa.com\\\/?product=mapa-psicomotricidade-e-terapia-de-integracao-sensorial-52-2024#breadcrumb\"},\"inLanguage\":\"pt-BR\",\"potentialAction\":[{\"@type\":\"ReadAction\",\"target\":[\"https:\\\/\\\/atividademapa.com\\\/?product=mapa-psicomotricidade-e-terapia-de-integracao-sensorial-52-2024\"]}]},{\"@type\":\"ImageObject\",\"inLanguage\":\"pt-BR\",\"@id\":\"https:\\\/\\\/atividademapa.com\\\/?product=mapa-psicomotricidade-e-terapia-de-integracao-sensorial-52-2024#primaryimage\",\"url\":\"https:\\\/\\\/i0.wp.com\\\/atividademapa.com\\\/wp-content\\\/uploads\\\/2023\\\/03\\\/Atividade-M.A.P.A-3.png?fit=300%2C300&ssl=1\",\"contentUrl\":\"https:\\\/\\\/i0.wp.com\\\/atividademapa.com\\\/wp-content\\\/uploads\\\/2023\\\/03\\\/Atividade-M.A.P.A-3.png?fit=300%2C300&ssl=1\",\"width\":300,\"height\":300,\"caption\":\"Mapa Unicesumar Atividade\"},{\"@type\":\"BreadcrumbList\",\"@id\":\"https:\\\/\\\/atividademapa.com\\\/?product=mapa-psicomotricidade-e-terapia-de-integracao-sensorial-52-2024#breadcrumb\",\"itemListElement\":[{\"@type\":\"ListItem\",\"position\":1,\"name\":\"In\u00edcio\",\"item\":\"https:\\\/\\\/atividademapa.com\\\/\"},{\"@type\":\"ListItem\",\"position\":2,\"name\":\"MAPAS\",\"item\":\"https:\\\/\\\/atividademapa.com\\\/?page_id=5\"},{\"@type\":\"ListItem\",\"position\":3,\"name\":\"MAPA &#8211; Psicomotricidade e Terapia de Integra\u00e7\u00e3o Sensorial &#8211; 52\\\/2024\"}]},{\"@type\":\"WebSite\",\"@id\":\"https:\\\/\\\/atividademapa.com\\\/#website\",\"url\":\"https:\\\/\\\/atividademapa.com\\\/\",\"name\":\"Atividade Mapa\",\"description\":\"StudeO | Unicesumar\",\"publisher\":{\"@id\":\"https:\\\/\\\/atividademapa.com\\\/#organization\"},\"potentialAction\":[{\"@type\":\"SearchAction\",\"target\":{\"@type\":\"EntryPoint\",\"urlTemplate\":\"https:\\\/\\\/atividademapa.com\\\/?s={search_term_string}\"},\"query-input\":{\"@type\":\"PropertyValueSpecification\",\"valueRequired\":true,\"valueName\":\"search_term_string\"}}],\"inLanguage\":\"pt-BR\"},{\"@type\":\"Organization\",\"@id\":\"https:\\\/\\\/atividademapa.com\\\/#organization\",\"name\":\"Atividade MAPA\",\"url\":\"https:\\\/\\\/atividademapa.com\\\/\",\"logo\":{\"@type\":\"ImageObject\",\"inLanguage\":\"pt-BR\",\"@id\":\"https:\\\/\\\/atividademapa.com\\\/#\\\/schema\\\/logo\\\/image\\\/\",\"url\":\"https:\\\/\\\/i0.wp.com\\\/atividademapa.com\\\/wp-content\\\/uploads\\\/2023\\\/02\\\/ATIVIDADE.png?fit=600%2C300&ssl=1\",\"contentUrl\":\"https:\\\/\\\/i0.wp.com\\\/atividademapa.com\\\/wp-content\\\/uploads\\\/2023\\\/02\\\/ATIVIDADE.png?fit=600%2C300&ssl=1\",\"width\":600,\"height\":300,\"caption\":\"Atividade MAPA\"},\"image\":{\"@id\":\"https:\\\/\\\/atividademapa.com\\\/#\\\/schema\\\/logo\\\/image\\\/\"}}]}<\/script>\n<!-- \/ Yoast SEO plugin. -->","yoast_head_json":{"title":"MAPA - Psicomotricidade e Terapia de Integra\u00e7\u00e3o Sensorial - 52\/2024","description":"Atividade MAPA - Psicomotricidade e Terapia de Integra\u00e7\u00e3o Sensorial - 52\/2024 &#8902; Unicesumar. Baixe agora mesmo um Mapa Pronto resolvido!","robots":{"index":"index","follow":"follow","max-snippet":"max-snippet:-1","max-image-preview":"max-image-preview:large","max-video-preview":"max-video-preview:-1"},"canonical":"https:\/\/atividademapa.com\/?product=mapa-psicomotricidade-e-terapia-de-integracao-sensorial-52-2024","og_locale":"pt_BR","og_type":"article","og_title":"MAPA - Psicomotricidade e Terapia de Integra\u00e7\u00e3o Sensorial - 52\/2024","og_description":"Atividade MAPA - Psicomotricidade e Terapia de Integra\u00e7\u00e3o Sensorial - 52\/2024 &#8902; Unicesumar. Baixe agora mesmo um Mapa Pronto resolvido!","og_url":"https:\/\/atividademapa.com\/?product=mapa-psicomotricidade-e-terapia-de-integracao-sensorial-52-2024","og_site_name":"Atividade Mapa","article_modified_time":"2024-05-17T03:27:43+00:00","og_image":[{"width":300,"height":300,"url":"https:\/\/i0.wp.com\/atividademapa.com\/wp-content\/uploads\/2023\/03\/Atividade-M.A.P.A-3.png?fit=300%2C300&ssl=1","type":"image\/png"}],"twitter_card":"summary_large_image","twitter_misc":{"Est. tempo de leitura":"3 minutos"},"schema":{"@context":"https:\/\/schema.org","@graph":[{"@type":"WebPage","@id":"https:\/\/atividademapa.com\/?product=mapa-psicomotricidade-e-terapia-de-integracao-sensorial-52-2024","url":"https:\/\/atividademapa.com\/?product=mapa-psicomotricidade-e-terapia-de-integracao-sensorial-52-2024","name":"MAPA - Psicomotricidade e Terapia de Integra\u00e7\u00e3o Sensorial - 52\/2024","isPartOf":{"@id":"https:\/\/atividademapa.com\/#website"},"primaryImageOfPage":{"@id":"https:\/\/atividademapa.com\/?product=mapa-psicomotricidade-e-terapia-de-integracao-sensorial-52-2024#primaryimage"},"image":{"@id":"https:\/\/atividademapa.com\/?product=mapa-psicomotricidade-e-terapia-de-integracao-sensorial-52-2024#primaryimage"},"thumbnailUrl":"https:\/\/i0.wp.com\/atividademapa.com\/wp-content\/uploads\/2023\/03\/Atividade-M.A.P.A-3.png?fit=300%2C300&ssl=1","datePublished":"2024-05-17T03:27:41+00:00","dateModified":"2024-05-17T03:27:43+00:00","description":"Atividade MAPA - Psicomotricidade e Terapia de Integra\u00e7\u00e3o Sensorial - 52\/2024 &#8902; Unicesumar. Baixe agora mesmo um Mapa Pronto resolvido!","breadcrumb":{"@id":"https:\/\/atividademapa.com\/?product=mapa-psicomotricidade-e-terapia-de-integracao-sensorial-52-2024#breadcrumb"},"inLanguage":"pt-BR","potentialAction":[{"@type":"ReadAction","target":["https:\/\/atividademapa.com\/?product=mapa-psicomotricidade-e-terapia-de-integracao-sensorial-52-2024"]}]},{"@type":"ImageObject","inLanguage":"pt-BR","@id":"https:\/\/atividademapa.com\/?product=mapa-psicomotricidade-e-terapia-de-integracao-sensorial-52-2024#primaryimage","url":"https:\/\/i0.wp.com\/atividademapa.com\/wp-content\/uploads\/2023\/03\/Atividade-M.A.P.A-3.png?fit=300%2C300&ssl=1","contentUrl":"https:\/\/i0.wp.com\/atividademapa.com\/wp-content\/uploads\/2023\/03\/Atividade-M.A.P.A-3.png?fit=300%2C300&ssl=1","width":300,"height":300,"caption":"Mapa Unicesumar Atividade"},{"@type":"BreadcrumbList","@id":"https:\/\/atividademapa.com\/?product=mapa-psicomotricidade-e-terapia-de-integracao-sensorial-52-2024#breadcrumb","itemListElement":[{"@type":"ListItem","position":1,"name":"In\u00edcio","item":"https:\/\/atividademapa.com\/"},{"@type":"ListItem","position":2,"name":"MAPAS","item":"https:\/\/atividademapa.com\/?page_id=5"},{"@type":"ListItem","position":3,"name":"MAPA &#8211; Psicomotricidade e Terapia de Integra\u00e7\u00e3o Sensorial &#8211; 52\/2024"}]},{"@type":"WebSite","@id":"https:\/\/atividademapa.com\/#website","url":"https:\/\/atividademapa.com\/","name":"Atividade Mapa","description":"StudeO | Unicesumar","publisher":{"@id":"https:\/\/atividademapa.com\/#organization"},"potentialAction":[{"@type":"SearchAction","target":{"@type":"EntryPoint","urlTemplate":"https:\/\/atividademapa.com\/?s={search_term_string}"},"query-input":{"@type":"PropertyValueSpecification","valueRequired":true,"valueName":"search_term_string"}}],"inLanguage":"pt-BR"},{"@type":"Organization","@id":"https:\/\/atividademapa.com\/#organization","name":"Atividade MAPA","url":"https:\/\/atividademapa.com\/","logo":{"@type":"ImageObject","inLanguage":"pt-BR","@id":"https:\/\/atividademapa.com\/#\/schema\/logo\/image\/","url":"https:\/\/i0.wp.com\/atividademapa.com\/wp-content\/uploads\/2023\/02\/ATIVIDADE.png?fit=600%2C300&ssl=1","contentUrl":"https:\/\/i0.wp.com\/atividademapa.com\/wp-content\/uploads\/2023\/02\/ATIVIDADE.png?fit=600%2C300&ssl=1","width":600,"height":300,"caption":"Atividade MAPA"},"image":{"@id":"https:\/\/atividademapa.com\/#\/schema\/logo\/image\/"}}]}},"_links":{"self":[{"href":"https:\/\/atividademapa.com\/index.php?rest_route=\/wp\/v2\/product\/4036","targetHints":{"allow":["GET"]}}],"collection":[{"href":"https:\/\/atividademapa.com\/index.php?rest_route=\/wp\/v2\/product"}],"about":[{"href":"https:\/\/atividademapa.com\/index.php?rest_route=\/wp\/v2\/types\/product"}],"version-history":[{"count":1,"href":"https:\/\/atividademapa.com\/index.php?rest_route=\/wp\/v2\/product\/4036\/revisions"}],"predecessor-version":[{"id":4038,"href":"https:\/\/atividademapa.com\/index.php?rest_route=\/wp\/v2\/product\/4036\/revisions\/4038"}],"wp:featuredmedia":[{"embeddable":true,"href":"https:\/\/atividademapa.com\/index.php?rest_route=\/wp\/v2\/media\/2326"}],"wp:attachment":[{"href":"https:\/\/atividademapa.com\/index.php?rest_route=%2Fwp%2Fv2%2Fmedia&parent=4036"}],"wp:term":[{"taxonomy":"product_brand","embeddable":true,"href":"https:\/\/atividademapa.com\/index.php?rest_route=%2Fwp%2Fv2%2Fproduct_brand&post=4036"},{"taxonomy":"product_cat","embeddable":true,"href":"https:\/\/atividademapa.com\/index.php?rest_route=%2Fwp%2Fv2%2Fproduct_cat&post=4036"},{"taxonomy":"product_tag","embeddable":true,"href":"https:\/\/atividademapa.com\/index.php?rest_route=%2Fwp%2Fv2%2Fproduct_tag&post=4036"}],"curies":[{"name":"wp","href":"https:\/\/api.w.org\/{rel}","templated":true}]}}