{"id":4081,"date":"2024-05-23T22:33:32","date_gmt":"2024-05-24T01:33:32","guid":{"rendered":"https:\/\/atividademapa.com\/?post_type=product&#038;p=4081"},"modified":"2024-05-24T09:50:42","modified_gmt":"2024-05-24T12:50:42","slug":"mapa-geoprocessamento-aplicado-a-estudos-ambientais-52-2024","status":"publish","type":"product","link":"https:\/\/atividademapa.com\/?product=mapa-geoprocessamento-aplicado-a-estudos-ambientais-52-2024","title":{"rendered":"MAPA Geoprocessamento Aplicado a Estudos Ambientais 52\/2024"},"content":{"rendered":"<p>GEOPROCESSAMNETO APLICADO AOS ESTUDOS AMBIENTAIS<\/p>\n<p><strong>Contextualiza\u00e7\u00e3o<\/strong><\/p>\n<p>&nbsp;<\/p>\n<p>\u200bAtualmente o google pode ser considerada uma empresa que realiza geoprocessamento com base em sensoriamento remoto. Basicamente ele imagens de sat\u00e9lite globais, atuais e hist\u00f3ricas, e usa as ferramentas do SIG \u2013 Sistema de Informa\u00e7\u00e3o Geogr\u00e1fica com alta pot\u00eancia computacional necess\u00e1rias para analisar e coletar esse enorme volume de dados.<\/p>\n<p>&nbsp;<\/p>\n<p>Pelo Google Earth Pro voc\u00ea pode observar a mesma \u00e1rea h\u00e1 d\u00e9cadas e realizar estudos ambientais de alto \u00edndice de an\u00e1lise espacial, principalmente com enfoque ambiental.<\/p>\n<p>&nbsp;<\/p>\n<p>Sendo assim, nossa atividade de MAPA ser\u00e1 realizada com base em uma sequ\u00eancia hist\u00f3rica da sua cidade.<\/p>\n<p>&nbsp;<\/p>\n<p>Para isso, vamos precisar:<\/p>\n<p>&nbsp;<\/p>\n<p><strong>Instalar o Google Earth Pro \u2013 ele \u00e9 on line, gratuito e pode ser utilizado em qualquer computador ou ceular.<\/strong><\/p>\n<p>&nbsp;<\/p>\n<ol>\n<li>Fa\u00e7a o download do Google Earth Pro em https:\/\/www.google.com.br\/earth\/versions\/#earth-pro<\/li>\n<li>Clique duas vezes no arquivo e siga o processo de instala\u00e7\u00e3o.<\/li>\n<li>Para abrir o Google Earth Pro, clique em Iniciar Programas. Google Earth Pro. Depois, clique em &#8220;Google Earth Pro&#8221;<\/li>\n<li>Localize a sua cidade ou a cidade mais pr\u00f3xima.<\/li>\n<li>Mude a barra da s\u00e9rie hist\u00f3rica para uma imagem de pelo menos 20 anos atr\u00e1s.<\/li>\n<li>Salve as imagens dos 2 per\u00edodos \u2013 atual e passado<\/li>\n<\/ol>\n<p>&nbsp;<\/p>\n<p>\u00c9 importante que voc\u00ea fa\u00e7a a an\u00e1lise usando termos cartogr\u00e1ficos, como localiza\u00e7\u00e3o, dire\u00e7\u00e3o e posicionamento global. Para al\u00e9m disso, voc\u00ea deve se atentar ao uso do solo e as modifica\u00e7\u00f5es nestes 20 anos entre as paisagens. Escreva sua an\u00e1lise demonstrando onde ocorreram aumento ou suprimento da vegeta\u00e7\u00e3o, expans\u00e3o urbana ou rural, adensamento de pavimenta\u00e7\u00e3o, entre outros que julgar importante. Fique atento \u00e0s nossas aulas ao vivo pois faremos um exemplo juntos.<\/p>\n<p><strong>\u00a0<\/strong><\/p>\n<p><strong>\u200bResponda as seguintes quest\u00f5es:<\/strong><\/p>\n<p>&nbsp;<\/p>\n<p>1\u00ba Anexe no formul\u00e1rio padr\u00e3o da atividade MAPA 2 duas imagens da s\u00e9rie hist\u00f3rica de 20 anos\u200b.<\/p>\n<p>\u200b2\u00ba Cite e descreva pelo menos 4 QUATRO exemplos na sua an\u00e1lise demonstrando onde ocorreram aumento ou suprimento da vegeta\u00e7\u00e3o, expans\u00e3o urbana ou rural, adensamento de pavimenta\u00e7\u00e3o, entre outros que julgar importante.\u200b<\/p>\n<p>\u200b3\u00ba. Por fim, realize uma an\u00e1lise e argumente o que mudou, onde mudou e quais as an\u00e1lises ambientais sobre essa mudan\u00e7a.<\/p>\n","protected":false},"excerpt":{"rendered":"<p><strong>APROVEITE!<\/strong><\/p>\n<p><strong><span style=\"color: #ff0000;\">RECEBA 2 MAPAS RESOLVIDOS DE DIFERENTES REGI\u00d5ES PELO PRE\u00c7O DE 1<\/span><\/strong><\/p>\n<p>&nbsp;<\/p>\n","protected":false},"featured_media":2326,"template":"","meta":{"_monsterinsights_skip_tracking":false,"_monsterinsights_sitenote_active":false,"_monsterinsights_sitenote_note":"","_monsterinsights_sitenote_category":0},"product_brand":[],"product_cat":[57],"product_tag":[],"class_list":{"0":"post-4081","1":"product","2":"type-product","3":"status-publish","4":"has-post-thumbnail","6":"product_cat-gestao-ambiental","8":"first","9":"instock","10":"downloadable","11":"virtual","12":"purchasable","13":"product-type-simple"},"yoast_head":"<!-- This site is optimized with the Yoast SEO plugin v27.4 - https:\/\/yoast.com\/product\/yoast-seo-wordpress\/ -->\n<title>MAPA Geoprocessamento Aplicado a Estudos Ambientais 52\/2024<\/title>\n<meta name=\"description\" content=\"Atividade MAPA Geoprocessamento Aplicado a Estudos Ambientais 52\/2024 &#8902; Unicesumar. Baixe agora mesmo um Mapa Pronto resolvido!\" \/>\n<meta name=\"robots\" content=\"index, follow, max-snippet:-1, max-image-preview:large, max-video-preview:-1\" \/>\n<link rel=\"canonical\" href=\"https:\/\/atividademapa.com\/?product=mapa-geoprocessamento-aplicado-a-estudos-ambientais-52-2024\" \/>\n<meta property=\"og:locale\" content=\"pt_BR\" \/>\n<meta property=\"og:type\" content=\"article\" \/>\n<meta property=\"og:title\" content=\"MAPA Geoprocessamento Aplicado a Estudos Ambientais 52\/2024\" \/>\n<meta property=\"og:description\" content=\"Atividade MAPA Geoprocessamento Aplicado a Estudos Ambientais 52\/2024 &#8902; Unicesumar. Baixe agora mesmo um Mapa Pronto resolvido!\" \/>\n<meta property=\"og:url\" content=\"https:\/\/atividademapa.com\/?product=mapa-geoprocessamento-aplicado-a-estudos-ambientais-52-2024\" \/>\n<meta property=\"og:site_name\" content=\"Atividade Mapa\" \/>\n<meta property=\"article:modified_time\" content=\"2024-05-24T12:50:42+00:00\" \/>\n<meta property=\"og:image\" content=\"https:\/\/i0.wp.com\/atividademapa.com\/wp-content\/uploads\/2023\/03\/Atividade-M.A.P.A-3.png?fit=300%2C300&ssl=1\" \/>\n\t<meta property=\"og:image:width\" content=\"300\" \/>\n\t<meta property=\"og:image:height\" content=\"300\" \/>\n\t<meta property=\"og:image:type\" content=\"image\/png\" \/>\n<meta name=\"twitter:card\" content=\"summary_large_image\" \/>\n<meta name=\"twitter:label1\" content=\"Est. tempo de leitura\" \/>\n\t<meta name=\"twitter:data1\" content=\"2 minutos\" \/>\n<script type=\"application\/ld+json\" class=\"yoast-schema-graph\">{\"@context\":\"https:\\\/\\\/schema.org\",\"@graph\":[{\"@type\":\"WebPage\",\"@id\":\"https:\\\/\\\/atividademapa.com\\\/?product=mapa-geoprocessamento-aplicado-a-estudos-ambientais-52-2024\",\"url\":\"https:\\\/\\\/atividademapa.com\\\/?product=mapa-geoprocessamento-aplicado-a-estudos-ambientais-52-2024\",\"name\":\"MAPA Geoprocessamento Aplicado a Estudos Ambientais 52\\\/2024\",\"isPartOf\":{\"@id\":\"https:\\\/\\\/atividademapa.com\\\/#website\"},\"primaryImageOfPage\":{\"@id\":\"https:\\\/\\\/atividademapa.com\\\/?product=mapa-geoprocessamento-aplicado-a-estudos-ambientais-52-2024#primaryimage\"},\"image\":{\"@id\":\"https:\\\/\\\/atividademapa.com\\\/?product=mapa-geoprocessamento-aplicado-a-estudos-ambientais-52-2024#primaryimage\"},\"thumbnailUrl\":\"https:\\\/\\\/i0.wp.com\\\/atividademapa.com\\\/wp-content\\\/uploads\\\/2023\\\/03\\\/Atividade-M.A.P.A-3.png?fit=300%2C300&ssl=1\",\"datePublished\":\"2024-05-24T01:33:32+00:00\",\"dateModified\":\"2024-05-24T12:50:42+00:00\",\"description\":\"Atividade MAPA Geoprocessamento Aplicado a Estudos Ambientais 52\\\/2024 &#8902; Unicesumar. Baixe agora mesmo um Mapa Pronto resolvido!\",\"breadcrumb\":{\"@id\":\"https:\\\/\\\/atividademapa.com\\\/?product=mapa-geoprocessamento-aplicado-a-estudos-ambientais-52-2024#breadcrumb\"},\"inLanguage\":\"pt-BR\",\"potentialAction\":[{\"@type\":\"ReadAction\",\"target\":[\"https:\\\/\\\/atividademapa.com\\\/?product=mapa-geoprocessamento-aplicado-a-estudos-ambientais-52-2024\"]}]},{\"@type\":\"ImageObject\",\"inLanguage\":\"pt-BR\",\"@id\":\"https:\\\/\\\/atividademapa.com\\\/?product=mapa-geoprocessamento-aplicado-a-estudos-ambientais-52-2024#primaryimage\",\"url\":\"https:\\\/\\\/i0.wp.com\\\/atividademapa.com\\\/wp-content\\\/uploads\\\/2023\\\/03\\\/Atividade-M.A.P.A-3.png?fit=300%2C300&ssl=1\",\"contentUrl\":\"https:\\\/\\\/i0.wp.com\\\/atividademapa.com\\\/wp-content\\\/uploads\\\/2023\\\/03\\\/Atividade-M.A.P.A-3.png?fit=300%2C300&ssl=1\",\"width\":300,\"height\":300,\"caption\":\"Mapa Unicesumar Atividade\"},{\"@type\":\"BreadcrumbList\",\"@id\":\"https:\\\/\\\/atividademapa.com\\\/?product=mapa-geoprocessamento-aplicado-a-estudos-ambientais-52-2024#breadcrumb\",\"itemListElement\":[{\"@type\":\"ListItem\",\"position\":1,\"name\":\"In\u00edcio\",\"item\":\"https:\\\/\\\/atividademapa.com\\\/\"},{\"@type\":\"ListItem\",\"position\":2,\"name\":\"MAPAS\",\"item\":\"https:\\\/\\\/atividademapa.com\\\/?page_id=5\"},{\"@type\":\"ListItem\",\"position\":3,\"name\":\"MAPA Geoprocessamento Aplicado a Estudos Ambientais 52\\\/2024\"}]},{\"@type\":\"WebSite\",\"@id\":\"https:\\\/\\\/atividademapa.com\\\/#website\",\"url\":\"https:\\\/\\\/atividademapa.com\\\/\",\"name\":\"Atividade Mapa\",\"description\":\"StudeO | Unicesumar\",\"publisher\":{\"@id\":\"https:\\\/\\\/atividademapa.com\\\/#organization\"},\"potentialAction\":[{\"@type\":\"SearchAction\",\"target\":{\"@type\":\"EntryPoint\",\"urlTemplate\":\"https:\\\/\\\/atividademapa.com\\\/?s={search_term_string}\"},\"query-input\":{\"@type\":\"PropertyValueSpecification\",\"valueRequired\":true,\"valueName\":\"search_term_string\"}}],\"inLanguage\":\"pt-BR\"},{\"@type\":\"Organization\",\"@id\":\"https:\\\/\\\/atividademapa.com\\\/#organization\",\"name\":\"Atividade MAPA\",\"url\":\"https:\\\/\\\/atividademapa.com\\\/\",\"logo\":{\"@type\":\"ImageObject\",\"inLanguage\":\"pt-BR\",\"@id\":\"https:\\\/\\\/atividademapa.com\\\/#\\\/schema\\\/logo\\\/image\\\/\",\"url\":\"https:\\\/\\\/i0.wp.com\\\/atividademapa.com\\\/wp-content\\\/uploads\\\/2023\\\/02\\\/ATIVIDADE.png?fit=600%2C300&ssl=1\",\"contentUrl\":\"https:\\\/\\\/i0.wp.com\\\/atividademapa.com\\\/wp-content\\\/uploads\\\/2023\\\/02\\\/ATIVIDADE.png?fit=600%2C300&ssl=1\",\"width\":600,\"height\":300,\"caption\":\"Atividade MAPA\"},\"image\":{\"@id\":\"https:\\\/\\\/atividademapa.com\\\/#\\\/schema\\\/logo\\\/image\\\/\"}}]}<\/script>\n<!-- \/ Yoast SEO plugin. -->","yoast_head_json":{"title":"MAPA Geoprocessamento Aplicado a Estudos Ambientais 52\/2024","description":"Atividade MAPA Geoprocessamento Aplicado a Estudos Ambientais 52\/2024 &#8902; Unicesumar. Baixe agora mesmo um Mapa Pronto resolvido!","robots":{"index":"index","follow":"follow","max-snippet":"max-snippet:-1","max-image-preview":"max-image-preview:large","max-video-preview":"max-video-preview:-1"},"canonical":"https:\/\/atividademapa.com\/?product=mapa-geoprocessamento-aplicado-a-estudos-ambientais-52-2024","og_locale":"pt_BR","og_type":"article","og_title":"MAPA Geoprocessamento Aplicado a Estudos Ambientais 52\/2024","og_description":"Atividade MAPA Geoprocessamento Aplicado a Estudos Ambientais 52\/2024 &#8902; Unicesumar. Baixe agora mesmo um Mapa Pronto resolvido!","og_url":"https:\/\/atividademapa.com\/?product=mapa-geoprocessamento-aplicado-a-estudos-ambientais-52-2024","og_site_name":"Atividade Mapa","article_modified_time":"2024-05-24T12:50:42+00:00","og_image":[{"width":300,"height":300,"url":"https:\/\/i0.wp.com\/atividademapa.com\/wp-content\/uploads\/2023\/03\/Atividade-M.A.P.A-3.png?fit=300%2C300&ssl=1","type":"image\/png"}],"twitter_card":"summary_large_image","twitter_misc":{"Est. tempo de leitura":"2 minutos"},"schema":{"@context":"https:\/\/schema.org","@graph":[{"@type":"WebPage","@id":"https:\/\/atividademapa.com\/?product=mapa-geoprocessamento-aplicado-a-estudos-ambientais-52-2024","url":"https:\/\/atividademapa.com\/?product=mapa-geoprocessamento-aplicado-a-estudos-ambientais-52-2024","name":"MAPA Geoprocessamento Aplicado a Estudos Ambientais 52\/2024","isPartOf":{"@id":"https:\/\/atividademapa.com\/#website"},"primaryImageOfPage":{"@id":"https:\/\/atividademapa.com\/?product=mapa-geoprocessamento-aplicado-a-estudos-ambientais-52-2024#primaryimage"},"image":{"@id":"https:\/\/atividademapa.com\/?product=mapa-geoprocessamento-aplicado-a-estudos-ambientais-52-2024#primaryimage"},"thumbnailUrl":"https:\/\/i0.wp.com\/atividademapa.com\/wp-content\/uploads\/2023\/03\/Atividade-M.A.P.A-3.png?fit=300%2C300&ssl=1","datePublished":"2024-05-24T01:33:32+00:00","dateModified":"2024-05-24T12:50:42+00:00","description":"Atividade MAPA Geoprocessamento Aplicado a Estudos Ambientais 52\/2024 &#8902; Unicesumar. Baixe agora mesmo um Mapa Pronto resolvido!","breadcrumb":{"@id":"https:\/\/atividademapa.com\/?product=mapa-geoprocessamento-aplicado-a-estudos-ambientais-52-2024#breadcrumb"},"inLanguage":"pt-BR","potentialAction":[{"@type":"ReadAction","target":["https:\/\/atividademapa.com\/?product=mapa-geoprocessamento-aplicado-a-estudos-ambientais-52-2024"]}]},{"@type":"ImageObject","inLanguage":"pt-BR","@id":"https:\/\/atividademapa.com\/?product=mapa-geoprocessamento-aplicado-a-estudos-ambientais-52-2024#primaryimage","url":"https:\/\/i0.wp.com\/atividademapa.com\/wp-content\/uploads\/2023\/03\/Atividade-M.A.P.A-3.png?fit=300%2C300&ssl=1","contentUrl":"https:\/\/i0.wp.com\/atividademapa.com\/wp-content\/uploads\/2023\/03\/Atividade-M.A.P.A-3.png?fit=300%2C300&ssl=1","width":300,"height":300,"caption":"Mapa Unicesumar Atividade"},{"@type":"BreadcrumbList","@id":"https:\/\/atividademapa.com\/?product=mapa-geoprocessamento-aplicado-a-estudos-ambientais-52-2024#breadcrumb","itemListElement":[{"@type":"ListItem","position":1,"name":"In\u00edcio","item":"https:\/\/atividademapa.com\/"},{"@type":"ListItem","position":2,"name":"MAPAS","item":"https:\/\/atividademapa.com\/?page_id=5"},{"@type":"ListItem","position":3,"name":"MAPA Geoprocessamento Aplicado a Estudos Ambientais 52\/2024"}]},{"@type":"WebSite","@id":"https:\/\/atividademapa.com\/#website","url":"https:\/\/atividademapa.com\/","name":"Atividade Mapa","description":"StudeO | Unicesumar","publisher":{"@id":"https:\/\/atividademapa.com\/#organization"},"potentialAction":[{"@type":"SearchAction","target":{"@type":"EntryPoint","urlTemplate":"https:\/\/atividademapa.com\/?s={search_term_string}"},"query-input":{"@type":"PropertyValueSpecification","valueRequired":true,"valueName":"search_term_string"}}],"inLanguage":"pt-BR"},{"@type":"Organization","@id":"https:\/\/atividademapa.com\/#organization","name":"Atividade MAPA","url":"https:\/\/atividademapa.com\/","logo":{"@type":"ImageObject","inLanguage":"pt-BR","@id":"https:\/\/atividademapa.com\/#\/schema\/logo\/image\/","url":"https:\/\/i0.wp.com\/atividademapa.com\/wp-content\/uploads\/2023\/02\/ATIVIDADE.png?fit=600%2C300&ssl=1","contentUrl":"https:\/\/i0.wp.com\/atividademapa.com\/wp-content\/uploads\/2023\/02\/ATIVIDADE.png?fit=600%2C300&ssl=1","width":600,"height":300,"caption":"Atividade MAPA"},"image":{"@id":"https:\/\/atividademapa.com\/#\/schema\/logo\/image\/"}}]}},"_links":{"self":[{"href":"https:\/\/atividademapa.com\/index.php?rest_route=\/wp\/v2\/product\/4081","targetHints":{"allow":["GET"]}}],"collection":[{"href":"https:\/\/atividademapa.com\/index.php?rest_route=\/wp\/v2\/product"}],"about":[{"href":"https:\/\/atividademapa.com\/index.php?rest_route=\/wp\/v2\/types\/product"}],"version-history":[{"count":2,"href":"https:\/\/atividademapa.com\/index.php?rest_route=\/wp\/v2\/product\/4081\/revisions"}],"predecessor-version":[{"id":4086,"href":"https:\/\/atividademapa.com\/index.php?rest_route=\/wp\/v2\/product\/4081\/revisions\/4086"}],"wp:featuredmedia":[{"embeddable":true,"href":"https:\/\/atividademapa.com\/index.php?rest_route=\/wp\/v2\/media\/2326"}],"wp:attachment":[{"href":"https:\/\/atividademapa.com\/index.php?rest_route=%2Fwp%2Fv2%2Fmedia&parent=4081"}],"wp:term":[{"taxonomy":"product_brand","embeddable":true,"href":"https:\/\/atividademapa.com\/index.php?rest_route=%2Fwp%2Fv2%2Fproduct_brand&post=4081"},{"taxonomy":"product_cat","embeddable":true,"href":"https:\/\/atividademapa.com\/index.php?rest_route=%2Fwp%2Fv2%2Fproduct_cat&post=4081"},{"taxonomy":"product_tag","embeddable":true,"href":"https:\/\/atividademapa.com\/index.php?rest_route=%2Fwp%2Fv2%2Fproduct_tag&post=4081"}],"curies":[{"name":"wp","href":"https:\/\/api.w.org\/{rel}","templated":true}]}}