{"id":4096,"date":"2024-05-25T09:54:43","date_gmt":"2024-05-25T12:54:43","guid":{"rendered":"https:\/\/atividademapa.com\/?post_type=product&#038;p=4096"},"modified":"2024-05-25T11:40:21","modified_gmt":"2024-05-25T14:40:21","slug":"mapa-relacoes-trabalhistas-e-previdenciarias-52-2024","status":"publish","type":"product","link":"https:\/\/atividademapa.com\/?product=mapa-relacoes-trabalhistas-e-previdenciarias-52-2024","title":{"rendered":"MAPA &#8211; Rela\u00e7\u00f5es Trabalhistas e Previdenci\u00e1rias &#8211; 52\/2024"},"content":{"rendered":"<p>MAPA &#8211; RH &#8211; RELA\u00c7\u00d5ES TRABALHISTAS E PREVIDENCI\u00c1RIAS &#8211; 52_2024<\/p>\n<p>A atividade proposta corresponde ao Material de Avalia\u00e7\u00e3o Pr\u00e1tica de Aprendizagem &#8211; M.A.P.A.<br \/>\nO objetivo desta atividade \u00e9 fazer com que voc\u00ea tenha uma experi\u00eancia imersiva acerca do tema: Reforma Trabalhista.<\/p>\n<p>A REFORMA TRABALHISTA DE 2017: BEN\u00c9FICA OU MAL\u00c9FICA PARA A RELA\u00c7\u00c3O ENTRE EMPREGADOR X EMPREGADO A Lei 13.467\/2017, tamb\u00e9m conhecida como Reforma Trabalhista, ocorrida durante o mandato do Presidente Michel Temer, alterou mais de uma centena de itens da CLT e trouxe v\u00e1rias mudan\u00e7as que afetaram o dia a dia entre empregado e empregador, outras, por sua vez, abrangeram as rela\u00e7\u00f5es sindicais, al\u00e9m de outras que envolvem quest\u00f5es judiciais decorrentes de reclamat\u00f3rias trabalhistas.<br \/>\nDesta forma, para fazermos uma an\u00e1lise cr\u00edtica acerca das altera\u00e7\u00f5es realizadas h\u00e1 \u00e9poca, \u00e9 importante que se tenha um conhecimento t\u00e9cnico sobre o tema, ainda mais quando estamos realizando estes debates em ambiente acad\u00eamico, pois, o conhecimento desempenha um papel fundamental na forma\u00e7\u00e3o de julgamentos e na tomada de decis\u00f5es conscientes, formando assim julgamentos s\u00f3lidos em um mundo onde a informa\u00e7\u00e3o pode ser abundante e muitas vezes extremamente superficial.<br \/>\nRegras trabalhistas equilibradas podem estimular um ambiente em que os trabalhadores se sintam valorizados e motivados, o que, por sua vez, pode resultar em maior produtividade e inova\u00e7\u00e3o nas empresas. Por sua vez, estabelecendo regras claras, o Direito do Trabalho contribui para a estabilidade social e econ\u00f4mica, reduzindo conflitos laborais que poderiam resultar em greves, paralisa\u00e7\u00f5es e lit\u00edgios judiciais, trazendo mais seguran\u00e7a e previsibilidade para o empregador.<br \/>\nComo sabemos, Consolida\u00e7\u00e3o das Leis do Trabalho (CLT) \u00e9 um conjunto de regras que define os padr\u00f5es para as intera\u00e7\u00f5es laborais no pa\u00eds. Criada em 1943 por Get\u00falio Vargas, a CLT \u00e9 amplamente respeitada e at\u00e9 serviu de modelo para outras na\u00e7\u00f5es. Ao longo do tempo, a CLT foi ajustada para se adequar \u00e0s mudan\u00e7as sociais e nas rela\u00e7\u00f5es de trabalho, sendo uma das mais importantes reformas aquela havida em 2017, por meio da Lei 13.467\/17.Para nos aprofundarmos mais neste assunto, convido voc\u00ea a acessar os links abaixo e fazer a leitura dos tr\u00eas textos:<\/p>\n<p>O que muda com a Reforma Trabalhista. POLITIZE! 2024. Dispon\u00edvel em: &lt; https:\/\/www.politize.com.br\/reforma-trabalhista-principais-pontos\/ &gt;. Acesso em: 22 abr. 2024.<\/p>\n<p>Lei 5.452, de 1\u00ba de maio de 1943 (CLT). Dispon\u00edvel em: &lt; https:\/\/www.planalto.gov.br\/ccivil_03\/decreto-lei\/del5452.htm &gt;. Acesso em: 22 abr. 2024.<\/p>\n<p>Lei 13.467, de 13 de julho de 2017 (Altera a CLT). Dispon\u00edvel em: &lt; https:\/\/www.planalto.gov.br\/ccivil_03\/_ato2015-2018\/2017\/lei\/l13467.htm &gt;. Acesso em: 22 abr. 2024.<\/p>\n<p>ATIVIDADE:<\/p>\n<p>(Situa\u00e7\u00e3o hipot\u00e9tica) Vamos nos colocar no lugar de um profissional que exerce a sua atividade em uma empresa de pequeno porte da \u00e1rea de tecnologia, que desenvolve solu\u00e7\u00f5es de sustentabilidade inovadoras. A empresa possui uma cultura de colabora\u00e7\u00e3o e autonomia, permitindo que os funcion\u00e1rios tenham flexibilidade relacionado ao seu hor\u00e1rio de trabalho e f\u00e9rias.<br \/>\nDiante desse contexto, analise o caso abaixo e responda:<br \/>\nJo\u00e3o \u00e9 colaborador h\u00e1 mais de 5 anos na empresa, seu regime de trabalho \u00e9 regido pelas normas presentes na CLT e cumpre jornada de trabalho de 40h semanais. Ele solicitou ao seu gestor imediato \u00e0s f\u00e9rias diante das seguintes condi\u00e7\u00f5es: f\u00e9rias de 4 dias no pr\u00f3ximo m\u00eas, retorna ao trabalho e depois de 90 dias do seu retorno, mais 26 dias de f\u00e9rias. E fez mais um pedido: precisa resolver algumas quest\u00f5es pessoais e gostaria de n\u00e3o realizar seu hor\u00e1rio de almo\u00e7o para poder sair mais cedo, ou seja, trabalharia as 8 horas de forma direta para poder sair antes do expediente.<\/p>\n<p>De acordo com o estudo realizado em nosso livro (Unidade 3) e tamb\u00e9m pelos textos\/links acima disponibilizados, responda: 1- De acordo com as normas previstas na CLT \u00e9 poss\u00edvel atender o pedido de f\u00e9rias de Jo\u00e3o? Caso n\u00e3o seja poss\u00edvel, explique qual seria uma alternativa para essa concess\u00e3o em dois momentos das f\u00e9rias em favor do funcion\u00e1rio. (Sua resposta dever\u00e1 conter de 2 a 4 linhas).<\/p>\n<p>2- De acordo com as normas previstas na CLT \u00e9 poss\u00edvel atender o pedido de supress\u00e3o do intervalo intrajornada de Jo\u00e3o? Caso n\u00e3o seja poss\u00edvel, explique qual \u00e9 o per\u00edodo m\u00ednimo a ser concedido de intervalo intrajornada em favor do funcion\u00e1rio. (Sua resposta dever\u00e1 conter de 2 a 4 linhas).<\/p>\n<p>3- Abordando especificamente as modifica\u00e7\u00f5es advindas da Lei 13.467\/17, cite ao menos 2 (duas) altera\u00e7\u00f5es que voc\u00ea considera ben\u00e9fica para o empregado e 2 (duas) que s\u00e3o ben\u00e9ficas para o empregador diante da Reforma Trabalhista.<\/p>\n<p>4- A empresa diante das mudan\u00e7as na Legisla\u00e7\u00e3o, teve que se adaptar, causando alguns impactos na imagem de cultura flex\u00edvel que a empresa tinha antes das mudan\u00e7as. Na posi\u00e7\u00e3o de gestor, descreva, ao menos, 2 (duas) a\u00e7\u00f5es que voc\u00ea realizaria a fim de perpetuar essa cultura e n\u00e3o gerar resist\u00eancia por parte dos colaboradores, nas adequa\u00e7\u00f5es que a empresa precisa realizar.<\/p>\n<p>&nbsp;<\/p>\n","protected":false},"excerpt":{"rendered":"<p>MAPA &#8211; RH &#8211; RELA\u00c7\u00d5ES TRABALHISTAS E PREVIDENCI\u00c1RIAS &#8211; 52_2024 A atividade proposta corresponde ao Material de Avalia\u00e7\u00e3o Pr\u00e1tica de<\/p>\n","protected":false},"featured_media":2326,"template":"","meta":{"_monsterinsights_skip_tracking":false,"_monsterinsights_sitenote_active":false,"_monsterinsights_sitenote_note":"","_monsterinsights_sitenote_category":0},"product_brand":[],"product_cat":[39,59],"product_tag":[],"class_list":{"0":"post-4096","1":"product","2":"type-product","3":"status-publish","4":"has-post-thumbnail","6":"product_cat-gestao-de-recursos-humanos","7":"product_cat-recursos-humanos","9":"first","10":"instock","11":"downloadable","12":"virtual","13":"purchasable","14":"product-type-simple"},"yoast_head":"<!-- This site is optimized with the Yoast SEO plugin v27.4 - https:\/\/yoast.com\/product\/yoast-seo-wordpress\/ -->\n<title>MAPA - Rela\u00e7\u00f5es Trabalhistas e Previdenci\u00e1rias - 52\/2024<\/title>\n<meta name=\"description\" content=\"Atividade MAPA - Rela\u00e7\u00f5es Trabalhistas e Previdenci\u00e1rias - 52\/2024 &#8902; Unicesumar. Baixe agora mesmo um Mapa Pronto resolvido!\" \/>\n<meta name=\"robots\" content=\"index, follow, max-snippet:-1, max-image-preview:large, max-video-preview:-1\" \/>\n<link rel=\"canonical\" href=\"https:\/\/atividademapa.com\/?product=mapa-relacoes-trabalhistas-e-previdenciarias-52-2024\" \/>\n<meta property=\"og:locale\" content=\"pt_BR\" \/>\n<meta property=\"og:type\" content=\"article\" \/>\n<meta property=\"og:title\" content=\"MAPA - Rela\u00e7\u00f5es Trabalhistas e Previdenci\u00e1rias - 52\/2024\" \/>\n<meta property=\"og:description\" content=\"Atividade MAPA - Rela\u00e7\u00f5es Trabalhistas e Previdenci\u00e1rias - 52\/2024 &#8902; Unicesumar. Baixe agora mesmo um Mapa Pronto resolvido!\" \/>\n<meta property=\"og:url\" content=\"https:\/\/atividademapa.com\/?product=mapa-relacoes-trabalhistas-e-previdenciarias-52-2024\" \/>\n<meta property=\"og:site_name\" content=\"Atividade Mapa\" \/>\n<meta property=\"article:modified_time\" content=\"2024-05-25T14:40:21+00:00\" \/>\n<meta property=\"og:image\" content=\"https:\/\/i0.wp.com\/atividademapa.com\/wp-content\/uploads\/2023\/03\/Atividade-M.A.P.A-3.png?fit=300%2C300&ssl=1\" \/>\n\t<meta property=\"og:image:width\" content=\"300\" \/>\n\t<meta property=\"og:image:height\" content=\"300\" \/>\n\t<meta property=\"og:image:type\" content=\"image\/png\" \/>\n<meta name=\"twitter:card\" content=\"summary_large_image\" \/>\n<meta name=\"twitter:label1\" content=\"Est. tempo de leitura\" \/>\n\t<meta name=\"twitter:data1\" content=\"4 minutos\" \/>\n<script type=\"application\/ld+json\" class=\"yoast-schema-graph\">{\"@context\":\"https:\\\/\\\/schema.org\",\"@graph\":[{\"@type\":\"WebPage\",\"@id\":\"https:\\\/\\\/atividademapa.com\\\/?product=mapa-relacoes-trabalhistas-e-previdenciarias-52-2024\",\"url\":\"https:\\\/\\\/atividademapa.com\\\/?product=mapa-relacoes-trabalhistas-e-previdenciarias-52-2024\",\"name\":\"MAPA - Rela\u00e7\u00f5es Trabalhistas e Previdenci\u00e1rias - 52\\\/2024\",\"isPartOf\":{\"@id\":\"https:\\\/\\\/atividademapa.com\\\/#website\"},\"primaryImageOfPage\":{\"@id\":\"https:\\\/\\\/atividademapa.com\\\/?product=mapa-relacoes-trabalhistas-e-previdenciarias-52-2024#primaryimage\"},\"image\":{\"@id\":\"https:\\\/\\\/atividademapa.com\\\/?product=mapa-relacoes-trabalhistas-e-previdenciarias-52-2024#primaryimage\"},\"thumbnailUrl\":\"https:\\\/\\\/i0.wp.com\\\/atividademapa.com\\\/wp-content\\\/uploads\\\/2023\\\/03\\\/Atividade-M.A.P.A-3.png?fit=300%2C300&ssl=1\",\"datePublished\":\"2024-05-25T12:54:43+00:00\",\"dateModified\":\"2024-05-25T14:40:21+00:00\",\"description\":\"Atividade MAPA - Rela\u00e7\u00f5es Trabalhistas e Previdenci\u00e1rias - 52\\\/2024 &#8902; Unicesumar. Baixe agora mesmo um Mapa Pronto resolvido!\",\"breadcrumb\":{\"@id\":\"https:\\\/\\\/atividademapa.com\\\/?product=mapa-relacoes-trabalhistas-e-previdenciarias-52-2024#breadcrumb\"},\"inLanguage\":\"pt-BR\",\"potentialAction\":[{\"@type\":\"ReadAction\",\"target\":[\"https:\\\/\\\/atividademapa.com\\\/?product=mapa-relacoes-trabalhistas-e-previdenciarias-52-2024\"]}]},{\"@type\":\"ImageObject\",\"inLanguage\":\"pt-BR\",\"@id\":\"https:\\\/\\\/atividademapa.com\\\/?product=mapa-relacoes-trabalhistas-e-previdenciarias-52-2024#primaryimage\",\"url\":\"https:\\\/\\\/i0.wp.com\\\/atividademapa.com\\\/wp-content\\\/uploads\\\/2023\\\/03\\\/Atividade-M.A.P.A-3.png?fit=300%2C300&ssl=1\",\"contentUrl\":\"https:\\\/\\\/i0.wp.com\\\/atividademapa.com\\\/wp-content\\\/uploads\\\/2023\\\/03\\\/Atividade-M.A.P.A-3.png?fit=300%2C300&ssl=1\",\"width\":300,\"height\":300,\"caption\":\"Mapa Unicesumar Atividade\"},{\"@type\":\"BreadcrumbList\",\"@id\":\"https:\\\/\\\/atividademapa.com\\\/?product=mapa-relacoes-trabalhistas-e-previdenciarias-52-2024#breadcrumb\",\"itemListElement\":[{\"@type\":\"ListItem\",\"position\":1,\"name\":\"In\u00edcio\",\"item\":\"https:\\\/\\\/atividademapa.com\\\/\"},{\"@type\":\"ListItem\",\"position\":2,\"name\":\"MAPAS\",\"item\":\"https:\\\/\\\/atividademapa.com\\\/?page_id=5\"},{\"@type\":\"ListItem\",\"position\":3,\"name\":\"MAPA &#8211; Rela\u00e7\u00f5es Trabalhistas e Previdenci\u00e1rias &#8211; 52\\\/2024\"}]},{\"@type\":\"WebSite\",\"@id\":\"https:\\\/\\\/atividademapa.com\\\/#website\",\"url\":\"https:\\\/\\\/atividademapa.com\\\/\",\"name\":\"Atividade Mapa\",\"description\":\"StudeO | Unicesumar\",\"publisher\":{\"@id\":\"https:\\\/\\\/atividademapa.com\\\/#organization\"},\"potentialAction\":[{\"@type\":\"SearchAction\",\"target\":{\"@type\":\"EntryPoint\",\"urlTemplate\":\"https:\\\/\\\/atividademapa.com\\\/?s={search_term_string}\"},\"query-input\":{\"@type\":\"PropertyValueSpecification\",\"valueRequired\":true,\"valueName\":\"search_term_string\"}}],\"inLanguage\":\"pt-BR\"},{\"@type\":\"Organization\",\"@id\":\"https:\\\/\\\/atividademapa.com\\\/#organization\",\"name\":\"Atividade MAPA\",\"url\":\"https:\\\/\\\/atividademapa.com\\\/\",\"logo\":{\"@type\":\"ImageObject\",\"inLanguage\":\"pt-BR\",\"@id\":\"https:\\\/\\\/atividademapa.com\\\/#\\\/schema\\\/logo\\\/image\\\/\",\"url\":\"https:\\\/\\\/i0.wp.com\\\/atividademapa.com\\\/wp-content\\\/uploads\\\/2023\\\/02\\\/ATIVIDADE.png?fit=600%2C300&ssl=1\",\"contentUrl\":\"https:\\\/\\\/i0.wp.com\\\/atividademapa.com\\\/wp-content\\\/uploads\\\/2023\\\/02\\\/ATIVIDADE.png?fit=600%2C300&ssl=1\",\"width\":600,\"height\":300,\"caption\":\"Atividade MAPA\"},\"image\":{\"@id\":\"https:\\\/\\\/atividademapa.com\\\/#\\\/schema\\\/logo\\\/image\\\/\"}}]}<\/script>\n<!-- \/ Yoast SEO plugin. -->","yoast_head_json":{"title":"MAPA - Rela\u00e7\u00f5es Trabalhistas e Previdenci\u00e1rias - 52\/2024","description":"Atividade MAPA - Rela\u00e7\u00f5es Trabalhistas e Previdenci\u00e1rias - 52\/2024 &#8902; Unicesumar. Baixe agora mesmo um Mapa Pronto resolvido!","robots":{"index":"index","follow":"follow","max-snippet":"max-snippet:-1","max-image-preview":"max-image-preview:large","max-video-preview":"max-video-preview:-1"},"canonical":"https:\/\/atividademapa.com\/?product=mapa-relacoes-trabalhistas-e-previdenciarias-52-2024","og_locale":"pt_BR","og_type":"article","og_title":"MAPA - Rela\u00e7\u00f5es Trabalhistas e Previdenci\u00e1rias - 52\/2024","og_description":"Atividade MAPA - Rela\u00e7\u00f5es Trabalhistas e Previdenci\u00e1rias - 52\/2024 &#8902; Unicesumar. Baixe agora mesmo um Mapa Pronto resolvido!","og_url":"https:\/\/atividademapa.com\/?product=mapa-relacoes-trabalhistas-e-previdenciarias-52-2024","og_site_name":"Atividade Mapa","article_modified_time":"2024-05-25T14:40:21+00:00","og_image":[{"width":300,"height":300,"url":"https:\/\/i0.wp.com\/atividademapa.com\/wp-content\/uploads\/2023\/03\/Atividade-M.A.P.A-3.png?fit=300%2C300&ssl=1","type":"image\/png"}],"twitter_card":"summary_large_image","twitter_misc":{"Est. tempo de leitura":"4 minutos"},"schema":{"@context":"https:\/\/schema.org","@graph":[{"@type":"WebPage","@id":"https:\/\/atividademapa.com\/?product=mapa-relacoes-trabalhistas-e-previdenciarias-52-2024","url":"https:\/\/atividademapa.com\/?product=mapa-relacoes-trabalhistas-e-previdenciarias-52-2024","name":"MAPA - Rela\u00e7\u00f5es Trabalhistas e Previdenci\u00e1rias - 52\/2024","isPartOf":{"@id":"https:\/\/atividademapa.com\/#website"},"primaryImageOfPage":{"@id":"https:\/\/atividademapa.com\/?product=mapa-relacoes-trabalhistas-e-previdenciarias-52-2024#primaryimage"},"image":{"@id":"https:\/\/atividademapa.com\/?product=mapa-relacoes-trabalhistas-e-previdenciarias-52-2024#primaryimage"},"thumbnailUrl":"https:\/\/i0.wp.com\/atividademapa.com\/wp-content\/uploads\/2023\/03\/Atividade-M.A.P.A-3.png?fit=300%2C300&ssl=1","datePublished":"2024-05-25T12:54:43+00:00","dateModified":"2024-05-25T14:40:21+00:00","description":"Atividade MAPA - Rela\u00e7\u00f5es Trabalhistas e Previdenci\u00e1rias - 52\/2024 &#8902; Unicesumar. Baixe agora mesmo um Mapa Pronto resolvido!","breadcrumb":{"@id":"https:\/\/atividademapa.com\/?product=mapa-relacoes-trabalhistas-e-previdenciarias-52-2024#breadcrumb"},"inLanguage":"pt-BR","potentialAction":[{"@type":"ReadAction","target":["https:\/\/atividademapa.com\/?product=mapa-relacoes-trabalhistas-e-previdenciarias-52-2024"]}]},{"@type":"ImageObject","inLanguage":"pt-BR","@id":"https:\/\/atividademapa.com\/?product=mapa-relacoes-trabalhistas-e-previdenciarias-52-2024#primaryimage","url":"https:\/\/i0.wp.com\/atividademapa.com\/wp-content\/uploads\/2023\/03\/Atividade-M.A.P.A-3.png?fit=300%2C300&ssl=1","contentUrl":"https:\/\/i0.wp.com\/atividademapa.com\/wp-content\/uploads\/2023\/03\/Atividade-M.A.P.A-3.png?fit=300%2C300&ssl=1","width":300,"height":300,"caption":"Mapa Unicesumar Atividade"},{"@type":"BreadcrumbList","@id":"https:\/\/atividademapa.com\/?product=mapa-relacoes-trabalhistas-e-previdenciarias-52-2024#breadcrumb","itemListElement":[{"@type":"ListItem","position":1,"name":"In\u00edcio","item":"https:\/\/atividademapa.com\/"},{"@type":"ListItem","position":2,"name":"MAPAS","item":"https:\/\/atividademapa.com\/?page_id=5"},{"@type":"ListItem","position":3,"name":"MAPA &#8211; Rela\u00e7\u00f5es Trabalhistas e Previdenci\u00e1rias &#8211; 52\/2024"}]},{"@type":"WebSite","@id":"https:\/\/atividademapa.com\/#website","url":"https:\/\/atividademapa.com\/","name":"Atividade Mapa","description":"StudeO | Unicesumar","publisher":{"@id":"https:\/\/atividademapa.com\/#organization"},"potentialAction":[{"@type":"SearchAction","target":{"@type":"EntryPoint","urlTemplate":"https:\/\/atividademapa.com\/?s={search_term_string}"},"query-input":{"@type":"PropertyValueSpecification","valueRequired":true,"valueName":"search_term_string"}}],"inLanguage":"pt-BR"},{"@type":"Organization","@id":"https:\/\/atividademapa.com\/#organization","name":"Atividade MAPA","url":"https:\/\/atividademapa.com\/","logo":{"@type":"ImageObject","inLanguage":"pt-BR","@id":"https:\/\/atividademapa.com\/#\/schema\/logo\/image\/","url":"https:\/\/i0.wp.com\/atividademapa.com\/wp-content\/uploads\/2023\/02\/ATIVIDADE.png?fit=600%2C300&ssl=1","contentUrl":"https:\/\/i0.wp.com\/atividademapa.com\/wp-content\/uploads\/2023\/02\/ATIVIDADE.png?fit=600%2C300&ssl=1","width":600,"height":300,"caption":"Atividade MAPA"},"image":{"@id":"https:\/\/atividademapa.com\/#\/schema\/logo\/image\/"}}]}},"_links":{"self":[{"href":"https:\/\/atividademapa.com\/index.php?rest_route=\/wp\/v2\/product\/4096","targetHints":{"allow":["GET"]}}],"collection":[{"href":"https:\/\/atividademapa.com\/index.php?rest_route=\/wp\/v2\/product"}],"about":[{"href":"https:\/\/atividademapa.com\/index.php?rest_route=\/wp\/v2\/types\/product"}],"version-history":[{"count":3,"href":"https:\/\/atividademapa.com\/index.php?rest_route=\/wp\/v2\/product\/4096\/revisions"}],"predecessor-version":[{"id":4101,"href":"https:\/\/atividademapa.com\/index.php?rest_route=\/wp\/v2\/product\/4096\/revisions\/4101"}],"wp:featuredmedia":[{"embeddable":true,"href":"https:\/\/atividademapa.com\/index.php?rest_route=\/wp\/v2\/media\/2326"}],"wp:attachment":[{"href":"https:\/\/atividademapa.com\/index.php?rest_route=%2Fwp%2Fv2%2Fmedia&parent=4096"}],"wp:term":[{"taxonomy":"product_brand","embeddable":true,"href":"https:\/\/atividademapa.com\/index.php?rest_route=%2Fwp%2Fv2%2Fproduct_brand&post=4096"},{"taxonomy":"product_cat","embeddable":true,"href":"https:\/\/atividademapa.com\/index.php?rest_route=%2Fwp%2Fv2%2Fproduct_cat&post=4096"},{"taxonomy":"product_tag","embeddable":true,"href":"https:\/\/atividademapa.com\/index.php?rest_route=%2Fwp%2Fv2%2Fproduct_tag&post=4096"}],"curies":[{"name":"wp","href":"https:\/\/api.w.org\/{rel}","templated":true}]}}