{"id":4220,"date":"2024-06-11T12:40:43","date_gmt":"2024-06-11T15:40:43","guid":{"rendered":"https:\/\/atividademapa.com\/?post_type=product&#038;p=4220"},"modified":"2024-06-11T12:52:35","modified_gmt":"2024-06-11T15:52:35","slug":"mapa-calculo-e-fisica-para-agronomia-52-2024","status":"publish","type":"product","link":"https:\/\/atividademapa.com\/?product=mapa-calculo-e-fisica-para-agronomia-52-2024","title":{"rendered":"Mapa &#8211; C\u00e1lculo e F\u00edsica para Agronomia &#8211; 52\/2024"},"content":{"rendered":"<p>Mapa &#8211; C\u00e1lculo e F\u00edsica para Agronomia &#8211; 52\/2024<\/p>\n<div class=\"ng-scope\">\n<p>Agora, voc\u00ea aplicar\u00e1 seus conhecimentos em F\u00edsica para resolver um problema do seu dia a dia. Analisando o crescimento de uma planta, como a de milho, por exemplo, voc\u00ea percebeu que ele cresce muito mais r\u00e1pido no in\u00edcio, enquanto ainda \u00e9 um broto, do que em seus est\u00e1gios finais, pr\u00f3ximo \u00e0 colheita. Assim, podemos descrever a altura de um p\u00e9 de milho como um movimento retil\u00edneo uniformemente variado, que voc\u00ea j\u00e1 conhece.<\/p>\n<p>A equa\u00e7\u00e3o deste movimento ser\u00e1:<\/p>\n<\/div>\n<div class=\"ng-scope\">\n<p><img data-recalc-dims=\"1\" decoding=\"async\" src=\"https:\/\/i0.wp.com\/sistemasead.unicesumar.edu.br\/flex\/amfphp\/services\/Portal\/ImagemQuestionario2\/QUE_204809_579205_1.png?ssl=1\" alt=\"\" \/><\/p>\n<p>Para o caso do milho que voc\u00ea est\u00e1 estudando, os valores das constantes s\u00e3o:<br \/>\nh: altura.<br \/>\nV<sub>o<\/sub>: velocidade inicial.<br \/>\nV: velocidade.<br \/>\na: acelera\u00e7\u00e3o de crescimento.<br \/>\nt: tempo.<br \/>\n<img data-recalc-dims=\"1\" decoding=\"async\" src=\"https:\/\/i0.wp.com\/sistemasead.unicesumar.edu.br\/flex\/amfphp\/services\/Portal\/ImagemQuestionario2\/QUE_204809_579205_2.png\" alt=\"\" \/><\/p>\n<p><strong>PARTE 1:<\/strong><br \/>\na) Calcule qual \u00e9 a\u00a0<strong>velocidade inicial de crescimento do milho<\/strong>\u00a0<strong>em metros por segundo (m\/s).<\/strong><br \/>\nb) Calcule qual \u00e9 a\u00a0<strong>acelera\u00e7\u00e3o de crescimento do milho em metros por segundo ao quadrado (m\/s<sup>2<\/sup>).<\/strong><\/p>\n<p><strong>PARTE 2:<\/strong><br \/>\nComo temos um movimento retil\u00edneo uniformemente variado, a velocidade de crescimento \u00e9 dada por:<br \/>\n<img data-recalc-dims=\"1\" decoding=\"async\" src=\"https:\/\/i0.wp.com\/sistemasead.unicesumar.edu.br\/flex\/amfphp\/services\/Portal\/ImagemQuestionario2\/QUE_204809_579205_3.png\" alt=\"\" \/><\/p>\n<p>Sabendo que o milho para de crescer quando a sua\u00a0<u><strong>velocidade for nula<\/strong><\/u>, determine:<br \/>\na) Quanto\u00a0<strong>tempo\u00a0<\/strong>leva para o milho parar de crescer em dias?<br \/>\nb) Qual \u00e9 a\u00a0<strong>altura\u00a0<\/strong>final do milho?<\/p>\n<\/div>\n","protected":false},"excerpt":{"rendered":"<p>Mapa &#8211; C\u00e1lculo e F\u00edsica para Agronomia &#8211; 52\/2024 Agora, voc\u00ea aplicar\u00e1 seus conhecimentos em F\u00edsica para resolver um problema<\/p>\n","protected":false},"featured_media":2326,"template":"","meta":{"_monsterinsights_skip_tracking":false,"_monsterinsights_sitenote_active":false,"_monsterinsights_sitenote_note":"","_monsterinsights_sitenote_category":0},"product_brand":[],"product_cat":[49],"product_tag":[],"class_list":{"0":"post-4220","1":"product","2":"type-product","3":"status-publish","4":"has-post-thumbnail","6":"product_cat-agronomia","8":"first","9":"instock","10":"downloadable","11":"virtual","12":"purchasable","13":"product-type-simple"},"yoast_head":"<!-- This site is optimized with the Yoast SEO plugin v27.4 - https:\/\/yoast.com\/product\/yoast-seo-wordpress\/ -->\n<title>Mapa - C\u00e1lculo e F\u00edsica para Agronomia - 52\/2024<\/title>\n<meta name=\"description\" content=\"Atividade Mapa - C\u00e1lculo e F\u00edsica para Agronomia - 52\/2024 &#8902; Unicesumar. Baixe agora mesmo um Mapa Pronto resolvido!\" \/>\n<meta name=\"robots\" content=\"index, follow, max-snippet:-1, max-image-preview:large, max-video-preview:-1\" \/>\n<link rel=\"canonical\" href=\"https:\/\/atividademapa.com\/?product=mapa-calculo-e-fisica-para-agronomia-52-2024\" \/>\n<meta property=\"og:locale\" content=\"pt_BR\" \/>\n<meta property=\"og:type\" content=\"article\" \/>\n<meta property=\"og:title\" content=\"Mapa - C\u00e1lculo e F\u00edsica para Agronomia - 52\/2024\" \/>\n<meta property=\"og:description\" content=\"Atividade Mapa - C\u00e1lculo e F\u00edsica para Agronomia - 52\/2024 &#8902; Unicesumar. Baixe agora mesmo um Mapa Pronto resolvido!\" \/>\n<meta property=\"og:url\" content=\"https:\/\/atividademapa.com\/?product=mapa-calculo-e-fisica-para-agronomia-52-2024\" \/>\n<meta property=\"og:site_name\" content=\"Atividade Mapa\" \/>\n<meta property=\"article:modified_time\" content=\"2024-06-11T15:52:35+00:00\" \/>\n<meta property=\"og:image\" content=\"https:\/\/i0.wp.com\/atividademapa.com\/wp-content\/uploads\/2023\/03\/Atividade-M.A.P.A-3.png?fit=300%2C300&ssl=1\" \/>\n\t<meta property=\"og:image:width\" content=\"300\" \/>\n\t<meta property=\"og:image:height\" content=\"300\" \/>\n\t<meta property=\"og:image:type\" content=\"image\/png\" \/>\n<meta name=\"twitter:card\" content=\"summary_large_image\" \/>\n<meta name=\"twitter:label1\" content=\"Est. tempo de leitura\" \/>\n\t<meta name=\"twitter:data1\" content=\"1 minuto\" \/>\n<script type=\"application\/ld+json\" class=\"yoast-schema-graph\">{\"@context\":\"https:\\\/\\\/schema.org\",\"@graph\":[{\"@type\":\"WebPage\",\"@id\":\"https:\\\/\\\/atividademapa.com\\\/?product=mapa-calculo-e-fisica-para-agronomia-52-2024\",\"url\":\"https:\\\/\\\/atividademapa.com\\\/?product=mapa-calculo-e-fisica-para-agronomia-52-2024\",\"name\":\"Mapa - C\u00e1lculo e F\u00edsica para Agronomia - 52\\\/2024\",\"isPartOf\":{\"@id\":\"https:\\\/\\\/atividademapa.com\\\/#website\"},\"primaryImageOfPage\":{\"@id\":\"https:\\\/\\\/atividademapa.com\\\/?product=mapa-calculo-e-fisica-para-agronomia-52-2024#primaryimage\"},\"image\":{\"@id\":\"https:\\\/\\\/atividademapa.com\\\/?product=mapa-calculo-e-fisica-para-agronomia-52-2024#primaryimage\"},\"thumbnailUrl\":\"https:\\\/\\\/i0.wp.com\\\/atividademapa.com\\\/wp-content\\\/uploads\\\/2023\\\/03\\\/Atividade-M.A.P.A-3.png?fit=300%2C300&ssl=1\",\"datePublished\":\"2024-06-11T15:40:43+00:00\",\"dateModified\":\"2024-06-11T15:52:35+00:00\",\"description\":\"Atividade Mapa - C\u00e1lculo e F\u00edsica para Agronomia - 52\\\/2024 &#8902; Unicesumar. Baixe agora mesmo um Mapa Pronto resolvido!\",\"breadcrumb\":{\"@id\":\"https:\\\/\\\/atividademapa.com\\\/?product=mapa-calculo-e-fisica-para-agronomia-52-2024#breadcrumb\"},\"inLanguage\":\"pt-BR\",\"potentialAction\":[{\"@type\":\"ReadAction\",\"target\":[\"https:\\\/\\\/atividademapa.com\\\/?product=mapa-calculo-e-fisica-para-agronomia-52-2024\"]}]},{\"@type\":\"ImageObject\",\"inLanguage\":\"pt-BR\",\"@id\":\"https:\\\/\\\/atividademapa.com\\\/?product=mapa-calculo-e-fisica-para-agronomia-52-2024#primaryimage\",\"url\":\"https:\\\/\\\/i0.wp.com\\\/atividademapa.com\\\/wp-content\\\/uploads\\\/2023\\\/03\\\/Atividade-M.A.P.A-3.png?fit=300%2C300&ssl=1\",\"contentUrl\":\"https:\\\/\\\/i0.wp.com\\\/atividademapa.com\\\/wp-content\\\/uploads\\\/2023\\\/03\\\/Atividade-M.A.P.A-3.png?fit=300%2C300&ssl=1\",\"width\":300,\"height\":300,\"caption\":\"Mapa Unicesumar Atividade\"},{\"@type\":\"BreadcrumbList\",\"@id\":\"https:\\\/\\\/atividademapa.com\\\/?product=mapa-calculo-e-fisica-para-agronomia-52-2024#breadcrumb\",\"itemListElement\":[{\"@type\":\"ListItem\",\"position\":1,\"name\":\"In\u00edcio\",\"item\":\"https:\\\/\\\/atividademapa.com\\\/\"},{\"@type\":\"ListItem\",\"position\":2,\"name\":\"MAPAS\",\"item\":\"https:\\\/\\\/atividademapa.com\\\/?page_id=5\"},{\"@type\":\"ListItem\",\"position\":3,\"name\":\"Mapa &#8211; C\u00e1lculo e F\u00edsica para Agronomia &#8211; 52\\\/2024\"}]},{\"@type\":\"WebSite\",\"@id\":\"https:\\\/\\\/atividademapa.com\\\/#website\",\"url\":\"https:\\\/\\\/atividademapa.com\\\/\",\"name\":\"Atividade Mapa\",\"description\":\"StudeO | Unicesumar\",\"publisher\":{\"@id\":\"https:\\\/\\\/atividademapa.com\\\/#organization\"},\"potentialAction\":[{\"@type\":\"SearchAction\",\"target\":{\"@type\":\"EntryPoint\",\"urlTemplate\":\"https:\\\/\\\/atividademapa.com\\\/?s={search_term_string}\"},\"query-input\":{\"@type\":\"PropertyValueSpecification\",\"valueRequired\":true,\"valueName\":\"search_term_string\"}}],\"inLanguage\":\"pt-BR\"},{\"@type\":\"Organization\",\"@id\":\"https:\\\/\\\/atividademapa.com\\\/#organization\",\"name\":\"Atividade MAPA\",\"url\":\"https:\\\/\\\/atividademapa.com\\\/\",\"logo\":{\"@type\":\"ImageObject\",\"inLanguage\":\"pt-BR\",\"@id\":\"https:\\\/\\\/atividademapa.com\\\/#\\\/schema\\\/logo\\\/image\\\/\",\"url\":\"https:\\\/\\\/i0.wp.com\\\/atividademapa.com\\\/wp-content\\\/uploads\\\/2023\\\/02\\\/ATIVIDADE.png?fit=600%2C300&ssl=1\",\"contentUrl\":\"https:\\\/\\\/i0.wp.com\\\/atividademapa.com\\\/wp-content\\\/uploads\\\/2023\\\/02\\\/ATIVIDADE.png?fit=600%2C300&ssl=1\",\"width\":600,\"height\":300,\"caption\":\"Atividade MAPA\"},\"image\":{\"@id\":\"https:\\\/\\\/atividademapa.com\\\/#\\\/schema\\\/logo\\\/image\\\/\"}}]}<\/script>\n<!-- \/ Yoast SEO plugin. -->","yoast_head_json":{"title":"Mapa - C\u00e1lculo e F\u00edsica para Agronomia - 52\/2024","description":"Atividade Mapa - C\u00e1lculo e F\u00edsica para Agronomia - 52\/2024 &#8902; Unicesumar. Baixe agora mesmo um Mapa Pronto resolvido!","robots":{"index":"index","follow":"follow","max-snippet":"max-snippet:-1","max-image-preview":"max-image-preview:large","max-video-preview":"max-video-preview:-1"},"canonical":"https:\/\/atividademapa.com\/?product=mapa-calculo-e-fisica-para-agronomia-52-2024","og_locale":"pt_BR","og_type":"article","og_title":"Mapa - C\u00e1lculo e F\u00edsica para Agronomia - 52\/2024","og_description":"Atividade Mapa - C\u00e1lculo e F\u00edsica para Agronomia - 52\/2024 &#8902; Unicesumar. Baixe agora mesmo um Mapa Pronto resolvido!","og_url":"https:\/\/atividademapa.com\/?product=mapa-calculo-e-fisica-para-agronomia-52-2024","og_site_name":"Atividade Mapa","article_modified_time":"2024-06-11T15:52:35+00:00","og_image":[{"width":300,"height":300,"url":"https:\/\/i0.wp.com\/atividademapa.com\/wp-content\/uploads\/2023\/03\/Atividade-M.A.P.A-3.png?fit=300%2C300&ssl=1","type":"image\/png"}],"twitter_card":"summary_large_image","twitter_misc":{"Est. tempo de leitura":"1 minuto"},"schema":{"@context":"https:\/\/schema.org","@graph":[{"@type":"WebPage","@id":"https:\/\/atividademapa.com\/?product=mapa-calculo-e-fisica-para-agronomia-52-2024","url":"https:\/\/atividademapa.com\/?product=mapa-calculo-e-fisica-para-agronomia-52-2024","name":"Mapa - C\u00e1lculo e F\u00edsica para Agronomia - 52\/2024","isPartOf":{"@id":"https:\/\/atividademapa.com\/#website"},"primaryImageOfPage":{"@id":"https:\/\/atividademapa.com\/?product=mapa-calculo-e-fisica-para-agronomia-52-2024#primaryimage"},"image":{"@id":"https:\/\/atividademapa.com\/?product=mapa-calculo-e-fisica-para-agronomia-52-2024#primaryimage"},"thumbnailUrl":"https:\/\/i0.wp.com\/atividademapa.com\/wp-content\/uploads\/2023\/03\/Atividade-M.A.P.A-3.png?fit=300%2C300&ssl=1","datePublished":"2024-06-11T15:40:43+00:00","dateModified":"2024-06-11T15:52:35+00:00","description":"Atividade Mapa - C\u00e1lculo e F\u00edsica para Agronomia - 52\/2024 &#8902; Unicesumar. Baixe agora mesmo um Mapa Pronto resolvido!","breadcrumb":{"@id":"https:\/\/atividademapa.com\/?product=mapa-calculo-e-fisica-para-agronomia-52-2024#breadcrumb"},"inLanguage":"pt-BR","potentialAction":[{"@type":"ReadAction","target":["https:\/\/atividademapa.com\/?product=mapa-calculo-e-fisica-para-agronomia-52-2024"]}]},{"@type":"ImageObject","inLanguage":"pt-BR","@id":"https:\/\/atividademapa.com\/?product=mapa-calculo-e-fisica-para-agronomia-52-2024#primaryimage","url":"https:\/\/i0.wp.com\/atividademapa.com\/wp-content\/uploads\/2023\/03\/Atividade-M.A.P.A-3.png?fit=300%2C300&ssl=1","contentUrl":"https:\/\/i0.wp.com\/atividademapa.com\/wp-content\/uploads\/2023\/03\/Atividade-M.A.P.A-3.png?fit=300%2C300&ssl=1","width":300,"height":300,"caption":"Mapa Unicesumar Atividade"},{"@type":"BreadcrumbList","@id":"https:\/\/atividademapa.com\/?product=mapa-calculo-e-fisica-para-agronomia-52-2024#breadcrumb","itemListElement":[{"@type":"ListItem","position":1,"name":"In\u00edcio","item":"https:\/\/atividademapa.com\/"},{"@type":"ListItem","position":2,"name":"MAPAS","item":"https:\/\/atividademapa.com\/?page_id=5"},{"@type":"ListItem","position":3,"name":"Mapa &#8211; C\u00e1lculo e F\u00edsica para Agronomia &#8211; 52\/2024"}]},{"@type":"WebSite","@id":"https:\/\/atividademapa.com\/#website","url":"https:\/\/atividademapa.com\/","name":"Atividade Mapa","description":"StudeO | Unicesumar","publisher":{"@id":"https:\/\/atividademapa.com\/#organization"},"potentialAction":[{"@type":"SearchAction","target":{"@type":"EntryPoint","urlTemplate":"https:\/\/atividademapa.com\/?s={search_term_string}"},"query-input":{"@type":"PropertyValueSpecification","valueRequired":true,"valueName":"search_term_string"}}],"inLanguage":"pt-BR"},{"@type":"Organization","@id":"https:\/\/atividademapa.com\/#organization","name":"Atividade MAPA","url":"https:\/\/atividademapa.com\/","logo":{"@type":"ImageObject","inLanguage":"pt-BR","@id":"https:\/\/atividademapa.com\/#\/schema\/logo\/image\/","url":"https:\/\/i0.wp.com\/atividademapa.com\/wp-content\/uploads\/2023\/02\/ATIVIDADE.png?fit=600%2C300&ssl=1","contentUrl":"https:\/\/i0.wp.com\/atividademapa.com\/wp-content\/uploads\/2023\/02\/ATIVIDADE.png?fit=600%2C300&ssl=1","width":600,"height":300,"caption":"Atividade MAPA"},"image":{"@id":"https:\/\/atividademapa.com\/#\/schema\/logo\/image\/"}}]}},"_links":{"self":[{"href":"https:\/\/atividademapa.com\/index.php?rest_route=\/wp\/v2\/product\/4220","targetHints":{"allow":["GET"]}}],"collection":[{"href":"https:\/\/atividademapa.com\/index.php?rest_route=\/wp\/v2\/product"}],"about":[{"href":"https:\/\/atividademapa.com\/index.php?rest_route=\/wp\/v2\/types\/product"}],"version-history":[{"count":2,"href":"https:\/\/atividademapa.com\/index.php?rest_route=\/wp\/v2\/product\/4220\/revisions"}],"predecessor-version":[{"id":4224,"href":"https:\/\/atividademapa.com\/index.php?rest_route=\/wp\/v2\/product\/4220\/revisions\/4224"}],"wp:featuredmedia":[{"embeddable":true,"href":"https:\/\/atividademapa.com\/index.php?rest_route=\/wp\/v2\/media\/2326"}],"wp:attachment":[{"href":"https:\/\/atividademapa.com\/index.php?rest_route=%2Fwp%2Fv2%2Fmedia&parent=4220"}],"wp:term":[{"taxonomy":"product_brand","embeddable":true,"href":"https:\/\/atividademapa.com\/index.php?rest_route=%2Fwp%2Fv2%2Fproduct_brand&post=4220"},{"taxonomy":"product_cat","embeddable":true,"href":"https:\/\/atividademapa.com\/index.php?rest_route=%2Fwp%2Fv2%2Fproduct_cat&post=4220"},{"taxonomy":"product_tag","embeddable":true,"href":"https:\/\/atividademapa.com\/index.php?rest_route=%2Fwp%2Fv2%2Fproduct_tag&post=4220"}],"curies":[{"name":"wp","href":"https:\/\/api.w.org\/{rel}","templated":true}]}}