{"id":4258,"date":"2024-06-22T15:42:57","date_gmt":"2024-06-22T18:42:57","guid":{"rendered":"https:\/\/atividademapa.com\/?post_type=product&#038;p=4258"},"modified":"2024-06-22T15:51:37","modified_gmt":"2024-06-22T18:51:37","slug":"mapa-contabilidade-e-legislacao-trabalhista-52-2024","status":"publish","type":"product","link":"https:\/\/atividademapa.com\/?product=mapa-contabilidade-e-legislacao-trabalhista-52-2024","title":{"rendered":"Mapa Contabilidade e Legisla\u00e7\u00e3o Trabalhista 52\/2024"},"content":{"rendered":"<p>MAPA &#8211; CCONT &#8211; CONTABILIDADE E LEGISLA\u00c7\u00c3O TRABALHISTA &#8211; 52_2024<br \/>\nPRIMEIRA ETAPA: AQUECIMENTO: leitura do texto de apoio\u200b<\/p>\n<p>A rescis\u00e3o de contrato de trabalho \u00e9 um processo comum no mundo corporativo, ela \u00e9 desencadeada por motivos diversos, como t\u00e9rmino do prazo determinado, demiss\u00e3o ou acordo entre empregador e empregado.<\/p>\n<p>Os valores pagos na rescis\u00e3o do contrato de trabalho devem constar da folha de pagamento. Os lan\u00e7amentos s\u00e3o necess\u00e1rios para que a empresa tenha controle de tudo que foi pago aos empregados, e para que seja feita de forma correta a reten\u00e7\u00e3o dos encargos sociais devidos, principalmente no caso da contribui\u00e7\u00e3o previdenci\u00e1ria, que \u00e9 apurada considerando o m\u00eas de compet\u00eancia e n\u00e3o por pagamento. Neste contexto, \u00e9 fundamental que as empresas e seus profissionais compreendam os aspectos legais e cont\u00e1beis envolvidos nos processos de rescis\u00e3o.<\/p>\n<p>A atividade de An\u00e1lise de Rescis\u00e3o e Contabiliza\u00e7\u00e3o de Contrato de Trabalho proposta tem como objetivo fornecer a voc\u00ea, aluno, a oportunidade de desenvolver habilidades pr\u00e1ticas na \u00e1rea da Contabilidade e Legisla\u00e7\u00e3o Trabalhista. Ao longo desta atividade, voc\u00ea ir\u00e1 analisar o problema de rescis\u00e3o, calcular o pagamento correspondente e especificar como realizar a contabiliza\u00e7\u00e3o adequada da folha no sistema da empresa, adquirindo assim uma vis\u00e3o abrangente sobre o tema e se preparando para situa\u00e7\u00f5es reais do mercado.<\/p>\n<p>SEGUNDA ETAPA: CONSIDERAR a situa\u00e7\u00e3o-problema e REALIZAR a atividade.\u200b<\/p>\n<p>Joana Santos, residente no Paran\u00e1, foi contratada pela empresa Minerva Ltda, uma ind\u00fastria fabricante de produtos qu\u00edmicos para diversos fins. Sua admiss\u00e3o ocorreu em 01\/01\/2020, para desempenhar o cargo de T\u00e9cnica Qu\u00edmica na empresa. No entanto, devido a uma reestrutura\u00e7\u00e3o interna, a empresa decidiu realizar demiss\u00f5es e Joana foi desligada sem justa causa em 30\/04\/2024. A empresa optou por indenizar o aviso pr\u00e9vio e Joana n\u00e3o precisou cumprir o per\u00edodo do mesmo. Ela n\u00e3o possu\u00eda f\u00e9rias vencidas.<\/p>\n<p>Durante seu tempo na empresa, Joana trabalhou diretamente no manejo de produtos qu\u00edmicos nocivos considerados de grau m\u00e9dio na NR 15 e recebia a porcentagem sobre o sal\u00e1rio m\u00ednimo vigente regional do Paran\u00e1 de R$ 2.134,88. Seu hor\u00e1rio de trabalho era das 22h \u00e0s 6h, ela n\u00e3o possu\u00eda horas extras, nem faltas injustificadas e seu sal\u00e1rio base mensal era de R$ 3.500,00 (Tr\u00eas mil e quinhentos reais).<\/p>\n<p>Considerando as informa\u00e7\u00f5es acima, PEDE-SE:<\/p>\n<p>Quest\u00e3o 01. Apresente os c\u00e1lculos e resultados das verbas rescis\u00f3rias que Joana tem direito.\u200b (Para fins did\u00e1ticos, n\u00e3o \u00e9 necess\u00e1rio apresentar o c\u00e1lculo e o resultado do IRRF e do FGTS, inclusive multa devida).\u200b<br \/>\nQuest\u00e3o 02. Explique o porque cada verba rescis\u00f3ria calculada \u00e9 devida.<br \/>\nQuest\u00e3o 03. Fa\u00e7a a contabiliza\u00e7\u00e3o das verbas rescis\u00f3rias e de seus respectivos pagamentos para a empresa Minerva Ltda, trazendo os lan\u00e7amentos cont\u00e1beis necess\u00e1rios para a execu\u00e7\u00e3o do processo. (Para fins did\u00e1ticos, estamos considerando que a empresa n\u00e3o provisiona mensalmente as f\u00e9rias, o 13\u00ba sal\u00e1rio e os respectivos encargos sociais, e que n\u00e3o h\u00e1 valores patronais a pagar).<\/p>\n","protected":false},"excerpt":{"rendered":"<p>MAPA &#8211; CCONT &#8211; CONTABILIDADE E LEGISLA\u00c7\u00c3O TRABALHISTA &#8211; 52_2024 PRIMEIRA ETAPA: AQUECIMENTO: leitura do texto de apoio\u200b A rescis\u00e3o<\/p>\n","protected":false},"featured_media":2326,"template":"","meta":{"_monsterinsights_skip_tracking":false,"_monsterinsights_sitenote_active":false,"_monsterinsights_sitenote_note":"","_monsterinsights_sitenote_category":0},"product_brand":[],"product_cat":[46],"product_tag":[],"class_list":{"0":"post-4258","1":"product","2":"type-product","3":"status-publish","4":"has-post-thumbnail","6":"product_cat-ciencias-contabeis","8":"first","9":"instock","10":"downloadable","11":"virtual","12":"purchasable","13":"product-type-simple"},"yoast_head":"<!-- This site is optimized with the Yoast SEO plugin v27.4 - https:\/\/yoast.com\/product\/yoast-seo-wordpress\/ -->\n<title>Mapa Contabilidade e Legisla\u00e7\u00e3o Trabalhista 52\/2024<\/title>\n<meta name=\"description\" content=\"Atividade Mapa Contabilidade e Legisla\u00e7\u00e3o Trabalhista 52\/2024 &#8902; Unicesumar. Baixe agora mesmo um Mapa Pronto resolvido!\" \/>\n<meta name=\"robots\" content=\"index, follow, max-snippet:-1, max-image-preview:large, max-video-preview:-1\" \/>\n<link rel=\"canonical\" href=\"https:\/\/atividademapa.com\/?product=mapa-contabilidade-e-legislacao-trabalhista-52-2024\" \/>\n<meta property=\"og:locale\" content=\"pt_BR\" \/>\n<meta property=\"og:type\" content=\"article\" \/>\n<meta property=\"og:title\" content=\"Mapa Contabilidade e Legisla\u00e7\u00e3o Trabalhista 52\/2024\" \/>\n<meta property=\"og:description\" content=\"Atividade Mapa Contabilidade e Legisla\u00e7\u00e3o Trabalhista 52\/2024 &#8902; Unicesumar. Baixe agora mesmo um Mapa Pronto resolvido!\" \/>\n<meta property=\"og:url\" content=\"https:\/\/atividademapa.com\/?product=mapa-contabilidade-e-legislacao-trabalhista-52-2024\" \/>\n<meta property=\"og:site_name\" content=\"Atividade Mapa\" \/>\n<meta property=\"article:modified_time\" content=\"2024-06-22T18:51:37+00:00\" \/>\n<meta property=\"og:image\" content=\"https:\/\/i0.wp.com\/atividademapa.com\/wp-content\/uploads\/2023\/03\/Atividade-M.A.P.A-3.png?fit=300%2C300&ssl=1\" \/>\n\t<meta property=\"og:image:width\" content=\"300\" \/>\n\t<meta property=\"og:image:height\" content=\"300\" \/>\n\t<meta property=\"og:image:type\" content=\"image\/png\" \/>\n<meta name=\"twitter:card\" content=\"summary_large_image\" \/>\n<meta name=\"twitter:label1\" content=\"Est. tempo de leitura\" \/>\n\t<meta name=\"twitter:data1\" content=\"3 minutos\" \/>\n<script type=\"application\/ld+json\" class=\"yoast-schema-graph\">{\"@context\":\"https:\\\/\\\/schema.org\",\"@graph\":[{\"@type\":\"WebPage\",\"@id\":\"https:\\\/\\\/atividademapa.com\\\/?product=mapa-contabilidade-e-legislacao-trabalhista-52-2024\",\"url\":\"https:\\\/\\\/atividademapa.com\\\/?product=mapa-contabilidade-e-legislacao-trabalhista-52-2024\",\"name\":\"Mapa Contabilidade e Legisla\u00e7\u00e3o Trabalhista 52\\\/2024\",\"isPartOf\":{\"@id\":\"https:\\\/\\\/atividademapa.com\\\/#website\"},\"primaryImageOfPage\":{\"@id\":\"https:\\\/\\\/atividademapa.com\\\/?product=mapa-contabilidade-e-legislacao-trabalhista-52-2024#primaryimage\"},\"image\":{\"@id\":\"https:\\\/\\\/atividademapa.com\\\/?product=mapa-contabilidade-e-legislacao-trabalhista-52-2024#primaryimage\"},\"thumbnailUrl\":\"https:\\\/\\\/i0.wp.com\\\/atividademapa.com\\\/wp-content\\\/uploads\\\/2023\\\/03\\\/Atividade-M.A.P.A-3.png?fit=300%2C300&ssl=1\",\"datePublished\":\"2024-06-22T18:42:57+00:00\",\"dateModified\":\"2024-06-22T18:51:37+00:00\",\"description\":\"Atividade Mapa Contabilidade e Legisla\u00e7\u00e3o Trabalhista 52\\\/2024 &#8902; Unicesumar. Baixe agora mesmo um Mapa Pronto resolvido!\",\"breadcrumb\":{\"@id\":\"https:\\\/\\\/atividademapa.com\\\/?product=mapa-contabilidade-e-legislacao-trabalhista-52-2024#breadcrumb\"},\"inLanguage\":\"pt-BR\",\"potentialAction\":[{\"@type\":\"ReadAction\",\"target\":[\"https:\\\/\\\/atividademapa.com\\\/?product=mapa-contabilidade-e-legislacao-trabalhista-52-2024\"]}]},{\"@type\":\"ImageObject\",\"inLanguage\":\"pt-BR\",\"@id\":\"https:\\\/\\\/atividademapa.com\\\/?product=mapa-contabilidade-e-legislacao-trabalhista-52-2024#primaryimage\",\"url\":\"https:\\\/\\\/i0.wp.com\\\/atividademapa.com\\\/wp-content\\\/uploads\\\/2023\\\/03\\\/Atividade-M.A.P.A-3.png?fit=300%2C300&ssl=1\",\"contentUrl\":\"https:\\\/\\\/i0.wp.com\\\/atividademapa.com\\\/wp-content\\\/uploads\\\/2023\\\/03\\\/Atividade-M.A.P.A-3.png?fit=300%2C300&ssl=1\",\"width\":300,\"height\":300,\"caption\":\"Mapa Unicesumar Atividade\"},{\"@type\":\"BreadcrumbList\",\"@id\":\"https:\\\/\\\/atividademapa.com\\\/?product=mapa-contabilidade-e-legislacao-trabalhista-52-2024#breadcrumb\",\"itemListElement\":[{\"@type\":\"ListItem\",\"position\":1,\"name\":\"In\u00edcio\",\"item\":\"https:\\\/\\\/atividademapa.com\\\/\"},{\"@type\":\"ListItem\",\"position\":2,\"name\":\"MAPAS\",\"item\":\"https:\\\/\\\/atividademapa.com\\\/?page_id=5\"},{\"@type\":\"ListItem\",\"position\":3,\"name\":\"Mapa Contabilidade e Legisla\u00e7\u00e3o Trabalhista 52\\\/2024\"}]},{\"@type\":\"WebSite\",\"@id\":\"https:\\\/\\\/atividademapa.com\\\/#website\",\"url\":\"https:\\\/\\\/atividademapa.com\\\/\",\"name\":\"Atividade Mapa\",\"description\":\"StudeO | Unicesumar\",\"publisher\":{\"@id\":\"https:\\\/\\\/atividademapa.com\\\/#organization\"},\"potentialAction\":[{\"@type\":\"SearchAction\",\"target\":{\"@type\":\"EntryPoint\",\"urlTemplate\":\"https:\\\/\\\/atividademapa.com\\\/?s={search_term_string}\"},\"query-input\":{\"@type\":\"PropertyValueSpecification\",\"valueRequired\":true,\"valueName\":\"search_term_string\"}}],\"inLanguage\":\"pt-BR\"},{\"@type\":\"Organization\",\"@id\":\"https:\\\/\\\/atividademapa.com\\\/#organization\",\"name\":\"Atividade MAPA\",\"url\":\"https:\\\/\\\/atividademapa.com\\\/\",\"logo\":{\"@type\":\"ImageObject\",\"inLanguage\":\"pt-BR\",\"@id\":\"https:\\\/\\\/atividademapa.com\\\/#\\\/schema\\\/logo\\\/image\\\/\",\"url\":\"https:\\\/\\\/i0.wp.com\\\/atividademapa.com\\\/wp-content\\\/uploads\\\/2023\\\/02\\\/ATIVIDADE.png?fit=600%2C300&ssl=1\",\"contentUrl\":\"https:\\\/\\\/i0.wp.com\\\/atividademapa.com\\\/wp-content\\\/uploads\\\/2023\\\/02\\\/ATIVIDADE.png?fit=600%2C300&ssl=1\",\"width\":600,\"height\":300,\"caption\":\"Atividade MAPA\"},\"image\":{\"@id\":\"https:\\\/\\\/atividademapa.com\\\/#\\\/schema\\\/logo\\\/image\\\/\"}}]}<\/script>\n<!-- \/ Yoast SEO plugin. -->","yoast_head_json":{"title":"Mapa Contabilidade e Legisla\u00e7\u00e3o Trabalhista 52\/2024","description":"Atividade Mapa Contabilidade e Legisla\u00e7\u00e3o Trabalhista 52\/2024 &#8902; Unicesumar. Baixe agora mesmo um Mapa Pronto resolvido!","robots":{"index":"index","follow":"follow","max-snippet":"max-snippet:-1","max-image-preview":"max-image-preview:large","max-video-preview":"max-video-preview:-1"},"canonical":"https:\/\/atividademapa.com\/?product=mapa-contabilidade-e-legislacao-trabalhista-52-2024","og_locale":"pt_BR","og_type":"article","og_title":"Mapa Contabilidade e Legisla\u00e7\u00e3o Trabalhista 52\/2024","og_description":"Atividade Mapa Contabilidade e Legisla\u00e7\u00e3o Trabalhista 52\/2024 &#8902; Unicesumar. Baixe agora mesmo um Mapa Pronto resolvido!","og_url":"https:\/\/atividademapa.com\/?product=mapa-contabilidade-e-legislacao-trabalhista-52-2024","og_site_name":"Atividade Mapa","article_modified_time":"2024-06-22T18:51:37+00:00","og_image":[{"width":300,"height":300,"url":"https:\/\/i0.wp.com\/atividademapa.com\/wp-content\/uploads\/2023\/03\/Atividade-M.A.P.A-3.png?fit=300%2C300&ssl=1","type":"image\/png"}],"twitter_card":"summary_large_image","twitter_misc":{"Est. tempo de leitura":"3 minutos"},"schema":{"@context":"https:\/\/schema.org","@graph":[{"@type":"WebPage","@id":"https:\/\/atividademapa.com\/?product=mapa-contabilidade-e-legislacao-trabalhista-52-2024","url":"https:\/\/atividademapa.com\/?product=mapa-contabilidade-e-legislacao-trabalhista-52-2024","name":"Mapa Contabilidade e Legisla\u00e7\u00e3o Trabalhista 52\/2024","isPartOf":{"@id":"https:\/\/atividademapa.com\/#website"},"primaryImageOfPage":{"@id":"https:\/\/atividademapa.com\/?product=mapa-contabilidade-e-legislacao-trabalhista-52-2024#primaryimage"},"image":{"@id":"https:\/\/atividademapa.com\/?product=mapa-contabilidade-e-legislacao-trabalhista-52-2024#primaryimage"},"thumbnailUrl":"https:\/\/i0.wp.com\/atividademapa.com\/wp-content\/uploads\/2023\/03\/Atividade-M.A.P.A-3.png?fit=300%2C300&ssl=1","datePublished":"2024-06-22T18:42:57+00:00","dateModified":"2024-06-22T18:51:37+00:00","description":"Atividade Mapa Contabilidade e Legisla\u00e7\u00e3o Trabalhista 52\/2024 &#8902; Unicesumar. Baixe agora mesmo um Mapa Pronto resolvido!","breadcrumb":{"@id":"https:\/\/atividademapa.com\/?product=mapa-contabilidade-e-legislacao-trabalhista-52-2024#breadcrumb"},"inLanguage":"pt-BR","potentialAction":[{"@type":"ReadAction","target":["https:\/\/atividademapa.com\/?product=mapa-contabilidade-e-legislacao-trabalhista-52-2024"]}]},{"@type":"ImageObject","inLanguage":"pt-BR","@id":"https:\/\/atividademapa.com\/?product=mapa-contabilidade-e-legislacao-trabalhista-52-2024#primaryimage","url":"https:\/\/i0.wp.com\/atividademapa.com\/wp-content\/uploads\/2023\/03\/Atividade-M.A.P.A-3.png?fit=300%2C300&ssl=1","contentUrl":"https:\/\/i0.wp.com\/atividademapa.com\/wp-content\/uploads\/2023\/03\/Atividade-M.A.P.A-3.png?fit=300%2C300&ssl=1","width":300,"height":300,"caption":"Mapa Unicesumar Atividade"},{"@type":"BreadcrumbList","@id":"https:\/\/atividademapa.com\/?product=mapa-contabilidade-e-legislacao-trabalhista-52-2024#breadcrumb","itemListElement":[{"@type":"ListItem","position":1,"name":"In\u00edcio","item":"https:\/\/atividademapa.com\/"},{"@type":"ListItem","position":2,"name":"MAPAS","item":"https:\/\/atividademapa.com\/?page_id=5"},{"@type":"ListItem","position":3,"name":"Mapa Contabilidade e Legisla\u00e7\u00e3o Trabalhista 52\/2024"}]},{"@type":"WebSite","@id":"https:\/\/atividademapa.com\/#website","url":"https:\/\/atividademapa.com\/","name":"Atividade Mapa","description":"StudeO | Unicesumar","publisher":{"@id":"https:\/\/atividademapa.com\/#organization"},"potentialAction":[{"@type":"SearchAction","target":{"@type":"EntryPoint","urlTemplate":"https:\/\/atividademapa.com\/?s={search_term_string}"},"query-input":{"@type":"PropertyValueSpecification","valueRequired":true,"valueName":"search_term_string"}}],"inLanguage":"pt-BR"},{"@type":"Organization","@id":"https:\/\/atividademapa.com\/#organization","name":"Atividade MAPA","url":"https:\/\/atividademapa.com\/","logo":{"@type":"ImageObject","inLanguage":"pt-BR","@id":"https:\/\/atividademapa.com\/#\/schema\/logo\/image\/","url":"https:\/\/i0.wp.com\/atividademapa.com\/wp-content\/uploads\/2023\/02\/ATIVIDADE.png?fit=600%2C300&ssl=1","contentUrl":"https:\/\/i0.wp.com\/atividademapa.com\/wp-content\/uploads\/2023\/02\/ATIVIDADE.png?fit=600%2C300&ssl=1","width":600,"height":300,"caption":"Atividade MAPA"},"image":{"@id":"https:\/\/atividademapa.com\/#\/schema\/logo\/image\/"}}]}},"_links":{"self":[{"href":"https:\/\/atividademapa.com\/index.php?rest_route=\/wp\/v2\/product\/4258","targetHints":{"allow":["GET"]}}],"collection":[{"href":"https:\/\/atividademapa.com\/index.php?rest_route=\/wp\/v2\/product"}],"about":[{"href":"https:\/\/atividademapa.com\/index.php?rest_route=\/wp\/v2\/types\/product"}],"version-history":[{"count":3,"href":"https:\/\/atividademapa.com\/index.php?rest_route=\/wp\/v2\/product\/4258\/revisions"}],"predecessor-version":[{"id":4265,"href":"https:\/\/atividademapa.com\/index.php?rest_route=\/wp\/v2\/product\/4258\/revisions\/4265"}],"wp:featuredmedia":[{"embeddable":true,"href":"https:\/\/atividademapa.com\/index.php?rest_route=\/wp\/v2\/media\/2326"}],"wp:attachment":[{"href":"https:\/\/atividademapa.com\/index.php?rest_route=%2Fwp%2Fv2%2Fmedia&parent=4258"}],"wp:term":[{"taxonomy":"product_brand","embeddable":true,"href":"https:\/\/atividademapa.com\/index.php?rest_route=%2Fwp%2Fv2%2Fproduct_brand&post=4258"},{"taxonomy":"product_cat","embeddable":true,"href":"https:\/\/atividademapa.com\/index.php?rest_route=%2Fwp%2Fv2%2Fproduct_cat&post=4258"},{"taxonomy":"product_tag","embeddable":true,"href":"https:\/\/atividademapa.com\/index.php?rest_route=%2Fwp%2Fv2%2Fproduct_tag&post=4258"}],"curies":[{"name":"wp","href":"https:\/\/api.w.org\/{rel}","templated":true}]}}