{"id":4266,"date":"2024-06-22T16:09:07","date_gmt":"2024-06-22T19:09:07","guid":{"rendered":"https:\/\/atividademapa.com\/?post_type=product&#038;p=4266"},"modified":"2024-06-22T16:09:08","modified_gmt":"2024-06-22T19:09:08","slug":"mapa-parasitologia-clinica-52-2024","status":"publish","type":"product","link":"https:\/\/atividademapa.com\/?product=mapa-parasitologia-clinica-52-2024","title":{"rendered":"Mapa Parasitologia Cl\u00ednica 52\/2024"},"content":{"rendered":"<p><strong>MAPA DE PARASITOLOGIA CL\u00cdNICA 52\/2024<\/strong><br \/>\n<strong>CARO ESTUDANTE!<\/strong><br \/>\nSeja bem-vindo (a) \u00e0 atividade de M.A.P.A. (Material de Avalia\u00e7\u00e3o Pr\u00e1tica de Aprendizagem) da disciplina de Parasitologia Cl\u00ednica.<\/p>\n<p><strong>Instru\u00e7\u00f5es iniciais:<\/strong><br \/>\n1-\u00a0 Utilize o modelo de resposta padr\u00e3o do M.A.P.A. padr\u00e3o para realizar esta atividade. Ele se encontra em &#8220;Material da Disciplina&#8221;. Siga todas as instru\u00e7\u00f5es constantes nesse modelo.<br \/>\n2-\u00a0 Assista ao v\u00eddeo com as instru\u00e7\u00f5es para a realiza\u00e7\u00e3o do M.A.P.A., que estar\u00e1 na &#8220;Sala do Caf\u00e9&#8221;.<\/p>\n<p><strong>CONTEXTUALIZA\u00c7\u00c3O<\/strong><br \/>\n<em>\u201c(&#8230;) Anualmente em 22 de mar\u00e7o, celebramos o Dia Mundial Da \u00c1gua, essa data tem como foco chamar a aten\u00e7\u00e3o para a import\u00e2ncia da \u00e1gua doce pot\u00e1vel e defender a gest\u00e3o sustent\u00e1vel deste \u201cbem vital e comum da humanidade\u201d (&#8230;)\u201d\u00a0<\/em>(Onu, 2024, on-line).<br \/>\nFonte: https:\/\/news.un.org\/pt\/story\/2024\/03\/1829481. Acesso em: 26 abr. 2024.<br \/>\nUma vez que muitas comunidades s\u00e3o vulner\u00e1veis n\u00e3o tendo acesso \u00e1gua pot\u00e1vel ou saneamento b\u00e1sico isso permite que dissemina\u00e7\u00e3o de pat\u00f3genos por veicula\u00e7\u00e3o h\u00eddrica afete diretamente esses indiv\u00edduos.\u00a0As parasitoses intestinais s\u00e3o transmitidas por via fecal-oral, muitas vezes essa contamina\u00e7\u00e3o ocorre pelo consumo de alimentos mal higienizados ou mal cozidos e por \u00e1gua contaminada com fezes, animal ou humana, infectadas por parasitos (helmintos e protozo\u00e1rios intestinais).<br \/>\nUm dos maiores surtos j\u00e1 registrados at\u00e9 o momento, no Brasil e no Mundo, foi o surto de toxoplasmose, em 2018, no munic\u00edpio de Santa Maria, Rio Grande do Sul. Segundo Minist\u00e9rio da Sa\u00fade foram notificados 2.235 casos, deste 902 foram confirmados para a doen\u00e7a. Destes, 135 eram gestantes, dentre os quais tr\u00eas evolu\u00edram para \u00f3bitos fetais, 9 abortos e 28 casos de beb\u00ea com toxoplasmose cong\u00eanita. Durante o inqu\u00e9rito epidemiol\u00f3gico foi confirmado\u00a0que o protozo\u00e1rio que causou\u00a0o surto foi encontrado na \u00e1gua de um reservat\u00f3rio que a distribu\u00eda para toda a cidade de\u00a0Santa Maria, o que corrobora com a veicula\u00e7\u00e3o h\u00eddrica da doen\u00e7as (Flores, 2020; Minuzzi, 2020).<\/p>\n<p>Fontes: https:\/\/lume.ufrgs.br\/handle\/10183\/255675; https:\/\/repositorio.ufsm.br\/bitstream\/handle\/1\/21292\/TES_PPGMV_2020_MINUZZI_CAMILA.pdf?sequence=1. Acesso em: 26 abr. 2024.<\/p>\n<p><strong>PARA REFLETIR (n\u00e3o precisa responder no formul\u00e1rio):<br \/>\nDiante desse relato, por que o diagn\u00f3stico da toxoplasmose \u00e9 t\u00e3o importante no\u00a0paciente? Por que os beb\u00eas foram os mais afetados? Qual \u00e9 import\u00e2ncia no ciclo de transmiss\u00e3o desse parasito e a rela\u00e7\u00e3o com a ingest\u00e3o de \u00e1gua?<\/strong><\/p>\n<p><strong>ENT\u00c3O, O QUE DEVO FAZER NESTA ATIVIDADE?<\/strong><br \/>\nImagine voc\u00ea \u00e9 um\u00a0profissional da sa\u00fade que participou desse inqu\u00e9rito epidemiol\u00f3gico e ir\u00e1 realizar uma palestra sobre toxoplasmose para sua comunidade, e para isso \u00e9 necess\u00e1rio montar uma apresenta\u00e7\u00e3o no powerpoint. E o roteiro dessa apresenta\u00e7\u00e3o est\u00e1 descrito abaixo:<\/p>\n<p><strong><u>Considera\u00e7\u00f5es:<\/u><\/strong><\/p>\n<p>&#8211; Fa\u00e7a a apresenta\u00e7\u00e3o de forma concisa, objetiva, interativa e clara (n\u00e3o apenas textos).<br \/>\n&#8211; Utilize da sua criatividade na elabora\u00e7\u00e3o dos slides.<br \/>\n&#8211; Utilize o Power Point (conforme o Modelo de Resposta) e somente ap\u00f3s finalizar salve em PDF para o envio em anexo.<br \/>\n&#8211; N\u00e3o esque\u00e7a de referenciar as imagens que utilizar para ilustrar.<br \/>\n&#8211; A apresenta\u00e7\u00e3o dever\u00e1 ser feita em\u00a010 slides\u00a0conforme o Modelo de Resposta Padr\u00e3o disponbilizado em Material da Disciplina.<\/p>\n<p><strong><u>Quest\u00f5es a serem respondidas na sua apresenta\u00e7\u00e3o:<\/u><\/strong><\/p>\n<p>1.\u00a0O\u00a0<strong>QUE\u00a0<\/strong>\u00e9 toxoplasmose? E\u00a0<strong>QUAL<\/strong>\u00a0o agente etiol\u00f3gico?<br \/>\n2.\u00a0<strong>EXPLIQUE<\/strong>, de forma breve e objetiva o CICLO BIOL\u00d3GICO do protozo\u00e1rio (incluir imagem do ciclo).<br \/>\n3.\u00a0<strong>QUAIS\u00a0<\/strong>s\u00e3o as formas de transmiss\u00e3o?<br \/>\n4.\u00a0<strong>QUAIS\u00a0<\/strong>s\u00e3o as manifesta\u00e7\u00f5es cl\u00ednicas?<br \/>\n5.\u00a0<strong>QUAIS\u00a0<\/strong>as complica\u00e7\u00f5es da toxoplasmose?<br \/>\n6.\u00a0<strong>QUAIS\u00a0<\/strong>os m\u00e9todos de diagn\u00f3stico laboratorial?<br \/>\n7.\u00a0<strong>QUAL\u00a0<\/strong>o tratamento para toxoplasmose?<br \/>\n8.\u00a0<strong>CITE\u00a0<\/strong>as medidas profil\u00e1ticas para toxoplasmose.<br \/>\n9.\u00a0<strong>REFER\u00caNCIAS<\/strong><\/p>\n<p><strong>Bom trabalho!<\/strong><\/p>\n","protected":false},"excerpt":{"rendered":"<p><span style=\"color: #ff0000;\">Receba\u00a0 o arquivo em PowerPoint com todos os Slides e apresenta\u00e7\u00e3o sobre a Toxoplasmose<\/span><\/p>\n","protected":false},"featured_media":2326,"template":"","meta":{"_monsterinsights_skip_tracking":false,"_monsterinsights_sitenote_active":false,"_monsterinsights_sitenote_note":"","_monsterinsights_sitenote_category":0},"product_brand":[],"product_cat":[31],"product_tag":[],"class_list":{"0":"post-4266","1":"product","2":"type-product","3":"status-publish","4":"has-post-thumbnail","6":"product_cat-farmacia","8":"first","9":"instock","10":"downloadable","11":"virtual","12":"purchasable","13":"product-type-simple"},"yoast_head":"<!-- This site is optimized with the Yoast SEO plugin v27.4 - https:\/\/yoast.com\/product\/yoast-seo-wordpress\/ -->\n<title>Mapa Parasitologia Cl\u00ednica 52\/2024<\/title>\n<meta name=\"description\" content=\"Atividade Mapa Parasitologia Cl\u00ednica 52\/2024 &#8902; Unicesumar. Baixe agora mesmo um Mapa Pronto resolvido!\" \/>\n<meta name=\"robots\" content=\"index, follow, max-snippet:-1, max-image-preview:large, max-video-preview:-1\" \/>\n<link rel=\"canonical\" href=\"https:\/\/atividademapa.com\/?product=mapa-parasitologia-clinica-52-2024\" \/>\n<meta property=\"og:locale\" content=\"pt_BR\" \/>\n<meta property=\"og:type\" content=\"article\" \/>\n<meta property=\"og:title\" content=\"Mapa Parasitologia Cl\u00ednica 52\/2024\" \/>\n<meta property=\"og:description\" content=\"Atividade Mapa Parasitologia Cl\u00ednica 52\/2024 &#8902; Unicesumar. Baixe agora mesmo um Mapa Pronto resolvido!\" \/>\n<meta property=\"og:url\" content=\"https:\/\/atividademapa.com\/?product=mapa-parasitologia-clinica-52-2024\" \/>\n<meta property=\"og:site_name\" content=\"Atividade Mapa\" \/>\n<meta property=\"article:modified_time\" content=\"2024-06-22T19:09:08+00:00\" \/>\n<meta property=\"og:image\" content=\"https:\/\/i0.wp.com\/atividademapa.com\/wp-content\/uploads\/2023\/03\/Atividade-M.A.P.A-3.png?fit=300%2C300&ssl=1\" \/>\n\t<meta property=\"og:image:width\" content=\"300\" \/>\n\t<meta property=\"og:image:height\" content=\"300\" \/>\n\t<meta property=\"og:image:type\" content=\"image\/png\" \/>\n<meta name=\"twitter:card\" content=\"summary_large_image\" \/>\n<meta name=\"twitter:label1\" content=\"Est. tempo de leitura\" \/>\n\t<meta name=\"twitter:data1\" content=\"3 minutos\" \/>\n<script type=\"application\/ld+json\" class=\"yoast-schema-graph\">{\"@context\":\"https:\\\/\\\/schema.org\",\"@graph\":[{\"@type\":\"WebPage\",\"@id\":\"https:\\\/\\\/atividademapa.com\\\/?product=mapa-parasitologia-clinica-52-2024\",\"url\":\"https:\\\/\\\/atividademapa.com\\\/?product=mapa-parasitologia-clinica-52-2024\",\"name\":\"Mapa Parasitologia Cl\u00ednica 52\\\/2024\",\"isPartOf\":{\"@id\":\"https:\\\/\\\/atividademapa.com\\\/#website\"},\"primaryImageOfPage\":{\"@id\":\"https:\\\/\\\/atividademapa.com\\\/?product=mapa-parasitologia-clinica-52-2024#primaryimage\"},\"image\":{\"@id\":\"https:\\\/\\\/atividademapa.com\\\/?product=mapa-parasitologia-clinica-52-2024#primaryimage\"},\"thumbnailUrl\":\"https:\\\/\\\/i0.wp.com\\\/atividademapa.com\\\/wp-content\\\/uploads\\\/2023\\\/03\\\/Atividade-M.A.P.A-3.png?fit=300%2C300&ssl=1\",\"datePublished\":\"2024-06-22T19:09:07+00:00\",\"dateModified\":\"2024-06-22T19:09:08+00:00\",\"description\":\"Atividade Mapa Parasitologia Cl\u00ednica 52\\\/2024 &#8902; Unicesumar. Baixe agora mesmo um Mapa Pronto resolvido!\",\"breadcrumb\":{\"@id\":\"https:\\\/\\\/atividademapa.com\\\/?product=mapa-parasitologia-clinica-52-2024#breadcrumb\"},\"inLanguage\":\"pt-BR\",\"potentialAction\":[{\"@type\":\"ReadAction\",\"target\":[\"https:\\\/\\\/atividademapa.com\\\/?product=mapa-parasitologia-clinica-52-2024\"]}]},{\"@type\":\"ImageObject\",\"inLanguage\":\"pt-BR\",\"@id\":\"https:\\\/\\\/atividademapa.com\\\/?product=mapa-parasitologia-clinica-52-2024#primaryimage\",\"url\":\"https:\\\/\\\/i0.wp.com\\\/atividademapa.com\\\/wp-content\\\/uploads\\\/2023\\\/03\\\/Atividade-M.A.P.A-3.png?fit=300%2C300&ssl=1\",\"contentUrl\":\"https:\\\/\\\/i0.wp.com\\\/atividademapa.com\\\/wp-content\\\/uploads\\\/2023\\\/03\\\/Atividade-M.A.P.A-3.png?fit=300%2C300&ssl=1\",\"width\":300,\"height\":300,\"caption\":\"Mapa Unicesumar Atividade\"},{\"@type\":\"BreadcrumbList\",\"@id\":\"https:\\\/\\\/atividademapa.com\\\/?product=mapa-parasitologia-clinica-52-2024#breadcrumb\",\"itemListElement\":[{\"@type\":\"ListItem\",\"position\":1,\"name\":\"In\u00edcio\",\"item\":\"https:\\\/\\\/atividademapa.com\\\/\"},{\"@type\":\"ListItem\",\"position\":2,\"name\":\"MAPAS\",\"item\":\"https:\\\/\\\/atividademapa.com\\\/?page_id=5\"},{\"@type\":\"ListItem\",\"position\":3,\"name\":\"Mapa Parasitologia Cl\u00ednica 52\\\/2024\"}]},{\"@type\":\"WebSite\",\"@id\":\"https:\\\/\\\/atividademapa.com\\\/#website\",\"url\":\"https:\\\/\\\/atividademapa.com\\\/\",\"name\":\"Atividade Mapa\",\"description\":\"StudeO | Unicesumar\",\"publisher\":{\"@id\":\"https:\\\/\\\/atividademapa.com\\\/#organization\"},\"potentialAction\":[{\"@type\":\"SearchAction\",\"target\":{\"@type\":\"EntryPoint\",\"urlTemplate\":\"https:\\\/\\\/atividademapa.com\\\/?s={search_term_string}\"},\"query-input\":{\"@type\":\"PropertyValueSpecification\",\"valueRequired\":true,\"valueName\":\"search_term_string\"}}],\"inLanguage\":\"pt-BR\"},{\"@type\":\"Organization\",\"@id\":\"https:\\\/\\\/atividademapa.com\\\/#organization\",\"name\":\"Atividade MAPA\",\"url\":\"https:\\\/\\\/atividademapa.com\\\/\",\"logo\":{\"@type\":\"ImageObject\",\"inLanguage\":\"pt-BR\",\"@id\":\"https:\\\/\\\/atividademapa.com\\\/#\\\/schema\\\/logo\\\/image\\\/\",\"url\":\"https:\\\/\\\/i0.wp.com\\\/atividademapa.com\\\/wp-content\\\/uploads\\\/2023\\\/02\\\/ATIVIDADE.png?fit=600%2C300&ssl=1\",\"contentUrl\":\"https:\\\/\\\/i0.wp.com\\\/atividademapa.com\\\/wp-content\\\/uploads\\\/2023\\\/02\\\/ATIVIDADE.png?fit=600%2C300&ssl=1\",\"width\":600,\"height\":300,\"caption\":\"Atividade MAPA\"},\"image\":{\"@id\":\"https:\\\/\\\/atividademapa.com\\\/#\\\/schema\\\/logo\\\/image\\\/\"}}]}<\/script>\n<!-- \/ Yoast SEO plugin. -->","yoast_head_json":{"title":"Mapa Parasitologia Cl\u00ednica 52\/2024","description":"Atividade Mapa Parasitologia Cl\u00ednica 52\/2024 &#8902; Unicesumar. Baixe agora mesmo um Mapa Pronto resolvido!","robots":{"index":"index","follow":"follow","max-snippet":"max-snippet:-1","max-image-preview":"max-image-preview:large","max-video-preview":"max-video-preview:-1"},"canonical":"https:\/\/atividademapa.com\/?product=mapa-parasitologia-clinica-52-2024","og_locale":"pt_BR","og_type":"article","og_title":"Mapa Parasitologia Cl\u00ednica 52\/2024","og_description":"Atividade Mapa Parasitologia Cl\u00ednica 52\/2024 &#8902; Unicesumar. Baixe agora mesmo um Mapa Pronto resolvido!","og_url":"https:\/\/atividademapa.com\/?product=mapa-parasitologia-clinica-52-2024","og_site_name":"Atividade Mapa","article_modified_time":"2024-06-22T19:09:08+00:00","og_image":[{"width":300,"height":300,"url":"https:\/\/i0.wp.com\/atividademapa.com\/wp-content\/uploads\/2023\/03\/Atividade-M.A.P.A-3.png?fit=300%2C300&ssl=1","type":"image\/png"}],"twitter_card":"summary_large_image","twitter_misc":{"Est. tempo de leitura":"3 minutos"},"schema":{"@context":"https:\/\/schema.org","@graph":[{"@type":"WebPage","@id":"https:\/\/atividademapa.com\/?product=mapa-parasitologia-clinica-52-2024","url":"https:\/\/atividademapa.com\/?product=mapa-parasitologia-clinica-52-2024","name":"Mapa Parasitologia Cl\u00ednica 52\/2024","isPartOf":{"@id":"https:\/\/atividademapa.com\/#website"},"primaryImageOfPage":{"@id":"https:\/\/atividademapa.com\/?product=mapa-parasitologia-clinica-52-2024#primaryimage"},"image":{"@id":"https:\/\/atividademapa.com\/?product=mapa-parasitologia-clinica-52-2024#primaryimage"},"thumbnailUrl":"https:\/\/i0.wp.com\/atividademapa.com\/wp-content\/uploads\/2023\/03\/Atividade-M.A.P.A-3.png?fit=300%2C300&ssl=1","datePublished":"2024-06-22T19:09:07+00:00","dateModified":"2024-06-22T19:09:08+00:00","description":"Atividade Mapa Parasitologia Cl\u00ednica 52\/2024 &#8902; Unicesumar. Baixe agora mesmo um Mapa Pronto resolvido!","breadcrumb":{"@id":"https:\/\/atividademapa.com\/?product=mapa-parasitologia-clinica-52-2024#breadcrumb"},"inLanguage":"pt-BR","potentialAction":[{"@type":"ReadAction","target":["https:\/\/atividademapa.com\/?product=mapa-parasitologia-clinica-52-2024"]}]},{"@type":"ImageObject","inLanguage":"pt-BR","@id":"https:\/\/atividademapa.com\/?product=mapa-parasitologia-clinica-52-2024#primaryimage","url":"https:\/\/i0.wp.com\/atividademapa.com\/wp-content\/uploads\/2023\/03\/Atividade-M.A.P.A-3.png?fit=300%2C300&ssl=1","contentUrl":"https:\/\/i0.wp.com\/atividademapa.com\/wp-content\/uploads\/2023\/03\/Atividade-M.A.P.A-3.png?fit=300%2C300&ssl=1","width":300,"height":300,"caption":"Mapa Unicesumar Atividade"},{"@type":"BreadcrumbList","@id":"https:\/\/atividademapa.com\/?product=mapa-parasitologia-clinica-52-2024#breadcrumb","itemListElement":[{"@type":"ListItem","position":1,"name":"In\u00edcio","item":"https:\/\/atividademapa.com\/"},{"@type":"ListItem","position":2,"name":"MAPAS","item":"https:\/\/atividademapa.com\/?page_id=5"},{"@type":"ListItem","position":3,"name":"Mapa Parasitologia Cl\u00ednica 52\/2024"}]},{"@type":"WebSite","@id":"https:\/\/atividademapa.com\/#website","url":"https:\/\/atividademapa.com\/","name":"Atividade Mapa","description":"StudeO | Unicesumar","publisher":{"@id":"https:\/\/atividademapa.com\/#organization"},"potentialAction":[{"@type":"SearchAction","target":{"@type":"EntryPoint","urlTemplate":"https:\/\/atividademapa.com\/?s={search_term_string}"},"query-input":{"@type":"PropertyValueSpecification","valueRequired":true,"valueName":"search_term_string"}}],"inLanguage":"pt-BR"},{"@type":"Organization","@id":"https:\/\/atividademapa.com\/#organization","name":"Atividade MAPA","url":"https:\/\/atividademapa.com\/","logo":{"@type":"ImageObject","inLanguage":"pt-BR","@id":"https:\/\/atividademapa.com\/#\/schema\/logo\/image\/","url":"https:\/\/i0.wp.com\/atividademapa.com\/wp-content\/uploads\/2023\/02\/ATIVIDADE.png?fit=600%2C300&ssl=1","contentUrl":"https:\/\/i0.wp.com\/atividademapa.com\/wp-content\/uploads\/2023\/02\/ATIVIDADE.png?fit=600%2C300&ssl=1","width":600,"height":300,"caption":"Atividade MAPA"},"image":{"@id":"https:\/\/atividademapa.com\/#\/schema\/logo\/image\/"}}]}},"_links":{"self":[{"href":"https:\/\/atividademapa.com\/index.php?rest_route=\/wp\/v2\/product\/4266","targetHints":{"allow":["GET"]}}],"collection":[{"href":"https:\/\/atividademapa.com\/index.php?rest_route=\/wp\/v2\/product"}],"about":[{"href":"https:\/\/atividademapa.com\/index.php?rest_route=\/wp\/v2\/types\/product"}],"version-history":[{"count":1,"href":"https:\/\/atividademapa.com\/index.php?rest_route=\/wp\/v2\/product\/4266\/revisions"}],"predecessor-version":[{"id":4268,"href":"https:\/\/atividademapa.com\/index.php?rest_route=\/wp\/v2\/product\/4266\/revisions\/4268"}],"wp:featuredmedia":[{"embeddable":true,"href":"https:\/\/atividademapa.com\/index.php?rest_route=\/wp\/v2\/media\/2326"}],"wp:attachment":[{"href":"https:\/\/atividademapa.com\/index.php?rest_route=%2Fwp%2Fv2%2Fmedia&parent=4266"}],"wp:term":[{"taxonomy":"product_brand","embeddable":true,"href":"https:\/\/atividademapa.com\/index.php?rest_route=%2Fwp%2Fv2%2Fproduct_brand&post=4266"},{"taxonomy":"product_cat","embeddable":true,"href":"https:\/\/atividademapa.com\/index.php?rest_route=%2Fwp%2Fv2%2Fproduct_cat&post=4266"},{"taxonomy":"product_tag","embeddable":true,"href":"https:\/\/atividademapa.com\/index.php?rest_route=%2Fwp%2Fv2%2Fproduct_tag&post=4266"}],"curies":[{"name":"wp","href":"https:\/\/api.w.org\/{rel}","templated":true}]}}