{"id":4354,"date":"2024-07-03T23:06:26","date_gmt":"2024-07-04T02:06:26","guid":{"rendered":"https:\/\/atividademapa.com\/?post_type=product&#038;p=4354"},"modified":"2024-07-03T23:06:28","modified_gmt":"2024-07-04T02:06:28","slug":"mapa-matematica-aplicada-a-computacao-52-2024","status":"publish","type":"product","link":"https:\/\/atividademapa.com\/?product=mapa-matematica-aplicada-a-computacao-52-2024","title":{"rendered":"Mapa Matem\u00e1tica Aplicada a Computa\u00e7\u00e3o 52\/2024"},"content":{"rendered":"<p>Mapa Matem\u00e1tica Aplicada a Computa\u00e7\u00e3o 52\/2024<\/p>\n<p>Quantas infinidades de coisas de nosso cotidiano podemos aplicar conceitos matem\u00e1ticos e f\u00edsicos?<br \/>\nUma das atividades que \u00e9 amplamente aplicado o conceito f\u00edsico e matem\u00e1tico \u00e9 no lan\u00e7amento de projeteis. Quando um proj\u00e9til \u00e9 lan\u00e7ado, ele tem uma velocidade inicial e uma trajet\u00f3ria que \u00e9 determinada pela intera\u00e7\u00e3o entre essa velocidade, a for\u00e7a da gravidade e possivelmente outras for\u00e7as externas, como resist\u00eancia do ar. O trajeto de um proj\u00e9til \u00e9 frequentemente descrito como uma par\u00e1bola, onde atinge uma altura m\u00e1xima e depois retorna ao solo.<br \/>\nAlguns dos principais conceitos relacionados ao lan\u00e7amento de proj\u00e9teis incluem:<br \/>\n* Alcance: a dist\u00e2ncia horizontal que o proj\u00e9til percorre antes de atingir o solo novamente.<br \/>\n* Altura m\u00e1xima: a altura m\u00e1xima atingida pelo proj\u00e9til durante o seu voo.<br \/>\n* Tempo de voo: o tempo total que o proj\u00e9til est\u00e1 no ar desde o lan\u00e7amento at\u00e9 atingir o solo.<br \/>\n* Velocidade inicial: a velocidade com que o proj\u00e9til \u00e9 lan\u00e7ado.<br \/>\n* \u00c2ngulo de lan\u00e7amento: o \u00e2ngulo formado entre a dire\u00e7\u00e3o inicial do lan\u00e7amento e a horizontal.<br \/>\n* Velocidade vertical e horizontal: as componentes da velocidade do proj\u00e9til na dire\u00e7\u00e3o vertical e horizontal.<br \/>\nExistem v\u00e1rios softwares e simulares que neles \u00e9 poss\u00edvel, variar objeto, altura, \u00e2ngulo dentre outros em busca de alcan\u00e7ar o um alvo. Um deles \u00e9 o simulador desenvolvido pelo PHET, onde podemos fazer diversos ensaios em rela\u00e7\u00e3o \u00e0s vari\u00e1veis que influenciam no lan\u00e7amento de um projetil:<br \/>\nFonte: https:\/\/phet.colorado.edu\/sims\/html\/projectilemotion\/latest\/projectile-motion_all.html?locale=pt_BR.<br \/>\nAcesso em: 6 maio 2024.<br \/>\nO objetivo \u00e9 alcan\u00e7ar um alvo que dista 15m em rela\u00e7\u00e3o ao canh\u00e3o de lan\u00e7amento. Nele podemos fazer simula\u00e7\u00f5es reais que simulam um lan\u00e7amento e seu alcance e seu comportamento. Voc\u00ea j\u00e1 parou pra pensar o quanto essas tecnologias tem facilitado os nossos c\u00e1lculos cotidianos?<br \/>\nPara realizar a atividade, \u00e9 necess\u00e1rio responder aos seguintes itens sobre o lan\u00e7amento.<br \/>\nSuponha ent\u00e3o, considerando o que foi apresentado que voc\u00ea tenha que realizar um lan\u00e7amento de uma bola de canh\u00e3o pesando 17,60kg, di\u00e2metro de 0,18m, gravidade de<br \/>\n9,81m\/s\u00b2, rapidez inicial de 16m\/s.<br \/>\nItem I<br \/>\nPara responder aos itens a), b) e c) utilize o simulador de proj\u00e9til. Lembrando de escolher o bot\u00e3o Lab no in\u00edcio e utilizar a altura do canh\u00e3o no n\u00edvel do solo, ou seja, altura= 0 m.<\/p>\n<p><img data-recalc-dims=\"1\" loading=\"lazy\" decoding=\"async\" class=\"alignnone  wp-image-4356\" src=\"https:\/\/i0.wp.com\/atividademapa.com\/wp-content\/uploads\/2024\/07\/Matematica-aplicada-a-computacao.jpg?resize=368%2C190&#038;ssl=1\" alt=\"\" width=\"368\" height=\"190\" srcset=\"https:\/\/i0.wp.com\/atividademapa.com\/wp-content\/uploads\/2024\/07\/Matematica-aplicada-a-computacao.jpg?resize=300%2C155&amp;ssl=1 300w, https:\/\/i0.wp.com\/atividademapa.com\/wp-content\/uploads\/2024\/07\/Matematica-aplicada-a-computacao.jpg?resize=768%2C397&amp;ssl=1 768w, https:\/\/i0.wp.com\/atividademapa.com\/wp-content\/uploads\/2024\/07\/Matematica-aplicada-a-computacao.jpg?resize=600%2C310&amp;ssl=1 600w, https:\/\/i0.wp.com\/atividademapa.com\/wp-content\/uploads\/2024\/07\/Matematica-aplicada-a-computacao.jpg?resize=150%2C77&amp;ssl=1 150w, https:\/\/i0.wp.com\/atividademapa.com\/wp-content\/uploads\/2024\/07\/Matematica-aplicada-a-computacao.jpg?w=889&amp;ssl=1 889w\" sizes=\"auto, (max-width: 368px) 100vw, 368px\" \/><br \/>\nFonte: https:\/\/phet.colorado.edu\/sims\/html\/projectilemotion\/latest\/projectile-motion_all.html?locale=pt_BR.<\/p>\n<p>Acesso em: 6 maio 2024.<br \/>\na) Considerando as condi\u00e7\u00f5es dispostas, se a bola for lan\u00e7ada a uma velocidade de 17m\/s a um \u00e2ngulo de 64\u00ba, ela acertaria exatamente no centro do alvo?<br \/>\nb) Com as condic\u00e7\u00f5es dispostas, a bola acertaria o alvo quando for lan\u00e7ada a um \u00e2ngulo de 72\u00ba e uma velocidade de 16m\/s?<br \/>\nc) O que acontece com a bola quando diminu\u00edmos o \u00e2ngulo? O caimento da bola \u00e9 mais longe ou mais pr\u00f3ximo do alto? Para direita ou para esquerda? Explique.<br \/>\nItem II<br \/>\nSuponhamos que em rela\u00e7\u00e3o a diversos lan\u00e7amentos efetuados foi considerado como evento probabil\u00edstico o<br \/>\nacerto do alvo definido pela seguinte express\u00e3o l\u00f3gica:<br \/>\n(avb)\u2228((a\u2227~b)\u2227c)\u2228(a\u2227c)<br \/>\nResponda:<br \/>\ne) Qual \u00e9 a tabela verdade para o evento acerto e erro dos lan\u00e7amentos?<br \/>\nf) Em quantas situa\u00e7\u00f5es pode-se dizer que foi acerto o lan\u00e7amento? E qual a porcentagem final de acerto para o evento? (Mostre os c\u00e1lculos)<br \/>\nObs:<br \/>\n* V como acertou o alvo e F como n\u00e3o acertou o alvo.<br \/>\n* Siga a sequ\u00eancia para a tabela verdade a, b e c.<br \/>\n* Comece a conjuga\u00e7\u00e3o com V.<br \/>\nItem III<br \/>\nAinda falando sobre lan\u00e7amentos, foram realizados diversos lan\u00e7amentos de projeteis em uma outra condi\u00e7\u00e3o e a sua frequ\u00eancia e os metros alcan\u00e7ados foram dispostos<br \/>\nna seguinte tabela:<\/p>\n<p><img data-recalc-dims=\"1\" loading=\"lazy\" decoding=\"async\" class=\"alignnone  wp-image-4355\" src=\"https:\/\/i0.wp.com\/atividademapa.com\/wp-content\/uploads\/2024\/07\/Tabela-Matematica.jpg?resize=305%2C136&#038;ssl=1\" alt=\"\" width=\"305\" height=\"136\" srcset=\"https:\/\/i0.wp.com\/atividademapa.com\/wp-content\/uploads\/2024\/07\/Tabela-Matematica.jpg?resize=300%2C134&amp;ssl=1 300w, https:\/\/i0.wp.com\/atividademapa.com\/wp-content\/uploads\/2024\/07\/Tabela-Matematica.jpg?resize=768%2C344&amp;ssl=1 768w, https:\/\/i0.wp.com\/atividademapa.com\/wp-content\/uploads\/2024\/07\/Tabela-Matematica.jpg?resize=600%2C269&amp;ssl=1 600w, https:\/\/i0.wp.com\/atividademapa.com\/wp-content\/uploads\/2024\/07\/Tabela-Matematica.jpg?resize=150%2C67&amp;ssl=1 150w, https:\/\/i0.wp.com\/atividademapa.com\/wp-content\/uploads\/2024\/07\/Tabela-Matematica.jpg?w=884&amp;ssl=1 884w\" sizes=\"auto, (max-width: 305px) 100vw, 305px\" \/><br \/>\nFonte: a autora.<br \/>\ng) Qual foi a m\u00e9dia dos lan\u00e7amentos? (Mostre os c\u00e1lculos)<br \/>\nh) Qual \u00e9 o valor mediano para esses lan\u00e7amentos nessa<br \/>\ncondi\u00e7\u00e3o que foi disposta? (Mostre os c\u00e1lculos)<\/p>\n<p>&nbsp;<\/p>\n","protected":false},"excerpt":{"rendered":"<p>Mapa Matem\u00e1tica Aplicada a Computa\u00e7\u00e3o 52\/2024 Quantas infinidades de coisas de nosso cotidiano podemos aplicar conceitos matem\u00e1ticos e f\u00edsicos? Uma<\/p>\n","protected":false},"featured_media":2326,"template":"","meta":{"_monsterinsights_skip_tracking":false,"_monsterinsights_sitenote_active":false,"_monsterinsights_sitenote_note":"","_monsterinsights_sitenote_category":0},"product_brand":[],"product_cat":[117],"product_tag":[],"class_list":{"0":"post-4354","1":"product","2":"type-product","3":"status-publish","4":"has-post-thumbnail","6":"product_cat-analise-e-desenvolvimento-de-sistemas","8":"first","9":"instock","10":"downloadable","11":"virtual","12":"purchasable","13":"product-type-simple"},"yoast_head":"<!-- This site is optimized with the Yoast SEO plugin v27.4 - https:\/\/yoast.com\/product\/yoast-seo-wordpress\/ -->\n<title>Mapa Matem\u00e1tica Aplicada a Computa\u00e7\u00e3o 52\/2024<\/title>\n<meta name=\"description\" content=\"Atividade Mapa Matem\u00e1tica Aplicada a Computa\u00e7\u00e3o 52\/2024 &#8902; Unicesumar. Baixe agora mesmo um Mapa Pronto resolvido!\" \/>\n<meta name=\"robots\" content=\"index, follow, max-snippet:-1, max-image-preview:large, max-video-preview:-1\" \/>\n<link rel=\"canonical\" href=\"https:\/\/atividademapa.com\/?product=mapa-matematica-aplicada-a-computacao-52-2024\" \/>\n<meta property=\"og:locale\" content=\"pt_BR\" \/>\n<meta property=\"og:type\" content=\"article\" \/>\n<meta property=\"og:title\" content=\"Mapa Matem\u00e1tica Aplicada a Computa\u00e7\u00e3o 52\/2024\" \/>\n<meta property=\"og:description\" content=\"Atividade Mapa Matem\u00e1tica Aplicada a Computa\u00e7\u00e3o 52\/2024 &#8902; Unicesumar. Baixe agora mesmo um Mapa Pronto resolvido!\" \/>\n<meta property=\"og:url\" content=\"https:\/\/atividademapa.com\/?product=mapa-matematica-aplicada-a-computacao-52-2024\" \/>\n<meta property=\"og:site_name\" content=\"Atividade Mapa\" \/>\n<meta property=\"article:modified_time\" content=\"2024-07-04T02:06:28+00:00\" \/>\n<meta property=\"og:image\" content=\"https:\/\/i0.wp.com\/atividademapa.com\/wp-content\/uploads\/2023\/03\/Atividade-M.A.P.A-3.png?fit=300%2C300&ssl=1\" \/>\n\t<meta property=\"og:image:width\" content=\"300\" \/>\n\t<meta property=\"og:image:height\" content=\"300\" \/>\n\t<meta property=\"og:image:type\" content=\"image\/png\" \/>\n<meta name=\"twitter:card\" content=\"summary_large_image\" \/>\n<meta name=\"twitter:label1\" content=\"Est. tempo de leitura\" \/>\n\t<meta name=\"twitter:data1\" content=\"4 minutos\" \/>\n<script type=\"application\/ld+json\" class=\"yoast-schema-graph\">{\"@context\":\"https:\\\/\\\/schema.org\",\"@graph\":[{\"@type\":\"WebPage\",\"@id\":\"https:\\\/\\\/atividademapa.com\\\/?product=mapa-matematica-aplicada-a-computacao-52-2024\",\"url\":\"https:\\\/\\\/atividademapa.com\\\/?product=mapa-matematica-aplicada-a-computacao-52-2024\",\"name\":\"Mapa Matem\u00e1tica Aplicada a Computa\u00e7\u00e3o 52\\\/2024\",\"isPartOf\":{\"@id\":\"https:\\\/\\\/atividademapa.com\\\/#website\"},\"primaryImageOfPage\":{\"@id\":\"https:\\\/\\\/atividademapa.com\\\/?product=mapa-matematica-aplicada-a-computacao-52-2024#primaryimage\"},\"image\":{\"@id\":\"https:\\\/\\\/atividademapa.com\\\/?product=mapa-matematica-aplicada-a-computacao-52-2024#primaryimage\"},\"thumbnailUrl\":\"https:\\\/\\\/i0.wp.com\\\/atividademapa.com\\\/wp-content\\\/uploads\\\/2023\\\/03\\\/Atividade-M.A.P.A-3.png?fit=300%2C300&ssl=1\",\"datePublished\":\"2024-07-04T02:06:26+00:00\",\"dateModified\":\"2024-07-04T02:06:28+00:00\",\"description\":\"Atividade Mapa Matem\u00e1tica Aplicada a Computa\u00e7\u00e3o 52\\\/2024 &#8902; Unicesumar. Baixe agora mesmo um Mapa Pronto resolvido!\",\"breadcrumb\":{\"@id\":\"https:\\\/\\\/atividademapa.com\\\/?product=mapa-matematica-aplicada-a-computacao-52-2024#breadcrumb\"},\"inLanguage\":\"pt-BR\",\"potentialAction\":[{\"@type\":\"ReadAction\",\"target\":[\"https:\\\/\\\/atividademapa.com\\\/?product=mapa-matematica-aplicada-a-computacao-52-2024\"]}]},{\"@type\":\"ImageObject\",\"inLanguage\":\"pt-BR\",\"@id\":\"https:\\\/\\\/atividademapa.com\\\/?product=mapa-matematica-aplicada-a-computacao-52-2024#primaryimage\",\"url\":\"https:\\\/\\\/i0.wp.com\\\/atividademapa.com\\\/wp-content\\\/uploads\\\/2023\\\/03\\\/Atividade-M.A.P.A-3.png?fit=300%2C300&ssl=1\",\"contentUrl\":\"https:\\\/\\\/i0.wp.com\\\/atividademapa.com\\\/wp-content\\\/uploads\\\/2023\\\/03\\\/Atividade-M.A.P.A-3.png?fit=300%2C300&ssl=1\",\"width\":300,\"height\":300,\"caption\":\"Mapa Unicesumar Atividade\"},{\"@type\":\"BreadcrumbList\",\"@id\":\"https:\\\/\\\/atividademapa.com\\\/?product=mapa-matematica-aplicada-a-computacao-52-2024#breadcrumb\",\"itemListElement\":[{\"@type\":\"ListItem\",\"position\":1,\"name\":\"In\u00edcio\",\"item\":\"https:\\\/\\\/atividademapa.com\\\/\"},{\"@type\":\"ListItem\",\"position\":2,\"name\":\"MAPAS\",\"item\":\"https:\\\/\\\/atividademapa.com\\\/?page_id=5\"},{\"@type\":\"ListItem\",\"position\":3,\"name\":\"Mapa Matem\u00e1tica Aplicada a Computa\u00e7\u00e3o 52\\\/2024\"}]},{\"@type\":\"WebSite\",\"@id\":\"https:\\\/\\\/atividademapa.com\\\/#website\",\"url\":\"https:\\\/\\\/atividademapa.com\\\/\",\"name\":\"Atividade Mapa\",\"description\":\"StudeO | Unicesumar\",\"publisher\":{\"@id\":\"https:\\\/\\\/atividademapa.com\\\/#organization\"},\"potentialAction\":[{\"@type\":\"SearchAction\",\"target\":{\"@type\":\"EntryPoint\",\"urlTemplate\":\"https:\\\/\\\/atividademapa.com\\\/?s={search_term_string}\"},\"query-input\":{\"@type\":\"PropertyValueSpecification\",\"valueRequired\":true,\"valueName\":\"search_term_string\"}}],\"inLanguage\":\"pt-BR\"},{\"@type\":\"Organization\",\"@id\":\"https:\\\/\\\/atividademapa.com\\\/#organization\",\"name\":\"Atividade MAPA\",\"url\":\"https:\\\/\\\/atividademapa.com\\\/\",\"logo\":{\"@type\":\"ImageObject\",\"inLanguage\":\"pt-BR\",\"@id\":\"https:\\\/\\\/atividademapa.com\\\/#\\\/schema\\\/logo\\\/image\\\/\",\"url\":\"https:\\\/\\\/i0.wp.com\\\/atividademapa.com\\\/wp-content\\\/uploads\\\/2023\\\/02\\\/ATIVIDADE.png?fit=600%2C300&ssl=1\",\"contentUrl\":\"https:\\\/\\\/i0.wp.com\\\/atividademapa.com\\\/wp-content\\\/uploads\\\/2023\\\/02\\\/ATIVIDADE.png?fit=600%2C300&ssl=1\",\"width\":600,\"height\":300,\"caption\":\"Atividade MAPA\"},\"image\":{\"@id\":\"https:\\\/\\\/atividademapa.com\\\/#\\\/schema\\\/logo\\\/image\\\/\"}}]}<\/script>\n<!-- \/ Yoast SEO plugin. -->","yoast_head_json":{"title":"Mapa Matem\u00e1tica Aplicada a Computa\u00e7\u00e3o 52\/2024","description":"Atividade Mapa Matem\u00e1tica Aplicada a Computa\u00e7\u00e3o 52\/2024 &#8902; Unicesumar. Baixe agora mesmo um Mapa Pronto resolvido!","robots":{"index":"index","follow":"follow","max-snippet":"max-snippet:-1","max-image-preview":"max-image-preview:large","max-video-preview":"max-video-preview:-1"},"canonical":"https:\/\/atividademapa.com\/?product=mapa-matematica-aplicada-a-computacao-52-2024","og_locale":"pt_BR","og_type":"article","og_title":"Mapa Matem\u00e1tica Aplicada a Computa\u00e7\u00e3o 52\/2024","og_description":"Atividade Mapa Matem\u00e1tica Aplicada a Computa\u00e7\u00e3o 52\/2024 &#8902; Unicesumar. Baixe agora mesmo um Mapa Pronto resolvido!","og_url":"https:\/\/atividademapa.com\/?product=mapa-matematica-aplicada-a-computacao-52-2024","og_site_name":"Atividade Mapa","article_modified_time":"2024-07-04T02:06:28+00:00","og_image":[{"width":300,"height":300,"url":"https:\/\/i0.wp.com\/atividademapa.com\/wp-content\/uploads\/2023\/03\/Atividade-M.A.P.A-3.png?fit=300%2C300&ssl=1","type":"image\/png"}],"twitter_card":"summary_large_image","twitter_misc":{"Est. tempo de leitura":"4 minutos"},"schema":{"@context":"https:\/\/schema.org","@graph":[{"@type":"WebPage","@id":"https:\/\/atividademapa.com\/?product=mapa-matematica-aplicada-a-computacao-52-2024","url":"https:\/\/atividademapa.com\/?product=mapa-matematica-aplicada-a-computacao-52-2024","name":"Mapa Matem\u00e1tica Aplicada a Computa\u00e7\u00e3o 52\/2024","isPartOf":{"@id":"https:\/\/atividademapa.com\/#website"},"primaryImageOfPage":{"@id":"https:\/\/atividademapa.com\/?product=mapa-matematica-aplicada-a-computacao-52-2024#primaryimage"},"image":{"@id":"https:\/\/atividademapa.com\/?product=mapa-matematica-aplicada-a-computacao-52-2024#primaryimage"},"thumbnailUrl":"https:\/\/i0.wp.com\/atividademapa.com\/wp-content\/uploads\/2023\/03\/Atividade-M.A.P.A-3.png?fit=300%2C300&ssl=1","datePublished":"2024-07-04T02:06:26+00:00","dateModified":"2024-07-04T02:06:28+00:00","description":"Atividade Mapa Matem\u00e1tica Aplicada a Computa\u00e7\u00e3o 52\/2024 &#8902; Unicesumar. Baixe agora mesmo um Mapa Pronto resolvido!","breadcrumb":{"@id":"https:\/\/atividademapa.com\/?product=mapa-matematica-aplicada-a-computacao-52-2024#breadcrumb"},"inLanguage":"pt-BR","potentialAction":[{"@type":"ReadAction","target":["https:\/\/atividademapa.com\/?product=mapa-matematica-aplicada-a-computacao-52-2024"]}]},{"@type":"ImageObject","inLanguage":"pt-BR","@id":"https:\/\/atividademapa.com\/?product=mapa-matematica-aplicada-a-computacao-52-2024#primaryimage","url":"https:\/\/i0.wp.com\/atividademapa.com\/wp-content\/uploads\/2023\/03\/Atividade-M.A.P.A-3.png?fit=300%2C300&ssl=1","contentUrl":"https:\/\/i0.wp.com\/atividademapa.com\/wp-content\/uploads\/2023\/03\/Atividade-M.A.P.A-3.png?fit=300%2C300&ssl=1","width":300,"height":300,"caption":"Mapa Unicesumar Atividade"},{"@type":"BreadcrumbList","@id":"https:\/\/atividademapa.com\/?product=mapa-matematica-aplicada-a-computacao-52-2024#breadcrumb","itemListElement":[{"@type":"ListItem","position":1,"name":"In\u00edcio","item":"https:\/\/atividademapa.com\/"},{"@type":"ListItem","position":2,"name":"MAPAS","item":"https:\/\/atividademapa.com\/?page_id=5"},{"@type":"ListItem","position":3,"name":"Mapa Matem\u00e1tica Aplicada a Computa\u00e7\u00e3o 52\/2024"}]},{"@type":"WebSite","@id":"https:\/\/atividademapa.com\/#website","url":"https:\/\/atividademapa.com\/","name":"Atividade Mapa","description":"StudeO | Unicesumar","publisher":{"@id":"https:\/\/atividademapa.com\/#organization"},"potentialAction":[{"@type":"SearchAction","target":{"@type":"EntryPoint","urlTemplate":"https:\/\/atividademapa.com\/?s={search_term_string}"},"query-input":{"@type":"PropertyValueSpecification","valueRequired":true,"valueName":"search_term_string"}}],"inLanguage":"pt-BR"},{"@type":"Organization","@id":"https:\/\/atividademapa.com\/#organization","name":"Atividade MAPA","url":"https:\/\/atividademapa.com\/","logo":{"@type":"ImageObject","inLanguage":"pt-BR","@id":"https:\/\/atividademapa.com\/#\/schema\/logo\/image\/","url":"https:\/\/i0.wp.com\/atividademapa.com\/wp-content\/uploads\/2023\/02\/ATIVIDADE.png?fit=600%2C300&ssl=1","contentUrl":"https:\/\/i0.wp.com\/atividademapa.com\/wp-content\/uploads\/2023\/02\/ATIVIDADE.png?fit=600%2C300&ssl=1","width":600,"height":300,"caption":"Atividade MAPA"},"image":{"@id":"https:\/\/atividademapa.com\/#\/schema\/logo\/image\/"}}]}},"_links":{"self":[{"href":"https:\/\/atividademapa.com\/index.php?rest_route=\/wp\/v2\/product\/4354","targetHints":{"allow":["GET"]}}],"collection":[{"href":"https:\/\/atividademapa.com\/index.php?rest_route=\/wp\/v2\/product"}],"about":[{"href":"https:\/\/atividademapa.com\/index.php?rest_route=\/wp\/v2\/types\/product"}],"version-history":[{"count":1,"href":"https:\/\/atividademapa.com\/index.php?rest_route=\/wp\/v2\/product\/4354\/revisions"}],"predecessor-version":[{"id":4358,"href":"https:\/\/atividademapa.com\/index.php?rest_route=\/wp\/v2\/product\/4354\/revisions\/4358"}],"wp:featuredmedia":[{"embeddable":true,"href":"https:\/\/atividademapa.com\/index.php?rest_route=\/wp\/v2\/media\/2326"}],"wp:attachment":[{"href":"https:\/\/atividademapa.com\/index.php?rest_route=%2Fwp%2Fv2%2Fmedia&parent=4354"}],"wp:term":[{"taxonomy":"product_brand","embeddable":true,"href":"https:\/\/atividademapa.com\/index.php?rest_route=%2Fwp%2Fv2%2Fproduct_brand&post=4354"},{"taxonomy":"product_cat","embeddable":true,"href":"https:\/\/atividademapa.com\/index.php?rest_route=%2Fwp%2Fv2%2Fproduct_cat&post=4354"},{"taxonomy":"product_tag","embeddable":true,"href":"https:\/\/atividademapa.com\/index.php?rest_route=%2Fwp%2Fv2%2Fproduct_tag&post=4354"}],"curies":[{"name":"wp","href":"https:\/\/api.w.org\/{rel}","templated":true}]}}