{"id":4449,"date":"2024-07-19T23:36:49","date_gmt":"2024-07-20T02:36:49","guid":{"rendered":"https:\/\/atividademapa.com\/?post_type=product&#038;p=4449"},"modified":"2024-07-26T08:51:17","modified_gmt":"2024-07-26T11:51:17","slug":"mapa-normas-e-processos-de-certificacao-53-2024","status":"publish","type":"product","link":"https:\/\/atividademapa.com\/?product=mapa-normas-e-processos-de-certificacao-53-2024","title":{"rendered":"Mapa &#8211; Normas e Processos de Certifica\u00e7\u00e3o &#8211; 53\/2024"},"content":{"rendered":"<p>MAPA &#8211; GQ &#8211; NORMAS E PROCESSOS DE CERTIFICA\u00c7\u00c3O &#8211; 53_2024<\/p>\n<p>CERTIFICA\u00c7\u00c3O DO SISTEMA DE GEST\u00c3O DA QUALIDADE \u2013 CASO CABE<\/p>\n<p>A Comiss\u00e3o Aeron\u00e1utica Brasileira na Europa (CABE), sediada em Londres, na Inglaterra, \u00e9 a primeira organiza\u00e7\u00e3o da For\u00e7a A\u00e9rea Brasileira com sede no exterior a receber a Certifica\u00e7\u00e3o do Sistema de Gest\u00e3o da Qualidade ISO 9001:2015. Dessa forma, atesta-se que o efetivo zela n\u00e3o apenas pela qualidade dos processos de aquisi\u00e7\u00e3o, mas tamb\u00e9m, pelo cumprimento das normas, regulamentos e legisla\u00e7\u00f5es governamentais, aumentando a credibilidade diante da comunidade comercial aeron\u00e1utica internacional.<\/p>\n<p>O chefe da CABE explica que a gest\u00e3o da qualidade vai al\u00e9m da simples aplica\u00e7\u00e3o de procedimentos padronizados, pois representa a constru\u00e7\u00e3o de uma nova cultura organizacional, envolvendo a alta lideran\u00e7a, os parceiros e os clientes. Al\u00e9m disso, ele destaca que \u201centre outros benef\u00edcios da gest\u00e3o da qualidade, a eleva\u00e7\u00e3o dos n\u00edveis de organiza\u00e7\u00e3o, nas fases internas e externas dos processos, ficar\u00e1 ainda mais evidente, ressaltando a adequada condu\u00e7\u00e3o das atividades, com isonomia e imparcialidade, al\u00e9m do cont\u00ednuo cumprimento dos princ\u00edpios de gest\u00e3o da qualidade\u201d.<\/p>\n<p>Fonte: https:\/\/www.fab.mil.br\/noticias\/mostra\/34474\/INTERNACIONAL%20-20CABE%20recebe%20Certifica%C3%A7%C3%A3o%20do%20Sistema%20de%20Gest%C3%A3o%20da%20Qualidade. Acesso em: 14 jun. 2024.<\/p>\n<p>Atrelado ao conte\u00fado do texto acima, tem-se que o n\u00famero de empresas que buscam obter a certifica\u00e7\u00e3o ISO 9001 tem aumentado nos \u00faltimos anos. Segundo o Instituto Nacional de Metrologia, Qualidade e Tecnologia (Inmetro), em 2022 foram emitidos 4.330 certificados deste tipo dentro do Sistema Brasileiro de Avalia\u00e7\u00e3o da Conformidade (SBAC). No ano passado, o n\u00famero de certifica\u00e7\u00f5es chegou a 5.277, o que representa um aumento de quase 22%.<\/p>\n<p>Dessa forma, a Norma ISO 9001 estabelece os crit\u00e9rios para um sistema de gest\u00e3o da qualidade e \u00e9 a \u00fanica norma na fam\u00edlia que pode ser certificada (embora isso n\u00e3o seja obrigat\u00f3rio). Pode ser utilizada por qualquer organiza\u00e7\u00e3o, grande ou pequena, independentemente do seu ramo de atividade. Na verdade, existem mais de um milh\u00e3o de empresas e organiza\u00e7\u00f5es em mais de 170 pa\u00edses com certifica\u00e7\u00e3o ISO 9001. O uso da ISO 9001 ajuda a garantir que os clientes obtenham produtos e servi\u00e7os consistentes e de boa qualidade, o que, por sua vez, traz muitos benef\u00edcios comerciais.<\/p>\n<p>Fonte: https:\/\/www.aen.pr.gov.br\/Noticia\/Com-aumento-das-certificacoes-ISO-9001-Tecpar-fortalece-qualidade-das-empresas. Acesso em: 14 jun. 2024.<\/p>\n<p>Agora, com base no que foi apresentado, eu te convido a imaginar que voc\u00ea foi contratado (a) para gerenciar o processo de implanta\u00e7\u00e3o de um Sistema de Gest\u00e3o da Qualidade certificado na empresa dos seus sonhos. Voc\u00ea dever\u00e1 coordenar toda a empresa e garantir que o sistema se solidifique e a certifica\u00e7\u00e3o aconte\u00e7a. Para que isso aconte\u00e7a, voc\u00ea dever\u00e1 seguir alguns passos, sendo:<\/p>\n<p>PASSO 1:<br \/>\nA norma estabelece atividades de gest\u00e3o que s\u00e3o requisitos para a certifica\u00e7\u00e3o. Contudo, essas atividades s\u00f3 atingir\u00e3o o resultado esperado se a organiza\u00e7\u00e3o aplicar os princ\u00edpios de gest\u00e3o, que resultam em uma base firme para o sistema de gest\u00e3o da qualidade. Seu papel aqui \u00e9:<\/p>\n<p>A) APRESENTAR os princ\u00edpios de gest\u00e3o atrelados ao sistema de gest\u00e3o da qualidade.<br \/>\nB) EXPLICAR os princ\u00edpios de gest\u00e3o atrelados ao sistema de gest\u00e3o da qualidade.<br \/>\nObs.: faz-se necess\u00e1rio explicar todos os 7 (sete) princ\u00edpios, por isso, \u00e9 importante que voc\u00ea leia, entenda e sintetize cada item, explicando com suas palavras seu entendimento sobre cada item.\u200b<\/p>\n<p>PASSO 2:<br \/>\nO segundo passo \u00e9 estabelecer e explicar os itens de um roteiro de implementa\u00e7\u00e3o da Noma ISO. Dessa forma, para cumprir tal objetivo, voc\u00ea deve se basear na trilha de implanta\u00e7\u00e3o de norma certific\u00e1vel de sistema de gest\u00e3o. Seu papel aqui \u00e9:<\/p>\n<p>A) ESTABELECER o roteiro com base na trilha de implanta\u00e7\u00e3o de norma certific\u00e1vel de sistema de gest\u00e3o.<br \/>\nB) EXPLICAR os itens presentes no roteiro estabelecido com base na trilha de implanta\u00e7\u00e3o de norma certific\u00e1vel de sistema de gest\u00e3o.<br \/>\nObs.: faz-se necess\u00e1rio citar e explicar os 9 (nove) itens do roteiro de implementa\u00e7\u00e3o, por isso, \u00e9 importante que voc\u00ea leia, entenda e sintetize cada item, explicando com suas palavras seu entendimento sobre cada item.<\/p>\n<p>PASSO 3:<br \/>\nO terceiro passo consiste em apresentar os benef\u00edcios que a implementa\u00e7\u00e3o do Sistema de Gest\u00e3o da Qualidade trar\u00e1 para a empresa, por isso, neste passo, \u00e9 importante que voc\u00ea cite, pelo menos, 3 (tr\u00eas) benef\u00edcios para convencer seu contratante da import\u00e2ncia da implanta\u00e7\u00e3o do sistema e da certifica\u00e7\u00e3o.<br \/>\nObs.: a resposta deve estar baseada no que voc\u00ea adquiriu de conhecimento durante todo o andamento da disciplina, por isso, responda com clareza, n\u00e3o sendo necess\u00e1rio explicar, apenas citar.<\/p>\n","protected":false},"excerpt":{"rendered":"<p>MAPA &#8211; GQ &#8211; NORMAS E PROCESSOS DE CERTIFICA\u00c7\u00c3O &#8211; 53_2024 CERTIFICA\u00c7\u00c3O DO SISTEMA DE GEST\u00c3O DA QUALIDADE \u2013 CASO<\/p>\n","protected":false},"featured_media":2326,"template":"","meta":{"_monsterinsights_skip_tracking":false,"_monsterinsights_sitenote_active":false,"_monsterinsights_sitenote_note":"","_monsterinsights_sitenote_category":0},"product_brand":[],"product_cat":[29,59],"product_tag":[],"class_list":{"0":"post-4449","1":"product","2":"type-product","3":"status-publish","4":"has-post-thumbnail","6":"product_cat-gestao-de-qualidade","7":"product_cat-recursos-humanos","9":"first","10":"instock","11":"downloadable","12":"virtual","13":"purchasable","14":"product-type-simple"},"yoast_head":"<!-- This site is optimized with the Yoast SEO plugin v27.4 - https:\/\/yoast.com\/product\/yoast-seo-wordpress\/ -->\n<title>Mapa - Normas e Processos de Certifica\u00e7\u00e3o - 53\/2024<\/title>\n<meta name=\"description\" content=\"Atividade Mapa - Normas e Processos de Certifica\u00e7\u00e3o - 53\/2024 &#8902; Unicesumar. Baixe agora mesmo um Mapa Pronto resolvido!\" \/>\n<meta name=\"robots\" content=\"index, follow, max-snippet:-1, max-image-preview:large, max-video-preview:-1\" \/>\n<link rel=\"canonical\" href=\"https:\/\/atividademapa.com\/?product=mapa-normas-e-processos-de-certificacao-53-2024\" \/>\n<meta property=\"og:locale\" content=\"pt_BR\" \/>\n<meta property=\"og:type\" content=\"article\" \/>\n<meta property=\"og:title\" content=\"Mapa - Normas e Processos de Certifica\u00e7\u00e3o - 53\/2024\" \/>\n<meta property=\"og:description\" content=\"Atividade Mapa - Normas e Processos de Certifica\u00e7\u00e3o - 53\/2024 &#8902; Unicesumar. Baixe agora mesmo um Mapa Pronto resolvido!\" \/>\n<meta property=\"og:url\" content=\"https:\/\/atividademapa.com\/?product=mapa-normas-e-processos-de-certificacao-53-2024\" \/>\n<meta property=\"og:site_name\" content=\"Atividade Mapa\" \/>\n<meta property=\"article:modified_time\" content=\"2024-07-26T11:51:17+00:00\" \/>\n<meta property=\"og:image\" content=\"https:\/\/i0.wp.com\/atividademapa.com\/wp-content\/uploads\/2023\/03\/Atividade-M.A.P.A-3.png?fit=300%2C300&ssl=1\" \/>\n\t<meta property=\"og:image:width\" content=\"300\" \/>\n\t<meta property=\"og:image:height\" content=\"300\" \/>\n\t<meta property=\"og:image:type\" content=\"image\/png\" \/>\n<meta name=\"twitter:card\" content=\"summary_large_image\" \/>\n<meta name=\"twitter:label1\" content=\"Est. tempo de leitura\" \/>\n\t<meta name=\"twitter:data1\" content=\"4 minutos\" \/>\n<script type=\"application\/ld+json\" class=\"yoast-schema-graph\">{\"@context\":\"https:\\\/\\\/schema.org\",\"@graph\":[{\"@type\":\"WebPage\",\"@id\":\"https:\\\/\\\/atividademapa.com\\\/?product=mapa-normas-e-processos-de-certificacao-53-2024\",\"url\":\"https:\\\/\\\/atividademapa.com\\\/?product=mapa-normas-e-processos-de-certificacao-53-2024\",\"name\":\"Mapa - Normas e Processos de Certifica\u00e7\u00e3o - 53\\\/2024\",\"isPartOf\":{\"@id\":\"https:\\\/\\\/atividademapa.com\\\/#website\"},\"primaryImageOfPage\":{\"@id\":\"https:\\\/\\\/atividademapa.com\\\/?product=mapa-normas-e-processos-de-certificacao-53-2024#primaryimage\"},\"image\":{\"@id\":\"https:\\\/\\\/atividademapa.com\\\/?product=mapa-normas-e-processos-de-certificacao-53-2024#primaryimage\"},\"thumbnailUrl\":\"https:\\\/\\\/i0.wp.com\\\/atividademapa.com\\\/wp-content\\\/uploads\\\/2023\\\/03\\\/Atividade-M.A.P.A-3.png?fit=300%2C300&ssl=1\",\"datePublished\":\"2024-07-20T02:36:49+00:00\",\"dateModified\":\"2024-07-26T11:51:17+00:00\",\"description\":\"Atividade Mapa - Normas e Processos de Certifica\u00e7\u00e3o - 53\\\/2024 &#8902; Unicesumar. Baixe agora mesmo um Mapa Pronto resolvido!\",\"breadcrumb\":{\"@id\":\"https:\\\/\\\/atividademapa.com\\\/?product=mapa-normas-e-processos-de-certificacao-53-2024#breadcrumb\"},\"inLanguage\":\"pt-BR\",\"potentialAction\":[{\"@type\":\"ReadAction\",\"target\":[\"https:\\\/\\\/atividademapa.com\\\/?product=mapa-normas-e-processos-de-certificacao-53-2024\"]}]},{\"@type\":\"ImageObject\",\"inLanguage\":\"pt-BR\",\"@id\":\"https:\\\/\\\/atividademapa.com\\\/?product=mapa-normas-e-processos-de-certificacao-53-2024#primaryimage\",\"url\":\"https:\\\/\\\/i0.wp.com\\\/atividademapa.com\\\/wp-content\\\/uploads\\\/2023\\\/03\\\/Atividade-M.A.P.A-3.png?fit=300%2C300&ssl=1\",\"contentUrl\":\"https:\\\/\\\/i0.wp.com\\\/atividademapa.com\\\/wp-content\\\/uploads\\\/2023\\\/03\\\/Atividade-M.A.P.A-3.png?fit=300%2C300&ssl=1\",\"width\":300,\"height\":300,\"caption\":\"Mapa Unicesumar Atividade\"},{\"@type\":\"BreadcrumbList\",\"@id\":\"https:\\\/\\\/atividademapa.com\\\/?product=mapa-normas-e-processos-de-certificacao-53-2024#breadcrumb\",\"itemListElement\":[{\"@type\":\"ListItem\",\"position\":1,\"name\":\"In\u00edcio\",\"item\":\"https:\\\/\\\/atividademapa.com\\\/\"},{\"@type\":\"ListItem\",\"position\":2,\"name\":\"MAPAS\",\"item\":\"https:\\\/\\\/atividademapa.com\\\/?page_id=5\"},{\"@type\":\"ListItem\",\"position\":3,\"name\":\"Mapa &#8211; Normas e Processos de Certifica\u00e7\u00e3o &#8211; 53\\\/2024\"}]},{\"@type\":\"WebSite\",\"@id\":\"https:\\\/\\\/atividademapa.com\\\/#website\",\"url\":\"https:\\\/\\\/atividademapa.com\\\/\",\"name\":\"Atividade Mapa\",\"description\":\"StudeO | Unicesumar\",\"publisher\":{\"@id\":\"https:\\\/\\\/atividademapa.com\\\/#organization\"},\"potentialAction\":[{\"@type\":\"SearchAction\",\"target\":{\"@type\":\"EntryPoint\",\"urlTemplate\":\"https:\\\/\\\/atividademapa.com\\\/?s={search_term_string}\"},\"query-input\":{\"@type\":\"PropertyValueSpecification\",\"valueRequired\":true,\"valueName\":\"search_term_string\"}}],\"inLanguage\":\"pt-BR\"},{\"@type\":\"Organization\",\"@id\":\"https:\\\/\\\/atividademapa.com\\\/#organization\",\"name\":\"Atividade MAPA\",\"url\":\"https:\\\/\\\/atividademapa.com\\\/\",\"logo\":{\"@type\":\"ImageObject\",\"inLanguage\":\"pt-BR\",\"@id\":\"https:\\\/\\\/atividademapa.com\\\/#\\\/schema\\\/logo\\\/image\\\/\",\"url\":\"https:\\\/\\\/i0.wp.com\\\/atividademapa.com\\\/wp-content\\\/uploads\\\/2023\\\/02\\\/ATIVIDADE.png?fit=600%2C300&ssl=1\",\"contentUrl\":\"https:\\\/\\\/i0.wp.com\\\/atividademapa.com\\\/wp-content\\\/uploads\\\/2023\\\/02\\\/ATIVIDADE.png?fit=600%2C300&ssl=1\",\"width\":600,\"height\":300,\"caption\":\"Atividade MAPA\"},\"image\":{\"@id\":\"https:\\\/\\\/atividademapa.com\\\/#\\\/schema\\\/logo\\\/image\\\/\"}}]}<\/script>\n<!-- \/ Yoast SEO plugin. -->","yoast_head_json":{"title":"Mapa - Normas e Processos de Certifica\u00e7\u00e3o - 53\/2024","description":"Atividade Mapa - Normas e Processos de Certifica\u00e7\u00e3o - 53\/2024 &#8902; Unicesumar. Baixe agora mesmo um Mapa Pronto resolvido!","robots":{"index":"index","follow":"follow","max-snippet":"max-snippet:-1","max-image-preview":"max-image-preview:large","max-video-preview":"max-video-preview:-1"},"canonical":"https:\/\/atividademapa.com\/?product=mapa-normas-e-processos-de-certificacao-53-2024","og_locale":"pt_BR","og_type":"article","og_title":"Mapa - Normas e Processos de Certifica\u00e7\u00e3o - 53\/2024","og_description":"Atividade Mapa - Normas e Processos de Certifica\u00e7\u00e3o - 53\/2024 &#8902; Unicesumar. Baixe agora mesmo um Mapa Pronto resolvido!","og_url":"https:\/\/atividademapa.com\/?product=mapa-normas-e-processos-de-certificacao-53-2024","og_site_name":"Atividade Mapa","article_modified_time":"2024-07-26T11:51:17+00:00","og_image":[{"width":300,"height":300,"url":"https:\/\/i0.wp.com\/atividademapa.com\/wp-content\/uploads\/2023\/03\/Atividade-M.A.P.A-3.png?fit=300%2C300&ssl=1","type":"image\/png"}],"twitter_card":"summary_large_image","twitter_misc":{"Est. tempo de leitura":"4 minutos"},"schema":{"@context":"https:\/\/schema.org","@graph":[{"@type":"WebPage","@id":"https:\/\/atividademapa.com\/?product=mapa-normas-e-processos-de-certificacao-53-2024","url":"https:\/\/atividademapa.com\/?product=mapa-normas-e-processos-de-certificacao-53-2024","name":"Mapa - Normas e Processos de Certifica\u00e7\u00e3o - 53\/2024","isPartOf":{"@id":"https:\/\/atividademapa.com\/#website"},"primaryImageOfPage":{"@id":"https:\/\/atividademapa.com\/?product=mapa-normas-e-processos-de-certificacao-53-2024#primaryimage"},"image":{"@id":"https:\/\/atividademapa.com\/?product=mapa-normas-e-processos-de-certificacao-53-2024#primaryimage"},"thumbnailUrl":"https:\/\/i0.wp.com\/atividademapa.com\/wp-content\/uploads\/2023\/03\/Atividade-M.A.P.A-3.png?fit=300%2C300&ssl=1","datePublished":"2024-07-20T02:36:49+00:00","dateModified":"2024-07-26T11:51:17+00:00","description":"Atividade Mapa - Normas e Processos de Certifica\u00e7\u00e3o - 53\/2024 &#8902; Unicesumar. Baixe agora mesmo um Mapa Pronto resolvido!","breadcrumb":{"@id":"https:\/\/atividademapa.com\/?product=mapa-normas-e-processos-de-certificacao-53-2024#breadcrumb"},"inLanguage":"pt-BR","potentialAction":[{"@type":"ReadAction","target":["https:\/\/atividademapa.com\/?product=mapa-normas-e-processos-de-certificacao-53-2024"]}]},{"@type":"ImageObject","inLanguage":"pt-BR","@id":"https:\/\/atividademapa.com\/?product=mapa-normas-e-processos-de-certificacao-53-2024#primaryimage","url":"https:\/\/i0.wp.com\/atividademapa.com\/wp-content\/uploads\/2023\/03\/Atividade-M.A.P.A-3.png?fit=300%2C300&ssl=1","contentUrl":"https:\/\/i0.wp.com\/atividademapa.com\/wp-content\/uploads\/2023\/03\/Atividade-M.A.P.A-3.png?fit=300%2C300&ssl=1","width":300,"height":300,"caption":"Mapa Unicesumar Atividade"},{"@type":"BreadcrumbList","@id":"https:\/\/atividademapa.com\/?product=mapa-normas-e-processos-de-certificacao-53-2024#breadcrumb","itemListElement":[{"@type":"ListItem","position":1,"name":"In\u00edcio","item":"https:\/\/atividademapa.com\/"},{"@type":"ListItem","position":2,"name":"MAPAS","item":"https:\/\/atividademapa.com\/?page_id=5"},{"@type":"ListItem","position":3,"name":"Mapa &#8211; Normas e Processos de Certifica\u00e7\u00e3o &#8211; 53\/2024"}]},{"@type":"WebSite","@id":"https:\/\/atividademapa.com\/#website","url":"https:\/\/atividademapa.com\/","name":"Atividade Mapa","description":"StudeO | Unicesumar","publisher":{"@id":"https:\/\/atividademapa.com\/#organization"},"potentialAction":[{"@type":"SearchAction","target":{"@type":"EntryPoint","urlTemplate":"https:\/\/atividademapa.com\/?s={search_term_string}"},"query-input":{"@type":"PropertyValueSpecification","valueRequired":true,"valueName":"search_term_string"}}],"inLanguage":"pt-BR"},{"@type":"Organization","@id":"https:\/\/atividademapa.com\/#organization","name":"Atividade MAPA","url":"https:\/\/atividademapa.com\/","logo":{"@type":"ImageObject","inLanguage":"pt-BR","@id":"https:\/\/atividademapa.com\/#\/schema\/logo\/image\/","url":"https:\/\/i0.wp.com\/atividademapa.com\/wp-content\/uploads\/2023\/02\/ATIVIDADE.png?fit=600%2C300&ssl=1","contentUrl":"https:\/\/i0.wp.com\/atividademapa.com\/wp-content\/uploads\/2023\/02\/ATIVIDADE.png?fit=600%2C300&ssl=1","width":600,"height":300,"caption":"Atividade MAPA"},"image":{"@id":"https:\/\/atividademapa.com\/#\/schema\/logo\/image\/"}}]}},"_links":{"self":[{"href":"https:\/\/atividademapa.com\/index.php?rest_route=\/wp\/v2\/product\/4449","targetHints":{"allow":["GET"]}}],"collection":[{"href":"https:\/\/atividademapa.com\/index.php?rest_route=\/wp\/v2\/product"}],"about":[{"href":"https:\/\/atividademapa.com\/index.php?rest_route=\/wp\/v2\/types\/product"}],"version-history":[{"count":2,"href":"https:\/\/atividademapa.com\/index.php?rest_route=\/wp\/v2\/product\/4449\/revisions"}],"predecessor-version":[{"id":4451,"href":"https:\/\/atividademapa.com\/index.php?rest_route=\/wp\/v2\/product\/4449\/revisions\/4451"}],"wp:featuredmedia":[{"embeddable":true,"href":"https:\/\/atividademapa.com\/index.php?rest_route=\/wp\/v2\/media\/2326"}],"wp:attachment":[{"href":"https:\/\/atividademapa.com\/index.php?rest_route=%2Fwp%2Fv2%2Fmedia&parent=4449"}],"wp:term":[{"taxonomy":"product_brand","embeddable":true,"href":"https:\/\/atividademapa.com\/index.php?rest_route=%2Fwp%2Fv2%2Fproduct_brand&post=4449"},{"taxonomy":"product_cat","embeddable":true,"href":"https:\/\/atividademapa.com\/index.php?rest_route=%2Fwp%2Fv2%2Fproduct_cat&post=4449"},{"taxonomy":"product_tag","embeddable":true,"href":"https:\/\/atividademapa.com\/index.php?rest_route=%2Fwp%2Fv2%2Fproduct_tag&post=4449"}],"curies":[{"name":"wp","href":"https:\/\/api.w.org\/{rel}","templated":true}]}}