{"id":4471,"date":"2024-07-24T00:15:36","date_gmt":"2024-07-24T03:15:36","guid":{"rendered":"https:\/\/atividademapa.com\/?post_type=product&#038;p=4471"},"modified":"2024-09-12T13:20:23","modified_gmt":"2024-09-12T16:20:23","slug":"mapa-quimica-medicinal-53-2024","status":"publish","type":"product","link":"https:\/\/atividademapa.com\/?product=mapa-quimica-medicinal-53-2024","title":{"rendered":"Mapa &#8211; Qu\u00edmica Medicinal &#8211; 53\/2024"},"content":{"rendered":"<p>Mapa &#8211; Qu\u00edmica Medicinal &#8211; 53\/2024<\/p>\n<p><strong>INTRODU\u00c7\u00c3O<\/strong><br \/>\nO desenvolvimento de metodologias de s\u00edntese de f\u00e1rmacos \u00e9 uma \u00e1rea crucial na qu\u00edmica medicinal. A habilidade de sintetizar compostos terap\u00eauticos de maneira eficiente e segura \u00e9 fundamental para o avan\u00e7o da farmacologia e o tratamento de diversas doen\u00e7as. Metodologias de s\u00edntese bem desenvolvidas permitem a produ\u00e7\u00e3o de medicamentos em larga escala com alta pureza, al\u00e9m de facilitar a modifica\u00e7\u00e3o estrutural de compostos para otimiza\u00e7\u00e3o de sua atividade biol\u00f3gica e redu\u00e7\u00e3o de efeitos colaterais.<\/p>\n<p>Fonte: Elaborado pelo professor.<\/p>\n<p><strong>DESENVOLVENDO O TRABALHO<\/strong><\/p>\n<p>Para responder a estas atividades, voc\u00ea dever\u00e1 ler o artigo abaixo, que tamb\u00e9m estar\u00e1 dispon\u00edvel na \u201cSala do Caf\u00e9\u201d:<br \/>\nBORGES, A. D. L\u00a0<em>et al<\/em>.\u00a0S\u00edntese de Sulfadiazina e Sulfadiazina de Prata em Escala Semi-Micro: Pr\u00e1tica Experimental em S\u00edntese de F\u00e1rmacos.\u00a0<strong>Quim. Nova,<\/strong>\u00a0Vol. 28, No. 4, 2005, p. 727-731.<\/p>\n<p>Link para acesso (copie o link e cole no navegador): https:\/\/doi.org\/10.1590\/S0100-40422005000400030<\/p>\n<p>Considerando o conte\u00fado do artigo, responda as seguintes quest\u00f5es:<\/p>\n<p><strong>1) Qual\u00a0<\/strong>o principal objetivo do curso experimental de S\u00edntese de F\u00e1rmacos descrito no artigo?\u00a0<strong>Explique\u00a0<\/strong>porque esse objetivo \u00e9 relevante para a forma\u00e7\u00e3o de estudantes na \u00e1rea de qu\u00edmica medicinal.<br \/>\n2)\u00a0<strong>Cite\u00a0<\/strong>o m\u00e9todo escolhido para a acetila\u00e7\u00e3o de aminas arom\u00e1ticas no curso experimental e\u00a0<strong>explique<\/strong>\u00a0porque este m\u00e9todo foi selecionado, apontando suas vantagens.<br \/>\n3)\u00a0<strong>Descreva<\/strong>\u00a0o procedimento da rea\u00e7\u00e3o de acetila\u00e7\u00e3o, incluindo as condi\u00e7\u00f5es de rea\u00e7\u00e3o (reagentes, solventes, temperatura, etc.).<br \/>\n4)\u00a0<strong>Apresente<\/strong>\u00a0as estruturas das mol\u00e9culas de reagente(s) e produto(s), nomeando cada um dos componentes. Os desenhos podem ser feitos \u00e0 m\u00e3o, no computador, ou retirados do artigo.<br \/>\n5)\u00a0<strong>Qual\u00a0<\/strong>o objetivo da rea\u00e7\u00e3o de acetila\u00e7\u00e3o na s\u00edntese de Sulfadiazina e Sulfadiazina de Prata?<\/p>\n","protected":false},"excerpt":{"rendered":"<p>Mapa &#8211; Qu\u00edmica Medicinal &#8211; 53\/2024 INTRODU\u00c7\u00c3O O desenvolvimento de metodologias de s\u00edntese de f\u00e1rmacos \u00e9 uma \u00e1rea crucial na<\/p>\n","protected":false},"featured_media":2326,"template":"","meta":{"_monsterinsights_skip_tracking":false,"_monsterinsights_sitenote_active":false,"_monsterinsights_sitenote_note":"","_monsterinsights_sitenote_category":0},"product_brand":[],"product_cat":[31],"product_tag":[],"class_list":{"0":"post-4471","1":"product","2":"type-product","3":"status-publish","4":"has-post-thumbnail","6":"product_cat-farmacia","8":"first","9":"instock","10":"downloadable","11":"virtual","12":"purchasable","13":"product-type-simple"},"yoast_head":"<!-- This site is optimized with the Yoast SEO plugin v27.4 - https:\/\/yoast.com\/product\/yoast-seo-wordpress\/ -->\n<title>Mapa - Qu\u00edmica Medicinal - 53\/2024<\/title>\n<meta name=\"description\" content=\"Atividade Mapa - Qu\u00edmica Medicinal - 53\/2024 &#8902; Unicesumar. Baixe agora mesmo um Mapa Pronto resolvido!\" \/>\n<meta name=\"robots\" content=\"index, follow, max-snippet:-1, max-image-preview:large, max-video-preview:-1\" \/>\n<link rel=\"canonical\" href=\"https:\/\/atividademapa.com\/?product=mapa-quimica-medicinal-53-2024\" \/>\n<meta property=\"og:locale\" content=\"pt_BR\" \/>\n<meta property=\"og:type\" content=\"article\" \/>\n<meta property=\"og:title\" content=\"Mapa - Qu\u00edmica Medicinal - 53\/2024\" \/>\n<meta property=\"og:description\" content=\"Atividade Mapa - Qu\u00edmica Medicinal - 53\/2024 &#8902; Unicesumar. Baixe agora mesmo um Mapa Pronto resolvido!\" \/>\n<meta property=\"og:url\" content=\"https:\/\/atividademapa.com\/?product=mapa-quimica-medicinal-53-2024\" \/>\n<meta property=\"og:site_name\" content=\"Atividade Mapa\" \/>\n<meta property=\"article:modified_time\" content=\"2024-09-12T16:20:23+00:00\" \/>\n<meta property=\"og:image\" content=\"https:\/\/i0.wp.com\/atividademapa.com\/wp-content\/uploads\/2023\/03\/Atividade-M.A.P.A-3.png?fit=300%2C300&ssl=1\" \/>\n\t<meta property=\"og:image:width\" content=\"300\" \/>\n\t<meta property=\"og:image:height\" content=\"300\" \/>\n\t<meta property=\"og:image:type\" content=\"image\/png\" \/>\n<meta name=\"twitter:card\" content=\"summary_large_image\" \/>\n<meta name=\"twitter:label1\" content=\"Est. tempo de leitura\" \/>\n\t<meta name=\"twitter:data1\" content=\"2 minutos\" \/>\n<script type=\"application\/ld+json\" class=\"yoast-schema-graph\">{\"@context\":\"https:\\\/\\\/schema.org\",\"@graph\":[{\"@type\":\"WebPage\",\"@id\":\"https:\\\/\\\/atividademapa.com\\\/?product=mapa-quimica-medicinal-53-2024\",\"url\":\"https:\\\/\\\/atividademapa.com\\\/?product=mapa-quimica-medicinal-53-2024\",\"name\":\"Mapa - Qu\u00edmica Medicinal - 53\\\/2024\",\"isPartOf\":{\"@id\":\"https:\\\/\\\/atividademapa.com\\\/#website\"},\"primaryImageOfPage\":{\"@id\":\"https:\\\/\\\/atividademapa.com\\\/?product=mapa-quimica-medicinal-53-2024#primaryimage\"},\"image\":{\"@id\":\"https:\\\/\\\/atividademapa.com\\\/?product=mapa-quimica-medicinal-53-2024#primaryimage\"},\"thumbnailUrl\":\"https:\\\/\\\/i0.wp.com\\\/atividademapa.com\\\/wp-content\\\/uploads\\\/2023\\\/03\\\/Atividade-M.A.P.A-3.png?fit=300%2C300&ssl=1\",\"datePublished\":\"2024-07-24T03:15:36+00:00\",\"dateModified\":\"2024-09-12T16:20:23+00:00\",\"description\":\"Atividade Mapa - Qu\u00edmica Medicinal - 53\\\/2024 &#8902; Unicesumar. Baixe agora mesmo um Mapa Pronto resolvido!\",\"breadcrumb\":{\"@id\":\"https:\\\/\\\/atividademapa.com\\\/?product=mapa-quimica-medicinal-53-2024#breadcrumb\"},\"inLanguage\":\"pt-BR\",\"potentialAction\":[{\"@type\":\"ReadAction\",\"target\":[\"https:\\\/\\\/atividademapa.com\\\/?product=mapa-quimica-medicinal-53-2024\"]}]},{\"@type\":\"ImageObject\",\"inLanguage\":\"pt-BR\",\"@id\":\"https:\\\/\\\/atividademapa.com\\\/?product=mapa-quimica-medicinal-53-2024#primaryimage\",\"url\":\"https:\\\/\\\/i0.wp.com\\\/atividademapa.com\\\/wp-content\\\/uploads\\\/2023\\\/03\\\/Atividade-M.A.P.A-3.png?fit=300%2C300&ssl=1\",\"contentUrl\":\"https:\\\/\\\/i0.wp.com\\\/atividademapa.com\\\/wp-content\\\/uploads\\\/2023\\\/03\\\/Atividade-M.A.P.A-3.png?fit=300%2C300&ssl=1\",\"width\":300,\"height\":300,\"caption\":\"Mapa Unicesumar Atividade\"},{\"@type\":\"BreadcrumbList\",\"@id\":\"https:\\\/\\\/atividademapa.com\\\/?product=mapa-quimica-medicinal-53-2024#breadcrumb\",\"itemListElement\":[{\"@type\":\"ListItem\",\"position\":1,\"name\":\"In\u00edcio\",\"item\":\"https:\\\/\\\/atividademapa.com\\\/\"},{\"@type\":\"ListItem\",\"position\":2,\"name\":\"MAPAS\",\"item\":\"https:\\\/\\\/atividademapa.com\\\/?page_id=5\"},{\"@type\":\"ListItem\",\"position\":3,\"name\":\"Mapa &#8211; Qu\u00edmica Medicinal &#8211; 53\\\/2024\"}]},{\"@type\":\"WebSite\",\"@id\":\"https:\\\/\\\/atividademapa.com\\\/#website\",\"url\":\"https:\\\/\\\/atividademapa.com\\\/\",\"name\":\"Atividade Mapa\",\"description\":\"StudeO | Unicesumar\",\"publisher\":{\"@id\":\"https:\\\/\\\/atividademapa.com\\\/#organization\"},\"potentialAction\":[{\"@type\":\"SearchAction\",\"target\":{\"@type\":\"EntryPoint\",\"urlTemplate\":\"https:\\\/\\\/atividademapa.com\\\/?s={search_term_string}\"},\"query-input\":{\"@type\":\"PropertyValueSpecification\",\"valueRequired\":true,\"valueName\":\"search_term_string\"}}],\"inLanguage\":\"pt-BR\"},{\"@type\":\"Organization\",\"@id\":\"https:\\\/\\\/atividademapa.com\\\/#organization\",\"name\":\"Atividade MAPA\",\"url\":\"https:\\\/\\\/atividademapa.com\\\/\",\"logo\":{\"@type\":\"ImageObject\",\"inLanguage\":\"pt-BR\",\"@id\":\"https:\\\/\\\/atividademapa.com\\\/#\\\/schema\\\/logo\\\/image\\\/\",\"url\":\"https:\\\/\\\/i0.wp.com\\\/atividademapa.com\\\/wp-content\\\/uploads\\\/2023\\\/02\\\/ATIVIDADE.png?fit=600%2C300&ssl=1\",\"contentUrl\":\"https:\\\/\\\/i0.wp.com\\\/atividademapa.com\\\/wp-content\\\/uploads\\\/2023\\\/02\\\/ATIVIDADE.png?fit=600%2C300&ssl=1\",\"width\":600,\"height\":300,\"caption\":\"Atividade MAPA\"},\"image\":{\"@id\":\"https:\\\/\\\/atividademapa.com\\\/#\\\/schema\\\/logo\\\/image\\\/\"}}]}<\/script>\n<!-- \/ Yoast SEO plugin. -->","yoast_head_json":{"title":"Mapa - Qu\u00edmica Medicinal - 53\/2024","description":"Atividade Mapa - Qu\u00edmica Medicinal - 53\/2024 &#8902; Unicesumar. Baixe agora mesmo um Mapa Pronto resolvido!","robots":{"index":"index","follow":"follow","max-snippet":"max-snippet:-1","max-image-preview":"max-image-preview:large","max-video-preview":"max-video-preview:-1"},"canonical":"https:\/\/atividademapa.com\/?product=mapa-quimica-medicinal-53-2024","og_locale":"pt_BR","og_type":"article","og_title":"Mapa - Qu\u00edmica Medicinal - 53\/2024","og_description":"Atividade Mapa - Qu\u00edmica Medicinal - 53\/2024 &#8902; Unicesumar. Baixe agora mesmo um Mapa Pronto resolvido!","og_url":"https:\/\/atividademapa.com\/?product=mapa-quimica-medicinal-53-2024","og_site_name":"Atividade Mapa","article_modified_time":"2024-09-12T16:20:23+00:00","og_image":[{"width":300,"height":300,"url":"https:\/\/i0.wp.com\/atividademapa.com\/wp-content\/uploads\/2023\/03\/Atividade-M.A.P.A-3.png?fit=300%2C300&ssl=1","type":"image\/png"}],"twitter_card":"summary_large_image","twitter_misc":{"Est. tempo de leitura":"2 minutos"},"schema":{"@context":"https:\/\/schema.org","@graph":[{"@type":"WebPage","@id":"https:\/\/atividademapa.com\/?product=mapa-quimica-medicinal-53-2024","url":"https:\/\/atividademapa.com\/?product=mapa-quimica-medicinal-53-2024","name":"Mapa - Qu\u00edmica Medicinal - 53\/2024","isPartOf":{"@id":"https:\/\/atividademapa.com\/#website"},"primaryImageOfPage":{"@id":"https:\/\/atividademapa.com\/?product=mapa-quimica-medicinal-53-2024#primaryimage"},"image":{"@id":"https:\/\/atividademapa.com\/?product=mapa-quimica-medicinal-53-2024#primaryimage"},"thumbnailUrl":"https:\/\/i0.wp.com\/atividademapa.com\/wp-content\/uploads\/2023\/03\/Atividade-M.A.P.A-3.png?fit=300%2C300&ssl=1","datePublished":"2024-07-24T03:15:36+00:00","dateModified":"2024-09-12T16:20:23+00:00","description":"Atividade Mapa - Qu\u00edmica Medicinal - 53\/2024 &#8902; Unicesumar. Baixe agora mesmo um Mapa Pronto resolvido!","breadcrumb":{"@id":"https:\/\/atividademapa.com\/?product=mapa-quimica-medicinal-53-2024#breadcrumb"},"inLanguage":"pt-BR","potentialAction":[{"@type":"ReadAction","target":["https:\/\/atividademapa.com\/?product=mapa-quimica-medicinal-53-2024"]}]},{"@type":"ImageObject","inLanguage":"pt-BR","@id":"https:\/\/atividademapa.com\/?product=mapa-quimica-medicinal-53-2024#primaryimage","url":"https:\/\/i0.wp.com\/atividademapa.com\/wp-content\/uploads\/2023\/03\/Atividade-M.A.P.A-3.png?fit=300%2C300&ssl=1","contentUrl":"https:\/\/i0.wp.com\/atividademapa.com\/wp-content\/uploads\/2023\/03\/Atividade-M.A.P.A-3.png?fit=300%2C300&ssl=1","width":300,"height":300,"caption":"Mapa Unicesumar Atividade"},{"@type":"BreadcrumbList","@id":"https:\/\/atividademapa.com\/?product=mapa-quimica-medicinal-53-2024#breadcrumb","itemListElement":[{"@type":"ListItem","position":1,"name":"In\u00edcio","item":"https:\/\/atividademapa.com\/"},{"@type":"ListItem","position":2,"name":"MAPAS","item":"https:\/\/atividademapa.com\/?page_id=5"},{"@type":"ListItem","position":3,"name":"Mapa &#8211; Qu\u00edmica Medicinal &#8211; 53\/2024"}]},{"@type":"WebSite","@id":"https:\/\/atividademapa.com\/#website","url":"https:\/\/atividademapa.com\/","name":"Atividade Mapa","description":"StudeO | Unicesumar","publisher":{"@id":"https:\/\/atividademapa.com\/#organization"},"potentialAction":[{"@type":"SearchAction","target":{"@type":"EntryPoint","urlTemplate":"https:\/\/atividademapa.com\/?s={search_term_string}"},"query-input":{"@type":"PropertyValueSpecification","valueRequired":true,"valueName":"search_term_string"}}],"inLanguage":"pt-BR"},{"@type":"Organization","@id":"https:\/\/atividademapa.com\/#organization","name":"Atividade MAPA","url":"https:\/\/atividademapa.com\/","logo":{"@type":"ImageObject","inLanguage":"pt-BR","@id":"https:\/\/atividademapa.com\/#\/schema\/logo\/image\/","url":"https:\/\/i0.wp.com\/atividademapa.com\/wp-content\/uploads\/2023\/02\/ATIVIDADE.png?fit=600%2C300&ssl=1","contentUrl":"https:\/\/i0.wp.com\/atividademapa.com\/wp-content\/uploads\/2023\/02\/ATIVIDADE.png?fit=600%2C300&ssl=1","width":600,"height":300,"caption":"Atividade MAPA"},"image":{"@id":"https:\/\/atividademapa.com\/#\/schema\/logo\/image\/"}}]}},"_links":{"self":[{"href":"https:\/\/atividademapa.com\/index.php?rest_route=\/wp\/v2\/product\/4471","targetHints":{"allow":["GET"]}}],"collection":[{"href":"https:\/\/atividademapa.com\/index.php?rest_route=\/wp\/v2\/product"}],"about":[{"href":"https:\/\/atividademapa.com\/index.php?rest_route=\/wp\/v2\/types\/product"}],"version-history":[{"count":3,"href":"https:\/\/atividademapa.com\/index.php?rest_route=\/wp\/v2\/product\/4471\/revisions"}],"predecessor-version":[{"id":4474,"href":"https:\/\/atividademapa.com\/index.php?rest_route=\/wp\/v2\/product\/4471\/revisions\/4474"}],"wp:featuredmedia":[{"embeddable":true,"href":"https:\/\/atividademapa.com\/index.php?rest_route=\/wp\/v2\/media\/2326"}],"wp:attachment":[{"href":"https:\/\/atividademapa.com\/index.php?rest_route=%2Fwp%2Fv2%2Fmedia&parent=4471"}],"wp:term":[{"taxonomy":"product_brand","embeddable":true,"href":"https:\/\/atividademapa.com\/index.php?rest_route=%2Fwp%2Fv2%2Fproduct_brand&post=4471"},{"taxonomy":"product_cat","embeddable":true,"href":"https:\/\/atividademapa.com\/index.php?rest_route=%2Fwp%2Fv2%2Fproduct_cat&post=4471"},{"taxonomy":"product_tag","embeddable":true,"href":"https:\/\/atividademapa.com\/index.php?rest_route=%2Fwp%2Fv2%2Fproduct_tag&post=4471"}],"curies":[{"name":"wp","href":"https:\/\/api.w.org\/{rel}","templated":true}]}}