{"id":4480,"date":"2024-07-26T08:48:05","date_gmt":"2024-07-26T11:48:05","guid":{"rendered":"https:\/\/atividademapa.com\/?post_type=product&#038;p=4480"},"modified":"2024-07-26T08:48:48","modified_gmt":"2024-07-26T11:48:48","slug":"mapa-direito-empresarial-e-tributario-53-2024","status":"publish","type":"product","link":"https:\/\/atividademapa.com\/?product=mapa-direito-empresarial-e-tributario-53-2024","title":{"rendered":"Mapa &#8211; Direito Empresarial e Tribut\u00e1rio &#8211; 53\/2024"},"content":{"rendered":"<p>Ol\u00e1, acad\u00eamico, chegou a hora de explorar de forma pr\u00e1tica os conte\u00fados aprendidos na disciplina de Direito Empresarial e Tribut\u00e1rio! Para isso, a atividade proposta corresponde ao MAPA (Material de Avalia\u00e7\u00e3o Pr\u00e1tica de Aprendizagem).<\/p>\n<p>Voc\u00ea sabia que a legisla\u00e7\u00e3o tribut\u00e1ria tamb\u00e9m pode ser usada para influenciar nas condi\u00e7\u00f5es sociais de determinadas regi\u00f5es? Pois \u00e9: al\u00e9m de estimular ou desestimular seguimentos, os legisladores tamb\u00e9m podem us\u00e1-las para auxiliar em situa\u00e7\u00f5es at\u00edpicas que impactaram nos cidad\u00e3os, e tanto de pessoas f\u00edsicas quanto jur\u00eddicas.<\/p>\n<p>Nesse ano de 2024, ocorreram situa\u00e7\u00f5es fortuitas que independiam de qualquer governante e ficaram fora de controle de qualquer autoridade, e impactou catastroficamente num Estado brasileiro: as enchentes no Rio Grande do Sul.<\/p>\n<p>Afetada n\u00e3o apenas na sua produ\u00e7\u00e3o de alimentos, mas tamb\u00e9m sofrido com a destrui\u00e7\u00e3o de pr\u00e9dios industriais, comerciais e resid\u00eancias, toda a popula\u00e7\u00e3o da \u00e1rea atingida foi sensibilizada pelo acontecimento, e, da parte pr\u00e1tica da cont\u00e1bil, todas as unidades da federa\u00e7\u00e3o sentiram dificuldades em consultar, emitir ou corrigir documentos fiscais (CTEs, NFEs ou CCEs) no per\u00edodo de enchentes, dado o desligamento do datacenter ga\u00facho (leia a noticia na integra em: https:\/\/estado.rs.gov.br\/procergs-restabelece-data-center-e-sistemas-informatizados-do-estado-voltam-a-operar-na-segunda-27)<\/p>\n<p>J\u00e1 pensou em quanto um acontecimento natural pode mudar a atividade econ\u00f4mica das \u00e1reas atingidas? Pois bem, a Secretaria do Estado e da Fazenda do Rio Grande do Sul publicou no dia 14 de junho o 4\u00b0 boletim econ\u00f4mico tribut\u00e1rio da Receita Estadual onde divulga os impactos das enchentes em rela\u00e7\u00e3o \u00e0s movimenta\u00e7\u00f5es relacionadas ao ICMS. Entre os dados apresentados, destaca-se a queda de vendas de diversos setores comparadas aos mesmos per\u00edodos do ano anterior. Os convido a ler a mat\u00e9ria na integra, dispon\u00edvel em:<br \/>\nhttps:\/\/www.fazenda.rs.gov.br\/conteudo\/19778\/com-base-nas-notas-eletronicas%2C-boletim-da-receita-estadual-destaca-variacao-no-preco-medio-de-alimentos-antes-e-depois-das-enchentes<\/p>\n<p>Diante da dimens\u00e3o da cat\u00e1strofe, o Direito n\u00e3o ficou fora de a\u00e7\u00e3o. Movimenta\u00e7\u00f5es ocorreram em prol de favorecer tributariamente doa\u00e7\u00f5es destinadas ao RS e fomentar incentivos fiscais \u00e0 regi\u00e3o. Motivadas pelas enchentes, houve a necessidade de adequar as condi\u00e7\u00f5es tribut\u00e1rias do RS e, nesse sentido, no dia 07\/05\/2024 o CONFAZ publicou o Conv\u00eanio ICMS 54 de 2024 (dispon\u00edvel em: https:\/\/www.confaz.fazenda.gov.br\/legislacao\/convenios\/2024\/CV054_24), autorizando esta unidade da federa\u00e7\u00e3o a conceder benef\u00edcios fiscais. Logo na sequ\u00eancia, o RS publicou em 14\/05\/2024, o Decreto 57.618 (dispon\u00edvel em: https:\/\/www.diariooficial.rs.gov.br\/materia?id=999663), implementando altera\u00e7\u00f5es ao seu Regulamento do ICMS.<\/p>\n<p>AVALIA\u00c7\u00c3O<br \/>\nAnalise as normativas apresentadas (Conv\u00eanio ICMS 54 de 2024 e Decreto 57.618\/2024) e responda:<br \/>\n1) Os benef\u00edcios tratados nas legisla\u00e7\u00f5es mencionadas est\u00e3o relacionados \u00e0 que tributo? Qual a compet\u00eancia do tributo em quest\u00e3o?<br \/>\n2) O Conv\u00eanio ICMS 54 de 2024 tem car\u00e1ter impositivo ou permissivo?<br \/>\n3) Caso o Rio Grande do Sul n\u00e3o publicasse o Decreto 57.618, o benef\u00edcio seria v\u00e1lido? Justifique sua resposta utilizando trechos da pr\u00f3pria legisla\u00e7\u00e3o.<br \/>\n4) Considerando as disposi\u00e7\u00f5es do Decreto 57.618, caso uma empresa esteja comprando mercadoria para revenda em opera\u00e7\u00e3o interestadual, far\u00e1 uso de seu benef\u00edcio fiscal? Justifique sua resposta e associe com a fun\u00e7\u00e3o social fomentada por essa normativa.<\/p>\n","protected":false},"excerpt":{"rendered":"<p>Ol\u00e1, acad\u00eamico, chegou a hora de explorar de forma pr\u00e1tica os conte\u00fados aprendidos na disciplina de Direito Empresarial e Tribut\u00e1rio!<\/p>\n","protected":false},"featured_media":2326,"template":"","meta":{"_monsterinsights_skip_tracking":false,"_monsterinsights_sitenote_active":false,"_monsterinsights_sitenote_note":"","_monsterinsights_sitenote_category":0},"product_brand":[],"product_cat":[46],"product_tag":[],"class_list":{"0":"post-4480","1":"product","2":"type-product","3":"status-publish","4":"has-post-thumbnail","6":"product_cat-ciencias-contabeis","8":"first","9":"instock","10":"downloadable","11":"virtual","12":"purchasable","13":"product-type-simple"},"yoast_head":"<!-- This site is optimized with the Yoast SEO plugin v27.4 - https:\/\/yoast.com\/product\/yoast-seo-wordpress\/ -->\n<title>Mapa - Direito Empresarial e Tribut\u00e1rio - 53\/2024<\/title>\n<meta name=\"description\" content=\"Atividade Mapa - Direito Empresarial e Tribut\u00e1rio - 53\/2024 &#8902; Unicesumar. Baixe agora mesmo um Mapa Pronto resolvido!\" \/>\n<meta name=\"robots\" content=\"index, follow, max-snippet:-1, max-image-preview:large, max-video-preview:-1\" \/>\n<link rel=\"canonical\" href=\"https:\/\/atividademapa.com\/?product=mapa-direito-empresarial-e-tributario-53-2024\" \/>\n<meta property=\"og:locale\" content=\"pt_BR\" \/>\n<meta property=\"og:type\" content=\"article\" \/>\n<meta property=\"og:title\" content=\"Mapa - Direito Empresarial e Tribut\u00e1rio - 53\/2024\" \/>\n<meta property=\"og:description\" content=\"Atividade Mapa - Direito Empresarial e Tribut\u00e1rio - 53\/2024 &#8902; Unicesumar. Baixe agora mesmo um Mapa Pronto resolvido!\" \/>\n<meta property=\"og:url\" content=\"https:\/\/atividademapa.com\/?product=mapa-direito-empresarial-e-tributario-53-2024\" \/>\n<meta property=\"og:site_name\" content=\"Atividade Mapa\" \/>\n<meta property=\"article:modified_time\" content=\"2024-07-26T11:48:48+00:00\" \/>\n<meta property=\"og:image\" content=\"https:\/\/i0.wp.com\/atividademapa.com\/wp-content\/uploads\/2023\/03\/Atividade-M.A.P.A-3.png?fit=300%2C300&ssl=1\" \/>\n\t<meta property=\"og:image:width\" content=\"300\" \/>\n\t<meta property=\"og:image:height\" content=\"300\" \/>\n\t<meta property=\"og:image:type\" content=\"image\/png\" \/>\n<meta name=\"twitter:card\" content=\"summary_large_image\" \/>\n<meta name=\"twitter:label1\" content=\"Est. tempo de leitura\" \/>\n\t<meta name=\"twitter:data1\" content=\"3 minutos\" \/>\n<script type=\"application\/ld+json\" class=\"yoast-schema-graph\">{\"@context\":\"https:\\\/\\\/schema.org\",\"@graph\":[{\"@type\":\"WebPage\",\"@id\":\"https:\\\/\\\/atividademapa.com\\\/?product=mapa-direito-empresarial-e-tributario-53-2024\",\"url\":\"https:\\\/\\\/atividademapa.com\\\/?product=mapa-direito-empresarial-e-tributario-53-2024\",\"name\":\"Mapa - Direito Empresarial e Tribut\u00e1rio - 53\\\/2024\",\"isPartOf\":{\"@id\":\"https:\\\/\\\/atividademapa.com\\\/#website\"},\"primaryImageOfPage\":{\"@id\":\"https:\\\/\\\/atividademapa.com\\\/?product=mapa-direito-empresarial-e-tributario-53-2024#primaryimage\"},\"image\":{\"@id\":\"https:\\\/\\\/atividademapa.com\\\/?product=mapa-direito-empresarial-e-tributario-53-2024#primaryimage\"},\"thumbnailUrl\":\"https:\\\/\\\/i0.wp.com\\\/atividademapa.com\\\/wp-content\\\/uploads\\\/2023\\\/03\\\/Atividade-M.A.P.A-3.png?fit=300%2C300&ssl=1\",\"datePublished\":\"2024-07-26T11:48:05+00:00\",\"dateModified\":\"2024-07-26T11:48:48+00:00\",\"description\":\"Atividade Mapa - Direito Empresarial e Tribut\u00e1rio - 53\\\/2024 &#8902; Unicesumar. Baixe agora mesmo um Mapa Pronto resolvido!\",\"breadcrumb\":{\"@id\":\"https:\\\/\\\/atividademapa.com\\\/?product=mapa-direito-empresarial-e-tributario-53-2024#breadcrumb\"},\"inLanguage\":\"pt-BR\",\"potentialAction\":[{\"@type\":\"ReadAction\",\"target\":[\"https:\\\/\\\/atividademapa.com\\\/?product=mapa-direito-empresarial-e-tributario-53-2024\"]}]},{\"@type\":\"ImageObject\",\"inLanguage\":\"pt-BR\",\"@id\":\"https:\\\/\\\/atividademapa.com\\\/?product=mapa-direito-empresarial-e-tributario-53-2024#primaryimage\",\"url\":\"https:\\\/\\\/i0.wp.com\\\/atividademapa.com\\\/wp-content\\\/uploads\\\/2023\\\/03\\\/Atividade-M.A.P.A-3.png?fit=300%2C300&ssl=1\",\"contentUrl\":\"https:\\\/\\\/i0.wp.com\\\/atividademapa.com\\\/wp-content\\\/uploads\\\/2023\\\/03\\\/Atividade-M.A.P.A-3.png?fit=300%2C300&ssl=1\",\"width\":300,\"height\":300,\"caption\":\"Mapa Unicesumar Atividade\"},{\"@type\":\"BreadcrumbList\",\"@id\":\"https:\\\/\\\/atividademapa.com\\\/?product=mapa-direito-empresarial-e-tributario-53-2024#breadcrumb\",\"itemListElement\":[{\"@type\":\"ListItem\",\"position\":1,\"name\":\"In\u00edcio\",\"item\":\"https:\\\/\\\/atividademapa.com\\\/\"},{\"@type\":\"ListItem\",\"position\":2,\"name\":\"MAPAS\",\"item\":\"https:\\\/\\\/atividademapa.com\\\/?page_id=5\"},{\"@type\":\"ListItem\",\"position\":3,\"name\":\"Mapa &#8211; Direito Empresarial e Tribut\u00e1rio &#8211; 53\\\/2024\"}]},{\"@type\":\"WebSite\",\"@id\":\"https:\\\/\\\/atividademapa.com\\\/#website\",\"url\":\"https:\\\/\\\/atividademapa.com\\\/\",\"name\":\"Atividade Mapa\",\"description\":\"StudeO | Unicesumar\",\"publisher\":{\"@id\":\"https:\\\/\\\/atividademapa.com\\\/#organization\"},\"potentialAction\":[{\"@type\":\"SearchAction\",\"target\":{\"@type\":\"EntryPoint\",\"urlTemplate\":\"https:\\\/\\\/atividademapa.com\\\/?s={search_term_string}\"},\"query-input\":{\"@type\":\"PropertyValueSpecification\",\"valueRequired\":true,\"valueName\":\"search_term_string\"}}],\"inLanguage\":\"pt-BR\"},{\"@type\":\"Organization\",\"@id\":\"https:\\\/\\\/atividademapa.com\\\/#organization\",\"name\":\"Atividade MAPA\",\"url\":\"https:\\\/\\\/atividademapa.com\\\/\",\"logo\":{\"@type\":\"ImageObject\",\"inLanguage\":\"pt-BR\",\"@id\":\"https:\\\/\\\/atividademapa.com\\\/#\\\/schema\\\/logo\\\/image\\\/\",\"url\":\"https:\\\/\\\/i0.wp.com\\\/atividademapa.com\\\/wp-content\\\/uploads\\\/2023\\\/02\\\/ATIVIDADE.png?fit=600%2C300&ssl=1\",\"contentUrl\":\"https:\\\/\\\/i0.wp.com\\\/atividademapa.com\\\/wp-content\\\/uploads\\\/2023\\\/02\\\/ATIVIDADE.png?fit=600%2C300&ssl=1\",\"width\":600,\"height\":300,\"caption\":\"Atividade MAPA\"},\"image\":{\"@id\":\"https:\\\/\\\/atividademapa.com\\\/#\\\/schema\\\/logo\\\/image\\\/\"}}]}<\/script>\n<!-- \/ Yoast SEO plugin. -->","yoast_head_json":{"title":"Mapa - Direito Empresarial e Tribut\u00e1rio - 53\/2024","description":"Atividade Mapa - Direito Empresarial e Tribut\u00e1rio - 53\/2024 &#8902; Unicesumar. Baixe agora mesmo um Mapa Pronto resolvido!","robots":{"index":"index","follow":"follow","max-snippet":"max-snippet:-1","max-image-preview":"max-image-preview:large","max-video-preview":"max-video-preview:-1"},"canonical":"https:\/\/atividademapa.com\/?product=mapa-direito-empresarial-e-tributario-53-2024","og_locale":"pt_BR","og_type":"article","og_title":"Mapa - Direito Empresarial e Tribut\u00e1rio - 53\/2024","og_description":"Atividade Mapa - Direito Empresarial e Tribut\u00e1rio - 53\/2024 &#8902; Unicesumar. Baixe agora mesmo um Mapa Pronto resolvido!","og_url":"https:\/\/atividademapa.com\/?product=mapa-direito-empresarial-e-tributario-53-2024","og_site_name":"Atividade Mapa","article_modified_time":"2024-07-26T11:48:48+00:00","og_image":[{"width":300,"height":300,"url":"https:\/\/i0.wp.com\/atividademapa.com\/wp-content\/uploads\/2023\/03\/Atividade-M.A.P.A-3.png?fit=300%2C300&ssl=1","type":"image\/png"}],"twitter_card":"summary_large_image","twitter_misc":{"Est. tempo de leitura":"3 minutos"},"schema":{"@context":"https:\/\/schema.org","@graph":[{"@type":"WebPage","@id":"https:\/\/atividademapa.com\/?product=mapa-direito-empresarial-e-tributario-53-2024","url":"https:\/\/atividademapa.com\/?product=mapa-direito-empresarial-e-tributario-53-2024","name":"Mapa - Direito Empresarial e Tribut\u00e1rio - 53\/2024","isPartOf":{"@id":"https:\/\/atividademapa.com\/#website"},"primaryImageOfPage":{"@id":"https:\/\/atividademapa.com\/?product=mapa-direito-empresarial-e-tributario-53-2024#primaryimage"},"image":{"@id":"https:\/\/atividademapa.com\/?product=mapa-direito-empresarial-e-tributario-53-2024#primaryimage"},"thumbnailUrl":"https:\/\/i0.wp.com\/atividademapa.com\/wp-content\/uploads\/2023\/03\/Atividade-M.A.P.A-3.png?fit=300%2C300&ssl=1","datePublished":"2024-07-26T11:48:05+00:00","dateModified":"2024-07-26T11:48:48+00:00","description":"Atividade Mapa - Direito Empresarial e Tribut\u00e1rio - 53\/2024 &#8902; Unicesumar. Baixe agora mesmo um Mapa Pronto resolvido!","breadcrumb":{"@id":"https:\/\/atividademapa.com\/?product=mapa-direito-empresarial-e-tributario-53-2024#breadcrumb"},"inLanguage":"pt-BR","potentialAction":[{"@type":"ReadAction","target":["https:\/\/atividademapa.com\/?product=mapa-direito-empresarial-e-tributario-53-2024"]}]},{"@type":"ImageObject","inLanguage":"pt-BR","@id":"https:\/\/atividademapa.com\/?product=mapa-direito-empresarial-e-tributario-53-2024#primaryimage","url":"https:\/\/i0.wp.com\/atividademapa.com\/wp-content\/uploads\/2023\/03\/Atividade-M.A.P.A-3.png?fit=300%2C300&ssl=1","contentUrl":"https:\/\/i0.wp.com\/atividademapa.com\/wp-content\/uploads\/2023\/03\/Atividade-M.A.P.A-3.png?fit=300%2C300&ssl=1","width":300,"height":300,"caption":"Mapa Unicesumar Atividade"},{"@type":"BreadcrumbList","@id":"https:\/\/atividademapa.com\/?product=mapa-direito-empresarial-e-tributario-53-2024#breadcrumb","itemListElement":[{"@type":"ListItem","position":1,"name":"In\u00edcio","item":"https:\/\/atividademapa.com\/"},{"@type":"ListItem","position":2,"name":"MAPAS","item":"https:\/\/atividademapa.com\/?page_id=5"},{"@type":"ListItem","position":3,"name":"Mapa &#8211; Direito Empresarial e Tribut\u00e1rio &#8211; 53\/2024"}]},{"@type":"WebSite","@id":"https:\/\/atividademapa.com\/#website","url":"https:\/\/atividademapa.com\/","name":"Atividade Mapa","description":"StudeO | Unicesumar","publisher":{"@id":"https:\/\/atividademapa.com\/#organization"},"potentialAction":[{"@type":"SearchAction","target":{"@type":"EntryPoint","urlTemplate":"https:\/\/atividademapa.com\/?s={search_term_string}"},"query-input":{"@type":"PropertyValueSpecification","valueRequired":true,"valueName":"search_term_string"}}],"inLanguage":"pt-BR"},{"@type":"Organization","@id":"https:\/\/atividademapa.com\/#organization","name":"Atividade MAPA","url":"https:\/\/atividademapa.com\/","logo":{"@type":"ImageObject","inLanguage":"pt-BR","@id":"https:\/\/atividademapa.com\/#\/schema\/logo\/image\/","url":"https:\/\/i0.wp.com\/atividademapa.com\/wp-content\/uploads\/2023\/02\/ATIVIDADE.png?fit=600%2C300&ssl=1","contentUrl":"https:\/\/i0.wp.com\/atividademapa.com\/wp-content\/uploads\/2023\/02\/ATIVIDADE.png?fit=600%2C300&ssl=1","width":600,"height":300,"caption":"Atividade MAPA"},"image":{"@id":"https:\/\/atividademapa.com\/#\/schema\/logo\/image\/"}}]}},"_links":{"self":[{"href":"https:\/\/atividademapa.com\/index.php?rest_route=\/wp\/v2\/product\/4480","targetHints":{"allow":["GET"]}}],"collection":[{"href":"https:\/\/atividademapa.com\/index.php?rest_route=\/wp\/v2\/product"}],"about":[{"href":"https:\/\/atividademapa.com\/index.php?rest_route=\/wp\/v2\/types\/product"}],"version-history":[{"count":2,"href":"https:\/\/atividademapa.com\/index.php?rest_route=\/wp\/v2\/product\/4480\/revisions"}],"predecessor-version":[{"id":4483,"href":"https:\/\/atividademapa.com\/index.php?rest_route=\/wp\/v2\/product\/4480\/revisions\/4483"}],"wp:featuredmedia":[{"embeddable":true,"href":"https:\/\/atividademapa.com\/index.php?rest_route=\/wp\/v2\/media\/2326"}],"wp:attachment":[{"href":"https:\/\/atividademapa.com\/index.php?rest_route=%2Fwp%2Fv2%2Fmedia&parent=4480"}],"wp:term":[{"taxonomy":"product_brand","embeddable":true,"href":"https:\/\/atividademapa.com\/index.php?rest_route=%2Fwp%2Fv2%2Fproduct_brand&post=4480"},{"taxonomy":"product_cat","embeddable":true,"href":"https:\/\/atividademapa.com\/index.php?rest_route=%2Fwp%2Fv2%2Fproduct_cat&post=4480"},{"taxonomy":"product_tag","embeddable":true,"href":"https:\/\/atividademapa.com\/index.php?rest_route=%2Fwp%2Fv2%2Fproduct_tag&post=4480"}],"curies":[{"name":"wp","href":"https:\/\/api.w.org\/{rel}","templated":true}]}}