{"id":4489,"date":"2024-07-27T11:16:13","date_gmt":"2024-07-27T14:16:13","guid":{"rendered":"https:\/\/atividademapa.com\/?post_type=product&#038;p=4489"},"modified":"2024-07-27T11:16:15","modified_gmt":"2024-07-27T14:16:15","slug":"atividade-1-geometria-analitica-e-algebra-linear-53-2024","status":"publish","type":"product","link":"https:\/\/atividademapa.com\/?product=atividade-1-geometria-analitica-e-algebra-linear-53-2024","title":{"rendered":"Atividade 1 &#8211; Geometria Anal\u00edtica e \u00c1lgebra Linear 53\/2024"},"content":{"rendered":"<p>1\u00aa QUEST\u00c3O<br \/>\nImagine que voc\u00ea \u00e9 trainee em uma empresa que trabalha com a distribui\u00e7\u00e3o de pe\u00e7as mec\u00e2nicas. Em uma<br \/>\ndas reuni\u00f5es de rotina, a ger\u00eancia apresentou um novo projeto, que corresponde \u00e0 instala\u00e7\u00e3o de novas<br \/>\ncorreias transportadoras em um de seus galp\u00f5es.<br \/>\nVoc\u00ea foi envolvido no projeto para auxiliar nas estimativas iniciais. Considerando que todas as correias n\u00e3o<br \/>\npossuem eleva\u00e7\u00e3o, que a Correia I inicia na posi\u00e7\u00e3o (15,20) e acaba em (30,12), e que a Correia II come\u00e7a<br \/>\nem (30,12) e acaba em (8,32):<br \/>\na) Qual o tamanho da Correia I?<br \/>\nb) Qual o tamanho da Correia II?<br \/>\nc) Se fosse necess\u00e1ria uma terceira correia (Correia III), ligando o final da Correia II ao in\u00edcio da Correia I,<br \/>\nqual tamanho ela teria?<br \/>\nObserva\u00e7\u00e3o: as correias devem ter o dobro do tamanho da dist\u00e2ncia entre o seu in\u00edcio e o seu fim. O<br \/>\nponto (0,0) corresponde \u00e0 entrada principal do galp\u00e3o.<br \/>\nd) Qual a equa\u00e7\u00e3o das retas representativas de cada correia?<\/p>\n<p>&nbsp;<\/p>\n","protected":false},"excerpt":{"rendered":"<p>1\u00aa QUEST\u00c3O Imagine que voc\u00ea \u00e9 trainee em uma empresa que trabalha com a distribui\u00e7\u00e3o de pe\u00e7as mec\u00e2nicas. Em uma<\/p>\n","protected":false},"featured_media":2326,"template":"","meta":{"_monsterinsights_skip_tracking":false,"_monsterinsights_sitenote_active":false,"_monsterinsights_sitenote_note":"","_monsterinsights_sitenote_category":0},"product_brand":[],"product_cat":[86,45],"product_tag":[],"class_list":{"0":"post-4489","1":"product","2":"type-product","3":"status-publish","4":"has-post-thumbnail","6":"product_cat-engenharia-mecanica","7":"product_cat-engenharias","9":"first","10":"instock","11":"downloadable","12":"virtual","13":"purchasable","14":"product-type-simple"},"yoast_head":"<!-- This site is optimized with the Yoast SEO plugin v27.4 - https:\/\/yoast.com\/product\/yoast-seo-wordpress\/ -->\n<title>Atividade 1 - Geometria Anal\u00edtica e \u00c1lgebra Linear 53\/2024<\/title>\n<meta name=\"description\" content=\"Atividade Atividade 1 - Geometria Anal\u00edtica e \u00c1lgebra Linear 53\/2024 &#8902; Unicesumar. Baixe agora mesmo um Mapa Pronto resolvido!\" \/>\n<meta name=\"robots\" content=\"index, follow, max-snippet:-1, max-image-preview:large, max-video-preview:-1\" \/>\n<link rel=\"canonical\" href=\"https:\/\/atividademapa.com\/?product=atividade-1-geometria-analitica-e-algebra-linear-53-2024\" \/>\n<meta property=\"og:locale\" content=\"pt_BR\" \/>\n<meta property=\"og:type\" content=\"article\" \/>\n<meta property=\"og:title\" content=\"Atividade 1 - Geometria Anal\u00edtica e \u00c1lgebra Linear 53\/2024\" \/>\n<meta property=\"og:description\" content=\"Atividade Atividade 1 - Geometria Anal\u00edtica e \u00c1lgebra Linear 53\/2024 &#8902; Unicesumar. Baixe agora mesmo um Mapa Pronto resolvido!\" \/>\n<meta property=\"og:url\" content=\"https:\/\/atividademapa.com\/?product=atividade-1-geometria-analitica-e-algebra-linear-53-2024\" \/>\n<meta property=\"og:site_name\" content=\"Atividade Mapa\" \/>\n<meta property=\"article:modified_time\" content=\"2024-07-27T14:16:15+00:00\" \/>\n<meta property=\"og:image\" content=\"https:\/\/i0.wp.com\/atividademapa.com\/wp-content\/uploads\/2023\/03\/Atividade-M.A.P.A-3.png?fit=300%2C300&ssl=1\" \/>\n\t<meta property=\"og:image:width\" content=\"300\" \/>\n\t<meta property=\"og:image:height\" content=\"300\" \/>\n\t<meta property=\"og:image:type\" content=\"image\/png\" \/>\n<meta name=\"twitter:card\" content=\"summary_large_image\" \/>\n<meta name=\"twitter:label1\" content=\"Est. tempo de leitura\" \/>\n\t<meta name=\"twitter:data1\" content=\"1 minuto\" \/>\n<script type=\"application\/ld+json\" class=\"yoast-schema-graph\">{\"@context\":\"https:\\\/\\\/schema.org\",\"@graph\":[{\"@type\":\"WebPage\",\"@id\":\"https:\\\/\\\/atividademapa.com\\\/?product=atividade-1-geometria-analitica-e-algebra-linear-53-2024\",\"url\":\"https:\\\/\\\/atividademapa.com\\\/?product=atividade-1-geometria-analitica-e-algebra-linear-53-2024\",\"name\":\"Atividade 1 - Geometria Anal\u00edtica e \u00c1lgebra Linear 53\\\/2024\",\"isPartOf\":{\"@id\":\"https:\\\/\\\/atividademapa.com\\\/#website\"},\"primaryImageOfPage\":{\"@id\":\"https:\\\/\\\/atividademapa.com\\\/?product=atividade-1-geometria-analitica-e-algebra-linear-53-2024#primaryimage\"},\"image\":{\"@id\":\"https:\\\/\\\/atividademapa.com\\\/?product=atividade-1-geometria-analitica-e-algebra-linear-53-2024#primaryimage\"},\"thumbnailUrl\":\"https:\\\/\\\/i0.wp.com\\\/atividademapa.com\\\/wp-content\\\/uploads\\\/2023\\\/03\\\/Atividade-M.A.P.A-3.png?fit=300%2C300&ssl=1\",\"datePublished\":\"2024-07-27T14:16:13+00:00\",\"dateModified\":\"2024-07-27T14:16:15+00:00\",\"description\":\"Atividade Atividade 1 - Geometria Anal\u00edtica e \u00c1lgebra Linear 53\\\/2024 &#8902; Unicesumar. Baixe agora mesmo um Mapa Pronto resolvido!\",\"breadcrumb\":{\"@id\":\"https:\\\/\\\/atividademapa.com\\\/?product=atividade-1-geometria-analitica-e-algebra-linear-53-2024#breadcrumb\"},\"inLanguage\":\"pt-BR\",\"potentialAction\":[{\"@type\":\"ReadAction\",\"target\":[\"https:\\\/\\\/atividademapa.com\\\/?product=atividade-1-geometria-analitica-e-algebra-linear-53-2024\"]}]},{\"@type\":\"ImageObject\",\"inLanguage\":\"pt-BR\",\"@id\":\"https:\\\/\\\/atividademapa.com\\\/?product=atividade-1-geometria-analitica-e-algebra-linear-53-2024#primaryimage\",\"url\":\"https:\\\/\\\/i0.wp.com\\\/atividademapa.com\\\/wp-content\\\/uploads\\\/2023\\\/03\\\/Atividade-M.A.P.A-3.png?fit=300%2C300&ssl=1\",\"contentUrl\":\"https:\\\/\\\/i0.wp.com\\\/atividademapa.com\\\/wp-content\\\/uploads\\\/2023\\\/03\\\/Atividade-M.A.P.A-3.png?fit=300%2C300&ssl=1\",\"width\":300,\"height\":300,\"caption\":\"Mapa Unicesumar Atividade\"},{\"@type\":\"BreadcrumbList\",\"@id\":\"https:\\\/\\\/atividademapa.com\\\/?product=atividade-1-geometria-analitica-e-algebra-linear-53-2024#breadcrumb\",\"itemListElement\":[{\"@type\":\"ListItem\",\"position\":1,\"name\":\"In\u00edcio\",\"item\":\"https:\\\/\\\/atividademapa.com\\\/\"},{\"@type\":\"ListItem\",\"position\":2,\"name\":\"MAPAS\",\"item\":\"https:\\\/\\\/atividademapa.com\\\/?page_id=5\"},{\"@type\":\"ListItem\",\"position\":3,\"name\":\"Atividade 1 &#8211; Geometria Anal\u00edtica e \u00c1lgebra Linear 53\\\/2024\"}]},{\"@type\":\"WebSite\",\"@id\":\"https:\\\/\\\/atividademapa.com\\\/#website\",\"url\":\"https:\\\/\\\/atividademapa.com\\\/\",\"name\":\"Atividade Mapa\",\"description\":\"StudeO | Unicesumar\",\"publisher\":{\"@id\":\"https:\\\/\\\/atividademapa.com\\\/#organization\"},\"potentialAction\":[{\"@type\":\"SearchAction\",\"target\":{\"@type\":\"EntryPoint\",\"urlTemplate\":\"https:\\\/\\\/atividademapa.com\\\/?s={search_term_string}\"},\"query-input\":{\"@type\":\"PropertyValueSpecification\",\"valueRequired\":true,\"valueName\":\"search_term_string\"}}],\"inLanguage\":\"pt-BR\"},{\"@type\":\"Organization\",\"@id\":\"https:\\\/\\\/atividademapa.com\\\/#organization\",\"name\":\"Atividade MAPA\",\"url\":\"https:\\\/\\\/atividademapa.com\\\/\",\"logo\":{\"@type\":\"ImageObject\",\"inLanguage\":\"pt-BR\",\"@id\":\"https:\\\/\\\/atividademapa.com\\\/#\\\/schema\\\/logo\\\/image\\\/\",\"url\":\"https:\\\/\\\/i0.wp.com\\\/atividademapa.com\\\/wp-content\\\/uploads\\\/2023\\\/02\\\/ATIVIDADE.png?fit=600%2C300&ssl=1\",\"contentUrl\":\"https:\\\/\\\/i0.wp.com\\\/atividademapa.com\\\/wp-content\\\/uploads\\\/2023\\\/02\\\/ATIVIDADE.png?fit=600%2C300&ssl=1\",\"width\":600,\"height\":300,\"caption\":\"Atividade MAPA\"},\"image\":{\"@id\":\"https:\\\/\\\/atividademapa.com\\\/#\\\/schema\\\/logo\\\/image\\\/\"}}]}<\/script>\n<!-- \/ Yoast SEO plugin. -->","yoast_head_json":{"title":"Atividade 1 - Geometria Anal\u00edtica e \u00c1lgebra Linear 53\/2024","description":"Atividade Atividade 1 - Geometria Anal\u00edtica e \u00c1lgebra Linear 53\/2024 &#8902; Unicesumar. Baixe agora mesmo um Mapa Pronto resolvido!","robots":{"index":"index","follow":"follow","max-snippet":"max-snippet:-1","max-image-preview":"max-image-preview:large","max-video-preview":"max-video-preview:-1"},"canonical":"https:\/\/atividademapa.com\/?product=atividade-1-geometria-analitica-e-algebra-linear-53-2024","og_locale":"pt_BR","og_type":"article","og_title":"Atividade 1 - Geometria Anal\u00edtica e \u00c1lgebra Linear 53\/2024","og_description":"Atividade Atividade 1 - Geometria Anal\u00edtica e \u00c1lgebra Linear 53\/2024 &#8902; Unicesumar. Baixe agora mesmo um Mapa Pronto resolvido!","og_url":"https:\/\/atividademapa.com\/?product=atividade-1-geometria-analitica-e-algebra-linear-53-2024","og_site_name":"Atividade Mapa","article_modified_time":"2024-07-27T14:16:15+00:00","og_image":[{"width":300,"height":300,"url":"https:\/\/i0.wp.com\/atividademapa.com\/wp-content\/uploads\/2023\/03\/Atividade-M.A.P.A-3.png?fit=300%2C300&ssl=1","type":"image\/png"}],"twitter_card":"summary_large_image","twitter_misc":{"Est. tempo de leitura":"1 minuto"},"schema":{"@context":"https:\/\/schema.org","@graph":[{"@type":"WebPage","@id":"https:\/\/atividademapa.com\/?product=atividade-1-geometria-analitica-e-algebra-linear-53-2024","url":"https:\/\/atividademapa.com\/?product=atividade-1-geometria-analitica-e-algebra-linear-53-2024","name":"Atividade 1 - Geometria Anal\u00edtica e \u00c1lgebra Linear 53\/2024","isPartOf":{"@id":"https:\/\/atividademapa.com\/#website"},"primaryImageOfPage":{"@id":"https:\/\/atividademapa.com\/?product=atividade-1-geometria-analitica-e-algebra-linear-53-2024#primaryimage"},"image":{"@id":"https:\/\/atividademapa.com\/?product=atividade-1-geometria-analitica-e-algebra-linear-53-2024#primaryimage"},"thumbnailUrl":"https:\/\/i0.wp.com\/atividademapa.com\/wp-content\/uploads\/2023\/03\/Atividade-M.A.P.A-3.png?fit=300%2C300&ssl=1","datePublished":"2024-07-27T14:16:13+00:00","dateModified":"2024-07-27T14:16:15+00:00","description":"Atividade Atividade 1 - Geometria Anal\u00edtica e \u00c1lgebra Linear 53\/2024 &#8902; Unicesumar. Baixe agora mesmo um Mapa Pronto resolvido!","breadcrumb":{"@id":"https:\/\/atividademapa.com\/?product=atividade-1-geometria-analitica-e-algebra-linear-53-2024#breadcrumb"},"inLanguage":"pt-BR","potentialAction":[{"@type":"ReadAction","target":["https:\/\/atividademapa.com\/?product=atividade-1-geometria-analitica-e-algebra-linear-53-2024"]}]},{"@type":"ImageObject","inLanguage":"pt-BR","@id":"https:\/\/atividademapa.com\/?product=atividade-1-geometria-analitica-e-algebra-linear-53-2024#primaryimage","url":"https:\/\/i0.wp.com\/atividademapa.com\/wp-content\/uploads\/2023\/03\/Atividade-M.A.P.A-3.png?fit=300%2C300&ssl=1","contentUrl":"https:\/\/i0.wp.com\/atividademapa.com\/wp-content\/uploads\/2023\/03\/Atividade-M.A.P.A-3.png?fit=300%2C300&ssl=1","width":300,"height":300,"caption":"Mapa Unicesumar Atividade"},{"@type":"BreadcrumbList","@id":"https:\/\/atividademapa.com\/?product=atividade-1-geometria-analitica-e-algebra-linear-53-2024#breadcrumb","itemListElement":[{"@type":"ListItem","position":1,"name":"In\u00edcio","item":"https:\/\/atividademapa.com\/"},{"@type":"ListItem","position":2,"name":"MAPAS","item":"https:\/\/atividademapa.com\/?page_id=5"},{"@type":"ListItem","position":3,"name":"Atividade 1 &#8211; Geometria Anal\u00edtica e \u00c1lgebra Linear 53\/2024"}]},{"@type":"WebSite","@id":"https:\/\/atividademapa.com\/#website","url":"https:\/\/atividademapa.com\/","name":"Atividade Mapa","description":"StudeO | Unicesumar","publisher":{"@id":"https:\/\/atividademapa.com\/#organization"},"potentialAction":[{"@type":"SearchAction","target":{"@type":"EntryPoint","urlTemplate":"https:\/\/atividademapa.com\/?s={search_term_string}"},"query-input":{"@type":"PropertyValueSpecification","valueRequired":true,"valueName":"search_term_string"}}],"inLanguage":"pt-BR"},{"@type":"Organization","@id":"https:\/\/atividademapa.com\/#organization","name":"Atividade MAPA","url":"https:\/\/atividademapa.com\/","logo":{"@type":"ImageObject","inLanguage":"pt-BR","@id":"https:\/\/atividademapa.com\/#\/schema\/logo\/image\/","url":"https:\/\/i0.wp.com\/atividademapa.com\/wp-content\/uploads\/2023\/02\/ATIVIDADE.png?fit=600%2C300&ssl=1","contentUrl":"https:\/\/i0.wp.com\/atividademapa.com\/wp-content\/uploads\/2023\/02\/ATIVIDADE.png?fit=600%2C300&ssl=1","width":600,"height":300,"caption":"Atividade MAPA"},"image":{"@id":"https:\/\/atividademapa.com\/#\/schema\/logo\/image\/"}}]}},"_links":{"self":[{"href":"https:\/\/atividademapa.com\/index.php?rest_route=\/wp\/v2\/product\/4489","targetHints":{"allow":["GET"]}}],"collection":[{"href":"https:\/\/atividademapa.com\/index.php?rest_route=\/wp\/v2\/product"}],"about":[{"href":"https:\/\/atividademapa.com\/index.php?rest_route=\/wp\/v2\/types\/product"}],"version-history":[{"count":1,"href":"https:\/\/atividademapa.com\/index.php?rest_route=\/wp\/v2\/product\/4489\/revisions"}],"predecessor-version":[{"id":4491,"href":"https:\/\/atividademapa.com\/index.php?rest_route=\/wp\/v2\/product\/4489\/revisions\/4491"}],"wp:featuredmedia":[{"embeddable":true,"href":"https:\/\/atividademapa.com\/index.php?rest_route=\/wp\/v2\/media\/2326"}],"wp:attachment":[{"href":"https:\/\/atividademapa.com\/index.php?rest_route=%2Fwp%2Fv2%2Fmedia&parent=4489"}],"wp:term":[{"taxonomy":"product_brand","embeddable":true,"href":"https:\/\/atividademapa.com\/index.php?rest_route=%2Fwp%2Fv2%2Fproduct_brand&post=4489"},{"taxonomy":"product_cat","embeddable":true,"href":"https:\/\/atividademapa.com\/index.php?rest_route=%2Fwp%2Fv2%2Fproduct_cat&post=4489"},{"taxonomy":"product_tag","embeddable":true,"href":"https:\/\/atividademapa.com\/index.php?rest_route=%2Fwp%2Fv2%2Fproduct_tag&post=4489"}],"curies":[{"name":"wp","href":"https:\/\/api.w.org\/{rel}","templated":true}]}}