{"id":4502,"date":"2024-08-04T18:28:44","date_gmt":"2024-08-04T21:28:44","guid":{"rendered":"https:\/\/atividademapa.com\/?post_type=product&#038;p=4502"},"modified":"2024-08-04T22:37:58","modified_gmt":"2024-08-05T01:37:58","slug":"mapa-sistemas-de-informacoes-gerenciais-53-2024","status":"publish","type":"product","link":"https:\/\/atividademapa.com\/?product=mapa-sistemas-de-informacoes-gerenciais-53-2024","title":{"rendered":"MAPA &#8211; Sistemas de Informa\u00e7\u00f5es Gerenciais &#8211; 53\/2024"},"content":{"rendered":"<h2>MAPA &#8211; Sistemas de Informa\u00e7\u00f5es Gerenciais &#8211; 53\/2024<\/h2>\n<p>Um Sistema de Informa\u00e7\u00e3o Gerencial (SIG) \u00e9 uma ferramenta fundamental para as empresas na atualidade, pois ajuda a gerenciar e controlar informa\u00e7\u00f5es importantes sobre as atividades da organiza\u00e7\u00e3o. Esse tipo de sistema fornece informa\u00e7\u00f5es precisas e oportunas para ajudar a tomar decis\u00f5es estrat\u00e9gicas e operacionais.<\/p>\n<p>Fonte: OLIVEIRA, Adriano Aparecido de. Sistemas de Informa\u00e7\u00f5es Gerenciais. Maring\u00e1: Unicesumar, 2022 (adaptado).<\/p>\n<p>Sendo assim, esta atividade tem como objetivo ajudar voc\u00ea estudante a compreender a import\u00e2ncia dos Sistemas de Informa\u00e7\u00f5es Gerenciais (SIG) na tomada de decis\u00f5es empresariais. A atividade envolver\u00e1 a an\u00e1lise de um caso fict\u00edcio de uma organiza\u00e7\u00e3o que precisa implementar um SIG. Para isto, voc\u00ea dever\u00e1 realizar os passos a seguir:<\/p>\n<p>Passo 1<br \/>\n&#8211; Assista \u00e0s aulas conceituais referentes ao conte\u00fado das Unidades 2 e 3 do livro.<br \/>\n&#8211; Leia o conte\u00fado das Unidades 2 e 3 do livro did\u00e1tico.<\/p>\n<p>Passo 2<br \/>\n&#8211; Leitura e an\u00e1lise do Case Fict\u00edcio.<br \/>\n&#8211; Realiza\u00e7\u00e3o e envio da atividade.<\/p>\n<p>CASE FICT\u00cdCIO:<br \/>\nA empresa fict\u00edcia em quest\u00e3o \u00e9 uma rede de lojas de roupas que opera em diferentes cidades do pa\u00eds. A empresa tem crescido bastante nos \u00faltimos anos, mas, com esse crescimento, os processos internos e a gest\u00e3o de dados ficaram mais complexos e dif\u00edceis de gerenciar.<br \/>\nAntes, a empresa usava planilhas para gerenciar as informa\u00e7\u00f5es sobre vendas, estoque, fornecedores, entre outros dados. No entanto, as planilhas n\u00e3o s\u00e3o mais suficientes para lidar com a quantidade de dados que a empresa est\u00e1 gerando atualmente.<br \/>\nPor isso, a empresa decidiu implementar um sistema de informa\u00e7\u00f5es gerenciais (SIG) para ajudar na gest\u00e3o de seus dados e processos internos.<\/p>\n<p>Agora \u00e9 com voc\u00ea!<br \/>\nA partir dos estudos sobre SIG e, com base no Case Fict\u00edcio apresentado anteriormente, fa\u00e7a o que se pede.<\/p>\n<p>1\u00aa Etapa: Analise e apresente ao menos tr\u00eas necessidades da organiza\u00e7\u00e3o em termos de implanta\u00e7\u00e3o do SIG. Para isso, voc\u00ea deve levar em considera\u00e7\u00e3o o setor em que a empresa atua, as opera\u00e7\u00f5es que realiza e os objetivos que deseja alcan\u00e7ar, ou seja, quais s\u00e3o as reais necessidades da empresa. E, a partir de cada necessidade identificada, justifique o porqu\u00ea se faz necess\u00e1ria a implanta\u00e7\u00e3o do SIG.<\/p>\n<p>2\u00aa Etapa: Imagine que voc\u00ea foi designado(a) para apresentar \u00e0 diretoria informa\u00e7\u00f5es relevantes sobre o SIG, de forma a concretizar efetivamente a implanta\u00e7\u00e3o de um sistema gerencial na empresa. Assim, defina o que \u00e9 um SIG e apresente quais os objetivos do sistema de informa\u00e7\u00e3o.<\/p>\n<p>3\u00aa Etapa: Considerando as necessidades apontadas na 1\u00aa etapa, escolha e cite um sistema de informa\u00e7\u00e3o integrado ao SIG que melhor se adeque \u00e0 organiza\u00e7\u00e3o apresentada no Case Fict\u00edcio. Explique o porqu\u00ea escolheu esse sistema e descreva como ele pode ajudar a empresa a alcan\u00e7ar seus objetivos.<\/p>\n<p>4\u00aa Etapa: Apresente o que a empresa espera com a implementa\u00e7\u00e3o do Sistema de Informa\u00e7\u00e3o Gerencial.<\/p>\n<p>Dicas dos professores<br \/>\n1. Assista ao v\u00eddeo explicativo dispon\u00edvel no &#8220;Material da Disciplina&#8221;.<br \/>\n2. Utilize o Formul\u00e1rio Padr\u00e3o, arquivo em Word dispon\u00edvel no ambiente da disciplina em &#8220;Material da Disciplina&#8221;.<br \/>\n3. Certifique-se de que esteja encaminhando o arquivo correto no seu Studeo antes de finalizar, pois n\u00e3o haver\u00e1 como editar e\/ou enviar outro arquivo ap\u00f3s a finaliza\u00e7\u00e3o.<br \/>\n4. A atividade ser\u00e1 aceita somente pelo Studeo, atividades fora do prazo n\u00e3o ser\u00e3o aceitas! E arquivos em branco, corrompidos ou incorretos n\u00e3o ser\u00e1 atribu\u00edda nota.<br \/>\n5. Em caso de d\u00favidas, entre em contato com o seu professor(a) mediador(a) pelo Studeo no Fale com o Mediador.<\/p>\n","protected":false},"excerpt":{"rendered":"<p>MAPA &#8211; Sistemas de Informa\u00e7\u00f5es Gerenciais &#8211; 53\/2024 Um Sistema de Informa\u00e7\u00e3o Gerencial (SIG) \u00e9 uma ferramenta fundamental para as<\/p>\n","protected":false},"featured_media":2326,"template":"","meta":{"_monsterinsights_skip_tracking":false,"_monsterinsights_sitenote_active":false,"_monsterinsights_sitenote_note":"","_monsterinsights_sitenote_category":0},"product_brand":[],"product_cat":[15],"product_tag":[],"class_list":{"0":"post-4502","1":"product","2":"type-product","3":"status-publish","4":"has-post-thumbnail","6":"product_cat-uncategorized","8":"first","9":"instock","10":"downloadable","11":"virtual","12":"purchasable","13":"product-type-simple"},"yoast_head":"<!-- This site is optimized with the Yoast SEO plugin v27.4 - https:\/\/yoast.com\/product\/yoast-seo-wordpress\/ -->\n<title>MAPA - Sistemas de Informa\u00e7\u00f5es Gerenciais - 53\/2024<\/title>\n<meta name=\"description\" content=\"Atividade MAPA - Sistemas de Informa\u00e7\u00f5es Gerenciais - 53\/2024 &#8902; Unicesumar. Baixe agora mesmo um Mapa Pronto resolvido!\" \/>\n<meta name=\"robots\" content=\"index, follow, max-snippet:-1, max-image-preview:large, max-video-preview:-1\" \/>\n<link rel=\"canonical\" href=\"https:\/\/atividademapa.com\/?product=mapa-sistemas-de-informacoes-gerenciais-53-2024\" \/>\n<meta property=\"og:locale\" content=\"pt_BR\" \/>\n<meta property=\"og:type\" content=\"article\" \/>\n<meta property=\"og:title\" content=\"MAPA - Sistemas de Informa\u00e7\u00f5es Gerenciais - 53\/2024\" \/>\n<meta property=\"og:description\" content=\"Atividade MAPA - Sistemas de Informa\u00e7\u00f5es Gerenciais - 53\/2024 &#8902; Unicesumar. Baixe agora mesmo um Mapa Pronto resolvido!\" \/>\n<meta property=\"og:url\" content=\"https:\/\/atividademapa.com\/?product=mapa-sistemas-de-informacoes-gerenciais-53-2024\" \/>\n<meta property=\"og:site_name\" content=\"Atividade Mapa\" \/>\n<meta property=\"article:modified_time\" content=\"2024-08-05T01:37:58+00:00\" \/>\n<meta property=\"og:image\" content=\"https:\/\/i0.wp.com\/atividademapa.com\/wp-content\/uploads\/2023\/03\/Atividade-M.A.P.A-3.png?fit=300%2C300&ssl=1\" \/>\n\t<meta property=\"og:image:width\" content=\"300\" \/>\n\t<meta property=\"og:image:height\" content=\"300\" \/>\n\t<meta property=\"og:image:type\" content=\"image\/png\" \/>\n<meta name=\"twitter:card\" content=\"summary_large_image\" \/>\n<meta name=\"twitter:label1\" content=\"Est. tempo de leitura\" \/>\n\t<meta name=\"twitter:data1\" content=\"3 minutos\" \/>\n<script type=\"application\/ld+json\" class=\"yoast-schema-graph\">{\"@context\":\"https:\\\/\\\/schema.org\",\"@graph\":[{\"@type\":\"WebPage\",\"@id\":\"https:\\\/\\\/atividademapa.com\\\/?product=mapa-sistemas-de-informacoes-gerenciais-53-2024\",\"url\":\"https:\\\/\\\/atividademapa.com\\\/?product=mapa-sistemas-de-informacoes-gerenciais-53-2024\",\"name\":\"MAPA - Sistemas de Informa\u00e7\u00f5es Gerenciais - 53\\\/2024\",\"isPartOf\":{\"@id\":\"https:\\\/\\\/atividademapa.com\\\/#website\"},\"primaryImageOfPage\":{\"@id\":\"https:\\\/\\\/atividademapa.com\\\/?product=mapa-sistemas-de-informacoes-gerenciais-53-2024#primaryimage\"},\"image\":{\"@id\":\"https:\\\/\\\/atividademapa.com\\\/?product=mapa-sistemas-de-informacoes-gerenciais-53-2024#primaryimage\"},\"thumbnailUrl\":\"https:\\\/\\\/i0.wp.com\\\/atividademapa.com\\\/wp-content\\\/uploads\\\/2023\\\/03\\\/Atividade-M.A.P.A-3.png?fit=300%2C300&ssl=1\",\"datePublished\":\"2024-08-04T21:28:44+00:00\",\"dateModified\":\"2024-08-05T01:37:58+00:00\",\"description\":\"Atividade MAPA - Sistemas de Informa\u00e7\u00f5es Gerenciais - 53\\\/2024 &#8902; Unicesumar. Baixe agora mesmo um Mapa Pronto resolvido!\",\"breadcrumb\":{\"@id\":\"https:\\\/\\\/atividademapa.com\\\/?product=mapa-sistemas-de-informacoes-gerenciais-53-2024#breadcrumb\"},\"inLanguage\":\"pt-BR\",\"potentialAction\":[{\"@type\":\"ReadAction\",\"target\":[\"https:\\\/\\\/atividademapa.com\\\/?product=mapa-sistemas-de-informacoes-gerenciais-53-2024\"]}]},{\"@type\":\"ImageObject\",\"inLanguage\":\"pt-BR\",\"@id\":\"https:\\\/\\\/atividademapa.com\\\/?product=mapa-sistemas-de-informacoes-gerenciais-53-2024#primaryimage\",\"url\":\"https:\\\/\\\/i0.wp.com\\\/atividademapa.com\\\/wp-content\\\/uploads\\\/2023\\\/03\\\/Atividade-M.A.P.A-3.png?fit=300%2C300&ssl=1\",\"contentUrl\":\"https:\\\/\\\/i0.wp.com\\\/atividademapa.com\\\/wp-content\\\/uploads\\\/2023\\\/03\\\/Atividade-M.A.P.A-3.png?fit=300%2C300&ssl=1\",\"width\":300,\"height\":300,\"caption\":\"Mapa Unicesumar Atividade\"},{\"@type\":\"BreadcrumbList\",\"@id\":\"https:\\\/\\\/atividademapa.com\\\/?product=mapa-sistemas-de-informacoes-gerenciais-53-2024#breadcrumb\",\"itemListElement\":[{\"@type\":\"ListItem\",\"position\":1,\"name\":\"In\u00edcio\",\"item\":\"https:\\\/\\\/atividademapa.com\\\/\"},{\"@type\":\"ListItem\",\"position\":2,\"name\":\"MAPAS\",\"item\":\"https:\\\/\\\/atividademapa.com\\\/?page_id=5\"},{\"@type\":\"ListItem\",\"position\":3,\"name\":\"MAPA &#8211; Sistemas de Informa\u00e7\u00f5es Gerenciais &#8211; 53\\\/2024\"}]},{\"@type\":\"WebSite\",\"@id\":\"https:\\\/\\\/atividademapa.com\\\/#website\",\"url\":\"https:\\\/\\\/atividademapa.com\\\/\",\"name\":\"Atividade Mapa\",\"description\":\"StudeO | Unicesumar\",\"publisher\":{\"@id\":\"https:\\\/\\\/atividademapa.com\\\/#organization\"},\"potentialAction\":[{\"@type\":\"SearchAction\",\"target\":{\"@type\":\"EntryPoint\",\"urlTemplate\":\"https:\\\/\\\/atividademapa.com\\\/?s={search_term_string}\"},\"query-input\":{\"@type\":\"PropertyValueSpecification\",\"valueRequired\":true,\"valueName\":\"search_term_string\"}}],\"inLanguage\":\"pt-BR\"},{\"@type\":\"Organization\",\"@id\":\"https:\\\/\\\/atividademapa.com\\\/#organization\",\"name\":\"Atividade MAPA\",\"url\":\"https:\\\/\\\/atividademapa.com\\\/\",\"logo\":{\"@type\":\"ImageObject\",\"inLanguage\":\"pt-BR\",\"@id\":\"https:\\\/\\\/atividademapa.com\\\/#\\\/schema\\\/logo\\\/image\\\/\",\"url\":\"https:\\\/\\\/i0.wp.com\\\/atividademapa.com\\\/wp-content\\\/uploads\\\/2023\\\/02\\\/ATIVIDADE.png?fit=600%2C300&ssl=1\",\"contentUrl\":\"https:\\\/\\\/i0.wp.com\\\/atividademapa.com\\\/wp-content\\\/uploads\\\/2023\\\/02\\\/ATIVIDADE.png?fit=600%2C300&ssl=1\",\"width\":600,\"height\":300,\"caption\":\"Atividade MAPA\"},\"image\":{\"@id\":\"https:\\\/\\\/atividademapa.com\\\/#\\\/schema\\\/logo\\\/image\\\/\"}}]}<\/script>\n<!-- \/ Yoast SEO plugin. -->","yoast_head_json":{"title":"MAPA - Sistemas de Informa\u00e7\u00f5es Gerenciais - 53\/2024","description":"Atividade MAPA - Sistemas de Informa\u00e7\u00f5es Gerenciais - 53\/2024 &#8902; Unicesumar. Baixe agora mesmo um Mapa Pronto resolvido!","robots":{"index":"index","follow":"follow","max-snippet":"max-snippet:-1","max-image-preview":"max-image-preview:large","max-video-preview":"max-video-preview:-1"},"canonical":"https:\/\/atividademapa.com\/?product=mapa-sistemas-de-informacoes-gerenciais-53-2024","og_locale":"pt_BR","og_type":"article","og_title":"MAPA - Sistemas de Informa\u00e7\u00f5es Gerenciais - 53\/2024","og_description":"Atividade MAPA - Sistemas de Informa\u00e7\u00f5es Gerenciais - 53\/2024 &#8902; Unicesumar. Baixe agora mesmo um Mapa Pronto resolvido!","og_url":"https:\/\/atividademapa.com\/?product=mapa-sistemas-de-informacoes-gerenciais-53-2024","og_site_name":"Atividade Mapa","article_modified_time":"2024-08-05T01:37:58+00:00","og_image":[{"width":300,"height":300,"url":"https:\/\/i0.wp.com\/atividademapa.com\/wp-content\/uploads\/2023\/03\/Atividade-M.A.P.A-3.png?fit=300%2C300&ssl=1","type":"image\/png"}],"twitter_card":"summary_large_image","twitter_misc":{"Est. tempo de leitura":"3 minutos"},"schema":{"@context":"https:\/\/schema.org","@graph":[{"@type":"WebPage","@id":"https:\/\/atividademapa.com\/?product=mapa-sistemas-de-informacoes-gerenciais-53-2024","url":"https:\/\/atividademapa.com\/?product=mapa-sistemas-de-informacoes-gerenciais-53-2024","name":"MAPA - Sistemas de Informa\u00e7\u00f5es Gerenciais - 53\/2024","isPartOf":{"@id":"https:\/\/atividademapa.com\/#website"},"primaryImageOfPage":{"@id":"https:\/\/atividademapa.com\/?product=mapa-sistemas-de-informacoes-gerenciais-53-2024#primaryimage"},"image":{"@id":"https:\/\/atividademapa.com\/?product=mapa-sistemas-de-informacoes-gerenciais-53-2024#primaryimage"},"thumbnailUrl":"https:\/\/i0.wp.com\/atividademapa.com\/wp-content\/uploads\/2023\/03\/Atividade-M.A.P.A-3.png?fit=300%2C300&ssl=1","datePublished":"2024-08-04T21:28:44+00:00","dateModified":"2024-08-05T01:37:58+00:00","description":"Atividade MAPA - Sistemas de Informa\u00e7\u00f5es Gerenciais - 53\/2024 &#8902; Unicesumar. Baixe agora mesmo um Mapa Pronto resolvido!","breadcrumb":{"@id":"https:\/\/atividademapa.com\/?product=mapa-sistemas-de-informacoes-gerenciais-53-2024#breadcrumb"},"inLanguage":"pt-BR","potentialAction":[{"@type":"ReadAction","target":["https:\/\/atividademapa.com\/?product=mapa-sistemas-de-informacoes-gerenciais-53-2024"]}]},{"@type":"ImageObject","inLanguage":"pt-BR","@id":"https:\/\/atividademapa.com\/?product=mapa-sistemas-de-informacoes-gerenciais-53-2024#primaryimage","url":"https:\/\/i0.wp.com\/atividademapa.com\/wp-content\/uploads\/2023\/03\/Atividade-M.A.P.A-3.png?fit=300%2C300&ssl=1","contentUrl":"https:\/\/i0.wp.com\/atividademapa.com\/wp-content\/uploads\/2023\/03\/Atividade-M.A.P.A-3.png?fit=300%2C300&ssl=1","width":300,"height":300,"caption":"Mapa Unicesumar Atividade"},{"@type":"BreadcrumbList","@id":"https:\/\/atividademapa.com\/?product=mapa-sistemas-de-informacoes-gerenciais-53-2024#breadcrumb","itemListElement":[{"@type":"ListItem","position":1,"name":"In\u00edcio","item":"https:\/\/atividademapa.com\/"},{"@type":"ListItem","position":2,"name":"MAPAS","item":"https:\/\/atividademapa.com\/?page_id=5"},{"@type":"ListItem","position":3,"name":"MAPA &#8211; Sistemas de Informa\u00e7\u00f5es Gerenciais &#8211; 53\/2024"}]},{"@type":"WebSite","@id":"https:\/\/atividademapa.com\/#website","url":"https:\/\/atividademapa.com\/","name":"Atividade Mapa","description":"StudeO | Unicesumar","publisher":{"@id":"https:\/\/atividademapa.com\/#organization"},"potentialAction":[{"@type":"SearchAction","target":{"@type":"EntryPoint","urlTemplate":"https:\/\/atividademapa.com\/?s={search_term_string}"},"query-input":{"@type":"PropertyValueSpecification","valueRequired":true,"valueName":"search_term_string"}}],"inLanguage":"pt-BR"},{"@type":"Organization","@id":"https:\/\/atividademapa.com\/#organization","name":"Atividade MAPA","url":"https:\/\/atividademapa.com\/","logo":{"@type":"ImageObject","inLanguage":"pt-BR","@id":"https:\/\/atividademapa.com\/#\/schema\/logo\/image\/","url":"https:\/\/i0.wp.com\/atividademapa.com\/wp-content\/uploads\/2023\/02\/ATIVIDADE.png?fit=600%2C300&ssl=1","contentUrl":"https:\/\/i0.wp.com\/atividademapa.com\/wp-content\/uploads\/2023\/02\/ATIVIDADE.png?fit=600%2C300&ssl=1","width":600,"height":300,"caption":"Atividade MAPA"},"image":{"@id":"https:\/\/atividademapa.com\/#\/schema\/logo\/image\/"}}]}},"_links":{"self":[{"href":"https:\/\/atividademapa.com\/index.php?rest_route=\/wp\/v2\/product\/4502","targetHints":{"allow":["GET"]}}],"collection":[{"href":"https:\/\/atividademapa.com\/index.php?rest_route=\/wp\/v2\/product"}],"about":[{"href":"https:\/\/atividademapa.com\/index.php?rest_route=\/wp\/v2\/types\/product"}],"version-history":[{"count":2,"href":"https:\/\/atividademapa.com\/index.php?rest_route=\/wp\/v2\/product\/4502\/revisions"}],"predecessor-version":[{"id":4504,"href":"https:\/\/atividademapa.com\/index.php?rest_route=\/wp\/v2\/product\/4502\/revisions\/4504"}],"wp:featuredmedia":[{"embeddable":true,"href":"https:\/\/atividademapa.com\/index.php?rest_route=\/wp\/v2\/media\/2326"}],"wp:attachment":[{"href":"https:\/\/atividademapa.com\/index.php?rest_route=%2Fwp%2Fv2%2Fmedia&parent=4502"}],"wp:term":[{"taxonomy":"product_brand","embeddable":true,"href":"https:\/\/atividademapa.com\/index.php?rest_route=%2Fwp%2Fv2%2Fproduct_brand&post=4502"},{"taxonomy":"product_cat","embeddable":true,"href":"https:\/\/atividademapa.com\/index.php?rest_route=%2Fwp%2Fv2%2Fproduct_cat&post=4502"},{"taxonomy":"product_tag","embeddable":true,"href":"https:\/\/atividademapa.com\/index.php?rest_route=%2Fwp%2Fv2%2Fproduct_tag&post=4502"}],"curies":[{"name":"wp","href":"https:\/\/api.w.org\/{rel}","templated":true}]}}