{"id":4506,"date":"2024-08-04T22:52:39","date_gmt":"2024-08-05T01:52:39","guid":{"rendered":"https:\/\/atividademapa.com\/?post_type=product&#038;p=4506"},"modified":"2024-08-04T22:55:31","modified_gmt":"2024-08-05T01:55:31","slug":"mapa-patologia-geral-53-2024","status":"publish","type":"product","link":"https:\/\/atividademapa.com\/?product=mapa-patologia-geral-53-2024","title":{"rendered":"MAPA &#8211; Patologia Geral &#8211; 53\/2024"},"content":{"rendered":"<p>MAPA &#8211; Patologia Geral &#8211; 53\/2024<\/p>\n<p>Voc\u00ea sabia que o Brasil \u00e9 o 5\u00ba pa\u00eds em incid\u00eancia de Diabetes Mellitus no mundo? De acordo com a Sociedade Brasileira de Diabetes, existem atualmente, no Brasil, mais de\u00a013 milh\u00f5es de pessoas\u00a0vivendo com a doen\u00e7a, o que representa 6,9% da popula\u00e7\u00e3o nacional. A crescente preval\u00eancia de diabetes \u00e9 impulsionada por uma complexa intera\u00e7\u00e3o de fatores socioecon\u00f4micos, demogr\u00e1ficos, ambientais e gen\u00e9ticos. O aumento cont\u00ednuo se deve, em grande parte, ao aumento do diabetes tipo 2 e dos fatores de risco relacionados, que incluem n\u00edveis crescentes de obesidade, dietas n\u00e3o saud\u00e1veis \u200b\u200be falta de atividade f\u00edsica.<\/p>\n<p>Dessa forma voc\u00ea como um futuro profissional da sa\u00fade deve estar atento aos fatores de risco, assim como entender o processo da doen\u00e7a e ajudar a popula\u00e7\u00e3o prevenir tal doen\u00e7a e promover qualidade de vida para os pacientes que j\u00e1 apresentam o diagn\u00f3stico de diabetes.<\/p>\n<p>No livro da disciplina \u00e9 abordado sobre o estado de sa\u00fade e de doen\u00e7a, os mecanismos que o organismo usa para manter ou n\u00e3o a homeostase e como o tecido age frente a uma agress\u00e3o que desencadeia um processo inflamat\u00f3rio que posteriormente repara ou regenera, por\u00e9m tamb\u00e9m entendemos os fatores que interferem nesse processo como o diabetes, o envelhecimento entre outros (MOHAN, 2010).<\/p>\n<p><strong>Etapa 01<\/strong><br \/>\nCom base nos estudos sobre inflama\u00e7\u00e3o, reparo e remodela\u00e7\u00e3o tecidual leia o caso cl\u00ednico a seguir, para complemento da atividade:<\/p>\n<p>Paciente de 57 anos, sexo masculino, hist\u00f3rico de diabetes mellitus do tipo 2, procurou o setor de reabilita\u00e7\u00e3o com queixa articular em punho direito, sua atividade laboral exige que o mesmo permane\u00e7a no computador digitando em m\u00e9dia de cinco horas por dia, al\u00e9m dessa queixa foi observado uma ferida aberta em mal\u00e9olo esquerdo e como profissional da sa\u00fade voc\u00ea questionou sobre essa ferida e os cuidados que o paciente est\u00e1 tomando quanto a sua doen\u00e7a de base que \u00e9 o diabetes mellitus e tamb\u00e9m com os cuidados dessa ferida.<\/p>\n<p><strong>Etapa 02<\/strong><br \/>\nBaseado nessa situa\u00e7\u00e3o cl\u00ednica realize as atividades a seguir:<\/p>\n<p><strong>A\u00a0<\/strong>&#8211; O paciente com diabetes do tipo 2 apresenta uma dificuldade em reparar o tecido ap\u00f3s uma injuria.\u00a0<strong>Explique\u00a0<\/strong>porque isso acontece com esses pacientes.<br \/>\n<strong>B<\/strong>\u00a0&#8211;<strong>\u00a0ELABORE<\/strong>\u00a0um esquema de diagrama diferenciando a inflama\u00e7\u00e3o aguda da cr\u00f4nica incluindo nesse esquema: fatores de risco e as principais caracter\u00edsticas de cada uma dessas inflama\u00e7\u00f5es.<br \/>\n<strong>C\u00a0<\/strong>&#8211; O Diabetes Mellitus \u00e9 uma doen\u00e7a sist\u00eamica que torna o paciente mais sujeito mais vulner\u00e1vel a infec\u00e7\u00f5es, portanto podemos encontrar ulceras principalmente nos p\u00e9s diab\u00e9tico. \u00a0<strong>DEFINA\u00a0<\/strong>o que s\u00e3o ulceras.<\/p>\n","protected":false},"excerpt":{"rendered":"<p>MAPA &#8211; Patologia Geral &#8211; 53\/2024 Voc\u00ea sabia que o Brasil \u00e9 o 5\u00ba pa\u00eds em incid\u00eancia de Diabetes Mellitus<\/p>\n","protected":false},"featured_media":2326,"template":"","meta":{"_monsterinsights_skip_tracking":false,"_monsterinsights_sitenote_active":false,"_monsterinsights_sitenote_note":"","_monsterinsights_sitenote_category":0},"product_brand":[],"product_cat":[35,31],"product_tag":[],"class_list":{"0":"post-4506","1":"product","2":"type-product","3":"status-publish","4":"has-post-thumbnail","6":"product_cat-enfermagem","7":"product_cat-farmacia","9":"first","10":"instock","11":"downloadable","12":"virtual","13":"purchasable","14":"product-type-simple"},"yoast_head":"<!-- This site is optimized with the Yoast SEO plugin v27.4 - https:\/\/yoast.com\/product\/yoast-seo-wordpress\/ -->\n<title>MAPA - Patologia Geral - 53\/2024<\/title>\n<meta name=\"description\" content=\"Atividade MAPA - Patologia Geral - 53\/2024 &#8902; Unicesumar. Baixe agora mesmo um Mapa Pronto resolvido!\" \/>\n<meta name=\"robots\" content=\"index, follow, max-snippet:-1, max-image-preview:large, max-video-preview:-1\" \/>\n<link rel=\"canonical\" href=\"https:\/\/atividademapa.com\/?product=mapa-patologia-geral-53-2024\" \/>\n<meta property=\"og:locale\" content=\"pt_BR\" \/>\n<meta property=\"og:type\" content=\"article\" \/>\n<meta property=\"og:title\" content=\"MAPA - Patologia Geral - 53\/2024\" \/>\n<meta property=\"og:description\" content=\"Atividade MAPA - Patologia Geral - 53\/2024 &#8902; Unicesumar. Baixe agora mesmo um Mapa Pronto resolvido!\" \/>\n<meta property=\"og:url\" content=\"https:\/\/atividademapa.com\/?product=mapa-patologia-geral-53-2024\" \/>\n<meta property=\"og:site_name\" content=\"Atividade Mapa\" \/>\n<meta property=\"article:modified_time\" content=\"2024-08-05T01:55:31+00:00\" \/>\n<meta property=\"og:image\" content=\"https:\/\/i0.wp.com\/atividademapa.com\/wp-content\/uploads\/2023\/03\/Atividade-M.A.P.A-3.png?fit=300%2C300&ssl=1\" \/>\n\t<meta property=\"og:image:width\" content=\"300\" \/>\n\t<meta property=\"og:image:height\" content=\"300\" \/>\n\t<meta property=\"og:image:type\" content=\"image\/png\" \/>\n<meta name=\"twitter:card\" content=\"summary_large_image\" \/>\n<meta name=\"twitter:label1\" content=\"Est. tempo de leitura\" \/>\n\t<meta name=\"twitter:data1\" content=\"2 minutos\" \/>\n<script type=\"application\/ld+json\" class=\"yoast-schema-graph\">{\"@context\":\"https:\\\/\\\/schema.org\",\"@graph\":[{\"@type\":\"WebPage\",\"@id\":\"https:\\\/\\\/atividademapa.com\\\/?product=mapa-patologia-geral-53-2024\",\"url\":\"https:\\\/\\\/atividademapa.com\\\/?product=mapa-patologia-geral-53-2024\",\"name\":\"MAPA - Patologia Geral - 53\\\/2024\",\"isPartOf\":{\"@id\":\"https:\\\/\\\/atividademapa.com\\\/#website\"},\"primaryImageOfPage\":{\"@id\":\"https:\\\/\\\/atividademapa.com\\\/?product=mapa-patologia-geral-53-2024#primaryimage\"},\"image\":{\"@id\":\"https:\\\/\\\/atividademapa.com\\\/?product=mapa-patologia-geral-53-2024#primaryimage\"},\"thumbnailUrl\":\"https:\\\/\\\/i0.wp.com\\\/atividademapa.com\\\/wp-content\\\/uploads\\\/2023\\\/03\\\/Atividade-M.A.P.A-3.png?fit=300%2C300&ssl=1\",\"datePublished\":\"2024-08-05T01:52:39+00:00\",\"dateModified\":\"2024-08-05T01:55:31+00:00\",\"description\":\"Atividade MAPA - Patologia Geral - 53\\\/2024 &#8902; Unicesumar. Baixe agora mesmo um Mapa Pronto resolvido!\",\"breadcrumb\":{\"@id\":\"https:\\\/\\\/atividademapa.com\\\/?product=mapa-patologia-geral-53-2024#breadcrumb\"},\"inLanguage\":\"pt-BR\",\"potentialAction\":[{\"@type\":\"ReadAction\",\"target\":[\"https:\\\/\\\/atividademapa.com\\\/?product=mapa-patologia-geral-53-2024\"]}]},{\"@type\":\"ImageObject\",\"inLanguage\":\"pt-BR\",\"@id\":\"https:\\\/\\\/atividademapa.com\\\/?product=mapa-patologia-geral-53-2024#primaryimage\",\"url\":\"https:\\\/\\\/i0.wp.com\\\/atividademapa.com\\\/wp-content\\\/uploads\\\/2023\\\/03\\\/Atividade-M.A.P.A-3.png?fit=300%2C300&ssl=1\",\"contentUrl\":\"https:\\\/\\\/i0.wp.com\\\/atividademapa.com\\\/wp-content\\\/uploads\\\/2023\\\/03\\\/Atividade-M.A.P.A-3.png?fit=300%2C300&ssl=1\",\"width\":300,\"height\":300,\"caption\":\"Mapa Unicesumar Atividade\"},{\"@type\":\"BreadcrumbList\",\"@id\":\"https:\\\/\\\/atividademapa.com\\\/?product=mapa-patologia-geral-53-2024#breadcrumb\",\"itemListElement\":[{\"@type\":\"ListItem\",\"position\":1,\"name\":\"In\u00edcio\",\"item\":\"https:\\\/\\\/atividademapa.com\\\/\"},{\"@type\":\"ListItem\",\"position\":2,\"name\":\"MAPAS\",\"item\":\"https:\\\/\\\/atividademapa.com\\\/?page_id=5\"},{\"@type\":\"ListItem\",\"position\":3,\"name\":\"MAPA &#8211; Patologia Geral &#8211; 53\\\/2024\"}]},{\"@type\":\"WebSite\",\"@id\":\"https:\\\/\\\/atividademapa.com\\\/#website\",\"url\":\"https:\\\/\\\/atividademapa.com\\\/\",\"name\":\"Atividade Mapa\",\"description\":\"StudeO | Unicesumar\",\"publisher\":{\"@id\":\"https:\\\/\\\/atividademapa.com\\\/#organization\"},\"potentialAction\":[{\"@type\":\"SearchAction\",\"target\":{\"@type\":\"EntryPoint\",\"urlTemplate\":\"https:\\\/\\\/atividademapa.com\\\/?s={search_term_string}\"},\"query-input\":{\"@type\":\"PropertyValueSpecification\",\"valueRequired\":true,\"valueName\":\"search_term_string\"}}],\"inLanguage\":\"pt-BR\"},{\"@type\":\"Organization\",\"@id\":\"https:\\\/\\\/atividademapa.com\\\/#organization\",\"name\":\"Atividade MAPA\",\"url\":\"https:\\\/\\\/atividademapa.com\\\/\",\"logo\":{\"@type\":\"ImageObject\",\"inLanguage\":\"pt-BR\",\"@id\":\"https:\\\/\\\/atividademapa.com\\\/#\\\/schema\\\/logo\\\/image\\\/\",\"url\":\"https:\\\/\\\/i0.wp.com\\\/atividademapa.com\\\/wp-content\\\/uploads\\\/2023\\\/02\\\/ATIVIDADE.png?fit=600%2C300&ssl=1\",\"contentUrl\":\"https:\\\/\\\/i0.wp.com\\\/atividademapa.com\\\/wp-content\\\/uploads\\\/2023\\\/02\\\/ATIVIDADE.png?fit=600%2C300&ssl=1\",\"width\":600,\"height\":300,\"caption\":\"Atividade MAPA\"},\"image\":{\"@id\":\"https:\\\/\\\/atividademapa.com\\\/#\\\/schema\\\/logo\\\/image\\\/\"}}]}<\/script>\n<!-- \/ Yoast SEO plugin. -->","yoast_head_json":{"title":"MAPA - Patologia Geral - 53\/2024","description":"Atividade MAPA - Patologia Geral - 53\/2024 &#8902; Unicesumar. Baixe agora mesmo um Mapa Pronto resolvido!","robots":{"index":"index","follow":"follow","max-snippet":"max-snippet:-1","max-image-preview":"max-image-preview:large","max-video-preview":"max-video-preview:-1"},"canonical":"https:\/\/atividademapa.com\/?product=mapa-patologia-geral-53-2024","og_locale":"pt_BR","og_type":"article","og_title":"MAPA - Patologia Geral - 53\/2024","og_description":"Atividade MAPA - Patologia Geral - 53\/2024 &#8902; Unicesumar. Baixe agora mesmo um Mapa Pronto resolvido!","og_url":"https:\/\/atividademapa.com\/?product=mapa-patologia-geral-53-2024","og_site_name":"Atividade Mapa","article_modified_time":"2024-08-05T01:55:31+00:00","og_image":[{"width":300,"height":300,"url":"https:\/\/i0.wp.com\/atividademapa.com\/wp-content\/uploads\/2023\/03\/Atividade-M.A.P.A-3.png?fit=300%2C300&ssl=1","type":"image\/png"}],"twitter_card":"summary_large_image","twitter_misc":{"Est. tempo de leitura":"2 minutos"},"schema":{"@context":"https:\/\/schema.org","@graph":[{"@type":"WebPage","@id":"https:\/\/atividademapa.com\/?product=mapa-patologia-geral-53-2024","url":"https:\/\/atividademapa.com\/?product=mapa-patologia-geral-53-2024","name":"MAPA - Patologia Geral - 53\/2024","isPartOf":{"@id":"https:\/\/atividademapa.com\/#website"},"primaryImageOfPage":{"@id":"https:\/\/atividademapa.com\/?product=mapa-patologia-geral-53-2024#primaryimage"},"image":{"@id":"https:\/\/atividademapa.com\/?product=mapa-patologia-geral-53-2024#primaryimage"},"thumbnailUrl":"https:\/\/i0.wp.com\/atividademapa.com\/wp-content\/uploads\/2023\/03\/Atividade-M.A.P.A-3.png?fit=300%2C300&ssl=1","datePublished":"2024-08-05T01:52:39+00:00","dateModified":"2024-08-05T01:55:31+00:00","description":"Atividade MAPA - Patologia Geral - 53\/2024 &#8902; Unicesumar. Baixe agora mesmo um Mapa Pronto resolvido!","breadcrumb":{"@id":"https:\/\/atividademapa.com\/?product=mapa-patologia-geral-53-2024#breadcrumb"},"inLanguage":"pt-BR","potentialAction":[{"@type":"ReadAction","target":["https:\/\/atividademapa.com\/?product=mapa-patologia-geral-53-2024"]}]},{"@type":"ImageObject","inLanguage":"pt-BR","@id":"https:\/\/atividademapa.com\/?product=mapa-patologia-geral-53-2024#primaryimage","url":"https:\/\/i0.wp.com\/atividademapa.com\/wp-content\/uploads\/2023\/03\/Atividade-M.A.P.A-3.png?fit=300%2C300&ssl=1","contentUrl":"https:\/\/i0.wp.com\/atividademapa.com\/wp-content\/uploads\/2023\/03\/Atividade-M.A.P.A-3.png?fit=300%2C300&ssl=1","width":300,"height":300,"caption":"Mapa Unicesumar Atividade"},{"@type":"BreadcrumbList","@id":"https:\/\/atividademapa.com\/?product=mapa-patologia-geral-53-2024#breadcrumb","itemListElement":[{"@type":"ListItem","position":1,"name":"In\u00edcio","item":"https:\/\/atividademapa.com\/"},{"@type":"ListItem","position":2,"name":"MAPAS","item":"https:\/\/atividademapa.com\/?page_id=5"},{"@type":"ListItem","position":3,"name":"MAPA &#8211; Patologia Geral &#8211; 53\/2024"}]},{"@type":"WebSite","@id":"https:\/\/atividademapa.com\/#website","url":"https:\/\/atividademapa.com\/","name":"Atividade Mapa","description":"StudeO | Unicesumar","publisher":{"@id":"https:\/\/atividademapa.com\/#organization"},"potentialAction":[{"@type":"SearchAction","target":{"@type":"EntryPoint","urlTemplate":"https:\/\/atividademapa.com\/?s={search_term_string}"},"query-input":{"@type":"PropertyValueSpecification","valueRequired":true,"valueName":"search_term_string"}}],"inLanguage":"pt-BR"},{"@type":"Organization","@id":"https:\/\/atividademapa.com\/#organization","name":"Atividade MAPA","url":"https:\/\/atividademapa.com\/","logo":{"@type":"ImageObject","inLanguage":"pt-BR","@id":"https:\/\/atividademapa.com\/#\/schema\/logo\/image\/","url":"https:\/\/i0.wp.com\/atividademapa.com\/wp-content\/uploads\/2023\/02\/ATIVIDADE.png?fit=600%2C300&ssl=1","contentUrl":"https:\/\/i0.wp.com\/atividademapa.com\/wp-content\/uploads\/2023\/02\/ATIVIDADE.png?fit=600%2C300&ssl=1","width":600,"height":300,"caption":"Atividade MAPA"},"image":{"@id":"https:\/\/atividademapa.com\/#\/schema\/logo\/image\/"}}]}},"_links":{"self":[{"href":"https:\/\/atividademapa.com\/index.php?rest_route=\/wp\/v2\/product\/4506","targetHints":{"allow":["GET"]}}],"collection":[{"href":"https:\/\/atividademapa.com\/index.php?rest_route=\/wp\/v2\/product"}],"about":[{"href":"https:\/\/atividademapa.com\/index.php?rest_route=\/wp\/v2\/types\/product"}],"version-history":[{"count":2,"href":"https:\/\/atividademapa.com\/index.php?rest_route=\/wp\/v2\/product\/4506\/revisions"}],"predecessor-version":[{"id":4508,"href":"https:\/\/atividademapa.com\/index.php?rest_route=\/wp\/v2\/product\/4506\/revisions\/4508"}],"wp:featuredmedia":[{"embeddable":true,"href":"https:\/\/atividademapa.com\/index.php?rest_route=\/wp\/v2\/media\/2326"}],"wp:attachment":[{"href":"https:\/\/atividademapa.com\/index.php?rest_route=%2Fwp%2Fv2%2Fmedia&parent=4506"}],"wp:term":[{"taxonomy":"product_brand","embeddable":true,"href":"https:\/\/atividademapa.com\/index.php?rest_route=%2Fwp%2Fv2%2Fproduct_brand&post=4506"},{"taxonomy":"product_cat","embeddable":true,"href":"https:\/\/atividademapa.com\/index.php?rest_route=%2Fwp%2Fv2%2Fproduct_cat&post=4506"},{"taxonomy":"product_tag","embeddable":true,"href":"https:\/\/atividademapa.com\/index.php?rest_route=%2Fwp%2Fv2%2Fproduct_tag&post=4506"}],"curies":[{"name":"wp","href":"https:\/\/api.w.org\/{rel}","templated":true}]}}