{"id":4509,"date":"2024-08-04T22:54:25","date_gmt":"2024-08-05T01:54:25","guid":{"rendered":"https:\/\/atividademapa.com\/?post_type=product&#038;p=4509"},"modified":"2024-09-13T22:26:43","modified_gmt":"2024-09-14T01:26:43","slug":"mapa-quimica-analitica-e-instrumental-53_2024","status":"publish","type":"product","link":"https:\/\/atividademapa.com\/?product=mapa-quimica-analitica-e-instrumental-53_2024","title":{"rendered":"MAPA &#8211; QU\u00cdMICA ANAL\u00cdTICA E INSTRUMENTAL &#8211; 53_2024"},"content":{"rendered":"<p>MAPA &#8211; QU\u00cdMICA ANAL\u00cdTICA E INSTRUMENTAL &#8211; 53_2024<\/p>\n<p><strong class=\"ng-scope\">MAPA DE QU\u00cdMICA ANAL\u00cdTICA E INSTRUMENTAL<\/strong><br class=\"ng-scope\" \/>ESTUDANTE, seja bem-vindo \u00e0 atividade MAPA (Material de Avalia\u00e7\u00e3o Pr\u00e1tica de Aprendizagem) da disciplina de Qu\u00edmica Anal\u00edtica e Instrumental.<br class=\"ng-scope\" \/><br class=\"ng-scope\" \/><strong class=\"ng-scope\">Instru\u00e7\u00f5es iniciais<\/strong><br class=\"ng-scope\" \/>&#8211; Utilize o modelo de MAPA padr\u00e3o para realizar esta atividade. Ele se encontra em &#8220;Material da Disciplina&#8221;. Siga todas as instru\u00e7\u00f5es constantes nesse modelo.<br class=\"ng-scope\" \/>&#8211; Assista ao v\u00eddeo com as instru\u00e7\u00f5es para a realiza\u00e7\u00e3o do MAPA, que foi disponibilizado na &#8220;Sala do Caf\u00e9&#8221;.<br class=\"ng-scope\" \/><br class=\"ng-scope\" \/>Recentemente, houve um alerta importante feito por um cardiologista no Brasil sobre o uso de antigripais sem prescri\u00e7\u00e3o m\u00e9dica, especialmente entre idosos e pessoas com doen\u00e7as card\u00edacas. O m\u00e9dico Val\u00e9rio Vasconcelos destacou que a automedica\u00e7\u00e3o pode agravar problemas cardiovasculares, como insufici\u00eancia card\u00edaca, insufici\u00eancia coronariana e miocardite. Ele enfatizou que certos antigripais cont\u00eam descongestionantes nasais, como a fenilefrina, que podem aumentar a press\u00e3o arterial e causar derrames e infartos\u200b<sup class=\"ng-scope\">1<\/sup>. O paracetamol ou acetaminofeno \u00e9 atualmente um dos analg\u00e9sicos-antipir\u00e9ticos mais utilizados, principalmente em crian\u00e7as. Contudo, o f\u00e1cil acesso ao medicamento e o desconhecimento da popula\u00e7\u00e3o sobre seus efeitos nocivos t\u00eam aumentado muito o n\u00famero de intoxica\u00e7\u00f5es por esse medicamento.\u200b<br class=\"ng-scope\" \/><br class=\"ng-scope\" \/>Fonte: https:\/\/vidasaudavel.einstein.br\/o-que-fazer-em-casos-de-intoxicacao-por-medicamentos. Acesso em: 1 ju. 2024.<br class=\"ng-scope\" \/>\u00a0<br class=\"ng-scope\" \/>Os m\u00e9todos cromatogr\u00e1ficos s\u00e3o destaques entre as an\u00e1lises qualitativas e quantitativas, pois oferecem uma variedade de t\u00e9cnicas e um amplo campo de aplica\u00e7\u00f5es. A cromatografia se baseia no princ\u00edpio da migra\u00e7\u00e3o dos componentes de uma mistura como resultado das diferentes intera\u00e7\u00f5es entre as fases estacion\u00e1ria e m\u00f3vel. Dentre todas as t\u00e9cnicas anal\u00edticas de separa\u00e7\u00e3o, a Cromatografia L\u00edquida de Alta Efici\u00eancia (CLAE) \u00e9 muito utilizada na quantifica\u00e7\u00e3o de subst\u00e2ncias presentes em amostras complexas como as de sangue e urina, assim como tamb\u00e9m \u00e9 empregada no controle de qualidade e na bioequival\u00eancia de medicamentos. Essa t\u00e9cnica permite a separa\u00e7\u00e3o, identifica\u00e7\u00e3o e quantifica\u00e7\u00e3o de subst\u00e2ncias utilizando uma fase m\u00f3vel l\u00edquida que perpassa por uma coluna recheada com uma fase estacion\u00e1ria. A CLAE \u00e9 particularmente valiosa para detectar a dosagem de medicamentos e dessa forma identificar se a subst\u00e2ncia detectada est\u00e1 dentro da faixa terap\u00eautica esperada. \u00c9 utilizada tamb\u00e9m para assegurar que os medicamentos contenham a quantidade exata de ingredientes ativos declarados, al\u00e9m de garantir a aus\u00eancia de contaminantes e produtos de degrada\u00e7\u00e3o. Este processo \u00e9 fundamental para manter a seguran\u00e7a e a efic\u00e1cia terap\u00eautica esperada.<br class=\"ng-scope\" \/><br class=\"ng-scope\" \/>Fonte: BULLA, M. K.; BARBOSA, V. A.\u00a0<strong class=\"ng-scope\">Qu\u00edmica anal\u00edtica e instrumental<\/strong>. Maring\u00e1: UniCesumar, 2021.<br class=\"ng-scope\" \/>\u00a0<br class=\"ng-scope\" \/><strong class=\"ng-scope\">O QUE DEVE SER FEITO NESTA ATIVIDADE?<\/strong><br class=\"ng-scope\" \/>Em vista disso, assuma o papel de um profissional de sa\u00fade que trabalha na ag\u00eancia sanit\u00e1ria local, e que, ap\u00f3s uma den\u00fancia, o antigripal ALFA \u00e9 recolhido dos estabelecimentos devido \u00e0 suspeita de causar frequentes efeitos colaterais, em especial na popula\u00e7\u00e3o de idosos da regi\u00e3o. Dessa forma, cabe a voc\u00ea determinar se o que consta na bula \u00e9 realmente compat\u00edvel com o que a ind\u00fastria descreve. O m\u00e9todo de pesquisa escolhido \u00e9 a CLAE, e o resultado da an\u00e1lise de 1 grama da amostra do medicamento foi o seguinte cromatograma:<br class=\"ng-scope\" \/><br class=\"ng-scope\" \/><img data-recalc-dims=\"1\" decoding=\"async\" class=\"ng-scope\" src=\"https:\/\/i0.wp.com\/sistemasead.unicesumar.edu.br\/flex\/amfphp\/services\/Portal\/ImagemQuestionario2\/QUE_215770_600110_1.jpg?ssl=1\" alt=\"\" \/>\u200b<br class=\"ng-scope\" \/>Fonte: o autor.<br class=\"ng-scope\" \/><br class=\"ng-scope\" \/>A formula\u00e7\u00e3o do ALFA, descrita na bula e de outros dois medicamentos utilizados como base para o controle de qualidade, dentro das normativas estabelecidas, est\u00e3o especificadas na tabela a seguir:<br class=\"ng-scope\" \/><img data-recalc-dims=\"1\" decoding=\"async\" class=\"ng-scope\" src=\"https:\/\/i0.wp.com\/sistemasead.unicesumar.edu.br\/flex\/amfphp\/services\/Portal\/ImagemQuestionario2\/QUE_215770_600110_2.png\" alt=\"\" \/><br class=\"ng-scope\" \/>Fonte: o autor.<br class=\"ng-scope\" \/><br class=\"ng-scope\" \/>Os princ\u00edpios ativos apresentam as seguintes estruturas qu\u00edmicas:<br class=\"ng-scope\" \/><img data-recalc-dims=\"1\" decoding=\"async\" class=\"ng-scope\" src=\"https:\/\/i0.wp.com\/sistemasead.unicesumar.edu.br\/flex\/amfphp\/services\/Portal\/ImagemQuestionario2\/QUE_215770_600110_3.png\" alt=\"\" \/><br class=\"ng-scope\" \/>Fonte: o autor.<br class=\"ng-scope\" \/><br class=\"ng-scope\" \/>Com base em todos os dados expostos e em seus conhecimentos qu\u00edmico-anal\u00edticos, determine o que se pede nos itens a seguir:\u00a0<br class=\"ng-scope\" \/><br class=\"ng-scope\" \/>1. Determine qual a melhor condi\u00e7\u00e3o cromatogr\u00e1fica que voc\u00ea poderia utilizar para realizar esse procedimento. Descreva o m\u00e9todo anal\u00edtico na \u00edntegra: qual a coluna utilizada, a fase estacion\u00e1ria, a fase m\u00f3vel (eluente) e a forma de detec\u00e7\u00e3o que escolheria.<br class=\"ng-scope\" \/>2. Determine, com base na estrutura dos medicamentos, qual a poss\u00edvel ordem de elui\u00e7\u00e3o dos compostos citados e justifique sua resposta com base nas intera\u00e7\u00f5es intermoleculares que essas subst\u00e2ncias realizam com a fase estacion\u00e1ria escolhida.<br class=\"ng-scope\" \/>3. Considerando que foi analisado 1 grama do medicamento, qual a composi\u00e7\u00e3o percentual de cada um dos componentes da formula\u00e7\u00e3o a partir das informa\u00e7\u00f5es do cromatograma?<br class=\"ng-scope\" \/>4. Com os dados da composi\u00e7\u00e3o percentual obtida na an\u00e1lise da amostra em compara\u00e7\u00e3o com a tabela, o medicamento est\u00e1 dentro das normativas esperada? Justifique o seu parecer.<\/p>\n","protected":false},"excerpt":{"rendered":"<p>MAPA &#8211; QU\u00cdMICA ANAL\u00cdTICA E INSTRUMENTAL &#8211; 53_2024 MAPA DE QU\u00cdMICA ANAL\u00cdTICA E INSTRUMENTALESTUDANTE, seja bem-vindo \u00e0 atividade MAPA (Material<\/p>\n","protected":false},"featured_media":2326,"template":"","meta":{"_monsterinsights_skip_tracking":false,"_monsterinsights_sitenote_active":false,"_monsterinsights_sitenote_note":"","_monsterinsights_sitenote_category":0},"product_brand":[],"product_cat":[58,31],"product_tag":[],"class_list":{"0":"post-4509","1":"product","2":"type-product","3":"status-publish","4":"has-post-thumbnail","6":"product_cat-biomedicina","7":"product_cat-farmacia","9":"first","10":"instock","11":"downloadable","12":"virtual","13":"purchasable","14":"product-type-simple"},"yoast_head":"<!-- This site is optimized with the Yoast SEO plugin v27.4 - https:\/\/yoast.com\/product\/yoast-seo-wordpress\/ -->\n<title>MAPA - QU\u00cdMICA ANAL\u00cdTICA E INSTRUMENTAL - 53_2024<\/title>\n<meta name=\"description\" content=\"Atividade MAPA - QU\u00cdMICA ANAL\u00cdTICA E INSTRUMENTAL - 53_2024 &#8902; Unicesumar. Baixe agora mesmo um Mapa Pronto resolvido!\" \/>\n<meta name=\"robots\" content=\"index, follow, max-snippet:-1, max-image-preview:large, max-video-preview:-1\" \/>\n<link rel=\"canonical\" href=\"https:\/\/atividademapa.com\/?product=mapa-quimica-analitica-e-instrumental-53_2024\" \/>\n<meta property=\"og:locale\" content=\"pt_BR\" \/>\n<meta property=\"og:type\" content=\"article\" \/>\n<meta property=\"og:title\" content=\"MAPA - QU\u00cdMICA ANAL\u00cdTICA E INSTRUMENTAL - 53_2024\" \/>\n<meta property=\"og:description\" content=\"Atividade MAPA - QU\u00cdMICA ANAL\u00cdTICA E INSTRUMENTAL - 53_2024 &#8902; Unicesumar. Baixe agora mesmo um Mapa Pronto resolvido!\" \/>\n<meta property=\"og:url\" content=\"https:\/\/atividademapa.com\/?product=mapa-quimica-analitica-e-instrumental-53_2024\" \/>\n<meta property=\"og:site_name\" content=\"Atividade Mapa\" \/>\n<meta property=\"article:modified_time\" content=\"2024-09-14T01:26:43+00:00\" \/>\n<meta property=\"og:image\" content=\"https:\/\/i0.wp.com\/atividademapa.com\/wp-content\/uploads\/2023\/03\/Atividade-M.A.P.A-3.png?fit=300%2C300&ssl=1\" \/>\n\t<meta property=\"og:image:width\" content=\"300\" \/>\n\t<meta property=\"og:image:height\" content=\"300\" \/>\n\t<meta property=\"og:image:type\" content=\"image\/png\" \/>\n<meta name=\"twitter:card\" content=\"summary_large_image\" \/>\n<meta name=\"twitter:label1\" content=\"Est. tempo de leitura\" \/>\n\t<meta name=\"twitter:data1\" content=\"4 minutos\" \/>\n<script type=\"application\/ld+json\" class=\"yoast-schema-graph\">{\"@context\":\"https:\\\/\\\/schema.org\",\"@graph\":[{\"@type\":\"WebPage\",\"@id\":\"https:\\\/\\\/atividademapa.com\\\/?product=mapa-quimica-analitica-e-instrumental-53_2024\",\"url\":\"https:\\\/\\\/atividademapa.com\\\/?product=mapa-quimica-analitica-e-instrumental-53_2024\",\"name\":\"MAPA - QU\u00cdMICA ANAL\u00cdTICA E INSTRUMENTAL - 53_2024\",\"isPartOf\":{\"@id\":\"https:\\\/\\\/atividademapa.com\\\/#website\"},\"primaryImageOfPage\":{\"@id\":\"https:\\\/\\\/atividademapa.com\\\/?product=mapa-quimica-analitica-e-instrumental-53_2024#primaryimage\"},\"image\":{\"@id\":\"https:\\\/\\\/atividademapa.com\\\/?product=mapa-quimica-analitica-e-instrumental-53_2024#primaryimage\"},\"thumbnailUrl\":\"https:\\\/\\\/i0.wp.com\\\/atividademapa.com\\\/wp-content\\\/uploads\\\/2023\\\/03\\\/Atividade-M.A.P.A-3.png?fit=300%2C300&ssl=1\",\"datePublished\":\"2024-08-05T01:54:25+00:00\",\"dateModified\":\"2024-09-14T01:26:43+00:00\",\"description\":\"Atividade MAPA - QU\u00cdMICA ANAL\u00cdTICA E INSTRUMENTAL - 53_2024 &#8902; Unicesumar. Baixe agora mesmo um Mapa Pronto resolvido!\",\"breadcrumb\":{\"@id\":\"https:\\\/\\\/atividademapa.com\\\/?product=mapa-quimica-analitica-e-instrumental-53_2024#breadcrumb\"},\"inLanguage\":\"pt-BR\",\"potentialAction\":[{\"@type\":\"ReadAction\",\"target\":[\"https:\\\/\\\/atividademapa.com\\\/?product=mapa-quimica-analitica-e-instrumental-53_2024\"]}]},{\"@type\":\"ImageObject\",\"inLanguage\":\"pt-BR\",\"@id\":\"https:\\\/\\\/atividademapa.com\\\/?product=mapa-quimica-analitica-e-instrumental-53_2024#primaryimage\",\"url\":\"https:\\\/\\\/i0.wp.com\\\/atividademapa.com\\\/wp-content\\\/uploads\\\/2023\\\/03\\\/Atividade-M.A.P.A-3.png?fit=300%2C300&ssl=1\",\"contentUrl\":\"https:\\\/\\\/i0.wp.com\\\/atividademapa.com\\\/wp-content\\\/uploads\\\/2023\\\/03\\\/Atividade-M.A.P.A-3.png?fit=300%2C300&ssl=1\",\"width\":300,\"height\":300,\"caption\":\"Mapa Unicesumar Atividade\"},{\"@type\":\"BreadcrumbList\",\"@id\":\"https:\\\/\\\/atividademapa.com\\\/?product=mapa-quimica-analitica-e-instrumental-53_2024#breadcrumb\",\"itemListElement\":[{\"@type\":\"ListItem\",\"position\":1,\"name\":\"In\u00edcio\",\"item\":\"https:\\\/\\\/atividademapa.com\\\/\"},{\"@type\":\"ListItem\",\"position\":2,\"name\":\"MAPAS\",\"item\":\"https:\\\/\\\/atividademapa.com\\\/?page_id=5\"},{\"@type\":\"ListItem\",\"position\":3,\"name\":\"MAPA &#8211; QU\u00cdMICA ANAL\u00cdTICA E INSTRUMENTAL &#8211; 53_2024\"}]},{\"@type\":\"WebSite\",\"@id\":\"https:\\\/\\\/atividademapa.com\\\/#website\",\"url\":\"https:\\\/\\\/atividademapa.com\\\/\",\"name\":\"Atividade Mapa\",\"description\":\"StudeO | Unicesumar\",\"publisher\":{\"@id\":\"https:\\\/\\\/atividademapa.com\\\/#organization\"},\"potentialAction\":[{\"@type\":\"SearchAction\",\"target\":{\"@type\":\"EntryPoint\",\"urlTemplate\":\"https:\\\/\\\/atividademapa.com\\\/?s={search_term_string}\"},\"query-input\":{\"@type\":\"PropertyValueSpecification\",\"valueRequired\":true,\"valueName\":\"search_term_string\"}}],\"inLanguage\":\"pt-BR\"},{\"@type\":\"Organization\",\"@id\":\"https:\\\/\\\/atividademapa.com\\\/#organization\",\"name\":\"Atividade MAPA\",\"url\":\"https:\\\/\\\/atividademapa.com\\\/\",\"logo\":{\"@type\":\"ImageObject\",\"inLanguage\":\"pt-BR\",\"@id\":\"https:\\\/\\\/atividademapa.com\\\/#\\\/schema\\\/logo\\\/image\\\/\",\"url\":\"https:\\\/\\\/i0.wp.com\\\/atividademapa.com\\\/wp-content\\\/uploads\\\/2023\\\/02\\\/ATIVIDADE.png?fit=600%2C300&ssl=1\",\"contentUrl\":\"https:\\\/\\\/i0.wp.com\\\/atividademapa.com\\\/wp-content\\\/uploads\\\/2023\\\/02\\\/ATIVIDADE.png?fit=600%2C300&ssl=1\",\"width\":600,\"height\":300,\"caption\":\"Atividade MAPA\"},\"image\":{\"@id\":\"https:\\\/\\\/atividademapa.com\\\/#\\\/schema\\\/logo\\\/image\\\/\"}}]}<\/script>\n<!-- \/ Yoast SEO plugin. -->","yoast_head_json":{"title":"MAPA - QU\u00cdMICA ANAL\u00cdTICA E INSTRUMENTAL - 53_2024","description":"Atividade MAPA - QU\u00cdMICA ANAL\u00cdTICA E INSTRUMENTAL - 53_2024 &#8902; Unicesumar. Baixe agora mesmo um Mapa Pronto resolvido!","robots":{"index":"index","follow":"follow","max-snippet":"max-snippet:-1","max-image-preview":"max-image-preview:large","max-video-preview":"max-video-preview:-1"},"canonical":"https:\/\/atividademapa.com\/?product=mapa-quimica-analitica-e-instrumental-53_2024","og_locale":"pt_BR","og_type":"article","og_title":"MAPA - QU\u00cdMICA ANAL\u00cdTICA E INSTRUMENTAL - 53_2024","og_description":"Atividade MAPA - QU\u00cdMICA ANAL\u00cdTICA E INSTRUMENTAL - 53_2024 &#8902; Unicesumar. Baixe agora mesmo um Mapa Pronto resolvido!","og_url":"https:\/\/atividademapa.com\/?product=mapa-quimica-analitica-e-instrumental-53_2024","og_site_name":"Atividade Mapa","article_modified_time":"2024-09-14T01:26:43+00:00","og_image":[{"width":300,"height":300,"url":"https:\/\/i0.wp.com\/atividademapa.com\/wp-content\/uploads\/2023\/03\/Atividade-M.A.P.A-3.png?fit=300%2C300&ssl=1","type":"image\/png"}],"twitter_card":"summary_large_image","twitter_misc":{"Est. tempo de leitura":"4 minutos"},"schema":{"@context":"https:\/\/schema.org","@graph":[{"@type":"WebPage","@id":"https:\/\/atividademapa.com\/?product=mapa-quimica-analitica-e-instrumental-53_2024","url":"https:\/\/atividademapa.com\/?product=mapa-quimica-analitica-e-instrumental-53_2024","name":"MAPA - QU\u00cdMICA ANAL\u00cdTICA E INSTRUMENTAL - 53_2024","isPartOf":{"@id":"https:\/\/atividademapa.com\/#website"},"primaryImageOfPage":{"@id":"https:\/\/atividademapa.com\/?product=mapa-quimica-analitica-e-instrumental-53_2024#primaryimage"},"image":{"@id":"https:\/\/atividademapa.com\/?product=mapa-quimica-analitica-e-instrumental-53_2024#primaryimage"},"thumbnailUrl":"https:\/\/i0.wp.com\/atividademapa.com\/wp-content\/uploads\/2023\/03\/Atividade-M.A.P.A-3.png?fit=300%2C300&ssl=1","datePublished":"2024-08-05T01:54:25+00:00","dateModified":"2024-09-14T01:26:43+00:00","description":"Atividade MAPA - QU\u00cdMICA ANAL\u00cdTICA E INSTRUMENTAL - 53_2024 &#8902; Unicesumar. Baixe agora mesmo um Mapa Pronto resolvido!","breadcrumb":{"@id":"https:\/\/atividademapa.com\/?product=mapa-quimica-analitica-e-instrumental-53_2024#breadcrumb"},"inLanguage":"pt-BR","potentialAction":[{"@type":"ReadAction","target":["https:\/\/atividademapa.com\/?product=mapa-quimica-analitica-e-instrumental-53_2024"]}]},{"@type":"ImageObject","inLanguage":"pt-BR","@id":"https:\/\/atividademapa.com\/?product=mapa-quimica-analitica-e-instrumental-53_2024#primaryimage","url":"https:\/\/i0.wp.com\/atividademapa.com\/wp-content\/uploads\/2023\/03\/Atividade-M.A.P.A-3.png?fit=300%2C300&ssl=1","contentUrl":"https:\/\/i0.wp.com\/atividademapa.com\/wp-content\/uploads\/2023\/03\/Atividade-M.A.P.A-3.png?fit=300%2C300&ssl=1","width":300,"height":300,"caption":"Mapa Unicesumar Atividade"},{"@type":"BreadcrumbList","@id":"https:\/\/atividademapa.com\/?product=mapa-quimica-analitica-e-instrumental-53_2024#breadcrumb","itemListElement":[{"@type":"ListItem","position":1,"name":"In\u00edcio","item":"https:\/\/atividademapa.com\/"},{"@type":"ListItem","position":2,"name":"MAPAS","item":"https:\/\/atividademapa.com\/?page_id=5"},{"@type":"ListItem","position":3,"name":"MAPA &#8211; QU\u00cdMICA ANAL\u00cdTICA E INSTRUMENTAL &#8211; 53_2024"}]},{"@type":"WebSite","@id":"https:\/\/atividademapa.com\/#website","url":"https:\/\/atividademapa.com\/","name":"Atividade Mapa","description":"StudeO | Unicesumar","publisher":{"@id":"https:\/\/atividademapa.com\/#organization"},"potentialAction":[{"@type":"SearchAction","target":{"@type":"EntryPoint","urlTemplate":"https:\/\/atividademapa.com\/?s={search_term_string}"},"query-input":{"@type":"PropertyValueSpecification","valueRequired":true,"valueName":"search_term_string"}}],"inLanguage":"pt-BR"},{"@type":"Organization","@id":"https:\/\/atividademapa.com\/#organization","name":"Atividade MAPA","url":"https:\/\/atividademapa.com\/","logo":{"@type":"ImageObject","inLanguage":"pt-BR","@id":"https:\/\/atividademapa.com\/#\/schema\/logo\/image\/","url":"https:\/\/i0.wp.com\/atividademapa.com\/wp-content\/uploads\/2023\/02\/ATIVIDADE.png?fit=600%2C300&ssl=1","contentUrl":"https:\/\/i0.wp.com\/atividademapa.com\/wp-content\/uploads\/2023\/02\/ATIVIDADE.png?fit=600%2C300&ssl=1","width":600,"height":300,"caption":"Atividade MAPA"},"image":{"@id":"https:\/\/atividademapa.com\/#\/schema\/logo\/image\/"}}]}},"_links":{"self":[{"href":"https:\/\/atividademapa.com\/index.php?rest_route=\/wp\/v2\/product\/4509","targetHints":{"allow":["GET"]}}],"collection":[{"href":"https:\/\/atividademapa.com\/index.php?rest_route=\/wp\/v2\/product"}],"about":[{"href":"https:\/\/atividademapa.com\/index.php?rest_route=\/wp\/v2\/types\/product"}],"version-history":[{"count":2,"href":"https:\/\/atividademapa.com\/index.php?rest_route=\/wp\/v2\/product\/4509\/revisions"}],"predecessor-version":[{"id":4512,"href":"https:\/\/atividademapa.com\/index.php?rest_route=\/wp\/v2\/product\/4509\/revisions\/4512"}],"wp:featuredmedia":[{"embeddable":true,"href":"https:\/\/atividademapa.com\/index.php?rest_route=\/wp\/v2\/media\/2326"}],"wp:attachment":[{"href":"https:\/\/atividademapa.com\/index.php?rest_route=%2Fwp%2Fv2%2Fmedia&parent=4509"}],"wp:term":[{"taxonomy":"product_brand","embeddable":true,"href":"https:\/\/atividademapa.com\/index.php?rest_route=%2Fwp%2Fv2%2Fproduct_brand&post=4509"},{"taxonomy":"product_cat","embeddable":true,"href":"https:\/\/atividademapa.com\/index.php?rest_route=%2Fwp%2Fv2%2Fproduct_cat&post=4509"},{"taxonomy":"product_tag","embeddable":true,"href":"https:\/\/atividademapa.com\/index.php?rest_route=%2Fwp%2Fv2%2Fproduct_tag&post=4509"}],"curies":[{"name":"wp","href":"https:\/\/api.w.org\/{rel}","templated":true}]}}