{"id":4584,"date":"2024-08-19T09:15:37","date_gmt":"2024-08-19T12:15:37","guid":{"rendered":"https:\/\/atividademapa.com\/?post_type=product&#038;p=4584"},"modified":"2024-08-27T10:10:58","modified_gmt":"2024-08-27T13:10:58","slug":"imersao-profissional-analise-economico-financeira-e-orcamentaria","status":"publish","type":"product","link":"https:\/\/atividademapa.com\/?product=imersao-profissional-analise-economico-financeira-e-orcamentaria","title":{"rendered":"Imers\u00e3o Profissional: An\u00e1lise Econ\u00f4mico-Financeira e Or\u00e7ament\u00e1ria"},"content":{"rendered":"<p>Imers\u00e3o Profissional: An\u00e1lise Econ\u00f4mico-Financeira e Or\u00e7ament\u00e1ria 53\/2024<\/p>\n<p>IMERS\u00c3O PROFISSIONAL: AN\u00c1LISE ECON\u00d4MICO-FINANCEIRA E OR\u00c7AMENT\u00c1RIA<\/p>\n<p>Caro estudante, seja bem-vindo(a) \u00e0 atividade imersiva de nossa disciplina.<\/p>\n<p>Voc\u00ea \u00e9 o analista financeiro da empresa Educafin Ltda, que possui uma plataforma inovadora para o segmento educacional, oferecendo um metaverso incr\u00edvel para os alunos de diversas escolas aprenderem conte\u00fados de diversas disciplinas de forma l\u00fadica.<br \/>\nAl\u00e9m da venda de licen\u00e7as para o uso da plataforma, a empresa tamb\u00e9m desenvolve projetos customizados de metaverso, de acordo com as necessidades de cada cliente. Como o servi\u00e7o prestado \u00e9 inovador, a empresa est\u00e1 em crescimento de vendas desde o ano de 2023.<br \/>\nCom uma reuni\u00e3o de diretoria marcada para os pr\u00f3ximos dias, voc\u00ea est\u00e1 preparando os relat\u00f3rios para apresenta\u00e7\u00e3o do fechamento do segundo trimestre de 2024. Na apresenta\u00e7\u00e3o da reuni\u00e3o, al\u00e9m dos resultados do per\u00edodo, tamb\u00e9m ser\u00e1 apresentado a an\u00e1lise entre os valores or\u00e7ados e realizados, n\u00e3o s\u00f3 do per\u00edodo em quest\u00e3o, mas tamb\u00e9m dos quatro trimestres de 2023 e primeiro trimestre de 2024. Os diretores tamb\u00e9m fazem quest\u00e3o de acompanhar o or\u00e7amento atual para os pr\u00f3ximos trimestres.<br \/>\nAo receber os dados solicitados aos departamentos cont\u00e1bil e financeiro, voc\u00ea identificou que est\u00e3o faltando alguns n\u00fameros. Como voc\u00ea realiza as an\u00e1lises e compreende bem os c\u00e1lculos para obter os valores apresentados, optou por aproveitar a situa\u00e7\u00e3o para calcular e informar os valores faltantes, como forma de tamb\u00e9m validar os dados apresentados.<br \/>\nNas pr\u00f3ximas abas dessa planilha, voc\u00ea encontrar\u00e1 dados relacionados ao: or\u00e7amento de vendas (abas em azul), or\u00e7amento de custos dos servi\u00e7os prestados (abas em vermelho), or\u00e7amento de despesas operacionais (aba em amarelo), or\u00e7amento de tributos (aba em verde) e a demonstra\u00e7\u00e3o do resultado do exerc\u00edcio (aba em preto).<br \/>\nEm cada aba voc\u00ea encontrar\u00e1 informa\u00e7\u00f5es referentes aos dados em quest\u00e3o e em algumas abas, logo abaixo das informa\u00e7\u00f5es, voc\u00ea encontrar\u00e1 o &#8220;Agora \u00e9 com voc\u00ea&#8221;, com orienta\u00e7\u00f5es para que voc\u00ea efetue os c\u00e1lculos e\/ou an\u00e1lises, visando se preparar completar os dados para a reuni\u00e3o com a diretoria.<br \/>\nNas informa\u00e7\u00f5es deixadas pelos departamentos financeiro e cont\u00e1bil, voc\u00ea perceber\u00e1 a influ\u00eancia de fatores externos \u00e0 organiza\u00e7\u00e3o, impactando diretamente em seu or\u00e7amento e resultado (lucro), como por exemplo: aumento sindical de sal\u00e1rios e aumento de demanda pelos servi\u00e7os por conta de uma normativa do Banco Central do Brasil. N\u00e3o esque\u00e7a desses fatores na hora da reuni\u00e3o, heim!<br \/>\nLembre-se de assistir \u00e0s aulas da nossa disciplina (gravadas e ao vivo), elas v\u00e3o te ajudar no desenvolvimento da atividade!<br \/>\nApertem os cintos e vamos nessa!<\/p>\n<table width=\"1170\">\n<tbody>\n<tr>\n<td colspan=\"2\" width=\"546\">OR\u00c7AMENTO DO PRE\u00c7O DE VENDA<\/td>\n<td width=\"181\"><\/td>\n<td width=\"181\"><\/td>\n<td width=\"181\"><\/td>\n<td width=\"81\"><\/td>\n<\/tr>\n<tr>\n<td><\/td>\n<td><\/td>\n<td><\/td>\n<td><\/td>\n<td><\/td>\n<td><\/td>\n<\/tr>\n<tr>\n<td><\/td>\n<td>1 TRIMESTRE 2023<\/td>\n<td>2 TRIMESTRE 2023<\/td>\n<td>3 TRIMESTRE 2023<\/td>\n<td>4 TRIMESTRE 2023<\/td>\n<td><\/td>\n<\/tr>\n<tr>\n<td>Servi\u00e7os<\/td>\n<td rowspan=\"2\"><\/td>\n<td rowspan=\"2\"><\/td>\n<td rowspan=\"2\"><\/td>\n<td rowspan=\"2\"><\/td>\n<td><\/td>\n<\/tr>\n<tr>\n<td>Licen\u00e7as metaverso educacional<\/td>\n<td><\/td>\n<\/tr>\n<tr>\n<td>Plano 1 &#8211; Premium<\/td>\n<td>62,50<\/td>\n<td>62,50<\/td>\n<td>62,50<\/td>\n<td>68,75<\/td>\n<td><\/td>\n<\/tr>\n<tr>\n<td>Plano 2 &#8211; Basic<\/td>\n<td>50,00<\/td>\n<td>50,00<\/td>\n<td>50,00<\/td>\n<td>55,00<\/td>\n<td><\/td>\n<\/tr>\n<tr>\n<td>Projetos customizados<\/td>\n<td><\/td>\n<td><\/td>\n<td><\/td>\n<td><\/td>\n<td><\/td>\n<\/tr>\n<tr>\n<td>Projetos customizados \/ hora<\/td>\n<td>450,00<\/td>\n<td>450,00<\/td>\n<td>450,00<\/td>\n<td>495,00<\/td>\n<td><\/td>\n<\/tr>\n<tr>\n<td><\/td>\n<td><\/td>\n<td><\/td>\n<td><\/td>\n<td><\/td>\n<td><\/td>\n<\/tr>\n<tr>\n<td><\/td>\n<td><\/td>\n<td><\/td>\n<td><\/td>\n<td><\/td>\n<td><\/td>\n<\/tr>\n<tr>\n<td><\/td>\n<td>1 TRIMESTRE 2024<\/td>\n<td>2 TRIMESTRE 2024<\/td>\n<td>3 TRIMESTRE 2024<\/td>\n<td>4 TRIMESTRE 2024<\/td>\n<td><\/td>\n<\/tr>\n<tr>\n<td>Servi\u00e7os<\/td>\n<td rowspan=\"2\"><\/td>\n<td rowspan=\"2\"><\/td>\n<td rowspan=\"2\"><\/td>\n<td rowspan=\"2\"><\/td>\n<td><\/td>\n<\/tr>\n<tr>\n<td>Licen\u00e7as metaverso educacional<\/td>\n<td><\/td>\n<\/tr>\n<tr>\n<td>Plano 1 &#8211; Premium<\/td>\n<td>68,75<\/td>\n<td>68,75<\/td>\n<td>68,75<\/td>\n<td>75,63<\/td>\n<td><\/td>\n<\/tr>\n<tr>\n<td>Plano 2 &#8211; Basic<\/td>\n<td>55,00<\/td>\n<td>55,00<\/td>\n<td>55,00<\/td>\n<td>60,50<\/td>\n<td><\/td>\n<\/tr>\n<tr>\n<td>Projetos customizados<\/td>\n<td><\/td>\n<td><\/td>\n<td><\/td>\n<td><\/td>\n<td><\/td>\n<\/tr>\n<tr>\n<td>Projetos customizados \/ hora<\/td>\n<td>495,00<\/td>\n<td>495,00<\/td>\n<td>495,00<\/td>\n<td>544,50<\/td>\n<td><\/td>\n<\/tr>\n<tr>\n<td><\/td>\n<td><\/td>\n<td><\/td>\n<td><\/td>\n<td><\/td>\n<td><\/td>\n<\/tr>\n<tr>\n<td><\/td>\n<td><\/td>\n<td><\/td>\n<td><\/td>\n<td><\/td>\n<td><\/td>\n<\/tr>\n<tr>\n<td>Informa\u00e7\u00f5es:<\/td>\n<td><\/td>\n<td><\/td>\n<td><\/td>\n<td><\/td>\n<td><\/td>\n<\/tr>\n<tr>\n<td colspan=\"3\">1) No \u00faltimo trimestre de cada ano, a empresa reajusta os pre\u00e7os de venda em 10%.<\/td>\n<td><\/td>\n<td><\/td>\n<td><\/td>\n<\/tr>\n<tr>\n<td colspan=\"5\">2) Os valores de pre\u00e7o de venda s\u00e3o por trimestre (licen\u00e7a trimestral), ou seja, n\u00e3o precisa multiplicar por 3 para calcular a receita de venda do trimestre.<\/td>\n<td><\/td>\n<\/tr>\n<tr>\n<td><\/td>\n<td><\/td>\n<td><\/td>\n<td><\/td>\n<td><\/td>\n<td><\/td>\n<\/tr>\n<\/tbody>\n<\/table>\n<p>&nbsp;<\/p>\n","protected":false},"excerpt":{"rendered":"<p>Imers\u00e3o Profissional: An\u00e1lise Econ\u00f4mico-Financeira e Or\u00e7ament\u00e1ria 53\/2024 IMERS\u00c3O PROFISSIONAL: AN\u00c1LISE ECON\u00d4MICO-FINANCEIRA E OR\u00c7AMENT\u00c1RIA Caro estudante, seja bem-vindo(a) \u00e0 atividade imersiva<\/p>\n","protected":false},"featured_media":2326,"template":"","meta":{"_monsterinsights_skip_tracking":false,"_monsterinsights_sitenote_active":false,"_monsterinsights_sitenote_note":"","_monsterinsights_sitenote_category":0},"product_brand":[],"product_cat":[70],"product_tag":[],"class_list":{"0":"post-4584","1":"product","2":"type-product","3":"status-publish","4":"has-post-thumbnail","6":"product_cat-cst-em-gestao-financeira","8":"first","9":"instock","10":"downloadable","11":"virtual","12":"purchasable","13":"product-type-simple"},"yoast_head":"<!-- This site is optimized with the Yoast SEO plugin v27.4 - https:\/\/yoast.com\/product\/yoast-seo-wordpress\/ -->\n<title>Imers\u00e3o Profissional: An\u00e1lise Econ\u00f4mico-Financeira e Or\u00e7ament\u00e1ria<\/title>\n<meta name=\"description\" content=\"Atividade Imers\u00e3o Profissional: An\u00e1lise Econ\u00f4mico-Financeira e Or\u00e7ament\u00e1ria &#8902; Unicesumar. Baixe agora mesmo um Mapa Pronto resolvido!\" \/>\n<meta name=\"robots\" content=\"index, follow, max-snippet:-1, max-image-preview:large, max-video-preview:-1\" \/>\n<link rel=\"canonical\" href=\"https:\/\/atividademapa.com\/?product=imersao-profissional-analise-economico-financeira-e-orcamentaria\" \/>\n<meta property=\"og:locale\" content=\"pt_BR\" \/>\n<meta property=\"og:type\" content=\"article\" \/>\n<meta property=\"og:title\" content=\"Imers\u00e3o Profissional: An\u00e1lise Econ\u00f4mico-Financeira e Or\u00e7ament\u00e1ria\" \/>\n<meta property=\"og:description\" content=\"Atividade Imers\u00e3o Profissional: An\u00e1lise Econ\u00f4mico-Financeira e Or\u00e7ament\u00e1ria &#8902; Unicesumar. Baixe agora mesmo um Mapa Pronto resolvido!\" \/>\n<meta property=\"og:url\" content=\"https:\/\/atividademapa.com\/?product=imersao-profissional-analise-economico-financeira-e-orcamentaria\" \/>\n<meta property=\"og:site_name\" content=\"Atividade Mapa\" \/>\n<meta property=\"article:modified_time\" content=\"2024-08-27T13:10:58+00:00\" \/>\n<meta property=\"og:image\" content=\"https:\/\/i0.wp.com\/atividademapa.com\/wp-content\/uploads\/2023\/03\/Atividade-M.A.P.A-3.png?fit=300%2C300&ssl=1\" \/>\n\t<meta property=\"og:image:width\" content=\"300\" \/>\n\t<meta property=\"og:image:height\" content=\"300\" \/>\n\t<meta property=\"og:image:type\" content=\"image\/png\" \/>\n<meta name=\"twitter:card\" content=\"summary_large_image\" \/>\n<meta name=\"twitter:label1\" content=\"Est. tempo de leitura\" \/>\n\t<meta name=\"twitter:data1\" content=\"3 minutos\" \/>\n<script type=\"application\/ld+json\" class=\"yoast-schema-graph\">{\"@context\":\"https:\\\/\\\/schema.org\",\"@graph\":[{\"@type\":\"WebPage\",\"@id\":\"https:\\\/\\\/atividademapa.com\\\/?product=imersao-profissional-analise-economico-financeira-e-orcamentaria\",\"url\":\"https:\\\/\\\/atividademapa.com\\\/?product=imersao-profissional-analise-economico-financeira-e-orcamentaria\",\"name\":\"Imers\u00e3o Profissional: An\u00e1lise Econ\u00f4mico-Financeira e Or\u00e7ament\u00e1ria\",\"isPartOf\":{\"@id\":\"https:\\\/\\\/atividademapa.com\\\/#website\"},\"primaryImageOfPage\":{\"@id\":\"https:\\\/\\\/atividademapa.com\\\/?product=imersao-profissional-analise-economico-financeira-e-orcamentaria#primaryimage\"},\"image\":{\"@id\":\"https:\\\/\\\/atividademapa.com\\\/?product=imersao-profissional-analise-economico-financeira-e-orcamentaria#primaryimage\"},\"thumbnailUrl\":\"https:\\\/\\\/i0.wp.com\\\/atividademapa.com\\\/wp-content\\\/uploads\\\/2023\\\/03\\\/Atividade-M.A.P.A-3.png?fit=300%2C300&ssl=1\",\"datePublished\":\"2024-08-19T12:15:37+00:00\",\"dateModified\":\"2024-08-27T13:10:58+00:00\",\"description\":\"Atividade Imers\u00e3o Profissional: An\u00e1lise Econ\u00f4mico-Financeira e Or\u00e7ament\u00e1ria &#8902; Unicesumar. Baixe agora mesmo um Mapa Pronto resolvido!\",\"breadcrumb\":{\"@id\":\"https:\\\/\\\/atividademapa.com\\\/?product=imersao-profissional-analise-economico-financeira-e-orcamentaria#breadcrumb\"},\"inLanguage\":\"pt-BR\",\"potentialAction\":[{\"@type\":\"ReadAction\",\"target\":[\"https:\\\/\\\/atividademapa.com\\\/?product=imersao-profissional-analise-economico-financeira-e-orcamentaria\"]}]},{\"@type\":\"ImageObject\",\"inLanguage\":\"pt-BR\",\"@id\":\"https:\\\/\\\/atividademapa.com\\\/?product=imersao-profissional-analise-economico-financeira-e-orcamentaria#primaryimage\",\"url\":\"https:\\\/\\\/i0.wp.com\\\/atividademapa.com\\\/wp-content\\\/uploads\\\/2023\\\/03\\\/Atividade-M.A.P.A-3.png?fit=300%2C300&ssl=1\",\"contentUrl\":\"https:\\\/\\\/i0.wp.com\\\/atividademapa.com\\\/wp-content\\\/uploads\\\/2023\\\/03\\\/Atividade-M.A.P.A-3.png?fit=300%2C300&ssl=1\",\"width\":300,\"height\":300,\"caption\":\"Mapa Unicesumar Atividade\"},{\"@type\":\"BreadcrumbList\",\"@id\":\"https:\\\/\\\/atividademapa.com\\\/?product=imersao-profissional-analise-economico-financeira-e-orcamentaria#breadcrumb\",\"itemListElement\":[{\"@type\":\"ListItem\",\"position\":1,\"name\":\"In\u00edcio\",\"item\":\"https:\\\/\\\/atividademapa.com\\\/\"},{\"@type\":\"ListItem\",\"position\":2,\"name\":\"MAPAS\",\"item\":\"https:\\\/\\\/atividademapa.com\\\/?page_id=5\"},{\"@type\":\"ListItem\",\"position\":3,\"name\":\"Imers\u00e3o Profissional: An\u00e1lise Econ\u00f4mico-Financeira e Or\u00e7ament\u00e1ria\"}]},{\"@type\":\"WebSite\",\"@id\":\"https:\\\/\\\/atividademapa.com\\\/#website\",\"url\":\"https:\\\/\\\/atividademapa.com\\\/\",\"name\":\"Atividade Mapa\",\"description\":\"StudeO | Unicesumar\",\"publisher\":{\"@id\":\"https:\\\/\\\/atividademapa.com\\\/#organization\"},\"potentialAction\":[{\"@type\":\"SearchAction\",\"target\":{\"@type\":\"EntryPoint\",\"urlTemplate\":\"https:\\\/\\\/atividademapa.com\\\/?s={search_term_string}\"},\"query-input\":{\"@type\":\"PropertyValueSpecification\",\"valueRequired\":true,\"valueName\":\"search_term_string\"}}],\"inLanguage\":\"pt-BR\"},{\"@type\":\"Organization\",\"@id\":\"https:\\\/\\\/atividademapa.com\\\/#organization\",\"name\":\"Atividade MAPA\",\"url\":\"https:\\\/\\\/atividademapa.com\\\/\",\"logo\":{\"@type\":\"ImageObject\",\"inLanguage\":\"pt-BR\",\"@id\":\"https:\\\/\\\/atividademapa.com\\\/#\\\/schema\\\/logo\\\/image\\\/\",\"url\":\"https:\\\/\\\/i0.wp.com\\\/atividademapa.com\\\/wp-content\\\/uploads\\\/2023\\\/02\\\/ATIVIDADE.png?fit=600%2C300&ssl=1\",\"contentUrl\":\"https:\\\/\\\/i0.wp.com\\\/atividademapa.com\\\/wp-content\\\/uploads\\\/2023\\\/02\\\/ATIVIDADE.png?fit=600%2C300&ssl=1\",\"width\":600,\"height\":300,\"caption\":\"Atividade MAPA\"},\"image\":{\"@id\":\"https:\\\/\\\/atividademapa.com\\\/#\\\/schema\\\/logo\\\/image\\\/\"}}]}<\/script>\n<!-- \/ Yoast SEO plugin. -->","yoast_head_json":{"title":"Imers\u00e3o Profissional: An\u00e1lise Econ\u00f4mico-Financeira e Or\u00e7ament\u00e1ria","description":"Atividade Imers\u00e3o Profissional: An\u00e1lise Econ\u00f4mico-Financeira e Or\u00e7ament\u00e1ria &#8902; Unicesumar. Baixe agora mesmo um Mapa Pronto resolvido!","robots":{"index":"index","follow":"follow","max-snippet":"max-snippet:-1","max-image-preview":"max-image-preview:large","max-video-preview":"max-video-preview:-1"},"canonical":"https:\/\/atividademapa.com\/?product=imersao-profissional-analise-economico-financeira-e-orcamentaria","og_locale":"pt_BR","og_type":"article","og_title":"Imers\u00e3o Profissional: An\u00e1lise Econ\u00f4mico-Financeira e Or\u00e7ament\u00e1ria","og_description":"Atividade Imers\u00e3o Profissional: An\u00e1lise Econ\u00f4mico-Financeira e Or\u00e7ament\u00e1ria &#8902; Unicesumar. Baixe agora mesmo um Mapa Pronto resolvido!","og_url":"https:\/\/atividademapa.com\/?product=imersao-profissional-analise-economico-financeira-e-orcamentaria","og_site_name":"Atividade Mapa","article_modified_time":"2024-08-27T13:10:58+00:00","og_image":[{"width":300,"height":300,"url":"https:\/\/i0.wp.com\/atividademapa.com\/wp-content\/uploads\/2023\/03\/Atividade-M.A.P.A-3.png?fit=300%2C300&ssl=1","type":"image\/png"}],"twitter_card":"summary_large_image","twitter_misc":{"Est. tempo de leitura":"3 minutos"},"schema":{"@context":"https:\/\/schema.org","@graph":[{"@type":"WebPage","@id":"https:\/\/atividademapa.com\/?product=imersao-profissional-analise-economico-financeira-e-orcamentaria","url":"https:\/\/atividademapa.com\/?product=imersao-profissional-analise-economico-financeira-e-orcamentaria","name":"Imers\u00e3o Profissional: An\u00e1lise Econ\u00f4mico-Financeira e Or\u00e7ament\u00e1ria","isPartOf":{"@id":"https:\/\/atividademapa.com\/#website"},"primaryImageOfPage":{"@id":"https:\/\/atividademapa.com\/?product=imersao-profissional-analise-economico-financeira-e-orcamentaria#primaryimage"},"image":{"@id":"https:\/\/atividademapa.com\/?product=imersao-profissional-analise-economico-financeira-e-orcamentaria#primaryimage"},"thumbnailUrl":"https:\/\/i0.wp.com\/atividademapa.com\/wp-content\/uploads\/2023\/03\/Atividade-M.A.P.A-3.png?fit=300%2C300&ssl=1","datePublished":"2024-08-19T12:15:37+00:00","dateModified":"2024-08-27T13:10:58+00:00","description":"Atividade Imers\u00e3o Profissional: An\u00e1lise Econ\u00f4mico-Financeira e Or\u00e7ament\u00e1ria &#8902; Unicesumar. Baixe agora mesmo um Mapa Pronto resolvido!","breadcrumb":{"@id":"https:\/\/atividademapa.com\/?product=imersao-profissional-analise-economico-financeira-e-orcamentaria#breadcrumb"},"inLanguage":"pt-BR","potentialAction":[{"@type":"ReadAction","target":["https:\/\/atividademapa.com\/?product=imersao-profissional-analise-economico-financeira-e-orcamentaria"]}]},{"@type":"ImageObject","inLanguage":"pt-BR","@id":"https:\/\/atividademapa.com\/?product=imersao-profissional-analise-economico-financeira-e-orcamentaria#primaryimage","url":"https:\/\/i0.wp.com\/atividademapa.com\/wp-content\/uploads\/2023\/03\/Atividade-M.A.P.A-3.png?fit=300%2C300&ssl=1","contentUrl":"https:\/\/i0.wp.com\/atividademapa.com\/wp-content\/uploads\/2023\/03\/Atividade-M.A.P.A-3.png?fit=300%2C300&ssl=1","width":300,"height":300,"caption":"Mapa Unicesumar Atividade"},{"@type":"BreadcrumbList","@id":"https:\/\/atividademapa.com\/?product=imersao-profissional-analise-economico-financeira-e-orcamentaria#breadcrumb","itemListElement":[{"@type":"ListItem","position":1,"name":"In\u00edcio","item":"https:\/\/atividademapa.com\/"},{"@type":"ListItem","position":2,"name":"MAPAS","item":"https:\/\/atividademapa.com\/?page_id=5"},{"@type":"ListItem","position":3,"name":"Imers\u00e3o Profissional: An\u00e1lise Econ\u00f4mico-Financeira e Or\u00e7ament\u00e1ria"}]},{"@type":"WebSite","@id":"https:\/\/atividademapa.com\/#website","url":"https:\/\/atividademapa.com\/","name":"Atividade Mapa","description":"StudeO | Unicesumar","publisher":{"@id":"https:\/\/atividademapa.com\/#organization"},"potentialAction":[{"@type":"SearchAction","target":{"@type":"EntryPoint","urlTemplate":"https:\/\/atividademapa.com\/?s={search_term_string}"},"query-input":{"@type":"PropertyValueSpecification","valueRequired":true,"valueName":"search_term_string"}}],"inLanguage":"pt-BR"},{"@type":"Organization","@id":"https:\/\/atividademapa.com\/#organization","name":"Atividade MAPA","url":"https:\/\/atividademapa.com\/","logo":{"@type":"ImageObject","inLanguage":"pt-BR","@id":"https:\/\/atividademapa.com\/#\/schema\/logo\/image\/","url":"https:\/\/i0.wp.com\/atividademapa.com\/wp-content\/uploads\/2023\/02\/ATIVIDADE.png?fit=600%2C300&ssl=1","contentUrl":"https:\/\/i0.wp.com\/atividademapa.com\/wp-content\/uploads\/2023\/02\/ATIVIDADE.png?fit=600%2C300&ssl=1","width":600,"height":300,"caption":"Atividade MAPA"},"image":{"@id":"https:\/\/atividademapa.com\/#\/schema\/logo\/image\/"}}]}},"_links":{"self":[{"href":"https:\/\/atividademapa.com\/index.php?rest_route=\/wp\/v2\/product\/4584","targetHints":{"allow":["GET"]}}],"collection":[{"href":"https:\/\/atividademapa.com\/index.php?rest_route=\/wp\/v2\/product"}],"about":[{"href":"https:\/\/atividademapa.com\/index.php?rest_route=\/wp\/v2\/types\/product"}],"version-history":[{"count":3,"href":"https:\/\/atividademapa.com\/index.php?rest_route=\/wp\/v2\/product\/4584\/revisions"}],"predecessor-version":[{"id":4598,"href":"https:\/\/atividademapa.com\/index.php?rest_route=\/wp\/v2\/product\/4584\/revisions\/4598"}],"wp:featuredmedia":[{"embeddable":true,"href":"https:\/\/atividademapa.com\/index.php?rest_route=\/wp\/v2\/media\/2326"}],"wp:attachment":[{"href":"https:\/\/atividademapa.com\/index.php?rest_route=%2Fwp%2Fv2%2Fmedia&parent=4584"}],"wp:term":[{"taxonomy":"product_brand","embeddable":true,"href":"https:\/\/atividademapa.com\/index.php?rest_route=%2Fwp%2Fv2%2Fproduct_brand&post=4584"},{"taxonomy":"product_cat","embeddable":true,"href":"https:\/\/atividademapa.com\/index.php?rest_route=%2Fwp%2Fv2%2Fproduct_cat&post=4584"},{"taxonomy":"product_tag","embeddable":true,"href":"https:\/\/atividademapa.com\/index.php?rest_route=%2Fwp%2Fv2%2Fproduct_tag&post=4584"}],"curies":[{"name":"wp","href":"https:\/\/api.w.org\/{rel}","templated":true}]}}