{"id":4602,"date":"2024-08-30T21:30:35","date_gmt":"2024-08-31T00:30:35","guid":{"rendered":"https:\/\/atividademapa.com\/?post_type=product&#038;p=4602"},"modified":"2024-08-30T21:32:51","modified_gmt":"2024-08-31T00:32:51","slug":"mapa-bedu-biologia-e-bioquimica-humana-53-2024","status":"publish","type":"product","link":"https:\/\/atividademapa.com\/?product=mapa-bedu-biologia-e-bioquimica-humana-53-2024","title":{"rendered":"MAPA &#8211; BEDU &#8211; Biologia e Bioqu\u00edmica Humana 53\/2024"},"content":{"rendered":"<p>MAPA &#8211; BEDU &#8211; Biologia e Bioqu\u00edmica Humana 53\/2024<\/p>\n<p>Todo ser vivo gasta energia a todo o momento para manter as diversas atividades desempenhadas pelo organismo. Nossas c\u00e9lulas est\u00e3o continuamente trocando seus \u00e1tomos e componentes moleculares. Grande parte das subst\u00e2ncias celulares \u00e9 degradada para que novas possam ser sintetizadas. Esta atividade intensa de constru\u00e7\u00e3o e desconstru\u00e7\u00e3o de subst\u00e2ncias \u00e9 feita utilizando energia obtida atrav\u00e9s da degrada\u00e7\u00e3o de nutrientes org\u00e2nicos. Essa din\u00e2mica corporal que ocorre dentro de cada c\u00e9lula constitui o metabolismo.<\/p>\n<p>Considerando o trecho acima, nesta atividade MAPA testaremos seu conhecimento sobre o metabolismo energ\u00e9tico, a partir de quest\u00f5es relacionadas a esse conte\u00fado.<\/p>\n<p>A mol\u00e9cula de ATP fornece energia para todas as rea\u00e7\u00f5es que acontecem em nosso corpo. Por conta disso, essa mol\u00e9cula \u00e9 constantemente regenerada ou ressintetisada a partir de uma rea\u00e7\u00e3o simples conforme representado na imagem abaixo:<\/p>\n<p><img data-recalc-dims=\"1\" loading=\"lazy\" decoding=\"async\" class=\"alignnone  wp-image-4606\" src=\"https:\/\/i0.wp.com\/atividademapa.com\/wp-content\/uploads\/2024\/08\/Bedu.png?resize=391%2C343&#038;ssl=1\" alt=\"\" width=\"391\" height=\"343\" srcset=\"https:\/\/i0.wp.com\/atividademapa.com\/wp-content\/uploads\/2024\/08\/Bedu.png?resize=300%2C263&amp;ssl=1 300w, https:\/\/i0.wp.com\/atividademapa.com\/wp-content\/uploads\/2024\/08\/Bedu.png?resize=150%2C132&amp;ssl=1 150w, https:\/\/i0.wp.com\/atividademapa.com\/wp-content\/uploads\/2024\/08\/Bedu.png?w=418&amp;ssl=1 418w\" sizes=\"auto, (max-width: 391px) 100vw, 391px\" \/><br \/>\nDescri\u00e7\u00e3o da Imagem: No topo, o texto \u201cADP\u201d, no lado direito, um hex\u00e1gono unido a um pent\u00e1gono, ambos verdes com o texto \u201cadenina\u201d em seu interior. Ao lado, tem um hex\u00e1gono unido a um pent\u00e1gono verdes com o texto \u201cadenina\u201d dentro e o pent\u00e1gono est\u00e1 unido a outro pent\u00e1gono azul escrito ribose dentro. Esse pent\u00e1gono azul est\u00e1 unido por uma linha a um c\u00edrculo laranja com um P dentro, que est\u00e1 ligado a outro c\u00edrculo laranja com um P, e esses dois c\u00edrculos est\u00e3o indicados como adenosina difosfato. Ao lado do \u00faltimo c\u00edrculo tem um sinal de mais, seguido de outro c\u00edrculo alaranjado com um P dentro. Abaixo desse c\u00edrculo h\u00e1 o texto \u201cadi\u00e7\u00e3o de um fostato\u201d. H\u00e1 uma flecha na cor preta sinalizando para baixo, no qual h\u00e1 uma outra imagem que inicia com o texto \u201cATP\u201d no centro. H\u00e1 um pent\u00e1gono que est\u00e1 ligado por uma linha preta a outro pent\u00e1gono azul com o texto \u201cribose\u201d, que se liga a uma esfera com a letra P. Essa esfera se liga a outra esfera com a letra P, que tamb\u00e9m est\u00e1 ligada a outra esfera igual. Entre as esferas, a liga\u00e7\u00e3o \u00e9 vermelha em formato de raio e uma forma estrelada amarela. Uma dessas liga\u00e7\u00f5es est\u00e1 indicada como liga\u00e7\u00e3o de baixa energia, e a outra como liga\u00e7\u00e3o de alta energia. As tr\u00eas esferas juntas est\u00e3o indicadas como adenosina trifosfato.<\/p>\n<p>Atividade MAPA:<br \/>\nRESPONDA:<\/p>\n<p>Quest\u00e3o 01. Considerando as informa\u00e7\u00f5es da imagem acima, explique de forma simples e objetiva como acontece a ress\u00edntese do ATP, a partir de uma mol\u00e9cula de ADP.<\/p>\n<p><strong>Quest\u00e3o 02.<\/strong> \u2013 O processo de respira\u00e7\u00e3o celular aer\u00f3bia \u00e9 dividido em tr\u00eas etapas:<\/p>\n<p>1 \u2013 Glic\u00f3lise; 2 \u2013 Ciclo do \u00e1cido C\u00edtrico e 3 \u2013 Fosforila\u00e7\u00e3o oxidativa, conforme apresentado a partir da p\u00e1gina 106 do livro da disciplina. Sobre essas etapas, responda o que se pede a seguir:<\/p>\n<p>a) Em que parte da c\u00e9lula ocorre a glic\u00f3lise e qual \u00e9 o produto final formado nesse processo?<\/p>\n<p>b) Em que parte da c\u00e9lula ocorre o ciclo do \u00e1cido c\u00edtrico e quantas etapas o ciclo possui?<\/p>\n<p>c) A fosforila\u00e7\u00e3o oxidativa \u00e9 a etapa da respira\u00e7\u00e3o celular que mais produz ATP, sendo composta por dois mecanismos. Quantos ATPs, em m\u00e9dia, esta etapa produz e quais s\u00e3o os mecanismos que comp\u00f5em a fosforila\u00e7\u00e3o oxidativa?<\/p>\n<p><strong>Quest\u00e3o 03. <\/strong>A gliconeog\u00eanese \u00e9 um processo que acontece principalmente no f\u00edgado, no qual h\u00e1 a s\u00edntese de glicose a partir de mol\u00e9culas que n\u00e3o s\u00e3o carboidratos. Descreva quais s\u00e3o essas mol\u00e9culas.<\/p>\n<p><strong>Quest\u00e3o 04 &#8211; <\/strong>Apresente as refer\u00eancias bibliogr\u00e1ficas do livro da disciplina, sites ou artigos utilizados para realiza\u00e7\u00e3o desta atividade, conforme as normas ABNT.<\/p>\n<p>&nbsp;<\/p>\n","protected":false},"excerpt":{"rendered":"<p>MAPA &#8211; BEDU &#8211; Biologia e Bioqu\u00edmica Humana 53\/2024 Todo ser vivo gasta energia a todo o momento para manter<\/p>\n","protected":false},"featured_media":2326,"template":"","meta":{"_monsterinsights_skip_tracking":false,"_monsterinsights_sitenote_active":false,"_monsterinsights_sitenote_note":"","_monsterinsights_sitenote_category":0},"product_brand":[],"product_cat":[42],"product_tag":[],"class_list":{"0":"post-4602","1":"product","2":"type-product","3":"status-publish","4":"has-post-thumbnail","6":"product_cat-educacao-fisica","8":"first","9":"instock","10":"downloadable","11":"virtual","12":"purchasable","13":"product-type-simple"},"yoast_head":"<!-- This site is optimized with the Yoast SEO plugin v27.4 - https:\/\/yoast.com\/product\/yoast-seo-wordpress\/ -->\n<title>MAPA - BEDU - Biologia e Bioqu\u00edmica Humana 53\/2024<\/title>\n<meta name=\"description\" content=\"Atividade MAPA - BEDU - Biologia e Bioqu\u00edmica Humana 53\/2024 &#8902; Unicesumar. Baixe agora mesmo um Mapa Pronto resolvido!\" \/>\n<meta name=\"robots\" content=\"index, follow, max-snippet:-1, max-image-preview:large, max-video-preview:-1\" \/>\n<link rel=\"canonical\" href=\"https:\/\/atividademapa.com\/?product=mapa-bedu-biologia-e-bioquimica-humana-53-2024\" \/>\n<meta property=\"og:locale\" content=\"pt_BR\" \/>\n<meta property=\"og:type\" content=\"article\" \/>\n<meta property=\"og:title\" content=\"MAPA - BEDU - Biologia e Bioqu\u00edmica Humana 53\/2024\" \/>\n<meta property=\"og:description\" content=\"Atividade MAPA - BEDU - Biologia e Bioqu\u00edmica Humana 53\/2024 &#8902; Unicesumar. Baixe agora mesmo um Mapa Pronto resolvido!\" \/>\n<meta property=\"og:url\" content=\"https:\/\/atividademapa.com\/?product=mapa-bedu-biologia-e-bioquimica-humana-53-2024\" \/>\n<meta property=\"og:site_name\" content=\"Atividade Mapa\" \/>\n<meta property=\"article:modified_time\" content=\"2024-08-31T00:32:51+00:00\" \/>\n<meta property=\"og:image\" content=\"https:\/\/i0.wp.com\/atividademapa.com\/wp-content\/uploads\/2023\/03\/Atividade-M.A.P.A-3.png?fit=300%2C300&ssl=1\" \/>\n\t<meta property=\"og:image:width\" content=\"300\" \/>\n\t<meta property=\"og:image:height\" content=\"300\" \/>\n\t<meta property=\"og:image:type\" content=\"image\/png\" \/>\n<meta name=\"twitter:card\" content=\"summary_large_image\" \/>\n<meta name=\"twitter:label1\" content=\"Est. tempo de leitura\" \/>\n\t<meta name=\"twitter:data1\" content=\"3 minutos\" \/>\n<script type=\"application\/ld+json\" class=\"yoast-schema-graph\">{\"@context\":\"https:\\\/\\\/schema.org\",\"@graph\":[{\"@type\":\"WebPage\",\"@id\":\"https:\\\/\\\/atividademapa.com\\\/?product=mapa-bedu-biologia-e-bioquimica-humana-53-2024\",\"url\":\"https:\\\/\\\/atividademapa.com\\\/?product=mapa-bedu-biologia-e-bioquimica-humana-53-2024\",\"name\":\"MAPA - BEDU - Biologia e Bioqu\u00edmica Humana 53\\\/2024\",\"isPartOf\":{\"@id\":\"https:\\\/\\\/atividademapa.com\\\/#website\"},\"primaryImageOfPage\":{\"@id\":\"https:\\\/\\\/atividademapa.com\\\/?product=mapa-bedu-biologia-e-bioquimica-humana-53-2024#primaryimage\"},\"image\":{\"@id\":\"https:\\\/\\\/atividademapa.com\\\/?product=mapa-bedu-biologia-e-bioquimica-humana-53-2024#primaryimage\"},\"thumbnailUrl\":\"https:\\\/\\\/i0.wp.com\\\/atividademapa.com\\\/wp-content\\\/uploads\\\/2023\\\/03\\\/Atividade-M.A.P.A-3.png?fit=300%2C300&ssl=1\",\"datePublished\":\"2024-08-31T00:30:35+00:00\",\"dateModified\":\"2024-08-31T00:32:51+00:00\",\"description\":\"Atividade MAPA - BEDU - Biologia e Bioqu\u00edmica Humana 53\\\/2024 &#8902; Unicesumar. Baixe agora mesmo um Mapa Pronto resolvido!\",\"breadcrumb\":{\"@id\":\"https:\\\/\\\/atividademapa.com\\\/?product=mapa-bedu-biologia-e-bioquimica-humana-53-2024#breadcrumb\"},\"inLanguage\":\"pt-BR\",\"potentialAction\":[{\"@type\":\"ReadAction\",\"target\":[\"https:\\\/\\\/atividademapa.com\\\/?product=mapa-bedu-biologia-e-bioquimica-humana-53-2024\"]}]},{\"@type\":\"ImageObject\",\"inLanguage\":\"pt-BR\",\"@id\":\"https:\\\/\\\/atividademapa.com\\\/?product=mapa-bedu-biologia-e-bioquimica-humana-53-2024#primaryimage\",\"url\":\"https:\\\/\\\/i0.wp.com\\\/atividademapa.com\\\/wp-content\\\/uploads\\\/2023\\\/03\\\/Atividade-M.A.P.A-3.png?fit=300%2C300&ssl=1\",\"contentUrl\":\"https:\\\/\\\/i0.wp.com\\\/atividademapa.com\\\/wp-content\\\/uploads\\\/2023\\\/03\\\/Atividade-M.A.P.A-3.png?fit=300%2C300&ssl=1\",\"width\":300,\"height\":300,\"caption\":\"Mapa Unicesumar Atividade\"},{\"@type\":\"BreadcrumbList\",\"@id\":\"https:\\\/\\\/atividademapa.com\\\/?product=mapa-bedu-biologia-e-bioquimica-humana-53-2024#breadcrumb\",\"itemListElement\":[{\"@type\":\"ListItem\",\"position\":1,\"name\":\"In\u00edcio\",\"item\":\"https:\\\/\\\/atividademapa.com\\\/\"},{\"@type\":\"ListItem\",\"position\":2,\"name\":\"MAPAS\",\"item\":\"https:\\\/\\\/atividademapa.com\\\/?page_id=5\"},{\"@type\":\"ListItem\",\"position\":3,\"name\":\"MAPA &#8211; BEDU &#8211; Biologia e Bioqu\u00edmica Humana 53\\\/2024\"}]},{\"@type\":\"WebSite\",\"@id\":\"https:\\\/\\\/atividademapa.com\\\/#website\",\"url\":\"https:\\\/\\\/atividademapa.com\\\/\",\"name\":\"Atividade Mapa\",\"description\":\"StudeO | Unicesumar\",\"publisher\":{\"@id\":\"https:\\\/\\\/atividademapa.com\\\/#organization\"},\"potentialAction\":[{\"@type\":\"SearchAction\",\"target\":{\"@type\":\"EntryPoint\",\"urlTemplate\":\"https:\\\/\\\/atividademapa.com\\\/?s={search_term_string}\"},\"query-input\":{\"@type\":\"PropertyValueSpecification\",\"valueRequired\":true,\"valueName\":\"search_term_string\"}}],\"inLanguage\":\"pt-BR\"},{\"@type\":\"Organization\",\"@id\":\"https:\\\/\\\/atividademapa.com\\\/#organization\",\"name\":\"Atividade MAPA\",\"url\":\"https:\\\/\\\/atividademapa.com\\\/\",\"logo\":{\"@type\":\"ImageObject\",\"inLanguage\":\"pt-BR\",\"@id\":\"https:\\\/\\\/atividademapa.com\\\/#\\\/schema\\\/logo\\\/image\\\/\",\"url\":\"https:\\\/\\\/i0.wp.com\\\/atividademapa.com\\\/wp-content\\\/uploads\\\/2023\\\/02\\\/ATIVIDADE.png?fit=600%2C300&ssl=1\",\"contentUrl\":\"https:\\\/\\\/i0.wp.com\\\/atividademapa.com\\\/wp-content\\\/uploads\\\/2023\\\/02\\\/ATIVIDADE.png?fit=600%2C300&ssl=1\",\"width\":600,\"height\":300,\"caption\":\"Atividade MAPA\"},\"image\":{\"@id\":\"https:\\\/\\\/atividademapa.com\\\/#\\\/schema\\\/logo\\\/image\\\/\"}}]}<\/script>\n<!-- \/ Yoast SEO plugin. -->","yoast_head_json":{"title":"MAPA - BEDU - Biologia e Bioqu\u00edmica Humana 53\/2024","description":"Atividade MAPA - BEDU - Biologia e Bioqu\u00edmica Humana 53\/2024 &#8902; Unicesumar. Baixe agora mesmo um Mapa Pronto resolvido!","robots":{"index":"index","follow":"follow","max-snippet":"max-snippet:-1","max-image-preview":"max-image-preview:large","max-video-preview":"max-video-preview:-1"},"canonical":"https:\/\/atividademapa.com\/?product=mapa-bedu-biologia-e-bioquimica-humana-53-2024","og_locale":"pt_BR","og_type":"article","og_title":"MAPA - BEDU - Biologia e Bioqu\u00edmica Humana 53\/2024","og_description":"Atividade MAPA - BEDU - Biologia e Bioqu\u00edmica Humana 53\/2024 &#8902; Unicesumar. Baixe agora mesmo um Mapa Pronto resolvido!","og_url":"https:\/\/atividademapa.com\/?product=mapa-bedu-biologia-e-bioquimica-humana-53-2024","og_site_name":"Atividade Mapa","article_modified_time":"2024-08-31T00:32:51+00:00","og_image":[{"width":300,"height":300,"url":"https:\/\/i0.wp.com\/atividademapa.com\/wp-content\/uploads\/2023\/03\/Atividade-M.A.P.A-3.png?fit=300%2C300&ssl=1","type":"image\/png"}],"twitter_card":"summary_large_image","twitter_misc":{"Est. tempo de leitura":"3 minutos"},"schema":{"@context":"https:\/\/schema.org","@graph":[{"@type":"WebPage","@id":"https:\/\/atividademapa.com\/?product=mapa-bedu-biologia-e-bioquimica-humana-53-2024","url":"https:\/\/atividademapa.com\/?product=mapa-bedu-biologia-e-bioquimica-humana-53-2024","name":"MAPA - BEDU - Biologia e Bioqu\u00edmica Humana 53\/2024","isPartOf":{"@id":"https:\/\/atividademapa.com\/#website"},"primaryImageOfPage":{"@id":"https:\/\/atividademapa.com\/?product=mapa-bedu-biologia-e-bioquimica-humana-53-2024#primaryimage"},"image":{"@id":"https:\/\/atividademapa.com\/?product=mapa-bedu-biologia-e-bioquimica-humana-53-2024#primaryimage"},"thumbnailUrl":"https:\/\/i0.wp.com\/atividademapa.com\/wp-content\/uploads\/2023\/03\/Atividade-M.A.P.A-3.png?fit=300%2C300&ssl=1","datePublished":"2024-08-31T00:30:35+00:00","dateModified":"2024-08-31T00:32:51+00:00","description":"Atividade MAPA - BEDU - Biologia e Bioqu\u00edmica Humana 53\/2024 &#8902; Unicesumar. Baixe agora mesmo um Mapa Pronto resolvido!","breadcrumb":{"@id":"https:\/\/atividademapa.com\/?product=mapa-bedu-biologia-e-bioquimica-humana-53-2024#breadcrumb"},"inLanguage":"pt-BR","potentialAction":[{"@type":"ReadAction","target":["https:\/\/atividademapa.com\/?product=mapa-bedu-biologia-e-bioquimica-humana-53-2024"]}]},{"@type":"ImageObject","inLanguage":"pt-BR","@id":"https:\/\/atividademapa.com\/?product=mapa-bedu-biologia-e-bioquimica-humana-53-2024#primaryimage","url":"https:\/\/i0.wp.com\/atividademapa.com\/wp-content\/uploads\/2023\/03\/Atividade-M.A.P.A-3.png?fit=300%2C300&ssl=1","contentUrl":"https:\/\/i0.wp.com\/atividademapa.com\/wp-content\/uploads\/2023\/03\/Atividade-M.A.P.A-3.png?fit=300%2C300&ssl=1","width":300,"height":300,"caption":"Mapa Unicesumar Atividade"},{"@type":"BreadcrumbList","@id":"https:\/\/atividademapa.com\/?product=mapa-bedu-biologia-e-bioquimica-humana-53-2024#breadcrumb","itemListElement":[{"@type":"ListItem","position":1,"name":"In\u00edcio","item":"https:\/\/atividademapa.com\/"},{"@type":"ListItem","position":2,"name":"MAPAS","item":"https:\/\/atividademapa.com\/?page_id=5"},{"@type":"ListItem","position":3,"name":"MAPA &#8211; BEDU &#8211; Biologia e Bioqu\u00edmica Humana 53\/2024"}]},{"@type":"WebSite","@id":"https:\/\/atividademapa.com\/#website","url":"https:\/\/atividademapa.com\/","name":"Atividade Mapa","description":"StudeO | Unicesumar","publisher":{"@id":"https:\/\/atividademapa.com\/#organization"},"potentialAction":[{"@type":"SearchAction","target":{"@type":"EntryPoint","urlTemplate":"https:\/\/atividademapa.com\/?s={search_term_string}"},"query-input":{"@type":"PropertyValueSpecification","valueRequired":true,"valueName":"search_term_string"}}],"inLanguage":"pt-BR"},{"@type":"Organization","@id":"https:\/\/atividademapa.com\/#organization","name":"Atividade MAPA","url":"https:\/\/atividademapa.com\/","logo":{"@type":"ImageObject","inLanguage":"pt-BR","@id":"https:\/\/atividademapa.com\/#\/schema\/logo\/image\/","url":"https:\/\/i0.wp.com\/atividademapa.com\/wp-content\/uploads\/2023\/02\/ATIVIDADE.png?fit=600%2C300&ssl=1","contentUrl":"https:\/\/i0.wp.com\/atividademapa.com\/wp-content\/uploads\/2023\/02\/ATIVIDADE.png?fit=600%2C300&ssl=1","width":600,"height":300,"caption":"Atividade MAPA"},"image":{"@id":"https:\/\/atividademapa.com\/#\/schema\/logo\/image\/"}}]}},"_links":{"self":[{"href":"https:\/\/atividademapa.com\/index.php?rest_route=\/wp\/v2\/product\/4602","targetHints":{"allow":["GET"]}}],"collection":[{"href":"https:\/\/atividademapa.com\/index.php?rest_route=\/wp\/v2\/product"}],"about":[{"href":"https:\/\/atividademapa.com\/index.php?rest_route=\/wp\/v2\/types\/product"}],"version-history":[{"count":3,"href":"https:\/\/atividademapa.com\/index.php?rest_route=\/wp\/v2\/product\/4602\/revisions"}],"predecessor-version":[{"id":4607,"href":"https:\/\/atividademapa.com\/index.php?rest_route=\/wp\/v2\/product\/4602\/revisions\/4607"}],"wp:featuredmedia":[{"embeddable":true,"href":"https:\/\/atividademapa.com\/index.php?rest_route=\/wp\/v2\/media\/2326"}],"wp:attachment":[{"href":"https:\/\/atividademapa.com\/index.php?rest_route=%2Fwp%2Fv2%2Fmedia&parent=4602"}],"wp:term":[{"taxonomy":"product_brand","embeddable":true,"href":"https:\/\/atividademapa.com\/index.php?rest_route=%2Fwp%2Fv2%2Fproduct_brand&post=4602"},{"taxonomy":"product_cat","embeddable":true,"href":"https:\/\/atividademapa.com\/index.php?rest_route=%2Fwp%2Fv2%2Fproduct_cat&post=4602"},{"taxonomy":"product_tag","embeddable":true,"href":"https:\/\/atividademapa.com\/index.php?rest_route=%2Fwp%2Fv2%2Fproduct_tag&post=4602"}],"curies":[{"name":"wp","href":"https:\/\/api.w.org\/{rel}","templated":true}]}}