{"id":4608,"date":"2024-08-30T23:07:24","date_gmt":"2024-08-31T02:07:24","guid":{"rendered":"https:\/\/atividademapa.com\/?post_type=product&#038;p=4608"},"modified":"2024-08-30T23:41:29","modified_gmt":"2024-08-31T02:41:29","slug":"mapa-gcom-matematica-financeira-53-2024","status":"publish","type":"product","link":"https:\/\/atividademapa.com\/?product=mapa-gcom-matematica-financeira-53-2024","title":{"rendered":"MAPA &#8211; GCOM &#8211; Matem\u00e1tica Financeira 53\/2024"},"content":{"rendered":"<p>MAPA &#8211; GCOM &#8211; Matem\u00e1tica Financeira 53\/2024<\/p>\n<p>Ol\u00e1 aluno(a)!<br \/>\nChegou o momento de explorar de forma PR\u00c1TICA os conte\u00fados aprendidos na disciplina Matem\u00e1tica<br \/>\nFinanceira, realizando a atividade MAPA! Para isso, voc\u00ea precisa seguir as seguintes etapas:<br \/>\nPrimeira etapa: Leia com aten\u00e7\u00e3o e considere a situa\u00e7\u00e3o hipot\u00e9tica da atividade;<br \/>\nSegunda etapa: Realize e Envie a atividade solicitada.<br \/>\nPRIMEIRA ETAPA: Leia a situa\u00e7\u00e3o hipot\u00e9tica<br \/>\nA empresa Metal\u00fargica Fictal \u00e9 uma ind\u00fastria de m\u00e9dio porte especializada na fabrica\u00e7\u00e3o de componentes<br \/>\nmet\u00e1licos para diversos setores, como automobil\u00edstico, constru\u00e7\u00e3o civil e de m\u00e1quinas e equipamentos.<br \/>\nFundada em 1998, em S\u00e3o Paulo, a empresa ganhou destaque no mercado nacional pela qualidade e<br \/>\nprecis\u00e3o de seus produtos, conquistando uma carteira diversificada de clientes. Nos \u00faltimos anos, a<br \/>\nMetal\u00fargica Fictal vem enfrentando dificuldades financeiras significativas devido a uma combina\u00e7\u00e3o de<br \/>\nfatores adversos. A crescente concorr\u00eancia de empresas estrangeiras, que muitas vezes praticam pre\u00e7os<br \/>\nmais baixos, somada \u00e0 instabilidade econ\u00f4mica do pa\u00eds e ao aumento dos custos das mat\u00e9rias-primas,<br \/>\nreduziu drasticamente as margens de lucro da empresa.<br \/>\nAtualmente a empresa est\u00e1 passando por alguns problemas de caixa e necessita antecipar o recebimento de<br \/>\numa quantia de R$ 125.000,00 (cento e vinte cinco mil reais) que vencer\u00e1 daqui a 1 ano e meio. Diante disso,<br \/>\na empresa procurou seu banco que disponibilizou uma opera\u00e7\u00e3o de desconto a uma taxa de juros de 2,5%<br \/>\nao m\u00eas. Contudo, o banco possibilitou que a Metal\u00fargica Fictal escolha um entre os quatro tipos de<br \/>\ndesconto: Desconto Comercial Simples, Desconto Racional Simples, Desconto Comercial Composto ou<br \/>\nDesconto Racional Composto.<br \/>\nElaborado pelo professor, 2024.<br \/>\nSEGUNDA ETAPA: Realize e envie a atividade solicitada<br \/>\nAgora \u00e9 com voc\u00ea!<br \/>\nCaro(a) estudante, a atividade MAPA consiste na entrega do Formul\u00e1rio Padr\u00e3o dispon\u00edvel no Material da<br \/>\nDisciplina, contendo as respostas para as 5 quest\u00f5es propostas. Considere a situa\u00e7\u00e3o hipot\u00e9tica apresentada<br \/>\ne realize o que se pede.<\/p>\n<p>1. Qual valor a empresa Metal\u00fargica Fictal receber\u00e1 ao escolher o Desconto Comercial Simples?<br \/>\n2. Qual valor a empresa Metal\u00fargica Fictal receber\u00e1 ao escolher o Desconto Racional Simples?<br \/>\n3. Qual valor a empresa Metal\u00fargica Fictal receber\u00e1 ao escolher o Desconto Comercial Composto?<br \/>\n4. Qual valor a empresa Metal\u00fargica Fictal receber\u00e1 ao escolher o Desconto Racional Composto?<br \/>\n5. Qual tipo de desconto a empresa Metal\u00fargica Fictal dever\u00e1 escolher? Justifique sua resposta com base<br \/>\nnos valores calculados e nas vantagens de cada tipo de desconto.<\/p>\n","protected":false},"excerpt":{"rendered":"<p>MAPA &#8211; GCOM &#8211; Matem\u00e1tica Financeira 53\/2024 Ol\u00e1 aluno(a)! Chegou o momento de explorar de forma PR\u00c1TICA os conte\u00fados aprendidos<\/p>\n","protected":false},"featured_media":2326,"template":"","meta":{"_monsterinsights_skip_tracking":false,"_monsterinsights_sitenote_active":false,"_monsterinsights_sitenote_note":"","_monsterinsights_sitenote_category":0},"product_brand":[],"product_cat":[25],"product_tag":[],"class_list":{"0":"post-4608","1":"product","2":"type-product","3":"status-publish","4":"has-post-thumbnail","6":"product_cat-gestao-comercial","8":"first","9":"instock","10":"downloadable","11":"virtual","12":"purchasable","13":"product-type-simple"},"yoast_head":"<!-- This site is optimized with the Yoast SEO plugin v27.4 - https:\/\/yoast.com\/product\/yoast-seo-wordpress\/ -->\n<title>MAPA - GCOM - Matem\u00e1tica Financeira 53\/2024<\/title>\n<meta name=\"description\" content=\"Atividade MAPA - GCOM - Matem\u00e1tica Financeira 53\/2024 &#8902; Unicesumar. Baixe agora mesmo um Mapa Pronto resolvido!\" \/>\n<meta name=\"robots\" content=\"index, follow, max-snippet:-1, max-image-preview:large, max-video-preview:-1\" \/>\n<link rel=\"canonical\" href=\"https:\/\/atividademapa.com\/?product=mapa-gcom-matematica-financeira-53-2024\" \/>\n<meta property=\"og:locale\" content=\"pt_BR\" \/>\n<meta property=\"og:type\" content=\"article\" \/>\n<meta property=\"og:title\" content=\"MAPA - GCOM - Matem\u00e1tica Financeira 53\/2024\" \/>\n<meta property=\"og:description\" content=\"Atividade MAPA - GCOM - Matem\u00e1tica Financeira 53\/2024 &#8902; Unicesumar. Baixe agora mesmo um Mapa Pronto resolvido!\" \/>\n<meta property=\"og:url\" content=\"https:\/\/atividademapa.com\/?product=mapa-gcom-matematica-financeira-53-2024\" \/>\n<meta property=\"og:site_name\" content=\"Atividade Mapa\" \/>\n<meta property=\"article:modified_time\" content=\"2024-08-31T02:41:29+00:00\" \/>\n<meta property=\"og:image\" content=\"https:\/\/i0.wp.com\/atividademapa.com\/wp-content\/uploads\/2023\/03\/Atividade-M.A.P.A-3.png?fit=300%2C300&ssl=1\" \/>\n\t<meta property=\"og:image:width\" content=\"300\" \/>\n\t<meta property=\"og:image:height\" content=\"300\" \/>\n\t<meta property=\"og:image:type\" content=\"image\/png\" \/>\n<meta name=\"twitter:card\" content=\"summary_large_image\" \/>\n<meta name=\"twitter:label1\" content=\"Est. tempo de leitura\" \/>\n\t<meta name=\"twitter:data1\" content=\"2 minutos\" \/>\n<script type=\"application\/ld+json\" class=\"yoast-schema-graph\">{\"@context\":\"https:\\\/\\\/schema.org\",\"@graph\":[{\"@type\":\"WebPage\",\"@id\":\"https:\\\/\\\/atividademapa.com\\\/?product=mapa-gcom-matematica-financeira-53-2024\",\"url\":\"https:\\\/\\\/atividademapa.com\\\/?product=mapa-gcom-matematica-financeira-53-2024\",\"name\":\"MAPA - GCOM - Matem\u00e1tica Financeira 53\\\/2024\",\"isPartOf\":{\"@id\":\"https:\\\/\\\/atividademapa.com\\\/#website\"},\"primaryImageOfPage\":{\"@id\":\"https:\\\/\\\/atividademapa.com\\\/?product=mapa-gcom-matematica-financeira-53-2024#primaryimage\"},\"image\":{\"@id\":\"https:\\\/\\\/atividademapa.com\\\/?product=mapa-gcom-matematica-financeira-53-2024#primaryimage\"},\"thumbnailUrl\":\"https:\\\/\\\/i0.wp.com\\\/atividademapa.com\\\/wp-content\\\/uploads\\\/2023\\\/03\\\/Atividade-M.A.P.A-3.png?fit=300%2C300&ssl=1\",\"datePublished\":\"2024-08-31T02:07:24+00:00\",\"dateModified\":\"2024-08-31T02:41:29+00:00\",\"description\":\"Atividade MAPA - GCOM - Matem\u00e1tica Financeira 53\\\/2024 &#8902; Unicesumar. Baixe agora mesmo um Mapa Pronto resolvido!\",\"breadcrumb\":{\"@id\":\"https:\\\/\\\/atividademapa.com\\\/?product=mapa-gcom-matematica-financeira-53-2024#breadcrumb\"},\"inLanguage\":\"pt-BR\",\"potentialAction\":[{\"@type\":\"ReadAction\",\"target\":[\"https:\\\/\\\/atividademapa.com\\\/?product=mapa-gcom-matematica-financeira-53-2024\"]}]},{\"@type\":\"ImageObject\",\"inLanguage\":\"pt-BR\",\"@id\":\"https:\\\/\\\/atividademapa.com\\\/?product=mapa-gcom-matematica-financeira-53-2024#primaryimage\",\"url\":\"https:\\\/\\\/i0.wp.com\\\/atividademapa.com\\\/wp-content\\\/uploads\\\/2023\\\/03\\\/Atividade-M.A.P.A-3.png?fit=300%2C300&ssl=1\",\"contentUrl\":\"https:\\\/\\\/i0.wp.com\\\/atividademapa.com\\\/wp-content\\\/uploads\\\/2023\\\/03\\\/Atividade-M.A.P.A-3.png?fit=300%2C300&ssl=1\",\"width\":300,\"height\":300,\"caption\":\"Mapa Unicesumar Atividade\"},{\"@type\":\"BreadcrumbList\",\"@id\":\"https:\\\/\\\/atividademapa.com\\\/?product=mapa-gcom-matematica-financeira-53-2024#breadcrumb\",\"itemListElement\":[{\"@type\":\"ListItem\",\"position\":1,\"name\":\"In\u00edcio\",\"item\":\"https:\\\/\\\/atividademapa.com\\\/\"},{\"@type\":\"ListItem\",\"position\":2,\"name\":\"MAPAS\",\"item\":\"https:\\\/\\\/atividademapa.com\\\/?page_id=5\"},{\"@type\":\"ListItem\",\"position\":3,\"name\":\"MAPA &#8211; GCOM &#8211; Matem\u00e1tica Financeira 53\\\/2024\"}]},{\"@type\":\"WebSite\",\"@id\":\"https:\\\/\\\/atividademapa.com\\\/#website\",\"url\":\"https:\\\/\\\/atividademapa.com\\\/\",\"name\":\"Atividade Mapa\",\"description\":\"StudeO | Unicesumar\",\"publisher\":{\"@id\":\"https:\\\/\\\/atividademapa.com\\\/#organization\"},\"potentialAction\":[{\"@type\":\"SearchAction\",\"target\":{\"@type\":\"EntryPoint\",\"urlTemplate\":\"https:\\\/\\\/atividademapa.com\\\/?s={search_term_string}\"},\"query-input\":{\"@type\":\"PropertyValueSpecification\",\"valueRequired\":true,\"valueName\":\"search_term_string\"}}],\"inLanguage\":\"pt-BR\"},{\"@type\":\"Organization\",\"@id\":\"https:\\\/\\\/atividademapa.com\\\/#organization\",\"name\":\"Atividade MAPA\",\"url\":\"https:\\\/\\\/atividademapa.com\\\/\",\"logo\":{\"@type\":\"ImageObject\",\"inLanguage\":\"pt-BR\",\"@id\":\"https:\\\/\\\/atividademapa.com\\\/#\\\/schema\\\/logo\\\/image\\\/\",\"url\":\"https:\\\/\\\/i0.wp.com\\\/atividademapa.com\\\/wp-content\\\/uploads\\\/2023\\\/02\\\/ATIVIDADE.png?fit=600%2C300&ssl=1\",\"contentUrl\":\"https:\\\/\\\/i0.wp.com\\\/atividademapa.com\\\/wp-content\\\/uploads\\\/2023\\\/02\\\/ATIVIDADE.png?fit=600%2C300&ssl=1\",\"width\":600,\"height\":300,\"caption\":\"Atividade MAPA\"},\"image\":{\"@id\":\"https:\\\/\\\/atividademapa.com\\\/#\\\/schema\\\/logo\\\/image\\\/\"}}]}<\/script>\n<!-- \/ Yoast SEO plugin. -->","yoast_head_json":{"title":"MAPA - GCOM - Matem\u00e1tica Financeira 53\/2024","description":"Atividade MAPA - GCOM - Matem\u00e1tica Financeira 53\/2024 &#8902; Unicesumar. Baixe agora mesmo um Mapa Pronto resolvido!","robots":{"index":"index","follow":"follow","max-snippet":"max-snippet:-1","max-image-preview":"max-image-preview:large","max-video-preview":"max-video-preview:-1"},"canonical":"https:\/\/atividademapa.com\/?product=mapa-gcom-matematica-financeira-53-2024","og_locale":"pt_BR","og_type":"article","og_title":"MAPA - GCOM - Matem\u00e1tica Financeira 53\/2024","og_description":"Atividade MAPA - GCOM - Matem\u00e1tica Financeira 53\/2024 &#8902; Unicesumar. Baixe agora mesmo um Mapa Pronto resolvido!","og_url":"https:\/\/atividademapa.com\/?product=mapa-gcom-matematica-financeira-53-2024","og_site_name":"Atividade Mapa","article_modified_time":"2024-08-31T02:41:29+00:00","og_image":[{"width":300,"height":300,"url":"https:\/\/i0.wp.com\/atividademapa.com\/wp-content\/uploads\/2023\/03\/Atividade-M.A.P.A-3.png?fit=300%2C300&ssl=1","type":"image\/png"}],"twitter_card":"summary_large_image","twitter_misc":{"Est. tempo de leitura":"2 minutos"},"schema":{"@context":"https:\/\/schema.org","@graph":[{"@type":"WebPage","@id":"https:\/\/atividademapa.com\/?product=mapa-gcom-matematica-financeira-53-2024","url":"https:\/\/atividademapa.com\/?product=mapa-gcom-matematica-financeira-53-2024","name":"MAPA - GCOM - Matem\u00e1tica Financeira 53\/2024","isPartOf":{"@id":"https:\/\/atividademapa.com\/#website"},"primaryImageOfPage":{"@id":"https:\/\/atividademapa.com\/?product=mapa-gcom-matematica-financeira-53-2024#primaryimage"},"image":{"@id":"https:\/\/atividademapa.com\/?product=mapa-gcom-matematica-financeira-53-2024#primaryimage"},"thumbnailUrl":"https:\/\/i0.wp.com\/atividademapa.com\/wp-content\/uploads\/2023\/03\/Atividade-M.A.P.A-3.png?fit=300%2C300&ssl=1","datePublished":"2024-08-31T02:07:24+00:00","dateModified":"2024-08-31T02:41:29+00:00","description":"Atividade MAPA - GCOM - Matem\u00e1tica Financeira 53\/2024 &#8902; Unicesumar. Baixe agora mesmo um Mapa Pronto resolvido!","breadcrumb":{"@id":"https:\/\/atividademapa.com\/?product=mapa-gcom-matematica-financeira-53-2024#breadcrumb"},"inLanguage":"pt-BR","potentialAction":[{"@type":"ReadAction","target":["https:\/\/atividademapa.com\/?product=mapa-gcom-matematica-financeira-53-2024"]}]},{"@type":"ImageObject","inLanguage":"pt-BR","@id":"https:\/\/atividademapa.com\/?product=mapa-gcom-matematica-financeira-53-2024#primaryimage","url":"https:\/\/i0.wp.com\/atividademapa.com\/wp-content\/uploads\/2023\/03\/Atividade-M.A.P.A-3.png?fit=300%2C300&ssl=1","contentUrl":"https:\/\/i0.wp.com\/atividademapa.com\/wp-content\/uploads\/2023\/03\/Atividade-M.A.P.A-3.png?fit=300%2C300&ssl=1","width":300,"height":300,"caption":"Mapa Unicesumar Atividade"},{"@type":"BreadcrumbList","@id":"https:\/\/atividademapa.com\/?product=mapa-gcom-matematica-financeira-53-2024#breadcrumb","itemListElement":[{"@type":"ListItem","position":1,"name":"In\u00edcio","item":"https:\/\/atividademapa.com\/"},{"@type":"ListItem","position":2,"name":"MAPAS","item":"https:\/\/atividademapa.com\/?page_id=5"},{"@type":"ListItem","position":3,"name":"MAPA &#8211; GCOM &#8211; Matem\u00e1tica Financeira 53\/2024"}]},{"@type":"WebSite","@id":"https:\/\/atividademapa.com\/#website","url":"https:\/\/atividademapa.com\/","name":"Atividade Mapa","description":"StudeO | Unicesumar","publisher":{"@id":"https:\/\/atividademapa.com\/#organization"},"potentialAction":[{"@type":"SearchAction","target":{"@type":"EntryPoint","urlTemplate":"https:\/\/atividademapa.com\/?s={search_term_string}"},"query-input":{"@type":"PropertyValueSpecification","valueRequired":true,"valueName":"search_term_string"}}],"inLanguage":"pt-BR"},{"@type":"Organization","@id":"https:\/\/atividademapa.com\/#organization","name":"Atividade MAPA","url":"https:\/\/atividademapa.com\/","logo":{"@type":"ImageObject","inLanguage":"pt-BR","@id":"https:\/\/atividademapa.com\/#\/schema\/logo\/image\/","url":"https:\/\/i0.wp.com\/atividademapa.com\/wp-content\/uploads\/2023\/02\/ATIVIDADE.png?fit=600%2C300&ssl=1","contentUrl":"https:\/\/i0.wp.com\/atividademapa.com\/wp-content\/uploads\/2023\/02\/ATIVIDADE.png?fit=600%2C300&ssl=1","width":600,"height":300,"caption":"Atividade MAPA"},"image":{"@id":"https:\/\/atividademapa.com\/#\/schema\/logo\/image\/"}}]}},"_links":{"self":[{"href":"https:\/\/atividademapa.com\/index.php?rest_route=\/wp\/v2\/product\/4608","targetHints":{"allow":["GET"]}}],"collection":[{"href":"https:\/\/atividademapa.com\/index.php?rest_route=\/wp\/v2\/product"}],"about":[{"href":"https:\/\/atividademapa.com\/index.php?rest_route=\/wp\/v2\/types\/product"}],"version-history":[{"count":1,"href":"https:\/\/atividademapa.com\/index.php?rest_route=\/wp\/v2\/product\/4608\/revisions"}],"predecessor-version":[{"id":4610,"href":"https:\/\/atividademapa.com\/index.php?rest_route=\/wp\/v2\/product\/4608\/revisions\/4610"}],"wp:featuredmedia":[{"embeddable":true,"href":"https:\/\/atividademapa.com\/index.php?rest_route=\/wp\/v2\/media\/2326"}],"wp:attachment":[{"href":"https:\/\/atividademapa.com\/index.php?rest_route=%2Fwp%2Fv2%2Fmedia&parent=4608"}],"wp:term":[{"taxonomy":"product_brand","embeddable":true,"href":"https:\/\/atividademapa.com\/index.php?rest_route=%2Fwp%2Fv2%2Fproduct_brand&post=4608"},{"taxonomy":"product_cat","embeddable":true,"href":"https:\/\/atividademapa.com\/index.php?rest_route=%2Fwp%2Fv2%2Fproduct_cat&post=4608"},{"taxonomy":"product_tag","embeddable":true,"href":"https:\/\/atividademapa.com\/index.php?rest_route=%2Fwp%2Fv2%2Fproduct_tag&post=4608"}],"curies":[{"name":"wp","href":"https:\/\/api.w.org\/{rel}","templated":true}]}}