{"id":4631,"date":"2024-09-11T07:58:42","date_gmt":"2024-09-11T10:58:42","guid":{"rendered":"https:\/\/atividademapa.com\/?post_type=product&#038;p=4631"},"modified":"2024-09-11T07:58:44","modified_gmt":"2024-09-11T10:58:44","slug":"mapa-projetos-e-custos-de-seguranca-privada-53_2024","status":"publish","type":"product","link":"https:\/\/atividademapa.com\/?product=mapa-projetos-e-custos-de-seguranca-privada-53_2024","title":{"rendered":"MAPA &#8211; Projetos e Custos de Seguran\u00e7a Privada &#8211; 53_2024"},"content":{"rendered":"<p>MAPA &#8211; SPRIV &#8211; PROJETOS E CUSTOS DE SEGURAN\u00c7A PRIVADA &#8211; 53_2024<\/p>\n<div class=\"ng-scope\"><strong>C\u00c1LCULOS E AN\u00c1LISE DE INDICADORES DE DESEMPENHO<\/strong>\n<\/div>\n<div class=\"ng-scope\">Os indicadores de desempenho organizacionais s\u00e3o ferramentas que t\u00eam o objetivo de auxiliar o gestor no processo de tomada de decis\u00e3o. Voc\u00ea conhece esse instrumento de avalia\u00e7\u00e3o?<br \/>\nO objetivo dos c\u00e1lculos de indicadores financeiros \u00e9 o de fornecer informa\u00e7\u00f5es para os gestores, de modo que eles possam direcion\u00e1-lo a analisar o desempenho de sua atividade empresarial.<br \/>\nEsses\u00a0indicadores\u00a0t\u00eam como objetivo auxiliar o gestor a avaliar os resultados financeiro, econ\u00f4mico e patrimonial de uma entidade, contribuindo para que ele possa compreender se as estrat\u00e9gias e o planejamento da organiza\u00e7\u00e3o est\u00e3o sendo assertivas.<\/div>\n<div class=\"ng-scope\">\u00c9 importante destacar que, para proceder com as an\u00e1lises, \u00e9 importante que o gestor, primeiramente, identifique o que se pretende mensurar na organiza\u00e7\u00e3o, pois para cada indicador existe um tipo espec\u00edfico de an\u00e1lise.<\/p>\n<p>Vejamos o artigo a seguir:\n<\/p><\/div>\n<div class=\"ng-scope\"><strong>Como usar indicadores de desempenho na sua estrat\u00e9gia<\/strong><br \/>\n<em>Um novo conceito que pode maximizar a efici\u00eancia e competitividade do seu neg\u00f3cio.<\/em><\/div>\n<div class=\"ng-scope\">\nIndicadores de desempenho s\u00e3o medidas quantitativas ou qualitativas que permitem avaliar e monitorar o progresso em rela\u00e7\u00e3o a metas, objetivos ou padr\u00f5es predefinidos. Eles s\u00e3o usados para avaliar o desempenho de um processo, produto ou servi\u00e7o, permitindo que as organiza\u00e7\u00f5es tomem decis\u00f5es informadas e identifiquem \u00e1reas que precisam de melhoria. Os indicadores de desempenho podem ser usados em v\u00e1rias \u00e1reas, como finan\u00e7as, produ\u00e7\u00e3o, vendas, atendimento ao cliente, entre outras.\u00a0O uso destes dados serve como uma b\u00fassola para guiar gestores em tomadas de decis\u00e3o mais assertivas e transparentes.<br \/>\nPara ajudar a sua empresa a otimizar o desempenho, \u00e9 preciso definir um\u00a0m\u00e9todo de gest\u00e3o\u00a0que inclua a an\u00e1lise desses \u00edndices, descobrir quais s\u00e3o os instrumentos de avalia\u00e7\u00e3o mais adequados para cada prop\u00f3sito e que ir\u00e3o trazer a confiabilidade necess\u00e1ria para as suas entregas.\u00a0A elabora\u00e7\u00e3o e a gest\u00e3o dos indicadores de desempenho, tamb\u00e9m chamados de KPIs (<em>Key Performance Indicators<\/em>), podem ser direcionadas para o acompanhamento da evolu\u00e7\u00e3o dos resultados definidos nas fases estrat\u00e9gicas.\u00a0As m\u00e9tricas v\u00e3o servir como refer\u00eancia para a tomada de decis\u00e3o e a cria\u00e7\u00e3o de\u00a0melhores estrat\u00e9gias.<br \/>\nSabendo\u00a0quais s\u00e3o os indicadores de desempenho, \u00e9 importante descobrir aqueles que fazem sentido para a sua empresa. Para definir as m\u00e9tricas adequadas, escolha as que est\u00e3o alinhadas aos prop\u00f3sitos da organiza\u00e7\u00e3o e atendam \u00e0s particularidades do neg\u00f3cio.<\/p>\n<p>Para ver a reportagem na \u00edntegra, acesse: \u200bhttps:\/\/sebrae.com.br\/sites\/PortalSebrae\/artigos\/como-usar-indicadores-de-desempenho-na-sua-estrategia,81e7aefeb53a6810VgnVCM1000001b00320aRCRD.<\/p><\/div>\n<div class=\"ng-scope\">\nO nosso livro did\u00e1tico, as aulas, os materiais extras e projetos de ensino, bem como o texto exposto, poder\u00e3o auxiliar na realiza\u00e7\u00e3o dessa atividade. A partir do exposto, leia a atividade apresentada a seguir:<\/p>\n<p>Dona Zilda \u00e9 uma das s\u00f3cias da empresa de seguran\u00e7a Souza &amp; Portela Ltda, uma empresa constitu\u00edda recentemente por membros da mesma fam\u00edlia. Imagine que voc\u00ea j\u00e1 finalizou o curso de Seguran\u00e7a Privada, e que foi convidado para trabalhar nessa atividade de neg\u00f3cio. A empres\u00e1ria informou que os propriet\u00e1rios precisam mensurar o desempenho da empresa e sugeriu que voc\u00ea providencie o c\u00e1lculo e an\u00e1lise de alguns indicadores financeiros.\u00a0Para tanto, avalie\u00a0o demonstrativo cont\u00e1bil a seguir, contendo as seguintes contas:<\/p>\n<p><img data-recalc-dims=\"1\" decoding=\"async\" src=\"https:\/\/i0.wp.com\/sistemasead.unicesumar.edu.br\/flex\/amfphp\/services\/Portal\/ImagemQuestionario2\/QUE_224331_596965_1.png?ssl=1\" alt=\"\" \/><br \/>\nCom o prop\u00f3sito de mensurar\u00a0o desempenho da organiza\u00e7\u00e3o, sua tarefa como gestor desse empreendimento ser\u00e1 de atender \u00e0s seguintes demandas:<\/p>\n<p>1 &#8211; Calcule os totais que est\u00e3o indicados no demonstrativo cont\u00e1bil, sendo: ativo circulante, ativo n\u00e3o circulante, passivo circulante, passivo n\u00e3o circulante e patrim\u00f4nio l\u00edquido.<\/p>\n<p>2\u00a0&#8211; Calcular a necessidade de capital de giro:\u00a0<strong>NCG = Ativos c\u00edclicos (circulante) &#8211;\u00a0Passivos c\u00edclicos (circulante)<\/strong>.<\/p>\n<p>3\u00a0&#8211; Calcular o \u00edndice de liquidez corrente:\u00a0<strong>LC = Ativo circulante\/Passivo circulante<\/strong>.<\/p>\n<p>4\u00a0&#8211; Calcular o \u00edndice de endividamento:\u00a0<strong>E= Passivo circulante + Passivo n\u00e3o circulante \/ (Passivo circulante + Passivo n\u00e3o circulante + Patrimonio l\u00edquido)<\/strong>.<\/p>\n<p>5\u00a0&#8211; Comente, por meio de um breve texto, quais interpreta\u00e7\u00e3o e an\u00e1lise poder\u00e3o ser realizadas com base em cada um dos \u00edndices calculados.<\/p><\/div>\n","protected":false},"excerpt":{"rendered":"<p>MAPA &#8211; SPRIV &#8211; PROJETOS E CUSTOS DE SEGURAN\u00c7A PRIVADA &#8211; 53_2024 C\u00c1LCULOS E AN\u00c1LISE DE INDICADORES DE DESEMPENHO Os<\/p>\n","protected":false},"featured_media":2326,"template":"","meta":{"_monsterinsights_skip_tracking":false,"_monsterinsights_sitenote_active":false,"_monsterinsights_sitenote_note":"","_monsterinsights_sitenote_category":0},"product_brand":[],"product_cat":[114],"product_tag":[],"class_list":{"0":"post-4631","1":"product","2":"type-product","3":"status-publish","4":"has-post-thumbnail","6":"product_cat-seguranca-privada","8":"first","9":"instock","10":"downloadable","11":"virtual","12":"purchasable","13":"product-type-simple"},"yoast_head":"<!-- This site is optimized with the Yoast SEO plugin v27.4 - https:\/\/yoast.com\/product\/yoast-seo-wordpress\/ -->\n<title>MAPA - Projetos e Custos de Seguran\u00e7a Privada - 53_2024<\/title>\n<meta name=\"description\" content=\"Atividade MAPA - Projetos e Custos de Seguran\u00e7a Privada - 53_2024 &#8902; Unicesumar. Baixe agora mesmo um Mapa Pronto resolvido!\" \/>\n<meta name=\"robots\" content=\"index, follow, max-snippet:-1, max-image-preview:large, max-video-preview:-1\" \/>\n<link rel=\"canonical\" href=\"https:\/\/atividademapa.com\/?product=mapa-projetos-e-custos-de-seguranca-privada-53_2024\" \/>\n<meta property=\"og:locale\" content=\"pt_BR\" \/>\n<meta property=\"og:type\" content=\"article\" \/>\n<meta property=\"og:title\" content=\"MAPA - Projetos e Custos de Seguran\u00e7a Privada - 53_2024\" \/>\n<meta property=\"og:description\" content=\"Atividade MAPA - Projetos e Custos de Seguran\u00e7a Privada - 53_2024 &#8902; Unicesumar. Baixe agora mesmo um Mapa Pronto resolvido!\" \/>\n<meta property=\"og:url\" content=\"https:\/\/atividademapa.com\/?product=mapa-projetos-e-custos-de-seguranca-privada-53_2024\" \/>\n<meta property=\"og:site_name\" content=\"Atividade Mapa\" \/>\n<meta property=\"article:modified_time\" content=\"2024-09-11T10:58:44+00:00\" \/>\n<meta property=\"og:image\" content=\"https:\/\/i0.wp.com\/atividademapa.com\/wp-content\/uploads\/2023\/03\/Atividade-M.A.P.A-3.png?fit=300%2C300&ssl=1\" \/>\n\t<meta property=\"og:image:width\" content=\"300\" \/>\n\t<meta property=\"og:image:height\" content=\"300\" \/>\n\t<meta property=\"og:image:type\" content=\"image\/png\" \/>\n<meta name=\"twitter:card\" content=\"summary_large_image\" \/>\n<meta name=\"twitter:label1\" content=\"Est. tempo de leitura\" \/>\n\t<meta name=\"twitter:data1\" content=\"4 minutos\" \/>\n<script type=\"application\/ld+json\" class=\"yoast-schema-graph\">{\"@context\":\"https:\\\/\\\/schema.org\",\"@graph\":[{\"@type\":\"WebPage\",\"@id\":\"https:\\\/\\\/atividademapa.com\\\/?product=mapa-projetos-e-custos-de-seguranca-privada-53_2024\",\"url\":\"https:\\\/\\\/atividademapa.com\\\/?product=mapa-projetos-e-custos-de-seguranca-privada-53_2024\",\"name\":\"MAPA - Projetos e Custos de Seguran\u00e7a Privada - 53_2024\",\"isPartOf\":{\"@id\":\"https:\\\/\\\/atividademapa.com\\\/#website\"},\"primaryImageOfPage\":{\"@id\":\"https:\\\/\\\/atividademapa.com\\\/?product=mapa-projetos-e-custos-de-seguranca-privada-53_2024#primaryimage\"},\"image\":{\"@id\":\"https:\\\/\\\/atividademapa.com\\\/?product=mapa-projetos-e-custos-de-seguranca-privada-53_2024#primaryimage\"},\"thumbnailUrl\":\"https:\\\/\\\/i0.wp.com\\\/atividademapa.com\\\/wp-content\\\/uploads\\\/2023\\\/03\\\/Atividade-M.A.P.A-3.png?fit=300%2C300&ssl=1\",\"datePublished\":\"2024-09-11T10:58:42+00:00\",\"dateModified\":\"2024-09-11T10:58:44+00:00\",\"description\":\"Atividade MAPA - Projetos e Custos de Seguran\u00e7a Privada - 53_2024 &#8902; Unicesumar. Baixe agora mesmo um Mapa Pronto resolvido!\",\"breadcrumb\":{\"@id\":\"https:\\\/\\\/atividademapa.com\\\/?product=mapa-projetos-e-custos-de-seguranca-privada-53_2024#breadcrumb\"},\"inLanguage\":\"pt-BR\",\"potentialAction\":[{\"@type\":\"ReadAction\",\"target\":[\"https:\\\/\\\/atividademapa.com\\\/?product=mapa-projetos-e-custos-de-seguranca-privada-53_2024\"]}]},{\"@type\":\"ImageObject\",\"inLanguage\":\"pt-BR\",\"@id\":\"https:\\\/\\\/atividademapa.com\\\/?product=mapa-projetos-e-custos-de-seguranca-privada-53_2024#primaryimage\",\"url\":\"https:\\\/\\\/i0.wp.com\\\/atividademapa.com\\\/wp-content\\\/uploads\\\/2023\\\/03\\\/Atividade-M.A.P.A-3.png?fit=300%2C300&ssl=1\",\"contentUrl\":\"https:\\\/\\\/i0.wp.com\\\/atividademapa.com\\\/wp-content\\\/uploads\\\/2023\\\/03\\\/Atividade-M.A.P.A-3.png?fit=300%2C300&ssl=1\",\"width\":300,\"height\":300,\"caption\":\"Mapa Unicesumar Atividade\"},{\"@type\":\"BreadcrumbList\",\"@id\":\"https:\\\/\\\/atividademapa.com\\\/?product=mapa-projetos-e-custos-de-seguranca-privada-53_2024#breadcrumb\",\"itemListElement\":[{\"@type\":\"ListItem\",\"position\":1,\"name\":\"In\u00edcio\",\"item\":\"https:\\\/\\\/atividademapa.com\\\/\"},{\"@type\":\"ListItem\",\"position\":2,\"name\":\"MAPAS\",\"item\":\"https:\\\/\\\/atividademapa.com\\\/?page_id=5\"},{\"@type\":\"ListItem\",\"position\":3,\"name\":\"MAPA &#8211; Projetos e Custos de Seguran\u00e7a Privada &#8211; 53_2024\"}]},{\"@type\":\"WebSite\",\"@id\":\"https:\\\/\\\/atividademapa.com\\\/#website\",\"url\":\"https:\\\/\\\/atividademapa.com\\\/\",\"name\":\"Atividade Mapa\",\"description\":\"StudeO | Unicesumar\",\"publisher\":{\"@id\":\"https:\\\/\\\/atividademapa.com\\\/#organization\"},\"potentialAction\":[{\"@type\":\"SearchAction\",\"target\":{\"@type\":\"EntryPoint\",\"urlTemplate\":\"https:\\\/\\\/atividademapa.com\\\/?s={search_term_string}\"},\"query-input\":{\"@type\":\"PropertyValueSpecification\",\"valueRequired\":true,\"valueName\":\"search_term_string\"}}],\"inLanguage\":\"pt-BR\"},{\"@type\":\"Organization\",\"@id\":\"https:\\\/\\\/atividademapa.com\\\/#organization\",\"name\":\"Atividade MAPA\",\"url\":\"https:\\\/\\\/atividademapa.com\\\/\",\"logo\":{\"@type\":\"ImageObject\",\"inLanguage\":\"pt-BR\",\"@id\":\"https:\\\/\\\/atividademapa.com\\\/#\\\/schema\\\/logo\\\/image\\\/\",\"url\":\"https:\\\/\\\/i0.wp.com\\\/atividademapa.com\\\/wp-content\\\/uploads\\\/2023\\\/02\\\/ATIVIDADE.png?fit=600%2C300&ssl=1\",\"contentUrl\":\"https:\\\/\\\/i0.wp.com\\\/atividademapa.com\\\/wp-content\\\/uploads\\\/2023\\\/02\\\/ATIVIDADE.png?fit=600%2C300&ssl=1\",\"width\":600,\"height\":300,\"caption\":\"Atividade MAPA\"},\"image\":{\"@id\":\"https:\\\/\\\/atividademapa.com\\\/#\\\/schema\\\/logo\\\/image\\\/\"}}]}<\/script>\n<!-- \/ Yoast SEO plugin. -->","yoast_head_json":{"title":"MAPA - Projetos e Custos de Seguran\u00e7a Privada - 53_2024","description":"Atividade MAPA - Projetos e Custos de Seguran\u00e7a Privada - 53_2024 &#8902; Unicesumar. Baixe agora mesmo um Mapa Pronto resolvido!","robots":{"index":"index","follow":"follow","max-snippet":"max-snippet:-1","max-image-preview":"max-image-preview:large","max-video-preview":"max-video-preview:-1"},"canonical":"https:\/\/atividademapa.com\/?product=mapa-projetos-e-custos-de-seguranca-privada-53_2024","og_locale":"pt_BR","og_type":"article","og_title":"MAPA - Projetos e Custos de Seguran\u00e7a Privada - 53_2024","og_description":"Atividade MAPA - Projetos e Custos de Seguran\u00e7a Privada - 53_2024 &#8902; Unicesumar. Baixe agora mesmo um Mapa Pronto resolvido!","og_url":"https:\/\/atividademapa.com\/?product=mapa-projetos-e-custos-de-seguranca-privada-53_2024","og_site_name":"Atividade Mapa","article_modified_time":"2024-09-11T10:58:44+00:00","og_image":[{"width":300,"height":300,"url":"https:\/\/i0.wp.com\/atividademapa.com\/wp-content\/uploads\/2023\/03\/Atividade-M.A.P.A-3.png?fit=300%2C300&ssl=1","type":"image\/png"}],"twitter_card":"summary_large_image","twitter_misc":{"Est. tempo de leitura":"4 minutos"},"schema":{"@context":"https:\/\/schema.org","@graph":[{"@type":"WebPage","@id":"https:\/\/atividademapa.com\/?product=mapa-projetos-e-custos-de-seguranca-privada-53_2024","url":"https:\/\/atividademapa.com\/?product=mapa-projetos-e-custos-de-seguranca-privada-53_2024","name":"MAPA - Projetos e Custos de Seguran\u00e7a Privada - 53_2024","isPartOf":{"@id":"https:\/\/atividademapa.com\/#website"},"primaryImageOfPage":{"@id":"https:\/\/atividademapa.com\/?product=mapa-projetos-e-custos-de-seguranca-privada-53_2024#primaryimage"},"image":{"@id":"https:\/\/atividademapa.com\/?product=mapa-projetos-e-custos-de-seguranca-privada-53_2024#primaryimage"},"thumbnailUrl":"https:\/\/i0.wp.com\/atividademapa.com\/wp-content\/uploads\/2023\/03\/Atividade-M.A.P.A-3.png?fit=300%2C300&ssl=1","datePublished":"2024-09-11T10:58:42+00:00","dateModified":"2024-09-11T10:58:44+00:00","description":"Atividade MAPA - Projetos e Custos de Seguran\u00e7a Privada - 53_2024 &#8902; Unicesumar. Baixe agora mesmo um Mapa Pronto resolvido!","breadcrumb":{"@id":"https:\/\/atividademapa.com\/?product=mapa-projetos-e-custos-de-seguranca-privada-53_2024#breadcrumb"},"inLanguage":"pt-BR","potentialAction":[{"@type":"ReadAction","target":["https:\/\/atividademapa.com\/?product=mapa-projetos-e-custos-de-seguranca-privada-53_2024"]}]},{"@type":"ImageObject","inLanguage":"pt-BR","@id":"https:\/\/atividademapa.com\/?product=mapa-projetos-e-custos-de-seguranca-privada-53_2024#primaryimage","url":"https:\/\/i0.wp.com\/atividademapa.com\/wp-content\/uploads\/2023\/03\/Atividade-M.A.P.A-3.png?fit=300%2C300&ssl=1","contentUrl":"https:\/\/i0.wp.com\/atividademapa.com\/wp-content\/uploads\/2023\/03\/Atividade-M.A.P.A-3.png?fit=300%2C300&ssl=1","width":300,"height":300,"caption":"Mapa Unicesumar Atividade"},{"@type":"BreadcrumbList","@id":"https:\/\/atividademapa.com\/?product=mapa-projetos-e-custos-de-seguranca-privada-53_2024#breadcrumb","itemListElement":[{"@type":"ListItem","position":1,"name":"In\u00edcio","item":"https:\/\/atividademapa.com\/"},{"@type":"ListItem","position":2,"name":"MAPAS","item":"https:\/\/atividademapa.com\/?page_id=5"},{"@type":"ListItem","position":3,"name":"MAPA &#8211; Projetos e Custos de Seguran\u00e7a Privada &#8211; 53_2024"}]},{"@type":"WebSite","@id":"https:\/\/atividademapa.com\/#website","url":"https:\/\/atividademapa.com\/","name":"Atividade Mapa","description":"StudeO | Unicesumar","publisher":{"@id":"https:\/\/atividademapa.com\/#organization"},"potentialAction":[{"@type":"SearchAction","target":{"@type":"EntryPoint","urlTemplate":"https:\/\/atividademapa.com\/?s={search_term_string}"},"query-input":{"@type":"PropertyValueSpecification","valueRequired":true,"valueName":"search_term_string"}}],"inLanguage":"pt-BR"},{"@type":"Organization","@id":"https:\/\/atividademapa.com\/#organization","name":"Atividade MAPA","url":"https:\/\/atividademapa.com\/","logo":{"@type":"ImageObject","inLanguage":"pt-BR","@id":"https:\/\/atividademapa.com\/#\/schema\/logo\/image\/","url":"https:\/\/i0.wp.com\/atividademapa.com\/wp-content\/uploads\/2023\/02\/ATIVIDADE.png?fit=600%2C300&ssl=1","contentUrl":"https:\/\/i0.wp.com\/atividademapa.com\/wp-content\/uploads\/2023\/02\/ATIVIDADE.png?fit=600%2C300&ssl=1","width":600,"height":300,"caption":"Atividade MAPA"},"image":{"@id":"https:\/\/atividademapa.com\/#\/schema\/logo\/image\/"}}]}},"_links":{"self":[{"href":"https:\/\/atividademapa.com\/index.php?rest_route=\/wp\/v2\/product\/4631","targetHints":{"allow":["GET"]}}],"collection":[{"href":"https:\/\/atividademapa.com\/index.php?rest_route=\/wp\/v2\/product"}],"about":[{"href":"https:\/\/atividademapa.com\/index.php?rest_route=\/wp\/v2\/types\/product"}],"version-history":[{"count":1,"href":"https:\/\/atividademapa.com\/index.php?rest_route=\/wp\/v2\/product\/4631\/revisions"}],"predecessor-version":[{"id":4633,"href":"https:\/\/atividademapa.com\/index.php?rest_route=\/wp\/v2\/product\/4631\/revisions\/4633"}],"wp:featuredmedia":[{"embeddable":true,"href":"https:\/\/atividademapa.com\/index.php?rest_route=\/wp\/v2\/media\/2326"}],"wp:attachment":[{"href":"https:\/\/atividademapa.com\/index.php?rest_route=%2Fwp%2Fv2%2Fmedia&parent=4631"}],"wp:term":[{"taxonomy":"product_brand","embeddable":true,"href":"https:\/\/atividademapa.com\/index.php?rest_route=%2Fwp%2Fv2%2Fproduct_brand&post=4631"},{"taxonomy":"product_cat","embeddable":true,"href":"https:\/\/atividademapa.com\/index.php?rest_route=%2Fwp%2Fv2%2Fproduct_cat&post=4631"},{"taxonomy":"product_tag","embeddable":true,"href":"https:\/\/atividademapa.com\/index.php?rest_route=%2Fwp%2Fv2%2Fproduct_tag&post=4631"}],"curies":[{"name":"wp","href":"https:\/\/api.w.org\/{rel}","templated":true}]}}