{"id":4652,"date":"2024-09-15T13:38:05","date_gmt":"2024-09-15T16:38:05","guid":{"rendered":"https:\/\/atividademapa.com\/?post_type=product&#038;p=4652"},"modified":"2024-09-15T13:38:18","modified_gmt":"2024-09-15T16:38:18","slug":"mapa-administracao-financeira-53-2024-2","status":"publish","type":"product","link":"https:\/\/atividademapa.com\/?product=mapa-administracao-financeira-53-2024-2","title":{"rendered":"MAPA &#8211; Administra\u00e7\u00e3o Financeira 53\/2024"},"content":{"rendered":"<p><strong>MAPA &#8211; Administra\u00e7\u00e3o Financeira 53\/2024<\/strong><\/p>\n<p>O que \u00e9 um estudo de viabilidade financeira?<br \/>\nUm estudo de viabilidade financeira \u00e9 uma an\u00e1lise detalhada destinada a avaliar a viabilidade econ\u00f4mica e financeira de um projeto, neg\u00f3cio ou investimento. O objetivo principal desse estudo \u00e9 determinar se o empreendimento \u00e9 financeiramente vi\u00e1vel e sustent\u00e1vel a longo prazo. Esse tipo de estudo envolve a coleta e an\u00e1lise de dados financeiros e econ\u00f4micos relevantes para tomar decis\u00f5es informadas.<\/p>\n<p>SEBRAE. Viabilidade Financeira. 2019. Dispon\u00edvel em: &lt;https:\/\/sebrae.com.br\/sites\/PortalSebrae\/ufs\/pr\/artigos\/viabilidade-financeira,4e8ccd18a819d610VgnVCM1000004c00210aRCRD&gt;. Acesso em: 27 de jun. 2024.<\/p>\n<p>SEGUNDA ETAPA: AN\u00c1LISE e RESOLU\u00c7\u00c3O da situa\u00e7\u00e3o-problema<\/p>\n<p>Voc\u00ea \u00e9 um Consultor Financeiro contratado para analisar a viabilidade financeira de um empreendimento que est\u00e1 em processo de estudo\/lan\u00e7amento. O empreendimento \u00e9 uma startup de software que desenvolve uma plataforma de e-commerce com modelo de assinatura para pequenas e m\u00e9dias empresas. A empresa possui uma equipe talentosa e um prot\u00f3tipo extremamente promissor. A partir das informa\u00e7\u00f5es coletadas, ser\u00e1 necess\u00e1rio projetar o fluxo de caixa e calcular alguns indicadores financeiros: Valor Presente L\u00edquido (VPL), Taxa Interna de Retorno (TIR) e Payback Exato.<\/p>\n<p>Para esse empreendimento, o investimento total inicial \u00e9 de R$ 300.000,00, que inclui a aquisi\u00e7\u00e3o de equipamentos, despesas legais, marketing inicial e capital de giro. Dessa quantia, R$ 75.000,00 ser\u00e3o obtidos com recursos pr\u00f3prios a um custo de 10% a.a. Os outros R$ 225.000,00 ser\u00e3o oriundos de capital de terceiros, por meio de uma linha subsidiada do governo a um custo de 6% a.a.<\/p>\n<p>Como o principal produto da empresa \u00e9 um software por assinatura, voc\u00ea acredita que o retorno sobre o investimento precisa ser relativamente r\u00e1pido. Para a an\u00e1lise do empreendimento, o fluxo de caixa foi projetado para um per\u00edodo de 3 anos, conforme apresentado a seguir:<\/p>\n<p>Descri\u00e7\u00e3o Ano 1 Ano 2 Ano 3<br \/>\nVendas 380.000,00 490.000,00 610.000,00<br \/>\nImposto 63.000,00 87.750,00 113.100,00<br \/>\nDesenvolvimento Software 72.000,00 102.000,00 96.000,00<br \/>\nSal\u00e1rios da Equipe 72.000,00 96.000,00 140.000,00<br \/>\nMarketing Digital 36.000,00 36.000,00 42.000,00<br \/>\nDespesas Gerais 36.000,00 48.000,00 54.000,00<br \/>\nFluxo de Caixa 101.000,00 120.250,00 164.900,00<\/p>\n<p>Elaborado pelo professor, 2024.<\/p>\n<p>Considerando as informa\u00e7\u00f5es supracitadas, responda o que se pede:<\/p>\n<p>Quest\u00e3o 1: Calcule o Custo M\u00e9dio Ponderado de Capital (CMPC) obtido com a capta\u00e7\u00e3o dos R$ 300.000,00 necess\u00e1rios para o investimento inicial. Para encontrar o CMPC utilize, no m\u00ednimo, 5 (cinco) casas decimais ap\u00f3s a v\u00edrgula.<\/p>\n<p>Quest\u00e3o 2: A partir do fluxo de Caixa projetado para os tr\u00eas anos, calcule o Valor Presente L\u00edquido (VPL), a Taxa Interna de Retorno (TIR) e o Payback Exato.<\/p>\n<p>Quest\u00e3o 3: A partir do c\u00e1lculo dos indicadores VPL e TIR, explique se o projeto possui viabilidade financeira.<\/p>\n<p>Observa\u00e7\u00e3o:<br \/>\n1. A mem\u00f3ria de c\u00e1lculo dever\u00e1 ser apresentada.<br \/>\n2. Para o c\u00e1lculo do VPL e an\u00e1lise da TIR considere o custo do capital calculado na quest\u00e3o \u201c1\u201d.<\/p>\n<p>1. A mem\u00f3ria de c\u00e1lculo dever\u00e1 ser apresentada.<\/p>\n<p>2. Para o c\u00e1lculo do VPL e an\u00e1lise da TIR considere o custo do capital calculado na quest\u00e3o \u201c1\u201d.<\/p>\n<p>1) Calcule o Custo M\u00e9dio Ponderado de Capital (CMPC) obtido com a capta\u00e7\u00e3o dos R$ 300.000,00 necess\u00e1rios para o investimento inicial. Para encontrar o CMPC utilize, no m\u00ednimo, 5 (cinco) casas decimais ap\u00f3s a v\u00edrgula.<\/p>\n<p>2) A partir do fluxo de Caixa projetado para os tr\u00eas anos, calcule o Valor Presente L\u00edquido (VPL), a Taxa Interna de Retorno (TIR) e o Payback Exato.<\/p>\n<p>C\u00e1lculo do VPL utilizando a calculadora HP-12C:<br \/>\nTeclas Visor Observa\u00e7\u00f5es<br \/>\nC\u00e1lculo da TIR utilizando a calculadora HP-12C:<br \/>\nTeclas Visor Observa\u00e7\u00f5es<\/p>\n<p>&nbsp;<\/p>\n<p>&nbsp;<\/p>\n<p>&nbsp;<\/p>\n<p>&nbsp;<\/p>\n<p>&nbsp;<\/p>\n<p>&nbsp;<\/p>\n<p>&nbsp;<\/p>\n<p>&nbsp;<\/p>\n","protected":false},"excerpt":{"rendered":"<p>Administra\u00e7\u00e3o Financeira Administra\u00e7\u00e3o; Processos Gerencias e outras \u00e1reas de Gest\u00e3o<\/p>\n<p>Leia o Enunciado para ver se corresponde a sua atividade<\/p>\n","protected":false},"featured_media":2326,"template":"","meta":{"_monsterinsights_skip_tracking":false,"_monsterinsights_sitenote_active":false,"_monsterinsights_sitenote_note":"","_monsterinsights_sitenote_category":0},"product_brand":[],"product_cat":[22,36],"product_tag":[],"class_list":{"0":"post-4652","1":"product","2":"type-product","3":"status-publish","4":"has-post-thumbnail","6":"product_cat-administracao","7":"product_cat-processos-gerenciais","9":"first","10":"instock","11":"featured","12":"downloadable","13":"virtual","14":"purchasable","15":"product-type-simple"},"yoast_head":"<!-- This site is optimized with the Yoast SEO plugin v27.4 - https:\/\/yoast.com\/product\/yoast-seo-wordpress\/ -->\n<title>MAPA - Administra\u00e7\u00e3o Financeira 53\/2024<\/title>\n<meta name=\"description\" content=\"Atividade MAPA - Administra\u00e7\u00e3o Financeira 53\/2024 &#8902; Unicesumar. Baixe agora mesmo um Mapa Pronto resolvido!\" \/>\n<meta name=\"robots\" content=\"index, follow, max-snippet:-1, max-image-preview:large, max-video-preview:-1\" \/>\n<link rel=\"canonical\" href=\"https:\/\/atividademapa.com\/?product=mapa-administracao-financeira-53-2024-2\" \/>\n<meta property=\"og:locale\" content=\"pt_BR\" \/>\n<meta property=\"og:type\" content=\"article\" \/>\n<meta property=\"og:title\" content=\"MAPA - Administra\u00e7\u00e3o Financeira 53\/2024\" \/>\n<meta property=\"og:description\" content=\"Atividade MAPA - Administra\u00e7\u00e3o Financeira 53\/2024 &#8902; Unicesumar. Baixe agora mesmo um Mapa Pronto resolvido!\" \/>\n<meta property=\"og:url\" content=\"https:\/\/atividademapa.com\/?product=mapa-administracao-financeira-53-2024-2\" \/>\n<meta property=\"og:site_name\" content=\"Atividade Mapa\" \/>\n<meta property=\"article:modified_time\" content=\"2024-09-15T16:38:18+00:00\" \/>\n<meta property=\"og:image\" content=\"https:\/\/i0.wp.com\/atividademapa.com\/wp-content\/uploads\/2023\/03\/Atividade-M.A.P.A-3.png?fit=300%2C300&ssl=1\" \/>\n\t<meta property=\"og:image:width\" content=\"300\" \/>\n\t<meta property=\"og:image:height\" content=\"300\" \/>\n\t<meta property=\"og:image:type\" content=\"image\/png\" \/>\n<meta name=\"twitter:card\" content=\"summary_large_image\" \/>\n<meta name=\"twitter:label1\" content=\"Est. tempo de leitura\" \/>\n\t<meta name=\"twitter:data1\" content=\"3 minutos\" \/>\n<script type=\"application\/ld+json\" class=\"yoast-schema-graph\">{\"@context\":\"https:\\\/\\\/schema.org\",\"@graph\":[{\"@type\":\"WebPage\",\"@id\":\"https:\\\/\\\/atividademapa.com\\\/?product=mapa-administracao-financeira-53-2024-2\",\"url\":\"https:\\\/\\\/atividademapa.com\\\/?product=mapa-administracao-financeira-53-2024-2\",\"name\":\"MAPA - Administra\u00e7\u00e3o Financeira 53\\\/2024\",\"isPartOf\":{\"@id\":\"https:\\\/\\\/atividademapa.com\\\/#website\"},\"primaryImageOfPage\":{\"@id\":\"https:\\\/\\\/atividademapa.com\\\/?product=mapa-administracao-financeira-53-2024-2#primaryimage\"},\"image\":{\"@id\":\"https:\\\/\\\/atividademapa.com\\\/?product=mapa-administracao-financeira-53-2024-2#primaryimage\"},\"thumbnailUrl\":\"https:\\\/\\\/i0.wp.com\\\/atividademapa.com\\\/wp-content\\\/uploads\\\/2023\\\/03\\\/Atividade-M.A.P.A-3.png?fit=300%2C300&ssl=1\",\"datePublished\":\"2024-09-15T16:38:05+00:00\",\"dateModified\":\"2024-09-15T16:38:18+00:00\",\"description\":\"Atividade MAPA - Administra\u00e7\u00e3o Financeira 53\\\/2024 &#8902; Unicesumar. Baixe agora mesmo um Mapa Pronto resolvido!\",\"breadcrumb\":{\"@id\":\"https:\\\/\\\/atividademapa.com\\\/?product=mapa-administracao-financeira-53-2024-2#breadcrumb\"},\"inLanguage\":\"pt-BR\",\"potentialAction\":[{\"@type\":\"ReadAction\",\"target\":[\"https:\\\/\\\/atividademapa.com\\\/?product=mapa-administracao-financeira-53-2024-2\"]}]},{\"@type\":\"ImageObject\",\"inLanguage\":\"pt-BR\",\"@id\":\"https:\\\/\\\/atividademapa.com\\\/?product=mapa-administracao-financeira-53-2024-2#primaryimage\",\"url\":\"https:\\\/\\\/i0.wp.com\\\/atividademapa.com\\\/wp-content\\\/uploads\\\/2023\\\/03\\\/Atividade-M.A.P.A-3.png?fit=300%2C300&ssl=1\",\"contentUrl\":\"https:\\\/\\\/i0.wp.com\\\/atividademapa.com\\\/wp-content\\\/uploads\\\/2023\\\/03\\\/Atividade-M.A.P.A-3.png?fit=300%2C300&ssl=1\",\"width\":300,\"height\":300,\"caption\":\"Mapa Unicesumar Atividade\"},{\"@type\":\"BreadcrumbList\",\"@id\":\"https:\\\/\\\/atividademapa.com\\\/?product=mapa-administracao-financeira-53-2024-2#breadcrumb\",\"itemListElement\":[{\"@type\":\"ListItem\",\"position\":1,\"name\":\"In\u00edcio\",\"item\":\"https:\\\/\\\/atividademapa.com\\\/\"},{\"@type\":\"ListItem\",\"position\":2,\"name\":\"MAPAS\",\"item\":\"https:\\\/\\\/atividademapa.com\\\/?page_id=5\"},{\"@type\":\"ListItem\",\"position\":3,\"name\":\"MAPA &#8211; Administra\u00e7\u00e3o Financeira 53\\\/2024\"}]},{\"@type\":\"WebSite\",\"@id\":\"https:\\\/\\\/atividademapa.com\\\/#website\",\"url\":\"https:\\\/\\\/atividademapa.com\\\/\",\"name\":\"Atividade Mapa\",\"description\":\"StudeO | Unicesumar\",\"publisher\":{\"@id\":\"https:\\\/\\\/atividademapa.com\\\/#organization\"},\"potentialAction\":[{\"@type\":\"SearchAction\",\"target\":{\"@type\":\"EntryPoint\",\"urlTemplate\":\"https:\\\/\\\/atividademapa.com\\\/?s={search_term_string}\"},\"query-input\":{\"@type\":\"PropertyValueSpecification\",\"valueRequired\":true,\"valueName\":\"search_term_string\"}}],\"inLanguage\":\"pt-BR\"},{\"@type\":\"Organization\",\"@id\":\"https:\\\/\\\/atividademapa.com\\\/#organization\",\"name\":\"Atividade MAPA\",\"url\":\"https:\\\/\\\/atividademapa.com\\\/\",\"logo\":{\"@type\":\"ImageObject\",\"inLanguage\":\"pt-BR\",\"@id\":\"https:\\\/\\\/atividademapa.com\\\/#\\\/schema\\\/logo\\\/image\\\/\",\"url\":\"https:\\\/\\\/i0.wp.com\\\/atividademapa.com\\\/wp-content\\\/uploads\\\/2023\\\/02\\\/ATIVIDADE.png?fit=600%2C300&ssl=1\",\"contentUrl\":\"https:\\\/\\\/i0.wp.com\\\/atividademapa.com\\\/wp-content\\\/uploads\\\/2023\\\/02\\\/ATIVIDADE.png?fit=600%2C300&ssl=1\",\"width\":600,\"height\":300,\"caption\":\"Atividade MAPA\"},\"image\":{\"@id\":\"https:\\\/\\\/atividademapa.com\\\/#\\\/schema\\\/logo\\\/image\\\/\"}}]}<\/script>\n<!-- \/ Yoast SEO plugin. -->","yoast_head_json":{"title":"MAPA - Administra\u00e7\u00e3o Financeira 53\/2024","description":"Atividade MAPA - Administra\u00e7\u00e3o Financeira 53\/2024 &#8902; Unicesumar. Baixe agora mesmo um Mapa Pronto resolvido!","robots":{"index":"index","follow":"follow","max-snippet":"max-snippet:-1","max-image-preview":"max-image-preview:large","max-video-preview":"max-video-preview:-1"},"canonical":"https:\/\/atividademapa.com\/?product=mapa-administracao-financeira-53-2024-2","og_locale":"pt_BR","og_type":"article","og_title":"MAPA - Administra\u00e7\u00e3o Financeira 53\/2024","og_description":"Atividade MAPA - Administra\u00e7\u00e3o Financeira 53\/2024 &#8902; Unicesumar. Baixe agora mesmo um Mapa Pronto resolvido!","og_url":"https:\/\/atividademapa.com\/?product=mapa-administracao-financeira-53-2024-2","og_site_name":"Atividade Mapa","article_modified_time":"2024-09-15T16:38:18+00:00","og_image":[{"width":300,"height":300,"url":"https:\/\/i0.wp.com\/atividademapa.com\/wp-content\/uploads\/2023\/03\/Atividade-M.A.P.A-3.png?fit=300%2C300&ssl=1","type":"image\/png"}],"twitter_card":"summary_large_image","twitter_misc":{"Est. tempo de leitura":"3 minutos"},"schema":{"@context":"https:\/\/schema.org","@graph":[{"@type":"WebPage","@id":"https:\/\/atividademapa.com\/?product=mapa-administracao-financeira-53-2024-2","url":"https:\/\/atividademapa.com\/?product=mapa-administracao-financeira-53-2024-2","name":"MAPA - Administra\u00e7\u00e3o Financeira 53\/2024","isPartOf":{"@id":"https:\/\/atividademapa.com\/#website"},"primaryImageOfPage":{"@id":"https:\/\/atividademapa.com\/?product=mapa-administracao-financeira-53-2024-2#primaryimage"},"image":{"@id":"https:\/\/atividademapa.com\/?product=mapa-administracao-financeira-53-2024-2#primaryimage"},"thumbnailUrl":"https:\/\/i0.wp.com\/atividademapa.com\/wp-content\/uploads\/2023\/03\/Atividade-M.A.P.A-3.png?fit=300%2C300&ssl=1","datePublished":"2024-09-15T16:38:05+00:00","dateModified":"2024-09-15T16:38:18+00:00","description":"Atividade MAPA - Administra\u00e7\u00e3o Financeira 53\/2024 &#8902; Unicesumar. Baixe agora mesmo um Mapa Pronto resolvido!","breadcrumb":{"@id":"https:\/\/atividademapa.com\/?product=mapa-administracao-financeira-53-2024-2#breadcrumb"},"inLanguage":"pt-BR","potentialAction":[{"@type":"ReadAction","target":["https:\/\/atividademapa.com\/?product=mapa-administracao-financeira-53-2024-2"]}]},{"@type":"ImageObject","inLanguage":"pt-BR","@id":"https:\/\/atividademapa.com\/?product=mapa-administracao-financeira-53-2024-2#primaryimage","url":"https:\/\/i0.wp.com\/atividademapa.com\/wp-content\/uploads\/2023\/03\/Atividade-M.A.P.A-3.png?fit=300%2C300&ssl=1","contentUrl":"https:\/\/i0.wp.com\/atividademapa.com\/wp-content\/uploads\/2023\/03\/Atividade-M.A.P.A-3.png?fit=300%2C300&ssl=1","width":300,"height":300,"caption":"Mapa Unicesumar Atividade"},{"@type":"BreadcrumbList","@id":"https:\/\/atividademapa.com\/?product=mapa-administracao-financeira-53-2024-2#breadcrumb","itemListElement":[{"@type":"ListItem","position":1,"name":"In\u00edcio","item":"https:\/\/atividademapa.com\/"},{"@type":"ListItem","position":2,"name":"MAPAS","item":"https:\/\/atividademapa.com\/?page_id=5"},{"@type":"ListItem","position":3,"name":"MAPA &#8211; Administra\u00e7\u00e3o Financeira 53\/2024"}]},{"@type":"WebSite","@id":"https:\/\/atividademapa.com\/#website","url":"https:\/\/atividademapa.com\/","name":"Atividade Mapa","description":"StudeO | Unicesumar","publisher":{"@id":"https:\/\/atividademapa.com\/#organization"},"potentialAction":[{"@type":"SearchAction","target":{"@type":"EntryPoint","urlTemplate":"https:\/\/atividademapa.com\/?s={search_term_string}"},"query-input":{"@type":"PropertyValueSpecification","valueRequired":true,"valueName":"search_term_string"}}],"inLanguage":"pt-BR"},{"@type":"Organization","@id":"https:\/\/atividademapa.com\/#organization","name":"Atividade MAPA","url":"https:\/\/atividademapa.com\/","logo":{"@type":"ImageObject","inLanguage":"pt-BR","@id":"https:\/\/atividademapa.com\/#\/schema\/logo\/image\/","url":"https:\/\/i0.wp.com\/atividademapa.com\/wp-content\/uploads\/2023\/02\/ATIVIDADE.png?fit=600%2C300&ssl=1","contentUrl":"https:\/\/i0.wp.com\/atividademapa.com\/wp-content\/uploads\/2023\/02\/ATIVIDADE.png?fit=600%2C300&ssl=1","width":600,"height":300,"caption":"Atividade MAPA"},"image":{"@id":"https:\/\/atividademapa.com\/#\/schema\/logo\/image\/"}}]}},"_links":{"self":[{"href":"https:\/\/atividademapa.com\/index.php?rest_route=\/wp\/v2\/product\/4652","targetHints":{"allow":["GET"]}}],"collection":[{"href":"https:\/\/atividademapa.com\/index.php?rest_route=\/wp\/v2\/product"}],"about":[{"href":"https:\/\/atividademapa.com\/index.php?rest_route=\/wp\/v2\/types\/product"}],"version-history":[{"count":1,"href":"https:\/\/atividademapa.com\/index.php?rest_route=\/wp\/v2\/product\/4652\/revisions"}],"predecessor-version":[{"id":4654,"href":"https:\/\/atividademapa.com\/index.php?rest_route=\/wp\/v2\/product\/4652\/revisions\/4654"}],"wp:featuredmedia":[{"embeddable":true,"href":"https:\/\/atividademapa.com\/index.php?rest_route=\/wp\/v2\/media\/2326"}],"wp:attachment":[{"href":"https:\/\/atividademapa.com\/index.php?rest_route=%2Fwp%2Fv2%2Fmedia&parent=4652"}],"wp:term":[{"taxonomy":"product_brand","embeddable":true,"href":"https:\/\/atividademapa.com\/index.php?rest_route=%2Fwp%2Fv2%2Fproduct_brand&post=4652"},{"taxonomy":"product_cat","embeddable":true,"href":"https:\/\/atividademapa.com\/index.php?rest_route=%2Fwp%2Fv2%2Fproduct_cat&post=4652"},{"taxonomy":"product_tag","embeddable":true,"href":"https:\/\/atividademapa.com\/index.php?rest_route=%2Fwp%2Fv2%2Fproduct_tag&post=4652"}],"curies":[{"name":"wp","href":"https:\/\/api.w.org\/{rel}","templated":true}]}}