{"id":4684,"date":"2024-09-18T16:38:30","date_gmt":"2024-09-18T19:38:30","guid":{"rendered":"https:\/\/atividademapa.com\/?post_type=product&#038;p=4684"},"modified":"2024-09-18T16:38:31","modified_gmt":"2024-09-18T19:38:31","slug":"mapa-logistica-internacional-53-2024","status":"publish","type":"product","link":"https:\/\/atividademapa.com\/?product=mapa-logistica-internacional-53-2024","title":{"rendered":"MAPA &#8211; Log\u00edstica Internacional &#8211; 53\/2024"},"content":{"rendered":"<p>Importa\u00e7\u00e3o nos portos do Paran\u00e1 cresce 14% nos cinco primeiros meses de 2024, impulsionada por trigo<\/p>\n<p>Os portos do Paran\u00e1 registraram aumento anual de 14% nas importa\u00e7\u00f5es nos primeiros cinco meses de 2024, passando de 9,074 milh\u00f5es de toneladas para 10,336 milh\u00f5es de toneladas, informou na quinta-feira, 20, a Portos do Paran\u00e1, \u00f3rg\u00e3o respons\u00e1vel pela administra\u00e7\u00e3o dos portos de Paranagu\u00e1 e Antonina, por onde acontece o escoamento mar\u00edtimo do estado. Entre as commodities que mais cresceram no per\u00edodo, destaca-se o trigo, com um aumento de 28% na movimenta\u00e7\u00e3o. A commodity passou de 134.607 toneladas no ano passado para 171.849 toneladas este ano \u2013 o crescimento foi impulsionado principalmente pela baixa qualidade do produto colhido no Brasil na \u00faltima safra. Segundo Luiz Fernando Garcia, diretor-presidente da Portos, a melhoria na infraestrutura das malhas ferrovi\u00e1ria e rodovi\u00e1ria que chegam at\u00e9 os portos paranaenses deve proporcionar condi\u00e7\u00f5es ainda mais favor\u00e1veis para a movimenta\u00e7\u00e3o.<br \/>\n&#8220;O estado est\u00e1 ampliando a infraestrutura portu\u00e1ria com a maior obra p\u00fablica do segmento no Brasil, no valor de R$ 600 milh\u00f5es. Para os pr\u00f3ximos sete anos, a expectativa \u00e9 de investimentos superiores a R$ 10 bilh\u00f5es na malha rodovi\u00e1ria&#8221;, afirmou. No Brasil, h\u00e1 atualmente 36 portos p\u00fablicos organizados, que englobam tanto aqueles administrados diretamente pela Uni\u00e3o Federal por meio das Companhias Docas quanto os geridos por entidades municipais, estaduais ou cons\u00f3rcios p\u00fablicos, conforme classifica\u00e7\u00e3o oficial. Para o segundo semestre, a expectativa \u00e9 de crescimento ainda maior por causa da vantagem comercial oferecida pelos portos do Paran\u00e1. \u201cO crescimento na importa\u00e7\u00e3o mostra que temos estrutura e log\u00edstica eficientes para operar estas cargas e atender a demanda de mercado&#8221;, disse Garcia.<\/p>\n<p>Fonte: https:\/\/exame.com\/agro\/importacao-nos-portos-do-parana-cresce-14-nos-cinco-primeiros-meses-de-2024-impulsionada-por-trigo. Acesso em: 1 jul. 2024.<\/p>\n<p>Nenhum pa\u00eds consegue ser autossuficiente em tudo, por isso exportam o excedente de suas produ\u00e7\u00f5es e acabam por importar os itens necess\u00e1rios para atender \u00e0s demandas nacionais. Assim, caro gestor, respondera \u00e0s quest\u00f5es a seguir:<\/p>\n<p>1. Qual o conceito de importa\u00e7\u00e3o?<br \/>\n2. Os portos fazem parte do Territ\u00f3rio Aduaneiro, o territ\u00f3rio aduaneiro s\u00e3o divididos em duas formas. Quais seriam elas e para que servem?<br \/>\n3. Atrav\u00e9s do material da disciplina, podemos listar alguns tipos de recintos alfandegados no Brasil. Cite no m\u00ednimo quatro tipos.<\/p>\n","protected":false},"excerpt":{"rendered":"<p>Importa\u00e7\u00e3o nos portos do Paran\u00e1 cresce 14% nos cinco primeiros meses de 2024, impulsionada por trigo Os portos do Paran\u00e1<\/p>\n","protected":false},"featured_media":2326,"template":"","meta":{"_monsterinsights_skip_tracking":false,"_monsterinsights_sitenote_active":false,"_monsterinsights_sitenote_note":"","_monsterinsights_sitenote_category":0},"product_brand":[],"product_cat":[32],"product_tag":[],"class_list":{"0":"post-4684","1":"product","2":"type-product","3":"status-publish","4":"has-post-thumbnail","6":"product_cat-logistica","8":"first","9":"instock","10":"downloadable","11":"virtual","12":"purchasable","13":"product-type-simple"},"yoast_head":"<!-- This site is optimized with the Yoast SEO plugin v27.4 - https:\/\/yoast.com\/product\/yoast-seo-wordpress\/ -->\n<title>MAPA - Log\u00edstica Internacional - 53\/2024<\/title>\n<meta name=\"description\" content=\"Atividade MAPA - Log\u00edstica Internacional - 53\/2024 &#8902; Unicesumar. Baixe agora mesmo um Mapa Pronto resolvido!\" \/>\n<meta name=\"robots\" content=\"index, follow, max-snippet:-1, max-image-preview:large, max-video-preview:-1\" \/>\n<link rel=\"canonical\" href=\"https:\/\/atividademapa.com\/?product=mapa-logistica-internacional-53-2024\" \/>\n<meta property=\"og:locale\" content=\"pt_BR\" \/>\n<meta property=\"og:type\" content=\"article\" \/>\n<meta property=\"og:title\" content=\"MAPA - Log\u00edstica Internacional - 53\/2024\" \/>\n<meta property=\"og:description\" content=\"Atividade MAPA - Log\u00edstica Internacional - 53\/2024 &#8902; Unicesumar. Baixe agora mesmo um Mapa Pronto resolvido!\" \/>\n<meta property=\"og:url\" content=\"https:\/\/atividademapa.com\/?product=mapa-logistica-internacional-53-2024\" \/>\n<meta property=\"og:site_name\" content=\"Atividade Mapa\" \/>\n<meta property=\"article:modified_time\" content=\"2024-09-18T19:38:31+00:00\" \/>\n<meta property=\"og:image\" content=\"https:\/\/i0.wp.com\/atividademapa.com\/wp-content\/uploads\/2023\/03\/Atividade-M.A.P.A-3.png?fit=300%2C300&ssl=1\" \/>\n\t<meta property=\"og:image:width\" content=\"300\" \/>\n\t<meta property=\"og:image:height\" content=\"300\" \/>\n\t<meta property=\"og:image:type\" content=\"image\/png\" \/>\n<meta name=\"twitter:card\" content=\"summary_large_image\" \/>\n<meta name=\"twitter:label1\" content=\"Est. tempo de leitura\" \/>\n\t<meta name=\"twitter:data1\" content=\"2 minutos\" \/>\n<script type=\"application\/ld+json\" class=\"yoast-schema-graph\">{\"@context\":\"https:\\\/\\\/schema.org\",\"@graph\":[{\"@type\":\"WebPage\",\"@id\":\"https:\\\/\\\/atividademapa.com\\\/?product=mapa-logistica-internacional-53-2024\",\"url\":\"https:\\\/\\\/atividademapa.com\\\/?product=mapa-logistica-internacional-53-2024\",\"name\":\"MAPA - Log\u00edstica Internacional - 53\\\/2024\",\"isPartOf\":{\"@id\":\"https:\\\/\\\/atividademapa.com\\\/#website\"},\"primaryImageOfPage\":{\"@id\":\"https:\\\/\\\/atividademapa.com\\\/?product=mapa-logistica-internacional-53-2024#primaryimage\"},\"image\":{\"@id\":\"https:\\\/\\\/atividademapa.com\\\/?product=mapa-logistica-internacional-53-2024#primaryimage\"},\"thumbnailUrl\":\"https:\\\/\\\/i0.wp.com\\\/atividademapa.com\\\/wp-content\\\/uploads\\\/2023\\\/03\\\/Atividade-M.A.P.A-3.png?fit=300%2C300&ssl=1\",\"datePublished\":\"2024-09-18T19:38:30+00:00\",\"dateModified\":\"2024-09-18T19:38:31+00:00\",\"description\":\"Atividade MAPA - Log\u00edstica Internacional - 53\\\/2024 &#8902; Unicesumar. Baixe agora mesmo um Mapa Pronto resolvido!\",\"breadcrumb\":{\"@id\":\"https:\\\/\\\/atividademapa.com\\\/?product=mapa-logistica-internacional-53-2024#breadcrumb\"},\"inLanguage\":\"pt-BR\",\"potentialAction\":[{\"@type\":\"ReadAction\",\"target\":[\"https:\\\/\\\/atividademapa.com\\\/?product=mapa-logistica-internacional-53-2024\"]}]},{\"@type\":\"ImageObject\",\"inLanguage\":\"pt-BR\",\"@id\":\"https:\\\/\\\/atividademapa.com\\\/?product=mapa-logistica-internacional-53-2024#primaryimage\",\"url\":\"https:\\\/\\\/i0.wp.com\\\/atividademapa.com\\\/wp-content\\\/uploads\\\/2023\\\/03\\\/Atividade-M.A.P.A-3.png?fit=300%2C300&ssl=1\",\"contentUrl\":\"https:\\\/\\\/i0.wp.com\\\/atividademapa.com\\\/wp-content\\\/uploads\\\/2023\\\/03\\\/Atividade-M.A.P.A-3.png?fit=300%2C300&ssl=1\",\"width\":300,\"height\":300,\"caption\":\"Mapa Unicesumar Atividade\"},{\"@type\":\"BreadcrumbList\",\"@id\":\"https:\\\/\\\/atividademapa.com\\\/?product=mapa-logistica-internacional-53-2024#breadcrumb\",\"itemListElement\":[{\"@type\":\"ListItem\",\"position\":1,\"name\":\"In\u00edcio\",\"item\":\"https:\\\/\\\/atividademapa.com\\\/\"},{\"@type\":\"ListItem\",\"position\":2,\"name\":\"MAPAS\",\"item\":\"https:\\\/\\\/atividademapa.com\\\/?page_id=5\"},{\"@type\":\"ListItem\",\"position\":3,\"name\":\"MAPA &#8211; Log\u00edstica Internacional &#8211; 53\\\/2024\"}]},{\"@type\":\"WebSite\",\"@id\":\"https:\\\/\\\/atividademapa.com\\\/#website\",\"url\":\"https:\\\/\\\/atividademapa.com\\\/\",\"name\":\"Atividade Mapa\",\"description\":\"StudeO | Unicesumar\",\"publisher\":{\"@id\":\"https:\\\/\\\/atividademapa.com\\\/#organization\"},\"potentialAction\":[{\"@type\":\"SearchAction\",\"target\":{\"@type\":\"EntryPoint\",\"urlTemplate\":\"https:\\\/\\\/atividademapa.com\\\/?s={search_term_string}\"},\"query-input\":{\"@type\":\"PropertyValueSpecification\",\"valueRequired\":true,\"valueName\":\"search_term_string\"}}],\"inLanguage\":\"pt-BR\"},{\"@type\":\"Organization\",\"@id\":\"https:\\\/\\\/atividademapa.com\\\/#organization\",\"name\":\"Atividade MAPA\",\"url\":\"https:\\\/\\\/atividademapa.com\\\/\",\"logo\":{\"@type\":\"ImageObject\",\"inLanguage\":\"pt-BR\",\"@id\":\"https:\\\/\\\/atividademapa.com\\\/#\\\/schema\\\/logo\\\/image\\\/\",\"url\":\"https:\\\/\\\/i0.wp.com\\\/atividademapa.com\\\/wp-content\\\/uploads\\\/2023\\\/02\\\/ATIVIDADE.png?fit=600%2C300&ssl=1\",\"contentUrl\":\"https:\\\/\\\/i0.wp.com\\\/atividademapa.com\\\/wp-content\\\/uploads\\\/2023\\\/02\\\/ATIVIDADE.png?fit=600%2C300&ssl=1\",\"width\":600,\"height\":300,\"caption\":\"Atividade MAPA\"},\"image\":{\"@id\":\"https:\\\/\\\/atividademapa.com\\\/#\\\/schema\\\/logo\\\/image\\\/\"}}]}<\/script>\n<!-- \/ Yoast SEO plugin. -->","yoast_head_json":{"title":"MAPA - Log\u00edstica Internacional - 53\/2024","description":"Atividade MAPA - Log\u00edstica Internacional - 53\/2024 &#8902; Unicesumar. Baixe agora mesmo um Mapa Pronto resolvido!","robots":{"index":"index","follow":"follow","max-snippet":"max-snippet:-1","max-image-preview":"max-image-preview:large","max-video-preview":"max-video-preview:-1"},"canonical":"https:\/\/atividademapa.com\/?product=mapa-logistica-internacional-53-2024","og_locale":"pt_BR","og_type":"article","og_title":"MAPA - Log\u00edstica Internacional - 53\/2024","og_description":"Atividade MAPA - Log\u00edstica Internacional - 53\/2024 &#8902; Unicesumar. Baixe agora mesmo um Mapa Pronto resolvido!","og_url":"https:\/\/atividademapa.com\/?product=mapa-logistica-internacional-53-2024","og_site_name":"Atividade Mapa","article_modified_time":"2024-09-18T19:38:31+00:00","og_image":[{"width":300,"height":300,"url":"https:\/\/i0.wp.com\/atividademapa.com\/wp-content\/uploads\/2023\/03\/Atividade-M.A.P.A-3.png?fit=300%2C300&ssl=1","type":"image\/png"}],"twitter_card":"summary_large_image","twitter_misc":{"Est. tempo de leitura":"2 minutos"},"schema":{"@context":"https:\/\/schema.org","@graph":[{"@type":"WebPage","@id":"https:\/\/atividademapa.com\/?product=mapa-logistica-internacional-53-2024","url":"https:\/\/atividademapa.com\/?product=mapa-logistica-internacional-53-2024","name":"MAPA - Log\u00edstica Internacional - 53\/2024","isPartOf":{"@id":"https:\/\/atividademapa.com\/#website"},"primaryImageOfPage":{"@id":"https:\/\/atividademapa.com\/?product=mapa-logistica-internacional-53-2024#primaryimage"},"image":{"@id":"https:\/\/atividademapa.com\/?product=mapa-logistica-internacional-53-2024#primaryimage"},"thumbnailUrl":"https:\/\/i0.wp.com\/atividademapa.com\/wp-content\/uploads\/2023\/03\/Atividade-M.A.P.A-3.png?fit=300%2C300&ssl=1","datePublished":"2024-09-18T19:38:30+00:00","dateModified":"2024-09-18T19:38:31+00:00","description":"Atividade MAPA - Log\u00edstica Internacional - 53\/2024 &#8902; Unicesumar. Baixe agora mesmo um Mapa Pronto resolvido!","breadcrumb":{"@id":"https:\/\/atividademapa.com\/?product=mapa-logistica-internacional-53-2024#breadcrumb"},"inLanguage":"pt-BR","potentialAction":[{"@type":"ReadAction","target":["https:\/\/atividademapa.com\/?product=mapa-logistica-internacional-53-2024"]}]},{"@type":"ImageObject","inLanguage":"pt-BR","@id":"https:\/\/atividademapa.com\/?product=mapa-logistica-internacional-53-2024#primaryimage","url":"https:\/\/i0.wp.com\/atividademapa.com\/wp-content\/uploads\/2023\/03\/Atividade-M.A.P.A-3.png?fit=300%2C300&ssl=1","contentUrl":"https:\/\/i0.wp.com\/atividademapa.com\/wp-content\/uploads\/2023\/03\/Atividade-M.A.P.A-3.png?fit=300%2C300&ssl=1","width":300,"height":300,"caption":"Mapa Unicesumar Atividade"},{"@type":"BreadcrumbList","@id":"https:\/\/atividademapa.com\/?product=mapa-logistica-internacional-53-2024#breadcrumb","itemListElement":[{"@type":"ListItem","position":1,"name":"In\u00edcio","item":"https:\/\/atividademapa.com\/"},{"@type":"ListItem","position":2,"name":"MAPAS","item":"https:\/\/atividademapa.com\/?page_id=5"},{"@type":"ListItem","position":3,"name":"MAPA &#8211; Log\u00edstica Internacional &#8211; 53\/2024"}]},{"@type":"WebSite","@id":"https:\/\/atividademapa.com\/#website","url":"https:\/\/atividademapa.com\/","name":"Atividade Mapa","description":"StudeO | Unicesumar","publisher":{"@id":"https:\/\/atividademapa.com\/#organization"},"potentialAction":[{"@type":"SearchAction","target":{"@type":"EntryPoint","urlTemplate":"https:\/\/atividademapa.com\/?s={search_term_string}"},"query-input":{"@type":"PropertyValueSpecification","valueRequired":true,"valueName":"search_term_string"}}],"inLanguage":"pt-BR"},{"@type":"Organization","@id":"https:\/\/atividademapa.com\/#organization","name":"Atividade MAPA","url":"https:\/\/atividademapa.com\/","logo":{"@type":"ImageObject","inLanguage":"pt-BR","@id":"https:\/\/atividademapa.com\/#\/schema\/logo\/image\/","url":"https:\/\/i0.wp.com\/atividademapa.com\/wp-content\/uploads\/2023\/02\/ATIVIDADE.png?fit=600%2C300&ssl=1","contentUrl":"https:\/\/i0.wp.com\/atividademapa.com\/wp-content\/uploads\/2023\/02\/ATIVIDADE.png?fit=600%2C300&ssl=1","width":600,"height":300,"caption":"Atividade MAPA"},"image":{"@id":"https:\/\/atividademapa.com\/#\/schema\/logo\/image\/"}}]}},"_links":{"self":[{"href":"https:\/\/atividademapa.com\/index.php?rest_route=\/wp\/v2\/product\/4684","targetHints":{"allow":["GET"]}}],"collection":[{"href":"https:\/\/atividademapa.com\/index.php?rest_route=\/wp\/v2\/product"}],"about":[{"href":"https:\/\/atividademapa.com\/index.php?rest_route=\/wp\/v2\/types\/product"}],"version-history":[{"count":1,"href":"https:\/\/atividademapa.com\/index.php?rest_route=\/wp\/v2\/product\/4684\/revisions"}],"predecessor-version":[{"id":4686,"href":"https:\/\/atividademapa.com\/index.php?rest_route=\/wp\/v2\/product\/4684\/revisions\/4686"}],"wp:featuredmedia":[{"embeddable":true,"href":"https:\/\/atividademapa.com\/index.php?rest_route=\/wp\/v2\/media\/2326"}],"wp:attachment":[{"href":"https:\/\/atividademapa.com\/index.php?rest_route=%2Fwp%2Fv2%2Fmedia&parent=4684"}],"wp:term":[{"taxonomy":"product_brand","embeddable":true,"href":"https:\/\/atividademapa.com\/index.php?rest_route=%2Fwp%2Fv2%2Fproduct_brand&post=4684"},{"taxonomy":"product_cat","embeddable":true,"href":"https:\/\/atividademapa.com\/index.php?rest_route=%2Fwp%2Fv2%2Fproduct_cat&post=4684"},{"taxonomy":"product_tag","embeddable":true,"href":"https:\/\/atividademapa.com\/index.php?rest_route=%2Fwp%2Fv2%2Fproduct_tag&post=4684"}],"curies":[{"name":"wp","href":"https:\/\/api.w.org\/{rel}","templated":true}]}}