{"id":4731,"date":"2024-09-24T10:07:32","date_gmt":"2024-09-24T13:07:32","guid":{"rendered":"https:\/\/atividademapa.com\/?post_type=product&#038;p=4731"},"modified":"2024-09-24T10:08:11","modified_gmt":"2024-09-24T13:08:11","slug":"mapa-seg-compliance-54_2024","status":"publish","type":"product","link":"https:\/\/atividademapa.com\/?product=mapa-seg-compliance-54_2024","title":{"rendered":"MAPA &#8211; SEG &#8211; COMPLIANCE &#8211; 54_2024"},"content":{"rendered":"<p>MAPA &#8211; SEG &#8211; COMPLIANCE &#8211; 54_2024<\/p>\n<p>A Lei Anticorrup\u00e7\u00e3o (Lei n\u00b0 12.846, de 1\u00b0 de agosto de 2013) \u00e9 atualmente regulamentada pelo Decreto n\u00b0 11.129, de 11 de julho de 2022. Este, em seu artigo 56, estabelece que, para seus fins, um \u201cprograma de integridade consiste, no \u00e2mbito de uma pessoa jur\u00eddica, no conjunto de mecanismos e procedimentos internos de integridade, auditoria e incentivo \u00e0 den\u00fancia de irregularidades e na aplica\u00e7\u00e3o efetiva de c\u00f3digos de \u00e9tica e de conduta, pol\u00edticas e diretrizes\u201d (Brasil, 2022).<\/p>\n<p>Fonte: https:\/\/www.planalto.gov.br\/cciviL_03\/\/\/\/_Ato2019-2022\/2022\/Decreto\/D11129.htm. Acesso em: 16 set. 2024.<\/p>\n<p>A Norma ABNT NBR ISO 37.301 (que trata dos Sistemas de Gest\u00e3o de Compliance) prev\u00ea em seu texto, ao tratar de processos e requisitos com orienta\u00e7\u00f5es para uso, que a norma \u00e9 aplic\u00e1vel a todos os tipos de organiza\u00e7\u00f5es, independentemente do tipo, porte e natureza da atividade, assim como se a organiza\u00e7\u00e3o \u00e9 do setor p\u00fablico, privado ou sem fins lucrativos. Ao fazer sua introdu\u00e7\u00e3o, inicia esclarecendo que organiza\u00e7\u00f5es que almejam ser bem-sucedidas a longo prazo precisam estabelecer e manter uma cultura de compliance, considerando as necessidades e expectativas das partes interessadas. O compliance n\u00e3o \u00e9, portanto, apenas a base, mas tamb\u00e9m uma oportunidade para uma organiza\u00e7\u00e3o bem-sucedida e sustent\u00e1vel.<\/p>\n<p>Fonte: adaptado de: ASSOCIA\u00c7\u00c3O BRASILEIRA DE NORMAS T\u00c9CNICAS (ABNT). NBR ISO 37301: Sistemas de gest\u00e3o de compliance \u2013 Requisitos e orienta\u00e7\u00f5es para uso. Rio de Janeiro, 2021.<\/p>\n<p>Agora, \u00e9 com voc\u00ea!<\/p>\n<p>Nesse contexto, e tendo por base que toda e qualquer empresa (independente do porte) pode ter compliance implantado e se beneficiar dele, apresente para uma lanchonete de uma cidade de m\u00e9dio porte, pelo menos, quatro a\u00e7\u00f5es\/ferramentas de compliance que possam ser implantadas no neg\u00f3cio.<\/p>\n<p>&nbsp;<\/p>\n","protected":false},"excerpt":{"rendered":"<p>MAPA &#8211; SEG &#8211; COMPLIANCE &#8211; 54_2024 A Lei Anticorrup\u00e7\u00e3o (Lei n\u00b0 12.846, de 1\u00b0 de agosto de 2013) \u00e9<\/p>\n","protected":false},"featured_media":2326,"template":"","meta":{"_monsterinsights_skip_tracking":false,"_monsterinsights_sitenote_active":false,"_monsterinsights_sitenote_note":"","_monsterinsights_sitenote_category":0},"product_brand":[],"product_cat":[113],"product_tag":[137],"class_list":{"0":"post-4731","1":"product","2":"type-product","3":"status-publish","4":"has-post-thumbnail","6":"product_cat-seguranca-do-trabalho","7":"product_tag-54-2024","9":"first","10":"instock","11":"downloadable","12":"virtual","13":"purchasable","14":"product-type-simple"},"yoast_head":"<!-- This site is optimized with the Yoast SEO plugin v27.4 - https:\/\/yoast.com\/product\/yoast-seo-wordpress\/ -->\n<title>MAPA - SEG - COMPLIANCE - 54_2024<\/title>\n<meta name=\"description\" content=\"Atividade MAPA - SEG - COMPLIANCE - 54_2024 &#8902; Unicesumar. Baixe agora mesmo um Mapa Pronto resolvido!\" \/>\n<meta name=\"robots\" content=\"index, follow, max-snippet:-1, max-image-preview:large, max-video-preview:-1\" \/>\n<link rel=\"canonical\" href=\"https:\/\/atividademapa.com\/?product=mapa-seg-compliance-54_2024\" \/>\n<meta property=\"og:locale\" content=\"pt_BR\" \/>\n<meta property=\"og:type\" content=\"article\" \/>\n<meta property=\"og:title\" content=\"MAPA - SEG - COMPLIANCE - 54_2024\" \/>\n<meta property=\"og:description\" content=\"Atividade MAPA - SEG - COMPLIANCE - 54_2024 &#8902; Unicesumar. Baixe agora mesmo um Mapa Pronto resolvido!\" \/>\n<meta property=\"og:url\" content=\"https:\/\/atividademapa.com\/?product=mapa-seg-compliance-54_2024\" \/>\n<meta property=\"og:site_name\" content=\"Atividade Mapa\" \/>\n<meta property=\"article:modified_time\" content=\"2024-09-24T13:08:11+00:00\" \/>\n<meta property=\"og:image\" content=\"https:\/\/i0.wp.com\/atividademapa.com\/wp-content\/uploads\/2023\/03\/Atividade-M.A.P.A-3.png?fit=300%2C300&ssl=1\" \/>\n\t<meta property=\"og:image:width\" content=\"300\" \/>\n\t<meta property=\"og:image:height\" content=\"300\" \/>\n\t<meta property=\"og:image:type\" content=\"image\/png\" \/>\n<meta name=\"twitter:card\" content=\"summary_large_image\" \/>\n<meta name=\"twitter:label1\" content=\"Est. tempo de leitura\" \/>\n\t<meta name=\"twitter:data1\" content=\"1 minuto\" \/>\n<script type=\"application\/ld+json\" class=\"yoast-schema-graph\">{\"@context\":\"https:\\\/\\\/schema.org\",\"@graph\":[{\"@type\":\"WebPage\",\"@id\":\"https:\\\/\\\/atividademapa.com\\\/?product=mapa-seg-compliance-54_2024\",\"url\":\"https:\\\/\\\/atividademapa.com\\\/?product=mapa-seg-compliance-54_2024\",\"name\":\"MAPA - SEG - COMPLIANCE - 54_2024\",\"isPartOf\":{\"@id\":\"https:\\\/\\\/atividademapa.com\\\/#website\"},\"primaryImageOfPage\":{\"@id\":\"https:\\\/\\\/atividademapa.com\\\/?product=mapa-seg-compliance-54_2024#primaryimage\"},\"image\":{\"@id\":\"https:\\\/\\\/atividademapa.com\\\/?product=mapa-seg-compliance-54_2024#primaryimage\"},\"thumbnailUrl\":\"https:\\\/\\\/i0.wp.com\\\/atividademapa.com\\\/wp-content\\\/uploads\\\/2023\\\/03\\\/Atividade-M.A.P.A-3.png?fit=300%2C300&ssl=1\",\"datePublished\":\"2024-09-24T13:07:32+00:00\",\"dateModified\":\"2024-09-24T13:08:11+00:00\",\"description\":\"Atividade MAPA - SEG - COMPLIANCE - 54_2024 &#8902; Unicesumar. Baixe agora mesmo um Mapa Pronto resolvido!\",\"breadcrumb\":{\"@id\":\"https:\\\/\\\/atividademapa.com\\\/?product=mapa-seg-compliance-54_2024#breadcrumb\"},\"inLanguage\":\"pt-BR\",\"potentialAction\":[{\"@type\":\"ReadAction\",\"target\":[\"https:\\\/\\\/atividademapa.com\\\/?product=mapa-seg-compliance-54_2024\"]}]},{\"@type\":\"ImageObject\",\"inLanguage\":\"pt-BR\",\"@id\":\"https:\\\/\\\/atividademapa.com\\\/?product=mapa-seg-compliance-54_2024#primaryimage\",\"url\":\"https:\\\/\\\/i0.wp.com\\\/atividademapa.com\\\/wp-content\\\/uploads\\\/2023\\\/03\\\/Atividade-M.A.P.A-3.png?fit=300%2C300&ssl=1\",\"contentUrl\":\"https:\\\/\\\/i0.wp.com\\\/atividademapa.com\\\/wp-content\\\/uploads\\\/2023\\\/03\\\/Atividade-M.A.P.A-3.png?fit=300%2C300&ssl=1\",\"width\":300,\"height\":300,\"caption\":\"Mapa Unicesumar Atividade\"},{\"@type\":\"BreadcrumbList\",\"@id\":\"https:\\\/\\\/atividademapa.com\\\/?product=mapa-seg-compliance-54_2024#breadcrumb\",\"itemListElement\":[{\"@type\":\"ListItem\",\"position\":1,\"name\":\"In\u00edcio\",\"item\":\"https:\\\/\\\/atividademapa.com\\\/\"},{\"@type\":\"ListItem\",\"position\":2,\"name\":\"MAPAS\",\"item\":\"https:\\\/\\\/atividademapa.com\\\/?page_id=5\"},{\"@type\":\"ListItem\",\"position\":3,\"name\":\"MAPA &#8211; SEG &#8211; COMPLIANCE &#8211; 54_2024\"}]},{\"@type\":\"WebSite\",\"@id\":\"https:\\\/\\\/atividademapa.com\\\/#website\",\"url\":\"https:\\\/\\\/atividademapa.com\\\/\",\"name\":\"Atividade Mapa\",\"description\":\"StudeO | Unicesumar\",\"publisher\":{\"@id\":\"https:\\\/\\\/atividademapa.com\\\/#organization\"},\"potentialAction\":[{\"@type\":\"SearchAction\",\"target\":{\"@type\":\"EntryPoint\",\"urlTemplate\":\"https:\\\/\\\/atividademapa.com\\\/?s={search_term_string}\"},\"query-input\":{\"@type\":\"PropertyValueSpecification\",\"valueRequired\":true,\"valueName\":\"search_term_string\"}}],\"inLanguage\":\"pt-BR\"},{\"@type\":\"Organization\",\"@id\":\"https:\\\/\\\/atividademapa.com\\\/#organization\",\"name\":\"Atividade MAPA\",\"url\":\"https:\\\/\\\/atividademapa.com\\\/\",\"logo\":{\"@type\":\"ImageObject\",\"inLanguage\":\"pt-BR\",\"@id\":\"https:\\\/\\\/atividademapa.com\\\/#\\\/schema\\\/logo\\\/image\\\/\",\"url\":\"https:\\\/\\\/i0.wp.com\\\/atividademapa.com\\\/wp-content\\\/uploads\\\/2023\\\/02\\\/ATIVIDADE.png?fit=600%2C300&ssl=1\",\"contentUrl\":\"https:\\\/\\\/i0.wp.com\\\/atividademapa.com\\\/wp-content\\\/uploads\\\/2023\\\/02\\\/ATIVIDADE.png?fit=600%2C300&ssl=1\",\"width\":600,\"height\":300,\"caption\":\"Atividade MAPA\"},\"image\":{\"@id\":\"https:\\\/\\\/atividademapa.com\\\/#\\\/schema\\\/logo\\\/image\\\/\"}}]}<\/script>\n<!-- \/ Yoast SEO plugin. -->","yoast_head_json":{"title":"MAPA - SEG - COMPLIANCE - 54_2024","description":"Atividade MAPA - SEG - COMPLIANCE - 54_2024 &#8902; Unicesumar. Baixe agora mesmo um Mapa Pronto resolvido!","robots":{"index":"index","follow":"follow","max-snippet":"max-snippet:-1","max-image-preview":"max-image-preview:large","max-video-preview":"max-video-preview:-1"},"canonical":"https:\/\/atividademapa.com\/?product=mapa-seg-compliance-54_2024","og_locale":"pt_BR","og_type":"article","og_title":"MAPA - SEG - COMPLIANCE - 54_2024","og_description":"Atividade MAPA - SEG - COMPLIANCE - 54_2024 &#8902; Unicesumar. Baixe agora mesmo um Mapa Pronto resolvido!","og_url":"https:\/\/atividademapa.com\/?product=mapa-seg-compliance-54_2024","og_site_name":"Atividade Mapa","article_modified_time":"2024-09-24T13:08:11+00:00","og_image":[{"width":300,"height":300,"url":"https:\/\/i0.wp.com\/atividademapa.com\/wp-content\/uploads\/2023\/03\/Atividade-M.A.P.A-3.png?fit=300%2C300&ssl=1","type":"image\/png"}],"twitter_card":"summary_large_image","twitter_misc":{"Est. tempo de leitura":"1 minuto"},"schema":{"@context":"https:\/\/schema.org","@graph":[{"@type":"WebPage","@id":"https:\/\/atividademapa.com\/?product=mapa-seg-compliance-54_2024","url":"https:\/\/atividademapa.com\/?product=mapa-seg-compliance-54_2024","name":"MAPA - SEG - COMPLIANCE - 54_2024","isPartOf":{"@id":"https:\/\/atividademapa.com\/#website"},"primaryImageOfPage":{"@id":"https:\/\/atividademapa.com\/?product=mapa-seg-compliance-54_2024#primaryimage"},"image":{"@id":"https:\/\/atividademapa.com\/?product=mapa-seg-compliance-54_2024#primaryimage"},"thumbnailUrl":"https:\/\/i0.wp.com\/atividademapa.com\/wp-content\/uploads\/2023\/03\/Atividade-M.A.P.A-3.png?fit=300%2C300&ssl=1","datePublished":"2024-09-24T13:07:32+00:00","dateModified":"2024-09-24T13:08:11+00:00","description":"Atividade MAPA - SEG - COMPLIANCE - 54_2024 &#8902; Unicesumar. Baixe agora mesmo um Mapa Pronto resolvido!","breadcrumb":{"@id":"https:\/\/atividademapa.com\/?product=mapa-seg-compliance-54_2024#breadcrumb"},"inLanguage":"pt-BR","potentialAction":[{"@type":"ReadAction","target":["https:\/\/atividademapa.com\/?product=mapa-seg-compliance-54_2024"]}]},{"@type":"ImageObject","inLanguage":"pt-BR","@id":"https:\/\/atividademapa.com\/?product=mapa-seg-compliance-54_2024#primaryimage","url":"https:\/\/i0.wp.com\/atividademapa.com\/wp-content\/uploads\/2023\/03\/Atividade-M.A.P.A-3.png?fit=300%2C300&ssl=1","contentUrl":"https:\/\/i0.wp.com\/atividademapa.com\/wp-content\/uploads\/2023\/03\/Atividade-M.A.P.A-3.png?fit=300%2C300&ssl=1","width":300,"height":300,"caption":"Mapa Unicesumar Atividade"},{"@type":"BreadcrumbList","@id":"https:\/\/atividademapa.com\/?product=mapa-seg-compliance-54_2024#breadcrumb","itemListElement":[{"@type":"ListItem","position":1,"name":"In\u00edcio","item":"https:\/\/atividademapa.com\/"},{"@type":"ListItem","position":2,"name":"MAPAS","item":"https:\/\/atividademapa.com\/?page_id=5"},{"@type":"ListItem","position":3,"name":"MAPA &#8211; SEG &#8211; COMPLIANCE &#8211; 54_2024"}]},{"@type":"WebSite","@id":"https:\/\/atividademapa.com\/#website","url":"https:\/\/atividademapa.com\/","name":"Atividade Mapa","description":"StudeO | Unicesumar","publisher":{"@id":"https:\/\/atividademapa.com\/#organization"},"potentialAction":[{"@type":"SearchAction","target":{"@type":"EntryPoint","urlTemplate":"https:\/\/atividademapa.com\/?s={search_term_string}"},"query-input":{"@type":"PropertyValueSpecification","valueRequired":true,"valueName":"search_term_string"}}],"inLanguage":"pt-BR"},{"@type":"Organization","@id":"https:\/\/atividademapa.com\/#organization","name":"Atividade MAPA","url":"https:\/\/atividademapa.com\/","logo":{"@type":"ImageObject","inLanguage":"pt-BR","@id":"https:\/\/atividademapa.com\/#\/schema\/logo\/image\/","url":"https:\/\/i0.wp.com\/atividademapa.com\/wp-content\/uploads\/2023\/02\/ATIVIDADE.png?fit=600%2C300&ssl=1","contentUrl":"https:\/\/i0.wp.com\/atividademapa.com\/wp-content\/uploads\/2023\/02\/ATIVIDADE.png?fit=600%2C300&ssl=1","width":600,"height":300,"caption":"Atividade MAPA"},"image":{"@id":"https:\/\/atividademapa.com\/#\/schema\/logo\/image\/"}}]}},"_links":{"self":[{"href":"https:\/\/atividademapa.com\/index.php?rest_route=\/wp\/v2\/product\/4731","targetHints":{"allow":["GET"]}}],"collection":[{"href":"https:\/\/atividademapa.com\/index.php?rest_route=\/wp\/v2\/product"}],"about":[{"href":"https:\/\/atividademapa.com\/index.php?rest_route=\/wp\/v2\/types\/product"}],"version-history":[{"count":1,"href":"https:\/\/atividademapa.com\/index.php?rest_route=\/wp\/v2\/product\/4731\/revisions"}],"predecessor-version":[{"id":4733,"href":"https:\/\/atividademapa.com\/index.php?rest_route=\/wp\/v2\/product\/4731\/revisions\/4733"}],"wp:featuredmedia":[{"embeddable":true,"href":"https:\/\/atividademapa.com\/index.php?rest_route=\/wp\/v2\/media\/2326"}],"wp:attachment":[{"href":"https:\/\/atividademapa.com\/index.php?rest_route=%2Fwp%2Fv2%2Fmedia&parent=4731"}],"wp:term":[{"taxonomy":"product_brand","embeddable":true,"href":"https:\/\/atividademapa.com\/index.php?rest_route=%2Fwp%2Fv2%2Fproduct_brand&post=4731"},{"taxonomy":"product_cat","embeddable":true,"href":"https:\/\/atividademapa.com\/index.php?rest_route=%2Fwp%2Fv2%2Fproduct_cat&post=4731"},{"taxonomy":"product_tag","embeddable":true,"href":"https:\/\/atividademapa.com\/index.php?rest_route=%2Fwp%2Fv2%2Fproduct_tag&post=4731"}],"curies":[{"name":"wp","href":"https:\/\/api.w.org\/{rel}","templated":true}]}}