{"id":4740,"date":"2024-10-05T12:50:56","date_gmt":"2024-10-05T15:50:56","guid":{"rendered":"https:\/\/atividademapa.com\/?post_type=product&#038;p=4740"},"modified":"2024-10-05T12:51:52","modified_gmt":"2024-10-05T15:51:52","slug":"mapa-imersao-profissional-atuacao-do-profissional-na-podologia-54_2024","status":"publish","type":"product","link":"https:\/\/atividademapa.com\/?product=mapa-imersao-profissional-atuacao-do-profissional-na-podologia-54_2024","title":{"rendered":"MAPA &#8211; IMERS\u00c3O PROFISSIONAL: ATUA\u00c7\u00c3O DO PROFISSIONAL NA PODOLOGIA &#8211; 54_2024"},"content":{"rendered":"<p>PORTF\u00d3LIO &#8211; POD &#8211; IMERS\u00c3O PROFISSIONAL: ATUA\u00c7\u00c3O DO PROFISSIONAL NA PODOLOGIA &#8211; 54_2024<\/p>\n<p class=\"ng-scope\">Ol\u00e1, aluno(a)!<\/p>\n<p class=\"ng-scope\">Seja bem-vindo (a) \u00e0\u00a0atividade MAPA da disciplina de Imers\u00e3o profissional: Atua\u00e7\u00e3o do Profissional na Podologia.<\/p>\n<p class=\"ng-scope\">Nessa disciplina foram abordadas algumas \u00e1reas de atua\u00e7\u00e3o profissional na Podologia, dentre elas a podologia esportiva.<\/p>\n<p class=\"ng-scope\">A podologia esportiva desempenha um papel crucial na preven\u00e7\u00e3o de les\u00f5es em atletas, oferecendo um enfoque especializado para manter os p\u00e9s e tornozelos em condi\u00e7\u00f5es ideais, sendo importante para a promo\u00e7\u00e3o da sa\u00fade de atletas. O cuidado preventivo come\u00e7a com uma avalia\u00e7\u00e3o detalhada da biomec\u00e2nica do p\u00e9 e do padr\u00e3o de marcha do atleta. Esta an\u00e1lise permite identificar desequil\u00edbrios e desvios que podem levar a problemas como fascite plantar, tendinites e fraturas por estresse.<\/p>\n<p class=\"ng-scope\">Os pod\u00f3logos esportivos trabalham na personaliza\u00e7\u00e3o de palmilhas ortop\u00e9dicas para corrigir esses desequil\u00edbrios, garantindo suporte adequado e alinhamento correto. Al\u00e9m disso, eles orientam sobre t\u00e9cnicas de aquecimento e alongamento espec\u00edficas para os p\u00e9s e tornozelos, ajudando a reduzir o risco de les\u00f5es durante atividades intensas.<\/p>\n<p class=\"ng-scope\">A educa\u00e7\u00e3o tamb\u00e9m \u00e9 uma parte fundamental da preven\u00e7\u00e3o, com o pod\u00f3logo fornecendo informa\u00e7\u00f5es sobre cal\u00e7ados apropriados e cuidados com os p\u00e9s. O uso de cal\u00e7ados inadequados pode exacerbar problemas biomec\u00e2nicos e levar a les\u00f5es. Portanto, escolher o cal\u00e7ado certo, baseado em an\u00e1lises biomec\u00e2nicas, \u00e9 essencial para minimizar riscos.<\/p>\n<p class=\"ng-scope\">Ao integrar esses cuidados e orienta\u00e7\u00f5es no treinamento regular dos atletas, a podologia esportiva contribui significativamente para a longevidade e o desempenho atl\u00e9tico, garantindo que os atletas possam treinar e competir com menor risco de les\u00f5es.<\/p>\n<p class=\"ng-scope\">Elaborado pela professora, 2024.<\/p>\n<p class=\"ng-scope\">Tendo como base o material da disciplina, responda ao que se pede:<\/p>\n<p class=\"ng-scope\">1- Como voc\u00ea p\u00f4de aprender nesta disciplina, a podologia esportiva \u00e9 um dos nichos de atua\u00e7\u00e3o dentro da profiss\u00e3o do podologista, assim como muitos outros. Discorra sobre a atua\u00e7\u00e3o da podologia, de maneira geral, no mercado de trabalho:<\/p>\n<p class=\"ng-scope\">2 &#8211; Como a an\u00e1lise biomec\u00e2nica auxilia a Podologia esportiva?<\/p>\n<p class=\"ng-scope\">3- Discorra sobre o papel do podologista esportivo:<\/p>\n<p class=\"ng-scope\">a) Na orienta\u00e7\u00e3o sobre cal\u00e7ados:<\/p>\n<p class=\"ng-scope\">b) No cuidado com as unhas e pele:<\/p>\n<p class=\"ng-scope\">c) No uso de \u00f3rteses e palmilhas:<\/p>\n<p class=\"ng-scope\">d) No tratamento de les\u00f5es:<\/p>\n","protected":false},"excerpt":{"rendered":"<p>PORTF\u00d3LIO &#8211; POD &#8211; IMERS\u00c3O PROFISSIONAL: ATUA\u00c7\u00c3O DO PROFISSIONAL NA PODOLOGIA &#8211; 54_2024 Ol\u00e1, aluno(a)! Seja bem-vindo (a) \u00e0\u00a0atividade MAPA<\/p>\n","protected":false},"featured_media":2326,"template":"","meta":{"_monsterinsights_skip_tracking":false,"_monsterinsights_sitenote_active":false,"_monsterinsights_sitenote_note":"","_monsterinsights_sitenote_category":0},"product_brand":[],"product_cat":[90],"product_tag":[],"class_list":{"0":"post-4740","1":"product","2":"type-product","3":"status-publish","4":"has-post-thumbnail","6":"product_cat-podologia","8":"first","9":"instock","10":"downloadable","11":"virtual","12":"purchasable","13":"product-type-simple"},"yoast_head":"<!-- This site is optimized with the Yoast SEO plugin v27.4 - https:\/\/yoast.com\/product\/yoast-seo-wordpress\/ -->\n<title>MAPA - IMERS\u00c3O PROFISSIONAL: ATUA\u00c7\u00c3O DO PROFISSIONAL NA PODOLOGIA - 54_2024<\/title>\n<meta name=\"description\" content=\"Atividade MAPA - IMERS\u00c3O PROFISSIONAL: ATUA\u00c7\u00c3O DO PROFISSIONAL NA PODOLOGIA - 54_2024 &#8902; Unicesumar. Baixe agora mesmo um Mapa Pronto resolvido!\" \/>\n<meta name=\"robots\" content=\"index, follow, max-snippet:-1, max-image-preview:large, max-video-preview:-1\" \/>\n<link rel=\"canonical\" href=\"https:\/\/atividademapa.com\/?product=mapa-imersao-profissional-atuacao-do-profissional-na-podologia-54_2024\" \/>\n<meta property=\"og:locale\" content=\"pt_BR\" \/>\n<meta property=\"og:type\" content=\"article\" \/>\n<meta property=\"og:title\" content=\"MAPA - IMERS\u00c3O PROFISSIONAL: ATUA\u00c7\u00c3O DO PROFISSIONAL NA PODOLOGIA - 54_2024\" \/>\n<meta property=\"og:description\" content=\"Atividade MAPA - IMERS\u00c3O PROFISSIONAL: ATUA\u00c7\u00c3O DO PROFISSIONAL NA PODOLOGIA - 54_2024 &#8902; Unicesumar. Baixe agora mesmo um Mapa Pronto resolvido!\" \/>\n<meta property=\"og:url\" content=\"https:\/\/atividademapa.com\/?product=mapa-imersao-profissional-atuacao-do-profissional-na-podologia-54_2024\" \/>\n<meta property=\"og:site_name\" content=\"Atividade Mapa\" \/>\n<meta property=\"article:modified_time\" content=\"2024-10-05T15:51:52+00:00\" \/>\n<meta property=\"og:image\" content=\"https:\/\/i0.wp.com\/atividademapa.com\/wp-content\/uploads\/2023\/03\/Atividade-M.A.P.A-3.png?fit=300%2C300&ssl=1\" \/>\n\t<meta property=\"og:image:width\" content=\"300\" \/>\n\t<meta property=\"og:image:height\" content=\"300\" \/>\n\t<meta property=\"og:image:type\" content=\"image\/png\" \/>\n<meta name=\"twitter:card\" content=\"summary_large_image\" \/>\n<meta name=\"twitter:label1\" content=\"Est. tempo de leitura\" \/>\n\t<meta name=\"twitter:data1\" content=\"2 minutos\" \/>\n<script type=\"application\/ld+json\" class=\"yoast-schema-graph\">{\"@context\":\"https:\\\/\\\/schema.org\",\"@graph\":[{\"@type\":\"WebPage\",\"@id\":\"https:\\\/\\\/atividademapa.com\\\/?product=mapa-imersao-profissional-atuacao-do-profissional-na-podologia-54_2024\",\"url\":\"https:\\\/\\\/atividademapa.com\\\/?product=mapa-imersao-profissional-atuacao-do-profissional-na-podologia-54_2024\",\"name\":\"MAPA - IMERS\u00c3O PROFISSIONAL: ATUA\u00c7\u00c3O DO PROFISSIONAL NA PODOLOGIA - 54_2024\",\"isPartOf\":{\"@id\":\"https:\\\/\\\/atividademapa.com\\\/#website\"},\"primaryImageOfPage\":{\"@id\":\"https:\\\/\\\/atividademapa.com\\\/?product=mapa-imersao-profissional-atuacao-do-profissional-na-podologia-54_2024#primaryimage\"},\"image\":{\"@id\":\"https:\\\/\\\/atividademapa.com\\\/?product=mapa-imersao-profissional-atuacao-do-profissional-na-podologia-54_2024#primaryimage\"},\"thumbnailUrl\":\"https:\\\/\\\/i0.wp.com\\\/atividademapa.com\\\/wp-content\\\/uploads\\\/2023\\\/03\\\/Atividade-M.A.P.A-3.png?fit=300%2C300&ssl=1\",\"datePublished\":\"2024-10-05T15:50:56+00:00\",\"dateModified\":\"2024-10-05T15:51:52+00:00\",\"description\":\"Atividade MAPA - IMERS\u00c3O PROFISSIONAL: ATUA\u00c7\u00c3O DO PROFISSIONAL NA PODOLOGIA - 54_2024 &#8902; Unicesumar. Baixe agora mesmo um Mapa Pronto resolvido!\",\"breadcrumb\":{\"@id\":\"https:\\\/\\\/atividademapa.com\\\/?product=mapa-imersao-profissional-atuacao-do-profissional-na-podologia-54_2024#breadcrumb\"},\"inLanguage\":\"pt-BR\",\"potentialAction\":[{\"@type\":\"ReadAction\",\"target\":[\"https:\\\/\\\/atividademapa.com\\\/?product=mapa-imersao-profissional-atuacao-do-profissional-na-podologia-54_2024\"]}]},{\"@type\":\"ImageObject\",\"inLanguage\":\"pt-BR\",\"@id\":\"https:\\\/\\\/atividademapa.com\\\/?product=mapa-imersao-profissional-atuacao-do-profissional-na-podologia-54_2024#primaryimage\",\"url\":\"https:\\\/\\\/i0.wp.com\\\/atividademapa.com\\\/wp-content\\\/uploads\\\/2023\\\/03\\\/Atividade-M.A.P.A-3.png?fit=300%2C300&ssl=1\",\"contentUrl\":\"https:\\\/\\\/i0.wp.com\\\/atividademapa.com\\\/wp-content\\\/uploads\\\/2023\\\/03\\\/Atividade-M.A.P.A-3.png?fit=300%2C300&ssl=1\",\"width\":300,\"height\":300,\"caption\":\"Mapa Unicesumar Atividade\"},{\"@type\":\"BreadcrumbList\",\"@id\":\"https:\\\/\\\/atividademapa.com\\\/?product=mapa-imersao-profissional-atuacao-do-profissional-na-podologia-54_2024#breadcrumb\",\"itemListElement\":[{\"@type\":\"ListItem\",\"position\":1,\"name\":\"In\u00edcio\",\"item\":\"https:\\\/\\\/atividademapa.com\\\/\"},{\"@type\":\"ListItem\",\"position\":2,\"name\":\"MAPAS\",\"item\":\"https:\\\/\\\/atividademapa.com\\\/?page_id=5\"},{\"@type\":\"ListItem\",\"position\":3,\"name\":\"MAPA &#8211; IMERS\u00c3O PROFISSIONAL: ATUA\u00c7\u00c3O DO PROFISSIONAL NA PODOLOGIA &#8211; 54_2024\"}]},{\"@type\":\"WebSite\",\"@id\":\"https:\\\/\\\/atividademapa.com\\\/#website\",\"url\":\"https:\\\/\\\/atividademapa.com\\\/\",\"name\":\"Atividade Mapa\",\"description\":\"StudeO | Unicesumar\",\"publisher\":{\"@id\":\"https:\\\/\\\/atividademapa.com\\\/#organization\"},\"potentialAction\":[{\"@type\":\"SearchAction\",\"target\":{\"@type\":\"EntryPoint\",\"urlTemplate\":\"https:\\\/\\\/atividademapa.com\\\/?s={search_term_string}\"},\"query-input\":{\"@type\":\"PropertyValueSpecification\",\"valueRequired\":true,\"valueName\":\"search_term_string\"}}],\"inLanguage\":\"pt-BR\"},{\"@type\":\"Organization\",\"@id\":\"https:\\\/\\\/atividademapa.com\\\/#organization\",\"name\":\"Atividade MAPA\",\"url\":\"https:\\\/\\\/atividademapa.com\\\/\",\"logo\":{\"@type\":\"ImageObject\",\"inLanguage\":\"pt-BR\",\"@id\":\"https:\\\/\\\/atividademapa.com\\\/#\\\/schema\\\/logo\\\/image\\\/\",\"url\":\"https:\\\/\\\/i0.wp.com\\\/atividademapa.com\\\/wp-content\\\/uploads\\\/2023\\\/02\\\/ATIVIDADE.png?fit=600%2C300&ssl=1\",\"contentUrl\":\"https:\\\/\\\/i0.wp.com\\\/atividademapa.com\\\/wp-content\\\/uploads\\\/2023\\\/02\\\/ATIVIDADE.png?fit=600%2C300&ssl=1\",\"width\":600,\"height\":300,\"caption\":\"Atividade MAPA\"},\"image\":{\"@id\":\"https:\\\/\\\/atividademapa.com\\\/#\\\/schema\\\/logo\\\/image\\\/\"}}]}<\/script>\n<!-- \/ Yoast SEO plugin. -->","yoast_head_json":{"title":"MAPA - IMERS\u00c3O PROFISSIONAL: ATUA\u00c7\u00c3O DO PROFISSIONAL NA PODOLOGIA - 54_2024","description":"Atividade MAPA - IMERS\u00c3O PROFISSIONAL: ATUA\u00c7\u00c3O DO PROFISSIONAL NA PODOLOGIA - 54_2024 &#8902; Unicesumar. Baixe agora mesmo um Mapa Pronto resolvido!","robots":{"index":"index","follow":"follow","max-snippet":"max-snippet:-1","max-image-preview":"max-image-preview:large","max-video-preview":"max-video-preview:-1"},"canonical":"https:\/\/atividademapa.com\/?product=mapa-imersao-profissional-atuacao-do-profissional-na-podologia-54_2024","og_locale":"pt_BR","og_type":"article","og_title":"MAPA - IMERS\u00c3O PROFISSIONAL: ATUA\u00c7\u00c3O DO PROFISSIONAL NA PODOLOGIA - 54_2024","og_description":"Atividade MAPA - IMERS\u00c3O PROFISSIONAL: ATUA\u00c7\u00c3O DO PROFISSIONAL NA PODOLOGIA - 54_2024 &#8902; Unicesumar. Baixe agora mesmo um Mapa Pronto resolvido!","og_url":"https:\/\/atividademapa.com\/?product=mapa-imersao-profissional-atuacao-do-profissional-na-podologia-54_2024","og_site_name":"Atividade Mapa","article_modified_time":"2024-10-05T15:51:52+00:00","og_image":[{"width":300,"height":300,"url":"https:\/\/i0.wp.com\/atividademapa.com\/wp-content\/uploads\/2023\/03\/Atividade-M.A.P.A-3.png?fit=300%2C300&ssl=1","type":"image\/png"}],"twitter_card":"summary_large_image","twitter_misc":{"Est. tempo de leitura":"2 minutos"},"schema":{"@context":"https:\/\/schema.org","@graph":[{"@type":"WebPage","@id":"https:\/\/atividademapa.com\/?product=mapa-imersao-profissional-atuacao-do-profissional-na-podologia-54_2024","url":"https:\/\/atividademapa.com\/?product=mapa-imersao-profissional-atuacao-do-profissional-na-podologia-54_2024","name":"MAPA - IMERS\u00c3O PROFISSIONAL: ATUA\u00c7\u00c3O DO PROFISSIONAL NA PODOLOGIA - 54_2024","isPartOf":{"@id":"https:\/\/atividademapa.com\/#website"},"primaryImageOfPage":{"@id":"https:\/\/atividademapa.com\/?product=mapa-imersao-profissional-atuacao-do-profissional-na-podologia-54_2024#primaryimage"},"image":{"@id":"https:\/\/atividademapa.com\/?product=mapa-imersao-profissional-atuacao-do-profissional-na-podologia-54_2024#primaryimage"},"thumbnailUrl":"https:\/\/i0.wp.com\/atividademapa.com\/wp-content\/uploads\/2023\/03\/Atividade-M.A.P.A-3.png?fit=300%2C300&ssl=1","datePublished":"2024-10-05T15:50:56+00:00","dateModified":"2024-10-05T15:51:52+00:00","description":"Atividade MAPA - IMERS\u00c3O PROFISSIONAL: ATUA\u00c7\u00c3O DO PROFISSIONAL NA PODOLOGIA - 54_2024 &#8902; Unicesumar. Baixe agora mesmo um Mapa Pronto resolvido!","breadcrumb":{"@id":"https:\/\/atividademapa.com\/?product=mapa-imersao-profissional-atuacao-do-profissional-na-podologia-54_2024#breadcrumb"},"inLanguage":"pt-BR","potentialAction":[{"@type":"ReadAction","target":["https:\/\/atividademapa.com\/?product=mapa-imersao-profissional-atuacao-do-profissional-na-podologia-54_2024"]}]},{"@type":"ImageObject","inLanguage":"pt-BR","@id":"https:\/\/atividademapa.com\/?product=mapa-imersao-profissional-atuacao-do-profissional-na-podologia-54_2024#primaryimage","url":"https:\/\/i0.wp.com\/atividademapa.com\/wp-content\/uploads\/2023\/03\/Atividade-M.A.P.A-3.png?fit=300%2C300&ssl=1","contentUrl":"https:\/\/i0.wp.com\/atividademapa.com\/wp-content\/uploads\/2023\/03\/Atividade-M.A.P.A-3.png?fit=300%2C300&ssl=1","width":300,"height":300,"caption":"Mapa Unicesumar Atividade"},{"@type":"BreadcrumbList","@id":"https:\/\/atividademapa.com\/?product=mapa-imersao-profissional-atuacao-do-profissional-na-podologia-54_2024#breadcrumb","itemListElement":[{"@type":"ListItem","position":1,"name":"In\u00edcio","item":"https:\/\/atividademapa.com\/"},{"@type":"ListItem","position":2,"name":"MAPAS","item":"https:\/\/atividademapa.com\/?page_id=5"},{"@type":"ListItem","position":3,"name":"MAPA &#8211; IMERS\u00c3O PROFISSIONAL: ATUA\u00c7\u00c3O DO PROFISSIONAL NA PODOLOGIA &#8211; 54_2024"}]},{"@type":"WebSite","@id":"https:\/\/atividademapa.com\/#website","url":"https:\/\/atividademapa.com\/","name":"Atividade Mapa","description":"StudeO | Unicesumar","publisher":{"@id":"https:\/\/atividademapa.com\/#organization"},"potentialAction":[{"@type":"SearchAction","target":{"@type":"EntryPoint","urlTemplate":"https:\/\/atividademapa.com\/?s={search_term_string}"},"query-input":{"@type":"PropertyValueSpecification","valueRequired":true,"valueName":"search_term_string"}}],"inLanguage":"pt-BR"},{"@type":"Organization","@id":"https:\/\/atividademapa.com\/#organization","name":"Atividade MAPA","url":"https:\/\/atividademapa.com\/","logo":{"@type":"ImageObject","inLanguage":"pt-BR","@id":"https:\/\/atividademapa.com\/#\/schema\/logo\/image\/","url":"https:\/\/i0.wp.com\/atividademapa.com\/wp-content\/uploads\/2023\/02\/ATIVIDADE.png?fit=600%2C300&ssl=1","contentUrl":"https:\/\/i0.wp.com\/atividademapa.com\/wp-content\/uploads\/2023\/02\/ATIVIDADE.png?fit=600%2C300&ssl=1","width":600,"height":300,"caption":"Atividade MAPA"},"image":{"@id":"https:\/\/atividademapa.com\/#\/schema\/logo\/image\/"}}]}},"_links":{"self":[{"href":"https:\/\/atividademapa.com\/index.php?rest_route=\/wp\/v2\/product\/4740","targetHints":{"allow":["GET"]}}],"collection":[{"href":"https:\/\/atividademapa.com\/index.php?rest_route=\/wp\/v2\/product"}],"about":[{"href":"https:\/\/atividademapa.com\/index.php?rest_route=\/wp\/v2\/types\/product"}],"version-history":[{"count":1,"href":"https:\/\/atividademapa.com\/index.php?rest_route=\/wp\/v2\/product\/4740\/revisions"}],"predecessor-version":[{"id":4742,"href":"https:\/\/atividademapa.com\/index.php?rest_route=\/wp\/v2\/product\/4740\/revisions\/4742"}],"wp:featuredmedia":[{"embeddable":true,"href":"https:\/\/atividademapa.com\/index.php?rest_route=\/wp\/v2\/media\/2326"}],"wp:attachment":[{"href":"https:\/\/atividademapa.com\/index.php?rest_route=%2Fwp%2Fv2%2Fmedia&parent=4740"}],"wp:term":[{"taxonomy":"product_brand","embeddable":true,"href":"https:\/\/atividademapa.com\/index.php?rest_route=%2Fwp%2Fv2%2Fproduct_brand&post=4740"},{"taxonomy":"product_cat","embeddable":true,"href":"https:\/\/atividademapa.com\/index.php?rest_route=%2Fwp%2Fv2%2Fproduct_cat&post=4740"},{"taxonomy":"product_tag","embeddable":true,"href":"https:\/\/atividademapa.com\/index.php?rest_route=%2Fwp%2Fv2%2Fproduct_tag&post=4740"}],"curies":[{"name":"wp","href":"https:\/\/api.w.org\/{rel}","templated":true}]}}